{"id":21790,"date":"2023-02-10T15:07:15","date_gmt":"2023-02-10T15:07:15","guid":{"rendered":"https:\/\/atami.com\/product\/ata-nrg-flavor\/"},"modified":"2025-11-10T15:09:45","modified_gmt":"2025-11-10T13:09:45","slug":"ata-nrg-flavor","status":"publish","type":"product","link":"https:\/\/atami.com\/fr\/produit\/ata-nrg-flavor","title":{"rendered":"ATA NRG Flavor"},"content":{"rendered":"<p><strong>Cet additif de floraison \u00e0 base de m\u00e9lasse de betterave est riche en potassium (K). ATA NRG Flavor stimule la capacit\u00e9 des plantes \u00e0 fleurir et g\u00e9n\u00e8re des fleurs exub\u00e9rantes.<\/strong><\/p>\n<p>&nbsp;<\/p>\n<p>Le potassium favorise une circulation optimale de la s\u00e8ve dans la plante, celle-ci d\u00e9veloppera alors une tige et des branches robustes, aboutissant finalement \u00e0 une meilleure r\u00e9colte. L\u2019ajout de l\u2019additif ATA NRG Flavor \u00e0 votre nutrition v\u00e9g\u00e9tale habituelle aura aussi un effet positif sur la saveur et sur l\u2019odeur de vos produits finaux.<\/p>\n<p>&nbsp;<\/p>\n<p><strong>ADAPT\u00c9 POUR<\/strong><br \/>\nDiff\u00e9rents types de l\u00e9gumes et de fruits comme les poivrons, les tomates cerises, les fraises, les melons, les framboises, etc.<\/p>\n<p>&nbsp;<\/p>\n<p><strong>UTILISATION<\/strong><br \/>\nAjouter lors des 2 derni\u00e8res semaines de la phase de floraison. ATA NRG Flavor convient \u00e0 tous les substrats et est directement absorbable par la plante. C\u2019est un engrais id\u00e9al pour faire pousser presque toutes les cultures en substrats de terre, hydro ou coco. En cas d\u2019utilisation de syst\u00e8mes d\u2019irrigation, ATA NRG Flavor ne peut \u00eatre administr\u00e9 que manuellement avec un arrosoir. Dans le cas contraire, il y a un risque d\u2019obstruction.<\/p>\n<p>&nbsp;<\/p>\n<p><strong>DOSAGE<\/strong><br \/>\nEn compl\u00e9ment de la nutrition : 0,5 \u2013 1 ml par litre d\u2019eau.<\/p>\n<p>&nbsp;<\/p>\n<p><strong>K 7 W\/W<\/strong><\/p>\n<p>&nbsp;<\/p>\n<p><strong>DISPONIBLE EN 1 L, 5 L<\/strong><\/p>\n","protected":false},"excerpt":{"rendered":"<p>Nutriments essentiels<\/p>\n<p>Am\u00e9liore l\u2019ar\u00f4me et le go\u00fbt<\/p>\n","protected":false},"featured_media":23971,"comment_status":"closed","ping_status":"closed","template":"","meta":{"_acf_changed":false,"iawp_total_views":173},"product_brand":[],"product_cat":[181,182],"product_tag":[],"class_list":{"0":"post-21790","1":"product","2":"type-product","3":"status-publish","4":"has-post-thumbnail","6":"product_cat-additifs","7":"product_cat-ata-nrg","9":"first","10":"instock","11":"shipping-taxable","12":"product-type-simple"},"acf":{"short_description":"<p><strong>Cet additif de floraison \u00e0 base de m\u00e9lasse de betterave est riche en potassium (K). ATA NRG Flavor stimule la capacit\u00e9 des plantes \u00e0 fleurir et g\u00e9n\u00e8re des fleurs exub\u00e9rantes.<\/strong><\/p><p>&nbsp;<\/p><p>Le potassium favorise une circulation optimale de la s\u00e8ve dans la plante, celle-ci d\u00e9veloppera alors une tige et des branches robustes, aboutissant finalement \u00e0 une meilleure r\u00e9colte. L\u2019ajout de l\u2019additif ATA NRG Flavor \u00e0 votre nutrition v\u00e9g\u00e9tale habituelle aura aussi un effet positif sur la saveur et sur l\u2019odeur de vos produits finaux.<\/p>","suitable_for":"<p>Diff\u00e9rents types de l\u00e9gumes et de fruits comme les poivrons, les tomates cerises, les fraises, les melons, les framboises, etc.<\/p>","application":"<p>Ajouter lors des 2 derni\u00e8res semaines de la phase de floraison. ATA NRG Flavor convient \u00e0 tous les substrats et est directement absorbable par la plante. C\u2019est un engrais id\u00e9al pour faire pousser presque toutes les cultures en substrats de terre, hydro ou coco. En cas d\u2019utilisation de syst\u00e8mes d\u2019irrigation, ATA NRG Flavor ne peut \u00eatre administr\u00e9 que manuellement avec un arrosoir. Dans le cas contraire, il y a un risque d\u2019obstruction.<\/p>","dosage":"<p>En compl\u00e9ment de la nutrition : 0,5 \u2013 1 ml par litre d\u2019eau.<\/p>","npk_ratio":"<p>K 7 W\/W<\/p>","available_in":"<p>1 L, 5 L<\/p>","icon_1":2127,"icon_1_text":"ADAPT\u00c9 \u00c0 TOUS LES SUBSTRATS","icon_2":2131,"icon_2_text":"STIMULE LA PRODUCTION DE SUCRE DANS LA FLEUR","icon_3":2135,"icon_3_text":"UNE FLORAISON EXUBERANTE","icon_4":"","icon_4_text":"","video":"","second_image":2123,"product_image_page":4106,"user_manual":"","new_icon_1":"","new_icon_2":"","new_icon_3":"","new_icon_4":"","grow_guides":"","category":"Additif"},"yoast_head":"<!-- This site is optimized with the Yoast SEO Premium plugin v27.5 (Yoast SEO v27.5) - https:\/\/yoast.com\/product\/yoast-seo-premium-wordpress\/ -->\n<title>ATA NRG Flavor \u2013 Boostez le go\u00fbt de vos cultures avec ce stimulant naturel<\/title>\n<meta name=\"description\" content=\"D\u00e9couvrez ATA NRG Flavor, le produit Atami qui am\u00e9liore le go\u00fbt de vos cultures. Id\u00e9al pour des r\u00e9coltes savoureuses, il stimule le d\u00e9veloppement des ar\u00f4mes tout en optimisant la qualit\u00e9 de votre r\u00e9colte. Offrez \u00e0 vos plantes le meilleur !\" \/>\n<meta name=\"robots\" content=\"index, follow, max-snippet:-1, max-image-preview:large, max-video-preview:-1\" \/>\n<link rel=\"canonical\" href=\"https:\/\/atami.com\/fr\/produit\/ata-nrg-flavor\" \/>\n<meta property=\"og:locale\" content=\"fr_FR\" \/>\n<meta property=\"og:type\" content=\"article\" \/>\n<meta property=\"og:title\" content=\"ATA NRG Flavor\" \/>\n<meta property=\"og:description\" content=\"D\u00e9couvrez ATA NRG Flavor, le produit Atami qui am\u00e9liore le go\u00fbt de vos cultures. Id\u00e9al pour des r\u00e9coltes savoureuses, il stimule le d\u00e9veloppement des ar\u00f4mes tout en optimisant la qualit\u00e9 de votre r\u00e9colte. Offrez \u00e0 vos plantes le meilleur !\" \/>\n<meta property=\"og:url\" content=\"https:\/\/atami.com\/fr\/produit\/ata-nrg-flavor\" \/>\n<meta property=\"og:site_name\" content=\"Atami\" \/>\n<meta property=\"article:publisher\" content=\"https:\/\/www.facebook.com\/Atami.International\" \/>\n<meta property=\"article:modified_time\" content=\"2025-11-10T13:09:45+00:00\" \/>\n<meta property=\"og:image\" content=\"https:\/\/atami.com\/wp-content\/uploads\/2023\/02\/ATA-NRG-Flavor-Main-Image.webp\" \/>\n\t<meta property=\"og:image:width\" content=\"1080\" \/>\n\t<meta property=\"og:image:height\" content=\"1080\" \/>\n\t<meta property=\"og:image:type\" content=\"image\/webp\" \/>\n<meta name=\"twitter:card\" content=\"summary_large_image\" \/>\n<meta name=\"twitter:site\" content=\"@AtamiEU\" \/>\n<meta name=\"twitter:label1\" content=\"Dur\u00e9e de lecture estim\u00e9e\" \/>\n\t<meta name=\"twitter:data1\" content=\"2 minutes\" \/>\n<script type=\"application\/ld+json\" class=\"yoast-schema-graph\">{\"@context\":\"https:\\\/\\\/schema.org\",\"@graph\":[{\"@type\":\"WebPage\",\"@id\":\"https:\\\/\\\/atami.com\\\/fr\\\/produit\\\/ata-nrg-flavor\",\"url\":\"https:\\\/\\\/atami.com\\\/fr\\\/produit\\\/ata-nrg-flavor\",\"name\":\"ATA NRG Flavor \u2013 Boostez le go\u00fbt de vos cultures avec ce stimulant naturel\",\"isPartOf\":{\"@id\":\"https:\\\/\\\/atami.com\\\/fr#website\"},\"primaryImageOfPage\":{\"@id\":\"https:\\\/\\\/atami.com\\\/fr\\\/produit\\\/ata-nrg-flavor#primaryimage\"},\"image\":{\"@id\":\"https:\\\/\\\/atami.com\\\/fr\\\/produit\\\/ata-nrg-flavor#primaryimage\"},\"thumbnailUrl\":\"https:\\\/\\\/atami.com\\\/wp-content\\\/uploads\\\/2023\\\/02\\\/ATA-NRG-Flavor-Main-Image.webp\",\"datePublished\":\"2023-02-10T15:07:15+00:00\",\"dateModified\":\"2025-11-10T13:09:45+00:00\",\"description\":\"D\u00e9couvrez ATA NRG Flavor, le produit Atami qui am\u00e9liore le go\u00fbt de vos cultures. Id\u00e9al pour des r\u00e9coltes savoureuses, il stimule le d\u00e9veloppement des ar\u00f4mes tout en optimisant la qualit\u00e9 de votre r\u00e9colte. Offrez \u00e0 vos plantes le meilleur !\",\"breadcrumb\":{\"@id\":\"https:\\\/\\\/atami.com\\\/fr\\\/produit\\\/ata-nrg-flavor#breadcrumb\"},\"inLanguage\":\"fr-FR\",\"potentialAction\":[{\"@type\":\"ReadAction\",\"target\":[\"https:\\\/\\\/atami.com\\\/fr\\\/produit\\\/ata-nrg-flavor\"]}]},{\"@type\":\"ImageObject\",\"inLanguage\":\"fr-FR\",\"@id\":\"https:\\\/\\\/atami.com\\\/fr\\\/produit\\\/ata-nrg-flavor#primaryimage\",\"url\":\"https:\\\/\\\/atami.com\\\/wp-content\\\/uploads\\\/2023\\\/02\\\/ATA-NRG-Flavor-Main-Image.webp\",\"contentUrl\":\"https:\\\/\\\/atami.com\\\/wp-content\\\/uploads\\\/2023\\\/02\\\/ATA-NRG-Flavor-Main-Image.webp\",\"width\":1080,\"height\":1080,\"caption\":\"ATA NRG Flavour am\u00e9liore la floraison des plantes et am\u00e9liore le go\u00fbt et l'ar\u00f4me des fruits et des fleurs.\"},{\"@type\":\"BreadcrumbList\",\"@id\":\"https:\\\/\\\/atami.com\\\/fr\\\/produit\\\/ata-nrg-flavor#breadcrumb\",\"itemListElement\":[{\"@type\":\"ListItem\",\"position\":1,\"name\":\"Home\",\"item\":\"https:\\\/\\\/atami.com\\\/fr\"},{\"@type\":\"ListItem\",\"position\":2,\"name\":\"Produits\",\"item\":\"https:\\\/\\\/atami.com\\\/fr\\\/shop\"},{\"@type\":\"ListItem\",\"position\":3,\"name\":\"ATA NRG\",\"item\":\"https:\\\/\\\/atami.com\\\/fr\\\/categorie-produit\\\/marques\\\/ata-nrg\"},{\"@type\":\"ListItem\",\"position\":4,\"name\":\"ATA NRG Flavor\"}]},{\"@type\":\"WebSite\",\"@id\":\"https:\\\/\\\/atami.com\\\/fr#website\",\"url\":\"https:\\\/\\\/atami.com\\\/fr\",\"name\":\"Atami\",\"description\":\"NATURALLY INNOVATING!\",\"publisher\":{\"@id\":\"https:\\\/\\\/atami.com\\\/fr#organization\"},\"potentialAction\":[{\"@type\":\"SearchAction\",\"target\":{\"@type\":\"EntryPoint\",\"urlTemplate\":\"https:\\\/\\\/atami.com\\\/fr?s={search_term_string}\"},\"query-input\":{\"@type\":\"PropertyValueSpecification\",\"valueRequired\":true,\"valueName\":\"search_term_string\"}}],\"inLanguage\":\"fr-FR\"},{\"@type\":\"Organization\",\"@id\":\"https:\\\/\\\/atami.com\\\/fr#organization\",\"name\":\"Atami\",\"url\":\"https:\\\/\\\/atami.com\\\/fr\",\"logo\":{\"@type\":\"ImageObject\",\"inLanguage\":\"fr-FR\",\"@id\":\"https:\\\/\\\/atami.com\\\/fr#\\\/schema\\\/logo\\\/image\\\/\",\"url\":\"https:\\\/\\\/atami.com\\\/wp-content\\\/uploads\\\/2026\\\/01\\\/Atami-logo-696x696px.webp\",\"contentUrl\":\"https:\\\/\\\/atami.com\\\/wp-content\\\/uploads\\\/2026\\\/01\\\/Atami-logo-696x696px.webp\",\"width\":696,\"height\":696,\"caption\":\"Atami\"},\"image\":{\"@id\":\"https:\\\/\\\/atami.com\\\/fr#\\\/schema\\\/logo\\\/image\\\/\"},\"sameAs\":[\"https:\\\/\\\/www.facebook.com\\\/Atami.International\",\"https:\\\/\\\/x.com\\\/AtamiEU\",\"https:\\\/\\\/www.youtube.com\\\/c\\\/AtamiInternational\",\"https:\\\/\\\/www.instagram.com\\\/atami.international\\\/\"],\"description\":\"ATAMI is a premium plant nutrition & substrate brand founded in 1997 with the mission to make exceptional cultivation achievable for everyone. From legacy to license, we offer a wide variety of innovating award-winning products to let cultivators achieve maximum results in taste & yield.\",\"email\":\"info@mginnovations.es\",\"legalName\":\"Atami\",\"numberOfEmployees\":{\"@type\":\"QuantitativeValue\",\"minValue\":\"11\",\"maxValue\":\"50\"}}]}<\/script>\n<!-- \/ Yoast SEO Premium plugin. -->","yoast_head_json":{"title":"ATA NRG Flavor \u2013 Boostez le go\u00fbt de vos cultures avec ce stimulant naturel","description":"D\u00e9couvrez ATA NRG Flavor, le produit Atami qui am\u00e9liore le go\u00fbt de vos cultures. Id\u00e9al pour des r\u00e9coltes savoureuses, il stimule le d\u00e9veloppement des ar\u00f4mes tout en optimisant la qualit\u00e9 de votre r\u00e9colte. Offrez \u00e0 vos plantes le meilleur !","robots":{"index":"index","follow":"follow","max-snippet":"max-snippet:-1","max-image-preview":"max-image-preview:large","max-video-preview":"max-video-preview:-1"},"canonical":"https:\/\/atami.com\/fr\/produit\/ata-nrg-flavor","og_locale":"fr_FR","og_type":"article","og_title":"ATA NRG Flavor","og_description":"D\u00e9couvrez ATA NRG Flavor, le produit Atami qui am\u00e9liore le go\u00fbt de vos cultures. Id\u00e9al pour des r\u00e9coltes savoureuses, il stimule le d\u00e9veloppement des ar\u00f4mes tout en optimisant la qualit\u00e9 de votre r\u00e9colte. Offrez \u00e0 vos plantes le meilleur !","og_url":"https:\/\/atami.com\/fr\/produit\/ata-nrg-flavor","og_site_name":"Atami","article_publisher":"https:\/\/www.facebook.com\/Atami.International","article_modified_time":"2025-11-10T13:09:45+00:00","og_image":[{"width":1080,"height":1080,"url":"https:\/\/atami.com\/wp-content\/uploads\/2023\/02\/ATA-NRG-Flavor-Main-Image.webp","type":"image\/webp"}],"twitter_card":"summary_large_image","twitter_site":"@AtamiEU","twitter_misc":{"Dur\u00e9e de lecture estim\u00e9e":"2 minutes"},"schema":{"@context":"https:\/\/schema.org","@graph":[{"@type":"WebPage","@id":"https:\/\/atami.com\/fr\/produit\/ata-nrg-flavor","url":"https:\/\/atami.com\/fr\/produit\/ata-nrg-flavor","name":"ATA NRG Flavor \u2013 Boostez le go\u00fbt de vos cultures avec ce stimulant naturel","isPartOf":{"@id":"https:\/\/atami.com\/fr#website"},"primaryImageOfPage":{"@id":"https:\/\/atami.com\/fr\/produit\/ata-nrg-flavor#primaryimage"},"image":{"@id":"https:\/\/atami.com\/fr\/produit\/ata-nrg-flavor#primaryimage"},"thumbnailUrl":"https:\/\/atami.com\/wp-content\/uploads\/2023\/02\/ATA-NRG-Flavor-Main-Image.webp","datePublished":"2023-02-10T15:07:15+00:00","dateModified":"2025-11-10T13:09:45+00:00","description":"D\u00e9couvrez ATA NRG Flavor, le produit Atami qui am\u00e9liore le go\u00fbt de vos cultures. Id\u00e9al pour des r\u00e9coltes savoureuses, il stimule le d\u00e9veloppement des ar\u00f4mes tout en optimisant la qualit\u00e9 de votre r\u00e9colte. Offrez \u00e0 vos plantes le meilleur !","breadcrumb":{"@id":"https:\/\/atami.com\/fr\/produit\/ata-nrg-flavor#breadcrumb"},"inLanguage":"fr-FR","potentialAction":[{"@type":"ReadAction","target":["https:\/\/atami.com\/fr\/produit\/ata-nrg-flavor"]}]},{"@type":"ImageObject","inLanguage":"fr-FR","@id":"https:\/\/atami.com\/fr\/produit\/ata-nrg-flavor#primaryimage","url":"https:\/\/atami.com\/wp-content\/uploads\/2023\/02\/ATA-NRG-Flavor-Main-Image.webp","contentUrl":"https:\/\/atami.com\/wp-content\/uploads\/2023\/02\/ATA-NRG-Flavor-Main-Image.webp","width":1080,"height":1080,"caption":"ATA NRG Flavour am\u00e9liore la floraison des plantes et am\u00e9liore le go\u00fbt et l'ar\u00f4me des fruits et des fleurs."},{"@type":"BreadcrumbList","@id":"https:\/\/atami.com\/fr\/produit\/ata-nrg-flavor#breadcrumb","itemListElement":[{"@type":"ListItem","position":1,"name":"Home","item":"https:\/\/atami.com\/fr"},{"@type":"ListItem","position":2,"name":"Produits","item":"https:\/\/atami.com\/fr\/shop"},{"@type":"ListItem","position":3,"name":"ATA NRG","item":"https:\/\/atami.com\/fr\/categorie-produit\/marques\/ata-nrg"},{"@type":"ListItem","position":4,"name":"ATA NRG Flavor"}]},{"@type":"WebSite","@id":"https:\/\/atami.com\/fr#website","url":"https:\/\/atami.com\/fr","name":"Atami","description":"NATURALLY INNOVATING!","publisher":{"@id":"https:\/\/atami.com\/fr#organization"},"potentialAction":[{"@type":"SearchAction","target":{"@type":"EntryPoint","urlTemplate":"https:\/\/atami.com\/fr?s={search_term_string}"},"query-input":{"@type":"PropertyValueSpecification","valueRequired":true,"valueName":"search_term_string"}}],"inLanguage":"fr-FR"},{"@type":"Organization","@id":"https:\/\/atami.com\/fr#organization","name":"Atami","url":"https:\/\/atami.com\/fr","logo":{"@type":"ImageObject","inLanguage":"fr-FR","@id":"https:\/\/atami.com\/fr#\/schema\/logo\/image\/","url":"https:\/\/atami.com\/wp-content\/uploads\/2026\/01\/Atami-logo-696x696px.webp","contentUrl":"https:\/\/atami.com\/wp-content\/uploads\/2026\/01\/Atami-logo-696x696px.webp","width":696,"height":696,"caption":"Atami"},"image":{"@id":"https:\/\/atami.com\/fr#\/schema\/logo\/image\/"},"sameAs":["https:\/\/www.facebook.com\/Atami.International","https:\/\/x.com\/AtamiEU","https:\/\/www.youtube.com\/c\/AtamiInternational","https:\/\/www.instagram.com\/atami.international\/"],"description":"ATAMI is a premium plant nutrition & substrate brand founded in 1997 with the mission to make exceptional cultivation achievable for everyone. From legacy to license, we offer a wide variety of innovating award-winning products to let cultivators achieve maximum results in taste & yield.","email":"info@mginnovations.es","legalName":"Atami","numberOfEmployees":{"@type":"QuantitativeValue","minValue":"11","maxValue":"50"}}]}},"_links":{"self":[{"href":"https:\/\/atami.com\/fr\/wp-json\/wp\/v2\/product\/21790","targetHints":{"allow":["GET"]}}],"collection":[{"href":"https:\/\/atami.com\/fr\/wp-json\/wp\/v2\/product"}],"about":[{"href":"https:\/\/atami.com\/fr\/wp-json\/wp\/v2\/types\/product"}],"replies":[{"embeddable":true,"href":"https:\/\/atami.com\/fr\/wp-json\/wp\/v2\/comments?post=21790"}],"wp:featuredmedia":[{"embeddable":true,"href":"https:\/\/atami.com\/fr\/wp-json\/wp\/v2\/media\/23971"}],"wp:attachment":[{"href":"https:\/\/atami.com\/fr\/wp-json\/wp\/v2\/media?parent=21790"}],"wp:term":[{"taxonomy":"product_brand","embeddable":true,"href":"https:\/\/atami.com\/fr\/wp-json\/wp\/v2\/product_brand?post=21790"},{"taxonomy":"product_cat","embeddable":true,"href":"https:\/\/atami.com\/fr\/wp-json\/wp\/v2\/product_cat?post=21790"},{"taxonomy":"product_tag","embeddable":true,"href":"https:\/\/atami.com\/fr\/wp-json\/wp\/v2\/product_tag?post=21790"}],"curies":[{"name":"wp","href":"https:\/\/api.w.org\/{rel}","templated":true}]}}