{"id":21786,"date":"2023-02-10T07:45:16","date_gmt":"2023-02-10T07:45:16","guid":{"rendered":"https:\/\/atami.com\/product\/ata-nrg-upgrade\/"},"modified":"2025-11-07T17:21:14","modified_gmt":"2025-11-07T15:21:14","slug":"ata-nrg-upgrade","status":"publish","type":"product","link":"https:\/\/atami.com\/fr\/produit\/ata-nrg-upgrade","title":{"rendered":"ATA NRG Upgrade"},"content":{"rendered":"<p><strong>ATA NRG Upgrade est un engrais pour le cultivateur biologique produit \u00e0 partir de phosphate naturel et d\u2019ingr\u00e9dients d\u2019origine v\u00e9g\u00e9tale. ATA NRG Upgrade est riche en azote organique pour soutenir la croissance de la plante.<\/strong><\/p>\n<p>&nbsp;<\/p>\n<p>Les nutriments organiques contenus dans ATA NRG Upgrade ne sont pas facilement disponibles pour la plante mais d\u00e9pendent des organismes de la terre pour leur lib\u00e9ration. Ce processus garantit la disponibilit\u00e9 des nutriments \u00e0 long terme, chaque fois que votre plante en a besoin.<\/p>\n<p>&nbsp;<\/p>\n<p><strong>PARTICULI\u00c8REMENT ADAPT\u00c9 POUR<\/strong><br \/>\nDiff\u00e9rents types de l\u00e9gumes, fruits et herbes comme la pomme et la framboise. Il peut \u00e9galement \u00eatre utilis\u00e9 pour les plantes d\u2019int\u00e9rieur et en pots (par ex. : l\u2019Alocasia). Le dosage requis peut \u00eatre mesur\u00e9 pour r\u00e9pondre aux besoins de n\u2019importe quelle plante individuelle ou culture.<\/p>\n<p>&nbsp;<\/p>\n<p><strong>DOSAGE\/UTILISATION<\/strong><br \/>\nM\u00e9langer 3 \u2013 6 grammes d\u2019ATA NRG Upgrade par litre de substrat pour la fertilisation de base.<br \/>\nUtiliser 1 \u2013 2 grammes par litre de substrat lors du m\u00e9lange du terreau pour le semis.<br \/>\nPour une dose suppl\u00e9mentaire d\u2019engrais lors de culture : saupoudrer 2 \u2013 4 grammes par litre sur votre substrat.<\/p>\n<p>&nbsp;<\/p>\n<p><strong>NPK 6-3-4 W\/W<\/strong><\/p>\n<p>&nbsp;<\/p>\n<p><strong>DISPONIBLE EN 600 GR, 3KG, 6KG<\/strong><\/p>\n","protected":false},"excerpt":{"rendered":"<p>Engrais solide<\/p>\n<p>Am\u00e9liorateur de substrat<\/p>\n","protected":false},"featured_media":23911,"comment_status":"closed","ping_status":"closed","template":"","meta":{"_acf_changed":false,"iawp_total_views":109},"product_brand":[],"product_cat":[182,180],"product_tag":[],"class_list":{"0":"post-21786","1":"product","2":"type-product","3":"status-publish","4":"has-post-thumbnail","6":"product_cat-ata-nrg","7":"product_cat-nutriments-de-base","9":"first","10":"instock","11":"shipping-taxable","12":"product-type-simple"},"acf":{"short_description":"<p><strong>ATA NRG Upgrade est un engrais pour le cultivateur biologique produit \u00e0 partir de phosphate naturel et d\u2019ingr\u00e9dients d\u2019origine v\u00e9g\u00e9tale. ATA NRG Upgrade est riche en azote organique pour soutenir la croissance de la plante.<\/strong><\/p><p>&nbsp;<\/p><p>Les nutriments organiques contenus dans ATA NRG Upgrade ne sont pas facilement disponibles pour la plante mais d\u00e9pendent des organismes de la terre pour leur lib\u00e9ration. Ce processus garantit la disponibilit\u00e9 des nutriments \u00e0 long terme, chaque fois que votre plante en a besoin.<\/p>","suitable_for":"<p>Diff\u00e9rents types de l\u00e9gumes, fruits et herbes comme la pomme et la framboise. Il peut \u00e9galement \u00eatre utilis\u00e9 pour les plantes d\u2019int\u00e9rieur et en pots (par ex. : l\u2019Alocasia). Le dosage requis peut \u00eatre mesur\u00e9 pour r\u00e9pondre aux besoins de n\u2019importe quelle plante individuelle ou culture.<\/p>","application":"<p>M\u00e9langer 3 \u2013 6 grammes d\u2019ATA NRG Upgrade par litre de substrat pour la fertilisation de base.<br \/>Utiliser 1 \u2013 2 grammes par litre de substrat lors du m\u00e9lange du terreau pour le semis.<br \/>Pour une dose suppl\u00e9mentaire d\u2019engrais lors de culture : saupoudrer 2 \u2013 4 grammes par litre sur votre substrat.<\/p>","dosage":"<p>M\u00e9langer 3 \u2013 6 grammes d\u2019ATA NRG Upgrade par litre de substrat pour la fertilisation de base.<br \/>Utiliser 1 \u2013 2 grammes par litre de substrat lors du m\u00e9lange du terreau pour le semis.<br \/>Pour une dose suppl\u00e9mentaire d\u2019engrais lors de culture : saupoudrer 2 \u2013 4 grammes par litre sur votre substrat.<\/p>","npk_ratio":"<p>NPK 6-3-4 W\/W<\/p>","available_in":"<p>600 GR, 3KG, 6KG<\/p>","icon_1":1983,"icon_1_text":"NUTRITION DISPONIBLE PROGRESSIVEMENT","icon_2":1987,"icon_2_text":"COLONISATION DES RACINES PAR LES BACT\u00c9RIES BACILLUS","icon_3":1991,"icon_3_text":"UN ENGRAIS POUR LE CULTIVATEUR BIOLOGIQUE QUI VEUT AM\u00c9LIORER SON SUBSTRAT !","icon_4":"","icon_4_text":"","video":"https:\/\/youtu.be\/U-DAGZoWNOM","second_image":2835,"product_image_page":4090,"user_manual":"","new_icon_1":"","new_icon_2":"","new_icon_3":"","new_icon_4":"","grow_guides":"","category":"Nutriment de base"},"yoast_head":"<!-- This site is optimized with the Yoast SEO Premium plugin v27.5 (Yoast SEO v27.5) - https:\/\/yoast.com\/product\/yoast-seo-premium-wordpress\/ -->\n<title>ATA NRG Upgrade : Engrais \u00e0 Lib\u00e9ration Lente pour Plantes Saines<\/title>\n<meta name=\"description\" content=\"Boostez la sant\u00e9 de vos plantes avec ATA NRG Upgrade. Un suppl\u00e9ment de nutrition efficace pour une croissance optimale et une floraison exceptionnelle. D\u00e9couvrez-le d\u00e8s aujourd&#039;hui !\" \/>\n<meta name=\"robots\" content=\"index, follow, max-snippet:-1, max-image-preview:large, max-video-preview:-1\" \/>\n<link rel=\"canonical\" href=\"https:\/\/atami.com\/fr\/produit\/ata-nrg-upgrade\" \/>\n<meta property=\"og:locale\" content=\"fr_FR\" \/>\n<meta property=\"og:type\" content=\"article\" \/>\n<meta property=\"og:title\" content=\"ATA NRG Upgrade\" \/>\n<meta property=\"og:description\" content=\"Boostez la sant\u00e9 de vos plantes avec ATA NRG Upgrade. Un suppl\u00e9ment de nutrition efficace pour une croissance optimale et une floraison exceptionnelle. D\u00e9couvrez-le d\u00e8s aujourd&#039;hui !\" \/>\n<meta property=\"og:url\" content=\"https:\/\/atami.com\/fr\/produit\/ata-nrg-upgrade\" \/>\n<meta property=\"og:site_name\" content=\"Atami\" \/>\n<meta property=\"article:publisher\" content=\"https:\/\/www.facebook.com\/Atami.International\" \/>\n<meta property=\"article:modified_time\" content=\"2025-11-07T15:21:14+00:00\" \/>\n<meta property=\"og:image\" content=\"https:\/\/atami.com\/wp-content\/uploads\/2023\/02\/ATA-NRG-Upgrade-Main-Image.webp\" \/>\n\t<meta property=\"og:image:width\" content=\"1080\" \/>\n\t<meta property=\"og:image:height\" content=\"1080\" \/>\n\t<meta property=\"og:image:type\" content=\"image\/webp\" \/>\n<meta name=\"twitter:card\" content=\"summary_large_image\" \/>\n<meta name=\"twitter:site\" content=\"@AtamiEU\" \/>\n<meta name=\"twitter:label1\" content=\"Dur\u00e9e de lecture estim\u00e9e\" \/>\n\t<meta name=\"twitter:data1\" content=\"2 minutes\" \/>\n<script type=\"application\/ld+json\" class=\"yoast-schema-graph\">{\"@context\":\"https:\\\/\\\/schema.org\",\"@graph\":[{\"@type\":\"WebPage\",\"@id\":\"https:\\\/\\\/atami.com\\\/fr\\\/produit\\\/ata-nrg-upgrade\",\"url\":\"https:\\\/\\\/atami.com\\\/fr\\\/produit\\\/ata-nrg-upgrade\",\"name\":\"ATA NRG Upgrade : Engrais \u00e0 Lib\u00e9ration Lente pour Plantes Saines\",\"isPartOf\":{\"@id\":\"https:\\\/\\\/atami.com\\\/fr#website\"},\"primaryImageOfPage\":{\"@id\":\"https:\\\/\\\/atami.com\\\/fr\\\/produit\\\/ata-nrg-upgrade#primaryimage\"},\"image\":{\"@id\":\"https:\\\/\\\/atami.com\\\/fr\\\/produit\\\/ata-nrg-upgrade#primaryimage\"},\"thumbnailUrl\":\"https:\\\/\\\/atami.com\\\/wp-content\\\/uploads\\\/2023\\\/02\\\/ATA-NRG-Upgrade-Main-Image.webp\",\"datePublished\":\"2023-02-10T07:45:16+00:00\",\"dateModified\":\"2025-11-07T15:21:14+00:00\",\"description\":\"Boostez la sant\u00e9 de vos plantes avec ATA NRG Upgrade. Un suppl\u00e9ment de nutrition efficace pour une croissance optimale et une floraison exceptionnelle. D\u00e9couvrez-le d\u00e8s aujourd'hui !\",\"breadcrumb\":{\"@id\":\"https:\\\/\\\/atami.com\\\/fr\\\/produit\\\/ata-nrg-upgrade#breadcrumb\"},\"inLanguage\":\"fr-FR\",\"potentialAction\":[{\"@type\":\"ReadAction\",\"target\":[\"https:\\\/\\\/atami.com\\\/fr\\\/produit\\\/ata-nrg-upgrade\"]}]},{\"@type\":\"ImageObject\",\"inLanguage\":\"fr-FR\",\"@id\":\"https:\\\/\\\/atami.com\\\/fr\\\/produit\\\/ata-nrg-upgrade#primaryimage\",\"url\":\"https:\\\/\\\/atami.com\\\/wp-content\\\/uploads\\\/2023\\\/02\\\/ATA-NRG-Upgrade-Main-Image.webp\",\"contentUrl\":\"https:\\\/\\\/atami.com\\\/wp-content\\\/uploads\\\/2023\\\/02\\\/ATA-NRG-Upgrade-Main-Image.webp\",\"width\":1080,\"height\":1080,\"caption\":\"ATA NRG Upgrade enrichit votre substrat avec des nutriments essentiels, favorisant un d\u00e9veloppement robuste des plantes.\"},{\"@type\":\"BreadcrumbList\",\"@id\":\"https:\\\/\\\/atami.com\\\/fr\\\/produit\\\/ata-nrg-upgrade#breadcrumb\",\"itemListElement\":[{\"@type\":\"ListItem\",\"position\":1,\"name\":\"Home\",\"item\":\"https:\\\/\\\/atami.com\\\/fr\"},{\"@type\":\"ListItem\",\"position\":2,\"name\":\"Produits\",\"item\":\"https:\\\/\\\/atami.com\\\/fr\\\/shop\"},{\"@type\":\"ListItem\",\"position\":3,\"name\":\"ATA NRG\",\"item\":\"https:\\\/\\\/atami.com\\\/fr\\\/categorie-produit\\\/marques\\\/ata-nrg\"},{\"@type\":\"ListItem\",\"position\":4,\"name\":\"ATA NRG Upgrade\"}]},{\"@type\":\"WebSite\",\"@id\":\"https:\\\/\\\/atami.com\\\/fr#website\",\"url\":\"https:\\\/\\\/atami.com\\\/fr\",\"name\":\"Atami\",\"description\":\"NATURALLY INNOVATING!\",\"publisher\":{\"@id\":\"https:\\\/\\\/atami.com\\\/fr#organization\"},\"potentialAction\":[{\"@type\":\"SearchAction\",\"target\":{\"@type\":\"EntryPoint\",\"urlTemplate\":\"https:\\\/\\\/atami.com\\\/fr?s={search_term_string}\"},\"query-input\":{\"@type\":\"PropertyValueSpecification\",\"valueRequired\":true,\"valueName\":\"search_term_string\"}}],\"inLanguage\":\"fr-FR\"},{\"@type\":\"Organization\",\"@id\":\"https:\\\/\\\/atami.com\\\/fr#organization\",\"name\":\"Atami\",\"url\":\"https:\\\/\\\/atami.com\\\/fr\",\"logo\":{\"@type\":\"ImageObject\",\"inLanguage\":\"fr-FR\",\"@id\":\"https:\\\/\\\/atami.com\\\/fr#\\\/schema\\\/logo\\\/image\\\/\",\"url\":\"https:\\\/\\\/atami.com\\\/wp-content\\\/uploads\\\/2026\\\/01\\\/Atami-logo-696x696px.webp\",\"contentUrl\":\"https:\\\/\\\/atami.com\\\/wp-content\\\/uploads\\\/2026\\\/01\\\/Atami-logo-696x696px.webp\",\"width\":696,\"height\":696,\"caption\":\"Atami\"},\"image\":{\"@id\":\"https:\\\/\\\/atami.com\\\/fr#\\\/schema\\\/logo\\\/image\\\/\"},\"sameAs\":[\"https:\\\/\\\/www.facebook.com\\\/Atami.International\",\"https:\\\/\\\/x.com\\\/AtamiEU\",\"https:\\\/\\\/www.youtube.com\\\/c\\\/AtamiInternational\",\"https:\\\/\\\/www.instagram.com\\\/atami.international\\\/\"],\"description\":\"ATAMI is a premium plant nutrition & substrate brand founded in 1997 with the mission to make exceptional cultivation achievable for everyone. From legacy to license, we offer a wide variety of innovating award-winning products to let cultivators achieve maximum results in taste & yield.\",\"email\":\"info@mginnovations.es\",\"legalName\":\"Atami\",\"numberOfEmployees\":{\"@type\":\"QuantitativeValue\",\"minValue\":\"11\",\"maxValue\":\"50\"}}]}<\/script>\n<!-- \/ Yoast SEO Premium plugin. -->","yoast_head_json":{"title":"ATA NRG Upgrade : Engrais \u00e0 Lib\u00e9ration Lente pour Plantes Saines","description":"Boostez la sant\u00e9 de vos plantes avec ATA NRG Upgrade. Un suppl\u00e9ment de nutrition efficace pour une croissance optimale et une floraison exceptionnelle. D\u00e9couvrez-le d\u00e8s aujourd'hui !","robots":{"index":"index","follow":"follow","max-snippet":"max-snippet:-1","max-image-preview":"max-image-preview:large","max-video-preview":"max-video-preview:-1"},"canonical":"https:\/\/atami.com\/fr\/produit\/ata-nrg-upgrade","og_locale":"fr_FR","og_type":"article","og_title":"ATA NRG Upgrade","og_description":"Boostez la sant\u00e9 de vos plantes avec ATA NRG Upgrade. Un suppl\u00e9ment de nutrition efficace pour une croissance optimale et une floraison exceptionnelle. D\u00e9couvrez-le d\u00e8s aujourd'hui !","og_url":"https:\/\/atami.com\/fr\/produit\/ata-nrg-upgrade","og_site_name":"Atami","article_publisher":"https:\/\/www.facebook.com\/Atami.International","article_modified_time":"2025-11-07T15:21:14+00:00","og_image":[{"width":1080,"height":1080,"url":"https:\/\/atami.com\/wp-content\/uploads\/2023\/02\/ATA-NRG-Upgrade-Main-Image.webp","type":"image\/webp"}],"twitter_card":"summary_large_image","twitter_site":"@AtamiEU","twitter_misc":{"Dur\u00e9e de lecture estim\u00e9e":"2 minutes"},"schema":{"@context":"https:\/\/schema.org","@graph":[{"@type":"WebPage","@id":"https:\/\/atami.com\/fr\/produit\/ata-nrg-upgrade","url":"https:\/\/atami.com\/fr\/produit\/ata-nrg-upgrade","name":"ATA NRG Upgrade : Engrais \u00e0 Lib\u00e9ration Lente pour Plantes Saines","isPartOf":{"@id":"https:\/\/atami.com\/fr#website"},"primaryImageOfPage":{"@id":"https:\/\/atami.com\/fr\/produit\/ata-nrg-upgrade#primaryimage"},"image":{"@id":"https:\/\/atami.com\/fr\/produit\/ata-nrg-upgrade#primaryimage"},"thumbnailUrl":"https:\/\/atami.com\/wp-content\/uploads\/2023\/02\/ATA-NRG-Upgrade-Main-Image.webp","datePublished":"2023-02-10T07:45:16+00:00","dateModified":"2025-11-07T15:21:14+00:00","description":"Boostez la sant\u00e9 de vos plantes avec ATA NRG Upgrade. Un suppl\u00e9ment de nutrition efficace pour une croissance optimale et une floraison exceptionnelle. D\u00e9couvrez-le d\u00e8s aujourd'hui !","breadcrumb":{"@id":"https:\/\/atami.com\/fr\/produit\/ata-nrg-upgrade#breadcrumb"},"inLanguage":"fr-FR","potentialAction":[{"@type":"ReadAction","target":["https:\/\/atami.com\/fr\/produit\/ata-nrg-upgrade"]}]},{"@type":"ImageObject","inLanguage":"fr-FR","@id":"https:\/\/atami.com\/fr\/produit\/ata-nrg-upgrade#primaryimage","url":"https:\/\/atami.com\/wp-content\/uploads\/2023\/02\/ATA-NRG-Upgrade-Main-Image.webp","contentUrl":"https:\/\/atami.com\/wp-content\/uploads\/2023\/02\/ATA-NRG-Upgrade-Main-Image.webp","width":1080,"height":1080,"caption":"ATA NRG Upgrade enrichit votre substrat avec des nutriments essentiels, favorisant un d\u00e9veloppement robuste des plantes."},{"@type":"BreadcrumbList","@id":"https:\/\/atami.com\/fr\/produit\/ata-nrg-upgrade#breadcrumb","itemListElement":[{"@type":"ListItem","position":1,"name":"Home","item":"https:\/\/atami.com\/fr"},{"@type":"ListItem","position":2,"name":"Produits","item":"https:\/\/atami.com\/fr\/shop"},{"@type":"ListItem","position":3,"name":"ATA NRG","item":"https:\/\/atami.com\/fr\/categorie-produit\/marques\/ata-nrg"},{"@type":"ListItem","position":4,"name":"ATA NRG Upgrade"}]},{"@type":"WebSite","@id":"https:\/\/atami.com\/fr#website","url":"https:\/\/atami.com\/fr","name":"Atami","description":"NATURALLY INNOVATING!","publisher":{"@id":"https:\/\/atami.com\/fr#organization"},"potentialAction":[{"@type":"SearchAction","target":{"@type":"EntryPoint","urlTemplate":"https:\/\/atami.com\/fr?s={search_term_string}"},"query-input":{"@type":"PropertyValueSpecification","valueRequired":true,"valueName":"search_term_string"}}],"inLanguage":"fr-FR"},{"@type":"Organization","@id":"https:\/\/atami.com\/fr#organization","name":"Atami","url":"https:\/\/atami.com\/fr","logo":{"@type":"ImageObject","inLanguage":"fr-FR","@id":"https:\/\/atami.com\/fr#\/schema\/logo\/image\/","url":"https:\/\/atami.com\/wp-content\/uploads\/2026\/01\/Atami-logo-696x696px.webp","contentUrl":"https:\/\/atami.com\/wp-content\/uploads\/2026\/01\/Atami-logo-696x696px.webp","width":696,"height":696,"caption":"Atami"},"image":{"@id":"https:\/\/atami.com\/fr#\/schema\/logo\/image\/"},"sameAs":["https:\/\/www.facebook.com\/Atami.International","https:\/\/x.com\/AtamiEU","https:\/\/www.youtube.com\/c\/AtamiInternational","https:\/\/www.instagram.com\/atami.international\/"],"description":"ATAMI is a premium plant nutrition & substrate brand founded in 1997 with the mission to make exceptional cultivation achievable for everyone. From legacy to license, we offer a wide variety of innovating award-winning products to let cultivators achieve maximum results in taste & yield.","email":"info@mginnovations.es","legalName":"Atami","numberOfEmployees":{"@type":"QuantitativeValue","minValue":"11","maxValue":"50"}}]}},"_links":{"self":[{"href":"https:\/\/atami.com\/fr\/wp-json\/wp\/v2\/product\/21786","targetHints":{"allow":["GET"]}}],"collection":[{"href":"https:\/\/atami.com\/fr\/wp-json\/wp\/v2\/product"}],"about":[{"href":"https:\/\/atami.com\/fr\/wp-json\/wp\/v2\/types\/product"}],"replies":[{"embeddable":true,"href":"https:\/\/atami.com\/fr\/wp-json\/wp\/v2\/comments?post=21786"}],"wp:featuredmedia":[{"embeddable":true,"href":"https:\/\/atami.com\/fr\/wp-json\/wp\/v2\/media\/23911"}],"wp:attachment":[{"href":"https:\/\/atami.com\/fr\/wp-json\/wp\/v2\/media?parent=21786"}],"wp:term":[{"taxonomy":"product_brand","embeddable":true,"href":"https:\/\/atami.com\/fr\/wp-json\/wp\/v2\/product_brand?post=21786"},{"taxonomy":"product_cat","embeddable":true,"href":"https:\/\/atami.com\/fr\/wp-json\/wp\/v2\/product_cat?post=21786"},{"taxonomy":"product_tag","embeddable":true,"href":"https:\/\/atami.com\/fr\/wp-json\/wp\/v2\/product_tag?post=21786"}],"curies":[{"name":"wp","href":"https:\/\/api.w.org\/{rel}","templated":true}]}}