{"id":21780,"date":"2023-02-09T10:59:07","date_gmt":"2023-02-09T10:59:07","guid":{"rendered":"https:\/\/atami.com\/product\/ata-clean\/"},"modified":"2025-11-10T15:09:27","modified_gmt":"2025-11-10T13:09:27","slug":"ata-clean","status":"publish","type":"product","link":"https:\/\/atami.com\/fr\/produit\/ata-clean","title":{"rendered":"ATA Clean"},"content":{"rendered":"<p><strong>ATA Clean est un produit de nettoyage qui permet \u00e0 votre syst\u00e8me d\u2019irrigation de rester parfaitement fonctionnel. Il pr\u00e9vient et nettoie les s\u00e9diments, les rendant \u00e0 nouveau solubles dans l\u2019eau afin qu\u2019ils puissent facilement \u00eatre \u00e9vacu\u00e9s lors de l\u2019irrigation.<\/strong><\/p>\n<p>&nbsp;<\/p>\n<p>Bien que ATA Clean affiche une valeur PK relativement \u00e9lev\u00e9e sur la bouteille, il n\u2019est pas consid\u00e9r\u00e9 comme un engrais. Le dosage est si faible que les nutriments contenus dans le produit ont tr\u00e8s peu d\u2019impact sur la plante elle-m\u00eame. D\u2019autres produits nutritionnels contiennent g\u00e9n\u00e9ralement des nutriments et des ions m\u00e9talliques solubles dans l\u2019eau tels que le fer, le mangan\u00e8se, le calcium et le magn\u00e9sium qui finissent par former des s\u00e9diments dans le syst\u00e8me d\u2019irrigation. Les substances contenues dans ATA Clean se lieront \u00e0 ces nutriments m\u00e9talliques et d\u00e9composeront les cristaux et les \u00e9cailles afin qu\u2019ils soient \u00e9limin\u00e9s facilement. ATA Clean est inoffensif pour les plantes et pour l\u2019environnement.<\/p>\n<p>&nbsp;<\/p>\n<p><strong>PARTICULI\u00c8REMENT ADAPT\u00c9 POUR<\/strong><br \/>\nATA Clean est un nutriment universel adapt\u00e9 pour diff\u00e9rents types de fruits, l\u00e9gumes, herbes et plantes ornementales comme le romarin, l\u2019estragon, l\u2019Anthurium, la c\u00e9losie, etc. Le dosage requis peut \u00eatre mesur\u00e9 pour r\u00e9pondre aux besoins des plantes individuelles ou des cultures.<\/p>\n<p>&nbsp;<\/p>\n<p><strong>UTILISATION<\/strong><br \/>\nSp\u00e9cialement indiqu\u00e9 pour une utilisation avec de l\u2019eau du robinet. Ajouter \u00e0 chaque nutrition de mani\u00e8re pr\u00e9ventive. Pr\u00e9parer la nutrition de base et corriger le pH (5,5-6,5) en cas de n\u00e9cessit\u00e9. Utiliser la nutrition de base seule pendant un certain temps, puis ajouter ATA Clean. Le produit peut \u00eatre utilis\u00e9 \u00e0 la fois de mani\u00e8re pr\u00e9ventive et curative.<\/p>\n<p>&nbsp;<\/p>\n<p><strong>DOSAGE<\/strong><br \/>\n0,1 ml par litre d\u2019eau.<\/p>\n<p>&nbsp;<\/p>\n<p><strong>P-K 18-6 W\/W<\/strong><\/p>\n<p>&nbsp;<\/p>\n<p><strong>DISPONIBLE EN 250 ML, 1 L, 5 L, 10 L<\/strong><\/p>\n","protected":false},"excerpt":{"rendered":"<p>Pour une maintenance facile des syst\u00e8mes d\u2019irrigation<\/p>\n","protected":false},"featured_media":23866,"comment_status":"closed","ping_status":"closed","template":"","meta":{"_acf_changed":false,"iawp_total_views":132},"product_brand":[],"product_cat":[181,179],"product_tag":[],"class_list":{"0":"post-21780","1":"product","2":"type-product","3":"status-publish","4":"has-post-thumbnail","6":"product_cat-additifs","7":"product_cat-ata","9":"first","10":"instock","11":"shipping-taxable","12":"product-type-simple"},"acf":{"short_description":"<p><strong>ATA Clean est un produit de nettoyage qui permet \u00e0 votre syst\u00e8me d\u2019irrigation de rester parfaitement fonctionnel. Il pr\u00e9vient et nettoie les s\u00e9diments, les rendant \u00e0 nouveau solubles dans l\u2019eau afin qu\u2019ils puissent facilement \u00eatre \u00e9vacu\u00e9s lors de l\u2019irrigation.<\/strong><\/p><p>&nbsp;<\/p><p>Bien que ATA Clean affiche une valeur PK relativement \u00e9lev\u00e9e sur la bouteille, il n\u2019est pas consid\u00e9r\u00e9 comme un engrais. Le dosage est si faible que les nutriments contenus dans le produit ont tr\u00e8s peu d\u2019impact sur la plante elle-m\u00eame. D\u2019autres produits nutritionnels contiennent g\u00e9n\u00e9ralement des nutriments et des ions m\u00e9talliques solubles dans l\u2019eau tels que le fer, le mangan\u00e8se, le calcium et le magn\u00e9sium qui finissent par former des s\u00e9diments dans le syst\u00e8me d\u2019irrigation. Les substances contenues dans ATA Clean se lieront \u00e0 ces nutriments m\u00e9talliques et d\u00e9composeront les cristaux et les \u00e9cailles afin qu\u2019ils soient \u00e9limin\u00e9s facilement. ATA Clean est inoffensif pour les plantes et pour l\u2019environnement.<\/p>","suitable_for":"<p>ATA Clean est un nutriment universel adapt\u00e9 pour diff\u00e9rents types de fruits, l\u00e9gumes, herbes et plantes ornementales comme le romarin, l\u2019estragon, l\u2019Anthurium, la c\u00e9losie, etc. Le dosage requis peut \u00eatre mesur\u00e9 pour r\u00e9pondre aux besoins des plantes individuelles ou des cultures.<\/p>","application":"<p>Sp\u00e9cialement indiqu\u00e9 pour une utilisation avec de l\u2019eau du robinet. Ajouter \u00e0 chaque nutrition de mani\u00e8re pr\u00e9ventive. Pr\u00e9parer la nutrition de base et corriger le pH (5,5-6,5) en cas de n\u00e9cessit\u00e9. Utiliser la nutrition de base seule pendant un certain temps, puis ajouter ATA Clean. Le produit peut \u00eatre utilis\u00e9 \u00e0 la fois de mani\u00e8re pr\u00e9ventive et curative.<\/p>","dosage":"<p>0,1 ml par litre d\u2019eau.<\/p>","npk_ratio":"<p>P-K 18-6 W\/W<\/p>","available_in":"<p>250 ML, 1 L, 5 L, 10 L<\/p>","icon_1":1839,"icon_1_text":"PR\u00c9VIENT ET \u00c9LIMINE LES S\u00c9DIMENTS DU SYST\u00c8ME D\u2019IRRIGATION","icon_2":1843,"icon_2_text":"ENTRETIEN FACILE DE VOTRE SYST\u00c8ME D\u2019IRRIGATION","icon_3":"","icon_3_text":"","icon_4":"","icon_4_text":"","video":"https:\/\/youtu.be\/Mwf3Mht7cUM","second_image":1835,"product_image_page":4064,"user_manual":"","new_icon_1":"","new_icon_2":"","new_icon_3":"","new_icon_4":"","grow_guides":"","category":"Additif"},"yoast_head":"<!-- This site is optimized with the Yoast SEO Premium plugin v27.4 (Yoast SEO v27.4) - https:\/\/yoast.com\/product\/yoast-seo-premium-wordpress\/ -->\n<title>ATA Clean : Gardez Vos Syst\u00e8mes d&#039;Irrigation Propres et Efficaces<\/title>\n<meta name=\"description\" content=\"ATA Clean est un nettoyant puissant qui aide \u00e0 \u00e9liminer les impuret\u00e9s et \u00e0 pr\u00e9server la sant\u00e9 de vos plantes. Optimisez leur croissance avec ce produit naturel et efficace.\" \/>\n<meta name=\"robots\" content=\"index, follow, max-snippet:-1, max-image-preview:large, max-video-preview:-1\" \/>\n<link rel=\"canonical\" href=\"https:\/\/atami.com\/fr\/produit\/ata-clean\" \/>\n<meta property=\"og:locale\" content=\"fr_FR\" \/>\n<meta property=\"og:type\" content=\"article\" \/>\n<meta property=\"og:title\" content=\"ATA Clean\" \/>\n<meta property=\"og:description\" content=\"ATA Clean est un nettoyant puissant qui aide \u00e0 \u00e9liminer les impuret\u00e9s et \u00e0 pr\u00e9server la sant\u00e9 de vos plantes. Optimisez leur croissance avec ce produit naturel et efficace.\" \/>\n<meta property=\"og:url\" content=\"https:\/\/atami.com\/fr\/produit\/ata-clean\" \/>\n<meta property=\"og:site_name\" content=\"Atami\" \/>\n<meta property=\"article:publisher\" content=\"https:\/\/www.facebook.com\/Atami.International\" \/>\n<meta property=\"article:modified_time\" content=\"2025-11-10T13:09:27+00:00\" \/>\n<meta property=\"og:image\" content=\"https:\/\/atami.com\/wp-content\/uploads\/2023\/02\/ATA-Clean-Main-Image.webp\" \/>\n\t<meta property=\"og:image:width\" content=\"1080\" \/>\n\t<meta property=\"og:image:height\" content=\"1080\" \/>\n\t<meta property=\"og:image:type\" content=\"image\/webp\" \/>\n<meta name=\"twitter:card\" content=\"summary_large_image\" \/>\n<meta name=\"twitter:site\" content=\"@AtamiEU\" \/>\n<meta name=\"twitter:label1\" content=\"Dur\u00e9e de lecture estim\u00e9e\" \/>\n\t<meta name=\"twitter:data1\" content=\"2 minutes\" \/>\n<script type=\"application\/ld+json\" class=\"yoast-schema-graph\">{\"@context\":\"https:\\\/\\\/schema.org\",\"@graph\":[{\"@type\":\"WebPage\",\"@id\":\"https:\\\/\\\/atami.com\\\/fr\\\/produit\\\/ata-clean\",\"url\":\"https:\\\/\\\/atami.com\\\/fr\\\/produit\\\/ata-clean\",\"name\":\"ATA Clean : Gardez Vos Syst\u00e8mes d'Irrigation Propres et Efficaces\",\"isPartOf\":{\"@id\":\"https:\\\/\\\/atami.com\\\/fr#website\"},\"primaryImageOfPage\":{\"@id\":\"https:\\\/\\\/atami.com\\\/fr\\\/produit\\\/ata-clean#primaryimage\"},\"image\":{\"@id\":\"https:\\\/\\\/atami.com\\\/fr\\\/produit\\\/ata-clean#primaryimage\"},\"thumbnailUrl\":\"https:\\\/\\\/atami.com\\\/wp-content\\\/uploads\\\/2023\\\/02\\\/ATA-Clean-Main-Image.webp\",\"datePublished\":\"2023-02-09T10:59:07+00:00\",\"dateModified\":\"2025-11-10T13:09:27+00:00\",\"description\":\"ATA Clean est un nettoyant puissant qui aide \u00e0 \u00e9liminer les impuret\u00e9s et \u00e0 pr\u00e9server la sant\u00e9 de vos plantes. Optimisez leur croissance avec ce produit naturel et efficace.\",\"breadcrumb\":{\"@id\":\"https:\\\/\\\/atami.com\\\/fr\\\/produit\\\/ata-clean#breadcrumb\"},\"inLanguage\":\"fr-FR\",\"potentialAction\":[{\"@type\":\"ReadAction\",\"target\":[\"https:\\\/\\\/atami.com\\\/fr\\\/produit\\\/ata-clean\"]}]},{\"@type\":\"ImageObject\",\"inLanguage\":\"fr-FR\",\"@id\":\"https:\\\/\\\/atami.com\\\/fr\\\/produit\\\/ata-clean#primaryimage\",\"url\":\"https:\\\/\\\/atami.com\\\/wp-content\\\/uploads\\\/2023\\\/02\\\/ATA-Clean-Main-Image.webp\",\"contentUrl\":\"https:\\\/\\\/atami.com\\\/wp-content\\\/uploads\\\/2023\\\/02\\\/ATA-Clean-Main-Image.webp\",\"width\":1080,\"height\":1080,\"caption\":\"ATA Clean garantit que votre syst\u00e8me d'irrigation reste enti\u00e8rement fonctionnel en emp\u00eachant et en nettoyant les r\u00e9sidus min\u00e9raux, le rendant soluble dans l'eau pour une \u00e9vacuation facile.\"},{\"@type\":\"BreadcrumbList\",\"@id\":\"https:\\\/\\\/atami.com\\\/fr\\\/produit\\\/ata-clean#breadcrumb\",\"itemListElement\":[{\"@type\":\"ListItem\",\"position\":1,\"name\":\"Home\",\"item\":\"https:\\\/\\\/atami.com\\\/fr\"},{\"@type\":\"ListItem\",\"position\":2,\"name\":\"Produits\",\"item\":\"https:\\\/\\\/atami.com\\\/fr\\\/shop\"},{\"@type\":\"ListItem\",\"position\":3,\"name\":\"Marques\",\"item\":\"https:\\\/\\\/atami.com\\\/fr\\\/categorie-produit\\\/marques\"},{\"@type\":\"ListItem\",\"position\":4,\"name\":\"ATA\",\"item\":\"https:\\\/\\\/atami.com\\\/fr\\\/categorie-produit\\\/marques\\\/ata\"},{\"@type\":\"ListItem\",\"position\":5,\"name\":\"ATA Clean\"}]},{\"@type\":\"WebSite\",\"@id\":\"https:\\\/\\\/atami.com\\\/fr#website\",\"url\":\"https:\\\/\\\/atami.com\\\/fr\",\"name\":\"Atami\",\"description\":\"NATURALLY INNOVATING!\",\"publisher\":{\"@id\":\"https:\\\/\\\/atami.com\\\/fr#organization\"},\"potentialAction\":[{\"@type\":\"SearchAction\",\"target\":{\"@type\":\"EntryPoint\",\"urlTemplate\":\"https:\\\/\\\/atami.com\\\/fr?s={search_term_string}\"},\"query-input\":{\"@type\":\"PropertyValueSpecification\",\"valueRequired\":true,\"valueName\":\"search_term_string\"}}],\"inLanguage\":\"fr-FR\"},{\"@type\":\"Organization\",\"@id\":\"https:\\\/\\\/atami.com\\\/fr#organization\",\"name\":\"Atami\",\"url\":\"https:\\\/\\\/atami.com\\\/fr\",\"logo\":{\"@type\":\"ImageObject\",\"inLanguage\":\"fr-FR\",\"@id\":\"https:\\\/\\\/atami.com\\\/fr#\\\/schema\\\/logo\\\/image\\\/\",\"url\":\"https:\\\/\\\/atami.com\\\/wp-content\\\/uploads\\\/2026\\\/01\\\/Atami-logo-696x696px.webp\",\"contentUrl\":\"https:\\\/\\\/atami.com\\\/wp-content\\\/uploads\\\/2026\\\/01\\\/Atami-logo-696x696px.webp\",\"width\":696,\"height\":696,\"caption\":\"Atami\"},\"image\":{\"@id\":\"https:\\\/\\\/atami.com\\\/fr#\\\/schema\\\/logo\\\/image\\\/\"},\"sameAs\":[\"https:\\\/\\\/www.facebook.com\\\/Atami.International\",\"https:\\\/\\\/x.com\\\/AtamiEU\",\"https:\\\/\\\/www.youtube.com\\\/c\\\/AtamiInternational\",\"https:\\\/\\\/www.instagram.com\\\/atami.international\\\/\"],\"description\":\"ATAMI is a premium plant nutrition & substrate brand founded in 1997 with the mission to make exceptional cultivation achievable for everyone. From legacy to license, we offer a wide variety of innovating award-winning products to let cultivators achieve maximum results in taste & yield.\",\"email\":\"info@mginnovations.es\",\"legalName\":\"Atami\",\"numberOfEmployees\":{\"@type\":\"QuantitativeValue\",\"minValue\":\"11\",\"maxValue\":\"50\"}}]}<\/script>\n<!-- \/ Yoast SEO Premium plugin. -->","yoast_head_json":{"title":"ATA Clean : Gardez Vos Syst\u00e8mes d'Irrigation Propres et Efficaces","description":"ATA Clean est un nettoyant puissant qui aide \u00e0 \u00e9liminer les impuret\u00e9s et \u00e0 pr\u00e9server la sant\u00e9 de vos plantes. Optimisez leur croissance avec ce produit naturel et efficace.","robots":{"index":"index","follow":"follow","max-snippet":"max-snippet:-1","max-image-preview":"max-image-preview:large","max-video-preview":"max-video-preview:-1"},"canonical":"https:\/\/atami.com\/fr\/produit\/ata-clean","og_locale":"fr_FR","og_type":"article","og_title":"ATA Clean","og_description":"ATA Clean est un nettoyant puissant qui aide \u00e0 \u00e9liminer les impuret\u00e9s et \u00e0 pr\u00e9server la sant\u00e9 de vos plantes. Optimisez leur croissance avec ce produit naturel et efficace.","og_url":"https:\/\/atami.com\/fr\/produit\/ata-clean","og_site_name":"Atami","article_publisher":"https:\/\/www.facebook.com\/Atami.International","article_modified_time":"2025-11-10T13:09:27+00:00","og_image":[{"width":1080,"height":1080,"url":"https:\/\/atami.com\/wp-content\/uploads\/2023\/02\/ATA-Clean-Main-Image.webp","type":"image\/webp"}],"twitter_card":"summary_large_image","twitter_site":"@AtamiEU","twitter_misc":{"Dur\u00e9e de lecture estim\u00e9e":"2 minutes"},"schema":{"@context":"https:\/\/schema.org","@graph":[{"@type":"WebPage","@id":"https:\/\/atami.com\/fr\/produit\/ata-clean","url":"https:\/\/atami.com\/fr\/produit\/ata-clean","name":"ATA Clean : Gardez Vos Syst\u00e8mes d'Irrigation Propres et Efficaces","isPartOf":{"@id":"https:\/\/atami.com\/fr#website"},"primaryImageOfPage":{"@id":"https:\/\/atami.com\/fr\/produit\/ata-clean#primaryimage"},"image":{"@id":"https:\/\/atami.com\/fr\/produit\/ata-clean#primaryimage"},"thumbnailUrl":"https:\/\/atami.com\/wp-content\/uploads\/2023\/02\/ATA-Clean-Main-Image.webp","datePublished":"2023-02-09T10:59:07+00:00","dateModified":"2025-11-10T13:09:27+00:00","description":"ATA Clean est un nettoyant puissant qui aide \u00e0 \u00e9liminer les impuret\u00e9s et \u00e0 pr\u00e9server la sant\u00e9 de vos plantes. Optimisez leur croissance avec ce produit naturel et efficace.","breadcrumb":{"@id":"https:\/\/atami.com\/fr\/produit\/ata-clean#breadcrumb"},"inLanguage":"fr-FR","potentialAction":[{"@type":"ReadAction","target":["https:\/\/atami.com\/fr\/produit\/ata-clean"]}]},{"@type":"ImageObject","inLanguage":"fr-FR","@id":"https:\/\/atami.com\/fr\/produit\/ata-clean#primaryimage","url":"https:\/\/atami.com\/wp-content\/uploads\/2023\/02\/ATA-Clean-Main-Image.webp","contentUrl":"https:\/\/atami.com\/wp-content\/uploads\/2023\/02\/ATA-Clean-Main-Image.webp","width":1080,"height":1080,"caption":"ATA Clean garantit que votre syst\u00e8me d'irrigation reste enti\u00e8rement fonctionnel en emp\u00eachant et en nettoyant les r\u00e9sidus min\u00e9raux, le rendant soluble dans l'eau pour une \u00e9vacuation facile."},{"@type":"BreadcrumbList","@id":"https:\/\/atami.com\/fr\/produit\/ata-clean#breadcrumb","itemListElement":[{"@type":"ListItem","position":1,"name":"Home","item":"https:\/\/atami.com\/fr"},{"@type":"ListItem","position":2,"name":"Produits","item":"https:\/\/atami.com\/fr\/shop"},{"@type":"ListItem","position":3,"name":"Marques","item":"https:\/\/atami.com\/fr\/categorie-produit\/marques"},{"@type":"ListItem","position":4,"name":"ATA","item":"https:\/\/atami.com\/fr\/categorie-produit\/marques\/ata"},{"@type":"ListItem","position":5,"name":"ATA Clean"}]},{"@type":"WebSite","@id":"https:\/\/atami.com\/fr#website","url":"https:\/\/atami.com\/fr","name":"Atami","description":"NATURALLY INNOVATING!","publisher":{"@id":"https:\/\/atami.com\/fr#organization"},"potentialAction":[{"@type":"SearchAction","target":{"@type":"EntryPoint","urlTemplate":"https:\/\/atami.com\/fr?s={search_term_string}"},"query-input":{"@type":"PropertyValueSpecification","valueRequired":true,"valueName":"search_term_string"}}],"inLanguage":"fr-FR"},{"@type":"Organization","@id":"https:\/\/atami.com\/fr#organization","name":"Atami","url":"https:\/\/atami.com\/fr","logo":{"@type":"ImageObject","inLanguage":"fr-FR","@id":"https:\/\/atami.com\/fr#\/schema\/logo\/image\/","url":"https:\/\/atami.com\/wp-content\/uploads\/2026\/01\/Atami-logo-696x696px.webp","contentUrl":"https:\/\/atami.com\/wp-content\/uploads\/2026\/01\/Atami-logo-696x696px.webp","width":696,"height":696,"caption":"Atami"},"image":{"@id":"https:\/\/atami.com\/fr#\/schema\/logo\/image\/"},"sameAs":["https:\/\/www.facebook.com\/Atami.International","https:\/\/x.com\/AtamiEU","https:\/\/www.youtube.com\/c\/AtamiInternational","https:\/\/www.instagram.com\/atami.international\/"],"description":"ATAMI is a premium plant nutrition & substrate brand founded in 1997 with the mission to make exceptional cultivation achievable for everyone. From legacy to license, we offer a wide variety of innovating award-winning products to let cultivators achieve maximum results in taste & yield.","email":"info@mginnovations.es","legalName":"Atami","numberOfEmployees":{"@type":"QuantitativeValue","minValue":"11","maxValue":"50"}}]}},"_links":{"self":[{"href":"https:\/\/atami.com\/fr\/wp-json\/wp\/v2\/product\/21780","targetHints":{"allow":["GET"]}}],"collection":[{"href":"https:\/\/atami.com\/fr\/wp-json\/wp\/v2\/product"}],"about":[{"href":"https:\/\/atami.com\/fr\/wp-json\/wp\/v2\/types\/product"}],"replies":[{"embeddable":true,"href":"https:\/\/atami.com\/fr\/wp-json\/wp\/v2\/comments?post=21780"}],"wp:featuredmedia":[{"embeddable":true,"href":"https:\/\/atami.com\/fr\/wp-json\/wp\/v2\/media\/23866"}],"wp:attachment":[{"href":"https:\/\/atami.com\/fr\/wp-json\/wp\/v2\/media?parent=21780"}],"wp:term":[{"taxonomy":"product_brand","embeddable":true,"href":"https:\/\/atami.com\/fr\/wp-json\/wp\/v2\/product_brand?post=21780"},{"taxonomy":"product_cat","embeddable":true,"href":"https:\/\/atami.com\/fr\/wp-json\/wp\/v2\/product_cat?post=21780"},{"taxonomy":"product_tag","embeddable":true,"href":"https:\/\/atami.com\/fr\/wp-json\/wp\/v2\/product_tag?post=21780"}],"curies":[{"name":"wp","href":"https:\/\/api.w.org\/{rel}","templated":true}]}}