{"id":21772,"date":"2023-02-09T10:22:15","date_gmt":"2023-02-09T10:22:15","guid":{"rendered":"https:\/\/atami.com\/product\/ata-calmag\/"},"modified":"2025-11-10T15:08:42","modified_gmt":"2025-11-10T13:08:42","slug":"ata-calmag","status":"publish","type":"product","link":"https:\/\/atami.com\/fr\/produit\/ata-calmag","title":{"rendered":"ATA Calmag"},"content":{"rendered":"<p><strong>Un additif \u00e0 action rapide et professionnel, applicable sur tous types de substrats. ATA Calmag est un cocktail nutritif qui fournit le suppl\u00e9ment de calcium et de magn\u00e9sium dont vos plantes ont besoin.<\/strong><\/p>\n<p>&nbsp;<\/p>\n<p>Ces \u00e9l\u00e9ments nutritionnels secondaires sont indispensables pour favoriser une croissance optimale de la plante car ils ont des r\u00f4les essentiels dans la formation des parois cellulaires et l\u2019absorption de l\u2019\u00e9nergie lumineuse. ATA Calmag est id\u00e9al lorsqu\u2019il est utilis\u00e9 pour cultiver avec de l\u2019eau douce ou de l\u2019eau d\u00e9min\u00e9ralis\u00e9e. C\u2019est \u00e9galement un excellent compl\u00e9ment \u00e0 votre r\u00e9gime d\u2019engrais habituel.<\/p>\n<p>&nbsp;<\/p>\n<p><strong>PARTICULI\u00c8REMENT ADAPT\u00c9 POUR<\/strong><br \/>\nDiff\u00e9rents types de l\u00e9gumes, fruits et herbes comme les tomates, les courgettes, les poivrons, les fraises et le chou, etc. Le dosage requis peut \u00eatre mesur\u00e9 pour r\u00e9pondre aux besoins des plantes individuelles ou des cultures.<\/p>\n<p>&nbsp;<\/p>\n<p><strong>UTILISATION<\/strong><br \/>\nUtilisez ATA Calmag pour enrichir une eau pauvre en calcium et en magn\u00e9sium ou comme compl\u00e9ment \u00e0 votre solution fertilisante habituelle. Utilisez de l\u2019eau \u00e0 temp\u00e9rature ambiante (21 \u00b0C) pour un r\u00e9sultat optimal.<\/p>\n<p>&nbsp;<\/p>\n<p><strong>DOSAGE<\/strong><br \/>\n0,1 \u2013 1 ml par litre d\u2019eau.<\/p>\n<p>&nbsp;<\/p>\n<p><strong>N 6 W\/W<\/strong><\/p>\n<p>&nbsp;<\/p>\n<p><strong>DISPONIBLE EN 250 ML, 1 L, 5 L<\/strong><\/p>\n","protected":false},"excerpt":{"rendered":"<p>Un additif \u00e0 base de calcium et de magn\u00e9sium enrichi en fer<\/p>\n<p>Garantit une croissance acc\u00e9l\u00e9r\u00e9e et vigoureuse<\/p>\n","protected":false},"featured_media":202648,"comment_status":"closed","ping_status":"closed","template":"","meta":{"_acf_changed":false,"iawp_total_views":195},"product_brand":[],"product_cat":[181,179],"product_tag":[],"class_list":{"0":"post-21772","1":"product","2":"type-product","3":"status-publish","4":"has-post-thumbnail","6":"product_cat-additifs","7":"product_cat-ata","9":"first","10":"instock","11":"shipping-taxable","12":"product-type-simple"},"acf":{"short_description":"<p><strong>Un additif \u00e0 action rapide et professionnel, applicable sur tous types de substrats. ATA Calmag est un cocktail nutritif qui fournit le suppl\u00e9ment de calcium et de magn\u00e9sium dont vos plantes ont besoin.<\/strong><\/p><p>&nbsp;<\/p><p>Ces \u00e9l\u00e9ments nutritionnels secondaires sont indispensables pour favoriser une croissance optimale de la plante car ils ont des r\u00f4les essentiels dans la formation des parois cellulaires et l\u2019absorption de l\u2019\u00e9nergie lumineuse. ATA Calmag est id\u00e9al lorsqu\u2019il est utilis\u00e9 pour cultiver avec de l\u2019eau douce ou de l\u2019eau d\u00e9min\u00e9ralis\u00e9e. C\u2019est \u00e9galement un excellent compl\u00e9ment \u00e0 votre r\u00e9gime d\u2019engrais habituel.<\/p>","suitable_for":"<p>Diff\u00e9rents types de l\u00e9gumes, fruits et herbes comme les tomates, les courgettes, les poivrons, les fraises et le chou, etc. Le dosage requis peut \u00eatre mesur\u00e9 pour r\u00e9pondre aux besoins des plantes individuelles ou des cultures.<\/p>","application":"<p>Utilisez ATA Calmag pour enrichir une eau pauvre en calcium et en magn\u00e9sium ou comme compl\u00e9ment \u00e0 votre solution fertilisante habituelle. Utilisez de l\u2019eau \u00e0 temp\u00e9rature ambiante (21 \u00b0C) pour un r\u00e9sultat optimal.<\/p>","dosage":"<p>0,1 \u2013 1 ml par litre d\u2019eau.<\/p>","npk_ratio":"<p>N 6 W\/W<\/p>","available_in":"<p>250 ML, 1 L, 5 L<\/p>","icon_1":1753,"icon_1_text":"PLUS DE CALCIUM, DES PAROIS CELLULAIRES PLUS SOLIDES, PLUS DE MAGN\u00c9SIUM, PLUS DE R\u00c9SISTANCE ! PLUS DE CHLOROPHYLLE, PLUS D\u2019\u00c9NERGIE !","icon_2":1757,"icon_2_text":"AUGMENTATION DE L\u2019ABSORPTION DES NUTRIMENTS","icon_3":1761,"icon_3_text":"STIMULE DES FLEURS DE MEILLEURE QUALIT\u00c9","icon_4":"","icon_4_text":"","video":"","second_image":1749,"product_image_page":4060,"user_manual":"","new_icon_1":"","new_icon_2":"","new_icon_3":"","new_icon_4":"","grow_guides":"","category":"Additif"},"yoast_head":"<!-- This site is optimized with the Yoast SEO Premium plugin v27.4 (Yoast SEO v27.4) - https:\/\/yoast.com\/product\/yoast-seo-premium-wordpress\/ -->\n<title>ATA Calmag : \u00c9quilibrez Calcium et Magn\u00e9sium pour des Plantes Saines<\/title>\n<meta name=\"description\" content=\"Ata Calmag est un engrais essentiel pour combler les carences en calcium et magn\u00e9sium dans vos plantes. Id\u00e9al pour optimiser la croissance et la sant\u00e9 de vos cultures.\" \/>\n<meta name=\"robots\" content=\"index, follow, max-snippet:-1, max-image-preview:large, max-video-preview:-1\" \/>\n<link rel=\"canonical\" href=\"https:\/\/atami.com\/fr\/produit\/ata-calmag\" \/>\n<meta property=\"og:locale\" content=\"fr_FR\" \/>\n<meta property=\"og:type\" content=\"article\" \/>\n<meta property=\"og:title\" content=\"ATA Calmag\" \/>\n<meta property=\"og:description\" content=\"Ata Calmag est un engrais essentiel pour combler les carences en calcium et magn\u00e9sium dans vos plantes. Id\u00e9al pour optimiser la croissance et la sant\u00e9 de vos cultures.\" \/>\n<meta property=\"og:url\" content=\"https:\/\/atami.com\/fr\/produit\/ata-calmag\" \/>\n<meta property=\"og:site_name\" content=\"Atami\" \/>\n<meta property=\"article:publisher\" content=\"https:\/\/www.facebook.com\/Atami.International\" \/>\n<meta property=\"article:modified_time\" content=\"2025-11-10T13:08:42+00:00\" \/>\n<meta property=\"og:image\" content=\"https:\/\/atami.com\/wp-content\/uploads\/2025\/01\/ATA-Calmag-product-image-FR-1.webp\" \/>\n\t<meta property=\"og:image:width\" content=\"1080\" \/>\n\t<meta property=\"og:image:height\" content=\"1080\" \/>\n\t<meta property=\"og:image:type\" content=\"image\/webp\" \/>\n<meta name=\"twitter:card\" content=\"summary_large_image\" \/>\n<meta name=\"twitter:site\" content=\"@AtamiEU\" \/>\n<meta name=\"twitter:label1\" content=\"Dur\u00e9e de lecture estim\u00e9e\" \/>\n\t<meta name=\"twitter:data1\" content=\"1 minute\" \/>\n<script type=\"application\/ld+json\" class=\"yoast-schema-graph\">{\"@context\":\"https:\\\/\\\/schema.org\",\"@graph\":[{\"@type\":\"WebPage\",\"@id\":\"https:\\\/\\\/atami.com\\\/fr\\\/produit\\\/ata-calmag\",\"url\":\"https:\\\/\\\/atami.com\\\/fr\\\/produit\\\/ata-calmag\",\"name\":\"ATA Calmag : \u00c9quilibrez Calcium et Magn\u00e9sium pour des Plantes Saines\",\"isPartOf\":{\"@id\":\"https:\\\/\\\/atami.com\\\/fr#website\"},\"primaryImageOfPage\":{\"@id\":\"https:\\\/\\\/atami.com\\\/fr\\\/produit\\\/ata-calmag#primaryimage\"},\"image\":{\"@id\":\"https:\\\/\\\/atami.com\\\/fr\\\/produit\\\/ata-calmag#primaryimage\"},\"thumbnailUrl\":\"https:\\\/\\\/atami.com\\\/wp-content\\\/uploads\\\/2025\\\/01\\\/ATA-Calmag-product-image-FR-1.webp\",\"datePublished\":\"2023-02-09T10:22:15+00:00\",\"dateModified\":\"2025-11-10T13:08:42+00:00\",\"description\":\"Ata Calmag est un engrais essentiel pour combler les carences en calcium et magn\u00e9sium dans vos plantes. Id\u00e9al pour optimiser la croissance et la sant\u00e9 de vos cultures.\",\"breadcrumb\":{\"@id\":\"https:\\\/\\\/atami.com\\\/fr\\\/produit\\\/ata-calmag#breadcrumb\"},\"inLanguage\":\"fr-FR\",\"potentialAction\":[{\"@type\":\"ReadAction\",\"target\":[\"https:\\\/\\\/atami.com\\\/fr\\\/produit\\\/ata-calmag\"]}]},{\"@type\":\"ImageObject\",\"inLanguage\":\"fr-FR\",\"@id\":\"https:\\\/\\\/atami.com\\\/fr\\\/produit\\\/ata-calmag#primaryimage\",\"url\":\"https:\\\/\\\/atami.com\\\/wp-content\\\/uploads\\\/2025\\\/01\\\/ATA-Calmag-product-image-FR-1.webp\",\"contentUrl\":\"https:\\\/\\\/atami.com\\\/wp-content\\\/uploads\\\/2025\\\/01\\\/ATA-Calmag-product-image-FR-1.webp\",\"width\":1080,\"height\":1080,\"caption\":\"ATA Calmag fournit du calcium et du magn\u00e9sium suppl\u00e9mentaires pour renforcer la structure des plantes et am\u00e9liorer l'absorption des nutriments.\"},{\"@type\":\"BreadcrumbList\",\"@id\":\"https:\\\/\\\/atami.com\\\/fr\\\/produit\\\/ata-calmag#breadcrumb\",\"itemListElement\":[{\"@type\":\"ListItem\",\"position\":1,\"name\":\"Home\",\"item\":\"https:\\\/\\\/atami.com\\\/fr\"},{\"@type\":\"ListItem\",\"position\":2,\"name\":\"Produits\",\"item\":\"https:\\\/\\\/atami.com\\\/fr\\\/shop\"},{\"@type\":\"ListItem\",\"position\":3,\"name\":\"Marques\",\"item\":\"https:\\\/\\\/atami.com\\\/fr\\\/categorie-produit\\\/marques\"},{\"@type\":\"ListItem\",\"position\":4,\"name\":\"ATA\",\"item\":\"https:\\\/\\\/atami.com\\\/fr\\\/categorie-produit\\\/marques\\\/ata\"},{\"@type\":\"ListItem\",\"position\":5,\"name\":\"ATA Calmag\"}]},{\"@type\":\"WebSite\",\"@id\":\"https:\\\/\\\/atami.com\\\/fr#website\",\"url\":\"https:\\\/\\\/atami.com\\\/fr\",\"name\":\"Atami\",\"description\":\"NATURALLY INNOVATING!\",\"publisher\":{\"@id\":\"https:\\\/\\\/atami.com\\\/fr#organization\"},\"potentialAction\":[{\"@type\":\"SearchAction\",\"target\":{\"@type\":\"EntryPoint\",\"urlTemplate\":\"https:\\\/\\\/atami.com\\\/fr?s={search_term_string}\"},\"query-input\":{\"@type\":\"PropertyValueSpecification\",\"valueRequired\":true,\"valueName\":\"search_term_string\"}}],\"inLanguage\":\"fr-FR\"},{\"@type\":\"Organization\",\"@id\":\"https:\\\/\\\/atami.com\\\/fr#organization\",\"name\":\"Atami\",\"url\":\"https:\\\/\\\/atami.com\\\/fr\",\"logo\":{\"@type\":\"ImageObject\",\"inLanguage\":\"fr-FR\",\"@id\":\"https:\\\/\\\/atami.com\\\/fr#\\\/schema\\\/logo\\\/image\\\/\",\"url\":\"https:\\\/\\\/atami.com\\\/wp-content\\\/uploads\\\/2026\\\/01\\\/Atami-logo-696x696px.webp\",\"contentUrl\":\"https:\\\/\\\/atami.com\\\/wp-content\\\/uploads\\\/2026\\\/01\\\/Atami-logo-696x696px.webp\",\"width\":696,\"height\":696,\"caption\":\"Atami\"},\"image\":{\"@id\":\"https:\\\/\\\/atami.com\\\/fr#\\\/schema\\\/logo\\\/image\\\/\"},\"sameAs\":[\"https:\\\/\\\/www.facebook.com\\\/Atami.International\",\"https:\\\/\\\/x.com\\\/AtamiEU\",\"https:\\\/\\\/www.youtube.com\\\/c\\\/AtamiInternational\",\"https:\\\/\\\/www.instagram.com\\\/atami.international\\\/\"],\"description\":\"ATAMI is a premium plant nutrition & substrate brand founded in 1997 with the mission to make exceptional cultivation achievable for everyone. From legacy to license, we offer a wide variety of innovating award-winning products to let cultivators achieve maximum results in taste & yield.\",\"email\":\"info@mginnovations.es\",\"legalName\":\"Atami\",\"numberOfEmployees\":{\"@type\":\"QuantitativeValue\",\"minValue\":\"11\",\"maxValue\":\"50\"}}]}<\/script>\n<!-- \/ Yoast SEO Premium plugin. -->","yoast_head_json":{"title":"ATA Calmag : \u00c9quilibrez Calcium et Magn\u00e9sium pour des Plantes Saines","description":"Ata Calmag est un engrais essentiel pour combler les carences en calcium et magn\u00e9sium dans vos plantes. Id\u00e9al pour optimiser la croissance et la sant\u00e9 de vos cultures.","robots":{"index":"index","follow":"follow","max-snippet":"max-snippet:-1","max-image-preview":"max-image-preview:large","max-video-preview":"max-video-preview:-1"},"canonical":"https:\/\/atami.com\/fr\/produit\/ata-calmag","og_locale":"fr_FR","og_type":"article","og_title":"ATA Calmag","og_description":"Ata Calmag est un engrais essentiel pour combler les carences en calcium et magn\u00e9sium dans vos plantes. Id\u00e9al pour optimiser la croissance et la sant\u00e9 de vos cultures.","og_url":"https:\/\/atami.com\/fr\/produit\/ata-calmag","og_site_name":"Atami","article_publisher":"https:\/\/www.facebook.com\/Atami.International","article_modified_time":"2025-11-10T13:08:42+00:00","og_image":[{"width":1080,"height":1080,"url":"https:\/\/atami.com\/wp-content\/uploads\/2025\/01\/ATA-Calmag-product-image-FR-1.webp","type":"image\/webp"}],"twitter_card":"summary_large_image","twitter_site":"@AtamiEU","twitter_misc":{"Dur\u00e9e de lecture estim\u00e9e":"1 minute"},"schema":{"@context":"https:\/\/schema.org","@graph":[{"@type":"WebPage","@id":"https:\/\/atami.com\/fr\/produit\/ata-calmag","url":"https:\/\/atami.com\/fr\/produit\/ata-calmag","name":"ATA Calmag : \u00c9quilibrez Calcium et Magn\u00e9sium pour des Plantes Saines","isPartOf":{"@id":"https:\/\/atami.com\/fr#website"},"primaryImageOfPage":{"@id":"https:\/\/atami.com\/fr\/produit\/ata-calmag#primaryimage"},"image":{"@id":"https:\/\/atami.com\/fr\/produit\/ata-calmag#primaryimage"},"thumbnailUrl":"https:\/\/atami.com\/wp-content\/uploads\/2025\/01\/ATA-Calmag-product-image-FR-1.webp","datePublished":"2023-02-09T10:22:15+00:00","dateModified":"2025-11-10T13:08:42+00:00","description":"Ata Calmag est un engrais essentiel pour combler les carences en calcium et magn\u00e9sium dans vos plantes. Id\u00e9al pour optimiser la croissance et la sant\u00e9 de vos cultures.","breadcrumb":{"@id":"https:\/\/atami.com\/fr\/produit\/ata-calmag#breadcrumb"},"inLanguage":"fr-FR","potentialAction":[{"@type":"ReadAction","target":["https:\/\/atami.com\/fr\/produit\/ata-calmag"]}]},{"@type":"ImageObject","inLanguage":"fr-FR","@id":"https:\/\/atami.com\/fr\/produit\/ata-calmag#primaryimage","url":"https:\/\/atami.com\/wp-content\/uploads\/2025\/01\/ATA-Calmag-product-image-FR-1.webp","contentUrl":"https:\/\/atami.com\/wp-content\/uploads\/2025\/01\/ATA-Calmag-product-image-FR-1.webp","width":1080,"height":1080,"caption":"ATA Calmag fournit du calcium et du magn\u00e9sium suppl\u00e9mentaires pour renforcer la structure des plantes et am\u00e9liorer l'absorption des nutriments."},{"@type":"BreadcrumbList","@id":"https:\/\/atami.com\/fr\/produit\/ata-calmag#breadcrumb","itemListElement":[{"@type":"ListItem","position":1,"name":"Home","item":"https:\/\/atami.com\/fr"},{"@type":"ListItem","position":2,"name":"Produits","item":"https:\/\/atami.com\/fr\/shop"},{"@type":"ListItem","position":3,"name":"Marques","item":"https:\/\/atami.com\/fr\/categorie-produit\/marques"},{"@type":"ListItem","position":4,"name":"ATA","item":"https:\/\/atami.com\/fr\/categorie-produit\/marques\/ata"},{"@type":"ListItem","position":5,"name":"ATA Calmag"}]},{"@type":"WebSite","@id":"https:\/\/atami.com\/fr#website","url":"https:\/\/atami.com\/fr","name":"Atami","description":"NATURALLY INNOVATING!","publisher":{"@id":"https:\/\/atami.com\/fr#organization"},"potentialAction":[{"@type":"SearchAction","target":{"@type":"EntryPoint","urlTemplate":"https:\/\/atami.com\/fr?s={search_term_string}"},"query-input":{"@type":"PropertyValueSpecification","valueRequired":true,"valueName":"search_term_string"}}],"inLanguage":"fr-FR"},{"@type":"Organization","@id":"https:\/\/atami.com\/fr#organization","name":"Atami","url":"https:\/\/atami.com\/fr","logo":{"@type":"ImageObject","inLanguage":"fr-FR","@id":"https:\/\/atami.com\/fr#\/schema\/logo\/image\/","url":"https:\/\/atami.com\/wp-content\/uploads\/2026\/01\/Atami-logo-696x696px.webp","contentUrl":"https:\/\/atami.com\/wp-content\/uploads\/2026\/01\/Atami-logo-696x696px.webp","width":696,"height":696,"caption":"Atami"},"image":{"@id":"https:\/\/atami.com\/fr#\/schema\/logo\/image\/"},"sameAs":["https:\/\/www.facebook.com\/Atami.International","https:\/\/x.com\/AtamiEU","https:\/\/www.youtube.com\/c\/AtamiInternational","https:\/\/www.instagram.com\/atami.international\/"],"description":"ATAMI is a premium plant nutrition & substrate brand founded in 1997 with the mission to make exceptional cultivation achievable for everyone. From legacy to license, we offer a wide variety of innovating award-winning products to let cultivators achieve maximum results in taste & yield.","email":"info@mginnovations.es","legalName":"Atami","numberOfEmployees":{"@type":"QuantitativeValue","minValue":"11","maxValue":"50"}}]}},"_links":{"self":[{"href":"https:\/\/atami.com\/fr\/wp-json\/wp\/v2\/product\/21772","targetHints":{"allow":["GET"]}}],"collection":[{"href":"https:\/\/atami.com\/fr\/wp-json\/wp\/v2\/product"}],"about":[{"href":"https:\/\/atami.com\/fr\/wp-json\/wp\/v2\/types\/product"}],"replies":[{"embeddable":true,"href":"https:\/\/atami.com\/fr\/wp-json\/wp\/v2\/comments?post=21772"}],"wp:featuredmedia":[{"embeddable":true,"href":"https:\/\/atami.com\/fr\/wp-json\/wp\/v2\/media\/202648"}],"wp:attachment":[{"href":"https:\/\/atami.com\/fr\/wp-json\/wp\/v2\/media?parent=21772"}],"wp:term":[{"taxonomy":"product_brand","embeddable":true,"href":"https:\/\/atami.com\/fr\/wp-json\/wp\/v2\/product_brand?post=21772"},{"taxonomy":"product_cat","embeddable":true,"href":"https:\/\/atami.com\/fr\/wp-json\/wp\/v2\/product_cat?post=21772"},{"taxonomy":"product_tag","embeddable":true,"href":"https:\/\/atami.com\/fr\/wp-json\/wp\/v2\/product_tag?post=21772"}],"curies":[{"name":"wp","href":"https:\/\/api.w.org\/{rel}","templated":true}]}}