{"id":21763,"date":"2023-02-08T13:25:05","date_gmt":"2023-02-08T13:25:05","guid":{"rendered":"https:\/\/atami.com\/product\/ata-xl\/"},"modified":"2025-11-10T14:32:19","modified_gmt":"2025-11-10T12:32:19","slug":"ata-xl","status":"publish","type":"product","link":"https:\/\/atami.com\/fr\/produit\/ata-xl","title":{"rendered":"ATA-XL"},"content":{"rendered":"<p><strong>ATA-XL est un produit sp\u00e9cial : il est le seul produit sur le march\u00e9 qui r\u00e9unit un stimulateur de croissance et un stimulateur de floraison en une solution unique. Ce produit universel est compos\u00e9 d\u2019extraits v\u00e9g\u00e9taux, d\u2019acides humiques et de min\u00e9raux PK. La plante est ainsi aliment\u00e9e de mani\u00e8re optimale en nutriments pendant les phases de croissance et de floraison.<\/strong><\/p>\n<p>&nbsp;<\/p>\n<p>Les acides humiques d\u2019ATA-XL ont un effet ch\u00e9latant qui les rend plus absorbables par la plante. Ces acides ont \u00e9galement un effet stimulant sur les poils racinaires, am\u00e9liorant la capacit\u00e9 des racines \u00e0 absorber les nutriments. Un bon dosage de nutriments primaires PK est id\u00e9al pour d\u00e9marrer la phase de floraison car ces \u00e9l\u00e9ments sont responsables du stockage et du transport de l\u2019\u00e9nergie et augmentent le volume des fleurs et des fruits.<\/p>\n<p>&nbsp;<\/p>\n<p><strong>PARTICULI\u00c8REMENT ADAPT\u00c9 POUR<\/strong><br \/>\nATA-XL est un nutriment universel adapt\u00e9 pour diff\u00e9rents types de fruits, l\u00e9gumes et herbes comme les myrtilles, les framboises et les fraises. Il peut \u00e9galement \u00eatre utilis\u00e9 pour les plantes ornementales \u00e0 fleurs (par ex. : les orchid\u00e9es, l\u2019Anthurium). Le dosage requis peut \u00eatre mesur\u00e9 pour r\u00e9pondre aux besoins de n\u2019importe quelle plante individuelle ou culture.<\/p>\n<p>&nbsp;<\/p>\n<p><strong>UTILISATION<\/strong><br \/>\nPeut \u00eatre utilis\u00e9 pendant tout le cycle qui suit la prise de racines, en compl\u00e9ment de la nutrition NPK habituelle. Adapt\u00e9 pour les cultures en terre, hydro et coco.<\/p>\n<p>&nbsp;<\/p>\n<p><strong>DOSAGE<\/strong><br \/>\n1 ml par litre d\u2019eau.<\/p>\n<p>&nbsp;<\/p>\n<p><strong>PK 5-4 W\/W<\/strong><\/p>\n<p>&nbsp;<\/p>\n<p><strong>DISPONIBLE EN 1 LITRE, 5 L, 10 L<\/strong><\/p>\n","protected":false},"excerpt":{"rendered":"<p>Pour des racines plus fortes et des fleurs et des fruits plus volumineux<\/p>\n","protected":false},"featured_media":23806,"comment_status":"closed","ping_status":"closed","template":"","meta":{"_acf_changed":false,"iawp_total_views":55},"product_brand":[],"product_cat":[179,177],"product_tag":[],"class_list":{"0":"post-21763","1":"product","2":"type-product","3":"status-publish","4":"has-post-thumbnail","6":"product_cat-ata","7":"product_cat-stimulateurs","9":"first","10":"instock","11":"shipping-taxable","12":"product-type-simple"},"acf":{"short_description":"<p><strong>ATA-XL est un produit sp\u00e9cial : il est le seul produit sur le march\u00e9 qui r\u00e9unit un stimulateur de croissance et un stimulateur de floraison en une solution unique. Ce produit universel est compos\u00e9 d\u2019extraits v\u00e9g\u00e9taux, d\u2019acides humiques et de min\u00e9raux PK. La plante est ainsi aliment\u00e9e de mani\u00e8re optimale en nutriments pendant les phases de croissance et de floraison.<\/strong><\/p><p>&nbsp;<\/p><p>Les acides humiques d\u2019ATA-XL ont un effet ch\u00e9latant qui les rend plus absorbables par la plante. Ces acides ont \u00e9galement un effet stimulant sur les poils racinaires, am\u00e9liorant la capacit\u00e9 des racines \u00e0 absorber les nutriments. Un bon dosage de nutriments primaires PK est id\u00e9al pour d\u00e9marrer la phase de floraison car ces \u00e9l\u00e9ments sont responsables du stockage et du transport de l\u2019\u00e9nergie et augmentent le volume des fleurs et des fruits.<\/p>","suitable_for":"<p>ATA-XL est un nutriment universel adapt\u00e9 pour diff\u00e9rents types de fruits, l\u00e9gumes et herbes comme les myrtilles, les framboises et les fraises. Il peut \u00e9galement \u00eatre utilis\u00e9 pour les plantes ornementales \u00e0 fleurs (par ex. : les orchid\u00e9es, l\u2019Anthurium). Le dosage requis peut \u00eatre mesur\u00e9 pour r\u00e9pondre aux besoins de n\u2019importe quelle plante individuelle ou culture.<\/p>","application":"<p>Peut \u00eatre utilis\u00e9 pendant tout le cycle qui suit la prise de racines, en compl\u00e9ment de la nutrition NPK habituelle. Adapt\u00e9 pour les cultures en terre, hydro et coco.<\/p>","dosage":"<p>1 ml par litre d\u2019eau.<\/p>","npk_ratio":"<p>PK 5-4 W\/W<\/p>","available_in":"<p>1 LITRE, 5 L, 10 L<\/p>","icon_1":1679,"icon_1_text":"UN STIMULATEUR DE CROISSANCE ET DE FLORAISON DEUX EN UN","icon_2":1683,"icon_2_text":"STIMULE LES POILS RACINAIRES POUR L\u2019OBTENTION DE RACINES FORTES : CONTIENT DES ACIDES HUMIQUES QUI FACILITENT L\u2019ABSORBTION DES NUTRIMENTS !","icon_3":1687,"icon_3_text":"DES FLEURS ET DES FRUITS PLUS VOLUMINEUX","icon_4":"","icon_4_text":"","video":"https:\/\/youtu.be\/uJN248KmeNU","second_image":1674,"product_image_page":25630,"user_manual":"","new_icon_1":"","new_icon_2":"","new_icon_3":"","new_icon_4":"","grow_guides":"","category":"Stimulateur"},"yoast_head":"<!-- This site is optimized with the Yoast SEO Premium plugin v27.5 (Yoast SEO v27.5) - https:\/\/yoast.com\/product\/yoast-seo-premium-wordpress\/ -->\n<title>ATA XL : Stimulez la Croissance de Vos Plantes avec Ce Fertilisant<\/title>\n<meta name=\"description\" content=\"Ata XL est un fertilisant puissant con\u00e7u pour stimuler une croissance saine et rapide des plantes. Sa formule unique favorise un d\u00e9veloppement vigoureux et une r\u00e9colte abondante. Id\u00e9al pour les cultivateurs exigeants.\" \/>\n<meta name=\"robots\" content=\"index, follow, max-snippet:-1, max-image-preview:large, max-video-preview:-1\" \/>\n<link rel=\"canonical\" href=\"https:\/\/atami.com\/fr\/produit\/ata-xl\" \/>\n<meta property=\"og:locale\" content=\"fr_FR\" \/>\n<meta property=\"og:type\" content=\"article\" \/>\n<meta property=\"og:title\" content=\"ATA-XL\" \/>\n<meta property=\"og:description\" content=\"Ata XL est un fertilisant puissant con\u00e7u pour stimuler une croissance saine et rapide des plantes. Sa formule unique favorise un d\u00e9veloppement vigoureux et une r\u00e9colte abondante. Id\u00e9al pour les cultivateurs exigeants.\" \/>\n<meta property=\"og:url\" content=\"https:\/\/atami.com\/fr\/produit\/ata-xl\" \/>\n<meta property=\"og:site_name\" content=\"Atami\" \/>\n<meta property=\"article:publisher\" content=\"https:\/\/www.facebook.com\/Atami.International\" \/>\n<meta property=\"article:modified_time\" content=\"2025-11-10T12:32:19+00:00\" \/>\n<meta property=\"og:image\" content=\"https:\/\/atami.com\/wp-content\/uploads\/2023\/02\/ATA-XL-Main-Image.webp\" \/>\n\t<meta property=\"og:image:width\" content=\"1080\" \/>\n\t<meta property=\"og:image:height\" content=\"1080\" \/>\n\t<meta property=\"og:image:type\" content=\"image\/webp\" \/>\n<meta name=\"twitter:card\" content=\"summary_large_image\" \/>\n<meta name=\"twitter:site\" content=\"@AtamiEU\" \/>\n<meta name=\"twitter:label1\" content=\"Dur\u00e9e de lecture estim\u00e9e\" \/>\n\t<meta name=\"twitter:data1\" content=\"2 minutes\" \/>\n<script type=\"application\/ld+json\" class=\"yoast-schema-graph\">{\"@context\":\"https:\\\/\\\/schema.org\",\"@graph\":[{\"@type\":\"WebPage\",\"@id\":\"https:\\\/\\\/atami.com\\\/fr\\\/produit\\\/ata-xl\",\"url\":\"https:\\\/\\\/atami.com\\\/fr\\\/produit\\\/ata-xl\",\"name\":\"ATA XL : Stimulez la Croissance de Vos Plantes avec Ce Fertilisant\",\"isPartOf\":{\"@id\":\"https:\\\/\\\/atami.com\\\/fr#website\"},\"primaryImageOfPage\":{\"@id\":\"https:\\\/\\\/atami.com\\\/fr\\\/produit\\\/ata-xl#primaryimage\"},\"image\":{\"@id\":\"https:\\\/\\\/atami.com\\\/fr\\\/produit\\\/ata-xl#primaryimage\"},\"thumbnailUrl\":\"https:\\\/\\\/atami.com\\\/wp-content\\\/uploads\\\/2023\\\/02\\\/ATA-XL-Main-Image.webp\",\"datePublished\":\"2023-02-08T13:25:05+00:00\",\"dateModified\":\"2025-11-10T12:32:19+00:00\",\"description\":\"Ata XL est un fertilisant puissant con\u00e7u pour stimuler une croissance saine et rapide des plantes. Sa formule unique favorise un d\u00e9veloppement vigoureux et une r\u00e9colte abondante. Id\u00e9al pour les cultivateurs exigeants.\",\"breadcrumb\":{\"@id\":\"https:\\\/\\\/atami.com\\\/fr\\\/produit\\\/ata-xl#breadcrumb\"},\"inLanguage\":\"fr-FR\",\"potentialAction\":[{\"@type\":\"ReadAction\",\"target\":[\"https:\\\/\\\/atami.com\\\/fr\\\/produit\\\/ata-xl\"]}]},{\"@type\":\"ImageObject\",\"inLanguage\":\"fr-FR\",\"@id\":\"https:\\\/\\\/atami.com\\\/fr\\\/produit\\\/ata-xl#primaryimage\",\"url\":\"https:\\\/\\\/atami.com\\\/wp-content\\\/uploads\\\/2023\\\/02\\\/ATA-XL-Main-Image.webp\",\"contentUrl\":\"https:\\\/\\\/atami.com\\\/wp-content\\\/uploads\\\/2023\\\/02\\\/ATA-XL-Main-Image.webp\",\"width\":1080,\"height\":1080,\"caption\":\"ATA-XL favorise des racines fortes et augmente le volume des fleurs et des fruits gr\u00e2ce \u00e0 son m\u00e9lange unique d'ingr\u00e9dients naturels.\"},{\"@type\":\"BreadcrumbList\",\"@id\":\"https:\\\/\\\/atami.com\\\/fr\\\/produit\\\/ata-xl#breadcrumb\",\"itemListElement\":[{\"@type\":\"ListItem\",\"position\":1,\"name\":\"Home\",\"item\":\"https:\\\/\\\/atami.com\\\/fr\"},{\"@type\":\"ListItem\",\"position\":2,\"name\":\"Produits\",\"item\":\"https:\\\/\\\/atami.com\\\/fr\\\/shop\"},{\"@type\":\"ListItem\",\"position\":3,\"name\":\"Marques\",\"item\":\"https:\\\/\\\/atami.com\\\/fr\\\/categorie-produit\\\/marques\"},{\"@type\":\"ListItem\",\"position\":4,\"name\":\"ATA\",\"item\":\"https:\\\/\\\/atami.com\\\/fr\\\/categorie-produit\\\/marques\\\/ata\"},{\"@type\":\"ListItem\",\"position\":5,\"name\":\"ATA-XL\"}]},{\"@type\":\"WebSite\",\"@id\":\"https:\\\/\\\/atami.com\\\/fr#website\",\"url\":\"https:\\\/\\\/atami.com\\\/fr\",\"name\":\"Atami\",\"description\":\"NATURALLY INNOVATING!\",\"publisher\":{\"@id\":\"https:\\\/\\\/atami.com\\\/fr#organization\"},\"potentialAction\":[{\"@type\":\"SearchAction\",\"target\":{\"@type\":\"EntryPoint\",\"urlTemplate\":\"https:\\\/\\\/atami.com\\\/fr?s={search_term_string}\"},\"query-input\":{\"@type\":\"PropertyValueSpecification\",\"valueRequired\":true,\"valueName\":\"search_term_string\"}}],\"inLanguage\":\"fr-FR\"},{\"@type\":\"Organization\",\"@id\":\"https:\\\/\\\/atami.com\\\/fr#organization\",\"name\":\"Atami\",\"url\":\"https:\\\/\\\/atami.com\\\/fr\",\"logo\":{\"@type\":\"ImageObject\",\"inLanguage\":\"fr-FR\",\"@id\":\"https:\\\/\\\/atami.com\\\/fr#\\\/schema\\\/logo\\\/image\\\/\",\"url\":\"https:\\\/\\\/atami.com\\\/wp-content\\\/uploads\\\/2026\\\/01\\\/Atami-logo-696x696px.webp\",\"contentUrl\":\"https:\\\/\\\/atami.com\\\/wp-content\\\/uploads\\\/2026\\\/01\\\/Atami-logo-696x696px.webp\",\"width\":696,\"height\":696,\"caption\":\"Atami\"},\"image\":{\"@id\":\"https:\\\/\\\/atami.com\\\/fr#\\\/schema\\\/logo\\\/image\\\/\"},\"sameAs\":[\"https:\\\/\\\/www.facebook.com\\\/Atami.International\",\"https:\\\/\\\/x.com\\\/AtamiEU\",\"https:\\\/\\\/www.youtube.com\\\/c\\\/AtamiInternational\",\"https:\\\/\\\/www.instagram.com\\\/atami.international\\\/\"],\"description\":\"ATAMI is a premium plant nutrition & substrate brand founded in 1997 with the mission to make exceptional cultivation achievable for everyone. From legacy to license, we offer a wide variety of innovating award-winning products to let cultivators achieve maximum results in taste & yield.\",\"email\":\"info@mginnovations.es\",\"legalName\":\"Atami\",\"numberOfEmployees\":{\"@type\":\"QuantitativeValue\",\"minValue\":\"11\",\"maxValue\":\"50\"}}]}<\/script>\n<!-- \/ Yoast SEO Premium plugin. -->","yoast_head_json":{"title":"ATA XL : Stimulez la Croissance de Vos Plantes avec Ce Fertilisant","description":"Ata XL est un fertilisant puissant con\u00e7u pour stimuler une croissance saine et rapide des plantes. Sa formule unique favorise un d\u00e9veloppement vigoureux et une r\u00e9colte abondante. Id\u00e9al pour les cultivateurs exigeants.","robots":{"index":"index","follow":"follow","max-snippet":"max-snippet:-1","max-image-preview":"max-image-preview:large","max-video-preview":"max-video-preview:-1"},"canonical":"https:\/\/atami.com\/fr\/produit\/ata-xl","og_locale":"fr_FR","og_type":"article","og_title":"ATA-XL","og_description":"Ata XL est un fertilisant puissant con\u00e7u pour stimuler une croissance saine et rapide des plantes. Sa formule unique favorise un d\u00e9veloppement vigoureux et une r\u00e9colte abondante. Id\u00e9al pour les cultivateurs exigeants.","og_url":"https:\/\/atami.com\/fr\/produit\/ata-xl","og_site_name":"Atami","article_publisher":"https:\/\/www.facebook.com\/Atami.International","article_modified_time":"2025-11-10T12:32:19+00:00","og_image":[{"width":1080,"height":1080,"url":"https:\/\/atami.com\/wp-content\/uploads\/2023\/02\/ATA-XL-Main-Image.webp","type":"image\/webp"}],"twitter_card":"summary_large_image","twitter_site":"@AtamiEU","twitter_misc":{"Dur\u00e9e de lecture estim\u00e9e":"2 minutes"},"schema":{"@context":"https:\/\/schema.org","@graph":[{"@type":"WebPage","@id":"https:\/\/atami.com\/fr\/produit\/ata-xl","url":"https:\/\/atami.com\/fr\/produit\/ata-xl","name":"ATA XL : Stimulez la Croissance de Vos Plantes avec Ce Fertilisant","isPartOf":{"@id":"https:\/\/atami.com\/fr#website"},"primaryImageOfPage":{"@id":"https:\/\/atami.com\/fr\/produit\/ata-xl#primaryimage"},"image":{"@id":"https:\/\/atami.com\/fr\/produit\/ata-xl#primaryimage"},"thumbnailUrl":"https:\/\/atami.com\/wp-content\/uploads\/2023\/02\/ATA-XL-Main-Image.webp","datePublished":"2023-02-08T13:25:05+00:00","dateModified":"2025-11-10T12:32:19+00:00","description":"Ata XL est un fertilisant puissant con\u00e7u pour stimuler une croissance saine et rapide des plantes. Sa formule unique favorise un d\u00e9veloppement vigoureux et une r\u00e9colte abondante. Id\u00e9al pour les cultivateurs exigeants.","breadcrumb":{"@id":"https:\/\/atami.com\/fr\/produit\/ata-xl#breadcrumb"},"inLanguage":"fr-FR","potentialAction":[{"@type":"ReadAction","target":["https:\/\/atami.com\/fr\/produit\/ata-xl"]}]},{"@type":"ImageObject","inLanguage":"fr-FR","@id":"https:\/\/atami.com\/fr\/produit\/ata-xl#primaryimage","url":"https:\/\/atami.com\/wp-content\/uploads\/2023\/02\/ATA-XL-Main-Image.webp","contentUrl":"https:\/\/atami.com\/wp-content\/uploads\/2023\/02\/ATA-XL-Main-Image.webp","width":1080,"height":1080,"caption":"ATA-XL favorise des racines fortes et augmente le volume des fleurs et des fruits gr\u00e2ce \u00e0 son m\u00e9lange unique d'ingr\u00e9dients naturels."},{"@type":"BreadcrumbList","@id":"https:\/\/atami.com\/fr\/produit\/ata-xl#breadcrumb","itemListElement":[{"@type":"ListItem","position":1,"name":"Home","item":"https:\/\/atami.com\/fr"},{"@type":"ListItem","position":2,"name":"Produits","item":"https:\/\/atami.com\/fr\/shop"},{"@type":"ListItem","position":3,"name":"Marques","item":"https:\/\/atami.com\/fr\/categorie-produit\/marques"},{"@type":"ListItem","position":4,"name":"ATA","item":"https:\/\/atami.com\/fr\/categorie-produit\/marques\/ata"},{"@type":"ListItem","position":5,"name":"ATA-XL"}]},{"@type":"WebSite","@id":"https:\/\/atami.com\/fr#website","url":"https:\/\/atami.com\/fr","name":"Atami","description":"NATURALLY INNOVATING!","publisher":{"@id":"https:\/\/atami.com\/fr#organization"},"potentialAction":[{"@type":"SearchAction","target":{"@type":"EntryPoint","urlTemplate":"https:\/\/atami.com\/fr?s={search_term_string}"},"query-input":{"@type":"PropertyValueSpecification","valueRequired":true,"valueName":"search_term_string"}}],"inLanguage":"fr-FR"},{"@type":"Organization","@id":"https:\/\/atami.com\/fr#organization","name":"Atami","url":"https:\/\/atami.com\/fr","logo":{"@type":"ImageObject","inLanguage":"fr-FR","@id":"https:\/\/atami.com\/fr#\/schema\/logo\/image\/","url":"https:\/\/atami.com\/wp-content\/uploads\/2026\/01\/Atami-logo-696x696px.webp","contentUrl":"https:\/\/atami.com\/wp-content\/uploads\/2026\/01\/Atami-logo-696x696px.webp","width":696,"height":696,"caption":"Atami"},"image":{"@id":"https:\/\/atami.com\/fr#\/schema\/logo\/image\/"},"sameAs":["https:\/\/www.facebook.com\/Atami.International","https:\/\/x.com\/AtamiEU","https:\/\/www.youtube.com\/c\/AtamiInternational","https:\/\/www.instagram.com\/atami.international\/"],"description":"ATAMI is a premium plant nutrition & substrate brand founded in 1997 with the mission to make exceptional cultivation achievable for everyone. From legacy to license, we offer a wide variety of innovating award-winning products to let cultivators achieve maximum results in taste & yield.","email":"info@mginnovations.es","legalName":"Atami","numberOfEmployees":{"@type":"QuantitativeValue","minValue":"11","maxValue":"50"}}]}},"_links":{"self":[{"href":"https:\/\/atami.com\/fr\/wp-json\/wp\/v2\/product\/21763","targetHints":{"allow":["GET"]}}],"collection":[{"href":"https:\/\/atami.com\/fr\/wp-json\/wp\/v2\/product"}],"about":[{"href":"https:\/\/atami.com\/fr\/wp-json\/wp\/v2\/types\/product"}],"replies":[{"embeddable":true,"href":"https:\/\/atami.com\/fr\/wp-json\/wp\/v2\/comments?post=21763"}],"wp:featuredmedia":[{"embeddable":true,"href":"https:\/\/atami.com\/fr\/wp-json\/wp\/v2\/media\/23806"}],"wp:attachment":[{"href":"https:\/\/atami.com\/fr\/wp-json\/wp\/v2\/media?parent=21763"}],"wp:term":[{"taxonomy":"product_brand","embeddable":true,"href":"https:\/\/atami.com\/fr\/wp-json\/wp\/v2\/product_brand?post=21763"},{"taxonomy":"product_cat","embeddable":true,"href":"https:\/\/atami.com\/fr\/wp-json\/wp\/v2\/product_cat?post=21763"},{"taxonomy":"product_tag","embeddable":true,"href":"https:\/\/atami.com\/fr\/wp-json\/wp\/v2\/product_tag?post=21763"}],"curies":[{"name":"wp","href":"https:\/\/api.w.org\/{rel}","templated":true}]}}