{"id":21754,"date":"2023-02-08T13:10:11","date_gmt":"2023-02-08T13:10:11","guid":{"rendered":"https:\/\/atami.com\/product\/ata-coco-max-ab\/"},"modified":"2025-11-07T17:20:06","modified_gmt":"2025-11-07T15:20:06","slug":"ata-coco-max-ab","status":"publish","type":"product","link":"https:\/\/atami.com\/fr\/produit\/ata-coco-max-ab","title":{"rendered":"ATA Coco Max A&#038;B"},"content":{"rendered":"<p><strong>Ce nutriment de base universel fournit \u00e0 la plante les doses correctes des nutriments primaires NPK. ATA Coco Max A&amp;B est sp\u00e9cialement d\u00e9velopp\u00e9 pour les cultures en substrats de coco.<\/strong><\/p>\n<p>&nbsp;<\/p>\n<p>Lors de la culture en substrats de coco, la terre rel\u00e2che progressivement le potassium vers la plante. Comme ces substrats de coco sont g\u00e9n\u00e9ralement pauvres en calcium, la nutrition ATA Coco Max contient plut\u00f4t moins de potassium, mais une dose plus \u00e9lev\u00e9e de calcium pour \u00e9viter d\u2019\u00e9ventuelles carences. Con\u00e7u pour les cultures en substrats de coco, ATA Coco Max A&amp;B offre un \u00e9quilibre stable et biologique.<\/p>\n<p>&nbsp;<\/p>\n<p><strong>PARTICULI\u00c8REMENT ADAPT\u00c9 POUR<\/strong><br \/>\nATA Coco Max A&amp;B est un nutriment universel adapt\u00e9 pour diff\u00e9rents types de fruits, l\u00e9gumes, herbes et plantes ornementales comme les fraises, les poivrons, l\u2019ail et la ciboulette. Il peut \u00e9galement \u00eatre utilis\u00e9 pour les plantes d\u2019int\u00e9rieur et en pots (par ex. : les Pilea). Le dosage requis peut \u00eatre mesur\u00e9 pour r\u00e9pondre aux besoins de n\u2019importe quelle plante individuelle ou culture.<\/p>\n<p>&nbsp;<\/p>\n<p><strong>UTILISATION<\/strong><br \/>\nATA Coco Max est un nutriment de base universel pour les plantes qui peut \u00eatre utilis\u00e9 pendant tout leur cycle de culture. Les concentr\u00e9s A et B ne peuvent \u00eatre m\u00e9lang\u00e9s entre eux qu\u2019en combinaison avec de l\u2019eau.<\/p>\n<p>&nbsp;<\/p>\n<p><strong>DOSAGE<\/strong><br \/>\n1 \u2013 4 ml de concentr\u00e9 A et 1 \u2013 4 ml de concentr\u00e9 B par litre d\u2019eau.<\/p>\n<p>&nbsp;<\/p>\n<p><strong>Coco Max A: NK 4-1 W\/W<\/strong><br \/>\n<strong>Coco Max B: NPK 1-4-2 W\/W<\/strong><\/p>\n<p>&nbsp;<\/p>\n<p><strong>DISPONIBLE EN 1 L, 5 L, 10 L<\/strong><\/p>\n","protected":false},"excerpt":{"rendered":"<p>Coco<\/p>\n","protected":false},"featured_media":23755,"comment_status":"closed","ping_status":"closed","template":"","meta":{"_acf_changed":false,"iawp_total_views":51},"product_brand":[],"product_cat":[179,180],"product_tag":[],"class_list":{"0":"post-21754","1":"product","2":"type-product","3":"status-publish","4":"has-post-thumbnail","6":"product_cat-ata","7":"product_cat-nutriments-de-base","9":"first","10":"instock","11":"shipping-taxable","12":"product-type-simple"},"acf":{"short_description":"<p><strong>Ce nutriment de base universel fournit \u00e0 la plante les doses correctes des nutriments primaires NPK. ATA Coco Max A&B est sp\u00e9cialement d\u00e9velopp\u00e9 pour les cultures en substrats de coco.<\/strong><\/p><p>\u00a0<\/p><p>Lors de la culture en substrats de coco, la terre rel\u00e2che progressivement le potassium vers la plante. Comme ces substrats de coco sont g\u00e9n\u00e9ralement pauvres en calcium, la nutrition ATA Coco Max contient plut\u00f4t moins de potassium, mais une dose plus \u00e9lev\u00e9e de calcium pour \u00e9viter d\u2019\u00e9ventuelles carences. Con\u00e7u pour les cultures en substrats de coco, ATA Coco Max A&B offre un \u00e9quilibre stable et biologique.<\/p>","suitable_for":"<p>ATA Coco Max A&B est un nutriment universel adapt\u00e9 pour diff\u00e9rents types de fruits, l\u00e9gumes, herbes et plantes ornementales comme les fraises, les poivrons, l\u2019ail et la ciboulette. Il peut \u00e9galement \u00eatre utilis\u00e9 pour les plantes d\u2019int\u00e9rieur et en pots (par ex. : les Pilea). Le dosage requis peut \u00eatre mesur\u00e9 pour r\u00e9pondre aux besoins de n\u2019importe quelle plante individuelle ou culture.<\/p>","application":"<p>ATA Coco Max est un nutriment de base universel pour les plantes qui peut \u00eatre utilis\u00e9 pendant tout leur cycle de culture. Les concentr\u00e9s A et B ne peuvent \u00eatre m\u00e9lang\u00e9s entre eux qu\u2019en combinaison avec de l\u2019eau.<\/p>","dosage":"1 \u2013 4 ml de concentr\u00e9 A et 1 \u2013 4 ml de concentr\u00e9 B par litre d\u2019eau.","npk_ratio":"Coco Max A: NK 4-1 W\/W<br \/>Coco Max B: NPK 1-4-2 W\/W","available_in":"1 L, 5 L, 10 L","icon_1":1604,"icon_1_text":"STIMULATEUR DE CROISSANCE ET DE FLORAISON DEUX EN UN","icon_2":1608,"icon_2_text":"SP\u00c9CIALEMENT D\u00c9VELOPP\u00c9 POUR LES CULTURES EN COCO","icon_3":1612,"icon_3_text":"SP\u00c9CIALEMENT D\u00c9VELOPP\u00c9 POUR LES CULTURES EN COCO","icon_4":"","icon_4_text":"","video":"https:\/\/youtu.be\/XWvWa6tcvuc","second_image":1600,"product_image_page":4043,"user_manual":"","new_icon_1":"","new_icon_2":"","new_icon_3":"","new_icon_4":"","grow_guides":null,"category":"Nutriment de base"},"yoast_head":"<!-- This site is optimized with the Yoast SEO Premium plugin v27.4 (Yoast SEO v27.4) - https:\/\/yoast.com\/product\/yoast-seo-premium-wordpress\/ -->\n<title>ATA Coco Max A&amp;B | Nutriments essentiels | Atami<\/title>\n<meta name=\"description\" content=\"Ce nutriment de base universel fournit \u00e0 la plante les doses correctes des nutriments primaires NPK. ATA Coco Max A&amp;B est sp\u00e9cialement d\u00e9velopp\u00e9 pour les cultures en substrats de coco.\" \/>\n<meta name=\"robots\" content=\"index, follow, max-snippet:-1, max-image-preview:large, max-video-preview:-1\" \/>\n<link rel=\"canonical\" href=\"https:\/\/atami.com\/fr\/produit\/ata-coco-max-ab\" \/>\n<meta property=\"og:locale\" content=\"fr_FR\" \/>\n<meta property=\"og:type\" content=\"article\" \/>\n<meta property=\"og:title\" content=\"ATA Coco Max A&amp;B\" \/>\n<meta property=\"og:description\" content=\"Ce nutriment de base universel fournit \u00e0 la plante les doses correctes des nutriments primaires NPK. ATA Coco Max A&amp;B est sp\u00e9cialement d\u00e9velopp\u00e9 pour les cultures en substrats de coco.\" \/>\n<meta property=\"og:url\" content=\"https:\/\/atami.com\/fr\/produit\/ata-coco-max-ab\" \/>\n<meta property=\"og:site_name\" content=\"Atami\" \/>\n<meta property=\"article:publisher\" content=\"https:\/\/www.facebook.com\/Atami.International\" \/>\n<meta property=\"article:modified_time\" content=\"2025-11-07T15:20:06+00:00\" \/>\n<meta property=\"og:image\" content=\"https:\/\/atami.com\/wp-content\/uploads\/2023\/02\/ATA-Coco-Max-Main-Image.webp\" \/>\n\t<meta property=\"og:image:width\" content=\"1080\" \/>\n\t<meta property=\"og:image:height\" content=\"1080\" \/>\n\t<meta property=\"og:image:type\" content=\"image\/webp\" \/>\n<meta name=\"twitter:card\" content=\"summary_large_image\" \/>\n<meta name=\"twitter:site\" content=\"@AtamiEU\" \/>\n<meta name=\"twitter:label1\" content=\"Dur\u00e9e de lecture estim\u00e9e\" \/>\n\t<meta name=\"twitter:data1\" content=\"2 minutes\" \/>\n<script type=\"application\/ld+json\" class=\"yoast-schema-graph\">{\"@context\":\"https:\\\/\\\/schema.org\",\"@graph\":[{\"@type\":\"WebPage\",\"@id\":\"https:\\\/\\\/atami.com\\\/fr\\\/produit\\\/ata-coco-max-ab\",\"url\":\"https:\\\/\\\/atami.com\\\/fr\\\/produit\\\/ata-coco-max-ab\",\"name\":\"ATA Coco Max A&B | Nutriments essentiels | Atami\",\"isPartOf\":{\"@id\":\"https:\\\/\\\/atami.com\\\/fr#website\"},\"primaryImageOfPage\":{\"@id\":\"https:\\\/\\\/atami.com\\\/fr\\\/produit\\\/ata-coco-max-ab#primaryimage\"},\"image\":{\"@id\":\"https:\\\/\\\/atami.com\\\/fr\\\/produit\\\/ata-coco-max-ab#primaryimage\"},\"thumbnailUrl\":\"https:\\\/\\\/atami.com\\\/wp-content\\\/uploads\\\/2023\\\/02\\\/ATA-Coco-Max-Main-Image.webp\",\"datePublished\":\"2023-02-08T13:10:11+00:00\",\"dateModified\":\"2025-11-07T15:20:06+00:00\",\"description\":\"Ce nutriment de base universel fournit \u00e0 la plante les doses correctes des nutriments primaires NPK. ATA Coco Max A&B est sp\u00e9cialement d\u00e9velopp\u00e9 pour les cultures en substrats de coco.\",\"breadcrumb\":{\"@id\":\"https:\\\/\\\/atami.com\\\/fr\\\/produit\\\/ata-coco-max-ab#breadcrumb\"},\"inLanguage\":\"fr-FR\",\"potentialAction\":[{\"@type\":\"ReadAction\",\"target\":[\"https:\\\/\\\/atami.com\\\/fr\\\/produit\\\/ata-coco-max-ab\"]}]},{\"@type\":\"ImageObject\",\"inLanguage\":\"fr-FR\",\"@id\":\"https:\\\/\\\/atami.com\\\/fr\\\/produit\\\/ata-coco-max-ab#primaryimage\",\"url\":\"https:\\\/\\\/atami.com\\\/wp-content\\\/uploads\\\/2023\\\/02\\\/ATA-Coco-Max-Main-Image.webp\",\"contentUrl\":\"https:\\\/\\\/atami.com\\\/wp-content\\\/uploads\\\/2023\\\/02\\\/ATA-Coco-Max-Main-Image.webp\",\"width\":1080,\"height\":1080,\"caption\":\"ATA Coco Max A&B fournit un rapport NPK \u00e9quilibr\u00e9 adapt\u00e9 \u00e0 la culture du coco, garantissant un \u00e9quilibre stable et biologique.\"},{\"@type\":\"BreadcrumbList\",\"@id\":\"https:\\\/\\\/atami.com\\\/fr\\\/produit\\\/ata-coco-max-ab#breadcrumb\",\"itemListElement\":[{\"@type\":\"ListItem\",\"position\":1,\"name\":\"Home\",\"item\":\"https:\\\/\\\/atami.com\\\/fr\"},{\"@type\":\"ListItem\",\"position\":2,\"name\":\"Produits\",\"item\":\"https:\\\/\\\/atami.com\\\/fr\\\/shop\"},{\"@type\":\"ListItem\",\"position\":3,\"name\":\"Marques\",\"item\":\"https:\\\/\\\/atami.com\\\/fr\\\/categorie-produit\\\/marques\"},{\"@type\":\"ListItem\",\"position\":4,\"name\":\"ATA\",\"item\":\"https:\\\/\\\/atami.com\\\/fr\\\/categorie-produit\\\/marques\\\/ata\"},{\"@type\":\"ListItem\",\"position\":5,\"name\":\"ATA Coco Max A&#038;B\"}]},{\"@type\":\"WebSite\",\"@id\":\"https:\\\/\\\/atami.com\\\/fr#website\",\"url\":\"https:\\\/\\\/atami.com\\\/fr\",\"name\":\"Atami\",\"description\":\"NATURALLY INNOVATING!\",\"publisher\":{\"@id\":\"https:\\\/\\\/atami.com\\\/fr#organization\"},\"potentialAction\":[{\"@type\":\"SearchAction\",\"target\":{\"@type\":\"EntryPoint\",\"urlTemplate\":\"https:\\\/\\\/atami.com\\\/fr?s={search_term_string}\"},\"query-input\":{\"@type\":\"PropertyValueSpecification\",\"valueRequired\":true,\"valueName\":\"search_term_string\"}}],\"inLanguage\":\"fr-FR\"},{\"@type\":\"Organization\",\"@id\":\"https:\\\/\\\/atami.com\\\/fr#organization\",\"name\":\"Atami\",\"url\":\"https:\\\/\\\/atami.com\\\/fr\",\"logo\":{\"@type\":\"ImageObject\",\"inLanguage\":\"fr-FR\",\"@id\":\"https:\\\/\\\/atami.com\\\/fr#\\\/schema\\\/logo\\\/image\\\/\",\"url\":\"https:\\\/\\\/atami.com\\\/wp-content\\\/uploads\\\/2026\\\/01\\\/Atami-logo-696x696px.webp\",\"contentUrl\":\"https:\\\/\\\/atami.com\\\/wp-content\\\/uploads\\\/2026\\\/01\\\/Atami-logo-696x696px.webp\",\"width\":696,\"height\":696,\"caption\":\"Atami\"},\"image\":{\"@id\":\"https:\\\/\\\/atami.com\\\/fr#\\\/schema\\\/logo\\\/image\\\/\"},\"sameAs\":[\"https:\\\/\\\/www.facebook.com\\\/Atami.International\",\"https:\\\/\\\/x.com\\\/AtamiEU\",\"https:\\\/\\\/www.youtube.com\\\/c\\\/AtamiInternational\",\"https:\\\/\\\/www.instagram.com\\\/atami.international\\\/\"],\"description\":\"ATAMI is a premium plant nutrition & substrate brand founded in 1997 with the mission to make exceptional cultivation achievable for everyone. From legacy to license, we offer a wide variety of innovating award-winning products to let cultivators achieve maximum results in taste & yield.\",\"email\":\"info@mginnovations.es\",\"legalName\":\"Atami\",\"numberOfEmployees\":{\"@type\":\"QuantitativeValue\",\"minValue\":\"11\",\"maxValue\":\"50\"}}]}<\/script>\n<!-- \/ Yoast SEO Premium plugin. -->","yoast_head_json":{"title":"ATA Coco Max A&B | Nutriments essentiels | Atami","description":"Ce nutriment de base universel fournit \u00e0 la plante les doses correctes des nutriments primaires NPK. ATA Coco Max A&B est sp\u00e9cialement d\u00e9velopp\u00e9 pour les cultures en substrats de coco.","robots":{"index":"index","follow":"follow","max-snippet":"max-snippet:-1","max-image-preview":"max-image-preview:large","max-video-preview":"max-video-preview:-1"},"canonical":"https:\/\/atami.com\/fr\/produit\/ata-coco-max-ab","og_locale":"fr_FR","og_type":"article","og_title":"ATA Coco Max A&B","og_description":"Ce nutriment de base universel fournit \u00e0 la plante les doses correctes des nutriments primaires NPK. ATA Coco Max A&B est sp\u00e9cialement d\u00e9velopp\u00e9 pour les cultures en substrats de coco.","og_url":"https:\/\/atami.com\/fr\/produit\/ata-coco-max-ab","og_site_name":"Atami","article_publisher":"https:\/\/www.facebook.com\/Atami.International","article_modified_time":"2025-11-07T15:20:06+00:00","og_image":[{"width":1080,"height":1080,"url":"https:\/\/atami.com\/wp-content\/uploads\/2023\/02\/ATA-Coco-Max-Main-Image.webp","type":"image\/webp"}],"twitter_card":"summary_large_image","twitter_site":"@AtamiEU","twitter_misc":{"Dur\u00e9e de lecture estim\u00e9e":"2 minutes"},"schema":{"@context":"https:\/\/schema.org","@graph":[{"@type":"WebPage","@id":"https:\/\/atami.com\/fr\/produit\/ata-coco-max-ab","url":"https:\/\/atami.com\/fr\/produit\/ata-coco-max-ab","name":"ATA Coco Max A&B | Nutriments essentiels | Atami","isPartOf":{"@id":"https:\/\/atami.com\/fr#website"},"primaryImageOfPage":{"@id":"https:\/\/atami.com\/fr\/produit\/ata-coco-max-ab#primaryimage"},"image":{"@id":"https:\/\/atami.com\/fr\/produit\/ata-coco-max-ab#primaryimage"},"thumbnailUrl":"https:\/\/atami.com\/wp-content\/uploads\/2023\/02\/ATA-Coco-Max-Main-Image.webp","datePublished":"2023-02-08T13:10:11+00:00","dateModified":"2025-11-07T15:20:06+00:00","description":"Ce nutriment de base universel fournit \u00e0 la plante les doses correctes des nutriments primaires NPK. ATA Coco Max A&B est sp\u00e9cialement d\u00e9velopp\u00e9 pour les cultures en substrats de coco.","breadcrumb":{"@id":"https:\/\/atami.com\/fr\/produit\/ata-coco-max-ab#breadcrumb"},"inLanguage":"fr-FR","potentialAction":[{"@type":"ReadAction","target":["https:\/\/atami.com\/fr\/produit\/ata-coco-max-ab"]}]},{"@type":"ImageObject","inLanguage":"fr-FR","@id":"https:\/\/atami.com\/fr\/produit\/ata-coco-max-ab#primaryimage","url":"https:\/\/atami.com\/wp-content\/uploads\/2023\/02\/ATA-Coco-Max-Main-Image.webp","contentUrl":"https:\/\/atami.com\/wp-content\/uploads\/2023\/02\/ATA-Coco-Max-Main-Image.webp","width":1080,"height":1080,"caption":"ATA Coco Max A&B fournit un rapport NPK \u00e9quilibr\u00e9 adapt\u00e9 \u00e0 la culture du coco, garantissant un \u00e9quilibre stable et biologique."},{"@type":"BreadcrumbList","@id":"https:\/\/atami.com\/fr\/produit\/ata-coco-max-ab#breadcrumb","itemListElement":[{"@type":"ListItem","position":1,"name":"Home","item":"https:\/\/atami.com\/fr"},{"@type":"ListItem","position":2,"name":"Produits","item":"https:\/\/atami.com\/fr\/shop"},{"@type":"ListItem","position":3,"name":"Marques","item":"https:\/\/atami.com\/fr\/categorie-produit\/marques"},{"@type":"ListItem","position":4,"name":"ATA","item":"https:\/\/atami.com\/fr\/categorie-produit\/marques\/ata"},{"@type":"ListItem","position":5,"name":"ATA Coco Max A&#038;B"}]},{"@type":"WebSite","@id":"https:\/\/atami.com\/fr#website","url":"https:\/\/atami.com\/fr","name":"Atami","description":"NATURALLY INNOVATING!","publisher":{"@id":"https:\/\/atami.com\/fr#organization"},"potentialAction":[{"@type":"SearchAction","target":{"@type":"EntryPoint","urlTemplate":"https:\/\/atami.com\/fr?s={search_term_string}"},"query-input":{"@type":"PropertyValueSpecification","valueRequired":true,"valueName":"search_term_string"}}],"inLanguage":"fr-FR"},{"@type":"Organization","@id":"https:\/\/atami.com\/fr#organization","name":"Atami","url":"https:\/\/atami.com\/fr","logo":{"@type":"ImageObject","inLanguage":"fr-FR","@id":"https:\/\/atami.com\/fr#\/schema\/logo\/image\/","url":"https:\/\/atami.com\/wp-content\/uploads\/2026\/01\/Atami-logo-696x696px.webp","contentUrl":"https:\/\/atami.com\/wp-content\/uploads\/2026\/01\/Atami-logo-696x696px.webp","width":696,"height":696,"caption":"Atami"},"image":{"@id":"https:\/\/atami.com\/fr#\/schema\/logo\/image\/"},"sameAs":["https:\/\/www.facebook.com\/Atami.International","https:\/\/x.com\/AtamiEU","https:\/\/www.youtube.com\/c\/AtamiInternational","https:\/\/www.instagram.com\/atami.international\/"],"description":"ATAMI is a premium plant nutrition & substrate brand founded in 1997 with the mission to make exceptional cultivation achievable for everyone. From legacy to license, we offer a wide variety of innovating award-winning products to let cultivators achieve maximum results in taste & yield.","email":"info@mginnovations.es","legalName":"Atami","numberOfEmployees":{"@type":"QuantitativeValue","minValue":"11","maxValue":"50"}}]}},"_links":{"self":[{"href":"https:\/\/atami.com\/fr\/wp-json\/wp\/v2\/product\/21754","targetHints":{"allow":["GET"]}}],"collection":[{"href":"https:\/\/atami.com\/fr\/wp-json\/wp\/v2\/product"}],"about":[{"href":"https:\/\/atami.com\/fr\/wp-json\/wp\/v2\/types\/product"}],"replies":[{"embeddable":true,"href":"https:\/\/atami.com\/fr\/wp-json\/wp\/v2\/comments?post=21754"}],"wp:featuredmedia":[{"embeddable":true,"href":"https:\/\/atami.com\/fr\/wp-json\/wp\/v2\/media\/23755"}],"wp:attachment":[{"href":"https:\/\/atami.com\/fr\/wp-json\/wp\/v2\/media?parent=21754"}],"wp:term":[{"taxonomy":"product_brand","embeddable":true,"href":"https:\/\/atami.com\/fr\/wp-json\/wp\/v2\/product_brand?post=21754"},{"taxonomy":"product_cat","embeddable":true,"href":"https:\/\/atami.com\/fr\/wp-json\/wp\/v2\/product_cat?post=21754"},{"taxonomy":"product_tag","embeddable":true,"href":"https:\/\/atami.com\/fr\/wp-json\/wp\/v2\/product_tag?post=21754"}],"curies":[{"name":"wp","href":"https:\/\/api.w.org\/{rel}","templated":true}]}}