{"id":21744,"date":"2023-02-08T10:14:38","date_gmt":"2023-02-08T10:14:38","guid":{"rendered":"https:\/\/atami.com\/product\/ata-awa-leaves-ab\/"},"modified":"2025-11-07T17:20:30","modified_gmt":"2025-11-07T15:20:30","slug":"ata-awa-leaves-ab","status":"publish","type":"product","link":"https:\/\/atami.com\/fr\/produit\/ata-awa-leaves-ab","title":{"rendered":"ATA Awa Leaves A&#038;B"},"content":{"rendered":"<p><strong>ATA Awa Leaves A&amp;B est un nutriment de base universel qui fournit \u00e0 la plante les nutriments primaires NPK n\u00e9cessaires pendant le cycle de croissance de la plante. Cette solution nutritive de base universelle peut \u00eatre compl\u00e9t\u00e9e, si vous le souhaitez, par un certain nombre de micronutriments.<\/strong><\/p>\n<p>&nbsp;<\/p>\n<p>Le nutriment de base ATA Awa Leaves est utilis\u00e9 pendant le cycle de croissance de la plante et d\u00e9velopp\u00e9 pour la culture en syst\u00e8mes hydroponiques. Ce nutriment est capable de r\u00e9guler le pH, ce qui signifie que les valeurs de pH n\u2019ont gu\u00e8re besoin d\u2019ajustements. Cela entra\u00eene une croissance plus rapide et plus efficace de la plante. La formule complexe de l\u2019ATA Awa Leaves A&amp;B garantit une solution nutritive optimale tout au long de la p\u00e9riode de croissance.<\/p>\n<p>&nbsp;<\/p>\n<p><strong>PARTICULI\u00c8REMENT ADAPT\u00c9 POUR<\/strong><br \/>\nATA Awa Leaves A&amp;B est un nutriment universel adapt\u00e9 pour diff\u00e9rents types de fruits, l\u00e9gumes, herbes et plantes ornementales comme la salade, les tomates et la sauge. Il peut \u00e9galement \u00eatre utilis\u00e9 pour les plantes d\u2019int\u00e9rieur et en pots (par ex. : les Ficus, les Dracaena, etc.) Le dosage requis peut \u00eatre mesur\u00e9 pour r\u00e9pondre aux besoins des plantes individuelles ou des cultures.<\/p>\n<p>&nbsp;<\/p>\n<p><strong>UTILISATION<\/strong><br \/>\nLes nutriments ATA Awa A et B sont pr\u00e9sent\u00e9s dans deux bouteilles s\u00e9par\u00e9es. Ces deux nutriments de base ne peuvent \u00eatre combin\u00e9s que dans une solution dilu\u00e9e. En r\u00e9utilisant l\u2019eau nutritive, la plante utilise le m\u00eame nutriment plusieurs fois.<\/p>\n<p>&nbsp;<\/p>\n<p><strong>DOSAGE<\/strong><br \/>\n1 \u2013 4 ml de nutriments A et 1 \u2013 4 ml de nutriments B par litre d\u2019eau.<\/p>\n<p>&nbsp;<\/p>\n<p><strong>ATA LEAVES A: NK 5-3 W\/W<\/strong><br \/>\n<strong>ATA LEAVES B: PK 3-3 W\/W<\/strong><\/p>\n<p>&nbsp;<\/p>\n<p><strong>DISPONIBLE EN 1 L, 5 L, 10 L.<\/strong><\/p>\n","protected":false},"excerpt":{"rendered":"<p>Phase de croissance<\/p>\n<p>Hydro<\/p>\n","protected":false},"featured_media":23725,"comment_status":"closed","ping_status":"closed","template":"","meta":{"_acf_changed":false,"iawp_total_views":24},"product_brand":[],"product_cat":[179,180],"product_tag":[],"class_list":{"0":"post-21744","1":"product","2":"type-product","3":"status-publish","4":"has-post-thumbnail","6":"product_cat-ata","7":"product_cat-nutriments-de-base","9":"first","10":"instock","11":"shipping-taxable","12":"product-type-simple"},"acf":{"short_description":"<p><strong>ATA Awa Leaves A&amp;B est un nutriment de base universel qui fournit \u00e0 la plante les nutriments primaires NPK n\u00e9cessaires pendant le cycle de croissance de la plante. Cette solution nutritive de base universelle peut \u00eatre compl\u00e9t\u00e9e, si vous le souhaitez, par un certain nombre de micronutriments.<\/strong><\/p><p>&nbsp;<\/p><p>Le nutriment de base ATA Awa Leaves est utilis\u00e9 pendant le cycle de croissance de la plante et d\u00e9velopp\u00e9 pour la culture en syst\u00e8mes hydroponiques. Ce nutriment est capable de r\u00e9guler le pH, ce qui signifie que les valeurs de pH n\u2019ont gu\u00e8re besoin d\u2019ajustements. Cela entra\u00eene une croissance plus rapide et plus efficace de la plante. La formule complexe de l\u2019ATA Awa Leaves A&amp;B garantit une solution nutritive optimale tout au long de la p\u00e9riode de croissance.<\/p>","suitable_for":"<p>ATA Awa Leaves A&amp;B est un nutriment universel adapt\u00e9 pour diff\u00e9rents types de fruits, l\u00e9gumes, herbes et plantes ornementales comme la salade, les tomates et la sauge. Il peut \u00e9galement \u00eatre utilis\u00e9 pour les plantes d\u2019int\u00e9rieur et en pots (par ex. : les Ficus, les Dracaena, etc.) Le dosage requis peut \u00eatre mesur\u00e9 pour r\u00e9pondre aux besoins des plantes individuelles ou des cultures.<\/p>","application":"<p>Les nutriments ATA Awa A et B sont pr\u00e9sent\u00e9s dans deux bouteilles s\u00e9par\u00e9es. Ces deux nutriments de base ne peuvent \u00eatre combin\u00e9s que dans une solution dilu\u00e9e. En r\u00e9utilisant l\u2019eau nutritive, la plante utilise le m\u00eame nutriment plusieurs fois.<\/p>","dosage":"<p>1 \u2013 4 ml de nutriments A et 1 \u2013 4 ml de nutriments B par litre d\u2019eau.<\/p>","npk_ratio":"<p>ATA LEAVES A: NK 5-3 W\/W<br \/>ATA LEAVES B: PK 3-3 W\/W<\/p>","available_in":"<p>1 L, 5 L, 10 L<\/p>","icon_1":1528,"icon_1_text":"STIMULE LA PRODUCTION DE CHLOROPHYLLE","icon_2":1532,"icon_2_text":"GARANTIT UNE CROISSANCE OPTIMALE","icon_3":1536,"icon_3_text":"ADAPT\u00c9 \u00c0 TOUS LES SYST\u00c8MES D\u2019ARROSAGE","icon_4":"","icon_4_text":"","video":"https:\/\/youtu.be\/PAB10hLzK94","second_image":1520,"product_image_page":4035,"user_manual":"","new_icon_1":"","new_icon_2":"","new_icon_3":"","new_icon_4":"","grow_guides":"","category":"Nutriment de base"},"yoast_head":"<!-- This site is optimized with the Yoast SEO Premium plugin v27.5 (Yoast SEO v27.5) - https:\/\/yoast.com\/product\/yoast-seo-premium-wordpress\/ -->\n<title>ATA AWA Leaves A&amp;B \u2013 Boostez la croissance de vos plantes hydroponiques<\/title>\n<meta name=\"description\" content=\"Donnez \u00e0 vos plantes hydroponiques une nutrition \u00e9quilibr\u00e9e avec ATA AWA Leaves A&amp;B. Stimule la croissance vigoureuse et am\u00e9liore l\u2019absorption des nutriments. D\u00e9couvrez-le maintenant !\" \/>\n<meta name=\"robots\" content=\"index, follow, max-snippet:-1, max-image-preview:large, max-video-preview:-1\" \/>\n<link rel=\"canonical\" href=\"https:\/\/atami.com\/fr\/produit\/ata-awa-leaves-ab\" \/>\n<meta property=\"og:locale\" content=\"fr_FR\" \/>\n<meta property=\"og:type\" content=\"article\" \/>\n<meta property=\"og:title\" content=\"ATA Awa Leaves A&amp;B\" \/>\n<meta property=\"og:description\" content=\"Donnez \u00e0 vos plantes hydroponiques une nutrition \u00e9quilibr\u00e9e avec ATA AWA Leaves A&amp;B. Stimule la croissance vigoureuse et am\u00e9liore l\u2019absorption des nutriments. D\u00e9couvrez-le maintenant !\" \/>\n<meta property=\"og:url\" content=\"https:\/\/atami.com\/fr\/produit\/ata-awa-leaves-ab\" \/>\n<meta property=\"og:site_name\" content=\"Atami\" \/>\n<meta property=\"article:publisher\" content=\"https:\/\/www.facebook.com\/Atami.International\" \/>\n<meta property=\"article:modified_time\" content=\"2025-11-07T15:20:30+00:00\" \/>\n<meta property=\"og:image\" content=\"https:\/\/atami.com\/wp-content\/uploads\/2023\/02\/ATA-Awa-Leaves-Main-Image.webp\" \/>\n\t<meta property=\"og:image:width\" content=\"1080\" \/>\n\t<meta property=\"og:image:height\" content=\"1080\" \/>\n\t<meta property=\"og:image:type\" content=\"image\/webp\" \/>\n<meta name=\"twitter:card\" content=\"summary_large_image\" \/>\n<meta name=\"twitter:site\" content=\"@AtamiEU\" \/>\n<meta name=\"twitter:label1\" content=\"Dur\u00e9e de lecture estim\u00e9e\" \/>\n\t<meta name=\"twitter:data1\" content=\"2 minutes\" \/>\n<script type=\"application\/ld+json\" class=\"yoast-schema-graph\">{\"@context\":\"https:\\\/\\\/schema.org\",\"@graph\":[{\"@type\":\"WebPage\",\"@id\":\"https:\\\/\\\/atami.com\\\/fr\\\/produit\\\/ata-awa-leaves-ab\",\"url\":\"https:\\\/\\\/atami.com\\\/fr\\\/produit\\\/ata-awa-leaves-ab\",\"name\":\"ATA AWA Leaves A&B \u2013 Boostez la croissance de vos plantes hydroponiques\",\"isPartOf\":{\"@id\":\"https:\\\/\\\/atami.com\\\/fr#website\"},\"primaryImageOfPage\":{\"@id\":\"https:\\\/\\\/atami.com\\\/fr\\\/produit\\\/ata-awa-leaves-ab#primaryimage\"},\"image\":{\"@id\":\"https:\\\/\\\/atami.com\\\/fr\\\/produit\\\/ata-awa-leaves-ab#primaryimage\"},\"thumbnailUrl\":\"https:\\\/\\\/atami.com\\\/wp-content\\\/uploads\\\/2023\\\/02\\\/ATA-Awa-Leaves-Main-Image.webp\",\"datePublished\":\"2023-02-08T10:14:38+00:00\",\"dateModified\":\"2025-11-07T15:20:30+00:00\",\"description\":\"Donnez \u00e0 vos plantes hydroponiques une nutrition \u00e9quilibr\u00e9e avec ATA AWA Leaves A&B. Stimule la croissance vigoureuse et am\u00e9liore l\u2019absorption des nutriments. D\u00e9couvrez-le maintenant !\",\"breadcrumb\":{\"@id\":\"https:\\\/\\\/atami.com\\\/fr\\\/produit\\\/ata-awa-leaves-ab#breadcrumb\"},\"inLanguage\":\"fr-FR\",\"potentialAction\":[{\"@type\":\"ReadAction\",\"target\":[\"https:\\\/\\\/atami.com\\\/fr\\\/produit\\\/ata-awa-leaves-ab\"]}]},{\"@type\":\"ImageObject\",\"inLanguage\":\"fr-FR\",\"@id\":\"https:\\\/\\\/atami.com\\\/fr\\\/produit\\\/ata-awa-leaves-ab#primaryimage\",\"url\":\"https:\\\/\\\/atami.com\\\/wp-content\\\/uploads\\\/2023\\\/02\\\/ATA-Awa-Leaves-Main-Image.webp\",\"contentUrl\":\"https:\\\/\\\/atami.com\\\/wp-content\\\/uploads\\\/2023\\\/02\\\/ATA-Awa-Leaves-Main-Image.webp\",\"width\":1080,\"height\":1080,\"caption\":\"ATA Awa Leaves A&B fournit des nutriments NPK essentiels avec des propri\u00e9t\u00e9s r\u00e9gulatrices du pH, favorisant une croissance optimale des plantes dans les syst\u00e8mes hydroponiques.\"},{\"@type\":\"BreadcrumbList\",\"@id\":\"https:\\\/\\\/atami.com\\\/fr\\\/produit\\\/ata-awa-leaves-ab#breadcrumb\",\"itemListElement\":[{\"@type\":\"ListItem\",\"position\":1,\"name\":\"Home\",\"item\":\"https:\\\/\\\/atami.com\\\/fr\"},{\"@type\":\"ListItem\",\"position\":2,\"name\":\"Produits\",\"item\":\"https:\\\/\\\/atami.com\\\/fr\\\/shop\"},{\"@type\":\"ListItem\",\"position\":3,\"name\":\"Marques\",\"item\":\"https:\\\/\\\/atami.com\\\/fr\\\/categorie-produit\\\/marques\"},{\"@type\":\"ListItem\",\"position\":4,\"name\":\"ATA\",\"item\":\"https:\\\/\\\/atami.com\\\/fr\\\/categorie-produit\\\/marques\\\/ata\"},{\"@type\":\"ListItem\",\"position\":5,\"name\":\"ATA Awa Leaves A&#038;B\"}]},{\"@type\":\"WebSite\",\"@id\":\"https:\\\/\\\/atami.com\\\/fr#website\",\"url\":\"https:\\\/\\\/atami.com\\\/fr\",\"name\":\"Atami\",\"description\":\"NATURALLY INNOVATING!\",\"publisher\":{\"@id\":\"https:\\\/\\\/atami.com\\\/fr#organization\"},\"potentialAction\":[{\"@type\":\"SearchAction\",\"target\":{\"@type\":\"EntryPoint\",\"urlTemplate\":\"https:\\\/\\\/atami.com\\\/fr?s={search_term_string}\"},\"query-input\":{\"@type\":\"PropertyValueSpecification\",\"valueRequired\":true,\"valueName\":\"search_term_string\"}}],\"inLanguage\":\"fr-FR\"},{\"@type\":\"Organization\",\"@id\":\"https:\\\/\\\/atami.com\\\/fr#organization\",\"name\":\"Atami\",\"url\":\"https:\\\/\\\/atami.com\\\/fr\",\"logo\":{\"@type\":\"ImageObject\",\"inLanguage\":\"fr-FR\",\"@id\":\"https:\\\/\\\/atami.com\\\/fr#\\\/schema\\\/logo\\\/image\\\/\",\"url\":\"https:\\\/\\\/atami.com\\\/wp-content\\\/uploads\\\/2026\\\/01\\\/Atami-logo-696x696px.webp\",\"contentUrl\":\"https:\\\/\\\/atami.com\\\/wp-content\\\/uploads\\\/2026\\\/01\\\/Atami-logo-696x696px.webp\",\"width\":696,\"height\":696,\"caption\":\"Atami\"},\"image\":{\"@id\":\"https:\\\/\\\/atami.com\\\/fr#\\\/schema\\\/logo\\\/image\\\/\"},\"sameAs\":[\"https:\\\/\\\/www.facebook.com\\\/Atami.International\",\"https:\\\/\\\/x.com\\\/AtamiEU\",\"https:\\\/\\\/www.youtube.com\\\/c\\\/AtamiInternational\",\"https:\\\/\\\/www.instagram.com\\\/atami.international\\\/\"],\"description\":\"ATAMI is a premium plant nutrition & substrate brand founded in 1997 with the mission to make exceptional cultivation achievable for everyone. From legacy to license, we offer a wide variety of innovating award-winning products to let cultivators achieve maximum results in taste & yield.\",\"email\":\"info@mginnovations.es\",\"legalName\":\"Atami\",\"numberOfEmployees\":{\"@type\":\"QuantitativeValue\",\"minValue\":\"11\",\"maxValue\":\"50\"}}]}<\/script>\n<!-- \/ Yoast SEO Premium plugin. -->","yoast_head_json":{"title":"ATA AWA Leaves A&B \u2013 Boostez la croissance de vos plantes hydroponiques","description":"Donnez \u00e0 vos plantes hydroponiques une nutrition \u00e9quilibr\u00e9e avec ATA AWA Leaves A&B. Stimule la croissance vigoureuse et am\u00e9liore l\u2019absorption des nutriments. D\u00e9couvrez-le maintenant !","robots":{"index":"index","follow":"follow","max-snippet":"max-snippet:-1","max-image-preview":"max-image-preview:large","max-video-preview":"max-video-preview:-1"},"canonical":"https:\/\/atami.com\/fr\/produit\/ata-awa-leaves-ab","og_locale":"fr_FR","og_type":"article","og_title":"ATA Awa Leaves A&B","og_description":"Donnez \u00e0 vos plantes hydroponiques une nutrition \u00e9quilibr\u00e9e avec ATA AWA Leaves A&B. Stimule la croissance vigoureuse et am\u00e9liore l\u2019absorption des nutriments. D\u00e9couvrez-le maintenant !","og_url":"https:\/\/atami.com\/fr\/produit\/ata-awa-leaves-ab","og_site_name":"Atami","article_publisher":"https:\/\/www.facebook.com\/Atami.International","article_modified_time":"2025-11-07T15:20:30+00:00","og_image":[{"width":1080,"height":1080,"url":"https:\/\/atami.com\/wp-content\/uploads\/2023\/02\/ATA-Awa-Leaves-Main-Image.webp","type":"image\/webp"}],"twitter_card":"summary_large_image","twitter_site":"@AtamiEU","twitter_misc":{"Dur\u00e9e de lecture estim\u00e9e":"2 minutes"},"schema":{"@context":"https:\/\/schema.org","@graph":[{"@type":"WebPage","@id":"https:\/\/atami.com\/fr\/produit\/ata-awa-leaves-ab","url":"https:\/\/atami.com\/fr\/produit\/ata-awa-leaves-ab","name":"ATA AWA Leaves A&B \u2013 Boostez la croissance de vos plantes hydroponiques","isPartOf":{"@id":"https:\/\/atami.com\/fr#website"},"primaryImageOfPage":{"@id":"https:\/\/atami.com\/fr\/produit\/ata-awa-leaves-ab#primaryimage"},"image":{"@id":"https:\/\/atami.com\/fr\/produit\/ata-awa-leaves-ab#primaryimage"},"thumbnailUrl":"https:\/\/atami.com\/wp-content\/uploads\/2023\/02\/ATA-Awa-Leaves-Main-Image.webp","datePublished":"2023-02-08T10:14:38+00:00","dateModified":"2025-11-07T15:20:30+00:00","description":"Donnez \u00e0 vos plantes hydroponiques une nutrition \u00e9quilibr\u00e9e avec ATA AWA Leaves A&B. Stimule la croissance vigoureuse et am\u00e9liore l\u2019absorption des nutriments. D\u00e9couvrez-le maintenant !","breadcrumb":{"@id":"https:\/\/atami.com\/fr\/produit\/ata-awa-leaves-ab#breadcrumb"},"inLanguage":"fr-FR","potentialAction":[{"@type":"ReadAction","target":["https:\/\/atami.com\/fr\/produit\/ata-awa-leaves-ab"]}]},{"@type":"ImageObject","inLanguage":"fr-FR","@id":"https:\/\/atami.com\/fr\/produit\/ata-awa-leaves-ab#primaryimage","url":"https:\/\/atami.com\/wp-content\/uploads\/2023\/02\/ATA-Awa-Leaves-Main-Image.webp","contentUrl":"https:\/\/atami.com\/wp-content\/uploads\/2023\/02\/ATA-Awa-Leaves-Main-Image.webp","width":1080,"height":1080,"caption":"ATA Awa Leaves A&B fournit des nutriments NPK essentiels avec des propri\u00e9t\u00e9s r\u00e9gulatrices du pH, favorisant une croissance optimale des plantes dans les syst\u00e8mes hydroponiques."},{"@type":"BreadcrumbList","@id":"https:\/\/atami.com\/fr\/produit\/ata-awa-leaves-ab#breadcrumb","itemListElement":[{"@type":"ListItem","position":1,"name":"Home","item":"https:\/\/atami.com\/fr"},{"@type":"ListItem","position":2,"name":"Produits","item":"https:\/\/atami.com\/fr\/shop"},{"@type":"ListItem","position":3,"name":"Marques","item":"https:\/\/atami.com\/fr\/categorie-produit\/marques"},{"@type":"ListItem","position":4,"name":"ATA","item":"https:\/\/atami.com\/fr\/categorie-produit\/marques\/ata"},{"@type":"ListItem","position":5,"name":"ATA Awa Leaves A&#038;B"}]},{"@type":"WebSite","@id":"https:\/\/atami.com\/fr#website","url":"https:\/\/atami.com\/fr","name":"Atami","description":"NATURALLY INNOVATING!","publisher":{"@id":"https:\/\/atami.com\/fr#organization"},"potentialAction":[{"@type":"SearchAction","target":{"@type":"EntryPoint","urlTemplate":"https:\/\/atami.com\/fr?s={search_term_string}"},"query-input":{"@type":"PropertyValueSpecification","valueRequired":true,"valueName":"search_term_string"}}],"inLanguage":"fr-FR"},{"@type":"Organization","@id":"https:\/\/atami.com\/fr#organization","name":"Atami","url":"https:\/\/atami.com\/fr","logo":{"@type":"ImageObject","inLanguage":"fr-FR","@id":"https:\/\/atami.com\/fr#\/schema\/logo\/image\/","url":"https:\/\/atami.com\/wp-content\/uploads\/2026\/01\/Atami-logo-696x696px.webp","contentUrl":"https:\/\/atami.com\/wp-content\/uploads\/2026\/01\/Atami-logo-696x696px.webp","width":696,"height":696,"caption":"Atami"},"image":{"@id":"https:\/\/atami.com\/fr#\/schema\/logo\/image\/"},"sameAs":["https:\/\/www.facebook.com\/Atami.International","https:\/\/x.com\/AtamiEU","https:\/\/www.youtube.com\/c\/AtamiInternational","https:\/\/www.instagram.com\/atami.international\/"],"description":"ATAMI is a premium plant nutrition & substrate brand founded in 1997 with the mission to make exceptional cultivation achievable for everyone. From legacy to license, we offer a wide variety of innovating award-winning products to let cultivators achieve maximum results in taste & yield.","email":"info@mginnovations.es","legalName":"Atami","numberOfEmployees":{"@type":"QuantitativeValue","minValue":"11","maxValue":"50"}}]}},"_links":{"self":[{"href":"https:\/\/atami.com\/fr\/wp-json\/wp\/v2\/product\/21744","targetHints":{"allow":["GET"]}}],"collection":[{"href":"https:\/\/atami.com\/fr\/wp-json\/wp\/v2\/product"}],"about":[{"href":"https:\/\/atami.com\/fr\/wp-json\/wp\/v2\/types\/product"}],"replies":[{"embeddable":true,"href":"https:\/\/atami.com\/fr\/wp-json\/wp\/v2\/comments?post=21744"}],"wp:featuredmedia":[{"embeddable":true,"href":"https:\/\/atami.com\/fr\/wp-json\/wp\/v2\/media\/23725"}],"wp:attachment":[{"href":"https:\/\/atami.com\/fr\/wp-json\/wp\/v2\/media?parent=21744"}],"wp:term":[{"taxonomy":"product_brand","embeddable":true,"href":"https:\/\/atami.com\/fr\/wp-json\/wp\/v2\/product_brand?post=21744"},{"taxonomy":"product_cat","embeddable":true,"href":"https:\/\/atami.com\/fr\/wp-json\/wp\/v2\/product_cat?post=21744"},{"taxonomy":"product_tag","embeddable":true,"href":"https:\/\/atami.com\/fr\/wp-json\/wp\/v2\/product_tag?post=21744"}],"curies":[{"name":"wp","href":"https:\/\/api.w.org\/{rel}","templated":true}]}}