{"id":21739,"date":"2023-02-08T08:00:20","date_gmt":"2023-02-08T08:00:20","guid":{"rendered":"https:\/\/atami.com\/product\/ata-terra-max\/"},"modified":"2025-11-07T17:19:44","modified_gmt":"2025-11-07T15:19:44","slug":"ata-terra-max","status":"publish","type":"product","link":"https:\/\/atami.com\/fr\/produit\/ata-terra-max","title":{"rendered":"ATA Terra Max"},"content":{"rendered":"<p><strong>ATA Terra Max est une solution nutritive de base universelle pour les plantes utilis\u00e9e pendant le cycle de floraison de la plante et sp\u00e9cifiquement d\u00e9velopp\u00e9e pour les cultures en terre. Ce substrat est naturellement riche en calcium et autres nutriments, c\u2019est pourquoi, tr\u00e8s peu de calcium a \u00e9t\u00e9 ajout\u00e9 \u00e0 ATA Terra Max et les valeurs de NPK ont \u00e9t\u00e9 maintenues \u00e0 des doses relativement faibles, pour \u00e9viter la sur-fertilisation.<\/strong><\/p>\n<p>&nbsp;<\/p>\n<p>AATA Terra Max est une nutrition de floraison compl\u00e8te qui a un effet positif sur la capacit\u00e9 de votre plante \u00e0 fleurir. Il en r\u00e9sultera des fleurs superbes et compactes qui augmenteront consid\u00e9rablement en taille.<\/p>\n<p>&nbsp;<\/p>\n<p><strong>PARTICULI\u00c8REMENT ADAPT\u00c9 POUR<\/strong><br \/>\nATA Terra Max est un nutriment universel adapt\u00e9 pour de nombreux types de fruits, l\u00e9gumes, herbes et plantes ornementales comme le chou-fleur, le brocoli et l\u2019aubergine. Il peut \u00e9galement \u00eatre utilis\u00e9 pour les plantes ornementales \u00e0 fleurs (par ex. : les roses, les fleurs de bruy\u00e8re). Le dosage requis peut \u00eatre mesur\u00e9 pour r\u00e9pondre aux besoins des plantes individuelles ou des cultures.<\/p>\n<p>&nbsp;<\/p>\n<p><strong>UTILISATION<\/strong><br \/>\nPeut \u00eatre utilis\u00e9 quotidiennement pendant toute la phase de floraison. ATA Terra Max est directement soluble dans l\u2019eau et facilement absorbable par les plantes. Les r\u00e9sultats sont rapidement visibles.<\/p>\n<p>&nbsp;<\/p>\n<p><strong>DOSAGE<\/strong><br \/>\n1 \u2013 5 ml par litre d\u2019eau. Convient \u00e0 tous les syst\u00e8mes d\u2019arrosage.<\/p>\n<p>&nbsp;<\/p>\n<p><strong>NPK 2-2-4 W\/W<\/strong><\/p>\n<p>&nbsp;<\/p>\n<p><strong>DISPONIBLE EN 250 ML, 1 L, 5 L, 10 L<\/strong><\/p>\n","protected":false},"excerpt":{"rendered":"<p>Phase de floraison<\/p>\n","protected":false},"featured_media":23704,"comment_status":"closed","ping_status":"closed","template":"","meta":{"_acf_changed":false,"iawp_total_views":173},"product_brand":[],"product_cat":[179,180],"product_tag":[],"class_list":{"0":"post-21739","1":"product","2":"type-product","3":"status-publish","4":"has-post-thumbnail","6":"product_cat-ata","7":"product_cat-nutriments-de-base","9":"first","10":"instock","11":"shipping-taxable","12":"product-type-simple"},"acf":{"short_description":"<p><strong>ATA Terra Max est une solution nutritive de base universelle pour les plantes utilis\u00e9e pendant le cycle de floraison de la plante et sp\u00e9cifiquement d\u00e9velopp\u00e9e pour les cultures en terre. Ce substrat est naturellement riche en calcium et autres nutriments, c\u2019est pourquoi, tr\u00e8s peu de calcium a \u00e9t\u00e9 ajout\u00e9 \u00e0 ATA Terra Max et les valeurs de NPK ont \u00e9t\u00e9 maintenues \u00e0 des doses relativement faibles, pour \u00e9viter la sur-fertilisation.<\/strong><\/p><p>&nbsp;<\/p><p>AATA Terra Max est une nutrition de floraison compl\u00e8te qui a un effet positif sur la capacit\u00e9 de votre plante \u00e0 fleurir. Il en r\u00e9sultera des fleurs superbes et compactes qui augmenteront consid\u00e9rablement en taille.<\/p>","suitable_for":"<p>ATA Terra Max est un nutriment universel adapt\u00e9 pour de nombreux types de fruits, l\u00e9gumes, herbes et plantes ornementales comme le chou-fleur, le brocoli et l\u2019aubergine. Il peut \u00e9galement \u00eatre utilis\u00e9 pour les plantes ornementales \u00e0 fleurs (par ex. : les roses, les fleurs de bruy\u00e8re). Le dosage requis peut \u00eatre mesur\u00e9 pour r\u00e9pondre aux besoins des plantes individuelles ou des cultures.<\/p>","application":"<p>Peut \u00eatre utilis\u00e9 quotidiennement pendant toute la phase de floraison. ATA Terra Max est directement soluble dans l\u2019eau et facilement absorbable par les plantes. Les r\u00e9sultats sont rapidement visibles.<\/p>","dosage":"<p>1 \u2013 5 ml par litre d\u2019eau. Convient \u00e0 tous les syst\u00e8mes d\u2019arrosage.<\/p>","npk_ratio":"<p>NPK 2-2-4 W\/W<\/p>","available_in":"<p>250 ML, 1 L, 5 L, 10 L<\/p>","icon_1":1492,"icon_1_text":"STIMULE LA PRODUCTION DE CHLOROPHYLLE","icon_2":1496,"icon_2_text":"RELATIVEMENT FAIBLE EN NPK","icon_3":1500,"icon_3_text":"GARANTIT UNE FLORAISON OPTIMALE","icon_4":"","icon_4_text":"","video":"","second_image":1488,"product_image_page":4031,"user_manual":"","new_icon_1":"","new_icon_2":"","new_icon_3":"","new_icon_4":"","grow_guides":"","category":"Nutriment de base"},"yoast_head":"<!-- This site is optimized with the Yoast SEO Premium plugin v27.5 (Yoast SEO v27.5) - https:\/\/yoast.com\/product\/yoast-seo-premium-wordpress\/ -->\n<title>ATA Terra Max : Fertilisez Vos Plantes pour un Croissance Maximale<\/title>\n<meta name=\"description\" content=\"D\u00e9couvrez Ata Terra Max, un fertilisant de haute qualit\u00e9 pour stimuler la croissance des plantes. Offrez \u00e0 vos cultures les nutriments dont elles ont besoin pour un d\u00e9veloppement sain et vigoureux !\" \/>\n<meta name=\"robots\" content=\"index, follow, max-snippet:-1, max-image-preview:large, max-video-preview:-1\" \/>\n<link rel=\"canonical\" href=\"https:\/\/atami.com\/fr\/produit\/ata-terra-max\" \/>\n<meta property=\"og:locale\" content=\"fr_FR\" \/>\n<meta property=\"og:type\" content=\"article\" \/>\n<meta property=\"og:title\" content=\"ATA Terra Max\" \/>\n<meta property=\"og:description\" content=\"D\u00e9couvrez Ata Terra Max, un fertilisant de haute qualit\u00e9 pour stimuler la croissance des plantes. Offrez \u00e0 vos cultures les nutriments dont elles ont besoin pour un d\u00e9veloppement sain et vigoureux !\" \/>\n<meta property=\"og:url\" content=\"https:\/\/atami.com\/fr\/produit\/ata-terra-max\" \/>\n<meta property=\"og:site_name\" content=\"Atami\" \/>\n<meta property=\"article:publisher\" content=\"https:\/\/www.facebook.com\/Atami.International\" \/>\n<meta property=\"article:modified_time\" content=\"2025-11-07T15:19:44+00:00\" \/>\n<meta property=\"og:image\" content=\"https:\/\/atami.com\/wp-content\/uploads\/2023\/02\/ATA-Terra-Max-Main-Image.webp\" \/>\n\t<meta property=\"og:image:width\" content=\"1080\" \/>\n\t<meta property=\"og:image:height\" content=\"1080\" \/>\n\t<meta property=\"og:image:type\" content=\"image\/webp\" \/>\n<meta name=\"twitter:card\" content=\"summary_large_image\" \/>\n<meta name=\"twitter:site\" content=\"@AtamiEU\" \/>\n<meta name=\"twitter:label1\" content=\"Dur\u00e9e de lecture estim\u00e9e\" \/>\n\t<meta name=\"twitter:data1\" content=\"2 minutes\" \/>\n<script type=\"application\/ld+json\" class=\"yoast-schema-graph\">{\"@context\":\"https:\\\/\\\/schema.org\",\"@graph\":[{\"@type\":\"WebPage\",\"@id\":\"https:\\\/\\\/atami.com\\\/fr\\\/produit\\\/ata-terra-max\",\"url\":\"https:\\\/\\\/atami.com\\\/fr\\\/produit\\\/ata-terra-max\",\"name\":\"ATA Terra Max : Fertilisez Vos Plantes pour un Croissance Maximale\",\"isPartOf\":{\"@id\":\"https:\\\/\\\/atami.com\\\/fr#website\"},\"primaryImageOfPage\":{\"@id\":\"https:\\\/\\\/atami.com\\\/fr\\\/produit\\\/ata-terra-max#primaryimage\"},\"image\":{\"@id\":\"https:\\\/\\\/atami.com\\\/fr\\\/produit\\\/ata-terra-max#primaryimage\"},\"thumbnailUrl\":\"https:\\\/\\\/atami.com\\\/wp-content\\\/uploads\\\/2023\\\/02\\\/ATA-Terra-Max-Main-Image.webp\",\"datePublished\":\"2023-02-08T08:00:20+00:00\",\"dateModified\":\"2025-11-07T15:19:44+00:00\",\"description\":\"D\u00e9couvrez Ata Terra Max, un fertilisant de haute qualit\u00e9 pour stimuler la croissance des plantes. Offrez \u00e0 vos cultures les nutriments dont elles ont besoin pour un d\u00e9veloppement sain et vigoureux !\",\"breadcrumb\":{\"@id\":\"https:\\\/\\\/atami.com\\\/fr\\\/produit\\\/ata-terra-max#breadcrumb\"},\"inLanguage\":\"fr-FR\",\"potentialAction\":[{\"@type\":\"ReadAction\",\"target\":[\"https:\\\/\\\/atami.com\\\/fr\\\/produit\\\/ata-terra-max\"]}]},{\"@type\":\"ImageObject\",\"inLanguage\":\"fr-FR\",\"@id\":\"https:\\\/\\\/atami.com\\\/fr\\\/produit\\\/ata-terra-max#primaryimage\",\"url\":\"https:\\\/\\\/atami.com\\\/wp-content\\\/uploads\\\/2023\\\/02\\\/ATA-Terra-Max-Main-Image.webp\",\"contentUrl\":\"https:\\\/\\\/atami.com\\\/wp-content\\\/uploads\\\/2023\\\/02\\\/ATA-Terra-Max-Main-Image.webp\",\"width\":1080,\"height\":1080,\"caption\":\"ATA Terra Max favorise le d\u00e9veloppement de fleurs compactes, augmentant consid\u00e9rablement leur taille au cours du cycle de floraison.\"},{\"@type\":\"BreadcrumbList\",\"@id\":\"https:\\\/\\\/atami.com\\\/fr\\\/produit\\\/ata-terra-max#breadcrumb\",\"itemListElement\":[{\"@type\":\"ListItem\",\"position\":1,\"name\":\"Home\",\"item\":\"https:\\\/\\\/atami.com\\\/fr\"},{\"@type\":\"ListItem\",\"position\":2,\"name\":\"Produits\",\"item\":\"https:\\\/\\\/atami.com\\\/fr\\\/shop\"},{\"@type\":\"ListItem\",\"position\":3,\"name\":\"Marques\",\"item\":\"https:\\\/\\\/atami.com\\\/fr\\\/categorie-produit\\\/marques\"},{\"@type\":\"ListItem\",\"position\":4,\"name\":\"ATA\",\"item\":\"https:\\\/\\\/atami.com\\\/fr\\\/categorie-produit\\\/marques\\\/ata\"},{\"@type\":\"ListItem\",\"position\":5,\"name\":\"ATA Terra Max\"}]},{\"@type\":\"WebSite\",\"@id\":\"https:\\\/\\\/atami.com\\\/fr#website\",\"url\":\"https:\\\/\\\/atami.com\\\/fr\",\"name\":\"Atami\",\"description\":\"NATURALLY INNOVATING!\",\"publisher\":{\"@id\":\"https:\\\/\\\/atami.com\\\/fr#organization\"},\"potentialAction\":[{\"@type\":\"SearchAction\",\"target\":{\"@type\":\"EntryPoint\",\"urlTemplate\":\"https:\\\/\\\/atami.com\\\/fr?s={search_term_string}\"},\"query-input\":{\"@type\":\"PropertyValueSpecification\",\"valueRequired\":true,\"valueName\":\"search_term_string\"}}],\"inLanguage\":\"fr-FR\"},{\"@type\":\"Organization\",\"@id\":\"https:\\\/\\\/atami.com\\\/fr#organization\",\"name\":\"Atami\",\"url\":\"https:\\\/\\\/atami.com\\\/fr\",\"logo\":{\"@type\":\"ImageObject\",\"inLanguage\":\"fr-FR\",\"@id\":\"https:\\\/\\\/atami.com\\\/fr#\\\/schema\\\/logo\\\/image\\\/\",\"url\":\"https:\\\/\\\/atami.com\\\/wp-content\\\/uploads\\\/2026\\\/01\\\/Atami-logo-696x696px.webp\",\"contentUrl\":\"https:\\\/\\\/atami.com\\\/wp-content\\\/uploads\\\/2026\\\/01\\\/Atami-logo-696x696px.webp\",\"width\":696,\"height\":696,\"caption\":\"Atami\"},\"image\":{\"@id\":\"https:\\\/\\\/atami.com\\\/fr#\\\/schema\\\/logo\\\/image\\\/\"},\"sameAs\":[\"https:\\\/\\\/www.facebook.com\\\/Atami.International\",\"https:\\\/\\\/x.com\\\/AtamiEU\",\"https:\\\/\\\/www.youtube.com\\\/c\\\/AtamiInternational\",\"https:\\\/\\\/www.instagram.com\\\/atami.international\\\/\"],\"description\":\"ATAMI is a premium plant nutrition & substrate brand founded in 1997 with the mission to make exceptional cultivation achievable for everyone. From legacy to license, we offer a wide variety of innovating award-winning products to let cultivators achieve maximum results in taste & yield.\",\"email\":\"info@mginnovations.es\",\"legalName\":\"Atami\",\"numberOfEmployees\":{\"@type\":\"QuantitativeValue\",\"minValue\":\"11\",\"maxValue\":\"50\"}}]}<\/script>\n<!-- \/ Yoast SEO Premium plugin. -->","yoast_head_json":{"title":"ATA Terra Max : Fertilisez Vos Plantes pour un Croissance Maximale","description":"D\u00e9couvrez Ata Terra Max, un fertilisant de haute qualit\u00e9 pour stimuler la croissance des plantes. Offrez \u00e0 vos cultures les nutriments dont elles ont besoin pour un d\u00e9veloppement sain et vigoureux !","robots":{"index":"index","follow":"follow","max-snippet":"max-snippet:-1","max-image-preview":"max-image-preview:large","max-video-preview":"max-video-preview:-1"},"canonical":"https:\/\/atami.com\/fr\/produit\/ata-terra-max","og_locale":"fr_FR","og_type":"article","og_title":"ATA Terra Max","og_description":"D\u00e9couvrez Ata Terra Max, un fertilisant de haute qualit\u00e9 pour stimuler la croissance des plantes. Offrez \u00e0 vos cultures les nutriments dont elles ont besoin pour un d\u00e9veloppement sain et vigoureux !","og_url":"https:\/\/atami.com\/fr\/produit\/ata-terra-max","og_site_name":"Atami","article_publisher":"https:\/\/www.facebook.com\/Atami.International","article_modified_time":"2025-11-07T15:19:44+00:00","og_image":[{"width":1080,"height":1080,"url":"https:\/\/atami.com\/wp-content\/uploads\/2023\/02\/ATA-Terra-Max-Main-Image.webp","type":"image\/webp"}],"twitter_card":"summary_large_image","twitter_site":"@AtamiEU","twitter_misc":{"Dur\u00e9e de lecture estim\u00e9e":"2 minutes"},"schema":{"@context":"https:\/\/schema.org","@graph":[{"@type":"WebPage","@id":"https:\/\/atami.com\/fr\/produit\/ata-terra-max","url":"https:\/\/atami.com\/fr\/produit\/ata-terra-max","name":"ATA Terra Max : Fertilisez Vos Plantes pour un Croissance Maximale","isPartOf":{"@id":"https:\/\/atami.com\/fr#website"},"primaryImageOfPage":{"@id":"https:\/\/atami.com\/fr\/produit\/ata-terra-max#primaryimage"},"image":{"@id":"https:\/\/atami.com\/fr\/produit\/ata-terra-max#primaryimage"},"thumbnailUrl":"https:\/\/atami.com\/wp-content\/uploads\/2023\/02\/ATA-Terra-Max-Main-Image.webp","datePublished":"2023-02-08T08:00:20+00:00","dateModified":"2025-11-07T15:19:44+00:00","description":"D\u00e9couvrez Ata Terra Max, un fertilisant de haute qualit\u00e9 pour stimuler la croissance des plantes. Offrez \u00e0 vos cultures les nutriments dont elles ont besoin pour un d\u00e9veloppement sain et vigoureux !","breadcrumb":{"@id":"https:\/\/atami.com\/fr\/produit\/ata-terra-max#breadcrumb"},"inLanguage":"fr-FR","potentialAction":[{"@type":"ReadAction","target":["https:\/\/atami.com\/fr\/produit\/ata-terra-max"]}]},{"@type":"ImageObject","inLanguage":"fr-FR","@id":"https:\/\/atami.com\/fr\/produit\/ata-terra-max#primaryimage","url":"https:\/\/atami.com\/wp-content\/uploads\/2023\/02\/ATA-Terra-Max-Main-Image.webp","contentUrl":"https:\/\/atami.com\/wp-content\/uploads\/2023\/02\/ATA-Terra-Max-Main-Image.webp","width":1080,"height":1080,"caption":"ATA Terra Max favorise le d\u00e9veloppement de fleurs compactes, augmentant consid\u00e9rablement leur taille au cours du cycle de floraison."},{"@type":"BreadcrumbList","@id":"https:\/\/atami.com\/fr\/produit\/ata-terra-max#breadcrumb","itemListElement":[{"@type":"ListItem","position":1,"name":"Home","item":"https:\/\/atami.com\/fr"},{"@type":"ListItem","position":2,"name":"Produits","item":"https:\/\/atami.com\/fr\/shop"},{"@type":"ListItem","position":3,"name":"Marques","item":"https:\/\/atami.com\/fr\/categorie-produit\/marques"},{"@type":"ListItem","position":4,"name":"ATA","item":"https:\/\/atami.com\/fr\/categorie-produit\/marques\/ata"},{"@type":"ListItem","position":5,"name":"ATA Terra Max"}]},{"@type":"WebSite","@id":"https:\/\/atami.com\/fr#website","url":"https:\/\/atami.com\/fr","name":"Atami","description":"NATURALLY INNOVATING!","publisher":{"@id":"https:\/\/atami.com\/fr#organization"},"potentialAction":[{"@type":"SearchAction","target":{"@type":"EntryPoint","urlTemplate":"https:\/\/atami.com\/fr?s={search_term_string}"},"query-input":{"@type":"PropertyValueSpecification","valueRequired":true,"valueName":"search_term_string"}}],"inLanguage":"fr-FR"},{"@type":"Organization","@id":"https:\/\/atami.com\/fr#organization","name":"Atami","url":"https:\/\/atami.com\/fr","logo":{"@type":"ImageObject","inLanguage":"fr-FR","@id":"https:\/\/atami.com\/fr#\/schema\/logo\/image\/","url":"https:\/\/atami.com\/wp-content\/uploads\/2026\/01\/Atami-logo-696x696px.webp","contentUrl":"https:\/\/atami.com\/wp-content\/uploads\/2026\/01\/Atami-logo-696x696px.webp","width":696,"height":696,"caption":"Atami"},"image":{"@id":"https:\/\/atami.com\/fr#\/schema\/logo\/image\/"},"sameAs":["https:\/\/www.facebook.com\/Atami.International","https:\/\/x.com\/AtamiEU","https:\/\/www.youtube.com\/c\/AtamiInternational","https:\/\/www.instagram.com\/atami.international\/"],"description":"ATAMI is a premium plant nutrition & substrate brand founded in 1997 with the mission to make exceptional cultivation achievable for everyone. From legacy to license, we offer a wide variety of innovating award-winning products to let cultivators achieve maximum results in taste & yield.","email":"info@mginnovations.es","legalName":"Atami","numberOfEmployees":{"@type":"QuantitativeValue","minValue":"11","maxValue":"50"}}]}},"_links":{"self":[{"href":"https:\/\/atami.com\/fr\/wp-json\/wp\/v2\/product\/21739","targetHints":{"allow":["GET"]}}],"collection":[{"href":"https:\/\/atami.com\/fr\/wp-json\/wp\/v2\/product"}],"about":[{"href":"https:\/\/atami.com\/fr\/wp-json\/wp\/v2\/types\/product"}],"replies":[{"embeddable":true,"href":"https:\/\/atami.com\/fr\/wp-json\/wp\/v2\/comments?post=21739"}],"wp:featuredmedia":[{"embeddable":true,"href":"https:\/\/atami.com\/fr\/wp-json\/wp\/v2\/media\/23704"}],"wp:attachment":[{"href":"https:\/\/atami.com\/fr\/wp-json\/wp\/v2\/media?parent=21739"}],"wp:term":[{"taxonomy":"product_brand","embeddable":true,"href":"https:\/\/atami.com\/fr\/wp-json\/wp\/v2\/product_brand?post=21739"},{"taxonomy":"product_cat","embeddable":true,"href":"https:\/\/atami.com\/fr\/wp-json\/wp\/v2\/product_cat?post=21739"},{"taxonomy":"product_tag","embeddable":true,"href":"https:\/\/atami.com\/fr\/wp-json\/wp\/v2\/product_tag?post=21739"}],"curies":[{"name":"wp","href":"https:\/\/api.w.org\/{rel}","templated":true}]}}