{"id":21734,"date":"2023-02-07T14:34:34","date_gmt":"2023-02-07T14:34:34","guid":{"rendered":"https:\/\/atami.com\/product\/ata-terra-leaves\/"},"modified":"2025-11-07T17:19:24","modified_gmt":"2025-11-07T15:19:24","slug":"ata-terra-leaves","status":"publish","type":"product","link":"https:\/\/atami.com\/fr\/produit\/ata-terra-leaves","title":{"rendered":"ATA Terra Leaves"},"content":{"rendered":"<p><strong>ATA Terra Leaves est un nutriment de base universel utilis\u00e9 pendant le cycle de croissance de la plante et sp\u00e9cifiquement d\u00e9velopp\u00e9 pour les cultures en terre. Il n\u2019a pas \u00e9t\u00e9 ajout\u00e9 de calcium \u00e0 cet engrais car il est d\u00e9j\u00e0 naturellement pr\u00e9sent en quantit\u00e9s suffisantes dans les substrats de terre.<\/strong><\/p>\n<p>&nbsp;<\/p>\n<p>La terre contient naturellement de nombreux nutriments en plus du calcium. Elle est \u00e9galement capable de retenir la nourriture dans des proportions raisonnables. C\u2019est pour ces raisons que les valeurs de NPK de l\u2019ATA Terra Leaves ont \u00e9t\u00e9 maintenues \u00e0 des doses relativement faibles, pour \u00e9viter une \u00e9ventuelle sur-fertilisation. ATA Terra Leaves aide la plante \u00e0 d\u00e9velopper des branches fortes et vitales et permet \u00e0 celle-ci d\u2019augmenter sa taille de mani\u00e8re r\u00e9guli\u00e8re. Il stimule la production de chlorophylle.<\/p>\n<p>&nbsp;<\/p>\n<p><strong>PARTICULI\u00c8REMENT ADAPT\u00c9 POUR<\/strong><br \/>\nDe nombreux types de l\u00e9gumes, fruits et herbes comme les \u00e9pinards, la sauge et la salade. Il peut \u00e9galement \u00eatre utilis\u00e9 pour les plantes d\u2019int\u00e9rieur et en pots (par ex. : les hortensias, les buissons de bruy\u00e8re, etc.). Le dosage requis peut \u00eatre mesur\u00e9 pour r\u00e9pondre aux besoins des plantes individuelles ou des cultures.<\/p>\n<p>&nbsp;<\/p>\n<p><strong>UTILISATION<\/strong><br \/>\nSoluble directement dans l\u2019eau et facilement absorb\u00e9 par la plante. Particuli\u00e8rement adapt\u00e9 aux terres peu calcaires.<\/p>\n<p>&nbsp;<\/p>\n<p><strong>DOSAGE<\/strong><br \/>\n1 \u2013 5 ml par litre d\u2019eau. Convient \u00e0 tous les syst\u00e8mes d\u2019arrosage.<\/p>\n<p>&nbsp;<\/p>\n<p><strong>NPK 2-1-3 W\/W<\/strong><\/p>\n<p>&nbsp;<\/p>\n<p><strong>DISPONIBLE EN 250 ML, 1 L, 5 L, 10 L<\/strong><\/p>\n","protected":false},"excerpt":{"rendered":"<p>Phase de croissance<\/p>\n<p>Terre<\/p>\n","protected":false},"featured_media":23689,"comment_status":"closed","ping_status":"closed","template":"","meta":{"_acf_changed":false,"iawp_total_views":92},"product_brand":[],"product_cat":[179,180],"product_tag":[],"class_list":{"0":"post-21734","1":"product","2":"type-product","3":"status-publish","4":"has-post-thumbnail","6":"product_cat-ata","7":"product_cat-nutriments-de-base","9":"first","10":"instock","11":"shipping-taxable","12":"product-type-simple"},"acf":{"short_description":"<p><strong>ATA Terra Leaves est un nutriment de base universel utilis\u00e9 pendant le cycle de croissance de la plante et sp\u00e9cifiquement d\u00e9velopp\u00e9 pour les cultures en terre. Il n\u2019a pas \u00e9t\u00e9 ajout\u00e9 de calcium \u00e0 cet engrais car il est d\u00e9j\u00e0 naturellement pr\u00e9sent en quantit\u00e9s suffisantes dans les substrats de terre.<\/strong><\/p><p>&nbsp;<\/p><p>La terre contient naturellement de nombreux nutriments en plus du calcium. Elle est \u00e9galement capable de retenir la nourriture dans des proportions raisonnables. C\u2019est pour ces raisons que les valeurs de NPK de l\u2019ATA Terra Leaves ont \u00e9t\u00e9 maintenues \u00e0 des doses relativement faibles, pour \u00e9viter une \u00e9ventuelle sur-fertilisation. ATA Terra Leaves aide la plante \u00e0 d\u00e9velopper des branches fortes et vitales et permet \u00e0 celle-ci d\u2019augmenter sa taille de mani\u00e8re r\u00e9guli\u00e8re. Il stimule la production de chlorophylle.<\/p>","suitable_for":"<p>De nombreux types de l\u00e9gumes, fruits et herbes comme les \u00e9pinards, la sauge et la salade. Il peut \u00e9galement \u00eatre utilis\u00e9 pour les plantes d\u2019int\u00e9rieur et en pots (par ex. : les hortensias, les buissons de bruy\u00e8re, etc.). Le dosage requis peut \u00eatre mesur\u00e9 pour r\u00e9pondre aux besoins des plantes individuelles ou des cultures.<\/p>","application":"<p>Soluble directement dans l\u2019eau et facilement absorb\u00e9 par la plante. Particuli\u00e8rement adapt\u00e9 aux terres peu calcaires.<\/p>","dosage":"<p>1 \u2013 5 ml par litre d\u2019eau. Convient \u00e0 tous les syst\u00e8mes d\u2019arrosage.<\/p>","npk_ratio":"<p>NPK 2-1-3 W\/W<\/p>","available_in":"<p>250 ML, 1 L, 5 L, 10 L<\/p>","icon_1":1355,"icon_1_text":"STIMULE LA PRODUCTION DE CHLOROPHYLLE","icon_2":1359,"icon_2_text":"GARANTIT UNE CROISSANCE OPTIMALE","icon_3":1363,"icon_3_text":"ADAPT\u00c9 \u00c0 TOUS LES SYST\u00c8MES D\u2019ARROSAGE","icon_4":"","icon_4_text":"","video":"","second_image":1345,"product_image_page":4027,"user_manual":"","new_icon_1":"","new_icon_2":"","new_icon_3":"","new_icon_4":"","grow_guides":"","category":"Nutriment de base"},"yoast_head":"<!-- This site is optimized with the Yoast SEO Premium plugin v27.4 (Yoast SEO v27.4) - https:\/\/yoast.com\/product\/yoast-seo-premium-wordpress\/ -->\n<title>ATA Terra Leaves : Engrais pour Feuilles Abondantes et Saines<\/title>\n<meta name=\"description\" content=\"Favorisez une croissance vigoureuse avec ATA Terra Leaves, l\u2019engrais liquide id\u00e9al pour la phase v\u00e9g\u00e9tative. Parfait pour tous les types de cultures en terre.\" \/>\n<meta name=\"robots\" content=\"index, follow, max-snippet:-1, max-image-preview:large, max-video-preview:-1\" \/>\n<link rel=\"canonical\" href=\"https:\/\/atami.com\/fr\/produit\/ata-terra-leaves\" \/>\n<meta property=\"og:locale\" content=\"fr_FR\" \/>\n<meta property=\"og:type\" content=\"article\" \/>\n<meta property=\"og:title\" content=\"ATA Terra Leaves\" \/>\n<meta property=\"og:description\" content=\"Favorisez une croissance vigoureuse avec ATA Terra Leaves, l\u2019engrais liquide id\u00e9al pour la phase v\u00e9g\u00e9tative. Parfait pour tous les types de cultures en terre.\" \/>\n<meta property=\"og:url\" content=\"https:\/\/atami.com\/fr\/produit\/ata-terra-leaves\" \/>\n<meta property=\"og:site_name\" content=\"Atami\" \/>\n<meta property=\"article:publisher\" content=\"https:\/\/www.facebook.com\/Atami.International\" \/>\n<meta property=\"article:modified_time\" content=\"2025-11-07T15:19:24+00:00\" \/>\n<meta property=\"og:image\" content=\"https:\/\/atami.com\/wp-content\/uploads\/2023\/02\/ATA-Terra-Leaves-Main-Image.webp\" \/>\n\t<meta property=\"og:image:width\" content=\"1080\" \/>\n\t<meta property=\"og:image:height\" content=\"1080\" \/>\n\t<meta property=\"og:image:type\" content=\"image\/webp\" \/>\n<meta name=\"twitter:card\" content=\"summary_large_image\" \/>\n<meta name=\"twitter:site\" content=\"@AtamiEU\" \/>\n<meta name=\"twitter:label1\" content=\"Dur\u00e9e de lecture estim\u00e9e\" \/>\n\t<meta name=\"twitter:data1\" content=\"2 minutes\" \/>\n<script type=\"application\/ld+json\" class=\"yoast-schema-graph\">{\"@context\":\"https:\\\/\\\/schema.org\",\"@graph\":[{\"@type\":\"WebPage\",\"@id\":\"https:\\\/\\\/atami.com\\\/fr\\\/produit\\\/ata-terra-leaves\",\"url\":\"https:\\\/\\\/atami.com\\\/fr\\\/produit\\\/ata-terra-leaves\",\"name\":\"ATA Terra Leaves : Engrais pour Feuilles Abondantes et Saines\",\"isPartOf\":{\"@id\":\"https:\\\/\\\/atami.com\\\/fr#website\"},\"primaryImageOfPage\":{\"@id\":\"https:\\\/\\\/atami.com\\\/fr\\\/produit\\\/ata-terra-leaves#primaryimage\"},\"image\":{\"@id\":\"https:\\\/\\\/atami.com\\\/fr\\\/produit\\\/ata-terra-leaves#primaryimage\"},\"thumbnailUrl\":\"https:\\\/\\\/atami.com\\\/wp-content\\\/uploads\\\/2023\\\/02\\\/ATA-Terra-Leaves-Main-Image.webp\",\"datePublished\":\"2023-02-07T14:34:34+00:00\",\"dateModified\":\"2025-11-07T15:19:24+00:00\",\"description\":\"Favorisez une croissance vigoureuse avec ATA Terra Leaves, l\u2019engrais liquide id\u00e9al pour la phase v\u00e9g\u00e9tative. Parfait pour tous les types de cultures en terre.\",\"breadcrumb\":{\"@id\":\"https:\\\/\\\/atami.com\\\/fr\\\/produit\\\/ata-terra-leaves#breadcrumb\"},\"inLanguage\":\"fr-FR\",\"potentialAction\":[{\"@type\":\"ReadAction\",\"target\":[\"https:\\\/\\\/atami.com\\\/fr\\\/produit\\\/ata-terra-leaves\"]}]},{\"@type\":\"ImageObject\",\"inLanguage\":\"fr-FR\",\"@id\":\"https:\\\/\\\/atami.com\\\/fr\\\/produit\\\/ata-terra-leaves#primaryimage\",\"url\":\"https:\\\/\\\/atami.com\\\/wp-content\\\/uploads\\\/2023\\\/02\\\/ATA-Terra-Leaves-Main-Image.webp\",\"contentUrl\":\"https:\\\/\\\/atami.com\\\/wp-content\\\/uploads\\\/2023\\\/02\\\/ATA-Terra-Leaves-Main-Image.webp\",\"width\":1080,\"height\":1080,\"caption\":\"ATA Terra Leaves stimule la production de chlorophylle, favorisant des branches fortes et vitales et une croissance r\u00e9guli\u00e8re des plantes.\"},{\"@type\":\"BreadcrumbList\",\"@id\":\"https:\\\/\\\/atami.com\\\/fr\\\/produit\\\/ata-terra-leaves#breadcrumb\",\"itemListElement\":[{\"@type\":\"ListItem\",\"position\":1,\"name\":\"Home\",\"item\":\"https:\\\/\\\/atami.com\\\/fr\"},{\"@type\":\"ListItem\",\"position\":2,\"name\":\"Produits\",\"item\":\"https:\\\/\\\/atami.com\\\/fr\\\/shop\"},{\"@type\":\"ListItem\",\"position\":3,\"name\":\"Marques\",\"item\":\"https:\\\/\\\/atami.com\\\/fr\\\/categorie-produit\\\/marques\"},{\"@type\":\"ListItem\",\"position\":4,\"name\":\"ATA\",\"item\":\"https:\\\/\\\/atami.com\\\/fr\\\/categorie-produit\\\/marques\\\/ata\"},{\"@type\":\"ListItem\",\"position\":5,\"name\":\"ATA Terra Leaves\"}]},{\"@type\":\"WebSite\",\"@id\":\"https:\\\/\\\/atami.com\\\/fr#website\",\"url\":\"https:\\\/\\\/atami.com\\\/fr\",\"name\":\"Atami\",\"description\":\"NATURALLY INNOVATING!\",\"publisher\":{\"@id\":\"https:\\\/\\\/atami.com\\\/fr#organization\"},\"potentialAction\":[{\"@type\":\"SearchAction\",\"target\":{\"@type\":\"EntryPoint\",\"urlTemplate\":\"https:\\\/\\\/atami.com\\\/fr?s={search_term_string}\"},\"query-input\":{\"@type\":\"PropertyValueSpecification\",\"valueRequired\":true,\"valueName\":\"search_term_string\"}}],\"inLanguage\":\"fr-FR\"},{\"@type\":\"Organization\",\"@id\":\"https:\\\/\\\/atami.com\\\/fr#organization\",\"name\":\"Atami\",\"url\":\"https:\\\/\\\/atami.com\\\/fr\",\"logo\":{\"@type\":\"ImageObject\",\"inLanguage\":\"fr-FR\",\"@id\":\"https:\\\/\\\/atami.com\\\/fr#\\\/schema\\\/logo\\\/image\\\/\",\"url\":\"https:\\\/\\\/atami.com\\\/wp-content\\\/uploads\\\/2026\\\/01\\\/Atami-logo-696x696px.webp\",\"contentUrl\":\"https:\\\/\\\/atami.com\\\/wp-content\\\/uploads\\\/2026\\\/01\\\/Atami-logo-696x696px.webp\",\"width\":696,\"height\":696,\"caption\":\"Atami\"},\"image\":{\"@id\":\"https:\\\/\\\/atami.com\\\/fr#\\\/schema\\\/logo\\\/image\\\/\"},\"sameAs\":[\"https:\\\/\\\/www.facebook.com\\\/Atami.International\",\"https:\\\/\\\/x.com\\\/AtamiEU\",\"https:\\\/\\\/www.youtube.com\\\/c\\\/AtamiInternational\",\"https:\\\/\\\/www.instagram.com\\\/atami.international\\\/\"],\"description\":\"ATAMI is a premium plant nutrition & substrate brand founded in 1997 with the mission to make exceptional cultivation achievable for everyone. From legacy to license, we offer a wide variety of innovating award-winning products to let cultivators achieve maximum results in taste & yield.\",\"email\":\"info@mginnovations.es\",\"legalName\":\"Atami\",\"numberOfEmployees\":{\"@type\":\"QuantitativeValue\",\"minValue\":\"11\",\"maxValue\":\"50\"}}]}<\/script>\n<!-- \/ Yoast SEO Premium plugin. -->","yoast_head_json":{"title":"ATA Terra Leaves : Engrais pour Feuilles Abondantes et Saines","description":"Favorisez une croissance vigoureuse avec ATA Terra Leaves, l\u2019engrais liquide id\u00e9al pour la phase v\u00e9g\u00e9tative. Parfait pour tous les types de cultures en terre.","robots":{"index":"index","follow":"follow","max-snippet":"max-snippet:-1","max-image-preview":"max-image-preview:large","max-video-preview":"max-video-preview:-1"},"canonical":"https:\/\/atami.com\/fr\/produit\/ata-terra-leaves","og_locale":"fr_FR","og_type":"article","og_title":"ATA Terra Leaves","og_description":"Favorisez une croissance vigoureuse avec ATA Terra Leaves, l\u2019engrais liquide id\u00e9al pour la phase v\u00e9g\u00e9tative. Parfait pour tous les types de cultures en terre.","og_url":"https:\/\/atami.com\/fr\/produit\/ata-terra-leaves","og_site_name":"Atami","article_publisher":"https:\/\/www.facebook.com\/Atami.International","article_modified_time":"2025-11-07T15:19:24+00:00","og_image":[{"width":1080,"height":1080,"url":"https:\/\/atami.com\/wp-content\/uploads\/2023\/02\/ATA-Terra-Leaves-Main-Image.webp","type":"image\/webp"}],"twitter_card":"summary_large_image","twitter_site":"@AtamiEU","twitter_misc":{"Dur\u00e9e de lecture estim\u00e9e":"2 minutes"},"schema":{"@context":"https:\/\/schema.org","@graph":[{"@type":"WebPage","@id":"https:\/\/atami.com\/fr\/produit\/ata-terra-leaves","url":"https:\/\/atami.com\/fr\/produit\/ata-terra-leaves","name":"ATA Terra Leaves : Engrais pour Feuilles Abondantes et Saines","isPartOf":{"@id":"https:\/\/atami.com\/fr#website"},"primaryImageOfPage":{"@id":"https:\/\/atami.com\/fr\/produit\/ata-terra-leaves#primaryimage"},"image":{"@id":"https:\/\/atami.com\/fr\/produit\/ata-terra-leaves#primaryimage"},"thumbnailUrl":"https:\/\/atami.com\/wp-content\/uploads\/2023\/02\/ATA-Terra-Leaves-Main-Image.webp","datePublished":"2023-02-07T14:34:34+00:00","dateModified":"2025-11-07T15:19:24+00:00","description":"Favorisez une croissance vigoureuse avec ATA Terra Leaves, l\u2019engrais liquide id\u00e9al pour la phase v\u00e9g\u00e9tative. Parfait pour tous les types de cultures en terre.","breadcrumb":{"@id":"https:\/\/atami.com\/fr\/produit\/ata-terra-leaves#breadcrumb"},"inLanguage":"fr-FR","potentialAction":[{"@type":"ReadAction","target":["https:\/\/atami.com\/fr\/produit\/ata-terra-leaves"]}]},{"@type":"ImageObject","inLanguage":"fr-FR","@id":"https:\/\/atami.com\/fr\/produit\/ata-terra-leaves#primaryimage","url":"https:\/\/atami.com\/wp-content\/uploads\/2023\/02\/ATA-Terra-Leaves-Main-Image.webp","contentUrl":"https:\/\/atami.com\/wp-content\/uploads\/2023\/02\/ATA-Terra-Leaves-Main-Image.webp","width":1080,"height":1080,"caption":"ATA Terra Leaves stimule la production de chlorophylle, favorisant des branches fortes et vitales et une croissance r\u00e9guli\u00e8re des plantes."},{"@type":"BreadcrumbList","@id":"https:\/\/atami.com\/fr\/produit\/ata-terra-leaves#breadcrumb","itemListElement":[{"@type":"ListItem","position":1,"name":"Home","item":"https:\/\/atami.com\/fr"},{"@type":"ListItem","position":2,"name":"Produits","item":"https:\/\/atami.com\/fr\/shop"},{"@type":"ListItem","position":3,"name":"Marques","item":"https:\/\/atami.com\/fr\/categorie-produit\/marques"},{"@type":"ListItem","position":4,"name":"ATA","item":"https:\/\/atami.com\/fr\/categorie-produit\/marques\/ata"},{"@type":"ListItem","position":5,"name":"ATA Terra Leaves"}]},{"@type":"WebSite","@id":"https:\/\/atami.com\/fr#website","url":"https:\/\/atami.com\/fr","name":"Atami","description":"NATURALLY INNOVATING!","publisher":{"@id":"https:\/\/atami.com\/fr#organization"},"potentialAction":[{"@type":"SearchAction","target":{"@type":"EntryPoint","urlTemplate":"https:\/\/atami.com\/fr?s={search_term_string}"},"query-input":{"@type":"PropertyValueSpecification","valueRequired":true,"valueName":"search_term_string"}}],"inLanguage":"fr-FR"},{"@type":"Organization","@id":"https:\/\/atami.com\/fr#organization","name":"Atami","url":"https:\/\/atami.com\/fr","logo":{"@type":"ImageObject","inLanguage":"fr-FR","@id":"https:\/\/atami.com\/fr#\/schema\/logo\/image\/","url":"https:\/\/atami.com\/wp-content\/uploads\/2026\/01\/Atami-logo-696x696px.webp","contentUrl":"https:\/\/atami.com\/wp-content\/uploads\/2026\/01\/Atami-logo-696x696px.webp","width":696,"height":696,"caption":"Atami"},"image":{"@id":"https:\/\/atami.com\/fr#\/schema\/logo\/image\/"},"sameAs":["https:\/\/www.facebook.com\/Atami.International","https:\/\/x.com\/AtamiEU","https:\/\/www.youtube.com\/c\/AtamiInternational","https:\/\/www.instagram.com\/atami.international\/"],"description":"ATAMI is a premium plant nutrition & substrate brand founded in 1997 with the mission to make exceptional cultivation achievable for everyone. From legacy to license, we offer a wide variety of innovating award-winning products to let cultivators achieve maximum results in taste & yield.","email":"info@mginnovations.es","legalName":"Atami","numberOfEmployees":{"@type":"QuantitativeValue","minValue":"11","maxValue":"50"}}]}},"_links":{"self":[{"href":"https:\/\/atami.com\/fr\/wp-json\/wp\/v2\/product\/21734","targetHints":{"allow":["GET"]}}],"collection":[{"href":"https:\/\/atami.com\/fr\/wp-json\/wp\/v2\/product"}],"about":[{"href":"https:\/\/atami.com\/fr\/wp-json\/wp\/v2\/types\/product"}],"replies":[{"embeddable":true,"href":"https:\/\/atami.com\/fr\/wp-json\/wp\/v2\/comments?post=21734"}],"wp:featuredmedia":[{"embeddable":true,"href":"https:\/\/atami.com\/fr\/wp-json\/wp\/v2\/media\/23689"}],"wp:attachment":[{"href":"https:\/\/atami.com\/fr\/wp-json\/wp\/v2\/media?parent=21734"}],"wp:term":[{"taxonomy":"product_brand","embeddable":true,"href":"https:\/\/atami.com\/fr\/wp-json\/wp\/v2\/product_brand?post=21734"},{"taxonomy":"product_cat","embeddable":true,"href":"https:\/\/atami.com\/fr\/wp-json\/wp\/v2\/product_cat?post=21734"},{"taxonomy":"product_tag","embeddable":true,"href":"https:\/\/atami.com\/fr\/wp-json\/wp\/v2\/product_tag?post=21734"}],"curies":[{"name":"wp","href":"https:\/\/api.w.org\/{rel}","templated":true}]}}