{"id":21732,"date":"2023-02-07T13:56:28","date_gmt":"2023-02-07T13:56:28","guid":{"rendered":"https:\/\/atami.com\/product\/bi-bloombastic\/"},"modified":"2025-11-10T15:05:40","modified_gmt":"2025-11-10T13:05:40","slug":"bi-bloombastic","status":"publish","type":"product","link":"https:\/\/atami.com\/fr\/produit\/bi-bloombastic","title":{"rendered":"Bi-Bloombastic"},"content":{"rendered":"<p><strong>Bloombastic avec une touche verte ! Bi-Bloombastic am\u00e9liore la saveur et acc\u00e9l\u00e8re la formation de fleurs, mais contient \u00e9galement des compos\u00e9s organiques. C\u2019est un stimulateur de floraison tout-en-un tr\u00e8s concentr\u00e9, pour le cultivateur soucieux de l\u2019environnement. <\/strong><\/p>\n<p>&nbsp;<\/p>\n<p><strong>Il agit comme un stimulateur, un durcisseur, un exhausteur de go\u00fbt et comme un activateur de diff\u00e9rents processus enzymatiques. Les nutriments de Bi-Bloombastic soutiennent les micro-organismes pendant la phase de floraison. Cela garantit un syst\u00e8me racinaire sain et finalement, un bon rendement !<\/strong><\/p>\n<p>&nbsp;<\/p>\n<p>Bi-Bloombastic peut \u00eatre combin\u00e9 avec des nutriments de base et d\u2019autres additifs. Cependant, vous devez toujours faire attention \u00e0 la valeur EC de votre solution nutritive. Ce produit contient une concentration \u00e9lev\u00e9e de P, de K et de fer mais en raison de sa nature organique, il est plus facilement m\u00e9tabolis\u00e9 par les micro-organismes que les engrais min\u00e9raux. En plus de stimuler la puissance de floraison g\u00e9n\u00e9rale, Bi-Bloombastic augmente la taille et le rendement des fruits. C\u2019est finalement un produit extr\u00eamement efficace avec de nombreuses fonctionnalit\u00e9s et avantages.<\/p>\n<p>&nbsp;<\/p>\n<p><strong>ADAPT\u00c9 POUR<\/strong><\/p>\n<p>Diff\u00e9rents types de l\u00e9gumes et de fruits tels que les piments, les fraises ou les myrtilles. Il peut \u00e9galement \u00eatre utilis\u00e9 pour les plantes ornementales \u00e0 fleurs (par ex. : les orchid\u00e9es, les violettes). Adapt\u00e9 pour les cultures en hydro, coco et terre.<\/p>\n<p>&nbsp;<\/p>\n<p><strong>UTILISATION<\/strong><br \/>\nPeut \u00eatre utilis\u00e9 dans les 4 \u00e0 6 derni\u00e8res semaines de la floraison en compl\u00e9ment de votre nutrition habituelle. Lors de l\u2019utilisation de syst\u00e8mes d\u2019irrigation, Bi-Bloombastic ne peut \u00eatre administr\u00e9 que manuellement avec un arrosoir pour \u00e9viter les risques d\u2019obstruction.<\/p>\n<p>&nbsp;<\/p>\n<p><strong>DOSAGE<\/strong><br \/>\n1 \u2013 2 ml par litre d\u2019eau<\/p>\n<p>&nbsp;<\/p>\n<p><strong>PK 8-12 W\/W<\/strong><\/p>\n<p>&nbsp;<\/p>\n<p><strong>DISPONIBLE EN 50 ML, 100 ML, 250 ML, 500 ML, 1 L, 5 L<\/strong><\/p>\n","protected":false},"excerpt":{"rendered":"<p>Additif tout-en-un \u2018Green twist\u2019 pour la floraison<\/p>\n","protected":false},"featured_media":202148,"comment_status":"closed","ping_status":"closed","template":"","meta":{"_acf_changed":false,"iawp_total_views":150},"product_brand":[],"product_cat":[181,176],"product_tag":[],"class_list":{"0":"post-21732","1":"product","2":"type-product","3":"status-publish","4":"has-post-thumbnail","6":"product_cat-additifs","7":"product_cat-bastics","9":"first","10":"instock","11":"shipping-taxable","12":"product-type-simple"},"acf":{"short_description":"<p><strong>Bloombastic avec une touche verte ! Bi-Bloombastic am\u00e9liore la saveur et acc\u00e9l\u00e8re la formation de fleurs, mais contient \u00e9galement des compos\u00e9s organiques. C\u2019est un stimulateur de floraison tout-en-un tr\u00e8s concentr\u00e9, pour le cultivateur soucieux de l\u2019environnement. <\/strong><\/p><p>&nbsp;<\/p><p><strong>Il agit comme un stimulateur, un durcisseur, un exhausteur de go\u00fbt et comme un activateur de diff\u00e9rents processus enzymatiques. Les nutriments de Bi-Bloombastic soutiennent les micro-organismes pendant la phase de floraison. Cela garantit un syst\u00e8me racinaire sain et finalement, un bon rendement !<\/strong><\/p>","suitable_for":"<p>Diff\u00e9rents types de l\u00e9gumes et de fruits tels que les piments, les fraises ou les myrtilles. Il peut \u00e9galement \u00eatre utilis\u00e9 pour les plantes ornementales \u00e0 fleurs (par ex. : les orchid\u00e9es, les violettes). Adapt\u00e9 pour les cultures en hydro, coco et terre.<\/p>","application":"<p>Peut \u00eatre utilis\u00e9 dans les 4 \u00e0 6 derni\u00e8res semaines de la floraison en compl\u00e9ment de votre nutrition habituelle. Lors de l\u2019utilisation de syst\u00e8mes d\u2019irrigation, Bi-Bloombastic ne peut \u00eatre administr\u00e9 que manuellement avec un arrosoir pour \u00e9viter les risques d\u2019obstruction.<\/p>","dosage":"<p>1 \u2013 2 ml par litre d\u2019eau<\/p>","npk_ratio":"<p>PK 8-12 W\/W<\/p>","available_in":"<p>50 ML, 100 ML, 250 ML, 500 ML, 1 L, 5 L<\/p>","icon_1":191358,"icon_1_text":"RICHE EN MICRO-ORGANISMES","icon_2":512,"icon_2_text":"UN COCKTAIL DE BIOMIN\u00c9RAUX ET DE BIOSTIMULATEURS DE HAUTE QUALIT\u00c9","icon_3":594,"icon_3_text":"AUGMENTE LA TENEUR EN SUCRE, LE POIDS ET L\u2019ODEUR !","icon_4":598,"icon_4_text":"EXPLOSION DE LA PRODUCTION DE SUCRE ET DE FLEURS","video":"https:\/\/youtu.be\/CAvAfNJOJtE","second_image":646,"product_image_page":636,"user_manual":"","new_icon_1":196925,"new_icon_2":196805,"new_icon_3":196820,"new_icon_4":196835,"grow_guides":"","category":"Additif"},"yoast_head":"<!-- This site is optimized with the Yoast SEO Premium plugin v27.4 (Yoast SEO v27.4) - https:\/\/yoast.com\/product\/yoast-seo-premium-wordpress\/ -->\n<title>Bi-Bloombastic : Boostez la Floraison de Vos Plantes avec Efficacit\u00e9<\/title>\n<meta name=\"description\" content=\"D\u00e9couvrez Bi-Bloombastic, le stimulateur de floraison de haute qualit\u00e9 qui maximise les rendements de vos plantes. Id\u00e9al pour des r\u00e9coltes plus grandes, plus denses et plus puissantes. Boostez votre culture avec Bi-Bloombastic.\" \/>\n<meta name=\"robots\" content=\"index, follow, max-snippet:-1, max-image-preview:large, max-video-preview:-1\" \/>\n<link rel=\"canonical\" href=\"https:\/\/atami.com\/fr\/produit\/bi-bloombastic\" \/>\n<meta property=\"og:locale\" content=\"fr_FR\" \/>\n<meta property=\"og:type\" content=\"article\" \/>\n<meta property=\"og:title\" content=\"Bi-Bloombastic\" \/>\n<meta property=\"og:description\" content=\"D\u00e9couvrez Bi-Bloombastic, le stimulateur de floraison de haute qualit\u00e9 qui maximise les rendements de vos plantes. Id\u00e9al pour des r\u00e9coltes plus grandes, plus denses et plus puissantes. Boostez votre culture avec Bi-Bloombastic.\" \/>\n<meta property=\"og:url\" content=\"https:\/\/atami.com\/fr\/produit\/bi-bloombastic\" \/>\n<meta property=\"og:site_name\" content=\"Atami\" \/>\n<meta property=\"article:publisher\" content=\"https:\/\/www.facebook.com\/Atami.International\" \/>\n<meta property=\"article:modified_time\" content=\"2025-11-10T13:05:40+00:00\" \/>\n<meta property=\"og:image\" content=\"https:\/\/atami.com\/wp-content\/uploads\/2023\/02\/Bi-Bloombastic-product-image.webp\" \/>\n\t<meta property=\"og:image:width\" content=\"1080\" \/>\n\t<meta property=\"og:image:height\" content=\"1080\" \/>\n\t<meta property=\"og:image:type\" content=\"image\/webp\" \/>\n<meta name=\"twitter:card\" content=\"summary_large_image\" \/>\n<meta name=\"twitter:site\" content=\"@AtamiEU\" \/>\n<meta name=\"twitter:label1\" content=\"Dur\u00e9e de lecture estim\u00e9e\" \/>\n\t<meta name=\"twitter:data1\" content=\"2 minutes\" \/>\n<script type=\"application\/ld+json\" class=\"yoast-schema-graph\">{\"@context\":\"https:\\\/\\\/schema.org\",\"@graph\":[{\"@type\":\"WebPage\",\"@id\":\"https:\\\/\\\/atami.com\\\/fr\\\/produit\\\/bi-bloombastic\",\"url\":\"https:\\\/\\\/atami.com\\\/fr\\\/produit\\\/bi-bloombastic\",\"name\":\"Bi-Bloombastic : Boostez la Floraison de Vos Plantes avec Efficacit\u00e9\",\"isPartOf\":{\"@id\":\"https:\\\/\\\/atami.com\\\/fr#website\"},\"primaryImageOfPage\":{\"@id\":\"https:\\\/\\\/atami.com\\\/fr\\\/produit\\\/bi-bloombastic#primaryimage\"},\"image\":{\"@id\":\"https:\\\/\\\/atami.com\\\/fr\\\/produit\\\/bi-bloombastic#primaryimage\"},\"thumbnailUrl\":\"https:\\\/\\\/atami.com\\\/wp-content\\\/uploads\\\/2023\\\/02\\\/Bi-Bloombastic-product-image.webp\",\"datePublished\":\"2023-02-07T13:56:28+00:00\",\"dateModified\":\"2025-11-10T13:05:40+00:00\",\"description\":\"D\u00e9couvrez Bi-Bloombastic, le stimulateur de floraison de haute qualit\u00e9 qui maximise les rendements de vos plantes. Id\u00e9al pour des r\u00e9coltes plus grandes, plus denses et plus puissantes. Boostez votre culture avec Bi-Bloombastic.\",\"breadcrumb\":{\"@id\":\"https:\\\/\\\/atami.com\\\/fr\\\/produit\\\/bi-bloombastic#breadcrumb\"},\"inLanguage\":\"fr-FR\",\"potentialAction\":[{\"@type\":\"ReadAction\",\"target\":[\"https:\\\/\\\/atami.com\\\/fr\\\/produit\\\/bi-bloombastic\"]}]},{\"@type\":\"ImageObject\",\"inLanguage\":\"fr-FR\",\"@id\":\"https:\\\/\\\/atami.com\\\/fr\\\/produit\\\/bi-bloombastic#primaryimage\",\"url\":\"https:\\\/\\\/atami.com\\\/wp-content\\\/uploads\\\/2023\\\/02\\\/Bi-Bloombastic-product-image.webp\",\"contentUrl\":\"https:\\\/\\\/atami.com\\\/wp-content\\\/uploads\\\/2023\\\/02\\\/Bi-Bloombastic-product-image.webp\",\"width\":1080,\"height\":1080,\"caption\":\"Bi-Bloombastic offre un m\u00e9lange de haute qualit\u00e9 de biomin\u00e9raux et de biostimulants, favorisant une floraison robuste et un go\u00fbt am\u00e9lior\u00e9.\"},{\"@type\":\"BreadcrumbList\",\"@id\":\"https:\\\/\\\/atami.com\\\/fr\\\/produit\\\/bi-bloombastic#breadcrumb\",\"itemListElement\":[{\"@type\":\"ListItem\",\"position\":1,\"name\":\"Home\",\"item\":\"https:\\\/\\\/atami.com\\\/fr\"},{\"@type\":\"ListItem\",\"position\":2,\"name\":\"Produits\",\"item\":\"https:\\\/\\\/atami.com\\\/fr\\\/shop\"},{\"@type\":\"ListItem\",\"position\":3,\"name\":\"Marques\",\"item\":\"https:\\\/\\\/atami.com\\\/fr\\\/categorie-produit\\\/marques\"},{\"@type\":\"ListItem\",\"position\":4,\"name\":\"Bastics\",\"item\":\"https:\\\/\\\/atami.com\\\/fr\\\/categorie-produit\\\/marques\\\/bastics\"},{\"@type\":\"ListItem\",\"position\":5,\"name\":\"Bi-Bloombastic\"}]},{\"@type\":\"WebSite\",\"@id\":\"https:\\\/\\\/atami.com\\\/fr#website\",\"url\":\"https:\\\/\\\/atami.com\\\/fr\",\"name\":\"Atami\",\"description\":\"NATURALLY INNOVATING!\",\"publisher\":{\"@id\":\"https:\\\/\\\/atami.com\\\/fr#organization\"},\"potentialAction\":[{\"@type\":\"SearchAction\",\"target\":{\"@type\":\"EntryPoint\",\"urlTemplate\":\"https:\\\/\\\/atami.com\\\/fr?s={search_term_string}\"},\"query-input\":{\"@type\":\"PropertyValueSpecification\",\"valueRequired\":true,\"valueName\":\"search_term_string\"}}],\"inLanguage\":\"fr-FR\"},{\"@type\":\"Organization\",\"@id\":\"https:\\\/\\\/atami.com\\\/fr#organization\",\"name\":\"Atami\",\"url\":\"https:\\\/\\\/atami.com\\\/fr\",\"logo\":{\"@type\":\"ImageObject\",\"inLanguage\":\"fr-FR\",\"@id\":\"https:\\\/\\\/atami.com\\\/fr#\\\/schema\\\/logo\\\/image\\\/\",\"url\":\"https:\\\/\\\/atami.com\\\/wp-content\\\/uploads\\\/2026\\\/01\\\/Atami-logo-696x696px.webp\",\"contentUrl\":\"https:\\\/\\\/atami.com\\\/wp-content\\\/uploads\\\/2026\\\/01\\\/Atami-logo-696x696px.webp\",\"width\":696,\"height\":696,\"caption\":\"Atami\"},\"image\":{\"@id\":\"https:\\\/\\\/atami.com\\\/fr#\\\/schema\\\/logo\\\/image\\\/\"},\"sameAs\":[\"https:\\\/\\\/www.facebook.com\\\/Atami.International\",\"https:\\\/\\\/x.com\\\/AtamiEU\",\"https:\\\/\\\/www.youtube.com\\\/c\\\/AtamiInternational\",\"https:\\\/\\\/www.instagram.com\\\/atami.international\\\/\"],\"description\":\"ATAMI is a premium plant nutrition & substrate brand founded in 1997 with the mission to make exceptional cultivation achievable for everyone. From legacy to license, we offer a wide variety of innovating award-winning products to let cultivators achieve maximum results in taste & yield.\",\"email\":\"info@mginnovations.es\",\"legalName\":\"Atami\",\"numberOfEmployees\":{\"@type\":\"QuantitativeValue\",\"minValue\":\"11\",\"maxValue\":\"50\"}}]}<\/script>\n<!-- \/ Yoast SEO Premium plugin. -->","yoast_head_json":{"title":"Bi-Bloombastic : Boostez la Floraison de Vos Plantes avec Efficacit\u00e9","description":"D\u00e9couvrez Bi-Bloombastic, le stimulateur de floraison de haute qualit\u00e9 qui maximise les rendements de vos plantes. Id\u00e9al pour des r\u00e9coltes plus grandes, plus denses et plus puissantes. Boostez votre culture avec Bi-Bloombastic.","robots":{"index":"index","follow":"follow","max-snippet":"max-snippet:-1","max-image-preview":"max-image-preview:large","max-video-preview":"max-video-preview:-1"},"canonical":"https:\/\/atami.com\/fr\/produit\/bi-bloombastic","og_locale":"fr_FR","og_type":"article","og_title":"Bi-Bloombastic","og_description":"D\u00e9couvrez Bi-Bloombastic, le stimulateur de floraison de haute qualit\u00e9 qui maximise les rendements de vos plantes. Id\u00e9al pour des r\u00e9coltes plus grandes, plus denses et plus puissantes. Boostez votre culture avec Bi-Bloombastic.","og_url":"https:\/\/atami.com\/fr\/produit\/bi-bloombastic","og_site_name":"Atami","article_publisher":"https:\/\/www.facebook.com\/Atami.International","article_modified_time":"2025-11-10T13:05:40+00:00","og_image":[{"width":1080,"height":1080,"url":"https:\/\/atami.com\/wp-content\/uploads\/2023\/02\/Bi-Bloombastic-product-image.webp","type":"image\/webp"}],"twitter_card":"summary_large_image","twitter_site":"@AtamiEU","twitter_misc":{"Dur\u00e9e de lecture estim\u00e9e":"2 minutes"},"schema":{"@context":"https:\/\/schema.org","@graph":[{"@type":"WebPage","@id":"https:\/\/atami.com\/fr\/produit\/bi-bloombastic","url":"https:\/\/atami.com\/fr\/produit\/bi-bloombastic","name":"Bi-Bloombastic : Boostez la Floraison de Vos Plantes avec Efficacit\u00e9","isPartOf":{"@id":"https:\/\/atami.com\/fr#website"},"primaryImageOfPage":{"@id":"https:\/\/atami.com\/fr\/produit\/bi-bloombastic#primaryimage"},"image":{"@id":"https:\/\/atami.com\/fr\/produit\/bi-bloombastic#primaryimage"},"thumbnailUrl":"https:\/\/atami.com\/wp-content\/uploads\/2023\/02\/Bi-Bloombastic-product-image.webp","datePublished":"2023-02-07T13:56:28+00:00","dateModified":"2025-11-10T13:05:40+00:00","description":"D\u00e9couvrez Bi-Bloombastic, le stimulateur de floraison de haute qualit\u00e9 qui maximise les rendements de vos plantes. Id\u00e9al pour des r\u00e9coltes plus grandes, plus denses et plus puissantes. Boostez votre culture avec Bi-Bloombastic.","breadcrumb":{"@id":"https:\/\/atami.com\/fr\/produit\/bi-bloombastic#breadcrumb"},"inLanguage":"fr-FR","potentialAction":[{"@type":"ReadAction","target":["https:\/\/atami.com\/fr\/produit\/bi-bloombastic"]}]},{"@type":"ImageObject","inLanguage":"fr-FR","@id":"https:\/\/atami.com\/fr\/produit\/bi-bloombastic#primaryimage","url":"https:\/\/atami.com\/wp-content\/uploads\/2023\/02\/Bi-Bloombastic-product-image.webp","contentUrl":"https:\/\/atami.com\/wp-content\/uploads\/2023\/02\/Bi-Bloombastic-product-image.webp","width":1080,"height":1080,"caption":"Bi-Bloombastic offre un m\u00e9lange de haute qualit\u00e9 de biomin\u00e9raux et de biostimulants, favorisant une floraison robuste et un go\u00fbt am\u00e9lior\u00e9."},{"@type":"BreadcrumbList","@id":"https:\/\/atami.com\/fr\/produit\/bi-bloombastic#breadcrumb","itemListElement":[{"@type":"ListItem","position":1,"name":"Home","item":"https:\/\/atami.com\/fr"},{"@type":"ListItem","position":2,"name":"Produits","item":"https:\/\/atami.com\/fr\/shop"},{"@type":"ListItem","position":3,"name":"Marques","item":"https:\/\/atami.com\/fr\/categorie-produit\/marques"},{"@type":"ListItem","position":4,"name":"Bastics","item":"https:\/\/atami.com\/fr\/categorie-produit\/marques\/bastics"},{"@type":"ListItem","position":5,"name":"Bi-Bloombastic"}]},{"@type":"WebSite","@id":"https:\/\/atami.com\/fr#website","url":"https:\/\/atami.com\/fr","name":"Atami","description":"NATURALLY INNOVATING!","publisher":{"@id":"https:\/\/atami.com\/fr#organization"},"potentialAction":[{"@type":"SearchAction","target":{"@type":"EntryPoint","urlTemplate":"https:\/\/atami.com\/fr?s={search_term_string}"},"query-input":{"@type":"PropertyValueSpecification","valueRequired":true,"valueName":"search_term_string"}}],"inLanguage":"fr-FR"},{"@type":"Organization","@id":"https:\/\/atami.com\/fr#organization","name":"Atami","url":"https:\/\/atami.com\/fr","logo":{"@type":"ImageObject","inLanguage":"fr-FR","@id":"https:\/\/atami.com\/fr#\/schema\/logo\/image\/","url":"https:\/\/atami.com\/wp-content\/uploads\/2026\/01\/Atami-logo-696x696px.webp","contentUrl":"https:\/\/atami.com\/wp-content\/uploads\/2026\/01\/Atami-logo-696x696px.webp","width":696,"height":696,"caption":"Atami"},"image":{"@id":"https:\/\/atami.com\/fr#\/schema\/logo\/image\/"},"sameAs":["https:\/\/www.facebook.com\/Atami.International","https:\/\/x.com\/AtamiEU","https:\/\/www.youtube.com\/c\/AtamiInternational","https:\/\/www.instagram.com\/atami.international\/"],"description":"ATAMI is a premium plant nutrition & substrate brand founded in 1997 with the mission to make exceptional cultivation achievable for everyone. From legacy to license, we offer a wide variety of innovating award-winning products to let cultivators achieve maximum results in taste & yield.","email":"info@mginnovations.es","legalName":"Atami","numberOfEmployees":{"@type":"QuantitativeValue","minValue":"11","maxValue":"50"}}]}},"_links":{"self":[{"href":"https:\/\/atami.com\/fr\/wp-json\/wp\/v2\/product\/21732","targetHints":{"allow":["GET"]}}],"collection":[{"href":"https:\/\/atami.com\/fr\/wp-json\/wp\/v2\/product"}],"about":[{"href":"https:\/\/atami.com\/fr\/wp-json\/wp\/v2\/types\/product"}],"replies":[{"embeddable":true,"href":"https:\/\/atami.com\/fr\/wp-json\/wp\/v2\/comments?post=21732"}],"wp:featuredmedia":[{"embeddable":true,"href":"https:\/\/atami.com\/fr\/wp-json\/wp\/v2\/media\/202148"}],"wp:attachment":[{"href":"https:\/\/atami.com\/fr\/wp-json\/wp\/v2\/media?parent=21732"}],"wp:term":[{"taxonomy":"product_brand","embeddable":true,"href":"https:\/\/atami.com\/fr\/wp-json\/wp\/v2\/product_brand?post=21732"},{"taxonomy":"product_cat","embeddable":true,"href":"https:\/\/atami.com\/fr\/wp-json\/wp\/v2\/product_cat?post=21732"},{"taxonomy":"product_tag","embeddable":true,"href":"https:\/\/atami.com\/fr\/wp-json\/wp\/v2\/product_tag?post=21732"}],"curies":[{"name":"wp","href":"https:\/\/api.w.org\/{rel}","templated":true}]}}