{"id":202513,"date":"2025-01-22T12:19:25","date_gmt":"2025-01-22T10:19:25","guid":{"rendered":"https:\/\/atami.com\/?post_type=product&#038;p=202513"},"modified":"2025-11-10T15:07:45","modified_gmt":"2025-11-10T13:07:45","slug":"vgn-calmag","status":"publish","type":"product","link":"https:\/\/atami.com\/fr\/produit\/vgn-calmag","title":{"rendered":"VGN CALMAG"},"content":{"rendered":"","protected":false},"excerpt":{"rendered":"<p>Veganic calmag<\/p>\n","protected":false},"featured_media":202448,"comment_status":"closed","ping_status":"closed","template":"","meta":{"_acf_changed":false,"iawp_total_views":47},"product_brand":[],"product_cat":[181,2338],"product_tag":[],"class_list":{"0":"post-202513","1":"product","2":"type-product","3":"status-publish","4":"has-post-thumbnail","6":"product_cat-additifs","7":"product_cat-engrais-veganic-vgn","9":"first","10":"instock","11":"shipping-taxable","12":"product-type-simple"},"acf":{"short_description":"<p><strong>Un suppl\u00e9ment de calcium et de magn\u00e9sium pour l'agriculture biologique.<\/strong><\/p><p>En g\u00e9n\u00e9ral, nous ignorons la composition exacte de l'eau du robinet que nous utilisons. Nous ne pouvons pas compter sur elle comme seule source de calcium et de magn\u00e9sium. Lorsque l\u2019on utilise de l'eau du robinet douce, de l'eau de pluie ou de l'eau osmos\u00e9e pour arroser les plantes, il est presque toujours n\u00e9cessaire de l\u2019enrichir avec un suppl\u00e9ment de calcium et de magn\u00e9sium.<\/p><p>&nbsp;<\/p><p>VGN Calmag aide \u00e0 pallier les carences en calcium et en magn\u00e9sium car il apporte ces \u00e9l\u00e9ments. Le calcium et le magn\u00e9sium sont des \u00e9l\u00e9ments essentiels aux parois cellulaires, \u00e0 la production de cellules et \u00e0 la photosynth\u00e8se. Tout ce dont les plantes ont besoin pour pousser robustes et produire des fleurs !<\/p><p>&nbsp;<\/p><p>Pourquoi choisir VGN Calmag ? Ce produit contient un m\u00e9lange des meilleurs ingr\u00e9dients, contr\u00f4l\u00e9s par Control Union et approuv\u00e9s pour l\u2019agriculture biologique. Le tout sans ajouter de l\u2019azote ! VGN Calmag ne modifie pas le ratio NPK de votre solution de nutriments. Utilisez-le pour corriger les d\u00e9s\u00e9quilibres et les d\u00e9ficits de vos solutions d'une mani\u00e8re simple, pr\u00e9cise et naturelle.<\/p>","suitable_for":"<p>Convient \u00e0 la culture en terre. <br \/>Moins adapt\u00e9 aux syst\u00e8mes d'irrigation, peut provoquer des odeurs et un biofilm.<\/p>","application":"<p><strong>Mode d\u2019emploi<\/strong><br \/>1. Remplir l\u2019arrosoir jusqu\u2019\u00e0 la moiti\u00e9 avec de l'eau du robinet.<br \/>2. Ajouter la quantit\u00e9 de VGN CalMag souhait\u00e9e.<br \/>3. Bien remuer le m\u00e9lange.<br \/>4. Ajouter d\u2019autres nutriments ou additifs.<br \/>5. Terminer de remplir l\u2019arrosoir et bien m\u00e9langer.<br \/>6. La solution est pr\u00eate \u00e0 l\u2019emploi !<\/p>","dosage":"<p>Ajouter 1 \u00e0 2 ml de VGN CALMAG par litre d\u2019eau du robinet lors de l\u2019arrosage des plantes.<\/p>","npk_ratio":"<p>1-4-4<\/p>","available_in":"<p>4x250ml, 500ml, 1L, 5L, 10L<\/p>","icon_1":202491,"icon_1_text":"Extra calcium et magn\u00e9sium <br>sans azote","icon_2":184158,"icon_2_text":"","icon_3":"","icon_3_text":"","icon_4":"","icon_4_text":"","video":"","second_image":"","product_image_page":"","user_manual":"","new_icon_1":"","new_icon_2":"","new_icon_3":"","new_icon_4":"","grow_guides":"","category":"Additif"},"yoast_head":"<!-- This site is optimized with the Yoast SEO Premium plugin v27.4 (Yoast SEO v27.4) - https:\/\/yoast.com\/product\/yoast-seo-premium-wordpress\/ -->\n<title>VGN Calmag : Solution \u00c9cologique pour des Plantes en Sant\u00e9<\/title>\n<meta name=\"description\" content=\"En g\u00e9n\u00e9ral, nous ignorons la composition exacte de l&#039;eau du robinet que nous utilisons.\" \/>\n<meta name=\"robots\" content=\"index, follow, max-snippet:-1, max-image-preview:large, max-video-preview:-1\" \/>\n<link rel=\"canonical\" href=\"https:\/\/atami.com\/fr\/produit\/vgn-calmag\" \/>\n<meta property=\"og:locale\" content=\"fr_FR\" \/>\n<meta property=\"og:type\" content=\"article\" \/>\n<meta property=\"og:title\" content=\"VGN CALMAG\" \/>\n<meta property=\"og:description\" content=\"En g\u00e9n\u00e9ral, nous ignorons la composition exacte de l&#039;eau du robinet que nous utilisons.\" \/>\n<meta property=\"og:url\" content=\"https:\/\/atami.com\/fr\/produit\/vgn-calmag\" \/>\n<meta property=\"og:site_name\" content=\"Atami\" \/>\n<meta property=\"article:publisher\" content=\"https:\/\/www.facebook.com\/Atami.International\" \/>\n<meta property=\"article:modified_time\" content=\"2025-11-10T13:07:45+00:00\" \/>\n<meta property=\"og:image\" content=\"https:\/\/atami.com\/wp-content\/uploads\/2025\/01\/VGN-Calmag-product-image.webp\" \/>\n\t<meta property=\"og:image:width\" content=\"1080\" \/>\n\t<meta property=\"og:image:height\" content=\"1080\" \/>\n\t<meta property=\"og:image:type\" content=\"image\/webp\" \/>\n<meta name=\"twitter:card\" content=\"summary_large_image\" \/>\n<meta name=\"twitter:site\" content=\"@AtamiEU\" \/>\n<meta name=\"twitter:label1\" content=\"Dur\u00e9e de lecture estim\u00e9e\" \/>\n\t<meta name=\"twitter:data1\" content=\"1 minute\" \/>\n<script type=\"application\/ld+json\" class=\"yoast-schema-graph\">{\"@context\":\"https:\\\/\\\/schema.org\",\"@graph\":[{\"@type\":\"WebPage\",\"@id\":\"https:\\\/\\\/atami.com\\\/fr\\\/produit\\\/vgn-calmag\",\"url\":\"https:\\\/\\\/atami.com\\\/fr\\\/produit\\\/vgn-calmag\",\"name\":\"VGN Calmag : Solution \u00c9cologique pour des Plantes en Sant\u00e9\",\"isPartOf\":{\"@id\":\"https:\\\/\\\/atami.com\\\/fr#website\"},\"primaryImageOfPage\":{\"@id\":\"https:\\\/\\\/atami.com\\\/fr\\\/produit\\\/vgn-calmag#primaryimage\"},\"image\":{\"@id\":\"https:\\\/\\\/atami.com\\\/fr\\\/produit\\\/vgn-calmag#primaryimage\"},\"thumbnailUrl\":\"https:\\\/\\\/atami.com\\\/wp-content\\\/uploads\\\/2025\\\/01\\\/VGN-Calmag-product-image.webp\",\"datePublished\":\"2025-01-22T10:19:25+00:00\",\"dateModified\":\"2025-11-10T13:07:45+00:00\",\"description\":\"En g\u00e9n\u00e9ral, nous ignorons la composition exacte de l'eau du robinet que nous utilisons.\",\"breadcrumb\":{\"@id\":\"https:\\\/\\\/atami.com\\\/fr\\\/produit\\\/vgn-calmag#breadcrumb\"},\"inLanguage\":\"fr-FR\",\"potentialAction\":[{\"@type\":\"ReadAction\",\"target\":[\"https:\\\/\\\/atami.com\\\/fr\\\/produit\\\/vgn-calmag\"]}]},{\"@type\":\"ImageObject\",\"inLanguage\":\"fr-FR\",\"@id\":\"https:\\\/\\\/atami.com\\\/fr\\\/produit\\\/vgn-calmag#primaryimage\",\"url\":\"https:\\\/\\\/atami.com\\\/wp-content\\\/uploads\\\/2025\\\/01\\\/VGN-Calmag-product-image.webp\",\"contentUrl\":\"https:\\\/\\\/atami.com\\\/wp-content\\\/uploads\\\/2025\\\/01\\\/VGN-Calmag-product-image.webp\",\"width\":1080,\"height\":1080,\"caption\":\"VGN Calmag fournit du calcium et du magn\u00e9sium essentiels, vitaux pour les parois cellulaires, la production cellulaire et la photosynth\u00e8se, garantissant une croissance robuste et une floraison r\u00e9ussie.\"},{\"@type\":\"BreadcrumbList\",\"@id\":\"https:\\\/\\\/atami.com\\\/fr\\\/produit\\\/vgn-calmag#breadcrumb\",\"itemListElement\":[{\"@type\":\"ListItem\",\"position\":1,\"name\":\"Home\",\"item\":\"https:\\\/\\\/atami.com\\\/fr\"},{\"@type\":\"ListItem\",\"position\":2,\"name\":\"Produits\",\"item\":\"https:\\\/\\\/atami.com\\\/fr\\\/shop\"},{\"@type\":\"ListItem\",\"position\":3,\"name\":\"Marques\",\"item\":\"https:\\\/\\\/atami.com\\\/fr\\\/categorie-produit\\\/marques\"},{\"@type\":\"ListItem\",\"position\":4,\"name\":\"ENGRAIS VEGANIC - VGN\",\"item\":\"https:\\\/\\\/atami.com\\\/fr\\\/categorie-produit\\\/marques\\\/engrais-veganic-vgn\"},{\"@type\":\"ListItem\",\"position\":5,\"name\":\"VGN CALMAG\"}]},{\"@type\":\"WebSite\",\"@id\":\"https:\\\/\\\/atami.com\\\/fr#website\",\"url\":\"https:\\\/\\\/atami.com\\\/fr\",\"name\":\"Atami\",\"description\":\"NATURALLY INNOVATING!\",\"publisher\":{\"@id\":\"https:\\\/\\\/atami.com\\\/fr#organization\"},\"potentialAction\":[{\"@type\":\"SearchAction\",\"target\":{\"@type\":\"EntryPoint\",\"urlTemplate\":\"https:\\\/\\\/atami.com\\\/fr?s={search_term_string}\"},\"query-input\":{\"@type\":\"PropertyValueSpecification\",\"valueRequired\":true,\"valueName\":\"search_term_string\"}}],\"inLanguage\":\"fr-FR\"},{\"@type\":\"Organization\",\"@id\":\"https:\\\/\\\/atami.com\\\/fr#organization\",\"name\":\"Atami\",\"url\":\"https:\\\/\\\/atami.com\\\/fr\",\"logo\":{\"@type\":\"ImageObject\",\"inLanguage\":\"fr-FR\",\"@id\":\"https:\\\/\\\/atami.com\\\/fr#\\\/schema\\\/logo\\\/image\\\/\",\"url\":\"https:\\\/\\\/atami.com\\\/wp-content\\\/uploads\\\/2026\\\/01\\\/Atami-logo-696x696px.webp\",\"contentUrl\":\"https:\\\/\\\/atami.com\\\/wp-content\\\/uploads\\\/2026\\\/01\\\/Atami-logo-696x696px.webp\",\"width\":696,\"height\":696,\"caption\":\"Atami\"},\"image\":{\"@id\":\"https:\\\/\\\/atami.com\\\/fr#\\\/schema\\\/logo\\\/image\\\/\"},\"sameAs\":[\"https:\\\/\\\/www.facebook.com\\\/Atami.International\",\"https:\\\/\\\/x.com\\\/AtamiEU\",\"https:\\\/\\\/www.youtube.com\\\/c\\\/AtamiInternational\",\"https:\\\/\\\/www.instagram.com\\\/atami.international\\\/\"],\"description\":\"ATAMI is a premium plant nutrition & substrate brand founded in 1997 with the mission to make exceptional cultivation achievable for everyone. From legacy to license, we offer a wide variety of innovating award-winning products to let cultivators achieve maximum results in taste & yield.\",\"email\":\"info@mginnovations.es\",\"legalName\":\"Atami\",\"numberOfEmployees\":{\"@type\":\"QuantitativeValue\",\"minValue\":\"11\",\"maxValue\":\"50\"}}]}<\/script>\n<!-- \/ Yoast SEO Premium plugin. -->","yoast_head_json":{"title":"VGN Calmag : Solution \u00c9cologique pour des Plantes en Sant\u00e9","description":"En g\u00e9n\u00e9ral, nous ignorons la composition exacte de l'eau du robinet que nous utilisons.","robots":{"index":"index","follow":"follow","max-snippet":"max-snippet:-1","max-image-preview":"max-image-preview:large","max-video-preview":"max-video-preview:-1"},"canonical":"https:\/\/atami.com\/fr\/produit\/vgn-calmag","og_locale":"fr_FR","og_type":"article","og_title":"VGN CALMAG","og_description":"En g\u00e9n\u00e9ral, nous ignorons la composition exacte de l'eau du robinet que nous utilisons.","og_url":"https:\/\/atami.com\/fr\/produit\/vgn-calmag","og_site_name":"Atami","article_publisher":"https:\/\/www.facebook.com\/Atami.International","article_modified_time":"2025-11-10T13:07:45+00:00","og_image":[{"width":1080,"height":1080,"url":"https:\/\/atami.com\/wp-content\/uploads\/2025\/01\/VGN-Calmag-product-image.webp","type":"image\/webp"}],"twitter_card":"summary_large_image","twitter_site":"@AtamiEU","twitter_misc":{"Dur\u00e9e de lecture estim\u00e9e":"1 minute"},"schema":{"@context":"https:\/\/schema.org","@graph":[{"@type":"WebPage","@id":"https:\/\/atami.com\/fr\/produit\/vgn-calmag","url":"https:\/\/atami.com\/fr\/produit\/vgn-calmag","name":"VGN Calmag : Solution \u00c9cologique pour des Plantes en Sant\u00e9","isPartOf":{"@id":"https:\/\/atami.com\/fr#website"},"primaryImageOfPage":{"@id":"https:\/\/atami.com\/fr\/produit\/vgn-calmag#primaryimage"},"image":{"@id":"https:\/\/atami.com\/fr\/produit\/vgn-calmag#primaryimage"},"thumbnailUrl":"https:\/\/atami.com\/wp-content\/uploads\/2025\/01\/VGN-Calmag-product-image.webp","datePublished":"2025-01-22T10:19:25+00:00","dateModified":"2025-11-10T13:07:45+00:00","description":"En g\u00e9n\u00e9ral, nous ignorons la composition exacte de l'eau du robinet que nous utilisons.","breadcrumb":{"@id":"https:\/\/atami.com\/fr\/produit\/vgn-calmag#breadcrumb"},"inLanguage":"fr-FR","potentialAction":[{"@type":"ReadAction","target":["https:\/\/atami.com\/fr\/produit\/vgn-calmag"]}]},{"@type":"ImageObject","inLanguage":"fr-FR","@id":"https:\/\/atami.com\/fr\/produit\/vgn-calmag#primaryimage","url":"https:\/\/atami.com\/wp-content\/uploads\/2025\/01\/VGN-Calmag-product-image.webp","contentUrl":"https:\/\/atami.com\/wp-content\/uploads\/2025\/01\/VGN-Calmag-product-image.webp","width":1080,"height":1080,"caption":"VGN Calmag fournit du calcium et du magn\u00e9sium essentiels, vitaux pour les parois cellulaires, la production cellulaire et la photosynth\u00e8se, garantissant une croissance robuste et une floraison r\u00e9ussie."},{"@type":"BreadcrumbList","@id":"https:\/\/atami.com\/fr\/produit\/vgn-calmag#breadcrumb","itemListElement":[{"@type":"ListItem","position":1,"name":"Home","item":"https:\/\/atami.com\/fr"},{"@type":"ListItem","position":2,"name":"Produits","item":"https:\/\/atami.com\/fr\/shop"},{"@type":"ListItem","position":3,"name":"Marques","item":"https:\/\/atami.com\/fr\/categorie-produit\/marques"},{"@type":"ListItem","position":4,"name":"ENGRAIS VEGANIC - VGN","item":"https:\/\/atami.com\/fr\/categorie-produit\/marques\/engrais-veganic-vgn"},{"@type":"ListItem","position":5,"name":"VGN CALMAG"}]},{"@type":"WebSite","@id":"https:\/\/atami.com\/fr#website","url":"https:\/\/atami.com\/fr","name":"Atami","description":"NATURALLY INNOVATING!","publisher":{"@id":"https:\/\/atami.com\/fr#organization"},"potentialAction":[{"@type":"SearchAction","target":{"@type":"EntryPoint","urlTemplate":"https:\/\/atami.com\/fr?s={search_term_string}"},"query-input":{"@type":"PropertyValueSpecification","valueRequired":true,"valueName":"search_term_string"}}],"inLanguage":"fr-FR"},{"@type":"Organization","@id":"https:\/\/atami.com\/fr#organization","name":"Atami","url":"https:\/\/atami.com\/fr","logo":{"@type":"ImageObject","inLanguage":"fr-FR","@id":"https:\/\/atami.com\/fr#\/schema\/logo\/image\/","url":"https:\/\/atami.com\/wp-content\/uploads\/2026\/01\/Atami-logo-696x696px.webp","contentUrl":"https:\/\/atami.com\/wp-content\/uploads\/2026\/01\/Atami-logo-696x696px.webp","width":696,"height":696,"caption":"Atami"},"image":{"@id":"https:\/\/atami.com\/fr#\/schema\/logo\/image\/"},"sameAs":["https:\/\/www.facebook.com\/Atami.International","https:\/\/x.com\/AtamiEU","https:\/\/www.youtube.com\/c\/AtamiInternational","https:\/\/www.instagram.com\/atami.international\/"],"description":"ATAMI is a premium plant nutrition & substrate brand founded in 1997 with the mission to make exceptional cultivation achievable for everyone. From legacy to license, we offer a wide variety of innovating award-winning products to let cultivators achieve maximum results in taste & yield.","email":"info@mginnovations.es","legalName":"Atami","numberOfEmployees":{"@type":"QuantitativeValue","minValue":"11","maxValue":"50"}}]}},"_links":{"self":[{"href":"https:\/\/atami.com\/fr\/wp-json\/wp\/v2\/product\/202513","targetHints":{"allow":["GET"]}}],"collection":[{"href":"https:\/\/atami.com\/fr\/wp-json\/wp\/v2\/product"}],"about":[{"href":"https:\/\/atami.com\/fr\/wp-json\/wp\/v2\/types\/product"}],"replies":[{"embeddable":true,"href":"https:\/\/atami.com\/fr\/wp-json\/wp\/v2\/comments?post=202513"}],"wp:featuredmedia":[{"embeddable":true,"href":"https:\/\/atami.com\/fr\/wp-json\/wp\/v2\/media\/202448"}],"wp:attachment":[{"href":"https:\/\/atami.com\/fr\/wp-json\/wp\/v2\/media?parent=202513"}],"wp:term":[{"taxonomy":"product_brand","embeddable":true,"href":"https:\/\/atami.com\/fr\/wp-json\/wp\/v2\/product_brand?post=202513"},{"taxonomy":"product_cat","embeddable":true,"href":"https:\/\/atami.com\/fr\/wp-json\/wp\/v2\/product_cat?post=202513"},{"taxonomy":"product_tag","embeddable":true,"href":"https:\/\/atami.com\/fr\/wp-json\/wp\/v2\/product_tag?post=202513"}],"curies":[{"name":"wp","href":"https:\/\/api.w.org\/{rel}","templated":true}]}}