{"id":202512,"date":"2025-01-22T12:19:26","date_gmt":"2025-01-22T10:19:26","guid":{"rendered":"https:\/\/atami.com\/?post_type=product&#038;p=202512"},"modified":"2025-11-10T14:52:21","modified_gmt":"2025-11-10T12:52:21","slug":"vgn-1-4-4","status":"publish","type":"product","link":"https:\/\/atami.com\/fr\/produit\/vgn-1-4-4","title":{"rendered":"VGN 1-4-4"},"content":{"rendered":"","protected":false},"excerpt":{"rendered":"<p>Catalyseur veganic<\/p>\n","protected":false},"featured_media":202437,"comment_status":"closed","ping_status":"closed","template":"","meta":{"_acf_changed":false,"iawp_total_views":47},"product_brand":[],"product_cat":[184,2338],"product_tag":[],"class_list":{"0":"post-202512","1":"product","2":"type-product","3":"status-publish","4":"has-post-thumbnail","6":"product_cat-boosts","7":"product_cat-engrais-veganic-vgn","9":"first","10":"instock","11":"shipping-taxable","12":"product-type-simple"},"acf":{"short_description":"<p><strong>Engrais de floraison pour des fleurs \u00e9clatantes.<\/strong><\/p><p>VGN 1-4-4 est un engrais de floraison liquide fabriqu\u00e9 en transformant et en m\u00e9langeant diff\u00e9rents d\u00e9chets v\u00e9g\u00e9taux. VGN 1-4-4 est le compl\u00e9ment parfait aux autres nutriments essentiels de la gamme VGN. Il fournit le suppl\u00e9ment de phosphore et de potassium dont les plantes ont besoin lors des phases de floraison et de maturation.<\/p><p>&nbsp;<\/p><p>L\u2019objectif de la gamme VGN est de nourrir les plantes et de favoriser un \u00e9cosyst\u00e8me riche en dessous de la surface. Comme dans les autres produits de la gamme VGN, tous les ingr\u00e9dients de VGN 1-4-4 ont \u00e9t\u00e9 contr\u00f4l\u00e9s par Control Union et approuv\u00e9s pour l\u2019agriculture biologique.<\/p>","suitable_for":"<p>Convient \u00e0 la culture en terre. <br \/>Moins adapt\u00e9 aux syst\u00e8mes d'irrigation, peut provoquer des odeurs et un biofilm.<\/p>","application":"<p><strong>Mode d\u2019emploi<\/strong><br \/>1. Remplir l\u2019arrosoir jusqu\u2019\u00e0 la moiti\u00e9 avec de l'eau du robinet.<br \/>2. Ajouter les engrais VGN de base.<br \/>3. Bien remuer le m\u00e9lange.<br \/>4. Ajouter la quantit\u00e9 de VGN 1-4-4 souhait\u00e9e.<br \/>5. Terminer de remplir l\u2019arrosoir avec de l'eau du robinet.<br \/>6. La solution est pr\u00eate \u00e0 l\u2019emploi !<\/p>","dosage":"<p>Ajouter 1 \u00e0 3 ml de VGN 1-4-4 par litre d\u2019eau du robinet lors de l\u2019arrosage des plantes. Commencer \u00e0 appliquer \u00e0 la fin de la phase v\u00e9g\u00e9tative et augmenter le dosage lors des phases de floraison et de maturation.<\/p>","npk_ratio":"<p>1-4-4<\/p>","available_in":"<p>4x250ml, 500ml, 1L, 5L, 10L<\/p>","icon_1":202480,"icon_1_text":"Riche en phosphore et en potassium","icon_2":184158,"icon_2_text":"","icon_3":"","icon_3_text":"","icon_4":"","icon_4_text":"","video":"","second_image":"","product_image_page":"","user_manual":"","new_icon_1":"","new_icon_2":"","new_icon_3":"","new_icon_4":"","grow_guides":"","category":"Amplificateur"},"yoast_head":"<!-- This site is optimized with the Yoast SEO Premium plugin v27.5 (Yoast SEO v27.5) - https:\/\/yoast.com\/product\/yoast-seo-premium-wordpress\/ -->\n<title>VGN 1-4-4 \u2013 Engrais organique pour un sol riche et fertile<\/title>\n<meta name=\"description\" content=\"D\u00e9couvrez VGN 1-4-4, un engrais organique de haute qualit\u00e9 pour nourrir vos plantes et am\u00e9liorer la fertilit\u00e9 du sol. Id\u00e9al pour un jardinage durable et des r\u00e9coltes abondantes.\" \/>\n<meta name=\"robots\" content=\"index, follow, max-snippet:-1, max-image-preview:large, max-video-preview:-1\" \/>\n<link rel=\"canonical\" href=\"https:\/\/atami.com\/fr\/produit\/vgn-1-4-4\" \/>\n<meta property=\"og:locale\" content=\"fr_FR\" \/>\n<meta property=\"og:type\" content=\"article\" \/>\n<meta property=\"og:title\" content=\"VGN 1-4-4\" \/>\n<meta property=\"og:description\" content=\"D\u00e9couvrez VGN 1-4-4, un engrais organique de haute qualit\u00e9 pour nourrir vos plantes et am\u00e9liorer la fertilit\u00e9 du sol. Id\u00e9al pour un jardinage durable et des r\u00e9coltes abondantes.\" \/>\n<meta property=\"og:url\" content=\"https:\/\/atami.com\/fr\/produit\/vgn-1-4-4\" \/>\n<meta property=\"og:site_name\" content=\"Atami\" \/>\n<meta property=\"article:publisher\" content=\"https:\/\/www.facebook.com\/Atami.International\" \/>\n<meta property=\"article:modified_time\" content=\"2025-11-10T12:52:21+00:00\" \/>\n<meta property=\"og:image\" content=\"https:\/\/atami.com\/wp-content\/uploads\/2025\/01\/VGN-1-4-4-product-image.webp\" \/>\n\t<meta property=\"og:image:width\" content=\"1080\" \/>\n\t<meta property=\"og:image:height\" content=\"1080\" \/>\n\t<meta property=\"og:image:type\" content=\"image\/webp\" \/>\n<meta name=\"twitter:card\" content=\"summary_large_image\" \/>\n<meta name=\"twitter:site\" content=\"@AtamiEU\" \/>\n<meta name=\"twitter:label1\" content=\"Dur\u00e9e de lecture estim\u00e9e\" \/>\n\t<meta name=\"twitter:data1\" content=\"1 minute\" \/>\n<script type=\"application\/ld+json\" class=\"yoast-schema-graph\">{\"@context\":\"https:\\\/\\\/schema.org\",\"@graph\":[{\"@type\":\"WebPage\",\"@id\":\"https:\\\/\\\/atami.com\\\/fr\\\/produit\\\/vgn-1-4-4\",\"url\":\"https:\\\/\\\/atami.com\\\/fr\\\/produit\\\/vgn-1-4-4\",\"name\":\"VGN 1-4-4 \u2013 Engrais organique pour un sol riche et fertile\",\"isPartOf\":{\"@id\":\"https:\\\/\\\/atami.com\\\/fr#website\"},\"primaryImageOfPage\":{\"@id\":\"https:\\\/\\\/atami.com\\\/fr\\\/produit\\\/vgn-1-4-4#primaryimage\"},\"image\":{\"@id\":\"https:\\\/\\\/atami.com\\\/fr\\\/produit\\\/vgn-1-4-4#primaryimage\"},\"thumbnailUrl\":\"https:\\\/\\\/atami.com\\\/wp-content\\\/uploads\\\/2025\\\/01\\\/VGN-1-4-4-product-image.webp\",\"datePublished\":\"2025-01-22T10:19:26+00:00\",\"dateModified\":\"2025-11-10T12:52:21+00:00\",\"description\":\"D\u00e9couvrez VGN 1-4-4, un engrais organique de haute qualit\u00e9 pour nourrir vos plantes et am\u00e9liorer la fertilit\u00e9 du sol. Id\u00e9al pour un jardinage durable et des r\u00e9coltes abondantes.\",\"breadcrumb\":{\"@id\":\"https:\\\/\\\/atami.com\\\/fr\\\/produit\\\/vgn-1-4-4#breadcrumb\"},\"inLanguage\":\"fr-FR\",\"potentialAction\":[{\"@type\":\"ReadAction\",\"target\":[\"https:\\\/\\\/atami.com\\\/fr\\\/produit\\\/vgn-1-4-4\"]}]},{\"@type\":\"ImageObject\",\"inLanguage\":\"fr-FR\",\"@id\":\"https:\\\/\\\/atami.com\\\/fr\\\/produit\\\/vgn-1-4-4#primaryimage\",\"url\":\"https:\\\/\\\/atami.com\\\/wp-content\\\/uploads\\\/2025\\\/01\\\/VGN-1-4-4-product-image.webp\",\"contentUrl\":\"https:\\\/\\\/atami.com\\\/wp-content\\\/uploads\\\/2025\\\/01\\\/VGN-1-4-4-product-image.webp\",\"width\":1080,\"height\":1080,\"caption\":\"Atami VGN 1-4-4 est un engrais liquide pour fleurs obtenu par traitement et m\u00e9lange de divers d\u00e9chets v\u00e9g\u00e9taux, apportant le phosphore et le potassium suppl\u00e9mentaires dont les plantes ont besoin pendant la phase de floraison et de maturation.\"},{\"@type\":\"BreadcrumbList\",\"@id\":\"https:\\\/\\\/atami.com\\\/fr\\\/produit\\\/vgn-1-4-4#breadcrumb\",\"itemListElement\":[{\"@type\":\"ListItem\",\"position\":1,\"name\":\"Home\",\"item\":\"https:\\\/\\\/atami.com\\\/fr\"},{\"@type\":\"ListItem\",\"position\":2,\"name\":\"Produits\",\"item\":\"https:\\\/\\\/atami.com\\\/fr\\\/shop\"},{\"@type\":\"ListItem\",\"position\":3,\"name\":\"Marques\",\"item\":\"https:\\\/\\\/atami.com\\\/fr\\\/categorie-produit\\\/marques\"},{\"@type\":\"ListItem\",\"position\":4,\"name\":\"ENGRAIS VEGANIC - VGN\",\"item\":\"https:\\\/\\\/atami.com\\\/fr\\\/categorie-produit\\\/marques\\\/engrais-veganic-vgn\"},{\"@type\":\"ListItem\",\"position\":5,\"name\":\"VGN 1-4-4\"}]},{\"@type\":\"WebSite\",\"@id\":\"https:\\\/\\\/atami.com\\\/fr#website\",\"url\":\"https:\\\/\\\/atami.com\\\/fr\",\"name\":\"Atami\",\"description\":\"NATURALLY INNOVATING!\",\"publisher\":{\"@id\":\"https:\\\/\\\/atami.com\\\/fr#organization\"},\"potentialAction\":[{\"@type\":\"SearchAction\",\"target\":{\"@type\":\"EntryPoint\",\"urlTemplate\":\"https:\\\/\\\/atami.com\\\/fr?s={search_term_string}\"},\"query-input\":{\"@type\":\"PropertyValueSpecification\",\"valueRequired\":true,\"valueName\":\"search_term_string\"}}],\"inLanguage\":\"fr-FR\"},{\"@type\":\"Organization\",\"@id\":\"https:\\\/\\\/atami.com\\\/fr#organization\",\"name\":\"Atami\",\"url\":\"https:\\\/\\\/atami.com\\\/fr\",\"logo\":{\"@type\":\"ImageObject\",\"inLanguage\":\"fr-FR\",\"@id\":\"https:\\\/\\\/atami.com\\\/fr#\\\/schema\\\/logo\\\/image\\\/\",\"url\":\"https:\\\/\\\/atami.com\\\/wp-content\\\/uploads\\\/2026\\\/01\\\/Atami-logo-696x696px.webp\",\"contentUrl\":\"https:\\\/\\\/atami.com\\\/wp-content\\\/uploads\\\/2026\\\/01\\\/Atami-logo-696x696px.webp\",\"width\":696,\"height\":696,\"caption\":\"Atami\"},\"image\":{\"@id\":\"https:\\\/\\\/atami.com\\\/fr#\\\/schema\\\/logo\\\/image\\\/\"},\"sameAs\":[\"https:\\\/\\\/www.facebook.com\\\/Atami.International\",\"https:\\\/\\\/x.com\\\/AtamiEU\",\"https:\\\/\\\/www.youtube.com\\\/c\\\/AtamiInternational\",\"https:\\\/\\\/www.instagram.com\\\/atami.international\\\/\"],\"description\":\"ATAMI is a premium plant nutrition & substrate brand founded in 1997 with the mission to make exceptional cultivation achievable for everyone. From legacy to license, we offer a wide variety of innovating award-winning products to let cultivators achieve maximum results in taste & yield.\",\"email\":\"info@mginnovations.es\",\"legalName\":\"Atami\",\"numberOfEmployees\":{\"@type\":\"QuantitativeValue\",\"minValue\":\"11\",\"maxValue\":\"50\"}}]}<\/script>\n<!-- \/ Yoast SEO Premium plugin. -->","yoast_head_json":{"title":"VGN 1-4-4 \u2013 Engrais organique pour un sol riche et fertile","description":"D\u00e9couvrez VGN 1-4-4, un engrais organique de haute qualit\u00e9 pour nourrir vos plantes et am\u00e9liorer la fertilit\u00e9 du sol. Id\u00e9al pour un jardinage durable et des r\u00e9coltes abondantes.","robots":{"index":"index","follow":"follow","max-snippet":"max-snippet:-1","max-image-preview":"max-image-preview:large","max-video-preview":"max-video-preview:-1"},"canonical":"https:\/\/atami.com\/fr\/produit\/vgn-1-4-4","og_locale":"fr_FR","og_type":"article","og_title":"VGN 1-4-4","og_description":"D\u00e9couvrez VGN 1-4-4, un engrais organique de haute qualit\u00e9 pour nourrir vos plantes et am\u00e9liorer la fertilit\u00e9 du sol. Id\u00e9al pour un jardinage durable et des r\u00e9coltes abondantes.","og_url":"https:\/\/atami.com\/fr\/produit\/vgn-1-4-4","og_site_name":"Atami","article_publisher":"https:\/\/www.facebook.com\/Atami.International","article_modified_time":"2025-11-10T12:52:21+00:00","og_image":[{"width":1080,"height":1080,"url":"https:\/\/atami.com\/wp-content\/uploads\/2025\/01\/VGN-1-4-4-product-image.webp","type":"image\/webp"}],"twitter_card":"summary_large_image","twitter_site":"@AtamiEU","twitter_misc":{"Dur\u00e9e de lecture estim\u00e9e":"1 minute"},"schema":{"@context":"https:\/\/schema.org","@graph":[{"@type":"WebPage","@id":"https:\/\/atami.com\/fr\/produit\/vgn-1-4-4","url":"https:\/\/atami.com\/fr\/produit\/vgn-1-4-4","name":"VGN 1-4-4 \u2013 Engrais organique pour un sol riche et fertile","isPartOf":{"@id":"https:\/\/atami.com\/fr#website"},"primaryImageOfPage":{"@id":"https:\/\/atami.com\/fr\/produit\/vgn-1-4-4#primaryimage"},"image":{"@id":"https:\/\/atami.com\/fr\/produit\/vgn-1-4-4#primaryimage"},"thumbnailUrl":"https:\/\/atami.com\/wp-content\/uploads\/2025\/01\/VGN-1-4-4-product-image.webp","datePublished":"2025-01-22T10:19:26+00:00","dateModified":"2025-11-10T12:52:21+00:00","description":"D\u00e9couvrez VGN 1-4-4, un engrais organique de haute qualit\u00e9 pour nourrir vos plantes et am\u00e9liorer la fertilit\u00e9 du sol. Id\u00e9al pour un jardinage durable et des r\u00e9coltes abondantes.","breadcrumb":{"@id":"https:\/\/atami.com\/fr\/produit\/vgn-1-4-4#breadcrumb"},"inLanguage":"fr-FR","potentialAction":[{"@type":"ReadAction","target":["https:\/\/atami.com\/fr\/produit\/vgn-1-4-4"]}]},{"@type":"ImageObject","inLanguage":"fr-FR","@id":"https:\/\/atami.com\/fr\/produit\/vgn-1-4-4#primaryimage","url":"https:\/\/atami.com\/wp-content\/uploads\/2025\/01\/VGN-1-4-4-product-image.webp","contentUrl":"https:\/\/atami.com\/wp-content\/uploads\/2025\/01\/VGN-1-4-4-product-image.webp","width":1080,"height":1080,"caption":"Atami VGN 1-4-4 est un engrais liquide pour fleurs obtenu par traitement et m\u00e9lange de divers d\u00e9chets v\u00e9g\u00e9taux, apportant le phosphore et le potassium suppl\u00e9mentaires dont les plantes ont besoin pendant la phase de floraison et de maturation."},{"@type":"BreadcrumbList","@id":"https:\/\/atami.com\/fr\/produit\/vgn-1-4-4#breadcrumb","itemListElement":[{"@type":"ListItem","position":1,"name":"Home","item":"https:\/\/atami.com\/fr"},{"@type":"ListItem","position":2,"name":"Produits","item":"https:\/\/atami.com\/fr\/shop"},{"@type":"ListItem","position":3,"name":"Marques","item":"https:\/\/atami.com\/fr\/categorie-produit\/marques"},{"@type":"ListItem","position":4,"name":"ENGRAIS VEGANIC - VGN","item":"https:\/\/atami.com\/fr\/categorie-produit\/marques\/engrais-veganic-vgn"},{"@type":"ListItem","position":5,"name":"VGN 1-4-4"}]},{"@type":"WebSite","@id":"https:\/\/atami.com\/fr#website","url":"https:\/\/atami.com\/fr","name":"Atami","description":"NATURALLY INNOVATING!","publisher":{"@id":"https:\/\/atami.com\/fr#organization"},"potentialAction":[{"@type":"SearchAction","target":{"@type":"EntryPoint","urlTemplate":"https:\/\/atami.com\/fr?s={search_term_string}"},"query-input":{"@type":"PropertyValueSpecification","valueRequired":true,"valueName":"search_term_string"}}],"inLanguage":"fr-FR"},{"@type":"Organization","@id":"https:\/\/atami.com\/fr#organization","name":"Atami","url":"https:\/\/atami.com\/fr","logo":{"@type":"ImageObject","inLanguage":"fr-FR","@id":"https:\/\/atami.com\/fr#\/schema\/logo\/image\/","url":"https:\/\/atami.com\/wp-content\/uploads\/2026\/01\/Atami-logo-696x696px.webp","contentUrl":"https:\/\/atami.com\/wp-content\/uploads\/2026\/01\/Atami-logo-696x696px.webp","width":696,"height":696,"caption":"Atami"},"image":{"@id":"https:\/\/atami.com\/fr#\/schema\/logo\/image\/"},"sameAs":["https:\/\/www.facebook.com\/Atami.International","https:\/\/x.com\/AtamiEU","https:\/\/www.youtube.com\/c\/AtamiInternational","https:\/\/www.instagram.com\/atami.international\/"],"description":"ATAMI is a premium plant nutrition & substrate brand founded in 1997 with the mission to make exceptional cultivation achievable for everyone. From legacy to license, we offer a wide variety of innovating award-winning products to let cultivators achieve maximum results in taste & yield.","email":"info@mginnovations.es","legalName":"Atami","numberOfEmployees":{"@type":"QuantitativeValue","minValue":"11","maxValue":"50"}}]}},"_links":{"self":[{"href":"https:\/\/atami.com\/fr\/wp-json\/wp\/v2\/product\/202512","targetHints":{"allow":["GET"]}}],"collection":[{"href":"https:\/\/atami.com\/fr\/wp-json\/wp\/v2\/product"}],"about":[{"href":"https:\/\/atami.com\/fr\/wp-json\/wp\/v2\/types\/product"}],"replies":[{"embeddable":true,"href":"https:\/\/atami.com\/fr\/wp-json\/wp\/v2\/comments?post=202512"}],"wp:featuredmedia":[{"embeddable":true,"href":"https:\/\/atami.com\/fr\/wp-json\/wp\/v2\/media\/202437"}],"wp:attachment":[{"href":"https:\/\/atami.com\/fr\/wp-json\/wp\/v2\/media?parent=202512"}],"wp:term":[{"taxonomy":"product_brand","embeddable":true,"href":"https:\/\/atami.com\/fr\/wp-json\/wp\/v2\/product_brand?post=202512"},{"taxonomy":"product_cat","embeddable":true,"href":"https:\/\/atami.com\/fr\/wp-json\/wp\/v2\/product_cat?post=202512"},{"taxonomy":"product_tag","embeddable":true,"href":"https:\/\/atami.com\/fr\/wp-json\/wp\/v2\/product_tag?post=202512"}],"curies":[{"name":"wp","href":"https:\/\/api.w.org\/{rel}","templated":true}]}}