{"id":202510,"date":"2025-01-22T12:19:29","date_gmt":"2025-01-22T10:19:29","guid":{"rendered":"https:\/\/atami.com\/?post_type=product&#038;p=202510"},"modified":"2025-11-07T17:18:38","modified_gmt":"2025-11-07T15:18:38","slug":"vgn-5-2-2","status":"publish","type":"product","link":"https:\/\/atami.com\/fr\/produit\/vgn-5-2-2","title":{"rendered":"VGN 5-2-2"},"content":{"rendered":"","protected":false},"excerpt":{"rendered":"<p>Engrais veganic<\/p>\n","protected":false},"featured_media":202405,"comment_status":"closed","ping_status":"closed","template":"","meta":{"_acf_changed":false,"iawp_total_views":52},"product_brand":[],"product_cat":[2338,180],"product_tag":[],"class_list":{"0":"post-202510","1":"product","2":"type-product","3":"status-publish","4":"has-post-thumbnail","6":"product_cat-engrais-veganic-vgn","7":"product_cat-nutriments-de-base","9":"first","10":"instock","11":"shipping-taxable","12":"product-type-simple"},"acf":{"short_description":"<p><strong>Cultivez des plantes vertes et saines avec un suppl\u00e9ment d\u2019azote.<\/strong><\/p><p>VGN 5-2-2 est un engrais liquide bio qui favorise la croissance rapide. La forte teneur en azote contribue \u00e0 la croissance de plantes vertes et fortes. Formul\u00e9 \u00e0 partir d'un m\u00e9lange de d\u00e9chets d'origine v\u00e9g\u00e9tale \u00e0 haute valeur, ce nutriment de base est approuv\u00e9 pour l'agriculture biologique par Control Union.<\/p><p>&nbsp;<\/p><p>Outre les nutriments primaires, VGN 5-2-2 contient des oligo-\u00e9l\u00e9ments ch\u00e9lat\u00e9s qui sont facilement absorb\u00e9s. La forte teneur en mati\u00e8res organiques de VGN 5-2-2 permet non seulement de nourrir les plantes mais aussi de nourrir les micro-organismes du sol. L\u2019effet positif de VGN 5-2-2 sur la vie du sol contribue \u00e0 la croissance et pose les fondations de r\u00e9coltes abondantes et savoureuses.<\/p>","suitable_for":"<p>Convient \u00e0 la culture en terre. <br \/>Moins adapt\u00e9 aux syst\u00e8mes d'irrigation, peut provoquer des odeurs et un biofilm.<\/p>","application":"<p>Une fois m\u00e9lang\u00e9 avec de l\u2019eau, VGN 5-2-2 lib\u00e8re tous les \u00e9l\u00e9ments essentiels \u00e0 la croissance des plantes. Utilisez-le avec VGN 2-2-4 dans les proportions de votre choix pour r\u00e9pondre aux besoins uniques des diff\u00e9rentes esp\u00e8ces et de chaque \u00e9tape de d\u00e9veloppement. Ce duo est la base d\u2019une nutrition adapt\u00e9e aux besoins de croissance des plantes.<\/p><p>&nbsp;<\/p><p><strong>Mode d\u2019emploi<\/strong><br \/>1. Remplir l\u2019arrosoir jusqu\u2019\u00e0 la moiti\u00e9 avec de l'eau du robinet.<br \/>2. Ajouter la quantit\u00e9 de VGN 5-2-2 souhait\u00e9e.<br \/>3. Terminer de remplir l\u2019arrosoir avec de l'eau du robinet.<br \/>4. La solution est pr\u00eate \u00e0 l\u2019emploi !<\/p>","dosage":"<p>Ajouter 2 \u00e0 5 ml de VGN 5-2-2 par litre d\u2019eau du robinet lors de l\u2019arrosage des plantes.<br \/>Ou ajouter 1 \u00e0 3 ml de VGN 5-2-2 et 1 \u00e0 3 ml de VGN 2-2-4 par litre d\u2019eau du robinet.<\/p>","npk_ratio":"<p>5-2-2<\/p>","available_in":"<p>4x250ml, 500ml, 1L, 5L, 10L<\/p>","icon_1":202459,"icon_1_text":"Riche en azote","icon_2":184158,"icon_2_text":"","icon_3":"","icon_3_text":"","icon_4":"","icon_4_text":"","video":"","second_image":"","product_image_page":"","user_manual":"","new_icon_1":"","new_icon_2":"","new_icon_3":"","new_icon_4":"","grow_guides":"","category":"Nutriment de base"},"yoast_head":"<!-- This site is optimized with the Yoast SEO Premium plugin v27.4 (Yoast SEO v27.4) - https:\/\/yoast.com\/product\/yoast-seo-premium-wordpress\/ -->\n<title>VGN 5-2-2 : Fertilisant \u00c9cologique pour une Croissance \u00c9panouie<\/title>\n<meta name=\"description\" content=\"VGN 5-2-2 est un engrais liquide bio qui favorise la croissance rapide. La forte teneur en azote contribue \u00e0 la croissance de plantes vertes et fortes.\" \/>\n<meta name=\"robots\" content=\"index, follow, max-snippet:-1, max-image-preview:large, max-video-preview:-1\" \/>\n<link rel=\"canonical\" href=\"https:\/\/atami.com\/fr\/produit\/vgn-5-2-2\" \/>\n<meta property=\"og:locale\" content=\"fr_FR\" \/>\n<meta property=\"og:type\" content=\"article\" \/>\n<meta property=\"og:title\" content=\"VGN 5-2-2\" \/>\n<meta property=\"og:description\" content=\"VGN 5-2-2 est un engrais liquide bio qui favorise la croissance rapide. La forte teneur en azote contribue \u00e0 la croissance de plantes vertes et fortes.\" \/>\n<meta property=\"og:url\" content=\"https:\/\/atami.com\/fr\/produit\/vgn-5-2-2\" \/>\n<meta property=\"og:site_name\" content=\"Atami\" \/>\n<meta property=\"article:publisher\" content=\"https:\/\/www.facebook.com\/Atami.International\" \/>\n<meta property=\"article:modified_time\" content=\"2025-11-07T15:18:38+00:00\" \/>\n<meta property=\"og:image\" content=\"https:\/\/atami.com\/wp-content\/uploads\/2025\/01\/VGN-5-2-2-product-image.webp\" \/>\n\t<meta property=\"og:image:width\" content=\"1080\" \/>\n\t<meta property=\"og:image:height\" content=\"1080\" \/>\n\t<meta property=\"og:image:type\" content=\"image\/webp\" \/>\n<meta name=\"twitter:card\" content=\"summary_large_image\" \/>\n<meta name=\"twitter:site\" content=\"@AtamiEU\" \/>\n<meta name=\"twitter:label1\" content=\"Dur\u00e9e de lecture estim\u00e9e\" \/>\n\t<meta name=\"twitter:data1\" content=\"1 minute\" \/>\n<script type=\"application\/ld+json\" class=\"yoast-schema-graph\">{\"@context\":\"https:\\\/\\\/schema.org\",\"@graph\":[{\"@type\":\"WebPage\",\"@id\":\"https:\\\/\\\/atami.com\\\/fr\\\/produit\\\/vgn-5-2-2\",\"url\":\"https:\\\/\\\/atami.com\\\/fr\\\/produit\\\/vgn-5-2-2\",\"name\":\"VGN 5-2-2 : Fertilisant \u00c9cologique pour une Croissance \u00c9panouie\",\"isPartOf\":{\"@id\":\"https:\\\/\\\/atami.com\\\/fr#website\"},\"primaryImageOfPage\":{\"@id\":\"https:\\\/\\\/atami.com\\\/fr\\\/produit\\\/vgn-5-2-2#primaryimage\"},\"image\":{\"@id\":\"https:\\\/\\\/atami.com\\\/fr\\\/produit\\\/vgn-5-2-2#primaryimage\"},\"thumbnailUrl\":\"https:\\\/\\\/atami.com\\\/wp-content\\\/uploads\\\/2025\\\/01\\\/VGN-5-2-2-product-image.webp\",\"datePublished\":\"2025-01-22T10:19:29+00:00\",\"dateModified\":\"2025-11-07T15:18:38+00:00\",\"description\":\"VGN 5-2-2 est un engrais liquide bio qui favorise la croissance rapide. La forte teneur en azote contribue \u00e0 la croissance de plantes vertes et fortes.\",\"breadcrumb\":{\"@id\":\"https:\\\/\\\/atami.com\\\/fr\\\/produit\\\/vgn-5-2-2#breadcrumb\"},\"inLanguage\":\"fr-FR\",\"potentialAction\":[{\"@type\":\"ReadAction\",\"target\":[\"https:\\\/\\\/atami.com\\\/fr\\\/produit\\\/vgn-5-2-2\"]}]},{\"@type\":\"ImageObject\",\"inLanguage\":\"fr-FR\",\"@id\":\"https:\\\/\\\/atami.com\\\/fr\\\/produit\\\/vgn-5-2-2#primaryimage\",\"url\":\"https:\\\/\\\/atami.com\\\/wp-content\\\/uploads\\\/2025\\\/01\\\/VGN-5-2-2-product-image.webp\",\"contentUrl\":\"https:\\\/\\\/atami.com\\\/wp-content\\\/uploads\\\/2025\\\/01\\\/VGN-5-2-2-product-image.webp\",\"width\":1080,\"height\":1080,\"caption\":\"Atami VGN 5-2-2 favorise une croissance rapide, ce qui donne des plantes plus vertes, plus saines et plus fortes.\"},{\"@type\":\"BreadcrumbList\",\"@id\":\"https:\\\/\\\/atami.com\\\/fr\\\/produit\\\/vgn-5-2-2#breadcrumb\",\"itemListElement\":[{\"@type\":\"ListItem\",\"position\":1,\"name\":\"Home\",\"item\":\"https:\\\/\\\/atami.com\\\/fr\"},{\"@type\":\"ListItem\",\"position\":2,\"name\":\"Produits\",\"item\":\"https:\\\/\\\/atami.com\\\/fr\\\/shop\"},{\"@type\":\"ListItem\",\"position\":3,\"name\":\"Marques\",\"item\":\"https:\\\/\\\/atami.com\\\/fr\\\/categorie-produit\\\/marques\"},{\"@type\":\"ListItem\",\"position\":4,\"name\":\"ENGRAIS VEGANIC - VGN\",\"item\":\"https:\\\/\\\/atami.com\\\/fr\\\/categorie-produit\\\/marques\\\/engrais-veganic-vgn\"},{\"@type\":\"ListItem\",\"position\":5,\"name\":\"VGN 5-2-2\"}]},{\"@type\":\"WebSite\",\"@id\":\"https:\\\/\\\/atami.com\\\/fr#website\",\"url\":\"https:\\\/\\\/atami.com\\\/fr\",\"name\":\"Atami\",\"description\":\"NATURALLY INNOVATING!\",\"publisher\":{\"@id\":\"https:\\\/\\\/atami.com\\\/fr#organization\"},\"potentialAction\":[{\"@type\":\"SearchAction\",\"target\":{\"@type\":\"EntryPoint\",\"urlTemplate\":\"https:\\\/\\\/atami.com\\\/fr?s={search_term_string}\"},\"query-input\":{\"@type\":\"PropertyValueSpecification\",\"valueRequired\":true,\"valueName\":\"search_term_string\"}}],\"inLanguage\":\"fr-FR\"},{\"@type\":\"Organization\",\"@id\":\"https:\\\/\\\/atami.com\\\/fr#organization\",\"name\":\"Atami\",\"url\":\"https:\\\/\\\/atami.com\\\/fr\",\"logo\":{\"@type\":\"ImageObject\",\"inLanguage\":\"fr-FR\",\"@id\":\"https:\\\/\\\/atami.com\\\/fr#\\\/schema\\\/logo\\\/image\\\/\",\"url\":\"https:\\\/\\\/atami.com\\\/wp-content\\\/uploads\\\/2026\\\/01\\\/Atami-logo-696x696px.webp\",\"contentUrl\":\"https:\\\/\\\/atami.com\\\/wp-content\\\/uploads\\\/2026\\\/01\\\/Atami-logo-696x696px.webp\",\"width\":696,\"height\":696,\"caption\":\"Atami\"},\"image\":{\"@id\":\"https:\\\/\\\/atami.com\\\/fr#\\\/schema\\\/logo\\\/image\\\/\"},\"sameAs\":[\"https:\\\/\\\/www.facebook.com\\\/Atami.International\",\"https:\\\/\\\/x.com\\\/AtamiEU\",\"https:\\\/\\\/www.youtube.com\\\/c\\\/AtamiInternational\",\"https:\\\/\\\/www.instagram.com\\\/atami.international\\\/\"],\"description\":\"ATAMI is a premium plant nutrition & substrate brand founded in 1997 with the mission to make exceptional cultivation achievable for everyone. From legacy to license, we offer a wide variety of innovating award-winning products to let cultivators achieve maximum results in taste & yield.\",\"email\":\"info@mginnovations.es\",\"legalName\":\"Atami\",\"numberOfEmployees\":{\"@type\":\"QuantitativeValue\",\"minValue\":\"11\",\"maxValue\":\"50\"}}]}<\/script>\n<!-- \/ Yoast SEO Premium plugin. -->","yoast_head_json":{"title":"VGN 5-2-2 : Fertilisant \u00c9cologique pour une Croissance \u00c9panouie","description":"VGN 5-2-2 est un engrais liquide bio qui favorise la croissance rapide. La forte teneur en azote contribue \u00e0 la croissance de plantes vertes et fortes.","robots":{"index":"index","follow":"follow","max-snippet":"max-snippet:-1","max-image-preview":"max-image-preview:large","max-video-preview":"max-video-preview:-1"},"canonical":"https:\/\/atami.com\/fr\/produit\/vgn-5-2-2","og_locale":"fr_FR","og_type":"article","og_title":"VGN 5-2-2","og_description":"VGN 5-2-2 est un engrais liquide bio qui favorise la croissance rapide. La forte teneur en azote contribue \u00e0 la croissance de plantes vertes et fortes.","og_url":"https:\/\/atami.com\/fr\/produit\/vgn-5-2-2","og_site_name":"Atami","article_publisher":"https:\/\/www.facebook.com\/Atami.International","article_modified_time":"2025-11-07T15:18:38+00:00","og_image":[{"width":1080,"height":1080,"url":"https:\/\/atami.com\/wp-content\/uploads\/2025\/01\/VGN-5-2-2-product-image.webp","type":"image\/webp"}],"twitter_card":"summary_large_image","twitter_site":"@AtamiEU","twitter_misc":{"Dur\u00e9e de lecture estim\u00e9e":"1 minute"},"schema":{"@context":"https:\/\/schema.org","@graph":[{"@type":"WebPage","@id":"https:\/\/atami.com\/fr\/produit\/vgn-5-2-2","url":"https:\/\/atami.com\/fr\/produit\/vgn-5-2-2","name":"VGN 5-2-2 : Fertilisant \u00c9cologique pour une Croissance \u00c9panouie","isPartOf":{"@id":"https:\/\/atami.com\/fr#website"},"primaryImageOfPage":{"@id":"https:\/\/atami.com\/fr\/produit\/vgn-5-2-2#primaryimage"},"image":{"@id":"https:\/\/atami.com\/fr\/produit\/vgn-5-2-2#primaryimage"},"thumbnailUrl":"https:\/\/atami.com\/wp-content\/uploads\/2025\/01\/VGN-5-2-2-product-image.webp","datePublished":"2025-01-22T10:19:29+00:00","dateModified":"2025-11-07T15:18:38+00:00","description":"VGN 5-2-2 est un engrais liquide bio qui favorise la croissance rapide. La forte teneur en azote contribue \u00e0 la croissance de plantes vertes et fortes.","breadcrumb":{"@id":"https:\/\/atami.com\/fr\/produit\/vgn-5-2-2#breadcrumb"},"inLanguage":"fr-FR","potentialAction":[{"@type":"ReadAction","target":["https:\/\/atami.com\/fr\/produit\/vgn-5-2-2"]}]},{"@type":"ImageObject","inLanguage":"fr-FR","@id":"https:\/\/atami.com\/fr\/produit\/vgn-5-2-2#primaryimage","url":"https:\/\/atami.com\/wp-content\/uploads\/2025\/01\/VGN-5-2-2-product-image.webp","contentUrl":"https:\/\/atami.com\/wp-content\/uploads\/2025\/01\/VGN-5-2-2-product-image.webp","width":1080,"height":1080,"caption":"Atami VGN 5-2-2 favorise une croissance rapide, ce qui donne des plantes plus vertes, plus saines et plus fortes."},{"@type":"BreadcrumbList","@id":"https:\/\/atami.com\/fr\/produit\/vgn-5-2-2#breadcrumb","itemListElement":[{"@type":"ListItem","position":1,"name":"Home","item":"https:\/\/atami.com\/fr"},{"@type":"ListItem","position":2,"name":"Produits","item":"https:\/\/atami.com\/fr\/shop"},{"@type":"ListItem","position":3,"name":"Marques","item":"https:\/\/atami.com\/fr\/categorie-produit\/marques"},{"@type":"ListItem","position":4,"name":"ENGRAIS VEGANIC - VGN","item":"https:\/\/atami.com\/fr\/categorie-produit\/marques\/engrais-veganic-vgn"},{"@type":"ListItem","position":5,"name":"VGN 5-2-2"}]},{"@type":"WebSite","@id":"https:\/\/atami.com\/fr#website","url":"https:\/\/atami.com\/fr","name":"Atami","description":"NATURALLY INNOVATING!","publisher":{"@id":"https:\/\/atami.com\/fr#organization"},"potentialAction":[{"@type":"SearchAction","target":{"@type":"EntryPoint","urlTemplate":"https:\/\/atami.com\/fr?s={search_term_string}"},"query-input":{"@type":"PropertyValueSpecification","valueRequired":true,"valueName":"search_term_string"}}],"inLanguage":"fr-FR"},{"@type":"Organization","@id":"https:\/\/atami.com\/fr#organization","name":"Atami","url":"https:\/\/atami.com\/fr","logo":{"@type":"ImageObject","inLanguage":"fr-FR","@id":"https:\/\/atami.com\/fr#\/schema\/logo\/image\/","url":"https:\/\/atami.com\/wp-content\/uploads\/2026\/01\/Atami-logo-696x696px.webp","contentUrl":"https:\/\/atami.com\/wp-content\/uploads\/2026\/01\/Atami-logo-696x696px.webp","width":696,"height":696,"caption":"Atami"},"image":{"@id":"https:\/\/atami.com\/fr#\/schema\/logo\/image\/"},"sameAs":["https:\/\/www.facebook.com\/Atami.International","https:\/\/x.com\/AtamiEU","https:\/\/www.youtube.com\/c\/AtamiInternational","https:\/\/www.instagram.com\/atami.international\/"],"description":"ATAMI is a premium plant nutrition & substrate brand founded in 1997 with the mission to make exceptional cultivation achievable for everyone. From legacy to license, we offer a wide variety of innovating award-winning products to let cultivators achieve maximum results in taste & yield.","email":"info@mginnovations.es","legalName":"Atami","numberOfEmployees":{"@type":"QuantitativeValue","minValue":"11","maxValue":"50"}}]}},"_links":{"self":[{"href":"https:\/\/atami.com\/fr\/wp-json\/wp\/v2\/product\/202510","targetHints":{"allow":["GET"]}}],"collection":[{"href":"https:\/\/atami.com\/fr\/wp-json\/wp\/v2\/product"}],"about":[{"href":"https:\/\/atami.com\/fr\/wp-json\/wp\/v2\/types\/product"}],"replies":[{"embeddable":true,"href":"https:\/\/atami.com\/fr\/wp-json\/wp\/v2\/comments?post=202510"}],"wp:featuredmedia":[{"embeddable":true,"href":"https:\/\/atami.com\/fr\/wp-json\/wp\/v2\/media\/202405"}],"wp:attachment":[{"href":"https:\/\/atami.com\/fr\/wp-json\/wp\/v2\/media?parent=202510"}],"wp:term":[{"taxonomy":"product_brand","embeddable":true,"href":"https:\/\/atami.com\/fr\/wp-json\/wp\/v2\/product_brand?post=202510"},{"taxonomy":"product_cat","embeddable":true,"href":"https:\/\/atami.com\/fr\/wp-json\/wp\/v2\/product_cat?post=202510"},{"taxonomy":"product_tag","embeddable":true,"href":"https:\/\/atami.com\/fr\/wp-json\/wp\/v2\/product_tag?post=202510"}],"curies":[{"name":"wp","href":"https:\/\/api.w.org\/{rel}","templated":true}]}}