{"id":6491,"date":"2021-04-02T09:39:54","date_gmt":"2021-04-02T09:39:54","guid":{"rendered":"https:\/\/atami.com\/produits\/"},"modified":"2024-06-24T13:15:20","modified_gmt":"2024-06-24T11:15:20","slug":"produits","status":"publish","type":"page","link":"https:\/\/atami.com\/fr\/produits","title":{"rendered":"Produits"},"content":{"rendered":"\t\t<div data-elementor-type=\"wp-page\" data-elementor-id=\"6491\" class=\"elementor elementor-6491\" data-elementor-post-type=\"page\">\n\t\t\t\t<div class=\"elementor-element elementor-element-67c1d8e e-flex e-con-boxed e-con e-parent\" data-id=\"67c1d8e\" data-element_type=\"container\" data-e-type=\"container\" data-settings=\"{&quot;background_background&quot;:&quot;classic&quot;}\">\n\t\t\t\t\t<div class=\"e-con-inner\">\n\t\t\t\t<div class=\"elementor-element elementor-element-90cbc5e elementor-widget elementor-widget-heading\" data-id=\"90cbc5e\" data-element_type=\"widget\" data-e-type=\"widget\" data-widget_type=\"heading.default\">\n\t\t\t\t\t<h1 class=\"elementor-heading-title elementor-size-default\">Atami lifestyle<\/h1>\t\t\t\t<\/div>\n\t\t\t\t\t<\/div>\n\t\t\t\t<\/div>\n\t\t<div class=\"elementor-element elementor-element-7753590 e-flex e-con-boxed e-con e-parent\" data-id=\"7753590\" data-element_type=\"container\" data-e-type=\"container\" data-settings=\"{&quot;background_background&quot;:&quot;classic&quot;}\">\n\t\t\t\t\t<div class=\"e-con-inner\">\n\t\t\t\t<div class=\"elementor-element elementor-element-9b4fed8 elementor-widget elementor-widget-woocommerce-breadcrumb\" data-id=\"9b4fed8\" data-element_type=\"widget\" data-e-type=\"widget\" data-widget_type=\"woocommerce-breadcrumb.default\">\n\t\t\t\t\t<nav class=\"woocommerce-breadcrumb\" aria-label=\"Breadcrumb\">Accueil<\/nav>\t\t\t\t<\/div>\n\t\t<div class=\"elementor-element elementor-element-c0c0a85 e-con-full e-flex e-con e-child\" data-id=\"c0c0a85\" data-element_type=\"container\" data-e-type=\"container\">\n\t\t\t\t<div class=\"elementor-element elementor-element-b9c98c7 elementor-widget elementor-widget-text-editor\" data-id=\"b9c98c7\" data-element_type=\"widget\" data-e-type=\"widget\" data-widget_type=\"text-editor.default\">\n\t\t\t\t\t\t\t\t\t<p>Apr\u00e8s plus de 20 ans d\u2019exp\u00e9rience, la marque Atami est devenue un mode de vie pour de nombreux cultivateurs. En ad\u00e9quation avec le slogan d\u2019Atami, \u2018Naturally Innovating\u2019, Atami pr\u00e9sente une ligne unique de produits avec, entre autre, des sacs et des v\u00eatements.<\/p>\n<p>&nbsp;<\/p>\n<p>Avec une attention particuli\u00e8re port\u00e9e aux d\u00e9tails et l\u2019exigence d\u2019une qualit\u00e9 \u00e9lev\u00e9e, seuls des mat\u00e9riaux de grande qualit\u00e9 ont \u00e9t\u00e9 utilis\u00e9s. Vous pouvez maintenant b\u00e9n\u00e9ficier de l\u2019exp\u00e9rience d\u2019Atami dans votre cour, dans vote jardin ou sur la route.<\/p>\n\t\t\t\t\t\t\t\t<\/div>\n\t\t\t\t<div class=\"elementor-element elementor-element-9db7339 elementor-hidden-desktop elementor-hidden-tablet elementor-widget elementor-widget-image\" data-id=\"9db7339\" data-element_type=\"widget\" data-e-type=\"widget\" data-widget_type=\"image.default\">\n\t\t\t\t\t\t\t\t\t\t\t\t\t\t\t<img fetchpriority=\"high\" decoding=\"async\" width=\"415\" height=\"346\" src=\"https:\/\/atami.com\/wp-content\/uploads\/2021\/03\/signal-2021-03-02-091336_002.png\" class=\"attachment-full size-full wp-image-3813\" alt=\"\" \/>\t\t\t\t\t\t\t\t\t\t\t\t\t\t\t<\/div>\n\t\t\t\t<div class=\"elementor-element elementor-element-a998657 elementor-hidden-desktop elementor-hidden-tablet elementor-widget elementor-widget-image\" data-id=\"a998657\" data-element_type=\"widget\" data-e-type=\"widget\" data-widget_type=\"image.default\">\n\t\t\t\t\t\t\t\t\t\t\t\t\t\t\t<img decoding=\"async\" width=\"414\" height=\"346\" src=\"https:\/\/atami.com\/wp-content\/uploads\/2021\/03\/signal-2021-03-02-091336_001.png\" class=\"attachment-full size-full wp-image-3809\" alt=\"\" \/>\t\t\t\t\t\t\t\t\t\t\t\t\t\t\t<\/div>\n\t\t\t\t<div class=\"elementor-element elementor-element-a4c6167 elementor-hidden-phone elementor-widget elementor-widget-image\" data-id=\"a4c6167\" data-element_type=\"widget\" data-e-type=\"widget\" data-widget_type=\"image.default\">\n\t\t\t\t\t\t\t\t\t\t\t\t\t\t\t<img decoding=\"async\" width=\"866\" height=\"346\" src=\"https:\/\/atami.com\/wp-content\/uploads\/2021\/02\/merchandise-bags.png\" class=\"attachment-full size-full wp-image-2756\" alt=\"\" srcset=\"https:\/\/atami.com\/wp-content\/uploads\/2021\/02\/merchandise-bags.png 866w, https:\/\/atami.com\/wp-content\/uploads\/2021\/02\/merchandise-bags-450x180.png 450w, https:\/\/atami.com\/wp-content\/uploads\/2021\/02\/merchandise-bags-600x240.png 600w\" sizes=\"(max-width: 866px) 100vw, 866px\" \/>\t\t\t\t\t\t\t\t\t\t\t\t\t\t\t<\/div>\n\t\t\t\t<div class=\"elementor-element elementor-element-c859f4b elementor-widget elementor-widget-text-editor\" data-id=\"c859f4b\" data-element_type=\"widget\" data-e-type=\"widget\" data-widget_type=\"text-editor.default\">\n\t\t\t\t\t\t\t\t\t<p><strong>SACS ATAMI<\/strong><\/p>\r\n<p>&nbsp;<\/p>\r\n<p>Notre gamme de sacs \u00e9l\u00e9gants se compose d\u2019un sac \u00e0 bandouli\u00e8re et d\u2019un portefeuille de voyage. Ils sont fabriqu\u00e9s en cuir de grande qualit\u00e9. Le sac \u00e0 bandouli\u00e8re dispose de 4 compartiments ind\u00e9pendants dans lesquels vous pouvez ranger tablettes, chargeurs, documents de voyage et cartes de cr\u00e9dit. Sa conception unique permet de prot\u00e9ger vos affaires et d\u2019acc\u00e9der facilement aux diff\u00e9rents compartiments.<\/p>\r\n<p>&nbsp;<\/p>\r\n<p>Le portefeuille de voyage est une solution compacte compl\u00e9mentaire au sac \u00e0 bandouli\u00e8re. Il est l\u00e9ger et discret et dispose d\u2019un acc\u00e8s pratique aux documents et aux moyens de paiement habituels. Il peut \u00eatre port\u00e9 aussi bien au-dessus qu\u2019en-dessous des v\u00eatements. Une fermeture \u00e9clair permet d\u2019acc\u00e9der \u00e0 un compartiment suppl\u00e9mentaire destin\u00e9 \u00e0 l\u2019argent liquide.<\/p>\r\n<p>&nbsp;<\/p>\r\n<p>Les deux sacs sont propos\u00e9s dans des couleurs ch\u00e2taigne, rouge, camel, brun et noir.<\/p>\t\t\t\t\t\t\t\t<\/div>\n\t\t\t\t<div class=\"elementor-element elementor-element-e40ecc8 elementor-hidden-desktop elementor-hidden-tablet elementor-widget elementor-widget-image\" data-id=\"e40ecc8\" data-element_type=\"widget\" data-e-type=\"widget\" data-widget_type=\"image.default\">\n\t\t\t\t\t\t\t\t\t\t\t\t\t\t\t<img loading=\"lazy\" decoding=\"async\" width=\"554\" height=\"472\" src=\"https:\/\/atami.com\/wp-content\/uploads\/2021\/03\/signal-2021-02-16-155418_002.png\" class=\"attachment-full size-full wp-image-3817\" alt=\"\" srcset=\"https:\/\/atami.com\/wp-content\/uploads\/2021\/03\/signal-2021-02-16-155418_002.png 554w, https:\/\/atami.com\/wp-content\/uploads\/2021\/03\/signal-2021-02-16-155418_002-450x383.png 450w\" sizes=\"(max-width: 554px) 100vw, 554px\" \/>\t\t\t\t\t\t\t\t\t\t\t\t\t\t\t<\/div>\n\t\t\t\t<div class=\"elementor-element elementor-element-d249eb3 elementor-hidden-phone elementor-widget elementor-widget-image\" data-id=\"d249eb3\" data-element_type=\"widget\" data-e-type=\"widget\" data-widget_type=\"image.default\">\n\t\t\t\t\t\t\t\t\t\t\t\t\t\t\t<img loading=\"lazy\" decoding=\"async\" width=\"1058\" height=\"433\" src=\"https:\/\/atami.com\/wp-content\/uploads\/2021\/02\/merchandise-shirts-cap-jacket.png\" class=\"attachment-full size-full wp-image-2760\" alt=\"\" srcset=\"https:\/\/atami.com\/wp-content\/uploads\/2021\/02\/merchandise-shirts-cap-jacket.png 1058w, https:\/\/atami.com\/wp-content\/uploads\/2021\/02\/merchandise-shirts-cap-jacket-450x184.png 450w, https:\/\/atami.com\/wp-content\/uploads\/2021\/02\/merchandise-shirts-cap-jacket-600x246.png 600w\" sizes=\"(max-width: 1058px) 100vw, 1058px\" \/>\t\t\t\t\t\t\t\t\t\t\t\t\t\t\t<\/div>\n\t\t\t\t<div class=\"elementor-element elementor-element-d15ec5f elementor-widget elementor-widget-text-editor\" data-id=\"d15ec5f\" data-element_type=\"widget\" data-e-type=\"widget\" data-widget_type=\"text-editor.default\">\n\t\t\t\t\t\t\t\t\t<p><strong>V\u00caTEMENTS ATAMI<\/strong><\/p>\r\n<p>&nbsp;<\/p>\r\n<p>La ligne de v\u00eatements Atami a d\u00e9marr\u00e9 avec des t-shirts \u00e0 la mode cr\u00e9\u00e9s par notre propre \u00e9quipe de conception. Atami a bas\u00e9 son processus de design sur la subtilit\u00e9 et l\u2019\u00e9l\u00e9gance. Le tissu, de haute qualit\u00e9, est compos\u00e9 de 40 fils individuels de fibres longues de coton fil\u00e9s \u00e0 l\u2019anneau. Les t-shirts ont \u00e9t\u00e9 lav\u00e9s avec des enzymes et sont trait\u00e9s au silicone pour \u00e9viter les d\u00e9mangeaisons. Les deux mod\u00e8les embl\u00e9matiques sont tous les deux disponibles en 4 couleurs et se composent d\u2019une ligne pour les femmes et d\u2019une autre pour les hommes.<\/p>\t\t\t\t\t\t\t\t<\/div>\n\t\t\t\t<\/div>\n\t\t\t\t\t<\/div>\n\t\t\t\t<\/div>\n\t\t\t\t<\/div>\n\t\t","protected":false},"excerpt":{"rendered":"<p>Atami lifestyle Apr\u00e8s plus de 20 ans d\u2019exp\u00e9rience, la marque Atami est devenue un mode de vie pour de nombreux cultivateurs. En ad\u00e9quation avec le slogan d\u2019Atami, \u2018Naturally Innovating\u2019, Atami pr\u00e9sente une ligne unique de produits avec, entre autre, des sacs et des v\u00eatements. &nbsp; Avec une attention particuli\u00e8re port\u00e9e aux d\u00e9tails et l\u2019exigence d\u2019une [&hellip;]<\/p>\n","protected":false},"author":1,"featured_media":0,"parent":0,"menu_order":0,"comment_status":"closed","ping_status":"closed","template":"elementor_header_footer","meta":{"_acf_changed":false,"iawp_total_views":39,"footnotes":""},"class_list":["post-6491","page","type-page","status-publish","hentry"],"acf":[],"yoast_head":"<!-- This site is optimized with the Yoast SEO Premium plugin v27.4 (Yoast SEO v27.4) - https:\/\/yoast.com\/product\/yoast-seo-premium-wordpress\/ -->\n<title>Produits | Atami<\/title>\n<meta name=\"robots\" content=\"index, follow, max-snippet:-1, max-image-preview:large, max-video-preview:-1\" \/>\n<link rel=\"canonical\" href=\"https:\/\/atami.com\/fr\/produits\" \/>\n<meta property=\"og:locale\" content=\"fr_FR\" \/>\n<meta property=\"og:type\" content=\"article\" \/>\n<meta property=\"og:title\" content=\"Produits\" \/>\n<meta property=\"og:description\" content=\"Atami lifestyle Apr\u00e8s plus de 20 ans d\u2019exp\u00e9rience, la marque Atami est devenue un mode de vie pour de nombreux cultivateurs. En ad\u00e9quation avec le slogan d\u2019Atami, \u2018Naturally Innovating\u2019, Atami pr\u00e9sente une ligne unique de produits avec, entre autre, des sacs et des v\u00eatements. &nbsp; Avec une attention particuli\u00e8re port\u00e9e aux d\u00e9tails et l\u2019exigence d\u2019une [&hellip;]\" \/>\n<meta property=\"og:url\" content=\"https:\/\/atami.com\/fr\/produits\" \/>\n<meta property=\"og:site_name\" content=\"Atami\" \/>\n<meta property=\"article:publisher\" content=\"https:\/\/www.facebook.com\/Atami.International\" \/>\n<meta property=\"article:modified_time\" content=\"2024-06-24T11:15:20+00:00\" \/>\n<meta property=\"og:image\" content=\"https:\/\/atami.com\/wp-content\/uploads\/2021\/03\/signal-2021-03-02-091336_002.png\" \/>\n<meta name=\"twitter:card\" content=\"summary_large_image\" \/>\n<meta name=\"twitter:site\" content=\"@AtamiEU\" \/>\n<meta name=\"twitter:label1\" content=\"Dur\u00e9e de lecture estim\u00e9e\" \/>\n\t<meta name=\"twitter:data1\" content=\"2 minutes\" \/>\n<script type=\"application\/ld+json\" class=\"yoast-schema-graph\">{\"@context\":\"https:\\\/\\\/schema.org\",\"@graph\":[{\"@type\":\"WebPage\",\"@id\":\"https:\\\/\\\/atami.com\\\/fr\\\/produits\",\"url\":\"https:\\\/\\\/atami.com\\\/fr\\\/produits\",\"name\":\"Produits | Atami\",\"isPartOf\":{\"@id\":\"https:\\\/\\\/atami.com\\\/fr#website\"},\"primaryImageOfPage\":{\"@id\":\"https:\\\/\\\/atami.com\\\/fr\\\/produits#primaryimage\"},\"image\":{\"@id\":\"https:\\\/\\\/atami.com\\\/fr\\\/produits#primaryimage\"},\"thumbnailUrl\":\"https:\\\/\\\/atami.com\\\/wp-content\\\/uploads\\\/2021\\\/03\\\/signal-2021-03-02-091336_002.png\",\"datePublished\":\"2021-04-02T09:39:54+00:00\",\"dateModified\":\"2024-06-24T11:15:20+00:00\",\"breadcrumb\":{\"@id\":\"https:\\\/\\\/atami.com\\\/fr\\\/produits#breadcrumb\"},\"inLanguage\":\"fr-FR\",\"potentialAction\":[{\"@type\":\"ReadAction\",\"target\":[\"https:\\\/\\\/atami.com\\\/fr\\\/produits\"]}]},{\"@type\":\"ImageObject\",\"inLanguage\":\"fr-FR\",\"@id\":\"https:\\\/\\\/atami.com\\\/fr\\\/produits#primaryimage\",\"url\":\"https:\\\/\\\/atami.com\\\/wp-content\\\/uploads\\\/2021\\\/03\\\/signal-2021-03-02-091336_002.png\",\"contentUrl\":\"https:\\\/\\\/atami.com\\\/wp-content\\\/uploads\\\/2021\\\/03\\\/signal-2021-03-02-091336_002.png\"},{\"@type\":\"BreadcrumbList\",\"@id\":\"https:\\\/\\\/atami.com\\\/fr\\\/produits#breadcrumb\",\"itemListElement\":[{\"@type\":\"ListItem\",\"position\":1,\"name\":\"Home\",\"item\":\"https:\\\/\\\/atami.com\\\/fr\"},{\"@type\":\"ListItem\",\"position\":2,\"name\":\"Produits\"}]},{\"@type\":\"WebSite\",\"@id\":\"https:\\\/\\\/atami.com\\\/fr#website\",\"url\":\"https:\\\/\\\/atami.com\\\/fr\",\"name\":\"Atami\",\"description\":\"NATURALLY INNOVATING!\",\"publisher\":{\"@id\":\"https:\\\/\\\/atami.com\\\/fr#organization\"},\"potentialAction\":[{\"@type\":\"SearchAction\",\"target\":{\"@type\":\"EntryPoint\",\"urlTemplate\":\"https:\\\/\\\/atami.com\\\/fr?s={search_term_string}\"},\"query-input\":{\"@type\":\"PropertyValueSpecification\",\"valueRequired\":true,\"valueName\":\"search_term_string\"}}],\"inLanguage\":\"fr-FR\"},{\"@type\":\"Organization\",\"@id\":\"https:\\\/\\\/atami.com\\\/fr#organization\",\"name\":\"Atami\",\"url\":\"https:\\\/\\\/atami.com\\\/fr\",\"logo\":{\"@type\":\"ImageObject\",\"inLanguage\":\"fr-FR\",\"@id\":\"https:\\\/\\\/atami.com\\\/fr#\\\/schema\\\/logo\\\/image\\\/\",\"url\":\"https:\\\/\\\/atami.com\\\/wp-content\\\/uploads\\\/2026\\\/01\\\/Atami-logo-696x696px.webp\",\"contentUrl\":\"https:\\\/\\\/atami.com\\\/wp-content\\\/uploads\\\/2026\\\/01\\\/Atami-logo-696x696px.webp\",\"width\":696,\"height\":696,\"caption\":\"Atami\"},\"image\":{\"@id\":\"https:\\\/\\\/atami.com\\\/fr#\\\/schema\\\/logo\\\/image\\\/\"},\"sameAs\":[\"https:\\\/\\\/www.facebook.com\\\/Atami.International\",\"https:\\\/\\\/x.com\\\/AtamiEU\",\"https:\\\/\\\/www.youtube.com\\\/c\\\/AtamiInternational\",\"https:\\\/\\\/www.instagram.com\\\/atami.international\\\/\"],\"description\":\"ATAMI is a premium plant nutrition & substrate brand founded in 1997 with the mission to make exceptional cultivation achievable for everyone. From legacy to license, we offer a wide variety of innovating award-winning products to let cultivators achieve maximum results in taste & yield.\",\"email\":\"info@mginnovations.es\",\"legalName\":\"Atami\",\"numberOfEmployees\":{\"@type\":\"QuantitativeValue\",\"minValue\":\"11\",\"maxValue\":\"50\"}}]}<\/script>\n<!-- \/ Yoast SEO Premium plugin. -->","yoast_head_json":{"title":"Produits | Atami","robots":{"index":"index","follow":"follow","max-snippet":"max-snippet:-1","max-image-preview":"max-image-preview:large","max-video-preview":"max-video-preview:-1"},"canonical":"https:\/\/atami.com\/fr\/produits","og_locale":"fr_FR","og_type":"article","og_title":"Produits","og_description":"Atami lifestyle Apr\u00e8s plus de 20 ans d\u2019exp\u00e9rience, la marque Atami est devenue un mode de vie pour de nombreux cultivateurs. En ad\u00e9quation avec le slogan d\u2019Atami, \u2018Naturally Innovating\u2019, Atami pr\u00e9sente une ligne unique de produits avec, entre autre, des sacs et des v\u00eatements. &nbsp; Avec une attention particuli\u00e8re port\u00e9e aux d\u00e9tails et l\u2019exigence d\u2019une [&hellip;]","og_url":"https:\/\/atami.com\/fr\/produits","og_site_name":"Atami","article_publisher":"https:\/\/www.facebook.com\/Atami.International","article_modified_time":"2024-06-24T11:15:20+00:00","og_image":[{"url":"https:\/\/atami.com\/wp-content\/uploads\/2021\/03\/signal-2021-03-02-091336_002.png","type":"","width":"","height":""}],"twitter_card":"summary_large_image","twitter_site":"@AtamiEU","twitter_misc":{"Dur\u00e9e de lecture estim\u00e9e":"2 minutes"},"schema":{"@context":"https:\/\/schema.org","@graph":[{"@type":"WebPage","@id":"https:\/\/atami.com\/fr\/produits","url":"https:\/\/atami.com\/fr\/produits","name":"Produits | Atami","isPartOf":{"@id":"https:\/\/atami.com\/fr#website"},"primaryImageOfPage":{"@id":"https:\/\/atami.com\/fr\/produits#primaryimage"},"image":{"@id":"https:\/\/atami.com\/fr\/produits#primaryimage"},"thumbnailUrl":"https:\/\/atami.com\/wp-content\/uploads\/2021\/03\/signal-2021-03-02-091336_002.png","datePublished":"2021-04-02T09:39:54+00:00","dateModified":"2024-06-24T11:15:20+00:00","breadcrumb":{"@id":"https:\/\/atami.com\/fr\/produits#breadcrumb"},"inLanguage":"fr-FR","potentialAction":[{"@type":"ReadAction","target":["https:\/\/atami.com\/fr\/produits"]}]},{"@type":"ImageObject","inLanguage":"fr-FR","@id":"https:\/\/atami.com\/fr\/produits#primaryimage","url":"https:\/\/atami.com\/wp-content\/uploads\/2021\/03\/signal-2021-03-02-091336_002.png","contentUrl":"https:\/\/atami.com\/wp-content\/uploads\/2021\/03\/signal-2021-03-02-091336_002.png"},{"@type":"BreadcrumbList","@id":"https:\/\/atami.com\/fr\/produits#breadcrumb","itemListElement":[{"@type":"ListItem","position":1,"name":"Home","item":"https:\/\/atami.com\/fr"},{"@type":"ListItem","position":2,"name":"Produits"}]},{"@type":"WebSite","@id":"https:\/\/atami.com\/fr#website","url":"https:\/\/atami.com\/fr","name":"Atami","description":"NATURALLY INNOVATING!","publisher":{"@id":"https:\/\/atami.com\/fr#organization"},"potentialAction":[{"@type":"SearchAction","target":{"@type":"EntryPoint","urlTemplate":"https:\/\/atami.com\/fr?s={search_term_string}"},"query-input":{"@type":"PropertyValueSpecification","valueRequired":true,"valueName":"search_term_string"}}],"inLanguage":"fr-FR"},{"@type":"Organization","@id":"https:\/\/atami.com\/fr#organization","name":"Atami","url":"https:\/\/atami.com\/fr","logo":{"@type":"ImageObject","inLanguage":"fr-FR","@id":"https:\/\/atami.com\/fr#\/schema\/logo\/image\/","url":"https:\/\/atami.com\/wp-content\/uploads\/2026\/01\/Atami-logo-696x696px.webp","contentUrl":"https:\/\/atami.com\/wp-content\/uploads\/2026\/01\/Atami-logo-696x696px.webp","width":696,"height":696,"caption":"Atami"},"image":{"@id":"https:\/\/atami.com\/fr#\/schema\/logo\/image\/"},"sameAs":["https:\/\/www.facebook.com\/Atami.International","https:\/\/x.com\/AtamiEU","https:\/\/www.youtube.com\/c\/AtamiInternational","https:\/\/www.instagram.com\/atami.international\/"],"description":"ATAMI is a premium plant nutrition & substrate brand founded in 1997 with the mission to make exceptional cultivation achievable for everyone. From legacy to license, we offer a wide variety of innovating award-winning products to let cultivators achieve maximum results in taste & yield.","email":"info@mginnovations.es","legalName":"Atami","numberOfEmployees":{"@type":"QuantitativeValue","minValue":"11","maxValue":"50"}}]}},"_links":{"self":[{"href":"https:\/\/atami.com\/fr\/wp-json\/wp\/v2\/pages\/6491","targetHints":{"allow":["GET"]}}],"collection":[{"href":"https:\/\/atami.com\/fr\/wp-json\/wp\/v2\/pages"}],"about":[{"href":"https:\/\/atami.com\/fr\/wp-json\/wp\/v2\/types\/page"}],"author":[{"embeddable":true,"href":"https:\/\/atami.com\/fr\/wp-json\/wp\/v2\/users\/1"}],"replies":[{"embeddable":true,"href":"https:\/\/atami.com\/fr\/wp-json\/wp\/v2\/comments?post=6491"}],"version-history":[{"count":0,"href":"https:\/\/atami.com\/fr\/wp-json\/wp\/v2\/pages\/6491\/revisions"}],"wp:attachment":[{"href":"https:\/\/atami.com\/fr\/wp-json\/wp\/v2\/media?parent=6491"}],"curies":[{"name":"wp","href":"https:\/\/api.w.org\/{rel}","templated":true}]}}