{"id":204864,"date":"2025-03-10T16:13:49","date_gmt":"2025-03-10T14:13:49","guid":{"rendered":"https:\/\/atami.com\/stoney\/"},"modified":"2025-04-25T10:31:50","modified_gmt":"2025-04-25T08:31:50","slug":"stoney","status":"publish","type":"page","link":"https:\/\/atami.com\/fr\/stoney","title":{"rendered":"Stoney"},"content":{"rendered":"\t\t<div data-elementor-type=\"wp-page\" data-elementor-id=\"204864\" class=\"elementor elementor-204864 elementor-204576\" data-elementor-post-type=\"page\">\n\t\t\t\t<div class=\"elementor-element elementor-element-681cfe1 e-flex e-con-boxed e-con e-parent\" data-id=\"681cfe1\" data-element_type=\"container\" data-e-type=\"container\">\n\t\t\t\t\t<div class=\"e-con-inner\">\n\t\t<div class=\"elementor-element elementor-element-52fb819 e-con-full e-flex e-con e-child\" data-id=\"52fb819\" data-element_type=\"container\" data-e-type=\"container\">\n\t\t\t\t<div class=\"elementor-element elementor-element-ebf4217 elementor-widget elementor-widget-image\" data-id=\"ebf4217\" data-element_type=\"widget\" data-e-type=\"widget\" data-widget_type=\"image.default\">\n\t\t\t\t\t\t\t\t\t\t\t\t\t\t\t<img fetchpriority=\"high\" decoding=\"async\" width=\"756\" height=\"756\" src=\"https:\/\/atami.com\/wp-content\/uploads\/2025\/02\/Stoney-Tark.webp\" class=\"attachment-full size-full wp-image-204027\" alt=\"\" srcset=\"https:\/\/atami.com\/wp-content\/uploads\/2025\/02\/Stoney-Tark.webp 756w, https:\/\/atami.com\/wp-content\/uploads\/2025\/02\/Stoney-Tark-300x300.webp 300w, https:\/\/atami.com\/wp-content\/uploads\/2025\/02\/Stoney-Tark-100x100.webp 100w, https:\/\/atami.com\/wp-content\/uploads\/2025\/02\/Stoney-Tark-600x600.webp 600w, https:\/\/atami.com\/wp-content\/uploads\/2025\/02\/Stoney-Tark-150x150.webp 150w\" sizes=\"(max-width: 756px) 100vw, 756px\" \/>\t\t\t\t\t\t\t\t\t\t\t\t\t\t\t<\/div>\n\t\t\t\t<\/div>\n\t\t<div class=\"elementor-element elementor-element-abca692 e-con-full e-flex e-con e-child\" data-id=\"abca692\" data-element_type=\"container\" data-e-type=\"container\">\n\t\t\t\t<div class=\"elementor-element elementor-element-b8e1d83 elementor-widget elementor-widget-heading\" data-id=\"b8e1d83\" data-element_type=\"widget\" data-e-type=\"widget\" data-widget_type=\"heading.default\">\n\t\t\t\t\t<h1 class=\"elementor-heading-title elementor-size-default\">Stoney Tark<\/h1>\t\t\t\t<\/div>\n\t\t\t\t<div class=\"elementor-element elementor-element-ba2a818 elementor-widget elementor-widget-text-editor\" data-id=\"ba2a818\" data-element_type=\"widget\" data-e-type=\"widget\" data-widget_type=\"text-editor.default\">\n\t\t\t\t\t\t\t\t\t<p>\u00c9crivain prolifique<\/p>\n\t\t\t\t\t\t\t\t<\/div>\n\t\t\t\t<\/div>\n\t\t\t\t\t<\/div>\n\t\t\t\t<\/div>\n\t\t<div class=\"elementor-element elementor-element-7f61fa8 e-flex e-con-boxed e-con e-parent\" data-id=\"7f61fa8\" data-element_type=\"container\" data-e-type=\"container\">\n\t\t\t\t\t<div class=\"e-con-inner\">\n\t\t<div class=\"elementor-element elementor-element-8d8cca9 e-con-full e-flex e-con e-child\" data-id=\"8d8cca9\" data-element_type=\"container\" data-e-type=\"container\">\n\t\t\t\t<div class=\"elementor-element elementor-element-be75cd6 elementor-widget elementor-widget-text-editor\" data-id=\"be75cd6\" data-element_type=\"widget\" data-e-type=\"widget\" data-widget_type=\"text-editor.default\">\n\t\t\t\t\t\t\t\t\t<p>Stoney Tark est un \u00e9crivain prolifique bas\u00e9 en Europe, connu pour ses articles sur la culture, la s\u00e9lection, la fabrication de haschisch, ses interviews et surtout ses meilleurs conseils. Au cours des 11 derni\u00e8res ann\u00e9es, il est devenu l&rsquo;un des \u00e9crivains les plus reconnus de la plan\u00e8te.<\/p><br><p>&nbsp;<\/p><br><p>R\u00e9dacteur en chef pour la culture pour Soft Secrets Magazine, ainsi que pour son travail pour High Times Magazine, Skunk Magazine, Garden Culture Magazine, Weed World Magazine, The Emerald, Grow Magazine, Cannabis Culture Magazine, Dutch Passion, The Super Sativa Seed Club, Paradise Seeds, Humboldt Seed Organization, Atami et ILGM, Stoney est \u00e9galement s\u00e9lectionneur pour Prana Medical Seeds, sponsoris\u00e9 par SANlight, auteur de Stoney Tark&rsquo;s Top Tips on Growing Cannabis disponible sur Amazon, et producteur de la cha\u00eene YouTube The Roll Models Podcast.<\/p>\t\t\t\t\t\t\t\t<\/div>\n\t\t\t\t<\/div>\n\t\t\t\t\t<\/div>\n\t\t\t\t<\/div>\n\t\t<div class=\"elementor-element elementor-element-7a47cd1 e-flex e-con-boxed e-con e-parent\" data-id=\"7a47cd1\" data-element_type=\"container\" data-e-type=\"container\" data-settings=\"{&quot;background_background&quot;:&quot;classic&quot;}\">\n\t\t\t\t\t<div class=\"e-con-inner\">\n\t\t\t\t<div class=\"elementor-element elementor-element-0bc66ee elementor-widget elementor-widget-heading\" data-id=\"0bc66ee\" data-element_type=\"widget\" data-e-type=\"widget\" data-widget_type=\"heading.default\">\n\t\t\t\t\t<h2 class=\"elementor-heading-title elementor-size-default\">Blogs de Stoney Tark<\/h2>\t\t\t\t<\/div>\n\t\t\t\t<div class=\"elementor-element elementor-element-76c52aa elementor-grid-3 elementor-grid-tablet-2 elementor-grid-mobile-1 elementor-widget elementor-widget-loop-grid\" data-id=\"76c52aa\" data-element_type=\"widget\" data-e-type=\"widget\" data-settings=\"{&quot;template_id&quot;:182733,&quot;_skin&quot;:&quot;post&quot;,&quot;columns&quot;:&quot;3&quot;,&quot;columns_tablet&quot;:&quot;2&quot;,&quot;columns_mobile&quot;:&quot;1&quot;,&quot;edit_handle_selector&quot;:&quot;[data-elementor-type=\\&quot;loop-item\\&quot;]&quot;,&quot;row_gap&quot;:{&quot;unit&quot;:&quot;px&quot;,&quot;size&quot;:&quot;&quot;,&quot;sizes&quot;:[]},&quot;row_gap_tablet&quot;:{&quot;unit&quot;:&quot;px&quot;,&quot;size&quot;:&quot;&quot;,&quot;sizes&quot;:[]},&quot;row_gap_mobile&quot;:{&quot;unit&quot;:&quot;px&quot;,&quot;size&quot;:&quot;&quot;,&quot;sizes&quot;:[]}}\" data-widget_type=\"loop-grid.post\">\n\t\t\t\t<div class=\"elementor-widget-container\">\n\t\t\t\t\t\t\t<div class=\"e-loop-nothing-found-message\">\n\t\t<\/div>\n\t\t\t\t\t\t<\/div>\n\t\t\t\t<\/div>\n\t\t\t\t\t<\/div>\n\t\t\t\t<\/div>\n\t\t\t\t<\/div>\n\t\t","protected":false},"excerpt":{"rendered":"<p>Stoney Tark \u00c9crivain prolifique Stoney Tark est un \u00e9crivain prolifique bas\u00e9 en Europe, connu pour ses articles sur la culture, la s\u00e9lection, la fabrication de haschisch, ses interviews et surtout ses meilleurs conseils. Au cours des 11 derni\u00e8res ann\u00e9es, il est devenu l&rsquo;un des \u00e9crivains les plus reconnus de la plan\u00e8te. &nbsp; R\u00e9dacteur en chef [&hellip;]<\/p>\n","protected":false},"author":1,"featured_media":204027,"parent":0,"menu_order":0,"comment_status":"closed","ping_status":"closed","template":"elementor_header_footer","meta":{"_acf_changed":false,"iawp_total_views":1,"footnotes":""},"class_list":["post-204864","page","type-page","status-publish","has-post-thumbnail","hentry"],"acf":[],"yoast_head":"<!-- This site is optimized with the Yoast SEO Premium plugin v27.4 (Yoast SEO v27.4) - https:\/\/yoast.com\/product\/yoast-seo-premium-wordpress\/ -->\n<title>Stoney Tark | \u00c9crivain prolifique | Atami<\/title>\n<meta name=\"description\" content=\"Stoney Tark est un \u00e9crivain prolifique bas\u00e9 en Europe connu pour ses articles sur la culture, l&#039;\u00e9levage, la fabrication de haschisch, ses interviews et surtout ses meilleurs conseils.\" \/>\n<meta name=\"robots\" content=\"index, follow, max-snippet:-1, max-image-preview:large, max-video-preview:-1\" \/>\n<link rel=\"canonical\" href=\"https:\/\/atami.com\/fr\/stoney\" \/>\n<meta property=\"og:locale\" content=\"fr_FR\" \/>\n<meta property=\"og:type\" content=\"article\" \/>\n<meta property=\"og:title\" content=\"Stoney\" \/>\n<meta property=\"og:description\" content=\"Stoney Tark est un \u00e9crivain prolifique bas\u00e9 en Europe connu pour ses articles sur la culture, l&#039;\u00e9levage, la fabrication de haschisch, ses interviews et surtout ses meilleurs conseils.\" \/>\n<meta property=\"og:url\" content=\"https:\/\/atami.com\/fr\/stoney\/\" \/>\n<meta property=\"og:site_name\" content=\"Atami\" \/>\n<meta property=\"article:publisher\" content=\"https:\/\/www.facebook.com\/Atami.International\" \/>\n<meta property=\"article:modified_time\" content=\"2025-04-25T08:31:50+00:00\" \/>\n<meta property=\"og:image\" content=\"https:\/\/atami.com\/wp-content\/uploads\/2025\/02\/Stoney-Tark.webp\" \/>\n\t<meta property=\"og:image:width\" content=\"756\" \/>\n\t<meta property=\"og:image:height\" content=\"756\" \/>\n\t<meta property=\"og:image:type\" content=\"image\/webp\" \/>\n<meta name=\"twitter:card\" content=\"summary_large_image\" \/>\n<meta name=\"twitter:site\" content=\"@AtamiEU\" \/>\n<meta name=\"twitter:label1\" content=\"Dur\u00e9e de lecture estim\u00e9e\" \/>\n\t<meta name=\"twitter:data1\" content=\"1 minute\" \/>\n<script type=\"application\/ld+json\" class=\"yoast-schema-graph\">{\"@context\":\"https:\\\/\\\/schema.org\",\"@graph\":[{\"@type\":[\"WebPage\",\"ProfilePage\"],\"@id\":\"https:\\\/\\\/atami.com\\\/fr\\\/stoney\",\"url\":\"https:\\\/\\\/atami.com\\\/fr\\\/stoney\\\/\",\"name\":\"Stoney Tark | \u00c9crivain prolifique | Atami\",\"isPartOf\":{\"@id\":\"https:\\\/\\\/atami.com\\\/fr#website\"},\"primaryImageOfPage\":{\"@id\":\"https:\\\/\\\/atami.com\\\/fr\\\/stoney\\\/#primaryimage\"},\"image\":{\"@id\":\"https:\\\/\\\/atami.com\\\/fr\\\/stoney\\\/#primaryimage\"},\"thumbnailUrl\":\"https:\\\/\\\/atami.com\\\/wp-content\\\/uploads\\\/2025\\\/02\\\/Stoney-Tark.webp\",\"datePublished\":\"2025-03-10T14:13:49+00:00\",\"dateModified\":\"2025-04-25T08:31:50+00:00\",\"description\":\"Stoney Tark est un \u00e9crivain prolifique bas\u00e9 en Europe connu pour ses articles sur la culture, l'\u00e9levage, la fabrication de haschisch, ses interviews et surtout ses meilleurs conseils.\",\"breadcrumb\":{\"@id\":\"https:\\\/\\\/atami.com\\\/fr\\\/stoney\\\/#breadcrumb\"},\"inLanguage\":\"fr-FR\",\"potentialAction\":[{\"@type\":\"ReadAction\",\"target\":[\"https:\\\/\\\/atami.com\\\/fr\\\/stoney\\\/\"]}]},{\"@type\":\"ImageObject\",\"inLanguage\":\"fr-FR\",\"@id\":\"https:\\\/\\\/atami.com\\\/fr\\\/stoney\\\/#primaryimage\",\"url\":\"https:\\\/\\\/atami.com\\\/wp-content\\\/uploads\\\/2025\\\/02\\\/Stoney-Tark.webp\",\"contentUrl\":\"https:\\\/\\\/atami.com\\\/wp-content\\\/uploads\\\/2025\\\/02\\\/Stoney-Tark.webp\",\"width\":756,\"height\":756},{\"@type\":\"BreadcrumbList\",\"@id\":\"https:\\\/\\\/atami.com\\\/fr\\\/stoney\\\/#breadcrumb\",\"itemListElement\":[{\"@type\":\"ListItem\",\"position\":1,\"name\":\"Home\",\"item\":\"https:\\\/\\\/atami.com\\\/fr\"},{\"@type\":\"ListItem\",\"position\":2,\"name\":\"Stoney\"}]},{\"@type\":\"WebSite\",\"@id\":\"https:\\\/\\\/atami.com\\\/fr#website\",\"url\":\"https:\\\/\\\/atami.com\\\/fr\",\"name\":\"Atami\",\"description\":\"NATURALLY INNOVATING!\",\"publisher\":{\"@id\":\"https:\\\/\\\/atami.com\\\/fr#organization\"},\"potentialAction\":[{\"@type\":\"SearchAction\",\"target\":{\"@type\":\"EntryPoint\",\"urlTemplate\":\"https:\\\/\\\/atami.com\\\/fr?s={search_term_string}\"},\"query-input\":{\"@type\":\"PropertyValueSpecification\",\"valueRequired\":true,\"valueName\":\"search_term_string\"}}],\"inLanguage\":\"fr-FR\"},{\"@type\":\"Organization\",\"@id\":\"https:\\\/\\\/atami.com\\\/fr#organization\",\"name\":\"Atami\",\"url\":\"https:\\\/\\\/atami.com\\\/fr\",\"logo\":{\"@type\":\"ImageObject\",\"inLanguage\":\"fr-FR\",\"@id\":\"https:\\\/\\\/atami.com\\\/fr#\\\/schema\\\/logo\\\/image\\\/\",\"url\":\"https:\\\/\\\/atami.com\\\/wp-content\\\/uploads\\\/2026\\\/01\\\/Atami-logo-696x696px.webp\",\"contentUrl\":\"https:\\\/\\\/atami.com\\\/wp-content\\\/uploads\\\/2026\\\/01\\\/Atami-logo-696x696px.webp\",\"width\":696,\"height\":696,\"caption\":\"Atami\"},\"image\":{\"@id\":\"https:\\\/\\\/atami.com\\\/fr#\\\/schema\\\/logo\\\/image\\\/\"},\"sameAs\":[\"https:\\\/\\\/www.facebook.com\\\/Atami.International\",\"https:\\\/\\\/x.com\\\/AtamiEU\",\"https:\\\/\\\/www.youtube.com\\\/c\\\/AtamiInternational\",\"https:\\\/\\\/www.instagram.com\\\/atami.international\\\/\"],\"mainEntityOfPage\":{\"@id\":\"https:\\\/\\\/atami.com\\\/fr\\\/stoney\"},\"description\":\"ATAMI is a premium plant nutrition & substrate brand founded in 1997 with the mission to make exceptional cultivation achievable for everyone. From legacy to license, we offer a wide variety of innovating award-winning products to let cultivators achieve maximum results in taste & yield.\",\"email\":\"info@mginnovations.es\",\"legalName\":\"Atami\",\"numberOfEmployees\":{\"@type\":\"QuantitativeValue\",\"minValue\":\"11\",\"maxValue\":\"50\"}}]}<\/script>\n<!-- \/ Yoast SEO Premium plugin. -->","yoast_head_json":{"title":"Stoney Tark | \u00c9crivain prolifique | Atami","description":"Stoney Tark est un \u00e9crivain prolifique bas\u00e9 en Europe connu pour ses articles sur la culture, l'\u00e9levage, la fabrication de haschisch, ses interviews et surtout ses meilleurs conseils.","robots":{"index":"index","follow":"follow","max-snippet":"max-snippet:-1","max-image-preview":"max-image-preview:large","max-video-preview":"max-video-preview:-1"},"canonical":"https:\/\/atami.com\/fr\/stoney","og_locale":"fr_FR","og_type":"article","og_title":"Stoney","og_description":"Stoney Tark est un \u00e9crivain prolifique bas\u00e9 en Europe connu pour ses articles sur la culture, l'\u00e9levage, la fabrication de haschisch, ses interviews et surtout ses meilleurs conseils.","og_url":"https:\/\/atami.com\/fr\/stoney\/","og_site_name":"Atami","article_publisher":"https:\/\/www.facebook.com\/Atami.International","article_modified_time":"2025-04-25T08:31:50+00:00","og_image":[{"width":756,"height":756,"url":"https:\/\/atami.com\/wp-content\/uploads\/2025\/02\/Stoney-Tark.webp","type":"image\/webp"}],"twitter_card":"summary_large_image","twitter_site":"@AtamiEU","twitter_misc":{"Dur\u00e9e de lecture estim\u00e9e":"1 minute"},"schema":{"@context":"https:\/\/schema.org","@graph":[{"@type":["WebPage","ProfilePage"],"@id":"https:\/\/atami.com\/fr\/stoney","url":"https:\/\/atami.com\/fr\/stoney\/","name":"Stoney Tark | \u00c9crivain prolifique | Atami","isPartOf":{"@id":"https:\/\/atami.com\/fr#website"},"primaryImageOfPage":{"@id":"https:\/\/atami.com\/fr\/stoney\/#primaryimage"},"image":{"@id":"https:\/\/atami.com\/fr\/stoney\/#primaryimage"},"thumbnailUrl":"https:\/\/atami.com\/wp-content\/uploads\/2025\/02\/Stoney-Tark.webp","datePublished":"2025-03-10T14:13:49+00:00","dateModified":"2025-04-25T08:31:50+00:00","description":"Stoney Tark est un \u00e9crivain prolifique bas\u00e9 en Europe connu pour ses articles sur la culture, l'\u00e9levage, la fabrication de haschisch, ses interviews et surtout ses meilleurs conseils.","breadcrumb":{"@id":"https:\/\/atami.com\/fr\/stoney\/#breadcrumb"},"inLanguage":"fr-FR","potentialAction":[{"@type":"ReadAction","target":["https:\/\/atami.com\/fr\/stoney\/"]}]},{"@type":"ImageObject","inLanguage":"fr-FR","@id":"https:\/\/atami.com\/fr\/stoney\/#primaryimage","url":"https:\/\/atami.com\/wp-content\/uploads\/2025\/02\/Stoney-Tark.webp","contentUrl":"https:\/\/atami.com\/wp-content\/uploads\/2025\/02\/Stoney-Tark.webp","width":756,"height":756},{"@type":"BreadcrumbList","@id":"https:\/\/atami.com\/fr\/stoney\/#breadcrumb","itemListElement":[{"@type":"ListItem","position":1,"name":"Home","item":"https:\/\/atami.com\/fr"},{"@type":"ListItem","position":2,"name":"Stoney"}]},{"@type":"WebSite","@id":"https:\/\/atami.com\/fr#website","url":"https:\/\/atami.com\/fr","name":"Atami","description":"NATURALLY INNOVATING!","publisher":{"@id":"https:\/\/atami.com\/fr#organization"},"potentialAction":[{"@type":"SearchAction","target":{"@type":"EntryPoint","urlTemplate":"https:\/\/atami.com\/fr?s={search_term_string}"},"query-input":{"@type":"PropertyValueSpecification","valueRequired":true,"valueName":"search_term_string"}}],"inLanguage":"fr-FR"},{"@type":"Organization","@id":"https:\/\/atami.com\/fr#organization","name":"Atami","url":"https:\/\/atami.com\/fr","logo":{"@type":"ImageObject","inLanguage":"fr-FR","@id":"https:\/\/atami.com\/fr#\/schema\/logo\/image\/","url":"https:\/\/atami.com\/wp-content\/uploads\/2026\/01\/Atami-logo-696x696px.webp","contentUrl":"https:\/\/atami.com\/wp-content\/uploads\/2026\/01\/Atami-logo-696x696px.webp","width":696,"height":696,"caption":"Atami"},"image":{"@id":"https:\/\/atami.com\/fr#\/schema\/logo\/image\/"},"sameAs":["https:\/\/www.facebook.com\/Atami.International","https:\/\/x.com\/AtamiEU","https:\/\/www.youtube.com\/c\/AtamiInternational","https:\/\/www.instagram.com\/atami.international\/"],"mainEntityOfPage":{"@id":"https:\/\/atami.com\/fr\/stoney"},"description":"ATAMI is a premium plant nutrition & substrate brand founded in 1997 with the mission to make exceptional cultivation achievable for everyone. From legacy to license, we offer a wide variety of innovating award-winning products to let cultivators achieve maximum results in taste & yield.","email":"info@mginnovations.es","legalName":"Atami","numberOfEmployees":{"@type":"QuantitativeValue","minValue":"11","maxValue":"50"}}]}},"_links":{"self":[{"href":"https:\/\/atami.com\/fr\/wp-json\/wp\/v2\/pages\/204864","targetHints":{"allow":["GET"]}}],"collection":[{"href":"https:\/\/atami.com\/fr\/wp-json\/wp\/v2\/pages"}],"about":[{"href":"https:\/\/atami.com\/fr\/wp-json\/wp\/v2\/types\/page"}],"author":[{"embeddable":true,"href":"https:\/\/atami.com\/fr\/wp-json\/wp\/v2\/users\/1"}],"replies":[{"embeddable":true,"href":"https:\/\/atami.com\/fr\/wp-json\/wp\/v2\/comments?post=204864"}],"version-history":[{"count":0,"href":"https:\/\/atami.com\/fr\/wp-json\/wp\/v2\/pages\/204864\/revisions"}],"wp:featuredmedia":[{"embeddable":true,"href":"https:\/\/atami.com\/fr\/wp-json\/wp\/v2\/media\/204027"}],"wp:attachment":[{"href":"https:\/\/atami.com\/fr\/wp-json\/wp\/v2\/media?parent=204864"}],"curies":[{"name":"wp","href":"https:\/\/api.w.org\/{rel}","templated":true}]}}