{"id":14031,"date":"2021-10-14T06:59:24","date_gmt":"2021-10-14T06:59:24","guid":{"rendered":"https:\/\/atami.com\/sds\/"},"modified":"2025-04-15T10:29:18","modified_gmt":"2025-04-15T08:29:18","slug":"sds","status":"publish","type":"page","link":"https:\/\/atami.com\/fr\/sds","title":{"rendered":"SDS"},"content":{"rendered":"\t\t<div data-elementor-type=\"wp-page\" data-elementor-id=\"14031\" class=\"elementor elementor-14031 elementor-13632\" data-elementor-post-type=\"page\">\n\t\t\t\t<div class=\"elementor-element elementor-element-de0a6be Banner e-flex e-con-boxed e-con e-parent\" data-id=\"de0a6be\" data-element_type=\"container\" data-e-type=\"container\" data-settings=\"{&quot;background_background&quot;:&quot;classic&quot;}\">\n\t\t\t\t\t<div class=\"e-con-inner\">\n\t\t<div class=\"elementor-element elementor-element-de92cbe e-con-full e-flex e-con e-child\" data-id=\"de92cbe\" data-element_type=\"container\" data-e-type=\"container\" data-settings=\"{&quot;background_background&quot;:&quot;classic&quot;}\">\n\t\t\t\t<div class=\"elementor-element elementor-element-f741777 elementor-widget elementor-widget-heading\" data-id=\"f741777\" data-element_type=\"widget\" data-e-type=\"widget\" data-widget_type=\"heading.default\">\n\t\t\t\t\t<h1 class=\"elementor-heading-title elementor-size-default\">SDS<\/h1>\t\t\t\t<\/div>\n\t\t\t\t<div class=\"elementor-element elementor-element-cab0af4 elementor-widget elementor-widget-text-editor\" data-id=\"cab0af4\" data-element_type=\"widget\" data-e-type=\"widget\" data-widget_type=\"text-editor.default\">\n\t\t\t\t\t\t\t\t\t<p>The Safety Data Sheets for Atami products provide important safety information and guidelines for the proper handling of our products.<\/p>\n\t\t\t\t\t\t\t\t<\/div>\n\t\t\t\t<\/div>\n\t\t\t\t\t<\/div>\n\t\t\t\t<\/div>\n\t\t<div class=\"elementor-element elementor-element-8eaea96 e-flex e-con-boxed e-con e-parent\" data-id=\"8eaea96\" data-element_type=\"container\" data-e-type=\"container\" data-settings=\"{&quot;background_background&quot;:&quot;classic&quot;}\">\n\t\t\t\t\t<div class=\"e-con-inner\">\n\t\t\t\t<div class=\"elementor-element elementor-element-bd5c27a elementor-widget elementor-widget-woocommerce-breadcrumb\" data-id=\"bd5c27a\" data-element_type=\"widget\" data-e-type=\"widget\" data-widget_type=\"woocommerce-breadcrumb.default\">\n\t\t\t\t\t<nav class=\"woocommerce-breadcrumb\" aria-label=\"Breadcrumb\">Accueil<\/nav>\t\t\t\t<\/div>\n\t\t<div class=\"elementor-element elementor-element-d496c59 e-con-full e-flex e-con e-child\" data-id=\"d496c59\" data-element_type=\"container\" data-e-type=\"container\">\n\t\t<div class=\"elementor-element elementor-element-d2010d0 e-con-full e-flex e-con e-child\" data-id=\"d2010d0\" data-element_type=\"container\" data-e-type=\"container\">\n\t\t\t\t<div class=\"elementor-element elementor-element-fa073ad elementor-widget elementor-widget-text-editor\" data-id=\"fa073ad\" data-element_type=\"widget\" data-e-type=\"widget\" data-widget_type=\"text-editor.default\">\n\t\t\t\t\t\t\t\t\t<p><span style=\"color: #000000;\"><strong><a style=\"color: #000000;\" href=\"https:\/\/atami.com\/wp-content\/uploads\/2024\/12\/1-Component_FR_fr_v1_20220128.pdf\" target=\"_blank\" rel=\"noopener\">1-component<\/a><\/strong><\/span><\/p>\n<p><span style=\"color: #000000;\"><strong><a style=\"color: #000000;\" href=\"https:\/\/atami.com\/wp-content\/uploads\/2024\/12\/ATA-XL_FR_fr_v1_20220222.pdf\" target=\"_blank\" rel=\"noopener\">ATA-XL<\/a><\/strong><\/span><\/p>\n<p><span style=\"color: #000000;\"><strong><a style=\"color: #000000;\" href=\"https:\/\/atami.com\/wp-content\/uploads\/2024\/12\/AWA-Leaves-A_FR_fr_v1_20220128.pdf\" target=\"_blank\" rel=\"noopener\">AWA Leaves A<\/a><\/strong><\/span><\/p>\n<p><span style=\"color: #000000;\"><strong><a style=\"color: #000000;\" href=\"https:\/\/atami.com\/wp-content\/uploads\/2024\/12\/AWA-Leaves-B_FR_fr_v1_20220128.pdf\" target=\"_blank\" rel=\"noopener\">AWA Leaves B<\/a><\/strong><\/span><\/p>\n<p><span style=\"color: #000000;\"><strong><a style=\"color: #000000;\" href=\"https:\/\/atami.com\/wp-content\/uploads\/2024\/12\/AWA-Max-A_FR_fr_v1_20220131.pdf\" target=\"_blank\" rel=\"noopener\">AWA Max A<\/a><\/strong><\/span><\/p>\n<p><span style=\"color: #000000;\"><strong><a style=\"color: #000000;\" href=\"https:\/\/atami.com\/wp-content\/uploads\/2024\/12\/AWA-Max-B_FR_fr_v1_20220210.pdf\" target=\"_blank\" rel=\"noopener\">AWA Max B<\/a><\/strong><\/span><\/p>\n<p><span style=\"color: #000000;\"><strong><a style=\"color: #000000;\" href=\"https:\/\/atami.com\/wp-content\/uploads\/2024\/12\/Bloom_FR_fr_v1_20220222.pdf\">Bloom<\/a><\/strong><\/span><\/p>\n<p><span style=\"color: #000000;\"><a style=\"color: #000000;\" href=\"https:\/\/atami.com\/wp-content\/uploads\/2024\/12\/Bloombastic_FR_fr_v1_20220210.pdf\"><strong>Bloombastic<\/strong><\/a><\/span><\/p>\n<p><span style=\"color: #000000;\"><strong><a style=\"color: #000000;\" href=\"http:\/\/=https:\/\/atami.com\/wp-content\/uploads\/2024\/12\/Calmag_FR_fr_v1_20220128.pdf\" target=\"_blank\" rel=\"noopener\" data-wplink-url-error=\"true\">Calmag<\/a><\/strong><\/span><\/p>\n<p><span style=\"color: #000000;\"><strong><a style=\"color: #000000;\" href=\"https:\/\/atami.com\/wp-content\/uploads\/2024\/12\/Coco-A_FR_fr_v1_20220128.pdf\" target=\"_blank\" rel=\"noopener\">Coco A<\/a><\/strong><\/span><\/p>\n<p><span style=\"color: #000000;\"><strong><a style=\"color: #000000;\" href=\"https:\/\/atami.com\/wp-content\/uploads\/2024\/12\/Coco-B_FR_fr_v1_20220128.pdf\" target=\"_blank\" rel=\"noopener\">Coco B<\/a><\/strong><\/span><\/p>\n<p><span style=\"color: #000000;\"><a style=\"color: #000000;\" href=\"https:\/\/atami.com\/wp-content\/uploads\/2024\/12\/Coco-Bloom_FR_fr_v1_20220222.pdf\">Coco Bloom<\/a><\/span><\/p>\n<p><span style=\"color: #000000;\"><a style=\"color: #000000;\" href=\"https:\/\/atami.com\/wp-content\/uploads\/2024\/12\/Coco-Boost-Uni_FR_fr_v1_20220222.pdf\"><strong>Coco Boost Uni<\/strong><\/a><\/span><\/p>\n<p><span style=\"color: #000000;\"><a style=\"color: #000000;\" href=\"https:\/\/atami.com\/wp-content\/uploads\/2024\/12\/Coco-Max-A_FR_fr_v1_20220201.pdf\"><strong>Coco Max A<\/strong><\/a><\/span><\/p>\n<p><span style=\"color: #000000;\"><strong><a style=\"color: #000000;\" href=\"https:\/\/atami.com\/wp-content\/uploads\/2024\/12\/Coco-Max-B_FR_fr_v1_20220201.pdf\" target=\"_blank\" rel=\"noopener\">Coco Max B<\/a><\/strong><\/span><\/p>\t\t\t\t\t\t\t\t<\/div>\n\t\t\t\t<\/div>\n\t\t<div class=\"elementor-element elementor-element-0c5ed56 e-con-full e-flex e-con e-child\" data-id=\"0c5ed56\" data-element_type=\"container\" data-e-type=\"container\">\n\t\t\t\t<div class=\"elementor-element elementor-element-ea2fe5d elementor-widget elementor-widget-text-editor\" data-id=\"ea2fe5d\" data-element_type=\"widget\" data-e-type=\"widget\" data-widget_type=\"text-editor.default\">\n\t\t\t\t\t\t\t\t\t<p><span style=\"color: #000000;\"><strong><a style=\"color: #000000;\" href=\"https:\/\/atami.com\/wp-content\/uploads\/2024\/12\/Hydro-A_FR_fr_v1_20220128.pdf\" target=\"_blank\" rel=\"noopener\">Hydro A<\/a><\/strong><\/span><\/p>\n<p><span style=\"color: #000000;\"><strong><a style=\"color: #000000;\" href=\"https:\/\/atami.com\/wp-content\/uploads\/2024\/12\/Hydro-B_FR_fr_v1_20220128.pdf\" target=\"_blank\" rel=\"noopener\">Hydro B<\/a><\/strong><\/span><\/p>\n<p><span style=\"color: #000000;\"><a style=\"color: #000000;\" href=\"https:\/\/atami.com\/wp-content\/uploads\/2024\/12\/Hydro-Boost-Uni_FR_fr_v1_20220222.pdf\">Hydro Boost Uni<\/a><\/span><\/p>\n<p><span style=\"color: #000000;\"><a style=\"color: #000000;\" href=\"https:\/\/atami.com\/wp-content\/uploads\/2024\/12\/Rokzbastic_FR_fr_v1_20220201.pdf\">Rokzbastic<\/a><\/span><\/p>\n<p><span style=\"color: #000000;\"><a style=\"color: #000000;\" href=\"https:\/\/atami.com\/wp-content\/uploads\/2024\/12\/Root-Nutrition_FR_fr_v1_20220209.pdf\"><strong>Root<\/strong><\/a><\/span><\/p>\n<p><span style=\"color: #000000;\"><strong><a style=\"color: #000000;\" href=\"https:\/\/atami.com\/wp-content\/uploads\/2024\/12\/Rootbastic_FR_fr_v1_20220201.pdf\" target=\"_blank\" rel=\"noopener\">Rootbastic<\/a><\/strong><\/span><\/p>\n<p><span style=\"color: #000000;\"><strong><a style=\"color: #000000;\" href=\"https:\/\/atami.com\/wp-content\/uploads\/2024\/12\/Rootfast_FR_fr_v1_20220210.pdf\" target=\"_blank\" rel=\"noopener\">Rootfast<\/a><\/strong><\/span><\/p>\n<p><span style=\"color: #000000;\"><a style=\"color: #000000;\" href=\"https:\/\/atami.com\/wp-content\/uploads\/2024\/12\/Silic-Boost_FR_fr_v1_20220222.pdf\"><strong>Silic Boost<\/strong><\/a><\/span><\/p>\n<p><span style=\"color: #000000;\"><strong><a style=\"color: #000000;\" href=\"https:\/\/atami.com\/wp-content\/uploads\/2024\/12\/Soil-A_FR_fr_v1_20220128.pdf\" target=\"_blank\" rel=\"noopener\">Soil A<\/a><\/strong><\/span><\/p>\n<p><span style=\"color: #000000;\"><strong><a style=\"color: #000000;\" href=\"https:\/\/atami.com\/wp-content\/uploads\/2024\/12\/Soil-B_FR_fr_v1_20220128.pdf\" target=\"_blank\" rel=\"noopener\">Soil B<\/a><\/strong><\/span><\/p>\n<p><span style=\"color: #000000;\"><a style=\"color: #000000;\" href=\"https:\/\/atami.com\/wp-content\/uploads\/2024\/12\/Soil-Boost-Uni_FR_fr_v1_20220222.pdf\"><strong>Soil Boost Uni<\/strong><\/a><\/span><\/p>\n<p><span style=\"color: #000000;\"><a style=\"color: #000000;\" href=\"https:\/\/atami.com\/wp-content\/uploads\/2024\/12\/Terra-Leaves_FR_fr_v1_20220210.pdf\"><strong>Terra Leaves<\/strong><\/a><\/span><\/p>\n<p><span style=\"color: #000000;\"><a style=\"color: #000000;\" href=\"https:\/\/atami.com\/wp-content\/uploads\/2024\/12\/Terra-Max_FR_fr_v1_20220210.pdf\">Terra Max<\/a><\/span><\/p>\t\t\t\t\t\t\t\t<\/div>\n\t\t\t\t<\/div>\n\t\t\t\t<\/div>\n\t\t\t\t\t<\/div>\n\t\t\t\t<\/div>\n\t\t\t\t<\/div>\n\t\t","protected":false},"excerpt":{"rendered":"<p>SDS The Safety Data Sheets for Atami products provide important safety information and guidelines for the proper handling of our products. 1-component ATA-XL AWA Leaves A AWA Leaves B AWA Max A AWA Max B Bloom Bloombastic Calmag Coco A Coco B Coco Bloom Coco Boost Uni Coco Max A Coco Max B Hydro A [&hellip;]<\/p>\n","protected":false},"author":1,"featured_media":0,"parent":0,"menu_order":0,"comment_status":"closed","ping_status":"closed","template":"elementor_header_footer","meta":{"_acf_changed":false,"iawp_total_views":69,"footnotes":""},"class_list":["post-14031","page","type-page","status-publish","hentry"],"acf":[],"yoast_head":"<!-- This site is optimized with the Yoast SEO Premium plugin v27.5 (Yoast SEO v27.5) - https:\/\/yoast.com\/product\/yoast-seo-premium-wordpress\/ -->\n<title>Fiches de Donn\u00e9es de S\u00e9curit\u00e9 (FDS) | T\u00e9l\u00e9chargement Rapide Atami<\/title>\n<meta name=\"description\" content=\"D\u00e9couvrez les fiches de donn\u00e9es de s\u00e9curit\u00e9 (SDS) des produits Atami. Obtenez des informations compl\u00e8tes sur les ingr\u00e9dients et les pr\u00e9cautions d&#039;utilisation pour garantir une culture s\u00fbre et efficace. Consultez nos SDS pour chaque produit.\" \/>\n<meta name=\"robots\" content=\"index, follow, max-snippet:-1, max-image-preview:large, max-video-preview:-1\" \/>\n<link rel=\"canonical\" href=\"https:\/\/atami.com\/fr\/sds\" \/>\n<meta property=\"og:locale\" content=\"fr_FR\" \/>\n<meta property=\"og:type\" content=\"article\" \/>\n<meta property=\"og:title\" content=\"SDS\" \/>\n<meta property=\"og:description\" content=\"D\u00e9couvrez les fiches de donn\u00e9es de s\u00e9curit\u00e9 (SDS) des produits Atami. Obtenez des informations compl\u00e8tes sur les ingr\u00e9dients et les pr\u00e9cautions d&#039;utilisation pour garantir une culture s\u00fbre et efficace. Consultez nos SDS pour chaque produit.\" \/>\n<meta property=\"og:url\" content=\"https:\/\/atami.com\/fr\/sds\" \/>\n<meta property=\"og:site_name\" content=\"Atami\" \/>\n<meta property=\"article:publisher\" content=\"https:\/\/www.facebook.com\/Atami.International\" \/>\n<meta property=\"article:modified_time\" content=\"2025-04-15T08:29:18+00:00\" \/>\n<meta name=\"twitter:card\" content=\"summary_large_image\" \/>\n<meta name=\"twitter:site\" content=\"@AtamiEU\" \/>\n<meta name=\"twitter:label1\" content=\"Dur\u00e9e de lecture estim\u00e9e\" \/>\n\t<meta name=\"twitter:data1\" content=\"1 minute\" \/>\n<script type=\"application\/ld+json\" class=\"yoast-schema-graph\">{\"@context\":\"https:\\\/\\\/schema.org\",\"@graph\":[{\"@type\":\"WebPage\",\"@id\":\"https:\\\/\\\/atami.com\\\/fr\\\/sds\",\"url\":\"https:\\\/\\\/atami.com\\\/fr\\\/sds\",\"name\":\"Fiches de Donn\u00e9es de S\u00e9curit\u00e9 (FDS) | T\u00e9l\u00e9chargement Rapide Atami\",\"isPartOf\":{\"@id\":\"https:\\\/\\\/atami.com\\\/fr#website\"},\"datePublished\":\"2021-10-14T06:59:24+00:00\",\"dateModified\":\"2025-04-15T08:29:18+00:00\",\"description\":\"D\u00e9couvrez les fiches de donn\u00e9es de s\u00e9curit\u00e9 (SDS) des produits Atami. Obtenez des informations compl\u00e8tes sur les ingr\u00e9dients et les pr\u00e9cautions d'utilisation pour garantir une culture s\u00fbre et efficace. Consultez nos SDS pour chaque produit.\",\"breadcrumb\":{\"@id\":\"https:\\\/\\\/atami.com\\\/fr\\\/sds#breadcrumb\"},\"inLanguage\":\"fr-FR\",\"potentialAction\":[{\"@type\":\"ReadAction\",\"target\":[\"https:\\\/\\\/atami.com\\\/fr\\\/sds\"]}]},{\"@type\":\"BreadcrumbList\",\"@id\":\"https:\\\/\\\/atami.com\\\/fr\\\/sds#breadcrumb\",\"itemListElement\":[{\"@type\":\"ListItem\",\"position\":1,\"name\":\"Home\",\"item\":\"https:\\\/\\\/atami.com\\\/fr\"},{\"@type\":\"ListItem\",\"position\":2,\"name\":\"SDS\"}]},{\"@type\":\"WebSite\",\"@id\":\"https:\\\/\\\/atami.com\\\/fr#website\",\"url\":\"https:\\\/\\\/atami.com\\\/fr\",\"name\":\"Atami\",\"description\":\"NATURALLY INNOVATING!\",\"publisher\":{\"@id\":\"https:\\\/\\\/atami.com\\\/fr#organization\"},\"potentialAction\":[{\"@type\":\"SearchAction\",\"target\":{\"@type\":\"EntryPoint\",\"urlTemplate\":\"https:\\\/\\\/atami.com\\\/fr?s={search_term_string}\"},\"query-input\":{\"@type\":\"PropertyValueSpecification\",\"valueRequired\":true,\"valueName\":\"search_term_string\"}}],\"inLanguage\":\"fr-FR\"},{\"@type\":\"Organization\",\"@id\":\"https:\\\/\\\/atami.com\\\/fr#organization\",\"name\":\"Atami\",\"url\":\"https:\\\/\\\/atami.com\\\/fr\",\"logo\":{\"@type\":\"ImageObject\",\"inLanguage\":\"fr-FR\",\"@id\":\"https:\\\/\\\/atami.com\\\/fr#\\\/schema\\\/logo\\\/image\\\/\",\"url\":\"https:\\\/\\\/atami.com\\\/wp-content\\\/uploads\\\/2026\\\/01\\\/Atami-logo-696x696px.webp\",\"contentUrl\":\"https:\\\/\\\/atami.com\\\/wp-content\\\/uploads\\\/2026\\\/01\\\/Atami-logo-696x696px.webp\",\"width\":696,\"height\":696,\"caption\":\"Atami\"},\"image\":{\"@id\":\"https:\\\/\\\/atami.com\\\/fr#\\\/schema\\\/logo\\\/image\\\/\"},\"sameAs\":[\"https:\\\/\\\/www.facebook.com\\\/Atami.International\",\"https:\\\/\\\/x.com\\\/AtamiEU\",\"https:\\\/\\\/www.youtube.com\\\/c\\\/AtamiInternational\",\"https:\\\/\\\/www.instagram.com\\\/atami.international\\\/\"],\"description\":\"ATAMI is a premium plant nutrition & substrate brand founded in 1997 with the mission to make exceptional cultivation achievable for everyone. From legacy to license, we offer a wide variety of innovating award-winning products to let cultivators achieve maximum results in taste & yield.\",\"email\":\"info@mginnovations.es\",\"legalName\":\"Atami\",\"numberOfEmployees\":{\"@type\":\"QuantitativeValue\",\"minValue\":\"11\",\"maxValue\":\"50\"}}]}<\/script>\n<!-- \/ Yoast SEO Premium plugin. -->","yoast_head_json":{"title":"Fiches de Donn\u00e9es de S\u00e9curit\u00e9 (FDS) | T\u00e9l\u00e9chargement Rapide Atami","description":"D\u00e9couvrez les fiches de donn\u00e9es de s\u00e9curit\u00e9 (SDS) des produits Atami. Obtenez des informations compl\u00e8tes sur les ingr\u00e9dients et les pr\u00e9cautions d'utilisation pour garantir une culture s\u00fbre et efficace. Consultez nos SDS pour chaque produit.","robots":{"index":"index","follow":"follow","max-snippet":"max-snippet:-1","max-image-preview":"max-image-preview:large","max-video-preview":"max-video-preview:-1"},"canonical":"https:\/\/atami.com\/fr\/sds","og_locale":"fr_FR","og_type":"article","og_title":"SDS","og_description":"D\u00e9couvrez les fiches de donn\u00e9es de s\u00e9curit\u00e9 (SDS) des produits Atami. Obtenez des informations compl\u00e8tes sur les ingr\u00e9dients et les pr\u00e9cautions d'utilisation pour garantir une culture s\u00fbre et efficace. Consultez nos SDS pour chaque produit.","og_url":"https:\/\/atami.com\/fr\/sds","og_site_name":"Atami","article_publisher":"https:\/\/www.facebook.com\/Atami.International","article_modified_time":"2025-04-15T08:29:18+00:00","twitter_card":"summary_large_image","twitter_site":"@AtamiEU","twitter_misc":{"Dur\u00e9e de lecture estim\u00e9e":"1 minute"},"schema":{"@context":"https:\/\/schema.org","@graph":[{"@type":"WebPage","@id":"https:\/\/atami.com\/fr\/sds","url":"https:\/\/atami.com\/fr\/sds","name":"Fiches de Donn\u00e9es de S\u00e9curit\u00e9 (FDS) | T\u00e9l\u00e9chargement Rapide Atami","isPartOf":{"@id":"https:\/\/atami.com\/fr#website"},"datePublished":"2021-10-14T06:59:24+00:00","dateModified":"2025-04-15T08:29:18+00:00","description":"D\u00e9couvrez les fiches de donn\u00e9es de s\u00e9curit\u00e9 (SDS) des produits Atami. Obtenez des informations compl\u00e8tes sur les ingr\u00e9dients et les pr\u00e9cautions d'utilisation pour garantir une culture s\u00fbre et efficace. Consultez nos SDS pour chaque produit.","breadcrumb":{"@id":"https:\/\/atami.com\/fr\/sds#breadcrumb"},"inLanguage":"fr-FR","potentialAction":[{"@type":"ReadAction","target":["https:\/\/atami.com\/fr\/sds"]}]},{"@type":"BreadcrumbList","@id":"https:\/\/atami.com\/fr\/sds#breadcrumb","itemListElement":[{"@type":"ListItem","position":1,"name":"Home","item":"https:\/\/atami.com\/fr"},{"@type":"ListItem","position":2,"name":"SDS"}]},{"@type":"WebSite","@id":"https:\/\/atami.com\/fr#website","url":"https:\/\/atami.com\/fr","name":"Atami","description":"NATURALLY INNOVATING!","publisher":{"@id":"https:\/\/atami.com\/fr#organization"},"potentialAction":[{"@type":"SearchAction","target":{"@type":"EntryPoint","urlTemplate":"https:\/\/atami.com\/fr?s={search_term_string}"},"query-input":{"@type":"PropertyValueSpecification","valueRequired":true,"valueName":"search_term_string"}}],"inLanguage":"fr-FR"},{"@type":"Organization","@id":"https:\/\/atami.com\/fr#organization","name":"Atami","url":"https:\/\/atami.com\/fr","logo":{"@type":"ImageObject","inLanguage":"fr-FR","@id":"https:\/\/atami.com\/fr#\/schema\/logo\/image\/","url":"https:\/\/atami.com\/wp-content\/uploads\/2026\/01\/Atami-logo-696x696px.webp","contentUrl":"https:\/\/atami.com\/wp-content\/uploads\/2026\/01\/Atami-logo-696x696px.webp","width":696,"height":696,"caption":"Atami"},"image":{"@id":"https:\/\/atami.com\/fr#\/schema\/logo\/image\/"},"sameAs":["https:\/\/www.facebook.com\/Atami.International","https:\/\/x.com\/AtamiEU","https:\/\/www.youtube.com\/c\/AtamiInternational","https:\/\/www.instagram.com\/atami.international\/"],"description":"ATAMI is a premium plant nutrition & substrate brand founded in 1997 with the mission to make exceptional cultivation achievable for everyone. From legacy to license, we offer a wide variety of innovating award-winning products to let cultivators achieve maximum results in taste & yield.","email":"info@mginnovations.es","legalName":"Atami","numberOfEmployees":{"@type":"QuantitativeValue","minValue":"11","maxValue":"50"}}]}},"_links":{"self":[{"href":"https:\/\/atami.com\/fr\/wp-json\/wp\/v2\/pages\/14031","targetHints":{"allow":["GET"]}}],"collection":[{"href":"https:\/\/atami.com\/fr\/wp-json\/wp\/v2\/pages"}],"about":[{"href":"https:\/\/atami.com\/fr\/wp-json\/wp\/v2\/types\/page"}],"author":[{"embeddable":true,"href":"https:\/\/atami.com\/fr\/wp-json\/wp\/v2\/users\/1"}],"replies":[{"embeddable":true,"href":"https:\/\/atami.com\/fr\/wp-json\/wp\/v2\/comments?post=14031"}],"version-history":[{"count":0,"href":"https:\/\/atami.com\/fr\/wp-json\/wp\/v2\/pages\/14031\/revisions"}],"wp:attachment":[{"href":"https:\/\/atami.com\/fr\/wp-json\/wp\/v2\/media?parent=14031"}],"curies":[{"name":"wp","href":"https:\/\/api.w.org\/{rel}","templated":true}]}}