{"id":43736,"date":"2023-02-13T12:07:35","date_gmt":"2023-02-13T12:07:35","guid":{"rendered":"https:\/\/atami.com\/product\/bcuzz-blossom-builder-tabzz\/"},"modified":"2025-11-10T14:45:23","modified_gmt":"2025-11-10T12:45:23","slug":"bcuzz-blossom-builder-tabzz","status":"publish","type":"product","link":"https:\/\/atami.com\/fr-ca\/produit\/bcuzz-blossom-builder-tabzz","title":{"rendered":"B\u2019cuzz Blossom Builder Tabzz"},"content":{"rendered":"<p><strong>Les B\u2019cuzz Blossom Builder Tabzz sont des pastilles effervescentes sp\u00e9cialement d\u00e9velopp\u00e9es pour la p\u00e9riode de floraison. Elles peuvent \u00eatre facilement dissoutes dans la solution nutritive pour que la plante d\u00e9die toute son \u00e9nergie au d\u00e9veloppement des bouquets floraux.<\/strong><\/p>\n<p>&nbsp;<\/p>\n<p>Les pastilles garantissent une production explosive de fleurs, les rendant plus grandes, plus lourdes et plus compactes et pr\u00e9servant l\u2019odeur et la saveur caract\u00e9ristiques des esp\u00e8ces.<\/p>\n<p>&nbsp;<\/p>\n<p><strong>UTILISATION<\/strong><br \/>\nAjouter \u00e0 la solution nutritive dans les 2 \u00e0 4 derni\u00e8res semaines de la phase de floraison et de maturation.<\/p>\n<p>&nbsp;<\/p>\n<p><strong>DOSAGE<\/strong><br \/>\n1 \u00e0 2 B\u2019cuzz Blossom Builder Tabzz pour 100 litres de solution nutritive.<\/p>\n<p>&nbsp;<\/p>\n<p><strong>PK 32-20 W\/W<\/strong><\/p>\n<p>&nbsp;<\/p>\n<p><strong>DISPONIBLE EN BO\u00ceTES CONTENANT 18 PASTILLES<\/strong><\/p>\n","protected":false},"excerpt":{"rendered":"<p>Finisseur de floraison<\/p>\n<p>Am\u00e9liore le rendement, la taille des fruits et les propri\u00e9t\u00e9s aromatiques<\/p>\n","protected":false},"featured_media":202026,"comment_status":"closed","ping_status":"closed","template":"","meta":{"_acf_changed":false,"iawp_total_views":3},"product_brand":[],"product_cat":[205,203],"product_tag":[],"class_list":{"0":"post-43736","1":"product","2":"type-product","3":"status-publish","4":"has-post-thumbnail","6":"product_cat-bcuzz","7":"product_cat-stimulateurs","9":"first","10":"instock","11":"shipping-taxable","12":"product-type-simple"},"acf":{"short_description":"<p><strong>Les B\u2019cuzz Blossom Builder Tabzz sont des pastilles effervescentes sp\u00e9cialement d\u00e9velopp\u00e9es pour la p\u00e9riode de floraison. Elles peuvent \u00eatre facilement dissoutes dans la solution nutritive pour que la plante d\u00e9die toute son \u00e9nergie au d\u00e9veloppement des bouquets floraux.<\/strong><\/p><p>&nbsp;<\/p><p>Les pastilles garantissent une production explosive de fleurs, les rendant plus grandes, plus lourdes et plus compactes et pr\u00e9servant l\u2019odeur et la saveur caract\u00e9ristiques des esp\u00e8ces.<\/p>","suitable_for":"","application":"<p>Ajouter \u00e0 la solution nutritive dans les 2 \u00e0 4 derni\u00e8res semaines de la phase de floraison et de maturation.<\/p>","dosage":"<p>1 \u00e0 2 B\u2019cuzz Blossom Builder Tabzz pour 100 litres de solution nutritive.<\/p>","npk_ratio":"<p>PK 32-20 W\/W<\/p>","available_in":"<p>BO\u00ceTES CONTENANT 18 PASTILLES<\/p>","icon_1":191876,"icon_1_text":"AUGMENTE LE RENDEMENT ET LA TAILLE DES FRUITS","icon_2":191891,"icon_2_text":"UNE PROPORTION DE PK EXCEPTIONELLE","icon_3":191921,"icon_3_text":" DES PASTILLES EFFERVESCENTES POUR LA P\u00c9RIODE DE FLORAISON","icon_4":"","icon_4_text":"","video":"","second_image":"","product_image_page":186611,"user_manual":"","new_icon_1":"","new_icon_2":"","new_icon_3":"","new_icon_4":"","grow_guides":"","category":"Stimulateur"},"yoast_head":"<!-- This site is optimized with the Yoast SEO Premium plugin v27.5 (Yoast SEO v27.5) - https:\/\/yoast.com\/product\/yoast-seo-premium-wordpress\/ -->\n<title>B&#039;cuzz Blossom Builder Tabzz : Boostez la Floraison de Vos Plantes<\/title>\n<meta name=\"description\" content=\"Les B\u2019cuzz Blossom Builder Tabzz sont des pastilles effervescentes sp\u00e9cialement d\u00e9velopp\u00e9es pour la p\u00e9riode de floraison. Elles peuvent \u00eatre facilement dissoutes dans la solution nutritive pour que la plante d\u00e9die toute son \u00e9nergie au d\u00e9veloppement des bouquets floraux.\" \/>\n<meta name=\"robots\" content=\"index, follow, max-snippet:-1, max-image-preview:large, max-video-preview:-1\" \/>\n<link rel=\"canonical\" href=\"https:\/\/atami.com\/fr-ca\/produit\/bcuzz-blossom-builder-tabzz\" \/>\n<meta property=\"og:locale\" content=\"fr_CA\" \/>\n<meta property=\"og:type\" content=\"article\" \/>\n<meta property=\"og:title\" content=\"B\u2019cuzz Blossom Builder Tabzz\" \/>\n<meta property=\"og:description\" content=\"Les B\u2019cuzz Blossom Builder Tabzz sont des pastilles effervescentes sp\u00e9cialement d\u00e9velopp\u00e9es pour la p\u00e9riode de floraison. Elles peuvent \u00eatre facilement dissoutes dans la solution nutritive pour que la plante d\u00e9die toute son \u00e9nergie au d\u00e9veloppement des bouquets floraux.\" \/>\n<meta property=\"og:url\" content=\"https:\/\/atami.com\/fr-ca\/produit\/bcuzz-blossom-builder-tabzz\" \/>\n<meta property=\"og:site_name\" content=\"Atami\" \/>\n<meta property=\"article:publisher\" content=\"https:\/\/www.facebook.com\/Atami.International\" \/>\n<meta property=\"article:modified_time\" content=\"2025-11-10T12:45:23+00:00\" \/>\n<meta property=\"og:image\" content=\"https:\/\/atami.com\/wp-content\/uploads\/2025\/01\/Bcuzz-Blossom-Builder-Tabzz-Constructeur-de-Fleurs-Tabzz-product-image-1.webp\" \/>\n\t<meta property=\"og:image:width\" content=\"1080\" \/>\n\t<meta property=\"og:image:height\" content=\"1080\" \/>\n\t<meta property=\"og:image:type\" content=\"image\/webp\" \/>\n<meta name=\"twitter:card\" content=\"summary_large_image\" \/>\n<meta name=\"twitter:site\" content=\"@AtamiEU\" \/>\n<meta name=\"twitter:label1\" content=\"Estimation du temps de lecture\" \/>\n\t<meta name=\"twitter:data1\" content=\"1 minute\" \/>\n<script type=\"application\/ld+json\" class=\"yoast-schema-graph\">{\"@context\":\"https:\\\/\\\/schema.org\",\"@graph\":[{\"@type\":\"WebPage\",\"@id\":\"https:\\\/\\\/atami.com\\\/fr-ca\\\/produit\\\/bcuzz-blossom-builder-tabzz\",\"url\":\"https:\\\/\\\/atami.com\\\/fr-ca\\\/produit\\\/bcuzz-blossom-builder-tabzz\",\"name\":\"B'cuzz Blossom Builder Tabzz : Boostez la Floraison de Vos Plantes\",\"isPartOf\":{\"@id\":\"https:\\\/\\\/atami.com\\\/fr-ca#website\"},\"primaryImageOfPage\":{\"@id\":\"https:\\\/\\\/atami.com\\\/fr-ca\\\/produit\\\/bcuzz-blossom-builder-tabzz#primaryimage\"},\"image\":{\"@id\":\"https:\\\/\\\/atami.com\\\/fr-ca\\\/produit\\\/bcuzz-blossom-builder-tabzz#primaryimage\"},\"thumbnailUrl\":\"https:\\\/\\\/atami.com\\\/wp-content\\\/uploads\\\/2025\\\/01\\\/Bcuzz-Blossom-Builder-Tabzz-Constructeur-de-Fleurs-Tabzz-product-image-1.webp\",\"datePublished\":\"2023-02-13T12:07:35+00:00\",\"dateModified\":\"2025-11-10T12:45:23+00:00\",\"description\":\"Les B\u2019cuzz Blossom Builder Tabzz sont des pastilles effervescentes sp\u00e9cialement d\u00e9velopp\u00e9es pour la p\u00e9riode de floraison. Elles peuvent \u00eatre facilement dissoutes dans la solution nutritive pour que la plante d\u00e9die toute son \u00e9nergie au d\u00e9veloppement des bouquets floraux.\",\"breadcrumb\":{\"@id\":\"https:\\\/\\\/atami.com\\\/fr-ca\\\/produit\\\/bcuzz-blossom-builder-tabzz#breadcrumb\"},\"inLanguage\":\"fr-CA\",\"potentialAction\":[{\"@type\":\"ReadAction\",\"target\":[\"https:\\\/\\\/atami.com\\\/fr-ca\\\/produit\\\/bcuzz-blossom-builder-tabzz\"]}]},{\"@type\":\"ImageObject\",\"inLanguage\":\"fr-CA\",\"@id\":\"https:\\\/\\\/atami.com\\\/fr-ca\\\/produit\\\/bcuzz-blossom-builder-tabzz#primaryimage\",\"url\":\"https:\\\/\\\/atami.com\\\/wp-content\\\/uploads\\\/2025\\\/01\\\/Bcuzz-Blossom-Builder-Tabzz-Constructeur-de-Fleurs-Tabzz-product-image-1.webp\",\"contentUrl\":\"https:\\\/\\\/atami.com\\\/wp-content\\\/uploads\\\/2025\\\/01\\\/Bcuzz-Blossom-Builder-Tabzz-Constructeur-de-Fleurs-Tabzz-product-image-1.webp\",\"width\":1080,\"height\":1080,\"caption\":\"Les B'cuzz Blossom Builder Tabzz sont sp\u00e9cialement d\u00e9velopp\u00e9s pour la p\u00e9riode de floraison, assurant une production florale explosive avec des fleurs plus grosses, plus lourdes et plus compactes, tout en pr\u00e9servant l'ar\u00f4me et le go\u00fbt caract\u00e9ristiques de chaque esp\u00e8ce.\"},{\"@type\":\"BreadcrumbList\",\"@id\":\"https:\\\/\\\/atami.com\\\/fr-ca\\\/produit\\\/bcuzz-blossom-builder-tabzz#breadcrumb\",\"itemListElement\":[{\"@type\":\"ListItem\",\"position\":1,\"name\":\"Home\",\"item\":\"https:\\\/\\\/atami.com\\\/fr-ca\"},{\"@type\":\"ListItem\",\"position\":2,\"name\":\"Produits\",\"item\":\"https:\\\/\\\/atami.com\\\/fr-ca\\\/shop\"},{\"@type\":\"ListItem\",\"position\":3,\"name\":\"B'cuzz\",\"item\":\"https:\\\/\\\/atami.com\\\/fr-ca\\\/categorie-produit\\\/marques\\\/bcuzz\"},{\"@type\":\"ListItem\",\"position\":4,\"name\":\"B\u2019cuzz Blossom Builder Tabzz\"}]},{\"@type\":\"WebSite\",\"@id\":\"https:\\\/\\\/atami.com\\\/fr-ca#website\",\"url\":\"https:\\\/\\\/atami.com\\\/fr-ca\",\"name\":\"Atami\",\"description\":\"NATURALLY INNOVATING!\",\"publisher\":{\"@id\":\"https:\\\/\\\/atami.com\\\/fr-ca#organization\"},\"potentialAction\":[{\"@type\":\"SearchAction\",\"target\":{\"@type\":\"EntryPoint\",\"urlTemplate\":\"https:\\\/\\\/atami.com\\\/fr-ca?s={search_term_string}\"},\"query-input\":{\"@type\":\"PropertyValueSpecification\",\"valueRequired\":true,\"valueName\":\"search_term_string\"}}],\"inLanguage\":\"fr-CA\"},{\"@type\":\"Organization\",\"@id\":\"https:\\\/\\\/atami.com\\\/fr-ca#organization\",\"name\":\"Atami\",\"url\":\"https:\\\/\\\/atami.com\\\/fr-ca\",\"logo\":{\"@type\":\"ImageObject\",\"inLanguage\":\"fr-CA\",\"@id\":\"https:\\\/\\\/atami.com\\\/fr-ca#\\\/schema\\\/logo\\\/image\\\/\",\"url\":\"https:\\\/\\\/atami.com\\\/wp-content\\\/uploads\\\/2026\\\/01\\\/Atami-logo-696x696px.webp\",\"contentUrl\":\"https:\\\/\\\/atami.com\\\/wp-content\\\/uploads\\\/2026\\\/01\\\/Atami-logo-696x696px.webp\",\"width\":696,\"height\":696,\"caption\":\"Atami\"},\"image\":{\"@id\":\"https:\\\/\\\/atami.com\\\/fr-ca#\\\/schema\\\/logo\\\/image\\\/\"},\"sameAs\":[\"https:\\\/\\\/www.facebook.com\\\/Atami.International\",\"https:\\\/\\\/x.com\\\/AtamiEU\",\"https:\\\/\\\/www.youtube.com\\\/c\\\/AtamiInternational\",\"https:\\\/\\\/www.instagram.com\\\/atami.international\\\/\"],\"description\":\"ATAMI is a premium plant nutrition & substrate brand founded in 1997 with the mission to make exceptional cultivation achievable for everyone. From legacy to license, we offer a wide variety of innovating award-winning products to let cultivators achieve maximum results in taste & yield.\",\"email\":\"info@mginnovations.es\",\"legalName\":\"Atami\",\"numberOfEmployees\":{\"@type\":\"QuantitativeValue\",\"minValue\":\"11\",\"maxValue\":\"50\"}}]}<\/script>\n<!-- \/ Yoast SEO Premium plugin. -->","yoast_head_json":{"title":"B'cuzz Blossom Builder Tabzz : Boostez la Floraison de Vos Plantes","description":"Les B\u2019cuzz Blossom Builder Tabzz sont des pastilles effervescentes sp\u00e9cialement d\u00e9velopp\u00e9es pour la p\u00e9riode de floraison. Elles peuvent \u00eatre facilement dissoutes dans la solution nutritive pour que la plante d\u00e9die toute son \u00e9nergie au d\u00e9veloppement des bouquets floraux.","robots":{"index":"index","follow":"follow","max-snippet":"max-snippet:-1","max-image-preview":"max-image-preview:large","max-video-preview":"max-video-preview:-1"},"canonical":"https:\/\/atami.com\/fr-ca\/produit\/bcuzz-blossom-builder-tabzz","og_locale":"fr_CA","og_type":"article","og_title":"B\u2019cuzz Blossom Builder Tabzz","og_description":"Les B\u2019cuzz Blossom Builder Tabzz sont des pastilles effervescentes sp\u00e9cialement d\u00e9velopp\u00e9es pour la p\u00e9riode de floraison. Elles peuvent \u00eatre facilement dissoutes dans la solution nutritive pour que la plante d\u00e9die toute son \u00e9nergie au d\u00e9veloppement des bouquets floraux.","og_url":"https:\/\/atami.com\/fr-ca\/produit\/bcuzz-blossom-builder-tabzz","og_site_name":"Atami","article_publisher":"https:\/\/www.facebook.com\/Atami.International","article_modified_time":"2025-11-10T12:45:23+00:00","og_image":[{"width":1080,"height":1080,"url":"https:\/\/atami.com\/wp-content\/uploads\/2025\/01\/Bcuzz-Blossom-Builder-Tabzz-Constructeur-de-Fleurs-Tabzz-product-image-1.webp","type":"image\/webp"}],"twitter_card":"summary_large_image","twitter_site":"@AtamiEU","twitter_misc":{"Estimation du temps de lecture":"1 minute"},"schema":{"@context":"https:\/\/schema.org","@graph":[{"@type":"WebPage","@id":"https:\/\/atami.com\/fr-ca\/produit\/bcuzz-blossom-builder-tabzz","url":"https:\/\/atami.com\/fr-ca\/produit\/bcuzz-blossom-builder-tabzz","name":"B'cuzz Blossom Builder Tabzz : Boostez la Floraison de Vos Plantes","isPartOf":{"@id":"https:\/\/atami.com\/fr-ca#website"},"primaryImageOfPage":{"@id":"https:\/\/atami.com\/fr-ca\/produit\/bcuzz-blossom-builder-tabzz#primaryimage"},"image":{"@id":"https:\/\/atami.com\/fr-ca\/produit\/bcuzz-blossom-builder-tabzz#primaryimage"},"thumbnailUrl":"https:\/\/atami.com\/wp-content\/uploads\/2025\/01\/Bcuzz-Blossom-Builder-Tabzz-Constructeur-de-Fleurs-Tabzz-product-image-1.webp","datePublished":"2023-02-13T12:07:35+00:00","dateModified":"2025-11-10T12:45:23+00:00","description":"Les B\u2019cuzz Blossom Builder Tabzz sont des pastilles effervescentes sp\u00e9cialement d\u00e9velopp\u00e9es pour la p\u00e9riode de floraison. Elles peuvent \u00eatre facilement dissoutes dans la solution nutritive pour que la plante d\u00e9die toute son \u00e9nergie au d\u00e9veloppement des bouquets floraux.","breadcrumb":{"@id":"https:\/\/atami.com\/fr-ca\/produit\/bcuzz-blossom-builder-tabzz#breadcrumb"},"inLanguage":"fr-CA","potentialAction":[{"@type":"ReadAction","target":["https:\/\/atami.com\/fr-ca\/produit\/bcuzz-blossom-builder-tabzz"]}]},{"@type":"ImageObject","inLanguage":"fr-CA","@id":"https:\/\/atami.com\/fr-ca\/produit\/bcuzz-blossom-builder-tabzz#primaryimage","url":"https:\/\/atami.com\/wp-content\/uploads\/2025\/01\/Bcuzz-Blossom-Builder-Tabzz-Constructeur-de-Fleurs-Tabzz-product-image-1.webp","contentUrl":"https:\/\/atami.com\/wp-content\/uploads\/2025\/01\/Bcuzz-Blossom-Builder-Tabzz-Constructeur-de-Fleurs-Tabzz-product-image-1.webp","width":1080,"height":1080,"caption":"Les B'cuzz Blossom Builder Tabzz sont sp\u00e9cialement d\u00e9velopp\u00e9s pour la p\u00e9riode de floraison, assurant une production florale explosive avec des fleurs plus grosses, plus lourdes et plus compactes, tout en pr\u00e9servant l'ar\u00f4me et le go\u00fbt caract\u00e9ristiques de chaque esp\u00e8ce."},{"@type":"BreadcrumbList","@id":"https:\/\/atami.com\/fr-ca\/produit\/bcuzz-blossom-builder-tabzz#breadcrumb","itemListElement":[{"@type":"ListItem","position":1,"name":"Home","item":"https:\/\/atami.com\/fr-ca"},{"@type":"ListItem","position":2,"name":"Produits","item":"https:\/\/atami.com\/fr-ca\/shop"},{"@type":"ListItem","position":3,"name":"B'cuzz","item":"https:\/\/atami.com\/fr-ca\/categorie-produit\/marques\/bcuzz"},{"@type":"ListItem","position":4,"name":"B\u2019cuzz Blossom Builder Tabzz"}]},{"@type":"WebSite","@id":"https:\/\/atami.com\/fr-ca#website","url":"https:\/\/atami.com\/fr-ca","name":"Atami","description":"NATURALLY INNOVATING!","publisher":{"@id":"https:\/\/atami.com\/fr-ca#organization"},"potentialAction":[{"@type":"SearchAction","target":{"@type":"EntryPoint","urlTemplate":"https:\/\/atami.com\/fr-ca?s={search_term_string}"},"query-input":{"@type":"PropertyValueSpecification","valueRequired":true,"valueName":"search_term_string"}}],"inLanguage":"fr-CA"},{"@type":"Organization","@id":"https:\/\/atami.com\/fr-ca#organization","name":"Atami","url":"https:\/\/atami.com\/fr-ca","logo":{"@type":"ImageObject","inLanguage":"fr-CA","@id":"https:\/\/atami.com\/fr-ca#\/schema\/logo\/image\/","url":"https:\/\/atami.com\/wp-content\/uploads\/2026\/01\/Atami-logo-696x696px.webp","contentUrl":"https:\/\/atami.com\/wp-content\/uploads\/2026\/01\/Atami-logo-696x696px.webp","width":696,"height":696,"caption":"Atami"},"image":{"@id":"https:\/\/atami.com\/fr-ca#\/schema\/logo\/image\/"},"sameAs":["https:\/\/www.facebook.com\/Atami.International","https:\/\/x.com\/AtamiEU","https:\/\/www.youtube.com\/c\/AtamiInternational","https:\/\/www.instagram.com\/atami.international\/"],"description":"ATAMI is a premium plant nutrition & substrate brand founded in 1997 with the mission to make exceptional cultivation achievable for everyone. From legacy to license, we offer a wide variety of innovating award-winning products to let cultivators achieve maximum results in taste & yield.","email":"info@mginnovations.es","legalName":"Atami","numberOfEmployees":{"@type":"QuantitativeValue","minValue":"11","maxValue":"50"}}]}},"_links":{"self":[{"href":"https:\/\/atami.com\/fr-ca\/wp-json\/wp\/v2\/product\/43736","targetHints":{"allow":["GET"]}}],"collection":[{"href":"https:\/\/atami.com\/fr-ca\/wp-json\/wp\/v2\/product"}],"about":[{"href":"https:\/\/atami.com\/fr-ca\/wp-json\/wp\/v2\/types\/product"}],"replies":[{"embeddable":true,"href":"https:\/\/atami.com\/fr-ca\/wp-json\/wp\/v2\/comments?post=43736"}],"wp:featuredmedia":[{"embeddable":true,"href":"https:\/\/atami.com\/fr-ca\/wp-json\/wp\/v2\/media\/202026"}],"wp:attachment":[{"href":"https:\/\/atami.com\/fr-ca\/wp-json\/wp\/v2\/media?parent=43736"}],"wp:term":[{"taxonomy":"product_brand","embeddable":true,"href":"https:\/\/atami.com\/fr-ca\/wp-json\/wp\/v2\/product_brand?post=43736"},{"taxonomy":"product_cat","embeddable":true,"href":"https:\/\/atami.com\/fr-ca\/wp-json\/wp\/v2\/product_cat?post=43736"},{"taxonomy":"product_tag","embeddable":true,"href":"https:\/\/atami.com\/fr-ca\/wp-json\/wp\/v2\/product_tag?post=43736"}],"curies":[{"name":"wp","href":"https:\/\/api.w.org\/{rel}","templated":true}]}}