{"id":27515,"date":"2023-06-14T11:19:20","date_gmt":"2023-06-14T11:19:20","guid":{"rendered":"https:\/\/atami.com\/product\/bcuzz-pk-13-14\/"},"modified":"2025-11-12T09:22:38","modified_gmt":"2025-11-12T07:22:38","slug":"bcuzz-pk-13-14","status":"publish","type":"product","link":"https:\/\/atami.com\/fr-ca\/produit\/bcuzz-pk-13-14","title":{"rendered":"B&rsquo;cuzz PK 13-14"},"content":{"rendered":"<p><strong>B\u2019cuzz PK13-14 est un compl\u00e9ment universel pour les plantes qui est ajout\u00e9 \u00e0 l\u2019eau et aux nutriments de base pendant la p\u00e9riode de floraison de la plante. Les ingr\u00e9dients, le phosphore et le potassium, sont d\u2019une grande importance car la plante \u00e0 un besoin suppl\u00e9mentaire de ces nutriments primaires pendant la phase de floraison.<\/strong><\/p>\n<p>Le phosphore est important pendant la phase de floraison car il favorise le stockage et le transport de l\u2019\u00e9nergie provenant de la lumi\u00e8re du soleil et collect\u00e9e pendant la photosynth\u00e8se. Le phosphore aide \u00e0 ce que cette \u00e9nergie soit distribu\u00e9e dans toute la plante. Le potassium est impliqu\u00e9 dans toutes sortes de processus favorisant la formation de fleurs et de fruits savoureux ou le transport du sucre et des enzymes permettant la production d\u2019amidon.<\/p>\n<p><strong>PARTICULI\u00c8REMENT ADAPT\u00c9 POUR<\/strong><br \/>\nB\u2019cuzz PK 13-14 est un nutriment universel adapt\u00e9 pour diff\u00e9rents types de fruits, l\u00e9gumes et herbes comme les poivrons, les piments, les myrtilles.<br \/>\nIl peut \u00e9galement \u00eatre utilis\u00e9 pour les plantes ornementales \u00e0 fleurs (par ex. : le b\u00e9gonia, l\u2019arbre aux papillons). Le dosage requis peut \u00eatre mesur\u00e9 pour r\u00e9pondre aux besoins des plantes individuelles ou des cultures.<\/p>\n<p><strong>UTILISATION<\/strong><br \/>\nConvient comme compl\u00e9ment suppl\u00e9mentaire \u00e0 la nutrition NPK habituelle pour les cultures en terre, hydro et coco. Ajouter \u00e0 la solution nutritive d\u00e8s la premi\u00e8re semaine de floraison. Augmenter progressivement le dosage pour permettre aux plantes de s\u2019y habituer et d\u2019obtenir les meilleurs r\u00e9sultats. Peut \u00eatre utilis\u00e9 quotidiennement pour l\u2019arrosage des cultures pendant la p\u00e9riode de floraison. La derni\u00e8re semaine avant la r\u00e9colte, rincer le substrat avec de l\u2019eau et des enzymes.<\/p>\n<p><strong>NPK 0-13-14<\/strong><\/p>\n<p><strong>DOSAGE<\/strong><br \/>\n0,25 \u2013 1,5 ml par litre d\u2019eau.<\/p>\n<p><strong>DISPONIBLE EN 946 ML, 5L<\/strong><\/p>\n","protected":false},"excerpt":{"rendered":"<p>Nutriments en proportion parfaite<\/p>\n<p>Phases de bourgeonnement et de floraison<\/p>\n","protected":false},"featured_media":202196,"comment_status":"closed","ping_status":"closed","template":"","meta":{"_acf_changed":false,"iawp_total_views":43},"product_brand":[],"product_cat":[279,205],"product_tag":[],"class_list":{"0":"post-27515","1":"product","2":"type-product","3":"status-publish","4":"has-post-thumbnail","6":"product_cat-additifs","7":"product_cat-bcuzz","9":"first","10":"instock","11":"shipping-taxable","12":"product-type-simple"},"acf":{"short_description":"<strong>B\u2019cuzz PK13-14 est un compl\u00e9ment universel pour les plantes qui est ajout\u00e9 \u00e0 l\u2019eau et aux nutriments de base pendant la p\u00e9riode de floraison de la plante. Les ingr\u00e9dients, le phosphore et le potassium, sont d\u2019une grande importance car la plante \u00e0 un besoin suppl\u00e9mentaire de ces nutriments primaires pendant la phase de floraison.<\/strong>Le phosphore est important pendant la phase de floraison car il favorise le stockage et le transport de l\u2019\u00e9nergie provenant de la lumi\u00e8re du soleil et collect\u00e9e pendant la photosynth\u00e8se. Le phosphore aide \u00e0 ce que cette \u00e9nergie soit distribu\u00e9e dans toute la plante. Le potassium est impliqu\u00e9 dans toutes sortes de processus favorisant la formation de fleurs et de fruits savoureux ou le transport du sucre et des enzymes permettant la production d\u2019amidon.","suitable_for":"B\u2019cuzz PK 13-14 est un nutriment universel adapt\u00e9 pour diff\u00e9rents types de fruits, l\u00e9gumes et herbes comme les poivrons, les piments, les myrtilles.Il peut \u00e9galement \u00eatre utilis\u00e9 pour les plantes ornementales \u00e0 fleurs (par ex. : le b\u00e9gonia, l\u2019arbre aux papillons). Le dosage requis peut \u00eatre mesur\u00e9 pour r\u00e9pondre aux besoins des plantes individuelles ou des cultures.","application":"Convient comme compl\u00e9ment suppl\u00e9mentaire \u00e0 la nutrition NPK habituelle pour les cultures en terre, hydro et coco. Ajouter \u00e0 la solution nutritive d\u00e8s la premi\u00e8re semaine de floraison. Augmenter progressivement le dosage pour permettre aux plantes de s\u2019y habituer et d\u2019obtenir les meilleurs r\u00e9sultats. Peut \u00eatre utilis\u00e9 quotidiennement pour l\u2019arrosage des cultures pendant la p\u00e9riode de floraison. La derni\u00e8re semaine avant la r\u00e9colte, rincer le substrat avec de l\u2019eau et des enzymes.","dosage":"0,25 \u2013 1,5 ml par litre d\u2019eau.","npk_ratio":"NPK 0-13-14","available_in":"946 ML, 5L","icon_1":12735,"icon_1_text":"LA PROPORTION PARFAITE DE PHOSPHORE ET DE POTASSIUM","icon_2":12739,"icon_2_text":"UNE FLORAISON ET DES FRUITS VOLUMINEUX ET COMPACTS","icon_3":12743,"icon_3_text":"STIMULATES FRUCTIFICATION","icon_4":"","icon_4_text":"","video":"","second_image":186656,"product_image_page":186641,"user_manual":"","new_icon_1":"","new_icon_2":"","new_icon_3":"","new_icon_4":"","grow_guides":"","category":"Additif"},"yoast_head":"<!-- This site is optimized with the Yoast SEO Premium plugin v27.5 (Yoast SEO v27.5) - https:\/\/yoast.com\/product\/yoast-seo-premium-wordpress\/ -->\n<title>B&#039;cuzz PK 13-14 | Phases de bourgeonnement et de floraison | Atami<\/title>\n<meta name=\"description\" content=\"B\u2019cuzz PK13-14 est un compl\u00e9ment universel pour les plantes qui est ajout\u00e9 \u00e0 l\u2019eau et aux nutriments de base pendant la p\u00e9riode de floraison de la plante. Les ingr\u00e9dients, le phosphore et le potassium, sont d\u2019une grande importance car la plante \u00e0 un besoin suppl\u00e9mentaire de ces nutriments primaires pendant la phase de floraison.\" \/>\n<meta name=\"robots\" content=\"index, follow, max-snippet:-1, max-image-preview:large, max-video-preview:-1\" \/>\n<link rel=\"canonical\" href=\"https:\/\/atami.com\/fr-ca\/produit\/bcuzz-pk-13-14\" \/>\n<meta property=\"og:locale\" content=\"fr_CA\" \/>\n<meta property=\"og:type\" content=\"article\" \/>\n<meta property=\"og:title\" content=\"B&#039;cuzz PK 13-14\" \/>\n<meta property=\"og:description\" content=\"B\u2019cuzz PK13-14 est un compl\u00e9ment universel pour les plantes qui est ajout\u00e9 \u00e0 l\u2019eau et aux nutriments de base pendant la p\u00e9riode de floraison de la plante. Les ingr\u00e9dients, le phosphore et le potassium, sont d\u2019une grande importance car la plante \u00e0 un besoin suppl\u00e9mentaire de ces nutriments primaires pendant la phase de floraison.\" \/>\n<meta property=\"og:url\" content=\"https:\/\/atami.com\/fr-ca\/produit\/bcuzz-pk-13-14\" \/>\n<meta property=\"og:site_name\" content=\"Atami\" \/>\n<meta property=\"article:publisher\" content=\"https:\/\/www.facebook.com\/Atami.International\" \/>\n<meta property=\"article:modified_time\" content=\"2025-11-12T07:22:38+00:00\" \/>\n<meta property=\"og:image\" content=\"https:\/\/atami.com\/wp-content\/uploads\/2025\/01\/Bcuzz-PK-0-13-14-product-image-1.webp\" \/>\n\t<meta property=\"og:image:width\" content=\"1080\" \/>\n\t<meta property=\"og:image:height\" content=\"1080\" \/>\n\t<meta property=\"og:image:type\" content=\"image\/webp\" \/>\n<meta name=\"twitter:card\" content=\"summary_large_image\" \/>\n<meta name=\"twitter:site\" content=\"@AtamiEU\" \/>\n<meta name=\"twitter:label1\" content=\"Estimation du temps de lecture\" \/>\n\t<meta name=\"twitter:data1\" content=\"2 minutes\" \/>\n<script type=\"application\/ld+json\" class=\"yoast-schema-graph\">{\"@context\":\"https:\\\/\\\/schema.org\",\"@graph\":[{\"@type\":\"WebPage\",\"@id\":\"https:\\\/\\\/atami.com\\\/fr-ca\\\/produit\\\/bcuzz-pk-13-14\",\"url\":\"https:\\\/\\\/atami.com\\\/fr-ca\\\/produit\\\/bcuzz-pk-13-14\",\"name\":\"B'cuzz PK 13-14 | Phases de bourgeonnement et de floraison | Atami\",\"isPartOf\":{\"@id\":\"https:\\\/\\\/atami.com\\\/fr-ca#website\"},\"primaryImageOfPage\":{\"@id\":\"https:\\\/\\\/atami.com\\\/fr-ca\\\/produit\\\/bcuzz-pk-13-14#primaryimage\"},\"image\":{\"@id\":\"https:\\\/\\\/atami.com\\\/fr-ca\\\/produit\\\/bcuzz-pk-13-14#primaryimage\"},\"thumbnailUrl\":\"https:\\\/\\\/atami.com\\\/wp-content\\\/uploads\\\/2025\\\/01\\\/Bcuzz-PK-0-13-14-product-image-1.webp\",\"datePublished\":\"2023-06-14T11:19:20+00:00\",\"dateModified\":\"2025-11-12T07:22:38+00:00\",\"description\":\"B\u2019cuzz PK13-14 est un compl\u00e9ment universel pour les plantes qui est ajout\u00e9 \u00e0 l\u2019eau et aux nutriments de base pendant la p\u00e9riode de floraison de la plante. Les ingr\u00e9dients, le phosphore et le potassium, sont d\u2019une grande importance car la plante \u00e0 un besoin suppl\u00e9mentaire de ces nutriments primaires pendant la phase de floraison.\",\"breadcrumb\":{\"@id\":\"https:\\\/\\\/atami.com\\\/fr-ca\\\/produit\\\/bcuzz-pk-13-14#breadcrumb\"},\"inLanguage\":\"fr-CA\",\"potentialAction\":[{\"@type\":\"ReadAction\",\"target\":[\"https:\\\/\\\/atami.com\\\/fr-ca\\\/produit\\\/bcuzz-pk-13-14\"]}]},{\"@type\":\"ImageObject\",\"inLanguage\":\"fr-CA\",\"@id\":\"https:\\\/\\\/atami.com\\\/fr-ca\\\/produit\\\/bcuzz-pk-13-14#primaryimage\",\"url\":\"https:\\\/\\\/atami.com\\\/wp-content\\\/uploads\\\/2025\\\/01\\\/Bcuzz-PK-0-13-14-product-image-1.webp\",\"contentUrl\":\"https:\\\/\\\/atami.com\\\/wp-content\\\/uploads\\\/2025\\\/01\\\/Bcuzz-PK-0-13-14-product-image-1.webp\",\"width\":1080,\"height\":1080,\"caption\":\"B'cuzz PK 0-13-14\"},{\"@type\":\"BreadcrumbList\",\"@id\":\"https:\\\/\\\/atami.com\\\/fr-ca\\\/produit\\\/bcuzz-pk-13-14#breadcrumb\",\"itemListElement\":[{\"@type\":\"ListItem\",\"position\":1,\"name\":\"Home\",\"item\":\"https:\\\/\\\/atami.com\\\/fr-ca\"},{\"@type\":\"ListItem\",\"position\":2,\"name\":\"Produits\",\"item\":\"https:\\\/\\\/atami.com\\\/fr-ca\\\/shop\"},{\"@type\":\"ListItem\",\"position\":3,\"name\":\"Marques\",\"item\":\"https:\\\/\\\/atami.com\\\/fr-ca\\\/categorie-produit\\\/marques\"},{\"@type\":\"ListItem\",\"position\":4,\"name\":\"B'cuzz\",\"item\":\"https:\\\/\\\/atami.com\\\/fr-ca\\\/categorie-produit\\\/marques\\\/bcuzz\"},{\"@type\":\"ListItem\",\"position\":5,\"name\":\"B&#8217;cuzz PK 13-14\"}]},{\"@type\":\"WebSite\",\"@id\":\"https:\\\/\\\/atami.com\\\/fr-ca#website\",\"url\":\"https:\\\/\\\/atami.com\\\/fr-ca\",\"name\":\"Atami\",\"description\":\"NATURALLY INNOVATING!\",\"publisher\":{\"@id\":\"https:\\\/\\\/atami.com\\\/fr-ca#organization\"},\"potentialAction\":[{\"@type\":\"SearchAction\",\"target\":{\"@type\":\"EntryPoint\",\"urlTemplate\":\"https:\\\/\\\/atami.com\\\/fr-ca?s={search_term_string}\"},\"query-input\":{\"@type\":\"PropertyValueSpecification\",\"valueRequired\":true,\"valueName\":\"search_term_string\"}}],\"inLanguage\":\"fr-CA\"},{\"@type\":\"Organization\",\"@id\":\"https:\\\/\\\/atami.com\\\/fr-ca#organization\",\"name\":\"Atami\",\"url\":\"https:\\\/\\\/atami.com\\\/fr-ca\",\"logo\":{\"@type\":\"ImageObject\",\"inLanguage\":\"fr-CA\",\"@id\":\"https:\\\/\\\/atami.com\\\/fr-ca#\\\/schema\\\/logo\\\/image\\\/\",\"url\":\"https:\\\/\\\/atami.com\\\/wp-content\\\/uploads\\\/2026\\\/01\\\/Atami-logo-696x696px.webp\",\"contentUrl\":\"https:\\\/\\\/atami.com\\\/wp-content\\\/uploads\\\/2026\\\/01\\\/Atami-logo-696x696px.webp\",\"width\":696,\"height\":696,\"caption\":\"Atami\"},\"image\":{\"@id\":\"https:\\\/\\\/atami.com\\\/fr-ca#\\\/schema\\\/logo\\\/image\\\/\"},\"sameAs\":[\"https:\\\/\\\/www.facebook.com\\\/Atami.International\",\"https:\\\/\\\/x.com\\\/AtamiEU\",\"https:\\\/\\\/www.youtube.com\\\/c\\\/AtamiInternational\",\"https:\\\/\\\/www.instagram.com\\\/atami.international\\\/\"],\"description\":\"ATAMI is a premium plant nutrition & substrate brand founded in 1997 with the mission to make exceptional cultivation achievable for everyone. From legacy to license, we offer a wide variety of innovating award-winning products to let cultivators achieve maximum results in taste & yield.\",\"email\":\"info@mginnovations.es\",\"legalName\":\"Atami\",\"numberOfEmployees\":{\"@type\":\"QuantitativeValue\",\"minValue\":\"11\",\"maxValue\":\"50\"}}]}<\/script>\n<!-- \/ Yoast SEO Premium plugin. -->","yoast_head_json":{"title":"B'cuzz PK 13-14 | Phases de bourgeonnement et de floraison | Atami","description":"B\u2019cuzz PK13-14 est un compl\u00e9ment universel pour les plantes qui est ajout\u00e9 \u00e0 l\u2019eau et aux nutriments de base pendant la p\u00e9riode de floraison de la plante. Les ingr\u00e9dients, le phosphore et le potassium, sont d\u2019une grande importance car la plante \u00e0 un besoin suppl\u00e9mentaire de ces nutriments primaires pendant la phase de floraison.","robots":{"index":"index","follow":"follow","max-snippet":"max-snippet:-1","max-image-preview":"max-image-preview:large","max-video-preview":"max-video-preview:-1"},"canonical":"https:\/\/atami.com\/fr-ca\/produit\/bcuzz-pk-13-14","og_locale":"fr_CA","og_type":"article","og_title":"B'cuzz PK 13-14","og_description":"B\u2019cuzz PK13-14 est un compl\u00e9ment universel pour les plantes qui est ajout\u00e9 \u00e0 l\u2019eau et aux nutriments de base pendant la p\u00e9riode de floraison de la plante. Les ingr\u00e9dients, le phosphore et le potassium, sont d\u2019une grande importance car la plante \u00e0 un besoin suppl\u00e9mentaire de ces nutriments primaires pendant la phase de floraison.","og_url":"https:\/\/atami.com\/fr-ca\/produit\/bcuzz-pk-13-14","og_site_name":"Atami","article_publisher":"https:\/\/www.facebook.com\/Atami.International","article_modified_time":"2025-11-12T07:22:38+00:00","og_image":[{"width":1080,"height":1080,"url":"https:\/\/atami.com\/wp-content\/uploads\/2025\/01\/Bcuzz-PK-0-13-14-product-image-1.webp","type":"image\/webp"}],"twitter_card":"summary_large_image","twitter_site":"@AtamiEU","twitter_misc":{"Estimation du temps de lecture":"2 minutes"},"schema":{"@context":"https:\/\/schema.org","@graph":[{"@type":"WebPage","@id":"https:\/\/atami.com\/fr-ca\/produit\/bcuzz-pk-13-14","url":"https:\/\/atami.com\/fr-ca\/produit\/bcuzz-pk-13-14","name":"B'cuzz PK 13-14 | Phases de bourgeonnement et de floraison | Atami","isPartOf":{"@id":"https:\/\/atami.com\/fr-ca#website"},"primaryImageOfPage":{"@id":"https:\/\/atami.com\/fr-ca\/produit\/bcuzz-pk-13-14#primaryimage"},"image":{"@id":"https:\/\/atami.com\/fr-ca\/produit\/bcuzz-pk-13-14#primaryimage"},"thumbnailUrl":"https:\/\/atami.com\/wp-content\/uploads\/2025\/01\/Bcuzz-PK-0-13-14-product-image-1.webp","datePublished":"2023-06-14T11:19:20+00:00","dateModified":"2025-11-12T07:22:38+00:00","description":"B\u2019cuzz PK13-14 est un compl\u00e9ment universel pour les plantes qui est ajout\u00e9 \u00e0 l\u2019eau et aux nutriments de base pendant la p\u00e9riode de floraison de la plante. Les ingr\u00e9dients, le phosphore et le potassium, sont d\u2019une grande importance car la plante \u00e0 un besoin suppl\u00e9mentaire de ces nutriments primaires pendant la phase de floraison.","breadcrumb":{"@id":"https:\/\/atami.com\/fr-ca\/produit\/bcuzz-pk-13-14#breadcrumb"},"inLanguage":"fr-CA","potentialAction":[{"@type":"ReadAction","target":["https:\/\/atami.com\/fr-ca\/produit\/bcuzz-pk-13-14"]}]},{"@type":"ImageObject","inLanguage":"fr-CA","@id":"https:\/\/atami.com\/fr-ca\/produit\/bcuzz-pk-13-14#primaryimage","url":"https:\/\/atami.com\/wp-content\/uploads\/2025\/01\/Bcuzz-PK-0-13-14-product-image-1.webp","contentUrl":"https:\/\/atami.com\/wp-content\/uploads\/2025\/01\/Bcuzz-PK-0-13-14-product-image-1.webp","width":1080,"height":1080,"caption":"B'cuzz PK 0-13-14"},{"@type":"BreadcrumbList","@id":"https:\/\/atami.com\/fr-ca\/produit\/bcuzz-pk-13-14#breadcrumb","itemListElement":[{"@type":"ListItem","position":1,"name":"Home","item":"https:\/\/atami.com\/fr-ca"},{"@type":"ListItem","position":2,"name":"Produits","item":"https:\/\/atami.com\/fr-ca\/shop"},{"@type":"ListItem","position":3,"name":"Marques","item":"https:\/\/atami.com\/fr-ca\/categorie-produit\/marques"},{"@type":"ListItem","position":4,"name":"B'cuzz","item":"https:\/\/atami.com\/fr-ca\/categorie-produit\/marques\/bcuzz"},{"@type":"ListItem","position":5,"name":"B&#8217;cuzz PK 13-14"}]},{"@type":"WebSite","@id":"https:\/\/atami.com\/fr-ca#website","url":"https:\/\/atami.com\/fr-ca","name":"Atami","description":"NATURALLY INNOVATING!","publisher":{"@id":"https:\/\/atami.com\/fr-ca#organization"},"potentialAction":[{"@type":"SearchAction","target":{"@type":"EntryPoint","urlTemplate":"https:\/\/atami.com\/fr-ca?s={search_term_string}"},"query-input":{"@type":"PropertyValueSpecification","valueRequired":true,"valueName":"search_term_string"}}],"inLanguage":"fr-CA"},{"@type":"Organization","@id":"https:\/\/atami.com\/fr-ca#organization","name":"Atami","url":"https:\/\/atami.com\/fr-ca","logo":{"@type":"ImageObject","inLanguage":"fr-CA","@id":"https:\/\/atami.com\/fr-ca#\/schema\/logo\/image\/","url":"https:\/\/atami.com\/wp-content\/uploads\/2026\/01\/Atami-logo-696x696px.webp","contentUrl":"https:\/\/atami.com\/wp-content\/uploads\/2026\/01\/Atami-logo-696x696px.webp","width":696,"height":696,"caption":"Atami"},"image":{"@id":"https:\/\/atami.com\/fr-ca#\/schema\/logo\/image\/"},"sameAs":["https:\/\/www.facebook.com\/Atami.International","https:\/\/x.com\/AtamiEU","https:\/\/www.youtube.com\/c\/AtamiInternational","https:\/\/www.instagram.com\/atami.international\/"],"description":"ATAMI is a premium plant nutrition & substrate brand founded in 1997 with the mission to make exceptional cultivation achievable for everyone. From legacy to license, we offer a wide variety of innovating award-winning products to let cultivators achieve maximum results in taste & yield.","email":"info@mginnovations.es","legalName":"Atami","numberOfEmployees":{"@type":"QuantitativeValue","minValue":"11","maxValue":"50"}}]}},"_links":{"self":[{"href":"https:\/\/atami.com\/fr-ca\/wp-json\/wp\/v2\/product\/27515","targetHints":{"allow":["GET"]}}],"collection":[{"href":"https:\/\/atami.com\/fr-ca\/wp-json\/wp\/v2\/product"}],"about":[{"href":"https:\/\/atami.com\/fr-ca\/wp-json\/wp\/v2\/types\/product"}],"replies":[{"embeddable":true,"href":"https:\/\/atami.com\/fr-ca\/wp-json\/wp\/v2\/comments?post=27515"}],"wp:featuredmedia":[{"embeddable":true,"href":"https:\/\/atami.com\/fr-ca\/wp-json\/wp\/v2\/media\/202196"}],"wp:attachment":[{"href":"https:\/\/atami.com\/fr-ca\/wp-json\/wp\/v2\/media?parent=27515"}],"wp:term":[{"taxonomy":"product_brand","embeddable":true,"href":"https:\/\/atami.com\/fr-ca\/wp-json\/wp\/v2\/product_brand?post=27515"},{"taxonomy":"product_cat","embeddable":true,"href":"https:\/\/atami.com\/fr-ca\/wp-json\/wp\/v2\/product_cat?post=27515"},{"taxonomy":"product_tag","embeddable":true,"href":"https:\/\/atami.com\/fr-ca\/wp-json\/wp\/v2\/product_tag?post=27515"}],"curies":[{"name":"wp","href":"https:\/\/api.w.org\/{rel}","templated":true}]}}