{"id":27495,"date":"2023-06-14T09:08:40","date_gmt":"2023-06-14T09:08:40","guid":{"rendered":"https:\/\/atami.com\/product\/bcuzz-root\/"},"modified":"2025-11-12T09:23:26","modified_gmt":"2025-11-12T07:23:26","slug":"bcuzz-root","status":"publish","type":"product","link":"https:\/\/atami.com\/fr-ca\/produit\/bcuzz-root","title":{"rendered":"B&rsquo;cuzz Racine"},"content":{"rendered":"<p><strong>B&rsquo;cuzz Racine est un engrais racinaire sp\u00e9cialement formul\u00e9, riche en NPK, qui permet d&rsquo;am\u00e9liorer la croissance des racines des plantes.<\/strong><\/p>\n<p>&nbsp;<\/p>\n<p>L&rsquo;azote, le potassium et le phosphore soutiennent la plante pendant le d\u00e9veloppement des racines. Plus il y a de racines, meilleure est la connexion entre le sol et la plante. Un syst\u00e8me racinaire bien \u00e9tabli optimise l&rsquo;absorption et le transport de l&rsquo;eau et des nutriments par la plante, ce qui lui permet de stocker et\/ou de transporter plus efficacement tous les nutriments pr\u00e9sents dans le sol. De plus, il ancre la plante dans le substrat, ce qui lui permet de supporter des fleurs et des fruits plus gros \u00e0 un stade ult\u00e9rieur. Des racines saines rendent \u00e9galement la plante plus r\u00e9sistante \u00e0 divers types de stress.<\/p>\n<p>&nbsp;<\/p>\n<p>B&rsquo;cuzz Racine contient non seulement du NPK pour nourrir tes plantes, mais il est \u00e9galement enrichi d&rsquo;acides amin\u00e9s et d&rsquo;acides humiques pour favoriser le d\u00e9veloppement de racines saines.<\/p>\n<p>&nbsp;<\/p>\n<p><strong>N 0,9 W\/W <\/strong><\/p>\n<p><strong>P 4,5 W\/W <\/strong><\/p>\n<p><strong>K 1,5 W\/W<\/strong><\/p>\n<p><strong>\u00a0<\/strong><\/p>\n<p><strong>PARTICULI\u00c8REMENT ADAPT\u00c9 \u00c0<\/strong><\/p>\n<p>Diff\u00e9rentes sortes de l\u00e9gumes et de fruits. Il peut \u00e9galement \u00eatre utilis\u00e9 pour les plantes \u00e0 fleurs. Il suffit d&rsquo;ajuster le dosage n\u00e9cessaire pour r\u00e9pondre aux besoins de chaque plante ou culture.<\/p>\n<p><strong>\u00a0<\/strong><\/p>\n<p><strong>UTILISATION<\/strong><\/p>\n<p>Ajouter quotidiennement lors de l&rsquo;arrosage de la plante pendant les 2 premi\u00e8res semaines.<\/p>\n<p>&nbsp;<\/p>\n<p><strong>DOSAGE<\/strong><\/p>\n<p>0,5 &#8211; 1 ml par litre d&rsquo;eau.<\/p>\n<p>&nbsp;<\/p>\n<p><strong>DISPONIBLE EN 500ml, 946ml, 5L, 10L et 20L<\/strong><\/p>\n","protected":false},"excerpt":{"rendered":"<p>Pour des racines plus fortes, plus saines et plus denses<\/p>\n","protected":false},"featured_media":202206,"comment_status":"closed","ping_status":"closed","template":"","meta":{"_acf_changed":false,"iawp_total_views":5},"product_brand":[],"product_cat":[205,203],"product_tag":[],"class_list":{"0":"post-27495","1":"product","2":"type-product","3":"status-publish","4":"has-post-thumbnail","6":"product_cat-bcuzz","7":"product_cat-stimulateurs","9":"first","10":"instock","11":"shipping-taxable","12":"product-type-simple"},"acf":{"short_description":"<strong>B'cuzz Racine est un engrais racinaire sp\u00e9cialement formul\u00e9, riche en NPK, qui permet d'am\u00e9liorer la croissance des racines des plantes.<\/strong>&nbsp;L'azote, le potassium et le phosphore soutiennent la plante pendant le d\u00e9veloppement des racines. Plus il y a de racines, meilleure est la connexion entre le sol et la plante. Un syst\u00e8me racinaire bien \u00e9tabli optimise l'absorption et le transport de l'eau et des nutriments par la plante, ce qui lui permet de stocker et\/ou de transporter plus efficacement tous les nutriments pr\u00e9sents dans le sol. De plus, il ancre la plante dans le substrat, ce qui lui permet de supporter des fleurs et des fruits plus gros \u00e0 un stade ult\u00e9rieur. Des racines saines rendent \u00e9galement la plante plus r\u00e9sistante \u00e0 divers types de stress.","suitable_for":"Diff\u00e9rentes sortes de l\u00e9gumes et de fruits. Il peut \u00e9galement \u00eatre utilis\u00e9 pour les plantes \u00e0 fleurs. Il suffit d'ajuster le dosage n\u00e9cessaire pour r\u00e9pondre aux besoins de chaque plante ou culture.","application":"Ajouter quotidiennement lors de l'arrosage de la plante pendant les 2 premi\u00e8res semaines.","dosage":"0,5 - 1 ml par litre d'eau.","npk_ratio":"","available_in":"500ml, 946ml, 5L, 10L et 20L","icon_1":10620,"icon_1_text":"DES RACINES SAINES","icon_2":10625,"icon_2_text":"UNE MEILLEURE ABSORPTION DES NUTRIMENTS","icon_3":10630,"icon_3_text":"UNE MEILLEURE CROISSANCE","icon_4":"","icon_4_text":"","video":"","second_image":25839,"product_image_page":25806,"user_manual":"","new_icon_1":"","new_icon_2":"","new_icon_3":"","new_icon_4":"","grow_guides":"","category":"Stimulateur"},"yoast_head":"<!-- This site is optimized with the Yoast SEO Premium plugin v27.5 (Yoast SEO v27.5) - https:\/\/yoast.com\/product\/yoast-seo-premium-wordpress\/ -->\n<title>B&#039;cuzz Root : Favorisez le D\u00e9veloppement Sain des Racines de Vos Plantes<\/title>\n<meta name=\"description\" content=\"B&#039;cuzz Racine est un engrais racinaire sp\u00e9cialement formul\u00e9, riche en NPK, qui permet d&#039;am\u00e9liorer la croissance des racines des plantes.\" \/>\n<meta name=\"robots\" content=\"index, follow, max-snippet:-1, max-image-preview:large, max-video-preview:-1\" \/>\n<link rel=\"canonical\" href=\"https:\/\/atami.com\/fr-ca\/produit\/bcuzz-root\" \/>\n<meta property=\"og:locale\" content=\"fr_CA\" \/>\n<meta property=\"og:type\" content=\"article\" \/>\n<meta property=\"og:title\" content=\"B&#039;cuzz Racine\" \/>\n<meta property=\"og:description\" content=\"B&#039;cuzz Racine est un engrais racinaire sp\u00e9cialement formul\u00e9, riche en NPK, qui permet d&#039;am\u00e9liorer la croissance des racines des plantes.\" \/>\n<meta property=\"og:url\" content=\"https:\/\/atami.com\/fr-ca\/produit\/bcuzz-root\" \/>\n<meta property=\"og:site_name\" content=\"Atami\" \/>\n<meta property=\"article:publisher\" content=\"https:\/\/www.facebook.com\/Atami.International\" \/>\n<meta property=\"article:modified_time\" content=\"2025-11-12T07:23:26+00:00\" \/>\n<meta property=\"og:image\" content=\"https:\/\/atami.com\/wp-content\/uploads\/2023\/06\/Bcuzz-Root-product-image.webp\" \/>\n\t<meta property=\"og:image:width\" content=\"1080\" \/>\n\t<meta property=\"og:image:height\" content=\"1080\" \/>\n\t<meta property=\"og:image:type\" content=\"image\/webp\" \/>\n<meta name=\"twitter:card\" content=\"summary_large_image\" \/>\n<meta name=\"twitter:site\" content=\"@AtamiEU\" \/>\n<meta name=\"twitter:label1\" content=\"Estimation du temps de lecture\" \/>\n\t<meta name=\"twitter:data1\" content=\"2 minutes\" \/>\n<script type=\"application\/ld+json\" class=\"yoast-schema-graph\">{\"@context\":\"https:\\\/\\\/schema.org\",\"@graph\":[{\"@type\":\"WebPage\",\"@id\":\"https:\\\/\\\/atami.com\\\/fr-ca\\\/produit\\\/bcuzz-root\",\"url\":\"https:\\\/\\\/atami.com\\\/fr-ca\\\/produit\\\/bcuzz-root\",\"name\":\"B'cuzz Root : Favorisez le D\u00e9veloppement Sain des Racines de Vos Plantes\",\"isPartOf\":{\"@id\":\"https:\\\/\\\/atami.com\\\/fr-ca#website\"},\"primaryImageOfPage\":{\"@id\":\"https:\\\/\\\/atami.com\\\/fr-ca\\\/produit\\\/bcuzz-root#primaryimage\"},\"image\":{\"@id\":\"https:\\\/\\\/atami.com\\\/fr-ca\\\/produit\\\/bcuzz-root#primaryimage\"},\"thumbnailUrl\":\"https:\\\/\\\/atami.com\\\/wp-content\\\/uploads\\\/2023\\\/06\\\/Bcuzz-Root-product-image.webp\",\"datePublished\":\"2023-06-14T09:08:40+00:00\",\"dateModified\":\"2025-11-12T07:23:26+00:00\",\"description\":\"B'cuzz Racine est un engrais racinaire sp\u00e9cialement formul\u00e9, riche en NPK, qui permet d'am\u00e9liorer la croissance des racines des plantes.\",\"breadcrumb\":{\"@id\":\"https:\\\/\\\/atami.com\\\/fr-ca\\\/produit\\\/bcuzz-root#breadcrumb\"},\"inLanguage\":\"fr-CA\",\"potentialAction\":[{\"@type\":\"ReadAction\",\"target\":[\"https:\\\/\\\/atami.com\\\/fr-ca\\\/produit\\\/bcuzz-root\"]}]},{\"@type\":\"ImageObject\",\"inLanguage\":\"fr-CA\",\"@id\":\"https:\\\/\\\/atami.com\\\/fr-ca\\\/produit\\\/bcuzz-root#primaryimage\",\"url\":\"https:\\\/\\\/atami.com\\\/wp-content\\\/uploads\\\/2023\\\/06\\\/Bcuzz-Root-product-image.webp\",\"contentUrl\":\"https:\\\/\\\/atami.com\\\/wp-content\\\/uploads\\\/2023\\\/06\\\/Bcuzz-Root-product-image.webp\",\"width\":1080,\"height\":1080,\"caption\":\"B'cuzz Root\"},{\"@type\":\"BreadcrumbList\",\"@id\":\"https:\\\/\\\/atami.com\\\/fr-ca\\\/produit\\\/bcuzz-root#breadcrumb\",\"itemListElement\":[{\"@type\":\"ListItem\",\"position\":1,\"name\":\"Home\",\"item\":\"https:\\\/\\\/atami.com\\\/fr-ca\"},{\"@type\":\"ListItem\",\"position\":2,\"name\":\"Produits\",\"item\":\"https:\\\/\\\/atami.com\\\/fr-ca\\\/shop\"},{\"@type\":\"ListItem\",\"position\":3,\"name\":\"Nutrition v\u00e9g\u00e9tale\",\"item\":\"https:\\\/\\\/atami.com\\\/fr-ca\\\/categorie-produit\\\/nutrition-vegetale\"},{\"@type\":\"ListItem\",\"position\":4,\"name\":\"Stimulateurs\",\"item\":\"https:\\\/\\\/atami.com\\\/fr-ca\\\/categorie-produit\\\/nutrition-vegetale\\\/stimulateurs\"},{\"@type\":\"ListItem\",\"position\":5,\"name\":\"B&#8217;cuzz Racine\"}]},{\"@type\":\"WebSite\",\"@id\":\"https:\\\/\\\/atami.com\\\/fr-ca#website\",\"url\":\"https:\\\/\\\/atami.com\\\/fr-ca\",\"name\":\"Atami\",\"description\":\"NATURALLY INNOVATING!\",\"publisher\":{\"@id\":\"https:\\\/\\\/atami.com\\\/fr-ca#organization\"},\"potentialAction\":[{\"@type\":\"SearchAction\",\"target\":{\"@type\":\"EntryPoint\",\"urlTemplate\":\"https:\\\/\\\/atami.com\\\/fr-ca?s={search_term_string}\"},\"query-input\":{\"@type\":\"PropertyValueSpecification\",\"valueRequired\":true,\"valueName\":\"search_term_string\"}}],\"inLanguage\":\"fr-CA\"},{\"@type\":\"Organization\",\"@id\":\"https:\\\/\\\/atami.com\\\/fr-ca#organization\",\"name\":\"Atami\",\"url\":\"https:\\\/\\\/atami.com\\\/fr-ca\",\"logo\":{\"@type\":\"ImageObject\",\"inLanguage\":\"fr-CA\",\"@id\":\"https:\\\/\\\/atami.com\\\/fr-ca#\\\/schema\\\/logo\\\/image\\\/\",\"url\":\"https:\\\/\\\/atami.com\\\/wp-content\\\/uploads\\\/2026\\\/01\\\/Atami-logo-696x696px.webp\",\"contentUrl\":\"https:\\\/\\\/atami.com\\\/wp-content\\\/uploads\\\/2026\\\/01\\\/Atami-logo-696x696px.webp\",\"width\":696,\"height\":696,\"caption\":\"Atami\"},\"image\":{\"@id\":\"https:\\\/\\\/atami.com\\\/fr-ca#\\\/schema\\\/logo\\\/image\\\/\"},\"sameAs\":[\"https:\\\/\\\/www.facebook.com\\\/Atami.International\",\"https:\\\/\\\/x.com\\\/AtamiEU\",\"https:\\\/\\\/www.youtube.com\\\/c\\\/AtamiInternational\",\"https:\\\/\\\/www.instagram.com\\\/atami.international\\\/\"],\"description\":\"ATAMI is a premium plant nutrition & substrate brand founded in 1997 with the mission to make exceptional cultivation achievable for everyone. From legacy to license, we offer a wide variety of innovating award-winning products to let cultivators achieve maximum results in taste & yield.\",\"email\":\"info@mginnovations.es\",\"legalName\":\"Atami\",\"numberOfEmployees\":{\"@type\":\"QuantitativeValue\",\"minValue\":\"11\",\"maxValue\":\"50\"}}]}<\/script>\n<!-- \/ Yoast SEO Premium plugin. -->","yoast_head_json":{"title":"B'cuzz Root : Favorisez le D\u00e9veloppement Sain des Racines de Vos Plantes","description":"B'cuzz Racine est un engrais racinaire sp\u00e9cialement formul\u00e9, riche en NPK, qui permet d'am\u00e9liorer la croissance des racines des plantes.","robots":{"index":"index","follow":"follow","max-snippet":"max-snippet:-1","max-image-preview":"max-image-preview:large","max-video-preview":"max-video-preview:-1"},"canonical":"https:\/\/atami.com\/fr-ca\/produit\/bcuzz-root","og_locale":"fr_CA","og_type":"article","og_title":"B'cuzz Racine","og_description":"B'cuzz Racine est un engrais racinaire sp\u00e9cialement formul\u00e9, riche en NPK, qui permet d'am\u00e9liorer la croissance des racines des plantes.","og_url":"https:\/\/atami.com\/fr-ca\/produit\/bcuzz-root","og_site_name":"Atami","article_publisher":"https:\/\/www.facebook.com\/Atami.International","article_modified_time":"2025-11-12T07:23:26+00:00","og_image":[{"width":1080,"height":1080,"url":"https:\/\/atami.com\/wp-content\/uploads\/2023\/06\/Bcuzz-Root-product-image.webp","type":"image\/webp"}],"twitter_card":"summary_large_image","twitter_site":"@AtamiEU","twitter_misc":{"Estimation du temps de lecture":"2 minutes"},"schema":{"@context":"https:\/\/schema.org","@graph":[{"@type":"WebPage","@id":"https:\/\/atami.com\/fr-ca\/produit\/bcuzz-root","url":"https:\/\/atami.com\/fr-ca\/produit\/bcuzz-root","name":"B'cuzz Root : Favorisez le D\u00e9veloppement Sain des Racines de Vos Plantes","isPartOf":{"@id":"https:\/\/atami.com\/fr-ca#website"},"primaryImageOfPage":{"@id":"https:\/\/atami.com\/fr-ca\/produit\/bcuzz-root#primaryimage"},"image":{"@id":"https:\/\/atami.com\/fr-ca\/produit\/bcuzz-root#primaryimage"},"thumbnailUrl":"https:\/\/atami.com\/wp-content\/uploads\/2023\/06\/Bcuzz-Root-product-image.webp","datePublished":"2023-06-14T09:08:40+00:00","dateModified":"2025-11-12T07:23:26+00:00","description":"B'cuzz Racine est un engrais racinaire sp\u00e9cialement formul\u00e9, riche en NPK, qui permet d'am\u00e9liorer la croissance des racines des plantes.","breadcrumb":{"@id":"https:\/\/atami.com\/fr-ca\/produit\/bcuzz-root#breadcrumb"},"inLanguage":"fr-CA","potentialAction":[{"@type":"ReadAction","target":["https:\/\/atami.com\/fr-ca\/produit\/bcuzz-root"]}]},{"@type":"ImageObject","inLanguage":"fr-CA","@id":"https:\/\/atami.com\/fr-ca\/produit\/bcuzz-root#primaryimage","url":"https:\/\/atami.com\/wp-content\/uploads\/2023\/06\/Bcuzz-Root-product-image.webp","contentUrl":"https:\/\/atami.com\/wp-content\/uploads\/2023\/06\/Bcuzz-Root-product-image.webp","width":1080,"height":1080,"caption":"B'cuzz Root"},{"@type":"BreadcrumbList","@id":"https:\/\/atami.com\/fr-ca\/produit\/bcuzz-root#breadcrumb","itemListElement":[{"@type":"ListItem","position":1,"name":"Home","item":"https:\/\/atami.com\/fr-ca"},{"@type":"ListItem","position":2,"name":"Produits","item":"https:\/\/atami.com\/fr-ca\/shop"},{"@type":"ListItem","position":3,"name":"Nutrition v\u00e9g\u00e9tale","item":"https:\/\/atami.com\/fr-ca\/categorie-produit\/nutrition-vegetale"},{"@type":"ListItem","position":4,"name":"Stimulateurs","item":"https:\/\/atami.com\/fr-ca\/categorie-produit\/nutrition-vegetale\/stimulateurs"},{"@type":"ListItem","position":5,"name":"B&#8217;cuzz Racine"}]},{"@type":"WebSite","@id":"https:\/\/atami.com\/fr-ca#website","url":"https:\/\/atami.com\/fr-ca","name":"Atami","description":"NATURALLY INNOVATING!","publisher":{"@id":"https:\/\/atami.com\/fr-ca#organization"},"potentialAction":[{"@type":"SearchAction","target":{"@type":"EntryPoint","urlTemplate":"https:\/\/atami.com\/fr-ca?s={search_term_string}"},"query-input":{"@type":"PropertyValueSpecification","valueRequired":true,"valueName":"search_term_string"}}],"inLanguage":"fr-CA"},{"@type":"Organization","@id":"https:\/\/atami.com\/fr-ca#organization","name":"Atami","url":"https:\/\/atami.com\/fr-ca","logo":{"@type":"ImageObject","inLanguage":"fr-CA","@id":"https:\/\/atami.com\/fr-ca#\/schema\/logo\/image\/","url":"https:\/\/atami.com\/wp-content\/uploads\/2026\/01\/Atami-logo-696x696px.webp","contentUrl":"https:\/\/atami.com\/wp-content\/uploads\/2026\/01\/Atami-logo-696x696px.webp","width":696,"height":696,"caption":"Atami"},"image":{"@id":"https:\/\/atami.com\/fr-ca#\/schema\/logo\/image\/"},"sameAs":["https:\/\/www.facebook.com\/Atami.International","https:\/\/x.com\/AtamiEU","https:\/\/www.youtube.com\/c\/AtamiInternational","https:\/\/www.instagram.com\/atami.international\/"],"description":"ATAMI is a premium plant nutrition & substrate brand founded in 1997 with the mission to make exceptional cultivation achievable for everyone. From legacy to license, we offer a wide variety of innovating award-winning products to let cultivators achieve maximum results in taste & yield.","email":"info@mginnovations.es","legalName":"Atami","numberOfEmployees":{"@type":"QuantitativeValue","minValue":"11","maxValue":"50"}}]}},"_links":{"self":[{"href":"https:\/\/atami.com\/fr-ca\/wp-json\/wp\/v2\/product\/27495","targetHints":{"allow":["GET"]}}],"collection":[{"href":"https:\/\/atami.com\/fr-ca\/wp-json\/wp\/v2\/product"}],"about":[{"href":"https:\/\/atami.com\/fr-ca\/wp-json\/wp\/v2\/types\/product"}],"replies":[{"embeddable":true,"href":"https:\/\/atami.com\/fr-ca\/wp-json\/wp\/v2\/comments?post=27495"}],"wp:featuredmedia":[{"embeddable":true,"href":"https:\/\/atami.com\/fr-ca\/wp-json\/wp\/v2\/media\/202206"}],"wp:attachment":[{"href":"https:\/\/atami.com\/fr-ca\/wp-json\/wp\/v2\/media?parent=27495"}],"wp:term":[{"taxonomy":"product_brand","embeddable":true,"href":"https:\/\/atami.com\/fr-ca\/wp-json\/wp\/v2\/product_brand?post=27495"},{"taxonomy":"product_cat","embeddable":true,"href":"https:\/\/atami.com\/fr-ca\/wp-json\/wp\/v2\/product_cat?post=27495"},{"taxonomy":"product_tag","embeddable":true,"href":"https:\/\/atami.com\/fr-ca\/wp-json\/wp\/v2\/product_tag?post=27495"}],"curies":[{"name":"wp","href":"https:\/\/api.w.org\/{rel}","templated":true}]}}