{"id":27475,"date":"2023-06-13T12:52:10","date_gmt":"2023-06-13T12:52:10","guid":{"rendered":"https:\/\/atami.com\/product\/bcuzz-bloom-3\/"},"modified":"2025-11-12T09:20:05","modified_gmt":"2025-11-12T07:20:05","slug":"bcuzz-pruine","status":"publish","type":"product","link":"https:\/\/atami.com\/fr-ca\/produit\/bcuzz-pruine","title":{"rendered":"B&rsquo;CUZZ PRUINE"},"content":{"rendered":"<p>La phase de floraison est une partie passionnante du cycle de vie de la plante au cours de laquelle la croissance v\u00e9g\u00e9tative est r\u00e9duite et le d\u00e9veloppement g\u00e9n\u00e9ratif commence. B&rsquo;cuzz Pruine contient une forte concentration de phosphore et de potassium. Le phosphore et le potassium renforcent la phase de floraison et de maturation en la rendant plus intense. L&rsquo;ajout de ces \u00e9l\u00e9ments entra\u00eene une production accrue de fruits et de fleurs plus denses et plus fermes. B&rsquo;cuzz Pruine contient en outre des acides humiques. Les acides humiques contribuent \u00e0 am\u00e9liorer l&rsquo;absorption des nutriments, de sorte que tes plantes utiliseront mieux les nutriments contenus dans B&rsquo;cuzz Pruine.<\/p>\n<p>&nbsp;<\/p>\n<p><strong>P 3 W\/W<\/strong><br \/>\n<strong>K 3 W\/W<\/strong><\/p>\n<p>&nbsp;<\/p>\n<p><strong>PARTICULI\u00c8REMENT ADAPT\u00c9 \u00c0<\/strong><br \/>\nDiff\u00e9rentes sortes de l\u00e9gumes et de fruits. Il peut \u00e9galement \u00eatre utilis\u00e9 pour les plantes \u00e0 fleurs. Il suffit d&rsquo;ajuster le dosage n\u00e9cessaire pour r\u00e9pondre aux besoins de chaque plante ou culture.<\/p>\n<p>&nbsp;<\/p>\n<p><strong>UTILISATION<\/strong><br \/>\nB&rsquo;cuzz Pruine est facile \u00e0 utiliser ! D\u00e8s que les premi\u00e8res fleurs commencent \u00e0 se former, ajoute-le \u00e0 chaque arrosage. Pour un effet optimal, utiliser en combinaison avec B&rsquo;cuzz Accroisement au d\u00e9but de la floraison, mais seulement pendant la premi\u00e8re ou la deuxi\u00e8me semaine de floraison au plus tard, apr\u00e8s quoi continuer seul avec B&rsquo;cuzz Pruine. B&rsquo;cuzz Pruine peut \u00eatre combin\u00e9 avec tous les engrais courants. De plus, il est tr\u00e8s concentr\u00e9 comme tous les produits de la gamme B&rsquo;cuzz.<\/p>\n<p><strong>DOSAGE<\/strong><br \/>\n0,5 ml &#8211; 1 ml par litre d&rsquo;eau.<\/p>\n<p><strong>DISPONIBLE EN 500ml 946ml, 5L, 10L et 20L<\/strong><\/p>\n","protected":false},"excerpt":{"rendered":"<p>Pour des fleurs et des fruits plus denses, plus fermes et plus nombreux<\/p>\n","protected":false},"featured_media":202186,"comment_status":"closed","ping_status":"closed","template":"","meta":{"_acf_changed":false,"iawp_total_views":15},"product_brand":[],"product_cat":[205,203],"product_tag":[],"class_list":{"0":"post-27475","1":"product","2":"type-product","3":"status-publish","4":"has-post-thumbnail","6":"product_cat-bcuzz","7":"product_cat-stimulateurs","9":"first","10":"instock","11":"shipping-taxable","12":"product-type-simple"},"acf":{"short_description":"La phase de floraison est une partie passionnante du cycle de vie de la plante au cours de laquelle la croissance v\u00e9g\u00e9tative est r\u00e9duite et le d\u00e9veloppement g\u00e9n\u00e9ratif commence. B'cuzz Pruine contient une forte concentration de phosphore et de potassium. Le phosphore et le potassium renforcent la phase de floraison et de maturation en la rendant plus intense. L'ajout de ces \u00e9l\u00e9ments entra\u00eene une production accrue de fruits et de fleurs plus denses et plus fermes. B'cuzz Pruine contient en outre des acides humiques. Les acides humiques contribuent \u00e0 am\u00e9liorer l'absorption des nutriments, de sorte que tes plantes utiliseront mieux les nutriments contenus dans B'cuzz Pruine.","suitable_for":"Diff\u00e9rentes sortes de l\u00e9gumes et de fruits. Il peut \u00e9galement \u00eatre utilis\u00e9 pour les plantes \u00e0 fleurs. Il suffit d'ajuster le dosage n\u00e9cessaire pour r\u00e9pondre aux besoins de chaque plante ou culture.","application":"B'cuzz Pruine est facile \u00e0 utiliser ! D\u00e8s que les premi\u00e8res fleurs commencent \u00e0 se former, ajoute-le \u00e0 chaque arrosage. Pour un effet optimal, utiliser en combinaison avec B'cuzz Accroisement au d\u00e9but de la floraison, mais seulement pendant la premi\u00e8re ou la deuxi\u00e8me semaine de floraison au plus tard, apr\u00e8s quoi continuer seul avec B'cuzz Pruine. B'cuzz Pruine peut \u00eatre combin\u00e9 avec tous les engrais courants. De plus, il est tr\u00e8s concentr\u00e9 comme tous les produits de la gamme B'cuzz.","dosage":"0,5 ml - 1 ml par litre d'eau.","npk_ratio":"","available_in":"500ml 946ml, 5L, 10L et 20L","icon_1":10645,"icon_1_text":"UNE P\u00c9RIODE DE FLORAISON PLUS LONGUE ET PLUS INTENSE","icon_2":10650,"icon_2_text":"UNE ODEUR ET UNE SAVEUR EXCELLENTES","icon_3":10655,"icon_3_text":"FACILE \u00c0 COMBINER AVEC LES NUTRIMENTS DE BASE","icon_4":"","icon_4_text":"","video":"","second_image":186701,"product_image_page":186731,"user_manual":"","new_icon_1":"","new_icon_2":"","new_icon_3":"","new_icon_4":"","grow_guides":"","category":"Stimulateur"},"yoast_head":"<!-- This site is optimized with the Yoast SEO Premium plugin v27.5 (Yoast SEO v27.5) - https:\/\/yoast.com\/product\/yoast-seo-premium-wordpress\/ -->\n<title>B&#039;cuzz Pruine: Stimulateur de plantes pour croissance optimale<\/title>\n<meta name=\"description\" content=\"D\u00e9couvrez B&#039;cuzz Pruine, un stimulateur de plantes qui favorise une croissance saine et un rendement optimal pour toutes vos cultures.\" \/>\n<meta name=\"robots\" content=\"index, follow, max-snippet:-1, max-image-preview:large, max-video-preview:-1\" \/>\n<link rel=\"canonical\" href=\"https:\/\/atami.com\/fr-ca\/produit\/bcuzz-bloom\" \/>\n<meta property=\"og:locale\" content=\"fr_CA\" \/>\n<meta property=\"og:type\" content=\"article\" \/>\n<meta property=\"og:title\" content=\"B&#039;CUZZ PRUINE\" \/>\n<meta property=\"og:description\" content=\"D\u00e9couvrez B&#039;cuzz Pruine, un stimulateur de plantes qui favorise une croissance saine et un rendement optimal pour toutes vos cultures.\" \/>\n<meta property=\"og:url\" content=\"https:\/\/atami.com\/fr-ca\/produit\/bcuzz-bloom\" \/>\n<meta property=\"og:site_name\" content=\"Atami\" \/>\n<meta property=\"article:publisher\" content=\"https:\/\/www.facebook.com\/Atami.International\" \/>\n<meta property=\"article:modified_time\" content=\"2025-11-12T07:20:05+00:00\" \/>\n<meta property=\"og:image\" content=\"https:\/\/atami.com\/wp-content\/uploads\/2025\/01\/Bcuzz-Bloom-Pruine-product-image-1.webp\" \/>\n\t<meta property=\"og:image:width\" content=\"1080\" \/>\n\t<meta property=\"og:image:height\" content=\"1080\" \/>\n\t<meta property=\"og:image:type\" content=\"image\/webp\" \/>\n<meta name=\"twitter:card\" content=\"summary_large_image\" \/>\n<meta name=\"twitter:site\" content=\"@AtamiEU\" \/>\n<meta name=\"twitter:label1\" content=\"Estimation du temps de lecture\" \/>\n\t<meta name=\"twitter:data1\" content=\"2 minutes\" \/>\n<script type=\"application\/ld+json\" class=\"yoast-schema-graph\">{\"@context\":\"https:\\\/\\\/schema.org\",\"@graph\":[{\"@type\":\"WebPage\",\"@id\":\"https:\\\/\\\/atami.com\\\/fr-ca\\\/produit\\\/bcuzz-pruine\",\"url\":\"https:\\\/\\\/atami.com\\\/fr-ca\\\/produit\\\/bcuzz-bloom\",\"name\":\"B'cuzz Pruine: Stimulateur de plantes pour croissance optimale\",\"isPartOf\":{\"@id\":\"https:\\\/\\\/atami.com\\\/fr-ca#website\"},\"primaryImageOfPage\":{\"@id\":\"https:\\\/\\\/atami.com\\\/fr-ca\\\/produit\\\/bcuzz-bloom#primaryimage\"},\"image\":{\"@id\":\"https:\\\/\\\/atami.com\\\/fr-ca\\\/produit\\\/bcuzz-bloom#primaryimage\"},\"thumbnailUrl\":\"https:\\\/\\\/atami.com\\\/wp-content\\\/uploads\\\/2025\\\/01\\\/Bcuzz-Bloom-Pruine-product-image-1.webp\",\"datePublished\":\"2023-06-13T12:52:10+00:00\",\"dateModified\":\"2025-11-12T07:20:05+00:00\",\"description\":\"D\u00e9couvrez B'cuzz Pruine, un stimulateur de plantes qui favorise une croissance saine et un rendement optimal pour toutes vos cultures.\",\"breadcrumb\":{\"@id\":\"https:\\\/\\\/atami.com\\\/fr-ca\\\/produit\\\/bcuzz-bloom#breadcrumb\"},\"inLanguage\":\"fr-CA\",\"potentialAction\":[{\"@type\":\"ReadAction\",\"target\":[\"https:\\\/\\\/atami.com\\\/fr-ca\\\/produit\\\/bcuzz-bloom\"]}]},{\"@type\":\"ImageObject\",\"inLanguage\":\"fr-CA\",\"@id\":\"https:\\\/\\\/atami.com\\\/fr-ca\\\/produit\\\/bcuzz-bloom#primaryimage\",\"url\":\"https:\\\/\\\/atami.com\\\/wp-content\\\/uploads\\\/2025\\\/01\\\/Bcuzz-Bloom-Pruine-product-image-1.webp\",\"contentUrl\":\"https:\\\/\\\/atami.com\\\/wp-content\\\/uploads\\\/2025\\\/01\\\/Bcuzz-Bloom-Pruine-product-image-1.webp\",\"width\":1080,\"height\":1080,\"caption\":\"B'cuzz Bloom Pruine\"},{\"@type\":\"BreadcrumbList\",\"@id\":\"https:\\\/\\\/atami.com\\\/fr-ca\\\/produit\\\/bcuzz-bloom#breadcrumb\",\"itemListElement\":[{\"@type\":\"ListItem\",\"position\":1,\"name\":\"Home\",\"item\":\"https:\\\/\\\/atami.com\\\/fr-ca\"},{\"@type\":\"ListItem\",\"position\":2,\"name\":\"Produits\",\"item\":\"https:\\\/\\\/atami.com\\\/fr-ca\\\/shop\"},{\"@type\":\"ListItem\",\"position\":3,\"name\":\"Marques\",\"item\":\"https:\\\/\\\/atami.com\\\/fr-ca\\\/categorie-produit\\\/marques\"},{\"@type\":\"ListItem\",\"position\":4,\"name\":\"B'cuzz\",\"item\":\"https:\\\/\\\/atami.com\\\/fr-ca\\\/categorie-produit\\\/marques\\\/bcuzz\"},{\"@type\":\"ListItem\",\"position\":5,\"name\":\"B&#8217;CUZZ PRUINE\"}]},{\"@type\":\"WebSite\",\"@id\":\"https:\\\/\\\/atami.com\\\/fr-ca#website\",\"url\":\"https:\\\/\\\/atami.com\\\/fr-ca\",\"name\":\"Atami\",\"description\":\"NATURALLY INNOVATING!\",\"publisher\":{\"@id\":\"https:\\\/\\\/atami.com\\\/fr-ca#organization\"},\"potentialAction\":[{\"@type\":\"SearchAction\",\"target\":{\"@type\":\"EntryPoint\",\"urlTemplate\":\"https:\\\/\\\/atami.com\\\/fr-ca?s={search_term_string}\"},\"query-input\":{\"@type\":\"PropertyValueSpecification\",\"valueRequired\":true,\"valueName\":\"search_term_string\"}}],\"inLanguage\":\"fr-CA\"},{\"@type\":\"Organization\",\"@id\":\"https:\\\/\\\/atami.com\\\/fr-ca#organization\",\"name\":\"Atami\",\"url\":\"https:\\\/\\\/atami.com\\\/fr-ca\",\"logo\":{\"@type\":\"ImageObject\",\"inLanguage\":\"fr-CA\",\"@id\":\"https:\\\/\\\/atami.com\\\/fr-ca#\\\/schema\\\/logo\\\/image\\\/\",\"url\":\"https:\\\/\\\/atami.com\\\/wp-content\\\/uploads\\\/2026\\\/01\\\/Atami-logo-696x696px.webp\",\"contentUrl\":\"https:\\\/\\\/atami.com\\\/wp-content\\\/uploads\\\/2026\\\/01\\\/Atami-logo-696x696px.webp\",\"width\":696,\"height\":696,\"caption\":\"Atami\"},\"image\":{\"@id\":\"https:\\\/\\\/atami.com\\\/fr-ca#\\\/schema\\\/logo\\\/image\\\/\"},\"sameAs\":[\"https:\\\/\\\/www.facebook.com\\\/Atami.International\",\"https:\\\/\\\/x.com\\\/AtamiEU\",\"https:\\\/\\\/www.youtube.com\\\/c\\\/AtamiInternational\",\"https:\\\/\\\/www.instagram.com\\\/atami.international\\\/\"],\"description\":\"ATAMI is a premium plant nutrition & substrate brand founded in 1997 with the mission to make exceptional cultivation achievable for everyone. From legacy to license, we offer a wide variety of innovating award-winning products to let cultivators achieve maximum results in taste & yield.\",\"email\":\"info@mginnovations.es\",\"legalName\":\"Atami\",\"numberOfEmployees\":{\"@type\":\"QuantitativeValue\",\"minValue\":\"11\",\"maxValue\":\"50\"}}]}<\/script>\n<!-- \/ Yoast SEO Premium plugin. -->","yoast_head_json":{"title":"B'cuzz Pruine: Stimulateur de plantes pour croissance optimale","description":"D\u00e9couvrez B'cuzz Pruine, un stimulateur de plantes qui favorise une croissance saine et un rendement optimal pour toutes vos cultures.","robots":{"index":"index","follow":"follow","max-snippet":"max-snippet:-1","max-image-preview":"max-image-preview:large","max-video-preview":"max-video-preview:-1"},"canonical":"https:\/\/atami.com\/fr-ca\/produit\/bcuzz-bloom","og_locale":"fr_CA","og_type":"article","og_title":"B'CUZZ PRUINE","og_description":"D\u00e9couvrez B'cuzz Pruine, un stimulateur de plantes qui favorise une croissance saine et un rendement optimal pour toutes vos cultures.","og_url":"https:\/\/atami.com\/fr-ca\/produit\/bcuzz-bloom","og_site_name":"Atami","article_publisher":"https:\/\/www.facebook.com\/Atami.International","article_modified_time":"2025-11-12T07:20:05+00:00","og_image":[{"width":1080,"height":1080,"url":"https:\/\/atami.com\/wp-content\/uploads\/2025\/01\/Bcuzz-Bloom-Pruine-product-image-1.webp","type":"image\/webp"}],"twitter_card":"summary_large_image","twitter_site":"@AtamiEU","twitter_misc":{"Estimation du temps de lecture":"2 minutes"},"schema":{"@context":"https:\/\/schema.org","@graph":[{"@type":"WebPage","@id":"https:\/\/atami.com\/fr-ca\/produit\/bcuzz-pruine","url":"https:\/\/atami.com\/fr-ca\/produit\/bcuzz-bloom","name":"B'cuzz Pruine: Stimulateur de plantes pour croissance optimale","isPartOf":{"@id":"https:\/\/atami.com\/fr-ca#website"},"primaryImageOfPage":{"@id":"https:\/\/atami.com\/fr-ca\/produit\/bcuzz-bloom#primaryimage"},"image":{"@id":"https:\/\/atami.com\/fr-ca\/produit\/bcuzz-bloom#primaryimage"},"thumbnailUrl":"https:\/\/atami.com\/wp-content\/uploads\/2025\/01\/Bcuzz-Bloom-Pruine-product-image-1.webp","datePublished":"2023-06-13T12:52:10+00:00","dateModified":"2025-11-12T07:20:05+00:00","description":"D\u00e9couvrez B'cuzz Pruine, un stimulateur de plantes qui favorise une croissance saine et un rendement optimal pour toutes vos cultures.","breadcrumb":{"@id":"https:\/\/atami.com\/fr-ca\/produit\/bcuzz-bloom#breadcrumb"},"inLanguage":"fr-CA","potentialAction":[{"@type":"ReadAction","target":["https:\/\/atami.com\/fr-ca\/produit\/bcuzz-bloom"]}]},{"@type":"ImageObject","inLanguage":"fr-CA","@id":"https:\/\/atami.com\/fr-ca\/produit\/bcuzz-bloom#primaryimage","url":"https:\/\/atami.com\/wp-content\/uploads\/2025\/01\/Bcuzz-Bloom-Pruine-product-image-1.webp","contentUrl":"https:\/\/atami.com\/wp-content\/uploads\/2025\/01\/Bcuzz-Bloom-Pruine-product-image-1.webp","width":1080,"height":1080,"caption":"B'cuzz Bloom Pruine"},{"@type":"BreadcrumbList","@id":"https:\/\/atami.com\/fr-ca\/produit\/bcuzz-bloom#breadcrumb","itemListElement":[{"@type":"ListItem","position":1,"name":"Home","item":"https:\/\/atami.com\/fr-ca"},{"@type":"ListItem","position":2,"name":"Produits","item":"https:\/\/atami.com\/fr-ca\/shop"},{"@type":"ListItem","position":3,"name":"Marques","item":"https:\/\/atami.com\/fr-ca\/categorie-produit\/marques"},{"@type":"ListItem","position":4,"name":"B'cuzz","item":"https:\/\/atami.com\/fr-ca\/categorie-produit\/marques\/bcuzz"},{"@type":"ListItem","position":5,"name":"B&#8217;CUZZ PRUINE"}]},{"@type":"WebSite","@id":"https:\/\/atami.com\/fr-ca#website","url":"https:\/\/atami.com\/fr-ca","name":"Atami","description":"NATURALLY INNOVATING!","publisher":{"@id":"https:\/\/atami.com\/fr-ca#organization"},"potentialAction":[{"@type":"SearchAction","target":{"@type":"EntryPoint","urlTemplate":"https:\/\/atami.com\/fr-ca?s={search_term_string}"},"query-input":{"@type":"PropertyValueSpecification","valueRequired":true,"valueName":"search_term_string"}}],"inLanguage":"fr-CA"},{"@type":"Organization","@id":"https:\/\/atami.com\/fr-ca#organization","name":"Atami","url":"https:\/\/atami.com\/fr-ca","logo":{"@type":"ImageObject","inLanguage":"fr-CA","@id":"https:\/\/atami.com\/fr-ca#\/schema\/logo\/image\/","url":"https:\/\/atami.com\/wp-content\/uploads\/2026\/01\/Atami-logo-696x696px.webp","contentUrl":"https:\/\/atami.com\/wp-content\/uploads\/2026\/01\/Atami-logo-696x696px.webp","width":696,"height":696,"caption":"Atami"},"image":{"@id":"https:\/\/atami.com\/fr-ca#\/schema\/logo\/image\/"},"sameAs":["https:\/\/www.facebook.com\/Atami.International","https:\/\/x.com\/AtamiEU","https:\/\/www.youtube.com\/c\/AtamiInternational","https:\/\/www.instagram.com\/atami.international\/"],"description":"ATAMI is a premium plant nutrition & substrate brand founded in 1997 with the mission to make exceptional cultivation achievable for everyone. From legacy to license, we offer a wide variety of innovating award-winning products to let cultivators achieve maximum results in taste & yield.","email":"info@mginnovations.es","legalName":"Atami","numberOfEmployees":{"@type":"QuantitativeValue","minValue":"11","maxValue":"50"}}]}},"_links":{"self":[{"href":"https:\/\/atami.com\/fr-ca\/wp-json\/wp\/v2\/product\/27475","targetHints":{"allow":["GET"]}}],"collection":[{"href":"https:\/\/atami.com\/fr-ca\/wp-json\/wp\/v2\/product"}],"about":[{"href":"https:\/\/atami.com\/fr-ca\/wp-json\/wp\/v2\/types\/product"}],"replies":[{"embeddable":true,"href":"https:\/\/atami.com\/fr-ca\/wp-json\/wp\/v2\/comments?post=27475"}],"wp:featuredmedia":[{"embeddable":true,"href":"https:\/\/atami.com\/fr-ca\/wp-json\/wp\/v2\/media\/202186"}],"wp:attachment":[{"href":"https:\/\/atami.com\/fr-ca\/wp-json\/wp\/v2\/media?parent=27475"}],"wp:term":[{"taxonomy":"product_brand","embeddable":true,"href":"https:\/\/atami.com\/fr-ca\/wp-json\/wp\/v2\/product_brand?post=27475"},{"taxonomy":"product_cat","embeddable":true,"href":"https:\/\/atami.com\/fr-ca\/wp-json\/wp\/v2\/product_cat?post=27475"},{"taxonomy":"product_tag","embeddable":true,"href":"https:\/\/atami.com\/fr-ca\/wp-json\/wp\/v2\/product_tag?post=27475"}],"curies":[{"name":"wp","href":"https:\/\/api.w.org\/{rel}","templated":true}]}}