{"id":21976,"date":"2023-02-28T09:24:09","date_gmt":"2023-02-28T09:24:09","guid":{"rendered":"https:\/\/atami.com\/product\/bcuzz-coco-substrate\/"},"modified":"2025-11-12T09:29:58","modified_gmt":"2025-11-12T07:29:58","slug":"bcuzz-coco-substrate","status":"publish","type":"product","link":"https:\/\/atami.com\/fr-ca\/produit\/bcuzz-coco-substrate","title":{"rendered":"B\u2019cuzz Coco Substrate"},"content":{"rendered":"<p>B\u2019cuzz Coco Substrateposs\u00e8de la certification RHP qui garantit un substrat de haute qualit\u00e9. Les fibres de coco sont muries, rinc\u00e9es et tamponn\u00e9es afin de garantir un substrat de culture excellent. Les fibres de coco contiennent suffisamment de substances nutritives pour la premi\u00e8re semaine du cycle de culture. Il est ensuite possible d\u2019ajouter des stimulateurs et des engrais liquides m\u00e9lang\u00e9s avec de l\u2019eau pour obtenir de meilleurs r\u00e9sultats. Les fibres de coco ont une structure parfaite qui permet \u00e0 la solution nutritive d\u2019\u00eatre facilement stock\u00e9e et rapidement absorb\u00e9e par les racines de la plante. Le substrat de fibre de coco est \u00e9galement suffisamment a\u00e9r\u00e9 pour permettre une bonne oxyg\u00e9nation des racines. Les plantes jouissent ainsi d\u2019un syst\u00e8me racinaire sain et robuste et se d\u00e9veloppent plus rapidement.<\/p>\n<p>&nbsp;<\/p>\n<p><strong>EC: 0,80 \u2013 1,00<\/strong><\/p>\n<p>&nbsp;<\/p>\n<p><strong>DISPONIBLE EN 50 L (55 SACS \/ 1 PALETTE)<\/strong><\/p>\n","protected":false},"excerpt":{"rendered":"<p>B\u2019cuzz Coco Substrateposs\u00e8de la certification RHP qui garantit un substrat de haute qualit\u00e9. Les fibres de coco sont muries, rinc\u00e9es et tamponn\u00e9es afin de garantir un substrat de culture excellent. Les fibres de coco contiennent suffisamment de substances nutritives pour la premi\u00e8re semaine du cycle de culture. Il est ensuite possible d\u2019ajouter des stimulateurs et [&hellip;]<\/p>\n","protected":false},"featured_media":27159,"comment_status":"closed","ping_status":"closed","template":"","meta":{"_acf_changed":false,"iawp_total_views":15},"product_brand":[],"product_cat":[245],"product_tag":[],"class_list":{"0":"post-21976","1":"product","2":"type-product","3":"status-publish","4":"has-post-thumbnail","6":"product_cat-bcuzz-substrates","8":"first","9":"instock","10":"shipping-taxable","11":"product-type-simple"},"acf":{"short_description":"B\u2019cuzz Coco Substrateposs\u00e8de la certification RHP qui garantit un substrat de haute qualit\u00e9. Les fibres de coco sont muries, rinc\u00e9es et tamponn\u00e9es afin de garantir un substrat de culture excellent. Les fibres de coco contiennent suffisamment de substances nutritives pour la premi\u00e8re semaine du cycle de culture. Il est ensuite possible d\u2019ajouter des stimulateurs et des engrais liquides m\u00e9lang\u00e9s avec de l\u2019eau pour obtenir de meilleurs r\u00e9sultats. Les fibres de coco ont une structure parfaite qui permet \u00e0 la solution nutritive d\u2019\u00eatre facilement stock\u00e9e et rapidement absorb\u00e9e par les racines de la plante. Le substrat de fibre de coco est \u00e9galement suffisamment a\u00e9r\u00e9 pour permettre une bonne oxyg\u00e9nation des racines. Les plantes jouissent ainsi d\u2019un syst\u00e8me racinaire sain et robuste et se d\u00e9veloppent plus rapidement.&nbsp;<strong>EC: 0,80 \u2013 1,00<\/strong>","suitable_for":"","application":"","dosage":"","npk_ratio":"","available_in":"50 L (55 SACS \/ 1 PALETTE)","icon_1":25783,"icon_1_text":"","icon_2":"","icon_2_text":"","icon_3":"","icon_3_text":"","icon_4":"","icon_4_text":"","video":"","second_image":27189,"product_image_page":"","user_manual":"","new_icon_1":"","new_icon_2":"","new_icon_3":"","new_icon_4":"","grow_guides":"","category":"Substrat"},"yoast_head":"<!-- This site is optimized with the Yoast SEO Premium plugin v27.4 (Yoast SEO v27.4) - https:\/\/yoast.com\/product\/yoast-seo-premium-wordpress\/ -->\n<title>B\u2019cuzz Coco Substrate - Le choix id\u00e9al pour une culture optimale<\/title>\n<meta name=\"description\" content=\"Optez pour le substrat coco B&#039;cuzz pour une croissance de qualit\u00e9 sup\u00e9rieure. Parfait pour une culture saine et une gestion optimale de l&#039;eau, il favorise un enracinement robuste et une meilleure absorption des nutriments. D\u00e9couvrez ce substrat de haute performance.\" \/>\n<meta name=\"robots\" content=\"index, follow, max-snippet:-1, max-image-preview:large, max-video-preview:-1\" \/>\n<link rel=\"canonical\" href=\"https:\/\/atami.com\/fr-ca\/produit\/bcuzz-coco-substrate\" \/>\n<meta property=\"og:locale\" content=\"fr_CA\" \/>\n<meta property=\"og:type\" content=\"article\" \/>\n<meta property=\"og:title\" content=\"B\u2019cuzz Coco Substrate\" \/>\n<meta property=\"og:description\" content=\"Optez pour le substrat coco B&#039;cuzz pour une croissance de qualit\u00e9 sup\u00e9rieure. Parfait pour une culture saine et une gestion optimale de l&#039;eau, il favorise un enracinement robuste et une meilleure absorption des nutriments. D\u00e9couvrez ce substrat de haute performance.\" \/>\n<meta property=\"og:url\" content=\"https:\/\/atami.com\/fr-ca\/produit\/bcuzz-coco-substrate\" \/>\n<meta property=\"og:site_name\" content=\"Atami\" \/>\n<meta property=\"article:publisher\" content=\"https:\/\/www.facebook.com\/Atami.International\" \/>\n<meta property=\"article:modified_time\" content=\"2025-11-12T07:29:58+00:00\" \/>\n<meta property=\"og:image\" content=\"https:\/\/atami.com\/wp-content\/uploads\/2023\/02\/Bcuzz-Coco-Substrate-Main-Image.webp\" \/>\n\t<meta property=\"og:image:width\" content=\"1080\" \/>\n\t<meta property=\"og:image:height\" content=\"1080\" \/>\n\t<meta property=\"og:image:type\" content=\"image\/webp\" \/>\n<meta name=\"twitter:card\" content=\"summary_large_image\" \/>\n<meta name=\"twitter:site\" content=\"@AtamiEU\" \/>\n<meta name=\"twitter:label1\" content=\"Estimation du temps de lecture\" \/>\n\t<meta name=\"twitter:data1\" content=\"1 minute\" \/>\n<script type=\"application\/ld+json\" class=\"yoast-schema-graph\">{\"@context\":\"https:\\\/\\\/schema.org\",\"@graph\":[{\"@type\":\"WebPage\",\"@id\":\"https:\\\/\\\/atami.com\\\/fr-ca\\\/produit\\\/bcuzz-coco-substrate\",\"url\":\"https:\\\/\\\/atami.com\\\/fr-ca\\\/produit\\\/bcuzz-coco-substrate\",\"name\":\"B\u2019cuzz Coco Substrate - Le choix id\u00e9al pour une culture optimale\",\"isPartOf\":{\"@id\":\"https:\\\/\\\/atami.com\\\/fr-ca#website\"},\"primaryImageOfPage\":{\"@id\":\"https:\\\/\\\/atami.com\\\/fr-ca\\\/produit\\\/bcuzz-coco-substrate#primaryimage\"},\"image\":{\"@id\":\"https:\\\/\\\/atami.com\\\/fr-ca\\\/produit\\\/bcuzz-coco-substrate#primaryimage\"},\"thumbnailUrl\":\"https:\\\/\\\/atami.com\\\/wp-content\\\/uploads\\\/2023\\\/02\\\/Bcuzz-Coco-Substrate-Main-Image.webp\",\"datePublished\":\"2023-02-28T09:24:09+00:00\",\"dateModified\":\"2025-11-12T07:29:58+00:00\",\"description\":\"Optez pour le substrat coco B'cuzz pour une croissance de qualit\u00e9 sup\u00e9rieure. Parfait pour une culture saine et une gestion optimale de l'eau, il favorise un enracinement robuste et une meilleure absorption des nutriments. D\u00e9couvrez ce substrat de haute performance.\",\"breadcrumb\":{\"@id\":\"https:\\\/\\\/atami.com\\\/fr-ca\\\/produit\\\/bcuzz-coco-substrate#breadcrumb\"},\"inLanguage\":\"fr-CA\",\"potentialAction\":[{\"@type\":\"ReadAction\",\"target\":[\"https:\\\/\\\/atami.com\\\/fr-ca\\\/produit\\\/bcuzz-coco-substrate\"]}]},{\"@type\":\"ImageObject\",\"inLanguage\":\"fr-CA\",\"@id\":\"https:\\\/\\\/atami.com\\\/fr-ca\\\/produit\\\/bcuzz-coco-substrate#primaryimage\",\"url\":\"https:\\\/\\\/atami.com\\\/wp-content\\\/uploads\\\/2023\\\/02\\\/Bcuzz-Coco-Substrate-Main-Image.webp\",\"contentUrl\":\"https:\\\/\\\/atami.com\\\/wp-content\\\/uploads\\\/2023\\\/02\\\/Bcuzz-Coco-Substrate-Main-Image.webp\",\"width\":1080,\"height\":1080},{\"@type\":\"BreadcrumbList\",\"@id\":\"https:\\\/\\\/atami.com\\\/fr-ca\\\/produit\\\/bcuzz-coco-substrate#breadcrumb\",\"itemListElement\":[{\"@type\":\"ListItem\",\"position\":1,\"name\":\"Home\",\"item\":\"https:\\\/\\\/atami.com\\\/fr-ca\"},{\"@type\":\"ListItem\",\"position\":2,\"name\":\"Produits\",\"item\":\"https:\\\/\\\/atami.com\\\/fr-ca\\\/shop\"},{\"@type\":\"ListItem\",\"position\":3,\"name\":\"Marques\",\"item\":\"https:\\\/\\\/atami.com\\\/fr-ca\\\/categorie-produit\\\/marques\"},{\"@type\":\"ListItem\",\"position\":4,\"name\":\"B\u2019cuzz substrates\",\"item\":\"https:\\\/\\\/atami.com\\\/fr-ca\\\/categorie-produit\\\/marques\\\/bcuzz-substrates\"},{\"@type\":\"ListItem\",\"position\":5,\"name\":\"B\u2019cuzz Coco Substrate\"}]},{\"@type\":\"WebSite\",\"@id\":\"https:\\\/\\\/atami.com\\\/fr-ca#website\",\"url\":\"https:\\\/\\\/atami.com\\\/fr-ca\",\"name\":\"Atami\",\"description\":\"NATURALLY INNOVATING!\",\"publisher\":{\"@id\":\"https:\\\/\\\/atami.com\\\/fr-ca#organization\"},\"potentialAction\":[{\"@type\":\"SearchAction\",\"target\":{\"@type\":\"EntryPoint\",\"urlTemplate\":\"https:\\\/\\\/atami.com\\\/fr-ca?s={search_term_string}\"},\"query-input\":{\"@type\":\"PropertyValueSpecification\",\"valueRequired\":true,\"valueName\":\"search_term_string\"}}],\"inLanguage\":\"fr-CA\"},{\"@type\":\"Organization\",\"@id\":\"https:\\\/\\\/atami.com\\\/fr-ca#organization\",\"name\":\"Atami\",\"url\":\"https:\\\/\\\/atami.com\\\/fr-ca\",\"logo\":{\"@type\":\"ImageObject\",\"inLanguage\":\"fr-CA\",\"@id\":\"https:\\\/\\\/atami.com\\\/fr-ca#\\\/schema\\\/logo\\\/image\\\/\",\"url\":\"https:\\\/\\\/atami.com\\\/wp-content\\\/uploads\\\/2026\\\/01\\\/Atami-logo-696x696px.webp\",\"contentUrl\":\"https:\\\/\\\/atami.com\\\/wp-content\\\/uploads\\\/2026\\\/01\\\/Atami-logo-696x696px.webp\",\"width\":696,\"height\":696,\"caption\":\"Atami\"},\"image\":{\"@id\":\"https:\\\/\\\/atami.com\\\/fr-ca#\\\/schema\\\/logo\\\/image\\\/\"},\"sameAs\":[\"https:\\\/\\\/www.facebook.com\\\/Atami.International\",\"https:\\\/\\\/x.com\\\/AtamiEU\",\"https:\\\/\\\/www.youtube.com\\\/c\\\/AtamiInternational\",\"https:\\\/\\\/www.instagram.com\\\/atami.international\\\/\"],\"description\":\"ATAMI is a premium plant nutrition & substrate brand founded in 1997 with the mission to make exceptional cultivation achievable for everyone. From legacy to license, we offer a wide variety of innovating award-winning products to let cultivators achieve maximum results in taste & yield.\",\"email\":\"info@mginnovations.es\",\"legalName\":\"Atami\",\"numberOfEmployees\":{\"@type\":\"QuantitativeValue\",\"minValue\":\"11\",\"maxValue\":\"50\"}}]}<\/script>\n<!-- \/ Yoast SEO Premium plugin. -->","yoast_head_json":{"title":"B\u2019cuzz Coco Substrate - Le choix id\u00e9al pour une culture optimale","description":"Optez pour le substrat coco B'cuzz pour une croissance de qualit\u00e9 sup\u00e9rieure. Parfait pour une culture saine et une gestion optimale de l'eau, il favorise un enracinement robuste et une meilleure absorption des nutriments. D\u00e9couvrez ce substrat de haute performance.","robots":{"index":"index","follow":"follow","max-snippet":"max-snippet:-1","max-image-preview":"max-image-preview:large","max-video-preview":"max-video-preview:-1"},"canonical":"https:\/\/atami.com\/fr-ca\/produit\/bcuzz-coco-substrate","og_locale":"fr_CA","og_type":"article","og_title":"B\u2019cuzz Coco Substrate","og_description":"Optez pour le substrat coco B'cuzz pour une croissance de qualit\u00e9 sup\u00e9rieure. Parfait pour une culture saine et une gestion optimale de l'eau, il favorise un enracinement robuste et une meilleure absorption des nutriments. D\u00e9couvrez ce substrat de haute performance.","og_url":"https:\/\/atami.com\/fr-ca\/produit\/bcuzz-coco-substrate","og_site_name":"Atami","article_publisher":"https:\/\/www.facebook.com\/Atami.International","article_modified_time":"2025-11-12T07:29:58+00:00","og_image":[{"width":1080,"height":1080,"url":"https:\/\/atami.com\/wp-content\/uploads\/2023\/02\/Bcuzz-Coco-Substrate-Main-Image.webp","type":"image\/webp"}],"twitter_card":"summary_large_image","twitter_site":"@AtamiEU","twitter_misc":{"Estimation du temps de lecture":"1 minute"},"schema":{"@context":"https:\/\/schema.org","@graph":[{"@type":"WebPage","@id":"https:\/\/atami.com\/fr-ca\/produit\/bcuzz-coco-substrate","url":"https:\/\/atami.com\/fr-ca\/produit\/bcuzz-coco-substrate","name":"B\u2019cuzz Coco Substrate - Le choix id\u00e9al pour une culture optimale","isPartOf":{"@id":"https:\/\/atami.com\/fr-ca#website"},"primaryImageOfPage":{"@id":"https:\/\/atami.com\/fr-ca\/produit\/bcuzz-coco-substrate#primaryimage"},"image":{"@id":"https:\/\/atami.com\/fr-ca\/produit\/bcuzz-coco-substrate#primaryimage"},"thumbnailUrl":"https:\/\/atami.com\/wp-content\/uploads\/2023\/02\/Bcuzz-Coco-Substrate-Main-Image.webp","datePublished":"2023-02-28T09:24:09+00:00","dateModified":"2025-11-12T07:29:58+00:00","description":"Optez pour le substrat coco B'cuzz pour une croissance de qualit\u00e9 sup\u00e9rieure. Parfait pour une culture saine et une gestion optimale de l'eau, il favorise un enracinement robuste et une meilleure absorption des nutriments. D\u00e9couvrez ce substrat de haute performance.","breadcrumb":{"@id":"https:\/\/atami.com\/fr-ca\/produit\/bcuzz-coco-substrate#breadcrumb"},"inLanguage":"fr-CA","potentialAction":[{"@type":"ReadAction","target":["https:\/\/atami.com\/fr-ca\/produit\/bcuzz-coco-substrate"]}]},{"@type":"ImageObject","inLanguage":"fr-CA","@id":"https:\/\/atami.com\/fr-ca\/produit\/bcuzz-coco-substrate#primaryimage","url":"https:\/\/atami.com\/wp-content\/uploads\/2023\/02\/Bcuzz-Coco-Substrate-Main-Image.webp","contentUrl":"https:\/\/atami.com\/wp-content\/uploads\/2023\/02\/Bcuzz-Coco-Substrate-Main-Image.webp","width":1080,"height":1080},{"@type":"BreadcrumbList","@id":"https:\/\/atami.com\/fr-ca\/produit\/bcuzz-coco-substrate#breadcrumb","itemListElement":[{"@type":"ListItem","position":1,"name":"Home","item":"https:\/\/atami.com\/fr-ca"},{"@type":"ListItem","position":2,"name":"Produits","item":"https:\/\/atami.com\/fr-ca\/shop"},{"@type":"ListItem","position":3,"name":"Marques","item":"https:\/\/atami.com\/fr-ca\/categorie-produit\/marques"},{"@type":"ListItem","position":4,"name":"B\u2019cuzz substrates","item":"https:\/\/atami.com\/fr-ca\/categorie-produit\/marques\/bcuzz-substrates"},{"@type":"ListItem","position":5,"name":"B\u2019cuzz Coco Substrate"}]},{"@type":"WebSite","@id":"https:\/\/atami.com\/fr-ca#website","url":"https:\/\/atami.com\/fr-ca","name":"Atami","description":"NATURALLY INNOVATING!","publisher":{"@id":"https:\/\/atami.com\/fr-ca#organization"},"potentialAction":[{"@type":"SearchAction","target":{"@type":"EntryPoint","urlTemplate":"https:\/\/atami.com\/fr-ca?s={search_term_string}"},"query-input":{"@type":"PropertyValueSpecification","valueRequired":true,"valueName":"search_term_string"}}],"inLanguage":"fr-CA"},{"@type":"Organization","@id":"https:\/\/atami.com\/fr-ca#organization","name":"Atami","url":"https:\/\/atami.com\/fr-ca","logo":{"@type":"ImageObject","inLanguage":"fr-CA","@id":"https:\/\/atami.com\/fr-ca#\/schema\/logo\/image\/","url":"https:\/\/atami.com\/wp-content\/uploads\/2026\/01\/Atami-logo-696x696px.webp","contentUrl":"https:\/\/atami.com\/wp-content\/uploads\/2026\/01\/Atami-logo-696x696px.webp","width":696,"height":696,"caption":"Atami"},"image":{"@id":"https:\/\/atami.com\/fr-ca#\/schema\/logo\/image\/"},"sameAs":["https:\/\/www.facebook.com\/Atami.International","https:\/\/x.com\/AtamiEU","https:\/\/www.youtube.com\/c\/AtamiInternational","https:\/\/www.instagram.com\/atami.international\/"],"description":"ATAMI is a premium plant nutrition & substrate brand founded in 1997 with the mission to make exceptional cultivation achievable for everyone. From legacy to license, we offer a wide variety of innovating award-winning products to let cultivators achieve maximum results in taste & yield.","email":"info@mginnovations.es","legalName":"Atami","numberOfEmployees":{"@type":"QuantitativeValue","minValue":"11","maxValue":"50"}}]}},"_links":{"self":[{"href":"https:\/\/atami.com\/fr-ca\/wp-json\/wp\/v2\/product\/21976","targetHints":{"allow":["GET"]}}],"collection":[{"href":"https:\/\/atami.com\/fr-ca\/wp-json\/wp\/v2\/product"}],"about":[{"href":"https:\/\/atami.com\/fr-ca\/wp-json\/wp\/v2\/types\/product"}],"replies":[{"embeddable":true,"href":"https:\/\/atami.com\/fr-ca\/wp-json\/wp\/v2\/comments?post=21976"}],"wp:featuredmedia":[{"embeddable":true,"href":"https:\/\/atami.com\/fr-ca\/wp-json\/wp\/v2\/media\/27159"}],"wp:attachment":[{"href":"https:\/\/atami.com\/fr-ca\/wp-json\/wp\/v2\/media?parent=21976"}],"wp:term":[{"taxonomy":"product_brand","embeddable":true,"href":"https:\/\/atami.com\/fr-ca\/wp-json\/wp\/v2\/product_brand?post=21976"},{"taxonomy":"product_cat","embeddable":true,"href":"https:\/\/atami.com\/fr-ca\/wp-json\/wp\/v2\/product_cat?post=21976"},{"taxonomy":"product_tag","embeddable":true,"href":"https:\/\/atami.com\/fr-ca\/wp-json\/wp\/v2\/product_tag?post=21976"}],"curies":[{"name":"wp","href":"https:\/\/api.w.org\/{rel}","templated":true}]}}