{"id":21965,"date":"2023-02-28T07:48:07","date_gmt":"2023-02-28T07:48:07","guid":{"rendered":"https:\/\/atami.com\/product\/bcuzz-growth\/"},"modified":"2025-11-12T09:27:28","modified_gmt":"2025-11-12T07:27:28","slug":"bcuzz-growth","status":"publish","type":"product","link":"https:\/\/atami.com\/fr-ca\/produit\/bcuzz-growth","title":{"rendered":"B&rsquo;CUZZ ACCROISEMENT"},"content":{"rendered":"<p><strong>Il y a plus de vingt ans, nous avons commenc\u00e9 \u00e0 d\u00e9velopper B&rsquo;cuzz Accroisement. Ce produit consiste en une combinaison d&rsquo;azote, de magn\u00e9sium, de potassium et de fer.<\/strong><\/p>\n<p>B&rsquo;cuzz Accroisement est un engrais universel contenant de l&rsquo;azote, du magn\u00e9sium, du potassium et du fer. Ces \u00e9l\u00e9ments sont importants pour les processus vitaux de la plante, mais surtout pour la production de plus de chlorophylle. La chlorophylle est la cl\u00e9 d&rsquo;une plante saine et forte car elle absorbe la lumi\u00e8re et convertit l&rsquo;\u00e9nergie en sucres. La plante utilise l&rsquo;\u00e9nergie stock\u00e9e dans ces sucres pour effectuer la diff\u00e9renciation, la division et l&rsquo;\u00e9longation des cellules ainsi que d&rsquo;autres processus vitaux.<\/p>\n<p>Un changement d&rsquo;environnement, comme une transplantation, est un choc pour la plupart des plantes, ce qui affecte leur croissance. Un \u00e9tat de sant\u00e9 de la plante l&rsquo;aidera \u00e0 faire face au stress et \u00e0 mieux r\u00e9sister aux changements environnementaux. Ne sous-estime pas l&rsquo;importance de la phase de croissance, car elle affecte grandement le rendement final.<\/p>\n<p>En ajoutant ces pr\u00e9cieux \u00e9l\u00e9ments pr\u00e9sents dans B&rsquo;cuzz Accroisement, la r\u00e9cup\u00e9ration et l&rsquo;adaptation de la plante se feront en douceur.<\/p>\n<p>&nbsp;<\/p>\n<p><strong>N 4 W\/W<\/strong><br \/>\n<strong>K 1 W\/W<\/strong><\/p>\n<p>&nbsp;<\/p>\n<p><strong>PARTICULI\u00c8REMENT ADAPT\u00c9 \u00c0<\/strong><br \/>\nDiff\u00e9rentes sortes de l\u00e9gumes et de fruits. Il peut \u00e9galement \u00eatre utilis\u00e9 pour les plantes \u00e0 fleurs Il suffit d&rsquo;ajuster le dosage n\u00e9cessaire pour r\u00e9pondre aux besoins de chaque plante ou culture.<\/p>\n<p>&nbsp;<\/p>\n<p><strong>UTILISATION<\/strong><br \/>\nCommencer d\u00e8s la phase de croissance et ajouter quotidiennement lors de l&rsquo;arrosage de la plante. L&rsquo;effet est optimal lorsqu&rsquo;il est utilis\u00e9 en combinaison avec B&rsquo;cuzz Pruine. Tu peux facilement combiner B&rsquo;cuzz Accroisement avec n&rsquo;importe quel nutriment de base ou additif.<\/p>\n<p><strong>DOSAGE<\/strong><br \/>\n0,1 \u00e0 0,5 ml par litre de solution nutritive.<\/p>\n<p><strong>DISPONIBLE EN 500ML, 946ML, 5L, 10L et 20L<\/strong><\/p>\n","protected":false},"excerpt":{"rendered":"<p>Soutient les plantes lors des changements environnementaux<\/p>\n","protected":false},"featured_media":202175,"comment_status":"closed","ping_status":"closed","template":"","meta":{"_acf_changed":false,"iawp_total_views":5},"product_brand":[],"product_cat":[205,203],"product_tag":[],"class_list":{"0":"post-21965","1":"product","2":"type-product","3":"status-publish","4":"has-post-thumbnail","6":"product_cat-bcuzz","7":"product_cat-stimulateurs","9":"first","10":"instock","11":"shipping-taxable","12":"product-type-simple"},"acf":{"short_description":"<strong>Il y a plus de vingt ans, nous avons commenc\u00e9 \u00e0 d\u00e9velopper B'cuzz Accroisement. Ce produit consiste en une combinaison d'azote, de magn\u00e9sium, de potassium et de fer.<\/strong>B'cuzz Accroisement est un engrais universel contenant de l'azote, du magn\u00e9sium, du potassium et du fer. Ces \u00e9l\u00e9ments sont importants pour les processus vitaux de la plante, mais surtout pour la production de plus de chlorophylle. La chlorophylle est la cl\u00e9 d'une plante saine et forte car elle absorbe la lumi\u00e8re et convertit l'\u00e9nergie en sucres. La plante utilise l'\u00e9nergie stock\u00e9e dans ces sucres pour effectuer la diff\u00e9renciation, la division et l'\u00e9longation des cellules ainsi que d'autres processus vitaux.Un changement d'environnement, comme une transplantation, est un choc pour la plupart des plantes, ce qui affecte leur croissance. Un \u00e9tat de sant\u00e9 de la plante l'aidera \u00e0 faire face au stress et \u00e0 mieux r\u00e9sister aux changements environnementaux. Ne sous-estime pas l'importance de la phase de croissance, car elle affecte grandement le rendement final.En ajoutant ces pr\u00e9cieux \u00e9l\u00e9ments pr\u00e9sents dans B'cuzz Accroisement, la r\u00e9cup\u00e9ration et l'adaptation de la plante se feront en douceur.","suitable_for":"Diff\u00e9rentes sortes de l\u00e9gumes et de fruits. Il peut \u00e9galement \u00eatre utilis\u00e9 pour les plantes \u00e0 fleurs Il suffit d'ajuster le dosage n\u00e9cessaire pour r\u00e9pondre aux besoins de chaque plante ou culture.","application":"Commencer d\u00e8s la phase de croissance et ajouter quotidiennement lors de l'arrosage de la plante. L'effet est optimal lorsqu'il est utilis\u00e9 en combinaison avec B'cuzz Pruine. Tu peux facilement combiner B'cuzz Accroisement avec n'importe quel nutriment de base ou additif.","dosage":"0,1 \u00e0 0,5 ml par litre de solution nutritive.","npk_ratio":"N 4 W\/WK 1 W\/W","available_in":"500ML, 946ML, 5L, 10L et 20L","icon_1":11872,"icon_1_text":"SOUTIENT LES PLANTES QUAND ELLES SOUFFRENT DE CHANGEMENTS D\u2019ENVIRONNEMENT","icon_2":11886,"icon_2_text":"CONTIENT DES \u00c9L\u00c9MENTS MAJEURS POUR LA CHLOROPHYLLE","icon_3":11900,"icon_3_text":"PEUT \u00caTRE FACILEMENT COMBIN\u00c9 AVEC D\u2019AUTRES NUTRIMENTS DE TOUTES LES GAMMES DE PRODUITS ATAMI. CONSULTEZ LES SCH\u00c9MAS DE CULTURE EN LIGNE !","icon_4":"","icon_4_text":"","video":"","second_image":194194,"product_image_page":194254,"user_manual":"","new_icon_1":"","new_icon_2":"","new_icon_3":"","new_icon_4":"","grow_guides":"","category":"Stimulateur"},"yoast_head":"<!-- This site is optimized with the Yoast SEO Premium plugin v27.4 (Yoast SEO v27.4) - https:\/\/yoast.com\/product\/yoast-seo-premium-wordpress\/ -->\n<title>B&#039;cuzz Growth : Stimulez la Croissance de Vos Plantes Rapidement<\/title>\n<meta name=\"description\" content=\"Il y a plus de vingt ans, nous avons commenc\u00e9 \u00e0 d\u00e9velopper B&#039;cuzz Accroisement. Ce produit consiste en une combinaison d&#039;azote, de magn\u00e9sium, de potassium et de fer.\" \/>\n<meta name=\"robots\" content=\"index, follow, max-snippet:-1, max-image-preview:large, max-video-preview:-1\" \/>\n<link rel=\"canonical\" href=\"https:\/\/atami.com\/fr-ca\/produit\/bcuzz-growth\" \/>\n<meta property=\"og:locale\" content=\"fr_CA\" \/>\n<meta property=\"og:type\" content=\"article\" \/>\n<meta property=\"og:title\" content=\"B&#039;CUZZ ACCROISEMENT\" \/>\n<meta property=\"og:description\" content=\"Il y a plus de vingt ans, nous avons commenc\u00e9 \u00e0 d\u00e9velopper B&#039;cuzz Accroisement. Ce produit consiste en une combinaison d&#039;azote, de magn\u00e9sium, de potassium et de fer.\" \/>\n<meta property=\"og:url\" content=\"https:\/\/atami.com\/fr-ca\/produit\/bcuzz-growth\" \/>\n<meta property=\"og:site_name\" content=\"Atami\" \/>\n<meta property=\"article:publisher\" content=\"https:\/\/www.facebook.com\/Atami.International\" \/>\n<meta property=\"article:modified_time\" content=\"2025-11-12T07:27:28+00:00\" \/>\n<meta property=\"og:image\" content=\"https:\/\/atami.com\/wp-content\/uploads\/2023\/02\/Bcuzz-Growth-Accroissement-product-image.webp\" \/>\n\t<meta property=\"og:image:width\" content=\"1080\" \/>\n\t<meta property=\"og:image:height\" content=\"1080\" \/>\n\t<meta property=\"og:image:type\" content=\"image\/webp\" \/>\n<meta name=\"twitter:card\" content=\"summary_large_image\" \/>\n<meta name=\"twitter:site\" content=\"@AtamiEU\" \/>\n<meta name=\"twitter:label1\" content=\"Estimation du temps de lecture\" \/>\n\t<meta name=\"twitter:data1\" content=\"2 minutes\" \/>\n<script type=\"application\/ld+json\" class=\"yoast-schema-graph\">{\"@context\":\"https:\\\/\\\/schema.org\",\"@graph\":[{\"@type\":\"WebPage\",\"@id\":\"https:\\\/\\\/atami.com\\\/fr-ca\\\/produit\\\/bcuzz-growth\",\"url\":\"https:\\\/\\\/atami.com\\\/fr-ca\\\/produit\\\/bcuzz-growth\",\"name\":\"B'cuzz Growth : Stimulez la Croissance de Vos Plantes Rapidement\",\"isPartOf\":{\"@id\":\"https:\\\/\\\/atami.com\\\/fr-ca#website\"},\"primaryImageOfPage\":{\"@id\":\"https:\\\/\\\/atami.com\\\/fr-ca\\\/produit\\\/bcuzz-growth#primaryimage\"},\"image\":{\"@id\":\"https:\\\/\\\/atami.com\\\/fr-ca\\\/produit\\\/bcuzz-growth#primaryimage\"},\"thumbnailUrl\":\"https:\\\/\\\/atami.com\\\/wp-content\\\/uploads\\\/2023\\\/02\\\/Bcuzz-Growth-Accroissement-product-image.webp\",\"datePublished\":\"2023-02-28T07:48:07+00:00\",\"dateModified\":\"2025-11-12T07:27:28+00:00\",\"description\":\"Il y a plus de vingt ans, nous avons commenc\u00e9 \u00e0 d\u00e9velopper B'cuzz Accroisement. Ce produit consiste en une combinaison d'azote, de magn\u00e9sium, de potassium et de fer.\",\"breadcrumb\":{\"@id\":\"https:\\\/\\\/atami.com\\\/fr-ca\\\/produit\\\/bcuzz-growth#breadcrumb\"},\"inLanguage\":\"fr-CA\",\"potentialAction\":[{\"@type\":\"ReadAction\",\"target\":[\"https:\\\/\\\/atami.com\\\/fr-ca\\\/produit\\\/bcuzz-growth\"]}]},{\"@type\":\"ImageObject\",\"inLanguage\":\"fr-CA\",\"@id\":\"https:\\\/\\\/atami.com\\\/fr-ca\\\/produit\\\/bcuzz-growth#primaryimage\",\"url\":\"https:\\\/\\\/atami.com\\\/wp-content\\\/uploads\\\/2023\\\/02\\\/Bcuzz-Growth-Accroissement-product-image.webp\",\"contentUrl\":\"https:\\\/\\\/atami.com\\\/wp-content\\\/uploads\\\/2023\\\/02\\\/Bcuzz-Growth-Accroissement-product-image.webp\",\"width\":1080,\"height\":1080},{\"@type\":\"BreadcrumbList\",\"@id\":\"https:\\\/\\\/atami.com\\\/fr-ca\\\/produit\\\/bcuzz-growth#breadcrumb\",\"itemListElement\":[{\"@type\":\"ListItem\",\"position\":1,\"name\":\"Home\",\"item\":\"https:\\\/\\\/atami.com\\\/fr-ca\"},{\"@type\":\"ListItem\",\"position\":2,\"name\":\"Produits\",\"item\":\"https:\\\/\\\/atami.com\\\/fr-ca\\\/shop\"},{\"@type\":\"ListItem\",\"position\":3,\"name\":\"Marques\",\"item\":\"https:\\\/\\\/atami.com\\\/fr-ca\\\/categorie-produit\\\/marques\"},{\"@type\":\"ListItem\",\"position\":4,\"name\":\"B'cuzz\",\"item\":\"https:\\\/\\\/atami.com\\\/fr-ca\\\/categorie-produit\\\/marques\\\/bcuzz\"},{\"@type\":\"ListItem\",\"position\":5,\"name\":\"B&#8217;CUZZ ACCROISEMENT\"}]},{\"@type\":\"WebSite\",\"@id\":\"https:\\\/\\\/atami.com\\\/fr-ca#website\",\"url\":\"https:\\\/\\\/atami.com\\\/fr-ca\",\"name\":\"Atami\",\"description\":\"NATURALLY INNOVATING!\",\"publisher\":{\"@id\":\"https:\\\/\\\/atami.com\\\/fr-ca#organization\"},\"potentialAction\":[{\"@type\":\"SearchAction\",\"target\":{\"@type\":\"EntryPoint\",\"urlTemplate\":\"https:\\\/\\\/atami.com\\\/fr-ca?s={search_term_string}\"},\"query-input\":{\"@type\":\"PropertyValueSpecification\",\"valueRequired\":true,\"valueName\":\"search_term_string\"}}],\"inLanguage\":\"fr-CA\"},{\"@type\":\"Organization\",\"@id\":\"https:\\\/\\\/atami.com\\\/fr-ca#organization\",\"name\":\"Atami\",\"url\":\"https:\\\/\\\/atami.com\\\/fr-ca\",\"logo\":{\"@type\":\"ImageObject\",\"inLanguage\":\"fr-CA\",\"@id\":\"https:\\\/\\\/atami.com\\\/fr-ca#\\\/schema\\\/logo\\\/image\\\/\",\"url\":\"https:\\\/\\\/atami.com\\\/wp-content\\\/uploads\\\/2026\\\/01\\\/Atami-logo-696x696px.webp\",\"contentUrl\":\"https:\\\/\\\/atami.com\\\/wp-content\\\/uploads\\\/2026\\\/01\\\/Atami-logo-696x696px.webp\",\"width\":696,\"height\":696,\"caption\":\"Atami\"},\"image\":{\"@id\":\"https:\\\/\\\/atami.com\\\/fr-ca#\\\/schema\\\/logo\\\/image\\\/\"},\"sameAs\":[\"https:\\\/\\\/www.facebook.com\\\/Atami.International\",\"https:\\\/\\\/x.com\\\/AtamiEU\",\"https:\\\/\\\/www.youtube.com\\\/c\\\/AtamiInternational\",\"https:\\\/\\\/www.instagram.com\\\/atami.international\\\/\"],\"description\":\"ATAMI is a premium plant nutrition & substrate brand founded in 1997 with the mission to make exceptional cultivation achievable for everyone. From legacy to license, we offer a wide variety of innovating award-winning products to let cultivators achieve maximum results in taste & yield.\",\"email\":\"info@mginnovations.es\",\"legalName\":\"Atami\",\"numberOfEmployees\":{\"@type\":\"QuantitativeValue\",\"minValue\":\"11\",\"maxValue\":\"50\"}}]}<\/script>\n<!-- \/ Yoast SEO Premium plugin. -->","yoast_head_json":{"title":"B'cuzz Growth : Stimulez la Croissance de Vos Plantes Rapidement","description":"Il y a plus de vingt ans, nous avons commenc\u00e9 \u00e0 d\u00e9velopper B'cuzz Accroisement. Ce produit consiste en une combinaison d'azote, de magn\u00e9sium, de potassium et de fer.","robots":{"index":"index","follow":"follow","max-snippet":"max-snippet:-1","max-image-preview":"max-image-preview:large","max-video-preview":"max-video-preview:-1"},"canonical":"https:\/\/atami.com\/fr-ca\/produit\/bcuzz-growth","og_locale":"fr_CA","og_type":"article","og_title":"B'CUZZ ACCROISEMENT","og_description":"Il y a plus de vingt ans, nous avons commenc\u00e9 \u00e0 d\u00e9velopper B'cuzz Accroisement. Ce produit consiste en une combinaison d'azote, de magn\u00e9sium, de potassium et de fer.","og_url":"https:\/\/atami.com\/fr-ca\/produit\/bcuzz-growth","og_site_name":"Atami","article_publisher":"https:\/\/www.facebook.com\/Atami.International","article_modified_time":"2025-11-12T07:27:28+00:00","og_image":[{"width":1080,"height":1080,"url":"https:\/\/atami.com\/wp-content\/uploads\/2023\/02\/Bcuzz-Growth-Accroissement-product-image.webp","type":"image\/webp"}],"twitter_card":"summary_large_image","twitter_site":"@AtamiEU","twitter_misc":{"Estimation du temps de lecture":"2 minutes"},"schema":{"@context":"https:\/\/schema.org","@graph":[{"@type":"WebPage","@id":"https:\/\/atami.com\/fr-ca\/produit\/bcuzz-growth","url":"https:\/\/atami.com\/fr-ca\/produit\/bcuzz-growth","name":"B'cuzz Growth : Stimulez la Croissance de Vos Plantes Rapidement","isPartOf":{"@id":"https:\/\/atami.com\/fr-ca#website"},"primaryImageOfPage":{"@id":"https:\/\/atami.com\/fr-ca\/produit\/bcuzz-growth#primaryimage"},"image":{"@id":"https:\/\/atami.com\/fr-ca\/produit\/bcuzz-growth#primaryimage"},"thumbnailUrl":"https:\/\/atami.com\/wp-content\/uploads\/2023\/02\/Bcuzz-Growth-Accroissement-product-image.webp","datePublished":"2023-02-28T07:48:07+00:00","dateModified":"2025-11-12T07:27:28+00:00","description":"Il y a plus de vingt ans, nous avons commenc\u00e9 \u00e0 d\u00e9velopper B'cuzz Accroisement. Ce produit consiste en une combinaison d'azote, de magn\u00e9sium, de potassium et de fer.","breadcrumb":{"@id":"https:\/\/atami.com\/fr-ca\/produit\/bcuzz-growth#breadcrumb"},"inLanguage":"fr-CA","potentialAction":[{"@type":"ReadAction","target":["https:\/\/atami.com\/fr-ca\/produit\/bcuzz-growth"]}]},{"@type":"ImageObject","inLanguage":"fr-CA","@id":"https:\/\/atami.com\/fr-ca\/produit\/bcuzz-growth#primaryimage","url":"https:\/\/atami.com\/wp-content\/uploads\/2023\/02\/Bcuzz-Growth-Accroissement-product-image.webp","contentUrl":"https:\/\/atami.com\/wp-content\/uploads\/2023\/02\/Bcuzz-Growth-Accroissement-product-image.webp","width":1080,"height":1080},{"@type":"BreadcrumbList","@id":"https:\/\/atami.com\/fr-ca\/produit\/bcuzz-growth#breadcrumb","itemListElement":[{"@type":"ListItem","position":1,"name":"Home","item":"https:\/\/atami.com\/fr-ca"},{"@type":"ListItem","position":2,"name":"Produits","item":"https:\/\/atami.com\/fr-ca\/shop"},{"@type":"ListItem","position":3,"name":"Marques","item":"https:\/\/atami.com\/fr-ca\/categorie-produit\/marques"},{"@type":"ListItem","position":4,"name":"B'cuzz","item":"https:\/\/atami.com\/fr-ca\/categorie-produit\/marques\/bcuzz"},{"@type":"ListItem","position":5,"name":"B&#8217;CUZZ ACCROISEMENT"}]},{"@type":"WebSite","@id":"https:\/\/atami.com\/fr-ca#website","url":"https:\/\/atami.com\/fr-ca","name":"Atami","description":"NATURALLY INNOVATING!","publisher":{"@id":"https:\/\/atami.com\/fr-ca#organization"},"potentialAction":[{"@type":"SearchAction","target":{"@type":"EntryPoint","urlTemplate":"https:\/\/atami.com\/fr-ca?s={search_term_string}"},"query-input":{"@type":"PropertyValueSpecification","valueRequired":true,"valueName":"search_term_string"}}],"inLanguage":"fr-CA"},{"@type":"Organization","@id":"https:\/\/atami.com\/fr-ca#organization","name":"Atami","url":"https:\/\/atami.com\/fr-ca","logo":{"@type":"ImageObject","inLanguage":"fr-CA","@id":"https:\/\/atami.com\/fr-ca#\/schema\/logo\/image\/","url":"https:\/\/atami.com\/wp-content\/uploads\/2026\/01\/Atami-logo-696x696px.webp","contentUrl":"https:\/\/atami.com\/wp-content\/uploads\/2026\/01\/Atami-logo-696x696px.webp","width":696,"height":696,"caption":"Atami"},"image":{"@id":"https:\/\/atami.com\/fr-ca#\/schema\/logo\/image\/"},"sameAs":["https:\/\/www.facebook.com\/Atami.International","https:\/\/x.com\/AtamiEU","https:\/\/www.youtube.com\/c\/AtamiInternational","https:\/\/www.instagram.com\/atami.international\/"],"description":"ATAMI is a premium plant nutrition & substrate brand founded in 1997 with the mission to make exceptional cultivation achievable for everyone. From legacy to license, we offer a wide variety of innovating award-winning products to let cultivators achieve maximum results in taste & yield.","email":"info@mginnovations.es","legalName":"Atami","numberOfEmployees":{"@type":"QuantitativeValue","minValue":"11","maxValue":"50"}}]}},"_links":{"self":[{"href":"https:\/\/atami.com\/fr-ca\/wp-json\/wp\/v2\/product\/21965","targetHints":{"allow":["GET"]}}],"collection":[{"href":"https:\/\/atami.com\/fr-ca\/wp-json\/wp\/v2\/product"}],"about":[{"href":"https:\/\/atami.com\/fr-ca\/wp-json\/wp\/v2\/types\/product"}],"replies":[{"embeddable":true,"href":"https:\/\/atami.com\/fr-ca\/wp-json\/wp\/v2\/comments?post=21965"}],"wp:featuredmedia":[{"embeddable":true,"href":"https:\/\/atami.com\/fr-ca\/wp-json\/wp\/v2\/media\/202175"}],"wp:attachment":[{"href":"https:\/\/atami.com\/fr-ca\/wp-json\/wp\/v2\/media?parent=21965"}],"wp:term":[{"taxonomy":"product_brand","embeddable":true,"href":"https:\/\/atami.com\/fr-ca\/wp-json\/wp\/v2\/product_brand?post=21965"},{"taxonomy":"product_cat","embeddable":true,"href":"https:\/\/atami.com\/fr-ca\/wp-json\/wp\/v2\/product_cat?post=21965"},{"taxonomy":"product_tag","embeddable":true,"href":"https:\/\/atami.com\/fr-ca\/wp-json\/wp\/v2\/product_tag?post=21965"}],"curies":[{"name":"wp","href":"https:\/\/api.w.org\/{rel}","templated":true}]}}