{"id":21958,"date":"2023-02-07T13:09:39","date_gmt":"2023-02-07T13:09:39","guid":{"rendered":"https:\/\/atami.com\/product\/rootbastic\/"},"modified":"2025-11-10T15:41:13","modified_gmt":"2025-11-10T13:41:13","slug":"rootbastic","status":"publish","type":"product","link":"https:\/\/atami.com\/fr-ca\/produit\/rootbastic","title":{"rendered":"Rootbastic"},"content":{"rendered":"<p><strong>Rootbastic est un stimulateur de racines qui se distingue par sa forte concentration en NPK et une dose importante d\u2019oligo-\u00e9l\u00e9ments. Il poss\u00e8de une forte concentration de nutriments min\u00e9raux, d\u2019acides amin\u00e9s et d\u2019un extrait v\u00e9g\u00e9tal.<\/strong><\/p>\n<p>&nbsp;<\/p>\n<p>Pour un stimulateur de racines, Rootbastic contient une dose relativement \u00e9lev\u00e9e de NPK. Le phosphore est cependant la substance qui pr\u00e9domine. C\u2019est lui qui assure le transport et le stockage d\u2019\u00e9nergie et compose une partie importante des \u00e9l\u00e9ments de construction des cellules et de l\u2019ADN.<\/p>\n<p>&nbsp;<\/p>\n<p><strong>ADAPT\u00c9 POUR<\/strong><br \/>\nRootbastic est un nutriment universel adapt\u00e9 pour diff\u00e9rents types de fruits, l\u00e9gumes et herbes comme les citrouilles, les courgettes, les concombres, les pommes de terre, les radis, etc. Les cultivateurs exp\u00e9riment\u00e9s peuvent mesurer le dosage requis par plante \u00e0 partir des valeurs de NPK.<\/p>\n<p>&nbsp;<\/p>\n<p><strong>UTILISATION<\/strong><br \/>\nAppliquer lors des 3 premi\u00e8res semaines de la phase de croissance de la plante.<br \/>\nBien agiter avant usage. L\u2019ajout d\u2019oligo-\u00e9l\u00e9ments est indispensable dans les premi\u00e8res \u00e9tapes de croissance de la plante pour le d\u00e9veloppement racinaire.<br \/>\nAdapt\u00e9 pour les cultures en hydro, coco et terre.<\/p>\n<p>&nbsp;<\/p>\n<p><strong>DOSAGE<\/strong><br \/>\n0.1 to 0.3ml parlitre d\u2019eau<br \/>\nAugmente la valeur EC de la solution nutritive de base.<\/p>\n<p>&nbsp;<\/p>\n<p><strong>NPK 3-14-3<\/strong><\/p>\n<p>&nbsp;<\/p>\n<p><strong>DISPONIBLE EN 80ML, 250ML, 500ML<\/strong><\/p>\n","protected":false},"excerpt":{"rendered":"<p>Stimulateur de racines riche en NPK<\/p>\n","protected":false},"featured_media":202101,"comment_status":"closed","ping_status":"closed","template":"","meta":{"_acf_changed":false,"iawp_total_views":10},"product_brand":[],"product_cat":[279,202],"product_tag":[],"class_list":{"0":"post-21958","1":"product","2":"type-product","3":"status-publish","4":"has-post-thumbnail","6":"product_cat-additifs","7":"product_cat-bastics","9":"first","10":"instock","11":"shipping-taxable","12":"product-type-simple"},"acf":{"short_description":"<p><strong>Rootbastic est un stimulateur de racines qui se distingue par sa forte concentration en NPK et une dose importante d\u2019oligo-\u00e9l\u00e9ments. Il poss\u00e8de une forte concentration de nutriments min\u00e9raux, d\u2019acides amin\u00e9s et d\u2019un extrait v\u00e9g\u00e9tal.<\/strong><\/p><p>&nbsp;<\/p><p>Pour un stimulateur de racines, Rootbastic contient une dose relativement \u00e9lev\u00e9e de NPK. Le phosphore est cependant la substance qui pr\u00e9domine. C\u2019est lui qui assure le transport et le stockage d\u2019\u00e9nergie et compose une partie importante des \u00e9l\u00e9ments de construction des cellules et de l\u2019ADN.<\/p>","suitable_for":"<p>Rootbastic est un nutriment universel adapt\u00e9 pour diff\u00e9rents types de fruits, l\u00e9gumes et herbes comme les citrouilles, les courgettes, les concombres, les pommes de terre, les radis, etc. Les cultivateurs exp\u00e9riment\u00e9s peuvent mesurer le dosage requis par plante \u00e0 partir des valeurs de NPK.<\/p>","application":"<p>Appliquer lors des 3 premi\u00e8res semaines de la phase de croissance de la plante.<br \/>Bien agiter avant usage. L\u2019ajout d\u2019oligo-\u00e9l\u00e9ments est indispensable dans les premi\u00e8res \u00e9tapes de croissance de la plante pour le d\u00e9veloppement racinaire.<br \/>Adapt\u00e9 pour les cultures en hydro, coco et terre.<\/p>","dosage":"<p>0.1 to 0.3ml parlitre d\u2019eau<br \/>Augmente la valeur EC de la solution nutritive de base.<\/p>","npk_ratio":"<p>NPK 3-14-3<\/p>","available_in":"<p>80ML, 250ML, 500ML<\/p>","icon_1":191262,"icon_1_text":"PROT\u00c8GE CONTRE LE STRESS ENVIRONNEMENTAL","icon_2":10517,"icon_2_text":"UNE COMBINAISON UNIQUE DE NPK \u00c9LEV\u00c9, DE BIOSTIMULANTS ET DE BIOMIN\u00c9RAUX","icon_3":191280,"icon_3_text":"TR\u00c8S EFFICACE LES 3 PREMI\u00c8RES SEMAINES DU CYCLE DE CROISSANCE !","icon_4":191295,"icon_4_text":"AUGMENTE LA R\u00c9SISTANCE AUX MALADIES RACINAIRES !","video":"https:\/\/youtu.be\/goCGTpVKCnQ","second_image":25569,"product_image_page":480,"user_manual":"","new_icon_1":196877,"new_icon_2":196802,"new_icon_3":196892,"new_icon_4":196907,"grow_guides":null,"category":"Additif"},"yoast_head":"<!-- This site is optimized with the Yoast SEO Premium plugin v27.4 (Yoast SEO v27.4) - https:\/\/yoast.com\/product\/yoast-seo-premium-wordpress\/ -->\n<title>Rootbastic | Stimulateur de racines riche en NPK | Atami<\/title>\n<meta name=\"description\" content=\"Rootbastic est un stimulateur de racines qui se distingue par sa forte concentration en NPK et une dose importante d\u2019oligo-\u00e9l\u00e9ments. Il poss\u00e8de une forte concentration de nutriments min\u00e9raux, d\u2019acides amin\u00e9s et d\u2019un extrait v\u00e9g\u00e9tal.\" \/>\n<meta name=\"robots\" content=\"index, follow, max-snippet:-1, max-image-preview:large, max-video-preview:-1\" \/>\n<link rel=\"canonical\" href=\"https:\/\/atami.com\/fr-ca\/produit\/rootbastic\" \/>\n<meta property=\"og:locale\" content=\"fr_CA\" \/>\n<meta property=\"og:type\" content=\"article\" \/>\n<meta property=\"og:title\" content=\"Rootbastic\" \/>\n<meta property=\"og:description\" content=\"Rootbastic est un stimulateur de racines qui se distingue par sa forte concentration en NPK et une dose importante d\u2019oligo-\u00e9l\u00e9ments. Il poss\u00e8de une forte concentration de nutriments min\u00e9raux, d\u2019acides amin\u00e9s et d\u2019un extrait v\u00e9g\u00e9tal.\" \/>\n<meta property=\"og:url\" content=\"https:\/\/atami.com\/fr-ca\/produit\/rootbastic\" \/>\n<meta property=\"og:site_name\" content=\"Atami\" \/>\n<meta property=\"article:publisher\" content=\"https:\/\/www.facebook.com\/Atami.International\" \/>\n<meta property=\"article:modified_time\" content=\"2025-11-10T13:41:13+00:00\" \/>\n<meta property=\"og:image\" content=\"https:\/\/atami.com\/wp-content\/uploads\/2023\/02\/Rootbastic-product-image.webp\" \/>\n\t<meta property=\"og:image:width\" content=\"1080\" \/>\n\t<meta property=\"og:image:height\" content=\"1080\" \/>\n\t<meta property=\"og:image:type\" content=\"image\/webp\" \/>\n<meta name=\"twitter:card\" content=\"summary_large_image\" \/>\n<meta name=\"twitter:site\" content=\"@AtamiEU\" \/>\n<meta name=\"twitter:label1\" content=\"Estimation du temps de lecture\" \/>\n\t<meta name=\"twitter:data1\" content=\"2 minutes\" \/>\n<script type=\"application\/ld+json\" class=\"yoast-schema-graph\">{\"@context\":\"https:\\\/\\\/schema.org\",\"@graph\":[{\"@type\":\"WebPage\",\"@id\":\"https:\\\/\\\/atami.com\\\/fr-ca\\\/produit\\\/rootbastic\",\"url\":\"https:\\\/\\\/atami.com\\\/fr-ca\\\/produit\\\/rootbastic\",\"name\":\"Rootbastic | Stimulateur de racines riche en NPK | Atami\",\"isPartOf\":{\"@id\":\"https:\\\/\\\/atami.com\\\/fr-ca#website\"},\"primaryImageOfPage\":{\"@id\":\"https:\\\/\\\/atami.com\\\/fr-ca\\\/produit\\\/rootbastic#primaryimage\"},\"image\":{\"@id\":\"https:\\\/\\\/atami.com\\\/fr-ca\\\/produit\\\/rootbastic#primaryimage\"},\"thumbnailUrl\":\"https:\\\/\\\/atami.com\\\/wp-content\\\/uploads\\\/2023\\\/02\\\/Rootbastic-product-image.webp\",\"datePublished\":\"2023-02-07T13:09:39+00:00\",\"dateModified\":\"2025-11-10T13:41:13+00:00\",\"description\":\"Rootbastic est un stimulateur de racines qui se distingue par sa forte concentration en NPK et une dose importante d\u2019oligo-\u00e9l\u00e9ments. Il poss\u00e8de une forte concentration de nutriments min\u00e9raux, d\u2019acides amin\u00e9s et d\u2019un extrait v\u00e9g\u00e9tal.\",\"breadcrumb\":{\"@id\":\"https:\\\/\\\/atami.com\\\/fr-ca\\\/produit\\\/rootbastic#breadcrumb\"},\"inLanguage\":\"fr-CA\",\"potentialAction\":[{\"@type\":\"ReadAction\",\"target\":[\"https:\\\/\\\/atami.com\\\/fr-ca\\\/produit\\\/rootbastic\"]}]},{\"@type\":\"ImageObject\",\"inLanguage\":\"fr-CA\",\"@id\":\"https:\\\/\\\/atami.com\\\/fr-ca\\\/produit\\\/rootbastic#primaryimage\",\"url\":\"https:\\\/\\\/atami.com\\\/wp-content\\\/uploads\\\/2023\\\/02\\\/Rootbastic-product-image.webp\",\"contentUrl\":\"https:\\\/\\\/atami.com\\\/wp-content\\\/uploads\\\/2023\\\/02\\\/Rootbastic-product-image.webp\",\"width\":1080,\"height\":1080,\"caption\":\"Rootbastic fournit un m\u00e9lange puissant de nutriments et d'oligo-\u00e9l\u00e9ments pour favoriser une croissance vigoureuse des racines.\"},{\"@type\":\"BreadcrumbList\",\"@id\":\"https:\\\/\\\/atami.com\\\/fr-ca\\\/produit\\\/rootbastic#breadcrumb\",\"itemListElement\":[{\"@type\":\"ListItem\",\"position\":1,\"name\":\"Home\",\"item\":\"https:\\\/\\\/atami.com\\\/fr-ca\"},{\"@type\":\"ListItem\",\"position\":2,\"name\":\"Produits\",\"item\":\"https:\\\/\\\/atami.com\\\/fr-ca\\\/shop\"},{\"@type\":\"ListItem\",\"position\":3,\"name\":\"Marques\",\"item\":\"https:\\\/\\\/atami.com\\\/fr-ca\\\/categorie-produit\\\/marques\"},{\"@type\":\"ListItem\",\"position\":4,\"name\":\"Bastics\",\"item\":\"https:\\\/\\\/atami.com\\\/fr-ca\\\/categorie-produit\\\/marques\\\/bastics\"},{\"@type\":\"ListItem\",\"position\":5,\"name\":\"Rootbastic\"}]},{\"@type\":\"WebSite\",\"@id\":\"https:\\\/\\\/atami.com\\\/fr-ca#website\",\"url\":\"https:\\\/\\\/atami.com\\\/fr-ca\",\"name\":\"Atami\",\"description\":\"NATURALLY INNOVATING!\",\"publisher\":{\"@id\":\"https:\\\/\\\/atami.com\\\/fr-ca#organization\"},\"potentialAction\":[{\"@type\":\"SearchAction\",\"target\":{\"@type\":\"EntryPoint\",\"urlTemplate\":\"https:\\\/\\\/atami.com\\\/fr-ca?s={search_term_string}\"},\"query-input\":{\"@type\":\"PropertyValueSpecification\",\"valueRequired\":true,\"valueName\":\"search_term_string\"}}],\"inLanguage\":\"fr-CA\"},{\"@type\":\"Organization\",\"@id\":\"https:\\\/\\\/atami.com\\\/fr-ca#organization\",\"name\":\"Atami\",\"url\":\"https:\\\/\\\/atami.com\\\/fr-ca\",\"logo\":{\"@type\":\"ImageObject\",\"inLanguage\":\"fr-CA\",\"@id\":\"https:\\\/\\\/atami.com\\\/fr-ca#\\\/schema\\\/logo\\\/image\\\/\",\"url\":\"https:\\\/\\\/atami.com\\\/wp-content\\\/uploads\\\/2026\\\/01\\\/Atami-logo-696x696px.webp\",\"contentUrl\":\"https:\\\/\\\/atami.com\\\/wp-content\\\/uploads\\\/2026\\\/01\\\/Atami-logo-696x696px.webp\",\"width\":696,\"height\":696,\"caption\":\"Atami\"},\"image\":{\"@id\":\"https:\\\/\\\/atami.com\\\/fr-ca#\\\/schema\\\/logo\\\/image\\\/\"},\"sameAs\":[\"https:\\\/\\\/www.facebook.com\\\/Atami.International\",\"https:\\\/\\\/x.com\\\/AtamiEU\",\"https:\\\/\\\/www.youtube.com\\\/c\\\/AtamiInternational\",\"https:\\\/\\\/www.instagram.com\\\/atami.international\\\/\"],\"description\":\"ATAMI is a premium plant nutrition & substrate brand founded in 1997 with the mission to make exceptional cultivation achievable for everyone. From legacy to license, we offer a wide variety of innovating award-winning products to let cultivators achieve maximum results in taste & yield.\",\"email\":\"info@mginnovations.es\",\"legalName\":\"Atami\",\"numberOfEmployees\":{\"@type\":\"QuantitativeValue\",\"minValue\":\"11\",\"maxValue\":\"50\"}}]}<\/script>\n<!-- \/ Yoast SEO Premium plugin. -->","yoast_head_json":{"title":"Rootbastic | Stimulateur de racines riche en NPK | Atami","description":"Rootbastic est un stimulateur de racines qui se distingue par sa forte concentration en NPK et une dose importante d\u2019oligo-\u00e9l\u00e9ments. Il poss\u00e8de une forte concentration de nutriments min\u00e9raux, d\u2019acides amin\u00e9s et d\u2019un extrait v\u00e9g\u00e9tal.","robots":{"index":"index","follow":"follow","max-snippet":"max-snippet:-1","max-image-preview":"max-image-preview:large","max-video-preview":"max-video-preview:-1"},"canonical":"https:\/\/atami.com\/fr-ca\/produit\/rootbastic","og_locale":"fr_CA","og_type":"article","og_title":"Rootbastic","og_description":"Rootbastic est un stimulateur de racines qui se distingue par sa forte concentration en NPK et une dose importante d\u2019oligo-\u00e9l\u00e9ments. Il poss\u00e8de une forte concentration de nutriments min\u00e9raux, d\u2019acides amin\u00e9s et d\u2019un extrait v\u00e9g\u00e9tal.","og_url":"https:\/\/atami.com\/fr-ca\/produit\/rootbastic","og_site_name":"Atami","article_publisher":"https:\/\/www.facebook.com\/Atami.International","article_modified_time":"2025-11-10T13:41:13+00:00","og_image":[{"width":1080,"height":1080,"url":"https:\/\/atami.com\/wp-content\/uploads\/2023\/02\/Rootbastic-product-image.webp","type":"image\/webp"}],"twitter_card":"summary_large_image","twitter_site":"@AtamiEU","twitter_misc":{"Estimation du temps de lecture":"2 minutes"},"schema":{"@context":"https:\/\/schema.org","@graph":[{"@type":"WebPage","@id":"https:\/\/atami.com\/fr-ca\/produit\/rootbastic","url":"https:\/\/atami.com\/fr-ca\/produit\/rootbastic","name":"Rootbastic | Stimulateur de racines riche en NPK | Atami","isPartOf":{"@id":"https:\/\/atami.com\/fr-ca#website"},"primaryImageOfPage":{"@id":"https:\/\/atami.com\/fr-ca\/produit\/rootbastic#primaryimage"},"image":{"@id":"https:\/\/atami.com\/fr-ca\/produit\/rootbastic#primaryimage"},"thumbnailUrl":"https:\/\/atami.com\/wp-content\/uploads\/2023\/02\/Rootbastic-product-image.webp","datePublished":"2023-02-07T13:09:39+00:00","dateModified":"2025-11-10T13:41:13+00:00","description":"Rootbastic est un stimulateur de racines qui se distingue par sa forte concentration en NPK et une dose importante d\u2019oligo-\u00e9l\u00e9ments. Il poss\u00e8de une forte concentration de nutriments min\u00e9raux, d\u2019acides amin\u00e9s et d\u2019un extrait v\u00e9g\u00e9tal.","breadcrumb":{"@id":"https:\/\/atami.com\/fr-ca\/produit\/rootbastic#breadcrumb"},"inLanguage":"fr-CA","potentialAction":[{"@type":"ReadAction","target":["https:\/\/atami.com\/fr-ca\/produit\/rootbastic"]}]},{"@type":"ImageObject","inLanguage":"fr-CA","@id":"https:\/\/atami.com\/fr-ca\/produit\/rootbastic#primaryimage","url":"https:\/\/atami.com\/wp-content\/uploads\/2023\/02\/Rootbastic-product-image.webp","contentUrl":"https:\/\/atami.com\/wp-content\/uploads\/2023\/02\/Rootbastic-product-image.webp","width":1080,"height":1080,"caption":"Rootbastic fournit un m\u00e9lange puissant de nutriments et d'oligo-\u00e9l\u00e9ments pour favoriser une croissance vigoureuse des racines."},{"@type":"BreadcrumbList","@id":"https:\/\/atami.com\/fr-ca\/produit\/rootbastic#breadcrumb","itemListElement":[{"@type":"ListItem","position":1,"name":"Home","item":"https:\/\/atami.com\/fr-ca"},{"@type":"ListItem","position":2,"name":"Produits","item":"https:\/\/atami.com\/fr-ca\/shop"},{"@type":"ListItem","position":3,"name":"Marques","item":"https:\/\/atami.com\/fr-ca\/categorie-produit\/marques"},{"@type":"ListItem","position":4,"name":"Bastics","item":"https:\/\/atami.com\/fr-ca\/categorie-produit\/marques\/bastics"},{"@type":"ListItem","position":5,"name":"Rootbastic"}]},{"@type":"WebSite","@id":"https:\/\/atami.com\/fr-ca#website","url":"https:\/\/atami.com\/fr-ca","name":"Atami","description":"NATURALLY INNOVATING!","publisher":{"@id":"https:\/\/atami.com\/fr-ca#organization"},"potentialAction":[{"@type":"SearchAction","target":{"@type":"EntryPoint","urlTemplate":"https:\/\/atami.com\/fr-ca?s={search_term_string}"},"query-input":{"@type":"PropertyValueSpecification","valueRequired":true,"valueName":"search_term_string"}}],"inLanguage":"fr-CA"},{"@type":"Organization","@id":"https:\/\/atami.com\/fr-ca#organization","name":"Atami","url":"https:\/\/atami.com\/fr-ca","logo":{"@type":"ImageObject","inLanguage":"fr-CA","@id":"https:\/\/atami.com\/fr-ca#\/schema\/logo\/image\/","url":"https:\/\/atami.com\/wp-content\/uploads\/2026\/01\/Atami-logo-696x696px.webp","contentUrl":"https:\/\/atami.com\/wp-content\/uploads\/2026\/01\/Atami-logo-696x696px.webp","width":696,"height":696,"caption":"Atami"},"image":{"@id":"https:\/\/atami.com\/fr-ca#\/schema\/logo\/image\/"},"sameAs":["https:\/\/www.facebook.com\/Atami.International","https:\/\/x.com\/AtamiEU","https:\/\/www.youtube.com\/c\/AtamiInternational","https:\/\/www.instagram.com\/atami.international\/"],"description":"ATAMI is a premium plant nutrition & substrate brand founded in 1997 with the mission to make exceptional cultivation achievable for everyone. From legacy to license, we offer a wide variety of innovating award-winning products to let cultivators achieve maximum results in taste & yield.","email":"info@mginnovations.es","legalName":"Atami","numberOfEmployees":{"@type":"QuantitativeValue","minValue":"11","maxValue":"50"}}]}},"_links":{"self":[{"href":"https:\/\/atami.com\/fr-ca\/wp-json\/wp\/v2\/product\/21958","targetHints":{"allow":["GET"]}}],"collection":[{"href":"https:\/\/atami.com\/fr-ca\/wp-json\/wp\/v2\/product"}],"about":[{"href":"https:\/\/atami.com\/fr-ca\/wp-json\/wp\/v2\/types\/product"}],"replies":[{"embeddable":true,"href":"https:\/\/atami.com\/fr-ca\/wp-json\/wp\/v2\/comments?post=21958"}],"wp:featuredmedia":[{"embeddable":true,"href":"https:\/\/atami.com\/fr-ca\/wp-json\/wp\/v2\/media\/202101"}],"wp:attachment":[{"href":"https:\/\/atami.com\/fr-ca\/wp-json\/wp\/v2\/media?parent=21958"}],"wp:term":[{"taxonomy":"product_brand","embeddable":true,"href":"https:\/\/atami.com\/fr-ca\/wp-json\/wp\/v2\/product_brand?post=21958"},{"taxonomy":"product_cat","embeddable":true,"href":"https:\/\/atami.com\/fr-ca\/wp-json\/wp\/v2\/product_cat?post=21958"},{"taxonomy":"product_tag","embeddable":true,"href":"https:\/\/atami.com\/fr-ca\/wp-json\/wp\/v2\/product_tag?post=21958"}],"curies":[{"name":"wp","href":"https:\/\/api.w.org\/{rel}","templated":true}]}}