{"id":21956,"date":"2023-02-06T13:16:50","date_gmt":"2023-02-06T13:16:50","guid":{"rendered":"https:\/\/atami.com\/product\/bloombastic\/"},"modified":"2025-11-10T15:41:32","modified_gmt":"2025-11-10T13:41:32","slug":"bloombastic","status":"publish","type":"product","link":"https:\/\/atami.com\/fr-ca\/produit\/bloombastic","title":{"rendered":"Bloombastic"},"content":{"rendered":"<p><strong>L\u2019additif de floraison tout-en-un Bloombastic, agit comme un stimulateur, un durcisseur, un exhausteur de go\u00fbt et comme un activateur de diff\u00e9rents processus enzymatiques. Un cocktail de haute qualit\u00e9 compos\u00e9 de divers min\u00e9raux et compos\u00e9s organiques r\u00e9compens\u00e9 par un prix international.<\/strong><\/p>\n<p>&nbsp;<\/p>\n<p>Compar\u00e9 \u00e0 d\u2019autres produits de floraison liquides, Bloombastic contient plus de 50% de biomin\u00e9raux suppl\u00e9mentaires (phosphore et potassium) pour lesquels aucune substance non assimilable n\u2019a \u00e9t\u00e9 utilis\u00e9e (sodium et chlore). Bloombastica \u00e9galement une influence enzymatique dans plusieurs domaines et a par cons\u00e9quent une influence de pr\u00e9vention et de r\u00e9duction du stress sur la plante. Bloombastic augmente la teneur en sucre de votre r\u00e9colte et donc son poids et son odeur. Gr\u00e2ce \u00e0 une explosion de la production de sucre et de fleurs, Bloombastic fournit des fleurs \u00e9paisses, denses et agr\u00e9ablement parfum\u00e9es. La combinaison de ces caract\u00e9ristiques permet \u00e0 Bloombastic de remplacer divers autres produits.<\/p>\n<p>&nbsp;<\/p>\n<p><strong>ADAPT\u00c9 POUR<\/strong><br \/>\nBloombastic est un nutriment universel adapt\u00e9 pour diff\u00e9rents types de l\u00e9gumes, fruits et herbes tels que les piments, les fraises ou les myrtilles. Il peut \u00e9galement \u00eatre utilis\u00e9 pour les plantes ornementales \u00e0 fleurs (par ex.\u00a0: les orchid\u00e9es, les violettes). Les cultivateurs exp\u00e9riment\u00e9s peuvent mesurer le dosage requis par la plante \u00e0 partir des valeurs de NPK.<br \/>\nAdapt\u00e9 pour les cultures en hydro, coco et terre.<\/p>\n<p>&nbsp;<\/p>\n<p><strong>UTILISATION<\/strong><br \/>\nAppliquer dans les 4 \u00e0 6 derni\u00e8res semaines de floraison et de maturation en combinaison avec les nutriments de base. Bloombastic peut \u00eatre utilis\u00e9 sur n\u2019importe quel substrat et convient \u00e0 tous les syst\u00e8mes d\u2019irrigation. L\u2019utilisation de Bloombastic avec, par exemple, <a href=\"https:\/\/atami.com\/fr-ca\/produit\/bcuzz-bloom\/\"><strong>B\u2019cuzz Bloom<\/strong><\/a> est un excellent moyen pour les cultivateurs d\u2019amplifier davantage l\u2019effet stimulant de la phase de floraison. Il peut \u00eatre combin\u00e9 avec des nutriments de base mais il faut faire attention \u00e0 la valeur EC de votre solution nutritive. Associer Bloombastic avec un(autre) nutriment PK est non seulement inutile, mais potentiellement risqu\u00e9 en raison du risque de fertilisation excessive.<\/p>\n<p>&nbsp;<\/p>\n<p><strong>DOSAGE<\/strong><br \/>\n0.5 \u2013 1.0ml par litre d\u2019eau<br \/>\nAugmente la valeur EC de votre solution nutritive de base.<\/p>\n<p>&nbsp;<\/p>\n<p><strong>NPK 0-14-15<\/strong><\/p>\n<p>&nbsp;<\/p>\n<p><strong>DISPONIBLE EN 80ML, 325ML, 1250ML, 5,5L, 10L<\/strong><\/p>\n","protected":false},"excerpt":{"rendered":"<p>Additif tout-en-un pour la floraison<\/p>\n","protected":false},"featured_media":202116,"comment_status":"closed","ping_status":"closed","template":"","meta":{"_acf_changed":false,"iawp_total_views":26},"product_brand":[],"product_cat":[279,202],"product_tag":[],"class_list":{"0":"post-21956","1":"product","2":"type-product","3":"status-publish","4":"has-post-thumbnail","6":"product_cat-additifs","7":"product_cat-bastics","9":"first","10":"instock","11":"shipping-taxable","12":"purchasable","13":"product-type-simple"},"acf":{"short_description":"<p><strong>L\u2019additif de floraison tout-en-un Bloombastic, agit comme un stimulateur, un durcisseur, un exhausteur de go\u00fbt et comme un activateur de diff\u00e9rents processus enzymatiques. Un cocktail de haute qualit\u00e9 compos\u00e9 de divers min\u00e9raux et compos\u00e9s organiques r\u00e9compens\u00e9 par un prix international.<\/strong><\/p><p>&nbsp;<\/p><p>Compar\u00e9 \u00e0 d\u2019autres produits de floraison liquides, Bloombastic contient plus de 50% de biomin\u00e9raux suppl\u00e9mentaires (phosphore et potassium) pour lesquels aucune substance non assimilable n\u2019a \u00e9t\u00e9 utilis\u00e9e (sodium et chlore). Bloombastica \u00e9galement une influence enzymatique dans plusieurs domaines et a par cons\u00e9quent une influence de pr\u00e9vention et de r\u00e9duction du stress sur la plante. Bloombastic augmente la teneur en sucre de votre r\u00e9colte et donc son poids et son odeur. Gr\u00e2ce \u00e0 une explosion de la production de sucre et de fleurs, Bloombastic fournit des fleurs \u00e9paisses, denses et agr\u00e9ablement parfum\u00e9es. La combinaison de ces caract\u00e9ristiques permet \u00e0 Bloombastic de remplacer divers autres produits.<\/p>","suitable_for":"<p>Bloombastic est un nutriment universel adapt\u00e9 pour diff\u00e9rents types de l\u00e9gumes, fruits et herbes tels que les piments, les fraises ou les myrtilles. Il peut \u00e9galement \u00eatre utilis\u00e9 pour les plantes ornementales \u00e0 fleurs (par ex.\u00a0: les orchid\u00e9es, les violettes). Les cultivateurs exp\u00e9riment\u00e9s peuvent mesurer le dosage requis par la plante \u00e0 partir des valeurs de NPK.<br \/>Adapt\u00e9 pour les cultures en hydro, coco et terre.<\/p>","application":"<p>Appliquer dans les 4 \u00e0 6 derni\u00e8res semaines de floraison et de maturation en combinaison avec les nutriments de base. Bloombastic peut \u00eatre utilis\u00e9 sur n\u2019importe quel substrat et convient \u00e0 tous les syst\u00e8mes d\u2019irrigation. L\u2019utilisation de Bloombastic avec, par exemple, <a href=\"https:\/\/atami.com\/fr-ca\/produit\/bcuzz-bloom\/\"><strong>B\u2019cuzz Bloom<\/strong><\/a> est un excellent moyen pour les cultivateurs d\u2019amplifier davantage l\u2019effet stimulant de la phase de floraison. Il peut \u00eatre combin\u00e9 avec des nutriments de base mais il faut faire attention \u00e0 la valeur EC de votre solution nutritive. Associer Bloombastic avec un(autre) nutriment PK est non seulement inutile, mais potentiellement risqu\u00e9 en raison du risque de fertilisation excessive.<\/p>","dosage":"<p>0.5 \u2013 1.0ml par litre d\u2019eau<br \/>Augmente la valeur EC de votre solution nutritive de base.<\/p>","npk_ratio":"<p>NPK 0-14-15<\/p>","available_in":"<p>80ML, 325ML, 1250ML, 5,5L, 10L<\/p>","icon_1":10512,"icon_1_text":"CONTIENT PLUS DE 50% DE PHOSPHORE ET DE POTASSIUM DE PLUS QUE LES AUTRES PRODUITS DE FLORAISON LIQUIDES SUR LE MARCH\u00c9","icon_2":10517,"icon_2_text":"UN COCKTAIL DE BIOMIN\u00c9RAUX ET DE BIOSTIMULATEURS DE HAUTE QUALIT\u00c9","icon_3":10522,"icon_3_text":"AUGMENTE LA TENEUR EN SUCRE, LE POIDS ET L\u2019ODEUR !","icon_4":10527,"icon_4_text":"EXPLOSION DE LA PRODUCTION DE SUCRE ET DE FLEURS","video":"https:\/\/youtu.be\/FIgtkOLSafU","second_image":194147,"product_image_page":10537,"user_manual":"","new_icon_1":196787,"new_icon_2":196802,"new_icon_3":196817,"new_icon_4":196832,"grow_guides":"","category":"Additif"},"yoast_head":"<!-- This site is optimized with the Yoast SEO Premium plugin v27.5 (Yoast SEO v27.5) - https:\/\/yoast.com\/product\/yoast-seo-premium-wordpress\/ -->\n<title>Bloombastic: Additif Tout-en-Un pour des Fleurs Denses et Parfum\u00e9es<\/title>\n<meta name=\"description\" content=\"Boostez vos r\u00e9coltes avec Bloombastic, un additif de floraison tout-en-un. Augmentez la production de fleurs, leur taille, poids et parfum gr\u00e2ce \u00e0 ce produit innovant, id\u00e9al pour tous les types de plantes \u00e0 fleurs.\" \/>\n<meta name=\"robots\" content=\"index, follow, max-snippet:-1, max-image-preview:large, max-video-preview:-1\" \/>\n<link rel=\"canonical\" href=\"https:\/\/atami.com\/fr-ca\/produit\/bloombastic\" \/>\n<meta property=\"og:locale\" content=\"fr_CA\" \/>\n<meta property=\"og:type\" content=\"article\" \/>\n<meta property=\"og:title\" content=\"Bloombastic\" \/>\n<meta property=\"og:description\" content=\"Boostez vos r\u00e9coltes avec Bloombastic, un additif de floraison tout-en-un. Augmentez la production de fleurs, leur taille, poids et parfum gr\u00e2ce \u00e0 ce produit innovant, id\u00e9al pour tous les types de plantes \u00e0 fleurs.\" \/>\n<meta property=\"og:url\" content=\"https:\/\/atami.com\/fr-ca\/produit\/bloombastic\" \/>\n<meta property=\"og:site_name\" content=\"Atami\" \/>\n<meta property=\"article:publisher\" content=\"https:\/\/www.facebook.com\/Atami.International\" \/>\n<meta property=\"article:modified_time\" content=\"2025-11-10T13:41:32+00:00\" \/>\n<meta property=\"og:image\" content=\"https:\/\/atami.com\/wp-content\/uploads\/2025\/01\/Bloombastic-product-image-CA-1.webp\" \/>\n\t<meta property=\"og:image:width\" content=\"1080\" \/>\n\t<meta property=\"og:image:height\" content=\"1080\" \/>\n\t<meta property=\"og:image:type\" content=\"image\/webp\" \/>\n<meta name=\"twitter:card\" content=\"summary_large_image\" \/>\n<meta name=\"twitter:site\" content=\"@AtamiEU\" \/>\n<meta name=\"twitter:label1\" content=\"Estimation du temps de lecture\" \/>\n\t<meta name=\"twitter:data1\" content=\"2 minutes\" \/>\n<script type=\"application\/ld+json\" class=\"yoast-schema-graph\">{\"@context\":\"https:\\\/\\\/schema.org\",\"@graph\":[{\"@type\":\"WebPage\",\"@id\":\"https:\\\/\\\/atami.com\\\/fr-ca\\\/produit\\\/bloombastic\",\"url\":\"https:\\\/\\\/atami.com\\\/fr-ca\\\/produit\\\/bloombastic\",\"name\":\"Bloombastic: Additif Tout-en-Un pour des Fleurs Denses et Parfum\u00e9es\",\"isPartOf\":{\"@id\":\"https:\\\/\\\/atami.com\\\/fr-ca#website\"},\"primaryImageOfPage\":{\"@id\":\"https:\\\/\\\/atami.com\\\/fr-ca\\\/produit\\\/bloombastic#primaryimage\"},\"image\":{\"@id\":\"https:\\\/\\\/atami.com\\\/fr-ca\\\/produit\\\/bloombastic#primaryimage\"},\"thumbnailUrl\":\"https:\\\/\\\/atami.com\\\/wp-content\\\/uploads\\\/2025\\\/01\\\/Bloombastic-product-image-CA-1.webp\",\"datePublished\":\"2023-02-06T13:16:50+00:00\",\"dateModified\":\"2025-11-10T13:41:32+00:00\",\"description\":\"Boostez vos r\u00e9coltes avec Bloombastic, un additif de floraison tout-en-un. Augmentez la production de fleurs, leur taille, poids et parfum gr\u00e2ce \u00e0 ce produit innovant, id\u00e9al pour tous les types de plantes \u00e0 fleurs.\",\"breadcrumb\":{\"@id\":\"https:\\\/\\\/atami.com\\\/fr-ca\\\/produit\\\/bloombastic#breadcrumb\"},\"inLanguage\":\"fr-CA\",\"potentialAction\":[{\"@type\":\"ReadAction\",\"target\":[\"https:\\\/\\\/atami.com\\\/fr-ca\\\/produit\\\/bloombastic\"]}]},{\"@type\":\"ImageObject\",\"inLanguage\":\"fr-CA\",\"@id\":\"https:\\\/\\\/atami.com\\\/fr-ca\\\/produit\\\/bloombastic#primaryimage\",\"url\":\"https:\\\/\\\/atami.com\\\/wp-content\\\/uploads\\\/2025\\\/01\\\/Bloombastic-product-image-CA-1.webp\",\"contentUrl\":\"https:\\\/\\\/atami.com\\\/wp-content\\\/uploads\\\/2025\\\/01\\\/Bloombastic-product-image-CA-1.webp\",\"width\":1080,\"height\":1080,\"caption\":\"Bloombastic fournit un cocktail de min\u00e9raux et de compos\u00e9s organiques de haute qualit\u00e9 pour am\u00e9liorer la production et la saveur des fleurs.\"},{\"@type\":\"BreadcrumbList\",\"@id\":\"https:\\\/\\\/atami.com\\\/fr-ca\\\/produit\\\/bloombastic#breadcrumb\",\"itemListElement\":[{\"@type\":\"ListItem\",\"position\":1,\"name\":\"Home\",\"item\":\"https:\\\/\\\/atami.com\\\/fr-ca\"},{\"@type\":\"ListItem\",\"position\":2,\"name\":\"Produits\",\"item\":\"https:\\\/\\\/atami.com\\\/fr-ca\\\/shop\"},{\"@type\":\"ListItem\",\"position\":3,\"name\":\"Marques\",\"item\":\"https:\\\/\\\/atami.com\\\/fr-ca\\\/categorie-produit\\\/marques\"},{\"@type\":\"ListItem\",\"position\":4,\"name\":\"Bastics\",\"item\":\"https:\\\/\\\/atami.com\\\/fr-ca\\\/categorie-produit\\\/marques\\\/bastics\"},{\"@type\":\"ListItem\",\"position\":5,\"name\":\"Bloombastic\"}]},{\"@type\":\"WebSite\",\"@id\":\"https:\\\/\\\/atami.com\\\/fr-ca#website\",\"url\":\"https:\\\/\\\/atami.com\\\/fr-ca\",\"name\":\"Atami\",\"description\":\"NATURALLY INNOVATING!\",\"publisher\":{\"@id\":\"https:\\\/\\\/atami.com\\\/fr-ca#organization\"},\"potentialAction\":[{\"@type\":\"SearchAction\",\"target\":{\"@type\":\"EntryPoint\",\"urlTemplate\":\"https:\\\/\\\/atami.com\\\/fr-ca?s={search_term_string}\"},\"query-input\":{\"@type\":\"PropertyValueSpecification\",\"valueRequired\":true,\"valueName\":\"search_term_string\"}}],\"inLanguage\":\"fr-CA\"},{\"@type\":\"Organization\",\"@id\":\"https:\\\/\\\/atami.com\\\/fr-ca#organization\",\"name\":\"Atami\",\"url\":\"https:\\\/\\\/atami.com\\\/fr-ca\",\"logo\":{\"@type\":\"ImageObject\",\"inLanguage\":\"fr-CA\",\"@id\":\"https:\\\/\\\/atami.com\\\/fr-ca#\\\/schema\\\/logo\\\/image\\\/\",\"url\":\"https:\\\/\\\/atami.com\\\/wp-content\\\/uploads\\\/2026\\\/01\\\/Atami-logo-696x696px.webp\",\"contentUrl\":\"https:\\\/\\\/atami.com\\\/wp-content\\\/uploads\\\/2026\\\/01\\\/Atami-logo-696x696px.webp\",\"width\":696,\"height\":696,\"caption\":\"Atami\"},\"image\":{\"@id\":\"https:\\\/\\\/atami.com\\\/fr-ca#\\\/schema\\\/logo\\\/image\\\/\"},\"sameAs\":[\"https:\\\/\\\/www.facebook.com\\\/Atami.International\",\"https:\\\/\\\/x.com\\\/AtamiEU\",\"https:\\\/\\\/www.youtube.com\\\/c\\\/AtamiInternational\",\"https:\\\/\\\/www.instagram.com\\\/atami.international\\\/\"],\"description\":\"ATAMI is a premium plant nutrition & substrate brand founded in 1997 with the mission to make exceptional cultivation achievable for everyone. From legacy to license, we offer a wide variety of innovating award-winning products to let cultivators achieve maximum results in taste & yield.\",\"email\":\"info@mginnovations.es\",\"legalName\":\"Atami\",\"numberOfEmployees\":{\"@type\":\"QuantitativeValue\",\"minValue\":\"11\",\"maxValue\":\"50\"}}]}<\/script>\n<!-- \/ Yoast SEO Premium plugin. -->","yoast_head_json":{"title":"Bloombastic: Additif Tout-en-Un pour des Fleurs Denses et Parfum\u00e9es","description":"Boostez vos r\u00e9coltes avec Bloombastic, un additif de floraison tout-en-un. Augmentez la production de fleurs, leur taille, poids et parfum gr\u00e2ce \u00e0 ce produit innovant, id\u00e9al pour tous les types de plantes \u00e0 fleurs.","robots":{"index":"index","follow":"follow","max-snippet":"max-snippet:-1","max-image-preview":"max-image-preview:large","max-video-preview":"max-video-preview:-1"},"canonical":"https:\/\/atami.com\/fr-ca\/produit\/bloombastic","og_locale":"fr_CA","og_type":"article","og_title":"Bloombastic","og_description":"Boostez vos r\u00e9coltes avec Bloombastic, un additif de floraison tout-en-un. Augmentez la production de fleurs, leur taille, poids et parfum gr\u00e2ce \u00e0 ce produit innovant, id\u00e9al pour tous les types de plantes \u00e0 fleurs.","og_url":"https:\/\/atami.com\/fr-ca\/produit\/bloombastic","og_site_name":"Atami","article_publisher":"https:\/\/www.facebook.com\/Atami.International","article_modified_time":"2025-11-10T13:41:32+00:00","og_image":[{"width":1080,"height":1080,"url":"https:\/\/atami.com\/wp-content\/uploads\/2025\/01\/Bloombastic-product-image-CA-1.webp","type":"image\/webp"}],"twitter_card":"summary_large_image","twitter_site":"@AtamiEU","twitter_misc":{"Estimation du temps de lecture":"2 minutes"},"schema":{"@context":"https:\/\/schema.org","@graph":[{"@type":"WebPage","@id":"https:\/\/atami.com\/fr-ca\/produit\/bloombastic","url":"https:\/\/atami.com\/fr-ca\/produit\/bloombastic","name":"Bloombastic: Additif Tout-en-Un pour des Fleurs Denses et Parfum\u00e9es","isPartOf":{"@id":"https:\/\/atami.com\/fr-ca#website"},"primaryImageOfPage":{"@id":"https:\/\/atami.com\/fr-ca\/produit\/bloombastic#primaryimage"},"image":{"@id":"https:\/\/atami.com\/fr-ca\/produit\/bloombastic#primaryimage"},"thumbnailUrl":"https:\/\/atami.com\/wp-content\/uploads\/2025\/01\/Bloombastic-product-image-CA-1.webp","datePublished":"2023-02-06T13:16:50+00:00","dateModified":"2025-11-10T13:41:32+00:00","description":"Boostez vos r\u00e9coltes avec Bloombastic, un additif de floraison tout-en-un. Augmentez la production de fleurs, leur taille, poids et parfum gr\u00e2ce \u00e0 ce produit innovant, id\u00e9al pour tous les types de plantes \u00e0 fleurs.","breadcrumb":{"@id":"https:\/\/atami.com\/fr-ca\/produit\/bloombastic#breadcrumb"},"inLanguage":"fr-CA","potentialAction":[{"@type":"ReadAction","target":["https:\/\/atami.com\/fr-ca\/produit\/bloombastic"]}]},{"@type":"ImageObject","inLanguage":"fr-CA","@id":"https:\/\/atami.com\/fr-ca\/produit\/bloombastic#primaryimage","url":"https:\/\/atami.com\/wp-content\/uploads\/2025\/01\/Bloombastic-product-image-CA-1.webp","contentUrl":"https:\/\/atami.com\/wp-content\/uploads\/2025\/01\/Bloombastic-product-image-CA-1.webp","width":1080,"height":1080,"caption":"Bloombastic fournit un cocktail de min\u00e9raux et de compos\u00e9s organiques de haute qualit\u00e9 pour am\u00e9liorer la production et la saveur des fleurs."},{"@type":"BreadcrumbList","@id":"https:\/\/atami.com\/fr-ca\/produit\/bloombastic#breadcrumb","itemListElement":[{"@type":"ListItem","position":1,"name":"Home","item":"https:\/\/atami.com\/fr-ca"},{"@type":"ListItem","position":2,"name":"Produits","item":"https:\/\/atami.com\/fr-ca\/shop"},{"@type":"ListItem","position":3,"name":"Marques","item":"https:\/\/atami.com\/fr-ca\/categorie-produit\/marques"},{"@type":"ListItem","position":4,"name":"Bastics","item":"https:\/\/atami.com\/fr-ca\/categorie-produit\/marques\/bastics"},{"@type":"ListItem","position":5,"name":"Bloombastic"}]},{"@type":"WebSite","@id":"https:\/\/atami.com\/fr-ca#website","url":"https:\/\/atami.com\/fr-ca","name":"Atami","description":"NATURALLY INNOVATING!","publisher":{"@id":"https:\/\/atami.com\/fr-ca#organization"},"potentialAction":[{"@type":"SearchAction","target":{"@type":"EntryPoint","urlTemplate":"https:\/\/atami.com\/fr-ca?s={search_term_string}"},"query-input":{"@type":"PropertyValueSpecification","valueRequired":true,"valueName":"search_term_string"}}],"inLanguage":"fr-CA"},{"@type":"Organization","@id":"https:\/\/atami.com\/fr-ca#organization","name":"Atami","url":"https:\/\/atami.com\/fr-ca","logo":{"@type":"ImageObject","inLanguage":"fr-CA","@id":"https:\/\/atami.com\/fr-ca#\/schema\/logo\/image\/","url":"https:\/\/atami.com\/wp-content\/uploads\/2026\/01\/Atami-logo-696x696px.webp","contentUrl":"https:\/\/atami.com\/wp-content\/uploads\/2026\/01\/Atami-logo-696x696px.webp","width":696,"height":696,"caption":"Atami"},"image":{"@id":"https:\/\/atami.com\/fr-ca#\/schema\/logo\/image\/"},"sameAs":["https:\/\/www.facebook.com\/Atami.International","https:\/\/x.com\/AtamiEU","https:\/\/www.youtube.com\/c\/AtamiInternational","https:\/\/www.instagram.com\/atami.international\/"],"description":"ATAMI is a premium plant nutrition & substrate brand founded in 1997 with the mission to make exceptional cultivation achievable for everyone. From legacy to license, we offer a wide variety of innovating award-winning products to let cultivators achieve maximum results in taste & yield.","email":"info@mginnovations.es","legalName":"Atami","numberOfEmployees":{"@type":"QuantitativeValue","minValue":"11","maxValue":"50"}}]}},"_links":{"self":[{"href":"https:\/\/atami.com\/fr-ca\/wp-json\/wp\/v2\/product\/21956","targetHints":{"allow":["GET"]}}],"collection":[{"href":"https:\/\/atami.com\/fr-ca\/wp-json\/wp\/v2\/product"}],"about":[{"href":"https:\/\/atami.com\/fr-ca\/wp-json\/wp\/v2\/types\/product"}],"replies":[{"embeddable":true,"href":"https:\/\/atami.com\/fr-ca\/wp-json\/wp\/v2\/comments?post=21956"}],"wp:featuredmedia":[{"embeddable":true,"href":"https:\/\/atami.com\/fr-ca\/wp-json\/wp\/v2\/media\/202116"}],"wp:attachment":[{"href":"https:\/\/atami.com\/fr-ca\/wp-json\/wp\/v2\/media?parent=21956"}],"wp:term":[{"taxonomy":"product_brand","embeddable":true,"href":"https:\/\/atami.com\/fr-ca\/wp-json\/wp\/v2\/product_brand?post=21956"},{"taxonomy":"product_cat","embeddable":true,"href":"https:\/\/atami.com\/fr-ca\/wp-json\/wp\/v2\/product_cat?post=21956"},{"taxonomy":"product_tag","embeddable":true,"href":"https:\/\/atami.com\/fr-ca\/wp-json\/wp\/v2\/product_tag?post=21956"}],"curies":[{"name":"wp","href":"https:\/\/api.w.org\/{rel}","templated":true}]}}