{"id":48778,"date":"2023-09-01T05:00:39","date_gmt":"2023-09-01T05:00:39","guid":{"rendered":"https:\/\/atami.com\/?post_type=product&#038;p=48778"},"modified":"2025-11-10T16:33:07","modified_gmt":"2025-11-10T14:33:07","slug":"washed-buffered-cocos","status":"publish","type":"product","link":"https:\/\/atami.com\/es\/producto\/washed-buffered-cocos","title":{"rendered":"Washed &#038; Buffered Cocos"},"content":{"rendered":"<p>WASHED &amp; BUFFERED COCOS es un sustrato compuesto al 100% de fibra de coco de alta calidad de Atami, lavada y tamponada, que no contiene fertilizantes; esto garantiza una conductividad el\u00e9ctrica (CE) incre\u00edblemente baja. Este sustrato te ofrece todas las ventajas del cultivo en coco, pero sin fertilizantes, de esta forma puedes aplicar tu nutrici\u00f3n preferida desde el inicio del ciclo del crecimiento. Adem\u00e1s, WASHED &amp; BUFFERED COCOS es ideal para pl\u00e1ntulas y esquejes.<\/p>\n<p>&nbsp;<\/p>\n<p><strong>CE:&lt; 0,3<\/strong><\/p>\n<p>&nbsp;<\/p>\n<p><strong>DISPONIBLE EN 50 L<\/strong><\/p>\n","protected":false},"excerpt":{"rendered":"<p>Fibra de coco lavada y tamponada no fertilizada que garantiza una CE (conductividad el\u00e9ctrica) incre\u00edblemente baja<\/p>\n","protected":false},"featured_media":179424,"comment_status":"closed","ping_status":"closed","template":"","meta":{"_acf_changed":false,"iawp_total_views":243},"product_brand":[],"product_cat":[226],"product_tag":[],"class_list":{"0":"post-48778","1":"product","2":"type-product","3":"status-publish","4":"has-post-thumbnail","6":"product_cat-sustratos-atami","8":"first","9":"instock","10":"shipping-taxable","11":"product-type-simple"},"acf":{"short_description":"<p>WASHED &amp; BUFFERED COCOS es un sustrato compuesto al 100% de fibra de coco de alta calidad de Atami, lavada y tamponada, que no contiene fertilizantes; esto garantiza una conductividad el\u00e9ctrica (CE) incre\u00edblemente baja. Este sustrato te ofrece todas las ventajas del cultivo en coco, pero sin fertilizantes, de esta forma puedes aplicar tu nutrici\u00f3n preferida desde el inicio del ciclo del crecimiento. Adem\u00e1s, WASHED &amp; BUFFERED COCOS es ideal para pl\u00e1ntulas y esquejes.<\/p><p>&nbsp;<\/p><p><strong>EC:&lt; 0,3<\/strong><\/p>","suitable_for":"","application":"","dosage":"","npk_ratio":"","available_in":"<p>50L<\/p>","icon_1":"","icon_1_text":"","icon_2":195188,"icon_2_text":"","icon_3":"","icon_3_text":"","icon_4":"","icon_4_text":"","video":"","second_image":179424,"product_image_page":"","user_manual":"","new_icon_1":"","new_icon_2":"","new_icon_3":"","new_icon_4":"","grow_guides":"","category":"Sustrato"},"yoast_head":"<!-- This site is optimized with the Yoast SEO Premium plugin v27.5 (Yoast SEO v27.5) - https:\/\/yoast.com\/product\/yoast-seo-premium-wordpress\/ -->\n<title>Washed &amp; Buffered Cocos | Substrato de Coco de Alta Calidad para Cultivos<\/title>\n<meta name=\"description\" content=\"\u00bfBuscas un sustrato de coco puro, limpio y listo para usar? Descubre Washed Buffered Cocos de Atami, el medio perfecto para un cultivo saludable y controlado desde el primer d\u00eda.\" \/>\n<meta name=\"robots\" content=\"index, follow, max-snippet:-1, max-image-preview:large, max-video-preview:-1\" \/>\n<link rel=\"canonical\" href=\"https:\/\/atami.com\/es\/producto\/washed-buffered-cocos\" \/>\n<meta property=\"og:locale\" content=\"es_ES\" \/>\n<meta property=\"og:type\" content=\"article\" \/>\n<meta property=\"og:title\" content=\"Washed &amp; Buffered Cocos\" \/>\n<meta property=\"og:description\" content=\"\u00bfBuscas un sustrato de coco puro, limpio y listo para usar? Descubre Washed Buffered Cocos de Atami, el medio perfecto para un cultivo saludable y controlado desde el primer d\u00eda.\" \/>\n<meta property=\"og:url\" content=\"https:\/\/atami.com\/es\/producto\/washed-buffered-cocos\" \/>\n<meta property=\"og:site_name\" content=\"Atami\" \/>\n<meta property=\"article:publisher\" content=\"https:\/\/www.facebook.com\/Atami.International\" \/>\n<meta property=\"article:modified_time\" content=\"2025-11-10T14:33:07+00:00\" \/>\n<meta property=\"og:image\" content=\"https:\/\/atami.com\/wp-content\/uploads\/2023\/09\/Washed-Buffered-Cocos.webp\" \/>\n\t<meta property=\"og:image:width\" content=\"800\" \/>\n\t<meta property=\"og:image:height\" content=\"800\" \/>\n\t<meta property=\"og:image:type\" content=\"image\/webp\" \/>\n<meta name=\"twitter:card\" content=\"summary_large_image\" \/>\n<meta name=\"twitter:site\" content=\"@AtamiEU\" \/>\n<meta name=\"twitter:label1\" content=\"Tiempo de lectura\" \/>\n\t<meta name=\"twitter:data1\" content=\"1 minuto\" \/>\n<script type=\"application\/ld+json\" class=\"yoast-schema-graph\">{\"@context\":\"https:\\\/\\\/schema.org\",\"@graph\":[{\"@type\":\"WebPage\",\"@id\":\"https:\\\/\\\/atami.com\\\/es\\\/producto\\\/washed-buffered-cocos\",\"url\":\"https:\\\/\\\/atami.com\\\/es\\\/producto\\\/washed-buffered-cocos\",\"name\":\"Washed & Buffered Cocos | Substrato de Coco de Alta Calidad para Cultivos\",\"isPartOf\":{\"@id\":\"https:\\\/\\\/atami.com\\\/es#website\"},\"primaryImageOfPage\":{\"@id\":\"https:\\\/\\\/atami.com\\\/es\\\/producto\\\/washed-buffered-cocos#primaryimage\"},\"image\":{\"@id\":\"https:\\\/\\\/atami.com\\\/es\\\/producto\\\/washed-buffered-cocos#primaryimage\"},\"thumbnailUrl\":\"https:\\\/\\\/atami.com\\\/wp-content\\\/uploads\\\/2023\\\/09\\\/Washed-Buffered-Cocos.webp\",\"datePublished\":\"2023-09-01T05:00:39+00:00\",\"dateModified\":\"2025-11-10T14:33:07+00:00\",\"description\":\"\u00bfBuscas un sustrato de coco puro, limpio y listo para usar? Descubre Washed Buffered Cocos de Atami, el medio perfecto para un cultivo saludable y controlado desde el primer d\u00eda.\",\"breadcrumb\":{\"@id\":\"https:\\\/\\\/atami.com\\\/es\\\/producto\\\/washed-buffered-cocos#breadcrumb\"},\"inLanguage\":\"es\",\"potentialAction\":[{\"@type\":\"ReadAction\",\"target\":[\"https:\\\/\\\/atami.com\\\/es\\\/producto\\\/washed-buffered-cocos\"]}]},{\"@type\":\"ImageObject\",\"inLanguage\":\"es\",\"@id\":\"https:\\\/\\\/atami.com\\\/es\\\/producto\\\/washed-buffered-cocos#primaryimage\",\"url\":\"https:\\\/\\\/atami.com\\\/wp-content\\\/uploads\\\/2023\\\/09\\\/Washed-Buffered-Cocos.webp\",\"contentUrl\":\"https:\\\/\\\/atami.com\\\/wp-content\\\/uploads\\\/2023\\\/09\\\/Washed-Buffered-Cocos.webp\",\"width\":800,\"height\":800,\"caption\":\"Washed & Buffered Cocos ofrece un borr\u00f3n y cuenta nueva para los productores, proporcionando un sustrato con baja EC ideal para pl\u00e1ntulas y esquejes.\"},{\"@type\":\"BreadcrumbList\",\"@id\":\"https:\\\/\\\/atami.com\\\/es\\\/producto\\\/washed-buffered-cocos#breadcrumb\",\"itemListElement\":[{\"@type\":\"ListItem\",\"position\":1,\"name\":\"Home\",\"item\":\"https:\\\/\\\/atami.com\\\/es\"},{\"@type\":\"ListItem\",\"position\":2,\"name\":\"Productos\",\"item\":\"https:\\\/\\\/atami.com\\\/es\\\/shop\"},{\"@type\":\"ListItem\",\"position\":3,\"name\":\"Marcas\",\"item\":\"https:\\\/\\\/atami.com\\\/es\\\/categoria-producto\\\/marcas\"},{\"@type\":\"ListItem\",\"position\":4,\"name\":\"sustratos Atami\",\"item\":\"https:\\\/\\\/atami.com\\\/es\\\/categoria-producto\\\/marcas\\\/sustratos-atami\"},{\"@type\":\"ListItem\",\"position\":5,\"name\":\"Washed &#038; Buffered Cocos\"}]},{\"@type\":\"WebSite\",\"@id\":\"https:\\\/\\\/atami.com\\\/es#website\",\"url\":\"https:\\\/\\\/atami.com\\\/es\",\"name\":\"Atami\",\"description\":\"NATURALLY INNOVATING!\",\"publisher\":{\"@id\":\"https:\\\/\\\/atami.com\\\/es#organization\"},\"potentialAction\":[{\"@type\":\"SearchAction\",\"target\":{\"@type\":\"EntryPoint\",\"urlTemplate\":\"https:\\\/\\\/atami.com\\\/es?s={search_term_string}\"},\"query-input\":{\"@type\":\"PropertyValueSpecification\",\"valueRequired\":true,\"valueName\":\"search_term_string\"}}],\"inLanguage\":\"es\"},{\"@type\":\"Organization\",\"@id\":\"https:\\\/\\\/atami.com\\\/es#organization\",\"name\":\"Atami\",\"url\":\"https:\\\/\\\/atami.com\\\/es\",\"logo\":{\"@type\":\"ImageObject\",\"inLanguage\":\"es\",\"@id\":\"https:\\\/\\\/atami.com\\\/es#\\\/schema\\\/logo\\\/image\\\/\",\"url\":\"https:\\\/\\\/atami.com\\\/wp-content\\\/uploads\\\/2026\\\/01\\\/Atami-logo-696x696px.webp\",\"contentUrl\":\"https:\\\/\\\/atami.com\\\/wp-content\\\/uploads\\\/2026\\\/01\\\/Atami-logo-696x696px.webp\",\"width\":696,\"height\":696,\"caption\":\"Atami\"},\"image\":{\"@id\":\"https:\\\/\\\/atami.com\\\/es#\\\/schema\\\/logo\\\/image\\\/\"},\"sameAs\":[\"https:\\\/\\\/www.facebook.com\\\/Atami.International\",\"https:\\\/\\\/x.com\\\/AtamiEU\",\"https:\\\/\\\/www.youtube.com\\\/c\\\/AtamiInternational\",\"https:\\\/\\\/www.instagram.com\\\/atami.international\\\/\"],\"description\":\"ATAMI is a premium plant nutrition & substrate brand founded in 1997 with the mission to make exceptional cultivation achievable for everyone. From legacy to license, we offer a wide variety of innovating award-winning products to let cultivators achieve maximum results in taste & yield.\",\"email\":\"info@mginnovations.es\",\"legalName\":\"Atami\",\"numberOfEmployees\":{\"@type\":\"QuantitativeValue\",\"minValue\":\"11\",\"maxValue\":\"50\"}}]}<\/script>\n<!-- \/ Yoast SEO Premium plugin. -->","yoast_head_json":{"title":"Washed & Buffered Cocos | Substrato de Coco de Alta Calidad para Cultivos","description":"\u00bfBuscas un sustrato de coco puro, limpio y listo para usar? Descubre Washed Buffered Cocos de Atami, el medio perfecto para un cultivo saludable y controlado desde el primer d\u00eda.","robots":{"index":"index","follow":"follow","max-snippet":"max-snippet:-1","max-image-preview":"max-image-preview:large","max-video-preview":"max-video-preview:-1"},"canonical":"https:\/\/atami.com\/es\/producto\/washed-buffered-cocos","og_locale":"es_ES","og_type":"article","og_title":"Washed & Buffered Cocos","og_description":"\u00bfBuscas un sustrato de coco puro, limpio y listo para usar? Descubre Washed Buffered Cocos de Atami, el medio perfecto para un cultivo saludable y controlado desde el primer d\u00eda.","og_url":"https:\/\/atami.com\/es\/producto\/washed-buffered-cocos","og_site_name":"Atami","article_publisher":"https:\/\/www.facebook.com\/Atami.International","article_modified_time":"2025-11-10T14:33:07+00:00","og_image":[{"width":800,"height":800,"url":"https:\/\/atami.com\/wp-content\/uploads\/2023\/09\/Washed-Buffered-Cocos.webp","type":"image\/webp"}],"twitter_card":"summary_large_image","twitter_site":"@AtamiEU","twitter_misc":{"Tiempo de lectura":"1 minuto"},"schema":{"@context":"https:\/\/schema.org","@graph":[{"@type":"WebPage","@id":"https:\/\/atami.com\/es\/producto\/washed-buffered-cocos","url":"https:\/\/atami.com\/es\/producto\/washed-buffered-cocos","name":"Washed & Buffered Cocos | Substrato de Coco de Alta Calidad para Cultivos","isPartOf":{"@id":"https:\/\/atami.com\/es#website"},"primaryImageOfPage":{"@id":"https:\/\/atami.com\/es\/producto\/washed-buffered-cocos#primaryimage"},"image":{"@id":"https:\/\/atami.com\/es\/producto\/washed-buffered-cocos#primaryimage"},"thumbnailUrl":"https:\/\/atami.com\/wp-content\/uploads\/2023\/09\/Washed-Buffered-Cocos.webp","datePublished":"2023-09-01T05:00:39+00:00","dateModified":"2025-11-10T14:33:07+00:00","description":"\u00bfBuscas un sustrato de coco puro, limpio y listo para usar? Descubre Washed Buffered Cocos de Atami, el medio perfecto para un cultivo saludable y controlado desde el primer d\u00eda.","breadcrumb":{"@id":"https:\/\/atami.com\/es\/producto\/washed-buffered-cocos#breadcrumb"},"inLanguage":"es","potentialAction":[{"@type":"ReadAction","target":["https:\/\/atami.com\/es\/producto\/washed-buffered-cocos"]}]},{"@type":"ImageObject","inLanguage":"es","@id":"https:\/\/atami.com\/es\/producto\/washed-buffered-cocos#primaryimage","url":"https:\/\/atami.com\/wp-content\/uploads\/2023\/09\/Washed-Buffered-Cocos.webp","contentUrl":"https:\/\/atami.com\/wp-content\/uploads\/2023\/09\/Washed-Buffered-Cocos.webp","width":800,"height":800,"caption":"Washed & Buffered Cocos ofrece un borr\u00f3n y cuenta nueva para los productores, proporcionando un sustrato con baja EC ideal para pl\u00e1ntulas y esquejes."},{"@type":"BreadcrumbList","@id":"https:\/\/atami.com\/es\/producto\/washed-buffered-cocos#breadcrumb","itemListElement":[{"@type":"ListItem","position":1,"name":"Home","item":"https:\/\/atami.com\/es"},{"@type":"ListItem","position":2,"name":"Productos","item":"https:\/\/atami.com\/es\/shop"},{"@type":"ListItem","position":3,"name":"Marcas","item":"https:\/\/atami.com\/es\/categoria-producto\/marcas"},{"@type":"ListItem","position":4,"name":"sustratos Atami","item":"https:\/\/atami.com\/es\/categoria-producto\/marcas\/sustratos-atami"},{"@type":"ListItem","position":5,"name":"Washed &#038; Buffered Cocos"}]},{"@type":"WebSite","@id":"https:\/\/atami.com\/es#website","url":"https:\/\/atami.com\/es","name":"Atami","description":"NATURALLY INNOVATING!","publisher":{"@id":"https:\/\/atami.com\/es#organization"},"potentialAction":[{"@type":"SearchAction","target":{"@type":"EntryPoint","urlTemplate":"https:\/\/atami.com\/es?s={search_term_string}"},"query-input":{"@type":"PropertyValueSpecification","valueRequired":true,"valueName":"search_term_string"}}],"inLanguage":"es"},{"@type":"Organization","@id":"https:\/\/atami.com\/es#organization","name":"Atami","url":"https:\/\/atami.com\/es","logo":{"@type":"ImageObject","inLanguage":"es","@id":"https:\/\/atami.com\/es#\/schema\/logo\/image\/","url":"https:\/\/atami.com\/wp-content\/uploads\/2026\/01\/Atami-logo-696x696px.webp","contentUrl":"https:\/\/atami.com\/wp-content\/uploads\/2026\/01\/Atami-logo-696x696px.webp","width":696,"height":696,"caption":"Atami"},"image":{"@id":"https:\/\/atami.com\/es#\/schema\/logo\/image\/"},"sameAs":["https:\/\/www.facebook.com\/Atami.International","https:\/\/x.com\/AtamiEU","https:\/\/www.youtube.com\/c\/AtamiInternational","https:\/\/www.instagram.com\/atami.international\/"],"description":"ATAMI is a premium plant nutrition & substrate brand founded in 1997 with the mission to make exceptional cultivation achievable for everyone. From legacy to license, we offer a wide variety of innovating award-winning products to let cultivators achieve maximum results in taste & yield.","email":"info@mginnovations.es","legalName":"Atami","numberOfEmployees":{"@type":"QuantitativeValue","minValue":"11","maxValue":"50"}}]}},"_links":{"self":[{"href":"https:\/\/atami.com\/es\/wp-json\/wp\/v2\/product\/48778","targetHints":{"allow":["GET"]}}],"collection":[{"href":"https:\/\/atami.com\/es\/wp-json\/wp\/v2\/product"}],"about":[{"href":"https:\/\/atami.com\/es\/wp-json\/wp\/v2\/types\/product"}],"replies":[{"embeddable":true,"href":"https:\/\/atami.com\/es\/wp-json\/wp\/v2\/comments?post=48778"}],"wp:featuredmedia":[{"embeddable":true,"href":"https:\/\/atami.com\/es\/wp-json\/wp\/v2\/media\/179424"}],"wp:attachment":[{"href":"https:\/\/atami.com\/es\/wp-json\/wp\/v2\/media?parent=48778"}],"wp:term":[{"taxonomy":"product_brand","embeddable":true,"href":"https:\/\/atami.com\/es\/wp-json\/wp\/v2\/product_brand?post=48778"},{"taxonomy":"product_cat","embeddable":true,"href":"https:\/\/atami.com\/es\/wp-json\/wp\/v2\/product_cat?post=48778"},{"taxonomy":"product_tag","embeddable":true,"href":"https:\/\/atami.com\/es\/wp-json\/wp\/v2\/product_tag?post=48778"}],"curies":[{"name":"wp","href":"https:\/\/api.w.org\/{rel}","templated":true}]}}