{"id":44900,"date":"2023-07-25T12:19:28","date_gmt":"2023-07-25T12:19:28","guid":{"rendered":"https:\/\/atami.com\/product\/ata-bloombastic-box\/"},"modified":"2025-11-10T17:26:55","modified_gmt":"2025-11-10T15:26:55","slug":"ata-bloombastic-box","status":"publish","type":"product","link":"https:\/\/atami.com\/es\/producto\/ata-bloombastic-box","title":{"rendered":"ATA Bloombastic Box"},"content":{"rendered":"<p>\u00bfTe parece dif\u00edcil elegir los diferentes productos para tu cultivo? No te compliques m\u00e1s, el pack ATA Bloombastic Box incluye todo lo que necesitas para un ciclo de cultivo completo desde el enraizamiento hasta la floraci\u00f3n. Tendr\u00e1s suficiente para abastecer hasta un 1 m2 en tierra y conseguir los resultados que deseas. Pide ya tu ATA Bloombastic Box y ahorrate los quebraderos de cabeza de buscar y elegir entre tantos productos disponibles y simplemente disfruta de cultivar.<\/p>\n<p>&nbsp;<\/p>\n<p>Este pack incluye:<\/p>\n<ul>\n<li><strong><a href=\"https:\/\/atami.com\/es\/producto\/ata-terra-leaves\/\">1 L ATA Terra Leaves<\/a><\/strong><\/li>\n<li><strong><a href=\"https:\/\/atami.com\/es\/producto\/ata-terra-max\/\">1 L ATA Terra Max<\/a><\/strong><\/li>\n<li><strong><a href=\"https:\/\/atami.com\/es\/producto\/bloombastic\/\">250 ml Bloombastic<\/a><\/strong><\/li>\n<li><strong><a href=\"https:\/\/atami.com\/es\/producto\/ata-atazyme\/\">100 ml Atazyme<\/a><\/strong><\/li>\n<li><strong><a href=\"https:\/\/atami.com\/es\/producto\/ata-rootfast\/\">100 ml Rootfast<\/a><\/strong><\/li>\n<\/ul>\n","protected":false},"excerpt":{"rendered":"<p>\u00bfTe parece dif\u00edcil elegir los diferentes productos para tu cultivo? No te compliques m\u00e1s, el pack ATA Bloombastic Box incluye todo lo que necesitas para un ciclo de cultivo completo desde el enraizamiento hasta la floraci\u00f3n. Tendr\u00e1s suficiente para abastecer hasta un 1 m2 en tierra y conseguir los resultados que deseas. Pide ya tu [&hellip;]<\/p>\n","protected":false},"featured_media":181401,"comment_status":"closed","ping_status":"closed","template":"","meta":{"_acf_changed":false,"iawp_total_views":326},"product_brand":[],"product_cat":[344],"product_tag":[],"class_list":{"0":"post-44900","1":"product","2":"type-product","3":"status-publish","4":"has-post-thumbnail","6":"product_cat-cajas-packs","8":"first","9":"instock","10":"shipping-taxable","11":"product-type-simple"},"acf":{"short_description":"<p>\u00bfTe parece dif\u00edcil elegir los diferentes productos para tu cultivo? No te compliques m\u00e1s, el pack ATA Bloombastic Box incluye todo lo que necesitas para un ciclo de cultivo completo desde el enraizamiento hasta la floraci\u00f3n. Tendr\u00e1s suficiente para abastecer hasta un 1 m2 en tierra y conseguir los resultados que deseas. Pide ya tu ATA Bloombastic Box y ahorrate los quebraderos de cabeza de buscar y elegir entre tantos productos disponibles y simplemente disfruta de cultivar.<\/p><p>Este pack incluye:<\/p><ul>\t<li><strong><a href=\"https:\/\/atami.com\/es\/producto\/ata-terra-leaves\">1 L ATA Terra Leaves<\/a><\/strong><\/li>\t<li><strong><a href=\"https:\/\/atami.com\/es\/producto\/ata-terra-max\">1 L ATA Terra Max<\/a><\/strong><\/li>\t<li><strong><a href=\"https:\/\/atami.com\/es\/producto\/bloombastic\">250 ml Bloombastic<\/a><\/strong><\/li>\t<li><strong><a href=\"https:\/\/atami.com\/es\/producto\/ata-atazyme\">100 ml Atazyme<\/a><\/strong><\/li>\t<li><strong><a href=\"https:\/\/atami.com\/es\/producto\/ata-rootfast\">100 ml Rootfast<\/a><\/strong><\/li><\/ul>","suitable_for":"","application":"","dosage":"","npk_ratio":"","available_in":"","icon_1":"","icon_1_text":"","icon_2":"","icon_2_text":"","icon_3":"","icon_3_text":"","icon_4":"","icon_4_text":"","video":"","second_image":181401,"product_image_page":"","user_manual":"","new_icon_1":"","new_icon_2":"","new_icon_3":"","new_icon_4":"","grow_guides":"","category":"Caja"},"yoast_head":"<!-- This site is optimized with the Yoast SEO Premium plugin v27.5 (Yoast SEO v27.5) - https:\/\/yoast.com\/product\/yoast-seo-premium-wordpress\/ -->\n<title>ATA Bloombastic Box | Kit Completo para Floraci\u00f3n Explosiva<\/title>\n<meta name=\"description\" content=\"Descubre Ata Bloombastic Box, el potenciador de floraci\u00f3n definitivo para maximizar el rendimiento de tus plantas. Aumenta el tama\u00f1o, sabor y potencia de tus flores con este producto de alta calidad.\" \/>\n<meta name=\"robots\" content=\"index, follow, max-snippet:-1, max-image-preview:large, max-video-preview:-1\" \/>\n<link rel=\"canonical\" href=\"https:\/\/atami.com\/es\/producto\/ata-bloombastic-box\" \/>\n<meta property=\"og:locale\" content=\"es_ES\" \/>\n<meta property=\"og:type\" content=\"article\" \/>\n<meta property=\"og:title\" content=\"ATA Bloombastic Box\" \/>\n<meta property=\"og:description\" content=\"Descubre Ata Bloombastic Box, el potenciador de floraci\u00f3n definitivo para maximizar el rendimiento de tus plantas. Aumenta el tama\u00f1o, sabor y potencia de tus flores con este producto de alta calidad.\" \/>\n<meta property=\"og:url\" content=\"https:\/\/atami.com\/es\/producto\/ata-bloombastic-box\" \/>\n<meta property=\"og:site_name\" content=\"Atami\" \/>\n<meta property=\"article:publisher\" content=\"https:\/\/www.facebook.com\/Atami.International\" \/>\n<meta property=\"article:modified_time\" content=\"2025-11-10T15:26:55+00:00\" \/>\n<meta property=\"og:image\" content=\"https:\/\/atami.com\/wp-content\/uploads\/2023\/07\/Bloombastic-Box.webp\" \/>\n\t<meta property=\"og:image:width\" content=\"1080\" \/>\n\t<meta property=\"og:image:height\" content=\"1080\" \/>\n\t<meta property=\"og:image:type\" content=\"image\/webp\" \/>\n<meta name=\"twitter:card\" content=\"summary_large_image\" \/>\n<meta name=\"twitter:site\" content=\"@AtamiEU\" \/>\n<meta name=\"twitter:label1\" content=\"Tiempo de lectura\" \/>\n\t<meta name=\"twitter:data1\" content=\"1 minuto\" \/>\n<script type=\"application\/ld+json\" class=\"yoast-schema-graph\">{\"@context\":\"https:\\\/\\\/schema.org\",\"@graph\":[{\"@type\":\"WebPage\",\"@id\":\"https:\\\/\\\/atami.com\\\/es\\\/producto\\\/ata-bloombastic-box\",\"url\":\"https:\\\/\\\/atami.com\\\/es\\\/producto\\\/ata-bloombastic-box\",\"name\":\"ATA Bloombastic Box | Kit Completo para Floraci\u00f3n Explosiva\",\"isPartOf\":{\"@id\":\"https:\\\/\\\/atami.com\\\/es#website\"},\"primaryImageOfPage\":{\"@id\":\"https:\\\/\\\/atami.com\\\/es\\\/producto\\\/ata-bloombastic-box#primaryimage\"},\"image\":{\"@id\":\"https:\\\/\\\/atami.com\\\/es\\\/producto\\\/ata-bloombastic-box#primaryimage\"},\"thumbnailUrl\":\"https:\\\/\\\/atami.com\\\/wp-content\\\/uploads\\\/2023\\\/07\\\/Bloombastic-Box.webp\",\"datePublished\":\"2023-07-25T12:19:28+00:00\",\"dateModified\":\"2025-11-10T15:26:55+00:00\",\"description\":\"Descubre Ata Bloombastic Box, el potenciador de floraci\u00f3n definitivo para maximizar el rendimiento de tus plantas. Aumenta el tama\u00f1o, sabor y potencia de tus flores con este producto de alta calidad.\",\"breadcrumb\":{\"@id\":\"https:\\\/\\\/atami.com\\\/es\\\/producto\\\/ata-bloombastic-box#breadcrumb\"},\"inLanguage\":\"es\",\"potentialAction\":[{\"@type\":\"ReadAction\",\"target\":[\"https:\\\/\\\/atami.com\\\/es\\\/producto\\\/ata-bloombastic-box\"]}]},{\"@type\":\"ImageObject\",\"inLanguage\":\"es\",\"@id\":\"https:\\\/\\\/atami.com\\\/es\\\/producto\\\/ata-bloombastic-box#primaryimage\",\"url\":\"https:\\\/\\\/atami.com\\\/wp-content\\\/uploads\\\/2023\\\/07\\\/Bloombastic-Box.webp\",\"contentUrl\":\"https:\\\/\\\/atami.com\\\/wp-content\\\/uploads\\\/2023\\\/07\\\/Bloombastic-Box.webp\",\"width\":1080,\"height\":1080,\"caption\":\"ATA Bloombastic Box proporciona todos los nutrientes esenciales para un ciclo de crecimiento exitoso, asegurando una salud y un rendimiento \u00f3ptimos de las plantas.\"},{\"@type\":\"BreadcrumbList\",\"@id\":\"https:\\\/\\\/atami.com\\\/es\\\/producto\\\/ata-bloombastic-box#breadcrumb\",\"itemListElement\":[{\"@type\":\"ListItem\",\"position\":1,\"name\":\"Home\",\"item\":\"https:\\\/\\\/atami.com\\\/es\"},{\"@type\":\"ListItem\",\"position\":2,\"name\":\"Productos\",\"item\":\"https:\\\/\\\/atami.com\\\/es\\\/shop\"},{\"@type\":\"ListItem\",\"position\":3,\"name\":\"Cajas y Packs\",\"item\":\"https:\\\/\\\/atami.com\\\/es\\\/categoria-producto\\\/cajas-packs\"},{\"@type\":\"ListItem\",\"position\":4,\"name\":\"ATA Bloombastic Box\"}]},{\"@type\":\"WebSite\",\"@id\":\"https:\\\/\\\/atami.com\\\/es#website\",\"url\":\"https:\\\/\\\/atami.com\\\/es\",\"name\":\"Atami\",\"description\":\"NATURALLY INNOVATING!\",\"publisher\":{\"@id\":\"https:\\\/\\\/atami.com\\\/es#organization\"},\"potentialAction\":[{\"@type\":\"SearchAction\",\"target\":{\"@type\":\"EntryPoint\",\"urlTemplate\":\"https:\\\/\\\/atami.com\\\/es?s={search_term_string}\"},\"query-input\":{\"@type\":\"PropertyValueSpecification\",\"valueRequired\":true,\"valueName\":\"search_term_string\"}}],\"inLanguage\":\"es\"},{\"@type\":\"Organization\",\"@id\":\"https:\\\/\\\/atami.com\\\/es#organization\",\"name\":\"Atami\",\"url\":\"https:\\\/\\\/atami.com\\\/es\",\"logo\":{\"@type\":\"ImageObject\",\"inLanguage\":\"es\",\"@id\":\"https:\\\/\\\/atami.com\\\/es#\\\/schema\\\/logo\\\/image\\\/\",\"url\":\"https:\\\/\\\/atami.com\\\/wp-content\\\/uploads\\\/2026\\\/01\\\/Atami-logo-696x696px.webp\",\"contentUrl\":\"https:\\\/\\\/atami.com\\\/wp-content\\\/uploads\\\/2026\\\/01\\\/Atami-logo-696x696px.webp\",\"width\":696,\"height\":696,\"caption\":\"Atami\"},\"image\":{\"@id\":\"https:\\\/\\\/atami.com\\\/es#\\\/schema\\\/logo\\\/image\\\/\"},\"sameAs\":[\"https:\\\/\\\/www.facebook.com\\\/Atami.International\",\"https:\\\/\\\/x.com\\\/AtamiEU\",\"https:\\\/\\\/www.youtube.com\\\/c\\\/AtamiInternational\",\"https:\\\/\\\/www.instagram.com\\\/atami.international\\\/\"],\"description\":\"ATAMI is a premium plant nutrition & substrate brand founded in 1997 with the mission to make exceptional cultivation achievable for everyone. From legacy to license, we offer a wide variety of innovating award-winning products to let cultivators achieve maximum results in taste & yield.\",\"email\":\"info@mginnovations.es\",\"legalName\":\"Atami\",\"numberOfEmployees\":{\"@type\":\"QuantitativeValue\",\"minValue\":\"11\",\"maxValue\":\"50\"}}]}<\/script>\n<!-- \/ Yoast SEO Premium plugin. -->","yoast_head_json":{"title":"ATA Bloombastic Box | Kit Completo para Floraci\u00f3n Explosiva","description":"Descubre Ata Bloombastic Box, el potenciador de floraci\u00f3n definitivo para maximizar el rendimiento de tus plantas. Aumenta el tama\u00f1o, sabor y potencia de tus flores con este producto de alta calidad.","robots":{"index":"index","follow":"follow","max-snippet":"max-snippet:-1","max-image-preview":"max-image-preview:large","max-video-preview":"max-video-preview:-1"},"canonical":"https:\/\/atami.com\/es\/producto\/ata-bloombastic-box","og_locale":"es_ES","og_type":"article","og_title":"ATA Bloombastic Box","og_description":"Descubre Ata Bloombastic Box, el potenciador de floraci\u00f3n definitivo para maximizar el rendimiento de tus plantas. Aumenta el tama\u00f1o, sabor y potencia de tus flores con este producto de alta calidad.","og_url":"https:\/\/atami.com\/es\/producto\/ata-bloombastic-box","og_site_name":"Atami","article_publisher":"https:\/\/www.facebook.com\/Atami.International","article_modified_time":"2025-11-10T15:26:55+00:00","og_image":[{"width":1080,"height":1080,"url":"https:\/\/atami.com\/wp-content\/uploads\/2023\/07\/Bloombastic-Box.webp","type":"image\/webp"}],"twitter_card":"summary_large_image","twitter_site":"@AtamiEU","twitter_misc":{"Tiempo de lectura":"1 minuto"},"schema":{"@context":"https:\/\/schema.org","@graph":[{"@type":"WebPage","@id":"https:\/\/atami.com\/es\/producto\/ata-bloombastic-box","url":"https:\/\/atami.com\/es\/producto\/ata-bloombastic-box","name":"ATA Bloombastic Box | Kit Completo para Floraci\u00f3n Explosiva","isPartOf":{"@id":"https:\/\/atami.com\/es#website"},"primaryImageOfPage":{"@id":"https:\/\/atami.com\/es\/producto\/ata-bloombastic-box#primaryimage"},"image":{"@id":"https:\/\/atami.com\/es\/producto\/ata-bloombastic-box#primaryimage"},"thumbnailUrl":"https:\/\/atami.com\/wp-content\/uploads\/2023\/07\/Bloombastic-Box.webp","datePublished":"2023-07-25T12:19:28+00:00","dateModified":"2025-11-10T15:26:55+00:00","description":"Descubre Ata Bloombastic Box, el potenciador de floraci\u00f3n definitivo para maximizar el rendimiento de tus plantas. Aumenta el tama\u00f1o, sabor y potencia de tus flores con este producto de alta calidad.","breadcrumb":{"@id":"https:\/\/atami.com\/es\/producto\/ata-bloombastic-box#breadcrumb"},"inLanguage":"es","potentialAction":[{"@type":"ReadAction","target":["https:\/\/atami.com\/es\/producto\/ata-bloombastic-box"]}]},{"@type":"ImageObject","inLanguage":"es","@id":"https:\/\/atami.com\/es\/producto\/ata-bloombastic-box#primaryimage","url":"https:\/\/atami.com\/wp-content\/uploads\/2023\/07\/Bloombastic-Box.webp","contentUrl":"https:\/\/atami.com\/wp-content\/uploads\/2023\/07\/Bloombastic-Box.webp","width":1080,"height":1080,"caption":"ATA Bloombastic Box proporciona todos los nutrientes esenciales para un ciclo de crecimiento exitoso, asegurando una salud y un rendimiento \u00f3ptimos de las plantas."},{"@type":"BreadcrumbList","@id":"https:\/\/atami.com\/es\/producto\/ata-bloombastic-box#breadcrumb","itemListElement":[{"@type":"ListItem","position":1,"name":"Home","item":"https:\/\/atami.com\/es"},{"@type":"ListItem","position":2,"name":"Productos","item":"https:\/\/atami.com\/es\/shop"},{"@type":"ListItem","position":3,"name":"Cajas y Packs","item":"https:\/\/atami.com\/es\/categoria-producto\/cajas-packs"},{"@type":"ListItem","position":4,"name":"ATA Bloombastic Box"}]},{"@type":"WebSite","@id":"https:\/\/atami.com\/es#website","url":"https:\/\/atami.com\/es","name":"Atami","description":"NATURALLY INNOVATING!","publisher":{"@id":"https:\/\/atami.com\/es#organization"},"potentialAction":[{"@type":"SearchAction","target":{"@type":"EntryPoint","urlTemplate":"https:\/\/atami.com\/es?s={search_term_string}"},"query-input":{"@type":"PropertyValueSpecification","valueRequired":true,"valueName":"search_term_string"}}],"inLanguage":"es"},{"@type":"Organization","@id":"https:\/\/atami.com\/es#organization","name":"Atami","url":"https:\/\/atami.com\/es","logo":{"@type":"ImageObject","inLanguage":"es","@id":"https:\/\/atami.com\/es#\/schema\/logo\/image\/","url":"https:\/\/atami.com\/wp-content\/uploads\/2026\/01\/Atami-logo-696x696px.webp","contentUrl":"https:\/\/atami.com\/wp-content\/uploads\/2026\/01\/Atami-logo-696x696px.webp","width":696,"height":696,"caption":"Atami"},"image":{"@id":"https:\/\/atami.com\/es#\/schema\/logo\/image\/"},"sameAs":["https:\/\/www.facebook.com\/Atami.International","https:\/\/x.com\/AtamiEU","https:\/\/www.youtube.com\/c\/AtamiInternational","https:\/\/www.instagram.com\/atami.international\/"],"description":"ATAMI is a premium plant nutrition & substrate brand founded in 1997 with the mission to make exceptional cultivation achievable for everyone. From legacy to license, we offer a wide variety of innovating award-winning products to let cultivators achieve maximum results in taste & yield.","email":"info@mginnovations.es","legalName":"Atami","numberOfEmployees":{"@type":"QuantitativeValue","minValue":"11","maxValue":"50"}}]}},"_links":{"self":[{"href":"https:\/\/atami.com\/es\/wp-json\/wp\/v2\/product\/44900","targetHints":{"allow":["GET"]}}],"collection":[{"href":"https:\/\/atami.com\/es\/wp-json\/wp\/v2\/product"}],"about":[{"href":"https:\/\/atami.com\/es\/wp-json\/wp\/v2\/types\/product"}],"replies":[{"embeddable":true,"href":"https:\/\/atami.com\/es\/wp-json\/wp\/v2\/comments?post=44900"}],"wp:featuredmedia":[{"embeddable":true,"href":"https:\/\/atami.com\/es\/wp-json\/wp\/v2\/media\/181401"}],"wp:attachment":[{"href":"https:\/\/atami.com\/es\/wp-json\/wp\/v2\/media?parent=44900"}],"wp:term":[{"taxonomy":"product_brand","embeddable":true,"href":"https:\/\/atami.com\/es\/wp-json\/wp\/v2\/product_brand?post=44900"},{"taxonomy":"product_cat","embeddable":true,"href":"https:\/\/atami.com\/es\/wp-json\/wp\/v2\/product_cat?post=44900"},{"taxonomy":"product_tag","embeddable":true,"href":"https:\/\/atami.com\/es\/wp-json\/wp\/v2\/product_tag?post=44900"}],"curies":[{"name":"wp","href":"https:\/\/api.w.org\/{rel}","templated":true}]}}