{"id":44866,"date":"2023-07-25T11:25:36","date_gmt":"2023-07-25T11:25:36","guid":{"rendered":"https:\/\/atami.com\/product\/ata-nrg-triangle-pack\/"},"modified":"2026-01-23T17:31:43","modified_gmt":"2026-01-23T15:31:43","slug":"ata-nrg-triangle-pack","status":"publish","type":"product","link":"https:\/\/atami.com\/es\/producto\/ata-nrg-triangle-pack","title":{"rendered":"ATA NRG Triangle Pack"},"content":{"rendered":"<p>Sabemos que cultivar requiere de tiempo y paciencia. Por eso, para que no tengas que preocuparte de nada m\u00e1s que de cuidar a tus plantas, hemos preparado este pack de productos esenciales para el cultivador ecol\u00f3gico.<\/p>\n<p>Este pack incluye:<\/p>\n<ul>\n<li><strong><a href=\"https:\/\/atami.com\/es\/producto\/ata-nrg-growth-c\/\">250 ml ATA NRG Growth &#8211; C<\/a><\/strong><\/li>\n<li><strong><a href=\"https:\/\/atami.com\/es\/producto\/ata-nrg-bloom-c\/\">250 ml ATA NRG Bloom &#8211; C<\/a><\/strong><\/li>\n<li><strong><a href=\"https:\/\/atami.com\/es\/producto\/ata-nrg-flower-c\/\">250 ml ATA NRG Flower &#8211; C<\/a><\/strong><\/li>\n<\/ul>\n","protected":false},"excerpt":{"rendered":"<p>Sabemos que cultivar requiere de tiempo y paciencia. Por eso, para que no tengas que preocuparte de nada m\u00e1s que de cuidar a tus plantas, hemos preparado este pack de productos esenciales para el cultivador ecol\u00f3gico. Este pack incluye: 250 ml ATA NRG Growth &#8211; C 250 ml ATA NRG Bloom &#8211; C 250 ml [&hellip;]<\/p>\n","protected":false},"featured_media":181421,"comment_status":"closed","ping_status":"closed","template":"","meta":{"_acf_changed":false,"iawp_total_views":226},"product_brand":[],"product_cat":[344],"product_tag":[],"class_list":{"0":"post-44866","1":"product","2":"type-product","3":"status-publish","4":"has-post-thumbnail","6":"product_cat-cajas-packs","8":"first","9":"instock","10":"shipping-taxable","11":"product-type-simple"},"acf":{"short_description":"<p>Sabemos que cultivar requiere de tiempo y paciencia. Por eso, para que no tengas que preocuparte de nada m\u00e1s que de cuidar a tus plantas, hemos preparado este pack de productos esenciales para el cultivador ecol\u00f3gico.<\/p>\r\n<p>Este pack incluye:<\/p>\r\n<ul>\r\n\t<li><strong><a href=\"https:\/\/atami.com\/es\/producto\/ata-nrg-growth-c\">250 ml ATA NRG Growth - C<\/a><\/strong><\/li>\r\n\t<li><strong><a href=\"https:\/\/atami.com\/es\/producto\/ata-nrg-bloom-c\">250 ml ATA NRG Bloom - C<\/a><\/strong><\/li>\r\n\t<li><strong><a href=\"https:\/\/atami.com\/es\/producto\/ata-nrg-flower-c\">250 ml ATA NRG Flower - C<\/a><\/strong><\/li>\r\n<\/ul>","suitable_for":"","application":"","dosage":"","npk_ratio":"","available_in":"","icon_1":"","icon_1_text":"","icon_2":"","icon_2_text":"","icon_3":"","icon_3_text":"","icon_4":"","icon_4_text":"","video":"","second_image":181421,"product_image_page":"","user_manual":"","new_icon_1":"","new_icon_2":"","new_icon_3":"","new_icon_4":"","grow_guides":"","category":"Caja"},"yoast_head":"<!-- This site is optimized with the Yoast SEO Premium plugin v27.4 (Yoast SEO v27.4) - https:\/\/yoast.com\/product\/yoast-seo-premium-wordpress\/ -->\n<title>ATA NRG Triangle Pack de Atami: Nutrici\u00f3n Completa<\/title>\n<meta name=\"description\" content=\"Descubre el ATA NRG Triangle Pack de Atami, la soluci\u00f3n nutritiva completa para todas las etapas de tus plantas. \u00a1Crecimiento y floraci\u00f3n \u00f3ptimos! Haz clic aqu\u00ed.\" \/>\n<meta name=\"robots\" content=\"index, follow, max-snippet:-1, max-image-preview:large, max-video-preview:-1\" \/>\n<link rel=\"canonical\" href=\"https:\/\/atami.com\/es\/producto\/ata-nrg-triangle-pack\" \/>\n<meta property=\"og:locale\" content=\"es_ES\" \/>\n<meta property=\"og:type\" content=\"article\" \/>\n<meta property=\"og:title\" content=\"ATA NRG Triangle Pack\" \/>\n<meta property=\"og:description\" content=\"Descubre el ATA NRG Triangle Pack de Atami, la soluci\u00f3n nutritiva completa para todas las etapas de tus plantas. \u00a1Crecimiento y floraci\u00f3n \u00f3ptimos! Haz clic aqu\u00ed.\" \/>\n<meta property=\"og:url\" content=\"https:\/\/atami.com\/es\/producto\/ata-nrg-triangle-pack\" \/>\n<meta property=\"og:site_name\" content=\"Atami\" \/>\n<meta property=\"article:publisher\" content=\"https:\/\/www.facebook.com\/Atami.International\" \/>\n<meta property=\"article:modified_time\" content=\"2026-01-23T15:31:43+00:00\" \/>\n<meta property=\"og:image\" content=\"https:\/\/atami.com\/wp-content\/uploads\/2023\/07\/ATA-NRG-Triangle-Pack.webp\" \/>\n\t<meta property=\"og:image:width\" content=\"1080\" \/>\n\t<meta property=\"og:image:height\" content=\"1080\" \/>\n\t<meta property=\"og:image:type\" content=\"image\/webp\" \/>\n<meta name=\"twitter:card\" content=\"summary_large_image\" \/>\n<meta name=\"twitter:site\" content=\"@AtamiEU\" \/>\n<meta name=\"twitter:label1\" content=\"Tiempo de lectura\" \/>\n\t<meta name=\"twitter:data1\" content=\"1 minuto\" \/>\n<script type=\"application\/ld+json\" class=\"yoast-schema-graph\">{\"@context\":\"https:\\\/\\\/schema.org\",\"@graph\":[{\"@type\":\"WebPage\",\"@id\":\"https:\\\/\\\/atami.com\\\/es\\\/producto\\\/ata-nrg-triangle-pack\",\"url\":\"https:\\\/\\\/atami.com\\\/es\\\/producto\\\/ata-nrg-triangle-pack\",\"name\":\"ATA NRG Triangle Pack de Atami: Nutrici\u00f3n Completa\",\"isPartOf\":{\"@id\":\"https:\\\/\\\/atami.com\\\/es#website\"},\"primaryImageOfPage\":{\"@id\":\"https:\\\/\\\/atami.com\\\/es\\\/producto\\\/ata-nrg-triangle-pack#primaryimage\"},\"image\":{\"@id\":\"https:\\\/\\\/atami.com\\\/es\\\/producto\\\/ata-nrg-triangle-pack#primaryimage\"},\"thumbnailUrl\":\"https:\\\/\\\/atami.com\\\/wp-content\\\/uploads\\\/2023\\\/07\\\/ATA-NRG-Triangle-Pack.webp\",\"datePublished\":\"2023-07-25T11:25:36+00:00\",\"dateModified\":\"2026-01-23T15:31:43+00:00\",\"description\":\"Descubre el ATA NRG Triangle Pack de Atami, la soluci\u00f3n nutritiva completa para todas las etapas de tus plantas. \u00a1Crecimiento y floraci\u00f3n \u00f3ptimos! Haz clic aqu\u00ed.\",\"breadcrumb\":{\"@id\":\"https:\\\/\\\/atami.com\\\/es\\\/producto\\\/ata-nrg-triangle-pack#breadcrumb\"},\"inLanguage\":\"es\",\"potentialAction\":[{\"@type\":\"ReadAction\",\"target\":[\"https:\\\/\\\/atami.com\\\/es\\\/producto\\\/ata-nrg-triangle-pack\"]}]},{\"@type\":\"ImageObject\",\"inLanguage\":\"es\",\"@id\":\"https:\\\/\\\/atami.com\\\/es\\\/producto\\\/ata-nrg-triangle-pack#primaryimage\",\"url\":\"https:\\\/\\\/atami.com\\\/wp-content\\\/uploads\\\/2023\\\/07\\\/ATA-NRG-Triangle-Pack.webp\",\"contentUrl\":\"https:\\\/\\\/atami.com\\\/wp-content\\\/uploads\\\/2023\\\/07\\\/ATA-NRG-Triangle-Pack.webp\",\"width\":1080,\"height\":1080,\"caption\":\"ATA NRG Triangle Pack ofrece un r\u00e9gimen completo de nutrientes org\u00e1nicos, asegurando que sus plantas prosperen desde las etapas de crecimiento hasta la floraci\u00f3n.\"},{\"@type\":\"BreadcrumbList\",\"@id\":\"https:\\\/\\\/atami.com\\\/es\\\/producto\\\/ata-nrg-triangle-pack#breadcrumb\",\"itemListElement\":[{\"@type\":\"ListItem\",\"position\":1,\"name\":\"Home\",\"item\":\"https:\\\/\\\/atami.com\\\/es\"},{\"@type\":\"ListItem\",\"position\":2,\"name\":\"Productos\",\"item\":\"https:\\\/\\\/atami.com\\\/es\\\/shop\"},{\"@type\":\"ListItem\",\"position\":3,\"name\":\"Cajas y Packs\",\"item\":\"https:\\\/\\\/atami.com\\\/es\\\/categoria-producto\\\/cajas-packs\"},{\"@type\":\"ListItem\",\"position\":4,\"name\":\"ATA NRG Triangle Pack\"}]},{\"@type\":\"WebSite\",\"@id\":\"https:\\\/\\\/atami.com\\\/es#website\",\"url\":\"https:\\\/\\\/atami.com\\\/es\",\"name\":\"Atami\",\"description\":\"NATURALLY INNOVATING!\",\"publisher\":{\"@id\":\"https:\\\/\\\/atami.com\\\/es#organization\"},\"potentialAction\":[{\"@type\":\"SearchAction\",\"target\":{\"@type\":\"EntryPoint\",\"urlTemplate\":\"https:\\\/\\\/atami.com\\\/es?s={search_term_string}\"},\"query-input\":{\"@type\":\"PropertyValueSpecification\",\"valueRequired\":true,\"valueName\":\"search_term_string\"}}],\"inLanguage\":\"es\"},{\"@type\":\"Organization\",\"@id\":\"https:\\\/\\\/atami.com\\\/es#organization\",\"name\":\"Atami\",\"url\":\"https:\\\/\\\/atami.com\\\/es\",\"logo\":{\"@type\":\"ImageObject\",\"inLanguage\":\"es\",\"@id\":\"https:\\\/\\\/atami.com\\\/es#\\\/schema\\\/logo\\\/image\\\/\",\"url\":\"https:\\\/\\\/atami.com\\\/wp-content\\\/uploads\\\/2026\\\/01\\\/Atami-logo-696x696px.webp\",\"contentUrl\":\"https:\\\/\\\/atami.com\\\/wp-content\\\/uploads\\\/2026\\\/01\\\/Atami-logo-696x696px.webp\",\"width\":696,\"height\":696,\"caption\":\"Atami\"},\"image\":{\"@id\":\"https:\\\/\\\/atami.com\\\/es#\\\/schema\\\/logo\\\/image\\\/\"},\"sameAs\":[\"https:\\\/\\\/www.facebook.com\\\/Atami.International\",\"https:\\\/\\\/x.com\\\/AtamiEU\",\"https:\\\/\\\/www.youtube.com\\\/c\\\/AtamiInternational\",\"https:\\\/\\\/www.instagram.com\\\/atami.international\\\/\"],\"description\":\"ATAMI is a premium plant nutrition & substrate brand founded in 1997 with the mission to make exceptional cultivation achievable for everyone. From legacy to license, we offer a wide variety of innovating award-winning products to let cultivators achieve maximum results in taste & yield.\",\"email\":\"info@mginnovations.es\",\"legalName\":\"Atami\",\"numberOfEmployees\":{\"@type\":\"QuantitativeValue\",\"minValue\":\"11\",\"maxValue\":\"50\"}}]}<\/script>\n<!-- \/ Yoast SEO Premium plugin. -->","yoast_head_json":{"title":"ATA NRG Triangle Pack de Atami: Nutrici\u00f3n Completa","description":"Descubre el ATA NRG Triangle Pack de Atami, la soluci\u00f3n nutritiva completa para todas las etapas de tus plantas. \u00a1Crecimiento y floraci\u00f3n \u00f3ptimos! Haz clic aqu\u00ed.","robots":{"index":"index","follow":"follow","max-snippet":"max-snippet:-1","max-image-preview":"max-image-preview:large","max-video-preview":"max-video-preview:-1"},"canonical":"https:\/\/atami.com\/es\/producto\/ata-nrg-triangle-pack","og_locale":"es_ES","og_type":"article","og_title":"ATA NRG Triangle Pack","og_description":"Descubre el ATA NRG Triangle Pack de Atami, la soluci\u00f3n nutritiva completa para todas las etapas de tus plantas. \u00a1Crecimiento y floraci\u00f3n \u00f3ptimos! Haz clic aqu\u00ed.","og_url":"https:\/\/atami.com\/es\/producto\/ata-nrg-triangle-pack","og_site_name":"Atami","article_publisher":"https:\/\/www.facebook.com\/Atami.International","article_modified_time":"2026-01-23T15:31:43+00:00","og_image":[{"width":1080,"height":1080,"url":"https:\/\/atami.com\/wp-content\/uploads\/2023\/07\/ATA-NRG-Triangle-Pack.webp","type":"image\/webp"}],"twitter_card":"summary_large_image","twitter_site":"@AtamiEU","twitter_misc":{"Tiempo de lectura":"1 minuto"},"schema":{"@context":"https:\/\/schema.org","@graph":[{"@type":"WebPage","@id":"https:\/\/atami.com\/es\/producto\/ata-nrg-triangle-pack","url":"https:\/\/atami.com\/es\/producto\/ata-nrg-triangle-pack","name":"ATA NRG Triangle Pack de Atami: Nutrici\u00f3n Completa","isPartOf":{"@id":"https:\/\/atami.com\/es#website"},"primaryImageOfPage":{"@id":"https:\/\/atami.com\/es\/producto\/ata-nrg-triangle-pack#primaryimage"},"image":{"@id":"https:\/\/atami.com\/es\/producto\/ata-nrg-triangle-pack#primaryimage"},"thumbnailUrl":"https:\/\/atami.com\/wp-content\/uploads\/2023\/07\/ATA-NRG-Triangle-Pack.webp","datePublished":"2023-07-25T11:25:36+00:00","dateModified":"2026-01-23T15:31:43+00:00","description":"Descubre el ATA NRG Triangle Pack de Atami, la soluci\u00f3n nutritiva completa para todas las etapas de tus plantas. \u00a1Crecimiento y floraci\u00f3n \u00f3ptimos! Haz clic aqu\u00ed.","breadcrumb":{"@id":"https:\/\/atami.com\/es\/producto\/ata-nrg-triangle-pack#breadcrumb"},"inLanguage":"es","potentialAction":[{"@type":"ReadAction","target":["https:\/\/atami.com\/es\/producto\/ata-nrg-triangle-pack"]}]},{"@type":"ImageObject","inLanguage":"es","@id":"https:\/\/atami.com\/es\/producto\/ata-nrg-triangle-pack#primaryimage","url":"https:\/\/atami.com\/wp-content\/uploads\/2023\/07\/ATA-NRG-Triangle-Pack.webp","contentUrl":"https:\/\/atami.com\/wp-content\/uploads\/2023\/07\/ATA-NRG-Triangle-Pack.webp","width":1080,"height":1080,"caption":"ATA NRG Triangle Pack ofrece un r\u00e9gimen completo de nutrientes org\u00e1nicos, asegurando que sus plantas prosperen desde las etapas de crecimiento hasta la floraci\u00f3n."},{"@type":"BreadcrumbList","@id":"https:\/\/atami.com\/es\/producto\/ata-nrg-triangle-pack#breadcrumb","itemListElement":[{"@type":"ListItem","position":1,"name":"Home","item":"https:\/\/atami.com\/es"},{"@type":"ListItem","position":2,"name":"Productos","item":"https:\/\/atami.com\/es\/shop"},{"@type":"ListItem","position":3,"name":"Cajas y Packs","item":"https:\/\/atami.com\/es\/categoria-producto\/cajas-packs"},{"@type":"ListItem","position":4,"name":"ATA NRG Triangle Pack"}]},{"@type":"WebSite","@id":"https:\/\/atami.com\/es#website","url":"https:\/\/atami.com\/es","name":"Atami","description":"NATURALLY INNOVATING!","publisher":{"@id":"https:\/\/atami.com\/es#organization"},"potentialAction":[{"@type":"SearchAction","target":{"@type":"EntryPoint","urlTemplate":"https:\/\/atami.com\/es?s={search_term_string}"},"query-input":{"@type":"PropertyValueSpecification","valueRequired":true,"valueName":"search_term_string"}}],"inLanguage":"es"},{"@type":"Organization","@id":"https:\/\/atami.com\/es#organization","name":"Atami","url":"https:\/\/atami.com\/es","logo":{"@type":"ImageObject","inLanguage":"es","@id":"https:\/\/atami.com\/es#\/schema\/logo\/image\/","url":"https:\/\/atami.com\/wp-content\/uploads\/2026\/01\/Atami-logo-696x696px.webp","contentUrl":"https:\/\/atami.com\/wp-content\/uploads\/2026\/01\/Atami-logo-696x696px.webp","width":696,"height":696,"caption":"Atami"},"image":{"@id":"https:\/\/atami.com\/es#\/schema\/logo\/image\/"},"sameAs":["https:\/\/www.facebook.com\/Atami.International","https:\/\/x.com\/AtamiEU","https:\/\/www.youtube.com\/c\/AtamiInternational","https:\/\/www.instagram.com\/atami.international\/"],"description":"ATAMI is a premium plant nutrition & substrate brand founded in 1997 with the mission to make exceptional cultivation achievable for everyone. From legacy to license, we offer a wide variety of innovating award-winning products to let cultivators achieve maximum results in taste & yield.","email":"info@mginnovations.es","legalName":"Atami","numberOfEmployees":{"@type":"QuantitativeValue","minValue":"11","maxValue":"50"}}]}},"_links":{"self":[{"href":"https:\/\/atami.com\/es\/wp-json\/wp\/v2\/product\/44866","targetHints":{"allow":["GET"]}}],"collection":[{"href":"https:\/\/atami.com\/es\/wp-json\/wp\/v2\/product"}],"about":[{"href":"https:\/\/atami.com\/es\/wp-json\/wp\/v2\/types\/product"}],"replies":[{"embeddable":true,"href":"https:\/\/atami.com\/es\/wp-json\/wp\/v2\/comments?post=44866"}],"wp:featuredmedia":[{"embeddable":true,"href":"https:\/\/atami.com\/es\/wp-json\/wp\/v2\/media\/181421"}],"wp:attachment":[{"href":"https:\/\/atami.com\/es\/wp-json\/wp\/v2\/media?parent=44866"}],"wp:term":[{"taxonomy":"product_brand","embeddable":true,"href":"https:\/\/atami.com\/es\/wp-json\/wp\/v2\/product_brand?post=44866"},{"taxonomy":"product_cat","embeddable":true,"href":"https:\/\/atami.com\/es\/wp-json\/wp\/v2\/product_cat?post=44866"},{"taxonomy":"product_tag","embeddable":true,"href":"https:\/\/atami.com\/es\/wp-json\/wp\/v2\/product_tag?post=44866"}],"curies":[{"name":"wp","href":"https:\/\/api.w.org\/{rel}","templated":true}]}}