{"id":22426,"date":"2023-02-14T15:40:49","date_gmt":"2023-02-14T15:40:49","guid":{"rendered":"https:\/\/atami.com\/product\/macetas-atami\/"},"modified":"2025-11-10T17:17:23","modified_gmt":"2025-11-10T15:17:23","slug":"macetas-atami","status":"publish","type":"product","link":"https:\/\/atami.com\/es\/producto\/macetas-atami","title":{"rendered":"Macetas Atami"},"content":{"rendered":"<p>Atami dispone de una gran variedad de macetas, de forma que cada cultivador puede encontrar el modelo requerido. Las macetas corrientes tienen a menudo pocos orificios en el fondo, lo que dificulta el drenaje. Esto causa un enorme perjuicio al cultivo, ya que las plantas no soportan los suelos demasia doh\u00famedos.<\/p>\n<p>&nbsp;<\/p>\n<p>Un drenaje insuficiente puede encharcar la maceta, lo que resulta en una deficiencia de ox\u00edgeno que provocar\u00e1 la podredumbre del sistema radicular. Para prevenir tales da\u00f1os, las macetas de Atami han sido dise\u00f1adas para permitir constantemente el drenaje del exceso de agua. Esto hace que el cultivo resulte mucho m\u00e1s seguro y fruct\u00edfero.<\/p>\n","protected":false},"excerpt":{"rendered":"<p>Atami dispone de una gran variedad de macetas, de forma que cada cultivador puede encontrar el modelo requerido. Las macetas corrientes tienen a menudo pocos orificios en el fondo, lo que dificulta el drenaje. Esto causa un enorme perjuicio al cultivo, ya que las plantas no soportan los suelos demasia doh\u00famedos. &nbsp; Un drenaje insuficiente [&hellip;]<\/p>\n","protected":false},"featured_media":26600,"comment_status":"closed","ping_status":"closed","template":"","meta":{"_acf_changed":false,"iawp_total_views":117},"product_brand":[],"product_cat":[227],"product_tag":[],"class_list":{"0":"post-22426","1":"product","2":"type-product","3":"status-publish","4":"has-post-thumbnail","6":"product_cat-sistemas-de-cultivo-wilma","8":"first","9":"instock","10":"shipping-taxable","11":"product-type-simple"},"acf":{"short_description":"<p>Atami dispone de una gran variedad de macetas, de forma que cada cultivador puede encontrar el modelo requerido. Las macetas corrientes tienen a menudo pocos orificios en el fondo, lo que dificulta el drenaje. Esto causa un enorme perjuicio al cultivo, ya que las plantas no soportan los suelos demasia doh\u00famedos.<\/p><p>\u00a0<\/p><p>Un drenaje insuficiente puede encharcar la maceta, lo que resulta en una deficiencia de ox\u00edgeno que provocar\u00e1 la podredumbre del sistema radicular. Para prevenir tales da\u00f1os, las macetas de Atami han sido dise\u00f1adas para permitir constantemente el drenaje del exceso de agua. Esto hace que el cultivo resulte mucho m\u00e1s seguro y fruct\u00edfero.<\/p>","suitable_for":"","application":"","dosage":"","npk_ratio":"","available_in":"","icon_1":"","icon_1_text":"","icon_2":"","icon_2_text":"","icon_3":"","icon_3_text":"","icon_4":"","icon_4_text":"","video":"","second_image":"","product_image_page":26615,"user_manual":"","new_icon_1":"","new_icon_2":"","new_icon_3":"","new_icon_4":"","grow_guides":null,"category":"Sistema de cultivo"},"yoast_head":"<!-- This site is optimized with the Yoast SEO Premium plugin v27.4 (Yoast SEO v27.4) - https:\/\/yoast.com\/product\/yoast-seo-premium-wordpress\/ -->\n<title>Macetas Atami | Atami<\/title>\n<meta name=\"description\" content=\"Atami dispone de una gran variedad de macetas, de forma que cada cultivador puede encontrar el modelo requerido. Las macetas corrientes tienen a menudo pocos orificios en el fondo, lo que dificulta el drenaje. Esto causa un enorme perjuicio al cultivo, ya que las plantas no soportan los suelos demasia doh\u00famedos.\" \/>\n<meta name=\"robots\" content=\"index, follow, max-snippet:-1, max-image-preview:large, max-video-preview:-1\" \/>\n<link rel=\"canonical\" href=\"https:\/\/atami.com\/es\/producto\/macetas-atami\" \/>\n<meta property=\"og:locale\" content=\"es_ES\" \/>\n<meta property=\"og:type\" content=\"article\" \/>\n<meta property=\"og:title\" content=\"Macetas Atami\" \/>\n<meta property=\"og:description\" content=\"Atami dispone de una gran variedad de macetas, de forma que cada cultivador puede encontrar el modelo requerido. Las macetas corrientes tienen a menudo pocos orificios en el fondo, lo que dificulta el drenaje. Esto causa un enorme perjuicio al cultivo, ya que las plantas no soportan los suelos demasia doh\u00famedos.\" \/>\n<meta property=\"og:url\" content=\"https:\/\/atami.com\/es\/producto\/macetas-atami\" \/>\n<meta property=\"og:site_name\" content=\"Atami\" \/>\n<meta property=\"article:publisher\" content=\"https:\/\/www.facebook.com\/Atami.International\" \/>\n<meta property=\"article:modified_time\" content=\"2025-11-10T15:17:23+00:00\" \/>\n<meta property=\"og:image\" content=\"https:\/\/atami.com\/wp-content\/uploads\/2023\/02\/Atami-Containers-Main-Image.webp\" \/>\n\t<meta property=\"og:image:width\" content=\"1080\" \/>\n\t<meta property=\"og:image:height\" content=\"1080\" \/>\n\t<meta property=\"og:image:type\" content=\"image\/webp\" \/>\n<meta name=\"twitter:card\" content=\"summary_large_image\" \/>\n<meta name=\"twitter:site\" content=\"@AtamiEU\" \/>\n<meta name=\"twitter:label1\" content=\"Tiempo de lectura\" \/>\n\t<meta name=\"twitter:data1\" content=\"1 minuto\" \/>\n<script type=\"application\/ld+json\" class=\"yoast-schema-graph\">{\"@context\":\"https:\\\/\\\/schema.org\",\"@graph\":[{\"@type\":\"WebPage\",\"@id\":\"https:\\\/\\\/atami.com\\\/es\\\/producto\\\/macetas-atami\",\"url\":\"https:\\\/\\\/atami.com\\\/es\\\/producto\\\/macetas-atami\",\"name\":\"Macetas Atami | Atami\",\"isPartOf\":{\"@id\":\"https:\\\/\\\/atami.com\\\/es#website\"},\"primaryImageOfPage\":{\"@id\":\"https:\\\/\\\/atami.com\\\/es\\\/producto\\\/macetas-atami#primaryimage\"},\"image\":{\"@id\":\"https:\\\/\\\/atami.com\\\/es\\\/producto\\\/macetas-atami#primaryimage\"},\"thumbnailUrl\":\"https:\\\/\\\/atami.com\\\/wp-content\\\/uploads\\\/2023\\\/02\\\/Atami-Containers-Main-Image.webp\",\"datePublished\":\"2023-02-14T15:40:49+00:00\",\"dateModified\":\"2025-11-10T15:17:23+00:00\",\"description\":\"Atami dispone de una gran variedad de macetas, de forma que cada cultivador puede encontrar el modelo requerido. Las macetas corrientes tienen a menudo pocos orificios en el fondo, lo que dificulta el drenaje. Esto causa un enorme perjuicio al cultivo, ya que las plantas no soportan los suelos demasia doh\u00famedos.\",\"breadcrumb\":{\"@id\":\"https:\\\/\\\/atami.com\\\/es\\\/producto\\\/macetas-atami#breadcrumb\"},\"inLanguage\":\"es\",\"potentialAction\":[{\"@type\":\"ReadAction\",\"target\":[\"https:\\\/\\\/atami.com\\\/es\\\/producto\\\/macetas-atami\"]}]},{\"@type\":\"ImageObject\",\"inLanguage\":\"es\",\"@id\":\"https:\\\/\\\/atami.com\\\/es\\\/producto\\\/macetas-atami#primaryimage\",\"url\":\"https:\\\/\\\/atami.com\\\/wp-content\\\/uploads\\\/2023\\\/02\\\/Atami-Containers-Main-Image.webp\",\"contentUrl\":\"https:\\\/\\\/atami.com\\\/wp-content\\\/uploads\\\/2023\\\/02\\\/Atami-Containers-Main-Image.webp\",\"width\":1080,\"height\":1080,\"caption\":\"Los contenedores Atami proporcionan un entorno resistente y transpirable para las plantas, lo que favorece un fuerte desarrollo de las ra\u00edces y un crecimiento saludable.\"},{\"@type\":\"BreadcrumbList\",\"@id\":\"https:\\\/\\\/atami.com\\\/es\\\/producto\\\/macetas-atami#breadcrumb\",\"itemListElement\":[{\"@type\":\"ListItem\",\"position\":1,\"name\":\"Home\",\"item\":\"https:\\\/\\\/atami.com\\\/es\"},{\"@type\":\"ListItem\",\"position\":2,\"name\":\"Productos\",\"item\":\"https:\\\/\\\/atami.com\\\/es\\\/shop\"},{\"@type\":\"ListItem\",\"position\":3,\"name\":\"Marcas\",\"item\":\"https:\\\/\\\/atami.com\\\/es\\\/categoria-producto\\\/marcas\"},{\"@type\":\"ListItem\",\"position\":4,\"name\":\"Sistemas de cultivo Wilma\",\"item\":\"https:\\\/\\\/atami.com\\\/es\\\/categoria-producto\\\/marcas\\\/sistemas-de-cultivo-wilma\"},{\"@type\":\"ListItem\",\"position\":5,\"name\":\"Macetas Atami\"}]},{\"@type\":\"WebSite\",\"@id\":\"https:\\\/\\\/atami.com\\\/es#website\",\"url\":\"https:\\\/\\\/atami.com\\\/es\",\"name\":\"Atami\",\"description\":\"NATURALLY INNOVATING!\",\"publisher\":{\"@id\":\"https:\\\/\\\/atami.com\\\/es#organization\"},\"potentialAction\":[{\"@type\":\"SearchAction\",\"target\":{\"@type\":\"EntryPoint\",\"urlTemplate\":\"https:\\\/\\\/atami.com\\\/es?s={search_term_string}\"},\"query-input\":{\"@type\":\"PropertyValueSpecification\",\"valueRequired\":true,\"valueName\":\"search_term_string\"}}],\"inLanguage\":\"es\"},{\"@type\":\"Organization\",\"@id\":\"https:\\\/\\\/atami.com\\\/es#organization\",\"name\":\"Atami\",\"url\":\"https:\\\/\\\/atami.com\\\/es\",\"logo\":{\"@type\":\"ImageObject\",\"inLanguage\":\"es\",\"@id\":\"https:\\\/\\\/atami.com\\\/es#\\\/schema\\\/logo\\\/image\\\/\",\"url\":\"https:\\\/\\\/atami.com\\\/wp-content\\\/uploads\\\/2026\\\/01\\\/Atami-logo-696x696px.webp\",\"contentUrl\":\"https:\\\/\\\/atami.com\\\/wp-content\\\/uploads\\\/2026\\\/01\\\/Atami-logo-696x696px.webp\",\"width\":696,\"height\":696,\"caption\":\"Atami\"},\"image\":{\"@id\":\"https:\\\/\\\/atami.com\\\/es#\\\/schema\\\/logo\\\/image\\\/\"},\"sameAs\":[\"https:\\\/\\\/www.facebook.com\\\/Atami.International\",\"https:\\\/\\\/x.com\\\/AtamiEU\",\"https:\\\/\\\/www.youtube.com\\\/c\\\/AtamiInternational\",\"https:\\\/\\\/www.instagram.com\\\/atami.international\\\/\"],\"description\":\"ATAMI is a premium plant nutrition & substrate brand founded in 1997 with the mission to make exceptional cultivation achievable for everyone. From legacy to license, we offer a wide variety of innovating award-winning products to let cultivators achieve maximum results in taste & yield.\",\"email\":\"info@mginnovations.es\",\"legalName\":\"Atami\",\"numberOfEmployees\":{\"@type\":\"QuantitativeValue\",\"minValue\":\"11\",\"maxValue\":\"50\"}}]}<\/script>\n<!-- \/ Yoast SEO Premium plugin. -->","yoast_head_json":{"title":"Macetas Atami | Atami","description":"Atami dispone de una gran variedad de macetas, de forma que cada cultivador puede encontrar el modelo requerido. Las macetas corrientes tienen a menudo pocos orificios en el fondo, lo que dificulta el drenaje. Esto causa un enorme perjuicio al cultivo, ya que las plantas no soportan los suelos demasia doh\u00famedos.","robots":{"index":"index","follow":"follow","max-snippet":"max-snippet:-1","max-image-preview":"max-image-preview:large","max-video-preview":"max-video-preview:-1"},"canonical":"https:\/\/atami.com\/es\/producto\/macetas-atami","og_locale":"es_ES","og_type":"article","og_title":"Macetas Atami","og_description":"Atami dispone de una gran variedad de macetas, de forma que cada cultivador puede encontrar el modelo requerido. Las macetas corrientes tienen a menudo pocos orificios en el fondo, lo que dificulta el drenaje. Esto causa un enorme perjuicio al cultivo, ya que las plantas no soportan los suelos demasia doh\u00famedos.","og_url":"https:\/\/atami.com\/es\/producto\/macetas-atami","og_site_name":"Atami","article_publisher":"https:\/\/www.facebook.com\/Atami.International","article_modified_time":"2025-11-10T15:17:23+00:00","og_image":[{"width":1080,"height":1080,"url":"https:\/\/atami.com\/wp-content\/uploads\/2023\/02\/Atami-Containers-Main-Image.webp","type":"image\/webp"}],"twitter_card":"summary_large_image","twitter_site":"@AtamiEU","twitter_misc":{"Tiempo de lectura":"1 minuto"},"schema":{"@context":"https:\/\/schema.org","@graph":[{"@type":"WebPage","@id":"https:\/\/atami.com\/es\/producto\/macetas-atami","url":"https:\/\/atami.com\/es\/producto\/macetas-atami","name":"Macetas Atami | Atami","isPartOf":{"@id":"https:\/\/atami.com\/es#website"},"primaryImageOfPage":{"@id":"https:\/\/atami.com\/es\/producto\/macetas-atami#primaryimage"},"image":{"@id":"https:\/\/atami.com\/es\/producto\/macetas-atami#primaryimage"},"thumbnailUrl":"https:\/\/atami.com\/wp-content\/uploads\/2023\/02\/Atami-Containers-Main-Image.webp","datePublished":"2023-02-14T15:40:49+00:00","dateModified":"2025-11-10T15:17:23+00:00","description":"Atami dispone de una gran variedad de macetas, de forma que cada cultivador puede encontrar el modelo requerido. Las macetas corrientes tienen a menudo pocos orificios en el fondo, lo que dificulta el drenaje. Esto causa un enorme perjuicio al cultivo, ya que las plantas no soportan los suelos demasia doh\u00famedos.","breadcrumb":{"@id":"https:\/\/atami.com\/es\/producto\/macetas-atami#breadcrumb"},"inLanguage":"es","potentialAction":[{"@type":"ReadAction","target":["https:\/\/atami.com\/es\/producto\/macetas-atami"]}]},{"@type":"ImageObject","inLanguage":"es","@id":"https:\/\/atami.com\/es\/producto\/macetas-atami#primaryimage","url":"https:\/\/atami.com\/wp-content\/uploads\/2023\/02\/Atami-Containers-Main-Image.webp","contentUrl":"https:\/\/atami.com\/wp-content\/uploads\/2023\/02\/Atami-Containers-Main-Image.webp","width":1080,"height":1080,"caption":"Los contenedores Atami proporcionan un entorno resistente y transpirable para las plantas, lo que favorece un fuerte desarrollo de las ra\u00edces y un crecimiento saludable."},{"@type":"BreadcrumbList","@id":"https:\/\/atami.com\/es\/producto\/macetas-atami#breadcrumb","itemListElement":[{"@type":"ListItem","position":1,"name":"Home","item":"https:\/\/atami.com\/es"},{"@type":"ListItem","position":2,"name":"Productos","item":"https:\/\/atami.com\/es\/shop"},{"@type":"ListItem","position":3,"name":"Marcas","item":"https:\/\/atami.com\/es\/categoria-producto\/marcas"},{"@type":"ListItem","position":4,"name":"Sistemas de cultivo Wilma","item":"https:\/\/atami.com\/es\/categoria-producto\/marcas\/sistemas-de-cultivo-wilma"},{"@type":"ListItem","position":5,"name":"Macetas Atami"}]},{"@type":"WebSite","@id":"https:\/\/atami.com\/es#website","url":"https:\/\/atami.com\/es","name":"Atami","description":"NATURALLY INNOVATING!","publisher":{"@id":"https:\/\/atami.com\/es#organization"},"potentialAction":[{"@type":"SearchAction","target":{"@type":"EntryPoint","urlTemplate":"https:\/\/atami.com\/es?s={search_term_string}"},"query-input":{"@type":"PropertyValueSpecification","valueRequired":true,"valueName":"search_term_string"}}],"inLanguage":"es"},{"@type":"Organization","@id":"https:\/\/atami.com\/es#organization","name":"Atami","url":"https:\/\/atami.com\/es","logo":{"@type":"ImageObject","inLanguage":"es","@id":"https:\/\/atami.com\/es#\/schema\/logo\/image\/","url":"https:\/\/atami.com\/wp-content\/uploads\/2026\/01\/Atami-logo-696x696px.webp","contentUrl":"https:\/\/atami.com\/wp-content\/uploads\/2026\/01\/Atami-logo-696x696px.webp","width":696,"height":696,"caption":"Atami"},"image":{"@id":"https:\/\/atami.com\/es#\/schema\/logo\/image\/"},"sameAs":["https:\/\/www.facebook.com\/Atami.International","https:\/\/x.com\/AtamiEU","https:\/\/www.youtube.com\/c\/AtamiInternational","https:\/\/www.instagram.com\/atami.international\/"],"description":"ATAMI is a premium plant nutrition & substrate brand founded in 1997 with the mission to make exceptional cultivation achievable for everyone. From legacy to license, we offer a wide variety of innovating award-winning products to let cultivators achieve maximum results in taste & yield.","email":"info@mginnovations.es","legalName":"Atami","numberOfEmployees":{"@type":"QuantitativeValue","minValue":"11","maxValue":"50"}}]}},"_links":{"self":[{"href":"https:\/\/atami.com\/es\/wp-json\/wp\/v2\/product\/22426","targetHints":{"allow":["GET"]}}],"collection":[{"href":"https:\/\/atami.com\/es\/wp-json\/wp\/v2\/product"}],"about":[{"href":"https:\/\/atami.com\/es\/wp-json\/wp\/v2\/types\/product"}],"replies":[{"embeddable":true,"href":"https:\/\/atami.com\/es\/wp-json\/wp\/v2\/comments?post=22426"}],"wp:featuredmedia":[{"embeddable":true,"href":"https:\/\/atami.com\/es\/wp-json\/wp\/v2\/media\/26600"}],"wp:attachment":[{"href":"https:\/\/atami.com\/es\/wp-json\/wp\/v2\/media?parent=22426"}],"wp:term":[{"taxonomy":"product_brand","embeddable":true,"href":"https:\/\/atami.com\/es\/wp-json\/wp\/v2\/product_brand?post=22426"},{"taxonomy":"product_cat","embeddable":true,"href":"https:\/\/atami.com\/es\/wp-json\/wp\/v2\/product_cat?post=22426"},{"taxonomy":"product_tag","embeddable":true,"href":"https:\/\/atami.com\/es\/wp-json\/wp\/v2\/product_tag?post=22426"}],"curies":[{"name":"wp","href":"https:\/\/api.w.org\/{rel}","templated":true}]}}