{"id":22414,"date":"2023-02-14T13:15:05","date_gmt":"2023-02-14T13:15:05","guid":{"rendered":"https:\/\/atami.com\/product\/bounce\/"},"modified":"2025-11-10T16:34:22","modified_gmt":"2025-11-10T14:34:22","slug":"bounce","status":"publish","type":"product","link":"https:\/\/atami.com\/es\/producto\/bounce","title":{"rendered":"B\u2019ounce"},"content":{"rendered":"<p>Atami B\u2019ounce es un sustrato comprimido, compuesto de una mezcla de part\u00edculas de coco, fibra de coco y trozos de coco. Todos los ingredientes han sido lavados y adaptados de forma que Atami B\u2019ounce puede ser considerado como un sustrato puro. Ya que la fibra de coco Atami B\u2019ounce tiene una estructura heterog\u00e9nea, constituye el sustrato ideal. Los trozos m\u00e1s gruesos de fibra de coco hacen que la mezcla de coco se mantenga lo suficientemente ligera, lo que facilita el paso de ox\u00edgeno a las ra\u00edces. El ox\u00edgeno contribuye positiva y r\u00e1pidamente al desarrollo de un sistema radicular sano y fuerte.<\/p>\n<p>&nbsp;<\/p>\n<p>El sistema radicular se desarrollar\u00e1 adecuadamente gracias a las caracter\u00edsticas favorables de un suelo ligero, lo que estimular\u00e1 tambi\u00e9n el crecimiento de la planta. Los fragmentos m\u00e1s gruesos de fibra de coco proporcionan un buen drenaje. Los fragmentos m\u00e1s finos (entre otros, las fibras y part\u00edculas) ejercen, por el contrario, la funci\u00f3n de retener la humedad, por lo que el agua nutritiva permanece mayor tiempo en el sustrato.<\/p>\n<p>&nbsp;<\/p>\n<p><strong>Atami B\u2019ounce se encuentra disponible en peque\u00f1os tacos de 18,5 x 18,5 cm. La altura de los tacos es de 6 cm. Tras ser mojado, el Atami B\u2019ounce se dilata hasta alcanzar una altura de 20 cm.<\/strong><\/p>\n<p>&nbsp;<\/p>\n<p><strong>EC: 0,80<\/strong><\/p>\n","protected":false},"excerpt":{"rendered":"<p>Sustrato de coco comprimido<\/p>\n","protected":false},"featured_media":26134,"comment_status":"closed","ping_status":"closed","template":"","meta":{"_acf_changed":false,"iawp_total_views":77},"product_brand":[],"product_cat":[226],"product_tag":[],"class_list":{"0":"post-22414","1":"product","2":"type-product","3":"status-publish","4":"has-post-thumbnail","6":"product_cat-sustratos-atami","8":"first","9":"instock","10":"shipping-taxable","11":"product-type-simple"},"acf":{"short_description":"<p>Atami B\u2019ounce es un sustrato comprimido, compuesto de una mezcla de part\u00edculas de coco, fibra de coco y trozos de coco. Todos los ingredientes han sido lavados y adaptados de forma que Atami B\u2019ounce puede ser considerado como un sustrato puro. Ya que la fibra de coco Atami B\u2019ounce tiene una estructura heterog\u00e9nea, constituye el sustrato ideal. Los trozos m\u00e1s gruesos de fibra de coco hacen que la mezcla de coco se mantenga lo suficientemente ligera, lo que facilita el paso de ox\u00edgeno a las ra\u00edces. El ox\u00edgeno contribuye positiva y r\u00e1pidamente al desarrollo de un sistema radicular sano y fuerte.<\/p><p>&nbsp;<\/p><p>El sistema radicular se desarrollar\u00e1 adecuadamente gracias a las caracter\u00edsticas favorables de un suelo ligero, lo que estimular\u00e1 tambi\u00e9n el crecimiento de la planta. Los fragmentos m\u00e1s gruesos de fibra de coco proporcionan un buen drenaje. Los fragmentos m\u00e1s finos (entre otros, las fibras y part\u00edculas) ejercen, por el contrario, la funci\u00f3n de retener la humedad, por lo que el agua nutritiva permanece mayor tiempo en el sustrato.<\/p><p>&nbsp;<\/p><p><strong>Atami B\u2019ounce se encuentra disponible en peque\u00f1os tacos de 18,5 x 18,5 cm. La altura de los tacos es de 6 cm. Tras ser mojado, el Atami B\u2019ounce se dilata hasta alcanzar una altura de 20 cm.<\/strong><\/p><p>&nbsp;<\/p><p><strong>EC: 0,80<\/strong><\/p>","suitable_for":"","application":"","dosage":"","npk_ratio":"","available_in":"","icon_1":"","icon_1_text":"","icon_2":"","icon_2_text":"","icon_3":"","icon_3_text":"","icon_4":"","icon_4_text":"","video":"","second_image":26149,"product_image_page":"","user_manual":"","new_icon_1":"","new_icon_2":"","new_icon_3":"","new_icon_4":"","grow_guides":"","category":"Sustrato"},"yoast_head":"<!-- This site is optimized with the Yoast SEO Premium plugin v27.4 (Yoast SEO v27.4) - https:\/\/yoast.com\/product\/yoast-seo-premium-wordpress\/ -->\n<title>B&#039;ounce | Mejora el Crecimiento y Salud de tus Plantas con Eficacia<\/title>\n<meta name=\"description\" content=\"Descubre B\u2019ounce, el sustrato de coco comprimido de Atami. Su estructura heterog\u00e9nea facilita un drenaje perfecto y fomenta un sistema radicular fuerte. Ideal para todo tipo de plantas que requieren un sustrato ligero y aireado.\" \/>\n<meta name=\"robots\" content=\"index, follow, max-snippet:-1, max-image-preview:large, max-video-preview:-1\" \/>\n<link rel=\"canonical\" href=\"https:\/\/atami.com\/es\/producto\/bounce\" \/>\n<meta property=\"og:locale\" content=\"es_ES\" \/>\n<meta property=\"og:type\" content=\"article\" \/>\n<meta property=\"og:title\" content=\"B\u2019ounce\" \/>\n<meta property=\"og:description\" content=\"Descubre B\u2019ounce, el sustrato de coco comprimido de Atami. Su estructura heterog\u00e9nea facilita un drenaje perfecto y fomenta un sistema radicular fuerte. Ideal para todo tipo de plantas que requieren un sustrato ligero y aireado.\" \/>\n<meta property=\"og:url\" content=\"https:\/\/atami.com\/es\/producto\/bounce\" \/>\n<meta property=\"og:site_name\" content=\"Atami\" \/>\n<meta property=\"article:publisher\" content=\"https:\/\/www.facebook.com\/Atami.International\" \/>\n<meta property=\"article:modified_time\" content=\"2025-11-10T14:34:22+00:00\" \/>\n<meta property=\"og:image\" content=\"https:\/\/atami.com\/wp-content\/uploads\/2023\/02\/Bounce-Main-Image.webp\" \/>\n\t<meta property=\"og:image:width\" content=\"1080\" \/>\n\t<meta property=\"og:image:height\" content=\"1080\" \/>\n\t<meta property=\"og:image:type\" content=\"image\/webp\" \/>\n<meta name=\"twitter:card\" content=\"summary_large_image\" \/>\n<meta name=\"twitter:site\" content=\"@AtamiEU\" \/>\n<meta name=\"twitter:label1\" content=\"Tiempo de lectura\" \/>\n\t<meta name=\"twitter:data1\" content=\"2 minutos\" \/>\n<script type=\"application\/ld+json\" class=\"yoast-schema-graph\">{\"@context\":\"https:\\\/\\\/schema.org\",\"@graph\":[{\"@type\":\"WebPage\",\"@id\":\"https:\\\/\\\/atami.com\\\/es\\\/producto\\\/bounce\",\"url\":\"https:\\\/\\\/atami.com\\\/es\\\/producto\\\/bounce\",\"name\":\"B'ounce | Mejora el Crecimiento y Salud de tus Plantas con Eficacia\",\"isPartOf\":{\"@id\":\"https:\\\/\\\/atami.com\\\/es#website\"},\"primaryImageOfPage\":{\"@id\":\"https:\\\/\\\/atami.com\\\/es\\\/producto\\\/bounce#primaryimage\"},\"image\":{\"@id\":\"https:\\\/\\\/atami.com\\\/es\\\/producto\\\/bounce#primaryimage\"},\"thumbnailUrl\":\"https:\\\/\\\/atami.com\\\/wp-content\\\/uploads\\\/2023\\\/02\\\/Bounce-Main-Image.webp\",\"datePublished\":\"2023-02-14T13:15:05+00:00\",\"dateModified\":\"2025-11-10T14:34:22+00:00\",\"description\":\"Descubre B\u2019ounce, el sustrato de coco comprimido de Atami. Su estructura heterog\u00e9nea facilita un drenaje perfecto y fomenta un sistema radicular fuerte. Ideal para todo tipo de plantas que requieren un sustrato ligero y aireado.\",\"breadcrumb\":{\"@id\":\"https:\\\/\\\/atami.com\\\/es\\\/producto\\\/bounce#breadcrumb\"},\"inLanguage\":\"es\",\"potentialAction\":[{\"@type\":\"ReadAction\",\"target\":[\"https:\\\/\\\/atami.com\\\/es\\\/producto\\\/bounce\"]}]},{\"@type\":\"ImageObject\",\"inLanguage\":\"es\",\"@id\":\"https:\\\/\\\/atami.com\\\/es\\\/producto\\\/bounce#primaryimage\",\"url\":\"https:\\\/\\\/atami.com\\\/wp-content\\\/uploads\\\/2023\\\/02\\\/Bounce-Main-Image.webp\",\"contentUrl\":\"https:\\\/\\\/atami.com\\\/wp-content\\\/uploads\\\/2023\\\/02\\\/Bounce-Main-Image.webp\",\"width\":1080,\"height\":1080,\"caption\":\"B'ounce proporciona un medio bien estructurado que retiene agua y nutrientes, promoviendo un desarrollo saludable de las ra\u00edces.\"},{\"@type\":\"BreadcrumbList\",\"@id\":\"https:\\\/\\\/atami.com\\\/es\\\/producto\\\/bounce#breadcrumb\",\"itemListElement\":[{\"@type\":\"ListItem\",\"position\":1,\"name\":\"Home\",\"item\":\"https:\\\/\\\/atami.com\\\/es\"},{\"@type\":\"ListItem\",\"position\":2,\"name\":\"Productos\",\"item\":\"https:\\\/\\\/atami.com\\\/es\\\/shop\"},{\"@type\":\"ListItem\",\"position\":3,\"name\":\"Marcas\",\"item\":\"https:\\\/\\\/atami.com\\\/es\\\/categoria-producto\\\/marcas\"},{\"@type\":\"ListItem\",\"position\":4,\"name\":\"sustratos Atami\",\"item\":\"https:\\\/\\\/atami.com\\\/es\\\/categoria-producto\\\/marcas\\\/sustratos-atami\"},{\"@type\":\"ListItem\",\"position\":5,\"name\":\"B\u2019ounce\"}]},{\"@type\":\"WebSite\",\"@id\":\"https:\\\/\\\/atami.com\\\/es#website\",\"url\":\"https:\\\/\\\/atami.com\\\/es\",\"name\":\"Atami\",\"description\":\"NATURALLY INNOVATING!\",\"publisher\":{\"@id\":\"https:\\\/\\\/atami.com\\\/es#organization\"},\"potentialAction\":[{\"@type\":\"SearchAction\",\"target\":{\"@type\":\"EntryPoint\",\"urlTemplate\":\"https:\\\/\\\/atami.com\\\/es?s={search_term_string}\"},\"query-input\":{\"@type\":\"PropertyValueSpecification\",\"valueRequired\":true,\"valueName\":\"search_term_string\"}}],\"inLanguage\":\"es\"},{\"@type\":\"Organization\",\"@id\":\"https:\\\/\\\/atami.com\\\/es#organization\",\"name\":\"Atami\",\"url\":\"https:\\\/\\\/atami.com\\\/es\",\"logo\":{\"@type\":\"ImageObject\",\"inLanguage\":\"es\",\"@id\":\"https:\\\/\\\/atami.com\\\/es#\\\/schema\\\/logo\\\/image\\\/\",\"url\":\"https:\\\/\\\/atami.com\\\/wp-content\\\/uploads\\\/2026\\\/01\\\/Atami-logo-696x696px.webp\",\"contentUrl\":\"https:\\\/\\\/atami.com\\\/wp-content\\\/uploads\\\/2026\\\/01\\\/Atami-logo-696x696px.webp\",\"width\":696,\"height\":696,\"caption\":\"Atami\"},\"image\":{\"@id\":\"https:\\\/\\\/atami.com\\\/es#\\\/schema\\\/logo\\\/image\\\/\"},\"sameAs\":[\"https:\\\/\\\/www.facebook.com\\\/Atami.International\",\"https:\\\/\\\/x.com\\\/AtamiEU\",\"https:\\\/\\\/www.youtube.com\\\/c\\\/AtamiInternational\",\"https:\\\/\\\/www.instagram.com\\\/atami.international\\\/\"],\"description\":\"ATAMI is a premium plant nutrition & substrate brand founded in 1997 with the mission to make exceptional cultivation achievable for everyone. From legacy to license, we offer a wide variety of innovating award-winning products to let cultivators achieve maximum results in taste & yield.\",\"email\":\"info@mginnovations.es\",\"legalName\":\"Atami\",\"numberOfEmployees\":{\"@type\":\"QuantitativeValue\",\"minValue\":\"11\",\"maxValue\":\"50\"}}]}<\/script>\n<!-- \/ Yoast SEO Premium plugin. -->","yoast_head_json":{"title":"B'ounce | Mejora el Crecimiento y Salud de tus Plantas con Eficacia","description":"Descubre B\u2019ounce, el sustrato de coco comprimido de Atami. Su estructura heterog\u00e9nea facilita un drenaje perfecto y fomenta un sistema radicular fuerte. Ideal para todo tipo de plantas que requieren un sustrato ligero y aireado.","robots":{"index":"index","follow":"follow","max-snippet":"max-snippet:-1","max-image-preview":"max-image-preview:large","max-video-preview":"max-video-preview:-1"},"canonical":"https:\/\/atami.com\/es\/producto\/bounce","og_locale":"es_ES","og_type":"article","og_title":"B\u2019ounce","og_description":"Descubre B\u2019ounce, el sustrato de coco comprimido de Atami. Su estructura heterog\u00e9nea facilita un drenaje perfecto y fomenta un sistema radicular fuerte. Ideal para todo tipo de plantas que requieren un sustrato ligero y aireado.","og_url":"https:\/\/atami.com\/es\/producto\/bounce","og_site_name":"Atami","article_publisher":"https:\/\/www.facebook.com\/Atami.International","article_modified_time":"2025-11-10T14:34:22+00:00","og_image":[{"width":1080,"height":1080,"url":"https:\/\/atami.com\/wp-content\/uploads\/2023\/02\/Bounce-Main-Image.webp","type":"image\/webp"}],"twitter_card":"summary_large_image","twitter_site":"@AtamiEU","twitter_misc":{"Tiempo de lectura":"2 minutos"},"schema":{"@context":"https:\/\/schema.org","@graph":[{"@type":"WebPage","@id":"https:\/\/atami.com\/es\/producto\/bounce","url":"https:\/\/atami.com\/es\/producto\/bounce","name":"B'ounce | Mejora el Crecimiento y Salud de tus Plantas con Eficacia","isPartOf":{"@id":"https:\/\/atami.com\/es#website"},"primaryImageOfPage":{"@id":"https:\/\/atami.com\/es\/producto\/bounce#primaryimage"},"image":{"@id":"https:\/\/atami.com\/es\/producto\/bounce#primaryimage"},"thumbnailUrl":"https:\/\/atami.com\/wp-content\/uploads\/2023\/02\/Bounce-Main-Image.webp","datePublished":"2023-02-14T13:15:05+00:00","dateModified":"2025-11-10T14:34:22+00:00","description":"Descubre B\u2019ounce, el sustrato de coco comprimido de Atami. Su estructura heterog\u00e9nea facilita un drenaje perfecto y fomenta un sistema radicular fuerte. Ideal para todo tipo de plantas que requieren un sustrato ligero y aireado.","breadcrumb":{"@id":"https:\/\/atami.com\/es\/producto\/bounce#breadcrumb"},"inLanguage":"es","potentialAction":[{"@type":"ReadAction","target":["https:\/\/atami.com\/es\/producto\/bounce"]}]},{"@type":"ImageObject","inLanguage":"es","@id":"https:\/\/atami.com\/es\/producto\/bounce#primaryimage","url":"https:\/\/atami.com\/wp-content\/uploads\/2023\/02\/Bounce-Main-Image.webp","contentUrl":"https:\/\/atami.com\/wp-content\/uploads\/2023\/02\/Bounce-Main-Image.webp","width":1080,"height":1080,"caption":"B'ounce proporciona un medio bien estructurado que retiene agua y nutrientes, promoviendo un desarrollo saludable de las ra\u00edces."},{"@type":"BreadcrumbList","@id":"https:\/\/atami.com\/es\/producto\/bounce#breadcrumb","itemListElement":[{"@type":"ListItem","position":1,"name":"Home","item":"https:\/\/atami.com\/es"},{"@type":"ListItem","position":2,"name":"Productos","item":"https:\/\/atami.com\/es\/shop"},{"@type":"ListItem","position":3,"name":"Marcas","item":"https:\/\/atami.com\/es\/categoria-producto\/marcas"},{"@type":"ListItem","position":4,"name":"sustratos Atami","item":"https:\/\/atami.com\/es\/categoria-producto\/marcas\/sustratos-atami"},{"@type":"ListItem","position":5,"name":"B\u2019ounce"}]},{"@type":"WebSite","@id":"https:\/\/atami.com\/es#website","url":"https:\/\/atami.com\/es","name":"Atami","description":"NATURALLY INNOVATING!","publisher":{"@id":"https:\/\/atami.com\/es#organization"},"potentialAction":[{"@type":"SearchAction","target":{"@type":"EntryPoint","urlTemplate":"https:\/\/atami.com\/es?s={search_term_string}"},"query-input":{"@type":"PropertyValueSpecification","valueRequired":true,"valueName":"search_term_string"}}],"inLanguage":"es"},{"@type":"Organization","@id":"https:\/\/atami.com\/es#organization","name":"Atami","url":"https:\/\/atami.com\/es","logo":{"@type":"ImageObject","inLanguage":"es","@id":"https:\/\/atami.com\/es#\/schema\/logo\/image\/","url":"https:\/\/atami.com\/wp-content\/uploads\/2026\/01\/Atami-logo-696x696px.webp","contentUrl":"https:\/\/atami.com\/wp-content\/uploads\/2026\/01\/Atami-logo-696x696px.webp","width":696,"height":696,"caption":"Atami"},"image":{"@id":"https:\/\/atami.com\/es#\/schema\/logo\/image\/"},"sameAs":["https:\/\/www.facebook.com\/Atami.International","https:\/\/x.com\/AtamiEU","https:\/\/www.youtube.com\/c\/AtamiInternational","https:\/\/www.instagram.com\/atami.international\/"],"description":"ATAMI is a premium plant nutrition & substrate brand founded in 1997 with the mission to make exceptional cultivation achievable for everyone. From legacy to license, we offer a wide variety of innovating award-winning products to let cultivators achieve maximum results in taste & yield.","email":"info@mginnovations.es","legalName":"Atami","numberOfEmployees":{"@type":"QuantitativeValue","minValue":"11","maxValue":"50"}}]}},"_links":{"self":[{"href":"https:\/\/atami.com\/es\/wp-json\/wp\/v2\/product\/22414","targetHints":{"allow":["GET"]}}],"collection":[{"href":"https:\/\/atami.com\/es\/wp-json\/wp\/v2\/product"}],"about":[{"href":"https:\/\/atami.com\/es\/wp-json\/wp\/v2\/types\/product"}],"replies":[{"embeddable":true,"href":"https:\/\/atami.com\/es\/wp-json\/wp\/v2\/comments?post=22414"}],"wp:featuredmedia":[{"embeddable":true,"href":"https:\/\/atami.com\/es\/wp-json\/wp\/v2\/media\/26134"}],"wp:attachment":[{"href":"https:\/\/atami.com\/es\/wp-json\/wp\/v2\/media?parent=22414"}],"wp:term":[{"taxonomy":"product_brand","embeddable":true,"href":"https:\/\/atami.com\/es\/wp-json\/wp\/v2\/product_brand?post=22414"},{"taxonomy":"product_cat","embeddable":true,"href":"https:\/\/atami.com\/es\/wp-json\/wp\/v2\/product_cat?post=22414"},{"taxonomy":"product_tag","embeddable":true,"href":"https:\/\/atami.com\/es\/wp-json\/wp\/v2\/product_tag?post=22414"}],"curies":[{"name":"wp","href":"https:\/\/api.w.org\/{rel}","templated":true}]}}