{"id":22412,"date":"2023-02-14T13:00:24","date_gmt":"2023-02-14T13:00:24","guid":{"rendered":"https:\/\/atami.com\/product\/cocos-slabs\/"},"modified":"2025-11-10T16:34:01","modified_gmt":"2025-11-10T14:34:01","slug":"cocos-slabs","status":"publish","type":"product","link":"https:\/\/atami.com\/es\/producto\/cocos-slabs","title":{"rendered":"Cocos Slabs"},"content":{"rendered":"<p>Las fibras de coco han sido lavadas, maduradas y tamponadas de forma apropiada, garantizando un sustrato de cultivo inmejorable. La fibra de coco contiene alimento suficiente para la primera semana del ciclo de cultivo. Despu\u00e9s pueden a\u00f1adirse estimulantes y abonos l\u00edquidos mezclados con el agua para obtener mejores resultados.<\/p>\n<p>&nbsp;<\/p>\n<p>La fibra de coco tiene una estructura perfecta, lo que hace que la soluci\u00f3n nutritiva sea f\u00e1cilmente almacenada y as\u00ed r\u00e1pidamente absorbida por las ra\u00edces de la planta. El sustrato de fibra de coco mantiene en gran medida su ligereza, lo que facilita la buena recepci\u00f3n de ox\u00edgeno por las ra\u00edces. Las plantas obtienen as\u00ed un sistema radicular sano y robusto y se desarrollan en poco tiempo.<\/p>\n<p>&nbsp;<\/p>\n<p><strong>EC: 0,80 \u2013 1,00<\/strong><\/p>\n<p>&nbsp;<\/p>\n<p><strong>Disponible en 12 L<\/strong><\/p>\n","protected":false},"excerpt":{"rendered":"<p>Fibras de coco ligeramente fertilizadas, maduradas, lavadas y tamponadas<\/p>\n","protected":false},"featured_media":27101,"comment_status":"closed","ping_status":"closed","template":"","meta":{"_acf_changed":false,"iawp_total_views":88},"product_brand":[],"product_cat":[226],"product_tag":[],"class_list":{"0":"post-22412","1":"product","2":"type-product","3":"status-publish","4":"has-post-thumbnail","6":"product_cat-sustratos-atami","8":"first","9":"instock","10":"shipping-taxable","11":"product-type-simple"},"acf":{"short_description":"<p>Las fibras de coco han sido lavadas, maduradas y tamponadas de forma apropiada, garantizando un sustrato de cultivo inmejorable. La fibra de coco contiene alimento suficiente para la primera semana del ciclo de cultivo. Despu\u00e9s pueden a\u00f1adirse estimulantes y abonos l\u00edquidos mezclados con el agua para obtener mejores resultados.<\/p><p>&nbsp;<\/p><p>La fibra de coco tiene una estructura perfecta, lo que hace que la soluci\u00f3n nutritiva sea f\u00e1cilmente almacenada y as\u00ed r\u00e1pidamente absorbida por las ra\u00edces de la planta. El sustrato de fibra de coco mantiene en gran medida su ligereza, lo que facilita la buena recepci\u00f3n de ox\u00edgeno por las ra\u00edces. Las plantas obtienen as\u00ed un sistema radicular sano y robusto y se desarrollan en poco tiempo.<\/p><p>&nbsp;<\/p><p><strong>EC: 0,80 \u2013 1,00<\/strong><\/p>","suitable_for":"","application":"","dosage":"","npk_ratio":"","available_in":"<p>12L<\/p>","icon_1":"","icon_1_text":"","icon_2":"","icon_2_text":"","icon_3":"","icon_3_text":"","icon_4":"","icon_4_text":"","video":"","second_image":27116,"product_image_page":"","user_manual":"","new_icon_1":"","new_icon_2":"","new_icon_3":"","new_icon_4":"","grow_guides":"","category":"Sustrato"},"yoast_head":"<!-- This site is optimized with the Yoast SEO Premium plugin v27.4 (Yoast SEO v27.4) - https:\/\/yoast.com\/product\/yoast-seo-premium-wordpress\/ -->\n<title>Cocos Slabs de Atami: el sustrato ideal para cultivos profesionales<\/title>\n<meta name=\"description\" content=\"Potencia tus cultivos con los Cocos Slabs de Atami, un sustrato de coco de alta calidad perfecto para sistemas hidrop\u00f3nicos y crecimiento vigoroso de las ra\u00edces.\" \/>\n<meta name=\"robots\" content=\"index, follow, max-snippet:-1, max-image-preview:large, max-video-preview:-1\" \/>\n<link rel=\"canonical\" href=\"https:\/\/atami.com\/es\/producto\/cocos-slabs\" \/>\n<meta property=\"og:locale\" content=\"es_ES\" \/>\n<meta property=\"og:type\" content=\"article\" \/>\n<meta property=\"og:title\" content=\"Cocos Slabs\" \/>\n<meta property=\"og:description\" content=\"Potencia tus cultivos con los Cocos Slabs de Atami, un sustrato de coco de alta calidad perfecto para sistemas hidrop\u00f3nicos y crecimiento vigoroso de las ra\u00edces.\" \/>\n<meta property=\"og:url\" content=\"https:\/\/atami.com\/es\/producto\/cocos-slabs\" \/>\n<meta property=\"og:site_name\" content=\"Atami\" \/>\n<meta property=\"article:publisher\" content=\"https:\/\/www.facebook.com\/Atami.International\" \/>\n<meta property=\"article:modified_time\" content=\"2025-11-10T14:34:01+00:00\" \/>\n<meta property=\"og:image\" content=\"https:\/\/atami.com\/wp-content\/uploads\/2023\/02\/Cocos-Slabs-Main-Images.webp\" \/>\n\t<meta property=\"og:image:width\" content=\"1080\" \/>\n\t<meta property=\"og:image:height\" content=\"1080\" \/>\n\t<meta property=\"og:image:type\" content=\"image\/webp\" \/>\n<meta name=\"twitter:card\" content=\"summary_large_image\" \/>\n<meta name=\"twitter:site\" content=\"@AtamiEU\" \/>\n<meta name=\"twitter:label1\" content=\"Tiempo de lectura\" \/>\n\t<meta name=\"twitter:data1\" content=\"1 minuto\" \/>\n<script type=\"application\/ld+json\" class=\"yoast-schema-graph\">{\"@context\":\"https:\\\/\\\/schema.org\",\"@graph\":[{\"@type\":\"WebPage\",\"@id\":\"https:\\\/\\\/atami.com\\\/es\\\/producto\\\/cocos-slabs\",\"url\":\"https:\\\/\\\/atami.com\\\/es\\\/producto\\\/cocos-slabs\",\"name\":\"Cocos Slabs de Atami: el sustrato ideal para cultivos profesionales\",\"isPartOf\":{\"@id\":\"https:\\\/\\\/atami.com\\\/es#website\"},\"primaryImageOfPage\":{\"@id\":\"https:\\\/\\\/atami.com\\\/es\\\/producto\\\/cocos-slabs#primaryimage\"},\"image\":{\"@id\":\"https:\\\/\\\/atami.com\\\/es\\\/producto\\\/cocos-slabs#primaryimage\"},\"thumbnailUrl\":\"https:\\\/\\\/atami.com\\\/wp-content\\\/uploads\\\/2023\\\/02\\\/Cocos-Slabs-Main-Images.webp\",\"datePublished\":\"2023-02-14T13:00:24+00:00\",\"dateModified\":\"2025-11-10T14:34:01+00:00\",\"description\":\"Potencia tus cultivos con los Cocos Slabs de Atami, un sustrato de coco de alta calidad perfecto para sistemas hidrop\u00f3nicos y crecimiento vigoroso de las ra\u00edces.\",\"breadcrumb\":{\"@id\":\"https:\\\/\\\/atami.com\\\/es\\\/producto\\\/cocos-slabs#breadcrumb\"},\"inLanguage\":\"es\",\"potentialAction\":[{\"@type\":\"ReadAction\",\"target\":[\"https:\\\/\\\/atami.com\\\/es\\\/producto\\\/cocos-slabs\"]}]},{\"@type\":\"ImageObject\",\"inLanguage\":\"es\",\"@id\":\"https:\\\/\\\/atami.com\\\/es\\\/producto\\\/cocos-slabs#primaryimage\",\"url\":\"https:\\\/\\\/atami.com\\\/wp-content\\\/uploads\\\/2023\\\/02\\\/Cocos-Slabs-Main-Images.webp\",\"contentUrl\":\"https:\\\/\\\/atami.com\\\/wp-content\\\/uploads\\\/2023\\\/02\\\/Cocos-Slabs-Main-Images.webp\",\"width\":1080,\"height\":1080,\"caption\":\"Cocos Slabs proporciona un medio bien estructurado que retiene agua y nutrientes, promoviendo el desarrollo saludable de las ra\u00edces.\"},{\"@type\":\"BreadcrumbList\",\"@id\":\"https:\\\/\\\/atami.com\\\/es\\\/producto\\\/cocos-slabs#breadcrumb\",\"itemListElement\":[{\"@type\":\"ListItem\",\"position\":1,\"name\":\"Home\",\"item\":\"https:\\\/\\\/atami.com\\\/es\"},{\"@type\":\"ListItem\",\"position\":2,\"name\":\"Productos\",\"item\":\"https:\\\/\\\/atami.com\\\/es\\\/shop\"},{\"@type\":\"ListItem\",\"position\":3,\"name\":\"Marcas\",\"item\":\"https:\\\/\\\/atami.com\\\/es\\\/categoria-producto\\\/marcas\"},{\"@type\":\"ListItem\",\"position\":4,\"name\":\"sustratos Atami\",\"item\":\"https:\\\/\\\/atami.com\\\/es\\\/categoria-producto\\\/marcas\\\/sustratos-atami\"},{\"@type\":\"ListItem\",\"position\":5,\"name\":\"Cocos Slabs\"}]},{\"@type\":\"WebSite\",\"@id\":\"https:\\\/\\\/atami.com\\\/es#website\",\"url\":\"https:\\\/\\\/atami.com\\\/es\",\"name\":\"Atami\",\"description\":\"NATURALLY INNOVATING!\",\"publisher\":{\"@id\":\"https:\\\/\\\/atami.com\\\/es#organization\"},\"potentialAction\":[{\"@type\":\"SearchAction\",\"target\":{\"@type\":\"EntryPoint\",\"urlTemplate\":\"https:\\\/\\\/atami.com\\\/es?s={search_term_string}\"},\"query-input\":{\"@type\":\"PropertyValueSpecification\",\"valueRequired\":true,\"valueName\":\"search_term_string\"}}],\"inLanguage\":\"es\"},{\"@type\":\"Organization\",\"@id\":\"https:\\\/\\\/atami.com\\\/es#organization\",\"name\":\"Atami\",\"url\":\"https:\\\/\\\/atami.com\\\/es\",\"logo\":{\"@type\":\"ImageObject\",\"inLanguage\":\"es\",\"@id\":\"https:\\\/\\\/atami.com\\\/es#\\\/schema\\\/logo\\\/image\\\/\",\"url\":\"https:\\\/\\\/atami.com\\\/wp-content\\\/uploads\\\/2026\\\/01\\\/Atami-logo-696x696px.webp\",\"contentUrl\":\"https:\\\/\\\/atami.com\\\/wp-content\\\/uploads\\\/2026\\\/01\\\/Atami-logo-696x696px.webp\",\"width\":696,\"height\":696,\"caption\":\"Atami\"},\"image\":{\"@id\":\"https:\\\/\\\/atami.com\\\/es#\\\/schema\\\/logo\\\/image\\\/\"},\"sameAs\":[\"https:\\\/\\\/www.facebook.com\\\/Atami.International\",\"https:\\\/\\\/x.com\\\/AtamiEU\",\"https:\\\/\\\/www.youtube.com\\\/c\\\/AtamiInternational\",\"https:\\\/\\\/www.instagram.com\\\/atami.international\\\/\"],\"description\":\"ATAMI is a premium plant nutrition & substrate brand founded in 1997 with the mission to make exceptional cultivation achievable for everyone. From legacy to license, we offer a wide variety of innovating award-winning products to let cultivators achieve maximum results in taste & yield.\",\"email\":\"info@mginnovations.es\",\"legalName\":\"Atami\",\"numberOfEmployees\":{\"@type\":\"QuantitativeValue\",\"minValue\":\"11\",\"maxValue\":\"50\"}}]}<\/script>\n<!-- \/ Yoast SEO Premium plugin. -->","yoast_head_json":{"title":"Cocos Slabs de Atami: el sustrato ideal para cultivos profesionales","description":"Potencia tus cultivos con los Cocos Slabs de Atami, un sustrato de coco de alta calidad perfecto para sistemas hidrop\u00f3nicos y crecimiento vigoroso de las ra\u00edces.","robots":{"index":"index","follow":"follow","max-snippet":"max-snippet:-1","max-image-preview":"max-image-preview:large","max-video-preview":"max-video-preview:-1"},"canonical":"https:\/\/atami.com\/es\/producto\/cocos-slabs","og_locale":"es_ES","og_type":"article","og_title":"Cocos Slabs","og_description":"Potencia tus cultivos con los Cocos Slabs de Atami, un sustrato de coco de alta calidad perfecto para sistemas hidrop\u00f3nicos y crecimiento vigoroso de las ra\u00edces.","og_url":"https:\/\/atami.com\/es\/producto\/cocos-slabs","og_site_name":"Atami","article_publisher":"https:\/\/www.facebook.com\/Atami.International","article_modified_time":"2025-11-10T14:34:01+00:00","og_image":[{"width":1080,"height":1080,"url":"https:\/\/atami.com\/wp-content\/uploads\/2023\/02\/Cocos-Slabs-Main-Images.webp","type":"image\/webp"}],"twitter_card":"summary_large_image","twitter_site":"@AtamiEU","twitter_misc":{"Tiempo de lectura":"1 minuto"},"schema":{"@context":"https:\/\/schema.org","@graph":[{"@type":"WebPage","@id":"https:\/\/atami.com\/es\/producto\/cocos-slabs","url":"https:\/\/atami.com\/es\/producto\/cocos-slabs","name":"Cocos Slabs de Atami: el sustrato ideal para cultivos profesionales","isPartOf":{"@id":"https:\/\/atami.com\/es#website"},"primaryImageOfPage":{"@id":"https:\/\/atami.com\/es\/producto\/cocos-slabs#primaryimage"},"image":{"@id":"https:\/\/atami.com\/es\/producto\/cocos-slabs#primaryimage"},"thumbnailUrl":"https:\/\/atami.com\/wp-content\/uploads\/2023\/02\/Cocos-Slabs-Main-Images.webp","datePublished":"2023-02-14T13:00:24+00:00","dateModified":"2025-11-10T14:34:01+00:00","description":"Potencia tus cultivos con los Cocos Slabs de Atami, un sustrato de coco de alta calidad perfecto para sistemas hidrop\u00f3nicos y crecimiento vigoroso de las ra\u00edces.","breadcrumb":{"@id":"https:\/\/atami.com\/es\/producto\/cocos-slabs#breadcrumb"},"inLanguage":"es","potentialAction":[{"@type":"ReadAction","target":["https:\/\/atami.com\/es\/producto\/cocos-slabs"]}]},{"@type":"ImageObject","inLanguage":"es","@id":"https:\/\/atami.com\/es\/producto\/cocos-slabs#primaryimage","url":"https:\/\/atami.com\/wp-content\/uploads\/2023\/02\/Cocos-Slabs-Main-Images.webp","contentUrl":"https:\/\/atami.com\/wp-content\/uploads\/2023\/02\/Cocos-Slabs-Main-Images.webp","width":1080,"height":1080,"caption":"Cocos Slabs proporciona un medio bien estructurado que retiene agua y nutrientes, promoviendo el desarrollo saludable de las ra\u00edces."},{"@type":"BreadcrumbList","@id":"https:\/\/atami.com\/es\/producto\/cocos-slabs#breadcrumb","itemListElement":[{"@type":"ListItem","position":1,"name":"Home","item":"https:\/\/atami.com\/es"},{"@type":"ListItem","position":2,"name":"Productos","item":"https:\/\/atami.com\/es\/shop"},{"@type":"ListItem","position":3,"name":"Marcas","item":"https:\/\/atami.com\/es\/categoria-producto\/marcas"},{"@type":"ListItem","position":4,"name":"sustratos Atami","item":"https:\/\/atami.com\/es\/categoria-producto\/marcas\/sustratos-atami"},{"@type":"ListItem","position":5,"name":"Cocos Slabs"}]},{"@type":"WebSite","@id":"https:\/\/atami.com\/es#website","url":"https:\/\/atami.com\/es","name":"Atami","description":"NATURALLY INNOVATING!","publisher":{"@id":"https:\/\/atami.com\/es#organization"},"potentialAction":[{"@type":"SearchAction","target":{"@type":"EntryPoint","urlTemplate":"https:\/\/atami.com\/es?s={search_term_string}"},"query-input":{"@type":"PropertyValueSpecification","valueRequired":true,"valueName":"search_term_string"}}],"inLanguage":"es"},{"@type":"Organization","@id":"https:\/\/atami.com\/es#organization","name":"Atami","url":"https:\/\/atami.com\/es","logo":{"@type":"ImageObject","inLanguage":"es","@id":"https:\/\/atami.com\/es#\/schema\/logo\/image\/","url":"https:\/\/atami.com\/wp-content\/uploads\/2026\/01\/Atami-logo-696x696px.webp","contentUrl":"https:\/\/atami.com\/wp-content\/uploads\/2026\/01\/Atami-logo-696x696px.webp","width":696,"height":696,"caption":"Atami"},"image":{"@id":"https:\/\/atami.com\/es#\/schema\/logo\/image\/"},"sameAs":["https:\/\/www.facebook.com\/Atami.International","https:\/\/x.com\/AtamiEU","https:\/\/www.youtube.com\/c\/AtamiInternational","https:\/\/www.instagram.com\/atami.international\/"],"description":"ATAMI is a premium plant nutrition & substrate brand founded in 1997 with the mission to make exceptional cultivation achievable for everyone. From legacy to license, we offer a wide variety of innovating award-winning products to let cultivators achieve maximum results in taste & yield.","email":"info@mginnovations.es","legalName":"Atami","numberOfEmployees":{"@type":"QuantitativeValue","minValue":"11","maxValue":"50"}}]}},"_links":{"self":[{"href":"https:\/\/atami.com\/es\/wp-json\/wp\/v2\/product\/22412","targetHints":{"allow":["GET"]}}],"collection":[{"href":"https:\/\/atami.com\/es\/wp-json\/wp\/v2\/product"}],"about":[{"href":"https:\/\/atami.com\/es\/wp-json\/wp\/v2\/types\/product"}],"replies":[{"embeddable":true,"href":"https:\/\/atami.com\/es\/wp-json\/wp\/v2\/comments?post=22412"}],"wp:featuredmedia":[{"embeddable":true,"href":"https:\/\/atami.com\/es\/wp-json\/wp\/v2\/media\/27101"}],"wp:attachment":[{"href":"https:\/\/atami.com\/es\/wp-json\/wp\/v2\/media?parent=22412"}],"wp:term":[{"taxonomy":"product_brand","embeddable":true,"href":"https:\/\/atami.com\/es\/wp-json\/wp\/v2\/product_brand?post=22412"},{"taxonomy":"product_cat","embeddable":true,"href":"https:\/\/atami.com\/es\/wp-json\/wp\/v2\/product_cat?post=22412"},{"taxonomy":"product_tag","embeddable":true,"href":"https:\/\/atami.com\/es\/wp-json\/wp\/v2\/product_tag?post=22412"}],"curies":[{"name":"wp","href":"https:\/\/api.w.org\/{rel}","templated":true}]}}