{"id":22411,"date":"2023-02-14T12:02:27","date_gmt":"2023-02-14T12:02:27","guid":{"rendered":"https:\/\/atami.com\/product\/worm-delight\/"},"modified":"2025-11-10T16:31:09","modified_gmt":"2025-11-10T14:31:09","slug":"worm-delight","status":"publish","type":"product","link":"https:\/\/atami.com\/es\/producto\/worm-delight","title":{"rendered":"Worm Delight"},"content":{"rendered":"<p>Uno de los abonos m\u00e1s importantes en los cultivos es el Atami Worm Delight, el humus de lombriz de Atami. \u00c9ste favorece un crecimiento r\u00e1pido y adecuado de la planta y una cosecha abundante, siendo importante aplicarlo durante el periodo de floraci\u00f3n. Worm Delight se puede a\u00f1adir frecuentemente a la mezcla de tierra, ya que constituye un abono excelente, que nunca estar\u00e1 en exceso en el suelo para sus plantas.<\/p>\n<p>&nbsp;<\/p>\n<p>Atami Worm Delight contiene, adem\u00e1s de potasio, otras sustancias muy valiosas, como nitr\u00f3geno y f\u00f3sforo, que ayudan a conseguir un crecimiento excepcional (nitr\u00f3geno) y una abundante producci\u00f3n de flores (f\u00f3sforo). Atami Worm Delight contiene una proporci\u00f3n equilibrada de fertilizantes primarios. Otra ventaja es que resulta casi imposible abonar en exceso el sustrato del cultivo sobre el que se aplica. Atami Worm Delight tambi\u00e9n contribuye a tener un sustrato en \u00f3ptimas condiciones, ya que contiene hongos vivos y bacterias. De esta manera se airea, garantizando la entrada de ox\u00edgeno. Atami Worm Delight tambi\u00e9n es muy econ\u00f3mico de usar, lo que es beneficioso para tu cartera.<\/p>\n<p>&nbsp;<\/p>\n<p><strong>Disponible en 20 L<\/strong><\/p>\n","protected":false},"excerpt":{"rendered":"<p>Enriquecedor de la tierra rico en microorganismos y nutrientes principales<\/p>\n","protected":false},"featured_media":25411,"comment_status":"closed","ping_status":"closed","template":"","meta":{"_acf_changed":false,"iawp_total_views":279},"product_brand":[],"product_cat":[226],"product_tag":[],"class_list":{"0":"post-22411","1":"product","2":"type-product","3":"status-publish","4":"has-post-thumbnail","6":"product_cat-sustratos-atami","8":"first","9":"instock","10":"shipping-taxable","11":"product-type-simple"},"acf":{"short_description":"<p>Uno de los abonos m\u00e1s importantes en los cultivos es el Atami Worm Delight, el humus de lombriz de Atami. \u00c9ste favorece un crecimiento r\u00e1pido y adecuado de la planta y una cosecha abundante, siendo importante aplicarlo durante el periodo de floraci\u00f3n. Worm Delight se puede a\u00f1adir frecuentemente a la mezcla de tierra, ya que constituye un abono excelente, que nunca estar\u00e1 en exceso en el suelo para sus plantas.<\/p><p>&nbsp;<\/p><p>Atami Worm Delight contiene, adem\u00e1s de potasio, otras sustancias muy valiosas, como nitr\u00f3geno y f\u00f3sforo, que ayudan a conseguir un crecimiento excepcional (nitr\u00f3geno) y una abundante producci\u00f3n de flores (f\u00f3sforo). Atami Worm Delight contiene una proporci\u00f3n equilibrada de fertilizantes primarios. Otra ventaja es que resulta casi imposible abonar en exceso el sustrato del cultivo sobre el que se aplica. Atami Worm Delight tambi\u00e9n contribuye a tener un sustrato en \u00f3ptimas condiciones, ya que contiene hongos vivos y bacterias. De esta manera se airea, garantizando la entrada de ox\u00edgeno. Atami Worm Delight tambi\u00e9n es muy econ\u00f3mico de usar, lo que es beneficioso para tu cartera.<\/p>","suitable_for":"","application":"","dosage":"","npk_ratio":"","available_in":"<p>20L<\/p>","icon_1":"","icon_1_text":"","icon_2":195203,"icon_2_text":"","icon_3":"","icon_3_text":"","icon_4":"","icon_4_text":"","video":"https:\/\/youtu.be\/x56Q39o6hcM","second_image":25426,"product_image_page":"","user_manual":"","new_icon_1":"","new_icon_2":"","new_icon_3":"","new_icon_4":"","grow_guides":"","category":"Sustrato"},"yoast_head":"<!-- This site is optimized with the Yoast SEO Premium plugin v27.4 (Yoast SEO v27.4) - https:\/\/yoast.com\/product\/yoast-seo-premium-wordpress\/ -->\n<title>Worm Delight \u2013 El fertilizante org\u00e1nico ideal para mejorar tu suelo<\/title>\n<meta name=\"description\" content=\"Descubre Worm Delight, el fertilizante ecol\u00f3gico rico en nutrientes que mejora la estructura del suelo y potencia el crecimiento saludable de tus plantas\" \/>\n<meta name=\"robots\" content=\"index, follow, max-snippet:-1, max-image-preview:large, max-video-preview:-1\" \/>\n<link rel=\"canonical\" href=\"https:\/\/atami.com\/es\/producto\/worm-delight\" \/>\n<meta property=\"og:locale\" content=\"es_ES\" \/>\n<meta property=\"og:type\" content=\"article\" \/>\n<meta property=\"og:title\" content=\"Worm Delight\" \/>\n<meta property=\"og:description\" content=\"Descubre Worm Delight, el fertilizante ecol\u00f3gico rico en nutrientes que mejora la estructura del suelo y potencia el crecimiento saludable de tus plantas\" \/>\n<meta property=\"og:url\" content=\"https:\/\/atami.com\/es\/producto\/worm-delight\" \/>\n<meta property=\"og:site_name\" content=\"Atami\" \/>\n<meta property=\"article:publisher\" content=\"https:\/\/www.facebook.com\/Atami.International\" \/>\n<meta property=\"article:modified_time\" content=\"2025-11-10T14:31:09+00:00\" \/>\n<meta property=\"og:image\" content=\"https:\/\/atami.com\/wp-content\/uploads\/2023\/02\/Worm-Delight-Main-Image.webp\" \/>\n\t<meta property=\"og:image:width\" content=\"1080\" \/>\n\t<meta property=\"og:image:height\" content=\"1080\" \/>\n\t<meta property=\"og:image:type\" content=\"image\/webp\" \/>\n<meta name=\"twitter:card\" content=\"summary_large_image\" \/>\n<meta name=\"twitter:site\" content=\"@AtamiEU\" \/>\n<meta name=\"twitter:label1\" content=\"Tiempo de lectura\" \/>\n\t<meta name=\"twitter:data1\" content=\"1 minuto\" \/>\n<script type=\"application\/ld+json\" class=\"yoast-schema-graph\">{\"@context\":\"https:\\\/\\\/schema.org\",\"@graph\":[{\"@type\":\"WebPage\",\"@id\":\"https:\\\/\\\/atami.com\\\/es\\\/producto\\\/worm-delight\",\"url\":\"https:\\\/\\\/atami.com\\\/es\\\/producto\\\/worm-delight\",\"name\":\"Worm Delight \u2013 El fertilizante org\u00e1nico ideal para mejorar tu suelo\",\"isPartOf\":{\"@id\":\"https:\\\/\\\/atami.com\\\/es#website\"},\"primaryImageOfPage\":{\"@id\":\"https:\\\/\\\/atami.com\\\/es\\\/producto\\\/worm-delight#primaryimage\"},\"image\":{\"@id\":\"https:\\\/\\\/atami.com\\\/es\\\/producto\\\/worm-delight#primaryimage\"},\"thumbnailUrl\":\"https:\\\/\\\/atami.com\\\/wp-content\\\/uploads\\\/2023\\\/02\\\/Worm-Delight-Main-Image.webp\",\"datePublished\":\"2023-02-14T12:02:27+00:00\",\"dateModified\":\"2025-11-10T14:31:09+00:00\",\"description\":\"Descubre Worm Delight, el fertilizante ecol\u00f3gico rico en nutrientes que mejora la estructura del suelo y potencia el crecimiento saludable de tus plantas\",\"breadcrumb\":{\"@id\":\"https:\\\/\\\/atami.com\\\/es\\\/producto\\\/worm-delight#breadcrumb\"},\"inLanguage\":\"es\",\"potentialAction\":[{\"@type\":\"ReadAction\",\"target\":[\"https:\\\/\\\/atami.com\\\/es\\\/producto\\\/worm-delight\"]}]},{\"@type\":\"ImageObject\",\"inLanguage\":\"es\",\"@id\":\"https:\\\/\\\/atami.com\\\/es\\\/producto\\\/worm-delight#primaryimage\",\"url\":\"https:\\\/\\\/atami.com\\\/wp-content\\\/uploads\\\/2023\\\/02\\\/Worm-Delight-Main-Image.webp\",\"contentUrl\":\"https:\\\/\\\/atami.com\\\/wp-content\\\/uploads\\\/2023\\\/02\\\/Worm-Delight-Main-Image.webp\",\"width\":1080,\"height\":1080,\"caption\":\"Worm Delight enriquece su suelo con nutrientes esenciales y microorganismos beneficiosos, promoviendo el desarrollo saludable de las plantas.\"},{\"@type\":\"BreadcrumbList\",\"@id\":\"https:\\\/\\\/atami.com\\\/es\\\/producto\\\/worm-delight#breadcrumb\",\"itemListElement\":[{\"@type\":\"ListItem\",\"position\":1,\"name\":\"Home\",\"item\":\"https:\\\/\\\/atami.com\\\/es\"},{\"@type\":\"ListItem\",\"position\":2,\"name\":\"Productos\",\"item\":\"https:\\\/\\\/atami.com\\\/es\\\/shop\"},{\"@type\":\"ListItem\",\"position\":3,\"name\":\"Marcas\",\"item\":\"https:\\\/\\\/atami.com\\\/es\\\/categoria-producto\\\/marcas\"},{\"@type\":\"ListItem\",\"position\":4,\"name\":\"sustratos Atami\",\"item\":\"https:\\\/\\\/atami.com\\\/es\\\/categoria-producto\\\/marcas\\\/sustratos-atami\"},{\"@type\":\"ListItem\",\"position\":5,\"name\":\"Worm Delight\"}]},{\"@type\":\"WebSite\",\"@id\":\"https:\\\/\\\/atami.com\\\/es#website\",\"url\":\"https:\\\/\\\/atami.com\\\/es\",\"name\":\"Atami\",\"description\":\"NATURALLY INNOVATING!\",\"publisher\":{\"@id\":\"https:\\\/\\\/atami.com\\\/es#organization\"},\"potentialAction\":[{\"@type\":\"SearchAction\",\"target\":{\"@type\":\"EntryPoint\",\"urlTemplate\":\"https:\\\/\\\/atami.com\\\/es?s={search_term_string}\"},\"query-input\":{\"@type\":\"PropertyValueSpecification\",\"valueRequired\":true,\"valueName\":\"search_term_string\"}}],\"inLanguage\":\"es\"},{\"@type\":\"Organization\",\"@id\":\"https:\\\/\\\/atami.com\\\/es#organization\",\"name\":\"Atami\",\"url\":\"https:\\\/\\\/atami.com\\\/es\",\"logo\":{\"@type\":\"ImageObject\",\"inLanguage\":\"es\",\"@id\":\"https:\\\/\\\/atami.com\\\/es#\\\/schema\\\/logo\\\/image\\\/\",\"url\":\"https:\\\/\\\/atami.com\\\/wp-content\\\/uploads\\\/2026\\\/01\\\/Atami-logo-696x696px.webp\",\"contentUrl\":\"https:\\\/\\\/atami.com\\\/wp-content\\\/uploads\\\/2026\\\/01\\\/Atami-logo-696x696px.webp\",\"width\":696,\"height\":696,\"caption\":\"Atami\"},\"image\":{\"@id\":\"https:\\\/\\\/atami.com\\\/es#\\\/schema\\\/logo\\\/image\\\/\"},\"sameAs\":[\"https:\\\/\\\/www.facebook.com\\\/Atami.International\",\"https:\\\/\\\/x.com\\\/AtamiEU\",\"https:\\\/\\\/www.youtube.com\\\/c\\\/AtamiInternational\",\"https:\\\/\\\/www.instagram.com\\\/atami.international\\\/\"],\"description\":\"ATAMI is a premium plant nutrition & substrate brand founded in 1997 with the mission to make exceptional cultivation achievable for everyone. From legacy to license, we offer a wide variety of innovating award-winning products to let cultivators achieve maximum results in taste & yield.\",\"email\":\"info@mginnovations.es\",\"legalName\":\"Atami\",\"numberOfEmployees\":{\"@type\":\"QuantitativeValue\",\"minValue\":\"11\",\"maxValue\":\"50\"}}]}<\/script>\n<!-- \/ Yoast SEO Premium plugin. -->","yoast_head_json":{"title":"Worm Delight \u2013 El fertilizante org\u00e1nico ideal para mejorar tu suelo","description":"Descubre Worm Delight, el fertilizante ecol\u00f3gico rico en nutrientes que mejora la estructura del suelo y potencia el crecimiento saludable de tus plantas","robots":{"index":"index","follow":"follow","max-snippet":"max-snippet:-1","max-image-preview":"max-image-preview:large","max-video-preview":"max-video-preview:-1"},"canonical":"https:\/\/atami.com\/es\/producto\/worm-delight","og_locale":"es_ES","og_type":"article","og_title":"Worm Delight","og_description":"Descubre Worm Delight, el fertilizante ecol\u00f3gico rico en nutrientes que mejora la estructura del suelo y potencia el crecimiento saludable de tus plantas","og_url":"https:\/\/atami.com\/es\/producto\/worm-delight","og_site_name":"Atami","article_publisher":"https:\/\/www.facebook.com\/Atami.International","article_modified_time":"2025-11-10T14:31:09+00:00","og_image":[{"width":1080,"height":1080,"url":"https:\/\/atami.com\/wp-content\/uploads\/2023\/02\/Worm-Delight-Main-Image.webp","type":"image\/webp"}],"twitter_card":"summary_large_image","twitter_site":"@AtamiEU","twitter_misc":{"Tiempo de lectura":"1 minuto"},"schema":{"@context":"https:\/\/schema.org","@graph":[{"@type":"WebPage","@id":"https:\/\/atami.com\/es\/producto\/worm-delight","url":"https:\/\/atami.com\/es\/producto\/worm-delight","name":"Worm Delight \u2013 El fertilizante org\u00e1nico ideal para mejorar tu suelo","isPartOf":{"@id":"https:\/\/atami.com\/es#website"},"primaryImageOfPage":{"@id":"https:\/\/atami.com\/es\/producto\/worm-delight#primaryimage"},"image":{"@id":"https:\/\/atami.com\/es\/producto\/worm-delight#primaryimage"},"thumbnailUrl":"https:\/\/atami.com\/wp-content\/uploads\/2023\/02\/Worm-Delight-Main-Image.webp","datePublished":"2023-02-14T12:02:27+00:00","dateModified":"2025-11-10T14:31:09+00:00","description":"Descubre Worm Delight, el fertilizante ecol\u00f3gico rico en nutrientes que mejora la estructura del suelo y potencia el crecimiento saludable de tus plantas","breadcrumb":{"@id":"https:\/\/atami.com\/es\/producto\/worm-delight#breadcrumb"},"inLanguage":"es","potentialAction":[{"@type":"ReadAction","target":["https:\/\/atami.com\/es\/producto\/worm-delight"]}]},{"@type":"ImageObject","inLanguage":"es","@id":"https:\/\/atami.com\/es\/producto\/worm-delight#primaryimage","url":"https:\/\/atami.com\/wp-content\/uploads\/2023\/02\/Worm-Delight-Main-Image.webp","contentUrl":"https:\/\/atami.com\/wp-content\/uploads\/2023\/02\/Worm-Delight-Main-Image.webp","width":1080,"height":1080,"caption":"Worm Delight enriquece su suelo con nutrientes esenciales y microorganismos beneficiosos, promoviendo el desarrollo saludable de las plantas."},{"@type":"BreadcrumbList","@id":"https:\/\/atami.com\/es\/producto\/worm-delight#breadcrumb","itemListElement":[{"@type":"ListItem","position":1,"name":"Home","item":"https:\/\/atami.com\/es"},{"@type":"ListItem","position":2,"name":"Productos","item":"https:\/\/atami.com\/es\/shop"},{"@type":"ListItem","position":3,"name":"Marcas","item":"https:\/\/atami.com\/es\/categoria-producto\/marcas"},{"@type":"ListItem","position":4,"name":"sustratos Atami","item":"https:\/\/atami.com\/es\/categoria-producto\/marcas\/sustratos-atami"},{"@type":"ListItem","position":5,"name":"Worm Delight"}]},{"@type":"WebSite","@id":"https:\/\/atami.com\/es#website","url":"https:\/\/atami.com\/es","name":"Atami","description":"NATURALLY INNOVATING!","publisher":{"@id":"https:\/\/atami.com\/es#organization"},"potentialAction":[{"@type":"SearchAction","target":{"@type":"EntryPoint","urlTemplate":"https:\/\/atami.com\/es?s={search_term_string}"},"query-input":{"@type":"PropertyValueSpecification","valueRequired":true,"valueName":"search_term_string"}}],"inLanguage":"es"},{"@type":"Organization","@id":"https:\/\/atami.com\/es#organization","name":"Atami","url":"https:\/\/atami.com\/es","logo":{"@type":"ImageObject","inLanguage":"es","@id":"https:\/\/atami.com\/es#\/schema\/logo\/image\/","url":"https:\/\/atami.com\/wp-content\/uploads\/2026\/01\/Atami-logo-696x696px.webp","contentUrl":"https:\/\/atami.com\/wp-content\/uploads\/2026\/01\/Atami-logo-696x696px.webp","width":696,"height":696,"caption":"Atami"},"image":{"@id":"https:\/\/atami.com\/es#\/schema\/logo\/image\/"},"sameAs":["https:\/\/www.facebook.com\/Atami.International","https:\/\/x.com\/AtamiEU","https:\/\/www.youtube.com\/c\/AtamiInternational","https:\/\/www.instagram.com\/atami.international\/"],"description":"ATAMI is a premium plant nutrition & substrate brand founded in 1997 with the mission to make exceptional cultivation achievable for everyone. From legacy to license, we offer a wide variety of innovating award-winning products to let cultivators achieve maximum results in taste & yield.","email":"info@mginnovations.es","legalName":"Atami","numberOfEmployees":{"@type":"QuantitativeValue","minValue":"11","maxValue":"50"}}]}},"_links":{"self":[{"href":"https:\/\/atami.com\/es\/wp-json\/wp\/v2\/product\/22411","targetHints":{"allow":["GET"]}}],"collection":[{"href":"https:\/\/atami.com\/es\/wp-json\/wp\/v2\/product"}],"about":[{"href":"https:\/\/atami.com\/es\/wp-json\/wp\/v2\/types\/product"}],"replies":[{"embeddable":true,"href":"https:\/\/atami.com\/es\/wp-json\/wp\/v2\/comments?post=22411"}],"wp:featuredmedia":[{"embeddable":true,"href":"https:\/\/atami.com\/es\/wp-json\/wp\/v2\/media\/25411"}],"wp:attachment":[{"href":"https:\/\/atami.com\/es\/wp-json\/wp\/v2\/media?parent=22411"}],"wp:term":[{"taxonomy":"product_brand","embeddable":true,"href":"https:\/\/atami.com\/es\/wp-json\/wp\/v2\/product_brand?post=22411"},{"taxonomy":"product_cat","embeddable":true,"href":"https:\/\/atami.com\/es\/wp-json\/wp\/v2\/product_cat?post=22411"},{"taxonomy":"product_tag","embeddable":true,"href":"https:\/\/atami.com\/es\/wp-json\/wp\/v2\/product_tag?post=22411"}],"curies":[{"name":"wp","href":"https:\/\/api.w.org\/{rel}","templated":true}]}}