{"id":22410,"date":"2023-02-14T10:56:27","date_gmt":"2023-02-14T10:56:27","guid":{"rendered":"https:\/\/atami.com\/product\/hydro-rokz\/"},"modified":"2025-11-10T16:33:41","modified_gmt":"2025-11-10T14:33:41","slug":"hydro-rokz","status":"publish","type":"product","link":"https:\/\/atami.com\/es\/producto\/hydro-rokz","title":{"rendered":"Hydro Rokz"},"content":{"rendered":"<p>Los gr\u00e1nulos de arcilla del Atami Hydro Rokz se utilizan para diversos modos de cultivo. En el cultivo en maceta se usan a menudo colocados en la base, debajo del sustrato de tierra. Los gr\u00e1nulos de arcilla cumplen as\u00ed una funci\u00f3n de drenaje adicional, facilitando el desag\u00fce y suministro de ox\u00edgeno desde la base. En otros casos, los gr\u00e1nulos de arcilla se mezclan con el sustrato para facilitar la porosidad del medio de cultivo. As\u00ed, las ra\u00edces pueden ramificarse con mayor facilidad.<\/p>\n<p>&nbsp;<\/p>\n<p>Un tercer m\u00e9todo muy utilizado es cultivar directamente en los gr\u00e1nulos. Esto se suele hacer empleando a la vez bombas oxigenadoras. De esta manera las ra\u00edces est\u00e1n siempre sumergidas en la soluci\u00f3n nutritiva, y la bomba provee el ox\u00edgeno necesario para que las ra\u00edces respiren. Este m\u00e9todo de cultivo es muy efectivo.<\/p>\n<p>&nbsp;<\/p>\n<p><strong>EC: 0,4<\/strong><\/p>\n<p>&nbsp;<\/p>\n<p><strong>Disponible en 40 L<\/strong><\/p>\n","protected":false},"excerpt":{"rendered":"<p>Gr\u00e1nulos de arcilla agr\u00edcola<\/p>\n","protected":false},"featured_media":25381,"comment_status":"closed","ping_status":"closed","template":"","meta":{"_acf_changed":false,"iawp_total_views":197},"product_brand":[],"product_cat":[226],"product_tag":[],"class_list":{"0":"post-22410","1":"product","2":"type-product","3":"status-publish","4":"has-post-thumbnail","6":"product_cat-sustratos-atami","8":"first","9":"instock","10":"shipping-taxable","11":"product-type-simple"},"acf":{"short_description":"<p>Los gr\u00e1nulos de arcilla del Atami Hydro Rokz se utilizan para diversos modos de cultivo. En el cultivo en maceta se usan a menudo colocados en la base, debajo del sustrato de tierra. Los gr\u00e1nulos de arcilla cumplen as\u00ed una funci\u00f3n de drenaje adicional, facilitando el desag\u00fce y suministro de ox\u00edgeno desde la base. En otros casos, los gr\u00e1nulos de arcilla se mezclan con el sustrato para facilitar la porosidad del medio de cultivo. As\u00ed, las ra\u00edces pueden ramificarse con mayor facilidad.<\/p><p>&nbsp;<\/p><p>Un tercer m\u00e9todo muy utilizado es cultivar directamente en los gr\u00e1nulos. Esto se suele hacer empleando a la vez bombas oxigenadoras. De esta manera las ra\u00edces est\u00e1n siempre sumergidas en la soluci\u00f3n nutritiva, y la bomba provee el ox\u00edgeno necesario para que las ra\u00edces respiren. Este m\u00e9todo de cultivo es muy efectivo.<\/p><p>&nbsp;<\/p><p><strong>EC: 0,4<\/strong><\/p>","suitable_for":"","application":"","dosage":"","npk_ratio":"","available_in":"<p>40L<\/p>","icon_1":"","icon_1_text":"","icon_2":195143,"icon_2_text":"","icon_3":"","icon_3_text":"","icon_4":"","icon_4_text":"","video":"https:\/\/youtu.be\/XCvbHgMELG0","second_image":25396,"product_image_page":"","user_manual":"","new_icon_1":"","new_icon_2":"","new_icon_3":"","new_icon_4":"","grow_guides":"","category":"Sustrato"},"yoast_head":"<!-- This site is optimized with the Yoast SEO Premium plugin v27.5 (Yoast SEO v27.5) - https:\/\/yoast.com\/product\/yoast-seo-premium-wordpress\/ -->\n<title>Hydro Rokz | Mejor Substrato para un Crecimiento \u00d3ptimo de Plantas<\/title>\n<meta name=\"description\" content=\"Hydro Rokz es un fertilizante especializado para cultivos hidroponicos, dise\u00f1ado para maximizar el crecimiento y rendimiento de tus plantas. Mejora la salud de tus cultivos con Hydro Rokz.\" \/>\n<meta name=\"robots\" content=\"index, follow, max-snippet:-1, max-image-preview:large, max-video-preview:-1\" \/>\n<link rel=\"canonical\" href=\"https:\/\/atami.com\/es\/producto\/hydro-rokz\" \/>\n<meta property=\"og:locale\" content=\"es_ES\" \/>\n<meta property=\"og:type\" content=\"article\" \/>\n<meta property=\"og:title\" content=\"Hydro Rokz\" \/>\n<meta property=\"og:description\" content=\"Hydro Rokz es un fertilizante especializado para cultivos hidroponicos, dise\u00f1ado para maximizar el crecimiento y rendimiento de tus plantas. Mejora la salud de tus cultivos con Hydro Rokz.\" \/>\n<meta property=\"og:url\" content=\"https:\/\/atami.com\/es\/producto\/hydro-rokz\" \/>\n<meta property=\"og:site_name\" content=\"Atami\" \/>\n<meta property=\"article:publisher\" content=\"https:\/\/www.facebook.com\/Atami.International\" \/>\n<meta property=\"article:modified_time\" content=\"2025-11-10T14:33:41+00:00\" \/>\n<meta property=\"og:image\" content=\"https:\/\/atami.com\/wp-content\/uploads\/2023\/02\/Hydro-Rokz-Main-Image.webp\" \/>\n\t<meta property=\"og:image:width\" content=\"1080\" \/>\n\t<meta property=\"og:image:height\" content=\"1080\" \/>\n\t<meta property=\"og:image:type\" content=\"image\/webp\" \/>\n<meta name=\"twitter:card\" content=\"summary_large_image\" \/>\n<meta name=\"twitter:site\" content=\"@AtamiEU\" \/>\n<meta name=\"twitter:label1\" content=\"Tiempo de lectura\" \/>\n\t<meta name=\"twitter:data1\" content=\"1 minuto\" \/>\n<script type=\"application\/ld+json\" class=\"yoast-schema-graph\">{\"@context\":\"https:\\\/\\\/schema.org\",\"@graph\":[{\"@type\":\"WebPage\",\"@id\":\"https:\\\/\\\/atami.com\\\/es\\\/producto\\\/hydro-rokz\",\"url\":\"https:\\\/\\\/atami.com\\\/es\\\/producto\\\/hydro-rokz\",\"name\":\"Hydro Rokz | Mejor Substrato para un Crecimiento \u00d3ptimo de Plantas\",\"isPartOf\":{\"@id\":\"https:\\\/\\\/atami.com\\\/es#website\"},\"primaryImageOfPage\":{\"@id\":\"https:\\\/\\\/atami.com\\\/es\\\/producto\\\/hydro-rokz#primaryimage\"},\"image\":{\"@id\":\"https:\\\/\\\/atami.com\\\/es\\\/producto\\\/hydro-rokz#primaryimage\"},\"thumbnailUrl\":\"https:\\\/\\\/atami.com\\\/wp-content\\\/uploads\\\/2023\\\/02\\\/Hydro-Rokz-Main-Image.webp\",\"datePublished\":\"2023-02-14T10:56:27+00:00\",\"dateModified\":\"2025-11-10T14:33:41+00:00\",\"description\":\"Hydro Rokz es un fertilizante especializado para cultivos hidroponicos, dise\u00f1ado para maximizar el crecimiento y rendimiento de tus plantas. Mejora la salud de tus cultivos con Hydro Rokz.\",\"breadcrumb\":{\"@id\":\"https:\\\/\\\/atami.com\\\/es\\\/producto\\\/hydro-rokz#breadcrumb\"},\"inLanguage\":\"es\",\"potentialAction\":[{\"@type\":\"ReadAction\",\"target\":[\"https:\\\/\\\/atami.com\\\/es\\\/producto\\\/hydro-rokz\"]}]},{\"@type\":\"ImageObject\",\"inLanguage\":\"es\",\"@id\":\"https:\\\/\\\/atami.com\\\/es\\\/producto\\\/hydro-rokz#primaryimage\",\"url\":\"https:\\\/\\\/atami.com\\\/wp-content\\\/uploads\\\/2023\\\/02\\\/Hydro-Rokz-Main-Image.webp\",\"contentUrl\":\"https:\\\/\\\/atami.com\\\/wp-content\\\/uploads\\\/2023\\\/02\\\/Hydro-Rokz-Main-Image.webp\",\"width\":1080,\"height\":1080,\"caption\":\"Hydro Rokz proporciona un excelente drenaje y aireaci\u00f3n, promoviendo un desarrollo saludable de las ra\u00edces en instalaciones hidrop\u00f3nicas.\"},{\"@type\":\"BreadcrumbList\",\"@id\":\"https:\\\/\\\/atami.com\\\/es\\\/producto\\\/hydro-rokz#breadcrumb\",\"itemListElement\":[{\"@type\":\"ListItem\",\"position\":1,\"name\":\"Home\",\"item\":\"https:\\\/\\\/atami.com\\\/es\"},{\"@type\":\"ListItem\",\"position\":2,\"name\":\"Productos\",\"item\":\"https:\\\/\\\/atami.com\\\/es\\\/shop\"},{\"@type\":\"ListItem\",\"position\":3,\"name\":\"Marcas\",\"item\":\"https:\\\/\\\/atami.com\\\/es\\\/categoria-producto\\\/marcas\"},{\"@type\":\"ListItem\",\"position\":4,\"name\":\"sustratos Atami\",\"item\":\"https:\\\/\\\/atami.com\\\/es\\\/categoria-producto\\\/marcas\\\/sustratos-atami\"},{\"@type\":\"ListItem\",\"position\":5,\"name\":\"Hydro Rokz\"}]},{\"@type\":\"WebSite\",\"@id\":\"https:\\\/\\\/atami.com\\\/es#website\",\"url\":\"https:\\\/\\\/atami.com\\\/es\",\"name\":\"Atami\",\"description\":\"NATURALLY INNOVATING!\",\"publisher\":{\"@id\":\"https:\\\/\\\/atami.com\\\/es#organization\"},\"potentialAction\":[{\"@type\":\"SearchAction\",\"target\":{\"@type\":\"EntryPoint\",\"urlTemplate\":\"https:\\\/\\\/atami.com\\\/es?s={search_term_string}\"},\"query-input\":{\"@type\":\"PropertyValueSpecification\",\"valueRequired\":true,\"valueName\":\"search_term_string\"}}],\"inLanguage\":\"es\"},{\"@type\":\"Organization\",\"@id\":\"https:\\\/\\\/atami.com\\\/es#organization\",\"name\":\"Atami\",\"url\":\"https:\\\/\\\/atami.com\\\/es\",\"logo\":{\"@type\":\"ImageObject\",\"inLanguage\":\"es\",\"@id\":\"https:\\\/\\\/atami.com\\\/es#\\\/schema\\\/logo\\\/image\\\/\",\"url\":\"https:\\\/\\\/atami.com\\\/wp-content\\\/uploads\\\/2026\\\/01\\\/Atami-logo-696x696px.webp\",\"contentUrl\":\"https:\\\/\\\/atami.com\\\/wp-content\\\/uploads\\\/2026\\\/01\\\/Atami-logo-696x696px.webp\",\"width\":696,\"height\":696,\"caption\":\"Atami\"},\"image\":{\"@id\":\"https:\\\/\\\/atami.com\\\/es#\\\/schema\\\/logo\\\/image\\\/\"},\"sameAs\":[\"https:\\\/\\\/www.facebook.com\\\/Atami.International\",\"https:\\\/\\\/x.com\\\/AtamiEU\",\"https:\\\/\\\/www.youtube.com\\\/c\\\/AtamiInternational\",\"https:\\\/\\\/www.instagram.com\\\/atami.international\\\/\"],\"description\":\"ATAMI is a premium plant nutrition & substrate brand founded in 1997 with the mission to make exceptional cultivation achievable for everyone. From legacy to license, we offer a wide variety of innovating award-winning products to let cultivators achieve maximum results in taste & yield.\",\"email\":\"info@mginnovations.es\",\"legalName\":\"Atami\",\"numberOfEmployees\":{\"@type\":\"QuantitativeValue\",\"minValue\":\"11\",\"maxValue\":\"50\"}}]}<\/script>\n<!-- \/ Yoast SEO Premium plugin. -->","yoast_head_json":{"title":"Hydro Rokz | Mejor Substrato para un Crecimiento \u00d3ptimo de Plantas","description":"Hydro Rokz es un fertilizante especializado para cultivos hidroponicos, dise\u00f1ado para maximizar el crecimiento y rendimiento de tus plantas. Mejora la salud de tus cultivos con Hydro Rokz.","robots":{"index":"index","follow":"follow","max-snippet":"max-snippet:-1","max-image-preview":"max-image-preview:large","max-video-preview":"max-video-preview:-1"},"canonical":"https:\/\/atami.com\/es\/producto\/hydro-rokz","og_locale":"es_ES","og_type":"article","og_title":"Hydro Rokz","og_description":"Hydro Rokz es un fertilizante especializado para cultivos hidroponicos, dise\u00f1ado para maximizar el crecimiento y rendimiento de tus plantas. Mejora la salud de tus cultivos con Hydro Rokz.","og_url":"https:\/\/atami.com\/es\/producto\/hydro-rokz","og_site_name":"Atami","article_publisher":"https:\/\/www.facebook.com\/Atami.International","article_modified_time":"2025-11-10T14:33:41+00:00","og_image":[{"width":1080,"height":1080,"url":"https:\/\/atami.com\/wp-content\/uploads\/2023\/02\/Hydro-Rokz-Main-Image.webp","type":"image\/webp"}],"twitter_card":"summary_large_image","twitter_site":"@AtamiEU","twitter_misc":{"Tiempo de lectura":"1 minuto"},"schema":{"@context":"https:\/\/schema.org","@graph":[{"@type":"WebPage","@id":"https:\/\/atami.com\/es\/producto\/hydro-rokz","url":"https:\/\/atami.com\/es\/producto\/hydro-rokz","name":"Hydro Rokz | Mejor Substrato para un Crecimiento \u00d3ptimo de Plantas","isPartOf":{"@id":"https:\/\/atami.com\/es#website"},"primaryImageOfPage":{"@id":"https:\/\/atami.com\/es\/producto\/hydro-rokz#primaryimage"},"image":{"@id":"https:\/\/atami.com\/es\/producto\/hydro-rokz#primaryimage"},"thumbnailUrl":"https:\/\/atami.com\/wp-content\/uploads\/2023\/02\/Hydro-Rokz-Main-Image.webp","datePublished":"2023-02-14T10:56:27+00:00","dateModified":"2025-11-10T14:33:41+00:00","description":"Hydro Rokz es un fertilizante especializado para cultivos hidroponicos, dise\u00f1ado para maximizar el crecimiento y rendimiento de tus plantas. Mejora la salud de tus cultivos con Hydro Rokz.","breadcrumb":{"@id":"https:\/\/atami.com\/es\/producto\/hydro-rokz#breadcrumb"},"inLanguage":"es","potentialAction":[{"@type":"ReadAction","target":["https:\/\/atami.com\/es\/producto\/hydro-rokz"]}]},{"@type":"ImageObject","inLanguage":"es","@id":"https:\/\/atami.com\/es\/producto\/hydro-rokz#primaryimage","url":"https:\/\/atami.com\/wp-content\/uploads\/2023\/02\/Hydro-Rokz-Main-Image.webp","contentUrl":"https:\/\/atami.com\/wp-content\/uploads\/2023\/02\/Hydro-Rokz-Main-Image.webp","width":1080,"height":1080,"caption":"Hydro Rokz proporciona un excelente drenaje y aireaci\u00f3n, promoviendo un desarrollo saludable de las ra\u00edces en instalaciones hidrop\u00f3nicas."},{"@type":"BreadcrumbList","@id":"https:\/\/atami.com\/es\/producto\/hydro-rokz#breadcrumb","itemListElement":[{"@type":"ListItem","position":1,"name":"Home","item":"https:\/\/atami.com\/es"},{"@type":"ListItem","position":2,"name":"Productos","item":"https:\/\/atami.com\/es\/shop"},{"@type":"ListItem","position":3,"name":"Marcas","item":"https:\/\/atami.com\/es\/categoria-producto\/marcas"},{"@type":"ListItem","position":4,"name":"sustratos Atami","item":"https:\/\/atami.com\/es\/categoria-producto\/marcas\/sustratos-atami"},{"@type":"ListItem","position":5,"name":"Hydro Rokz"}]},{"@type":"WebSite","@id":"https:\/\/atami.com\/es#website","url":"https:\/\/atami.com\/es","name":"Atami","description":"NATURALLY INNOVATING!","publisher":{"@id":"https:\/\/atami.com\/es#organization"},"potentialAction":[{"@type":"SearchAction","target":{"@type":"EntryPoint","urlTemplate":"https:\/\/atami.com\/es?s={search_term_string}"},"query-input":{"@type":"PropertyValueSpecification","valueRequired":true,"valueName":"search_term_string"}}],"inLanguage":"es"},{"@type":"Organization","@id":"https:\/\/atami.com\/es#organization","name":"Atami","url":"https:\/\/atami.com\/es","logo":{"@type":"ImageObject","inLanguage":"es","@id":"https:\/\/atami.com\/es#\/schema\/logo\/image\/","url":"https:\/\/atami.com\/wp-content\/uploads\/2026\/01\/Atami-logo-696x696px.webp","contentUrl":"https:\/\/atami.com\/wp-content\/uploads\/2026\/01\/Atami-logo-696x696px.webp","width":696,"height":696,"caption":"Atami"},"image":{"@id":"https:\/\/atami.com\/es#\/schema\/logo\/image\/"},"sameAs":["https:\/\/www.facebook.com\/Atami.International","https:\/\/x.com\/AtamiEU","https:\/\/www.youtube.com\/c\/AtamiInternational","https:\/\/www.instagram.com\/atami.international\/"],"description":"ATAMI is a premium plant nutrition & substrate brand founded in 1997 with the mission to make exceptional cultivation achievable for everyone. From legacy to license, we offer a wide variety of innovating award-winning products to let cultivators achieve maximum results in taste & yield.","email":"info@mginnovations.es","legalName":"Atami","numberOfEmployees":{"@type":"QuantitativeValue","minValue":"11","maxValue":"50"}}]}},"_links":{"self":[{"href":"https:\/\/atami.com\/es\/wp-json\/wp\/v2\/product\/22410","targetHints":{"allow":["GET"]}}],"collection":[{"href":"https:\/\/atami.com\/es\/wp-json\/wp\/v2\/product"}],"about":[{"href":"https:\/\/atami.com\/es\/wp-json\/wp\/v2\/types\/product"}],"replies":[{"embeddable":true,"href":"https:\/\/atami.com\/es\/wp-json\/wp\/v2\/comments?post=22410"}],"wp:featuredmedia":[{"embeddable":true,"href":"https:\/\/atami.com\/es\/wp-json\/wp\/v2\/media\/25381"}],"wp:attachment":[{"href":"https:\/\/atami.com\/es\/wp-json\/wp\/v2\/media?parent=22410"}],"wp:term":[{"taxonomy":"product_brand","embeddable":true,"href":"https:\/\/atami.com\/es\/wp-json\/wp\/v2\/product_brand?post=22410"},{"taxonomy":"product_cat","embeddable":true,"href":"https:\/\/atami.com\/es\/wp-json\/wp\/v2\/product_cat?post=22410"},{"taxonomy":"product_tag","embeddable":true,"href":"https:\/\/atami.com\/es\/wp-json\/wp\/v2\/product_tag?post=22410"}],"curies":[{"name":"wp","href":"https:\/\/api.w.org\/{rel}","templated":true}]}}