{"id":22407,"date":"2023-02-14T10:43:26","date_gmt":"2023-02-14T10:43:26","guid":{"rendered":"https:\/\/atami.com\/product\/high-porosity-cocos\/"},"modified":"2025-11-10T16:32:20","modified_gmt":"2025-11-10T14:32:20","slug":"high-porosity-cocos","status":"publish","type":"product","link":"https:\/\/atami.com\/es\/producto\/high-porosity-cocos","title":{"rendered":"High Porosity Cocos"},"content":{"rendered":"<p>La disponibilidad de aire es vital para el desarrollo de las ra\u00edces de su cultivo. Las ra\u00edces necesitan respirar y un sustrato aireado permite la producci\u00f3n de m\u00e1s pelos radiculares. El ox\u00edgeno es necesario para convertir los az\u00facares en energ\u00eda. Usando esta energ\u00eda, las ra\u00edces pueden expandirse y suministrar activamente m\u00e1s nutrientes al resto de la planta. Por ello, es esencial que un sustrato tenga una buena aireaci\u00f3n. Cualquier sustrato aireado asegura un drenaje adecuado y un suministro continuo de aire.<\/p>\n<p>&nbsp;<\/p>\n<p>Por todo esto, Atami ha lanzado High Porosity Cocos: un sustrato que ofrece las ventajas de cultivar con el coco de alta calidad de Atami, el cual ha sido madurado, lavado, tamponado y fertilizado adecuadamente, con el beneficio adicional de la aireaci\u00f3n que da la perlita. Aseg\u00farate de aumentar el riego para adecuarse a la mayor capacidad de drenaje de High Porosity Cocos.<\/p>\n<p>&nbsp;<\/p>\n<p><strong>EC: &lt;1,5<\/strong><\/p>\n<p>&nbsp;<\/p>\n<p><strong>Disponible en 50 L<\/strong><\/p>\n","protected":false},"excerpt":{"rendered":"<p>Fibras de coco ligeramente fertilizadas, envejecidas, lavadas y tamponadas con un 30% de perlita<\/p>\n","protected":false},"featured_media":25321,"comment_status":"closed","ping_status":"closed","template":"","meta":{"_acf_changed":false,"iawp_total_views":541},"product_brand":[],"product_cat":[226],"product_tag":[],"class_list":{"0":"post-22407","1":"product","2":"type-product","3":"status-publish","4":"has-post-thumbnail","6":"product_cat-sustratos-atami","8":"first","9":"instock","10":"shipping-taxable","11":"product-type-simple"},"acf":{"short_description":"<p>La disponibilidad de aire es vital para el desarrollo de las ra\u00edces de su cultivo. Las ra\u00edces necesitan respirar y un sustrato aireado permite la producci\u00f3n de m\u00e1s pelos radiculares. El ox\u00edgeno es necesario para convertir los az\u00facares en energ\u00eda. Usando esta energ\u00eda, las ra\u00edces pueden expandirse y suministrar activamente m\u00e1s nutrientes al resto de la planta. Por ello, es esencial que un sustrato tenga una buena aireaci\u00f3n. Cualquier sustrato aireado asegura un drenaje adecuado y un suministro continuo de aire.<\/p><p>&nbsp;<\/p><p>Por todo esto, Atami ha lanzado High Porosity Cocos: un sustrato que ofrece las ventajas de cultivar con el coco de alta calidad de Atami, el cual ha sido madurado, lavado, tamponado y fertilizado adecuadamente, con el beneficio adicional de la aireaci\u00f3n que da la perlita. Aseg\u00farate de aumentar el riego para adecuarse a la mayor capacidad de drenaje de High Porosity Cocos.<\/p><p>&nbsp;<\/p><p><strong>EC: &lt;1,5<\/strong><\/p>","suitable_for":"","application":"","dosage":"","npk_ratio":"","available_in":"<p>50L<\/p>","icon_1":185699,"icon_1_text":"","icon_2":195128,"icon_2_text":"","icon_3":"","icon_3_text":"","icon_4":"","icon_4_text":"","video":"https:\/\/youtu.be\/LQzCEx2qwWc","second_image":25336,"product_image_page":"","user_manual":"","new_icon_1":"","new_icon_2":"","new_icon_3":"","new_icon_4":"","grow_guides":"","category":"Sustrato"},"yoast_head":"<!-- This site is optimized with the Yoast SEO Premium plugin v27.5 (Yoast SEO v27.5) - https:\/\/yoast.com\/product\/yoast-seo-premium-wordpress\/ -->\n<title>Sustrato High Porosity Cocos para un Crecimiento Saludable de tus Plantas<\/title>\n<meta name=\"description\" content=\"Mejora el desarrollo de tus plantas con el sustrato High Porosity Cocos de Atami. Ofrece excelente drenaje y aireaci\u00f3n para un cultivo m\u00e1s eficiente. Compra ahora y optimiza tus cosechas.\" \/>\n<meta name=\"robots\" content=\"index, follow, max-snippet:-1, max-image-preview:large, max-video-preview:-1\" \/>\n<link rel=\"canonical\" href=\"https:\/\/atami.com\/es\/producto\/high-porosity-cocos\" \/>\n<meta property=\"og:locale\" content=\"es_ES\" \/>\n<meta property=\"og:type\" content=\"article\" \/>\n<meta property=\"og:title\" content=\"High Porosity Cocos\" \/>\n<meta property=\"og:description\" content=\"Mejora el desarrollo de tus plantas con el sustrato High Porosity Cocos de Atami. Ofrece excelente drenaje y aireaci\u00f3n para un cultivo m\u00e1s eficiente. Compra ahora y optimiza tus cosechas.\" \/>\n<meta property=\"og:url\" content=\"https:\/\/atami.com\/es\/producto\/high-porosity-cocos\" \/>\n<meta property=\"og:site_name\" content=\"Atami\" \/>\n<meta property=\"article:publisher\" content=\"https:\/\/www.facebook.com\/Atami.International\" \/>\n<meta property=\"article:modified_time\" content=\"2025-11-10T14:32:20+00:00\" \/>\n<meta property=\"og:image\" content=\"https:\/\/atami.com\/wp-content\/uploads\/2023\/02\/High-Porosity-Cocos-Main-Image.webp\" \/>\n\t<meta property=\"og:image:width\" content=\"1080\" \/>\n\t<meta property=\"og:image:height\" content=\"1080\" \/>\n\t<meta property=\"og:image:type\" content=\"image\/webp\" \/>\n<meta name=\"twitter:card\" content=\"summary_large_image\" \/>\n<meta name=\"twitter:site\" content=\"@AtamiEU\" \/>\n<meta name=\"twitter:label1\" content=\"Tiempo de lectura\" \/>\n\t<meta name=\"twitter:data1\" content=\"1 minuto\" \/>\n<script type=\"application\/ld+json\" class=\"yoast-schema-graph\">{\"@context\":\"https:\\\/\\\/schema.org\",\"@graph\":[{\"@type\":\"WebPage\",\"@id\":\"https:\\\/\\\/atami.com\\\/es\\\/producto\\\/high-porosity-cocos\",\"url\":\"https:\\\/\\\/atami.com\\\/es\\\/producto\\\/high-porosity-cocos\",\"name\":\"Sustrato High Porosity Cocos para un Crecimiento Saludable de tus Plantas\",\"isPartOf\":{\"@id\":\"https:\\\/\\\/atami.com\\\/es#website\"},\"primaryImageOfPage\":{\"@id\":\"https:\\\/\\\/atami.com\\\/es\\\/producto\\\/high-porosity-cocos#primaryimage\"},\"image\":{\"@id\":\"https:\\\/\\\/atami.com\\\/es\\\/producto\\\/high-porosity-cocos#primaryimage\"},\"thumbnailUrl\":\"https:\\\/\\\/atami.com\\\/wp-content\\\/uploads\\\/2023\\\/02\\\/High-Porosity-Cocos-Main-Image.webp\",\"datePublished\":\"2023-02-14T10:43:26+00:00\",\"dateModified\":\"2025-11-10T14:32:20+00:00\",\"description\":\"Mejora el desarrollo de tus plantas con el sustrato High Porosity Cocos de Atami. Ofrece excelente drenaje y aireaci\u00f3n para un cultivo m\u00e1s eficiente. Compra ahora y optimiza tus cosechas.\",\"breadcrumb\":{\"@id\":\"https:\\\/\\\/atami.com\\\/es\\\/producto\\\/high-porosity-cocos#breadcrumb\"},\"inLanguage\":\"es\",\"potentialAction\":[{\"@type\":\"ReadAction\",\"target\":[\"https:\\\/\\\/atami.com\\\/es\\\/producto\\\/high-porosity-cocos\"]}]},{\"@type\":\"ImageObject\",\"inLanguage\":\"es\",\"@id\":\"https:\\\/\\\/atami.com\\\/es\\\/producto\\\/high-porosity-cocos#primaryimage\",\"url\":\"https:\\\/\\\/atami.com\\\/wp-content\\\/uploads\\\/2023\\\/02\\\/High-Porosity-Cocos-Main-Image.webp\",\"contentUrl\":\"https:\\\/\\\/atami.com\\\/wp-content\\\/uploads\\\/2023\\\/02\\\/High-Porosity-Cocos-Main-Image.webp\",\"width\":1080,\"height\":1080,\"caption\":\"High Porosity Cocos ofrece una aireaci\u00f3n superior, promoviendo un desarrollo robusto de las ra\u00edces y la absorci\u00f3n de nutrientes.\"},{\"@type\":\"BreadcrumbList\",\"@id\":\"https:\\\/\\\/atami.com\\\/es\\\/producto\\\/high-porosity-cocos#breadcrumb\",\"itemListElement\":[{\"@type\":\"ListItem\",\"position\":1,\"name\":\"Home\",\"item\":\"https:\\\/\\\/atami.com\\\/es\"},{\"@type\":\"ListItem\",\"position\":2,\"name\":\"Productos\",\"item\":\"https:\\\/\\\/atami.com\\\/es\\\/shop\"},{\"@type\":\"ListItem\",\"position\":3,\"name\":\"Marcas\",\"item\":\"https:\\\/\\\/atami.com\\\/es\\\/categoria-producto\\\/marcas\"},{\"@type\":\"ListItem\",\"position\":4,\"name\":\"sustratos Atami\",\"item\":\"https:\\\/\\\/atami.com\\\/es\\\/categoria-producto\\\/marcas\\\/sustratos-atami\"},{\"@type\":\"ListItem\",\"position\":5,\"name\":\"High Porosity Cocos\"}]},{\"@type\":\"WebSite\",\"@id\":\"https:\\\/\\\/atami.com\\\/es#website\",\"url\":\"https:\\\/\\\/atami.com\\\/es\",\"name\":\"Atami\",\"description\":\"NATURALLY INNOVATING!\",\"publisher\":{\"@id\":\"https:\\\/\\\/atami.com\\\/es#organization\"},\"potentialAction\":[{\"@type\":\"SearchAction\",\"target\":{\"@type\":\"EntryPoint\",\"urlTemplate\":\"https:\\\/\\\/atami.com\\\/es?s={search_term_string}\"},\"query-input\":{\"@type\":\"PropertyValueSpecification\",\"valueRequired\":true,\"valueName\":\"search_term_string\"}}],\"inLanguage\":\"es\"},{\"@type\":\"Organization\",\"@id\":\"https:\\\/\\\/atami.com\\\/es#organization\",\"name\":\"Atami\",\"url\":\"https:\\\/\\\/atami.com\\\/es\",\"logo\":{\"@type\":\"ImageObject\",\"inLanguage\":\"es\",\"@id\":\"https:\\\/\\\/atami.com\\\/es#\\\/schema\\\/logo\\\/image\\\/\",\"url\":\"https:\\\/\\\/atami.com\\\/wp-content\\\/uploads\\\/2026\\\/01\\\/Atami-logo-696x696px.webp\",\"contentUrl\":\"https:\\\/\\\/atami.com\\\/wp-content\\\/uploads\\\/2026\\\/01\\\/Atami-logo-696x696px.webp\",\"width\":696,\"height\":696,\"caption\":\"Atami\"},\"image\":{\"@id\":\"https:\\\/\\\/atami.com\\\/es#\\\/schema\\\/logo\\\/image\\\/\"},\"sameAs\":[\"https:\\\/\\\/www.facebook.com\\\/Atami.International\",\"https:\\\/\\\/x.com\\\/AtamiEU\",\"https:\\\/\\\/www.youtube.com\\\/c\\\/AtamiInternational\",\"https:\\\/\\\/www.instagram.com\\\/atami.international\\\/\"],\"description\":\"ATAMI is a premium plant nutrition & substrate brand founded in 1997 with the mission to make exceptional cultivation achievable for everyone. From legacy to license, we offer a wide variety of innovating award-winning products to let cultivators achieve maximum results in taste & yield.\",\"email\":\"info@mginnovations.es\",\"legalName\":\"Atami\",\"numberOfEmployees\":{\"@type\":\"QuantitativeValue\",\"minValue\":\"11\",\"maxValue\":\"50\"}}]}<\/script>\n<!-- \/ Yoast SEO Premium plugin. -->","yoast_head_json":{"title":"Sustrato High Porosity Cocos para un Crecimiento Saludable de tus Plantas","description":"Mejora el desarrollo de tus plantas con el sustrato High Porosity Cocos de Atami. Ofrece excelente drenaje y aireaci\u00f3n para un cultivo m\u00e1s eficiente. Compra ahora y optimiza tus cosechas.","robots":{"index":"index","follow":"follow","max-snippet":"max-snippet:-1","max-image-preview":"max-image-preview:large","max-video-preview":"max-video-preview:-1"},"canonical":"https:\/\/atami.com\/es\/producto\/high-porosity-cocos","og_locale":"es_ES","og_type":"article","og_title":"High Porosity Cocos","og_description":"Mejora el desarrollo de tus plantas con el sustrato High Porosity Cocos de Atami. Ofrece excelente drenaje y aireaci\u00f3n para un cultivo m\u00e1s eficiente. Compra ahora y optimiza tus cosechas.","og_url":"https:\/\/atami.com\/es\/producto\/high-porosity-cocos","og_site_name":"Atami","article_publisher":"https:\/\/www.facebook.com\/Atami.International","article_modified_time":"2025-11-10T14:32:20+00:00","og_image":[{"width":1080,"height":1080,"url":"https:\/\/atami.com\/wp-content\/uploads\/2023\/02\/High-Porosity-Cocos-Main-Image.webp","type":"image\/webp"}],"twitter_card":"summary_large_image","twitter_site":"@AtamiEU","twitter_misc":{"Tiempo de lectura":"1 minuto"},"schema":{"@context":"https:\/\/schema.org","@graph":[{"@type":"WebPage","@id":"https:\/\/atami.com\/es\/producto\/high-porosity-cocos","url":"https:\/\/atami.com\/es\/producto\/high-porosity-cocos","name":"Sustrato High Porosity Cocos para un Crecimiento Saludable de tus Plantas","isPartOf":{"@id":"https:\/\/atami.com\/es#website"},"primaryImageOfPage":{"@id":"https:\/\/atami.com\/es\/producto\/high-porosity-cocos#primaryimage"},"image":{"@id":"https:\/\/atami.com\/es\/producto\/high-porosity-cocos#primaryimage"},"thumbnailUrl":"https:\/\/atami.com\/wp-content\/uploads\/2023\/02\/High-Porosity-Cocos-Main-Image.webp","datePublished":"2023-02-14T10:43:26+00:00","dateModified":"2025-11-10T14:32:20+00:00","description":"Mejora el desarrollo de tus plantas con el sustrato High Porosity Cocos de Atami. Ofrece excelente drenaje y aireaci\u00f3n para un cultivo m\u00e1s eficiente. Compra ahora y optimiza tus cosechas.","breadcrumb":{"@id":"https:\/\/atami.com\/es\/producto\/high-porosity-cocos#breadcrumb"},"inLanguage":"es","potentialAction":[{"@type":"ReadAction","target":["https:\/\/atami.com\/es\/producto\/high-porosity-cocos"]}]},{"@type":"ImageObject","inLanguage":"es","@id":"https:\/\/atami.com\/es\/producto\/high-porosity-cocos#primaryimage","url":"https:\/\/atami.com\/wp-content\/uploads\/2023\/02\/High-Porosity-Cocos-Main-Image.webp","contentUrl":"https:\/\/atami.com\/wp-content\/uploads\/2023\/02\/High-Porosity-Cocos-Main-Image.webp","width":1080,"height":1080,"caption":"High Porosity Cocos ofrece una aireaci\u00f3n superior, promoviendo un desarrollo robusto de las ra\u00edces y la absorci\u00f3n de nutrientes."},{"@type":"BreadcrumbList","@id":"https:\/\/atami.com\/es\/producto\/high-porosity-cocos#breadcrumb","itemListElement":[{"@type":"ListItem","position":1,"name":"Home","item":"https:\/\/atami.com\/es"},{"@type":"ListItem","position":2,"name":"Productos","item":"https:\/\/atami.com\/es\/shop"},{"@type":"ListItem","position":3,"name":"Marcas","item":"https:\/\/atami.com\/es\/categoria-producto\/marcas"},{"@type":"ListItem","position":4,"name":"sustratos Atami","item":"https:\/\/atami.com\/es\/categoria-producto\/marcas\/sustratos-atami"},{"@type":"ListItem","position":5,"name":"High Porosity Cocos"}]},{"@type":"WebSite","@id":"https:\/\/atami.com\/es#website","url":"https:\/\/atami.com\/es","name":"Atami","description":"NATURALLY INNOVATING!","publisher":{"@id":"https:\/\/atami.com\/es#organization"},"potentialAction":[{"@type":"SearchAction","target":{"@type":"EntryPoint","urlTemplate":"https:\/\/atami.com\/es?s={search_term_string}"},"query-input":{"@type":"PropertyValueSpecification","valueRequired":true,"valueName":"search_term_string"}}],"inLanguage":"es"},{"@type":"Organization","@id":"https:\/\/atami.com\/es#organization","name":"Atami","url":"https:\/\/atami.com\/es","logo":{"@type":"ImageObject","inLanguage":"es","@id":"https:\/\/atami.com\/es#\/schema\/logo\/image\/","url":"https:\/\/atami.com\/wp-content\/uploads\/2026\/01\/Atami-logo-696x696px.webp","contentUrl":"https:\/\/atami.com\/wp-content\/uploads\/2026\/01\/Atami-logo-696x696px.webp","width":696,"height":696,"caption":"Atami"},"image":{"@id":"https:\/\/atami.com\/es#\/schema\/logo\/image\/"},"sameAs":["https:\/\/www.facebook.com\/Atami.International","https:\/\/x.com\/AtamiEU","https:\/\/www.youtube.com\/c\/AtamiInternational","https:\/\/www.instagram.com\/atami.international\/"],"description":"ATAMI is a premium plant nutrition & substrate brand founded in 1997 with the mission to make exceptional cultivation achievable for everyone. From legacy to license, we offer a wide variety of innovating award-winning products to let cultivators achieve maximum results in taste & yield.","email":"info@mginnovations.es","legalName":"Atami","numberOfEmployees":{"@type":"QuantitativeValue","minValue":"11","maxValue":"50"}}]}},"_links":{"self":[{"href":"https:\/\/atami.com\/es\/wp-json\/wp\/v2\/product\/22407","targetHints":{"allow":["GET"]}}],"collection":[{"href":"https:\/\/atami.com\/es\/wp-json\/wp\/v2\/product"}],"about":[{"href":"https:\/\/atami.com\/es\/wp-json\/wp\/v2\/types\/product"}],"replies":[{"embeddable":true,"href":"https:\/\/atami.com\/es\/wp-json\/wp\/v2\/comments?post=22407"}],"wp:featuredmedia":[{"embeddable":true,"href":"https:\/\/atami.com\/es\/wp-json\/wp\/v2\/media\/25321"}],"wp:attachment":[{"href":"https:\/\/atami.com\/es\/wp-json\/wp\/v2\/media?parent=22407"}],"wp:term":[{"taxonomy":"product_brand","embeddable":true,"href":"https:\/\/atami.com\/es\/wp-json\/wp\/v2\/product_brand?post=22407"},{"taxonomy":"product_cat","embeddable":true,"href":"https:\/\/atami.com\/es\/wp-json\/wp\/v2\/product_cat?post=22407"},{"taxonomy":"product_tag","embeddable":true,"href":"https:\/\/atami.com\/es\/wp-json\/wp\/v2\/product_tag?post=22407"}],"curies":[{"name":"wp","href":"https:\/\/api.w.org\/{rel}","templated":true}]}}