{"id":22402,"date":"2023-02-14T09:50:24","date_gmt":"2023-02-14T09:50:24","guid":{"rendered":"https:\/\/atami.com\/product\/bi-growmix\/"},"modified":"2025-11-10T16:30:22","modified_gmt":"2025-11-10T14:30:22","slug":"bi-growmix","status":"publish","type":"product","link":"https:\/\/atami.com\/es\/producto\/bi-growmix","title":{"rendered":"Bi Grow Mix"},"content":{"rendered":"<p>Atami Bi Grow Mix es un sustrato fertilizado ecol\u00f3gicamente con una textura bien aireada y libre de hongos nocivos. Esto hace que sea una excelente base para la fase de crecimiento. Las plantas pueden enraizar directamente sobre \u00e9l desde la fase inicial, permitiendo desarrollar su tama\u00f1o de forma considerable.<\/p>\n<p>&nbsp;<\/p>\n<p>En cuanto a la cantidad y proporci\u00f3n de fertilizantes, este sustrato se puede considerar medianamente abonado. Con ello queremos decir que se han a\u00f1adido nutrientes al sustrato para asegurar que el periodo inicial est\u00e9 cubierto. Pasado este tiempo inicial, y dependiendo del n\u00famero de plantas y el tama\u00f1o de las macetas, Atami aconseja a\u00f1adir fertilizantes l\u00edquidos a los cultivos para obtener resultados \u00f3ptimos.<\/p>\n<p>&nbsp;<\/p>\n<p><strong>EC: 1,25 \u2013 1,50<\/strong><\/p>\n<p>&nbsp;<\/p>\n<p><strong>Disponible en 20 L y 50 L<\/strong><\/p>\n","protected":false},"excerpt":{"rendered":"<p>Sustrato de turba y fibra de coco medianamente abonado<\/p>\n","protected":false},"featured_media":25259,"comment_status":"closed","ping_status":"closed","template":"","meta":{"_acf_changed":false,"iawp_total_views":263},"product_brand":[],"product_cat":[226],"product_tag":[],"class_list":{"0":"post-22402","1":"product","2":"type-product","3":"status-publish","4":"has-post-thumbnail","6":"product_cat-sustratos-atami","8":"first","9":"instock","10":"shipping-taxable","11":"product-type-simple"},"acf":{"short_description":"<p>Atami Bi Grow Mix es un sustrato fertilizado ecol\u00f3gicamente con una textura bien aireada y libre de hongos nocivos. Esto hace que sea una excelente base para la fase de crecimiento. Las plantas pueden enraizar directamente sobre \u00e9l desde la fase inicial, permitiendo desarrollar su tama\u00f1o de forma considerable.<\/p><p>&nbsp;<\/p><p>En cuanto a la cantidad y proporci\u00f3n de fertilizantes, este sustrato se puede considerar medianamente abonado. Con ello queremos decir que se han a\u00f1adido nutrientes al sustrato para asegurar que el periodo inicial est\u00e9 cubierto. Pasado este tiempo inicial, y dependiendo del n\u00famero de plantas y el tama\u00f1o de las macetas, Atami aconseja a\u00f1adir fertilizantes l\u00edquidos a los cultivos para obtener resultados \u00f3ptimos.<\/p><p>&nbsp;<\/p><p><strong>EC: 1,25 \u2013 1,50<\/strong><\/p>","suitable_for":"","application":"","dosage":"","npk_ratio":"","available_in":"<p>20 L y 50 L<\/p>","icon_1":"","icon_1_text":"","icon_2":195098,"icon_2_text":"","icon_3":"","icon_3_text":"","icon_4":"","icon_4_text":"","video":"https:\/\/youtu.be\/tiEbi5k8bZA","second_image":25274,"product_image_page":"","user_manual":"","new_icon_1":"","new_icon_2":"","new_icon_3":"","new_icon_4":"","grow_guides":"","category":"Sustrato"},"yoast_head":"<!-- This site is optimized with the Yoast SEO Premium plugin v27.5 (Yoast SEO v27.5) - https:\/\/yoast.com\/product\/yoast-seo-premium-wordpress\/ -->\n<title>Bi Grow Mix: Sustrato org\u00e1nico para un crecimiento saludable de plantas<\/title>\n<meta name=\"description\" content=\"Bi Grow Mix es un sustrato org\u00e1nico perfecto para un desarrollo \u00f3ptimo de tus plantas. Con nutrientes balanceados, asegura un crecimiento fuerte y saludable. \u00a1Obt\u00e9n el tuyo ahora!\" \/>\n<meta name=\"robots\" content=\"index, follow, max-snippet:-1, max-image-preview:large, max-video-preview:-1\" \/>\n<link rel=\"canonical\" href=\"https:\/\/atami.com\/es\/producto\/bi-growmix\" \/>\n<meta property=\"og:locale\" content=\"es_ES\" \/>\n<meta property=\"og:type\" content=\"article\" \/>\n<meta property=\"og:title\" content=\"Bi Grow Mix\" \/>\n<meta property=\"og:description\" content=\"Bi Grow Mix es un sustrato org\u00e1nico perfecto para un desarrollo \u00f3ptimo de tus plantas. Con nutrientes balanceados, asegura un crecimiento fuerte y saludable. \u00a1Obt\u00e9n el tuyo ahora!\" \/>\n<meta property=\"og:url\" content=\"https:\/\/atami.com\/es\/producto\/bi-growmix\" \/>\n<meta property=\"og:site_name\" content=\"Atami\" \/>\n<meta property=\"article:publisher\" content=\"https:\/\/www.facebook.com\/Atami.International\" \/>\n<meta property=\"article:modified_time\" content=\"2025-11-10T14:30:22+00:00\" \/>\n<meta property=\"og:image\" content=\"https:\/\/atami.com\/wp-content\/uploads\/2023\/02\/Bi-Grow-Mix-Main-Image.webp\" \/>\n\t<meta property=\"og:image:width\" content=\"1080\" \/>\n\t<meta property=\"og:image:height\" content=\"1080\" \/>\n\t<meta property=\"og:image:type\" content=\"image\/webp\" \/>\n<meta name=\"twitter:card\" content=\"summary_large_image\" \/>\n<meta name=\"twitter:site\" content=\"@AtamiEU\" \/>\n<meta name=\"twitter:label1\" content=\"Tiempo de lectura\" \/>\n\t<meta name=\"twitter:data1\" content=\"1 minuto\" \/>\n<script type=\"application\/ld+json\" class=\"yoast-schema-graph\">{\"@context\":\"https:\\\/\\\/schema.org\",\"@graph\":[{\"@type\":\"WebPage\",\"@id\":\"https:\\\/\\\/atami.com\\\/es\\\/producto\\\/bi-growmix\",\"url\":\"https:\\\/\\\/atami.com\\\/es\\\/producto\\\/bi-growmix\",\"name\":\"Bi Grow Mix: Sustrato org\u00e1nico para un crecimiento saludable de plantas\",\"isPartOf\":{\"@id\":\"https:\\\/\\\/atami.com\\\/es#website\"},\"primaryImageOfPage\":{\"@id\":\"https:\\\/\\\/atami.com\\\/es\\\/producto\\\/bi-growmix#primaryimage\"},\"image\":{\"@id\":\"https:\\\/\\\/atami.com\\\/es\\\/producto\\\/bi-growmix#primaryimage\"},\"thumbnailUrl\":\"https:\\\/\\\/atami.com\\\/wp-content\\\/uploads\\\/2023\\\/02\\\/Bi-Grow-Mix-Main-Image.webp\",\"datePublished\":\"2023-02-14T09:50:24+00:00\",\"dateModified\":\"2025-11-10T14:30:22+00:00\",\"description\":\"Bi Grow Mix es un sustrato org\u00e1nico perfecto para un desarrollo \u00f3ptimo de tus plantas. Con nutrientes balanceados, asegura un crecimiento fuerte y saludable. \u00a1Obt\u00e9n el tuyo ahora!\",\"breadcrumb\":{\"@id\":\"https:\\\/\\\/atami.com\\\/es\\\/producto\\\/bi-growmix#breadcrumb\"},\"inLanguage\":\"es\",\"potentialAction\":[{\"@type\":\"ReadAction\",\"target\":[\"https:\\\/\\\/atami.com\\\/es\\\/producto\\\/bi-growmix\"]}]},{\"@type\":\"ImageObject\",\"inLanguage\":\"es\",\"@id\":\"https:\\\/\\\/atami.com\\\/es\\\/producto\\\/bi-growmix#primaryimage\",\"url\":\"https:\\\/\\\/atami.com\\\/wp-content\\\/uploads\\\/2023\\\/02\\\/Bi-Grow-Mix-Main-Image.webp\",\"contentUrl\":\"https:\\\/\\\/atami.com\\\/wp-content\\\/uploads\\\/2023\\\/02\\\/Bi-Grow-Mix-Main-Image.webp\",\"width\":1080,\"height\":1080,\"caption\":\"Bi Grow Mix ofrece un perfil de nutrientes equilibrado, asegurando un desarrollo sano y vigoroso de las plantas.\"},{\"@type\":\"BreadcrumbList\",\"@id\":\"https:\\\/\\\/atami.com\\\/es\\\/producto\\\/bi-growmix#breadcrumb\",\"itemListElement\":[{\"@type\":\"ListItem\",\"position\":1,\"name\":\"Home\",\"item\":\"https:\\\/\\\/atami.com\\\/es\"},{\"@type\":\"ListItem\",\"position\":2,\"name\":\"Productos\",\"item\":\"https:\\\/\\\/atami.com\\\/es\\\/shop\"},{\"@type\":\"ListItem\",\"position\":3,\"name\":\"Marcas\",\"item\":\"https:\\\/\\\/atami.com\\\/es\\\/categoria-producto\\\/marcas\"},{\"@type\":\"ListItem\",\"position\":4,\"name\":\"sustratos Atami\",\"item\":\"https:\\\/\\\/atami.com\\\/es\\\/categoria-producto\\\/marcas\\\/sustratos-atami\"},{\"@type\":\"ListItem\",\"position\":5,\"name\":\"Bi Grow Mix\"}]},{\"@type\":\"WebSite\",\"@id\":\"https:\\\/\\\/atami.com\\\/es#website\",\"url\":\"https:\\\/\\\/atami.com\\\/es\",\"name\":\"Atami\",\"description\":\"NATURALLY INNOVATING!\",\"publisher\":{\"@id\":\"https:\\\/\\\/atami.com\\\/es#organization\"},\"potentialAction\":[{\"@type\":\"SearchAction\",\"target\":{\"@type\":\"EntryPoint\",\"urlTemplate\":\"https:\\\/\\\/atami.com\\\/es?s={search_term_string}\"},\"query-input\":{\"@type\":\"PropertyValueSpecification\",\"valueRequired\":true,\"valueName\":\"search_term_string\"}}],\"inLanguage\":\"es\"},{\"@type\":\"Organization\",\"@id\":\"https:\\\/\\\/atami.com\\\/es#organization\",\"name\":\"Atami\",\"url\":\"https:\\\/\\\/atami.com\\\/es\",\"logo\":{\"@type\":\"ImageObject\",\"inLanguage\":\"es\",\"@id\":\"https:\\\/\\\/atami.com\\\/es#\\\/schema\\\/logo\\\/image\\\/\",\"url\":\"https:\\\/\\\/atami.com\\\/wp-content\\\/uploads\\\/2026\\\/01\\\/Atami-logo-696x696px.webp\",\"contentUrl\":\"https:\\\/\\\/atami.com\\\/wp-content\\\/uploads\\\/2026\\\/01\\\/Atami-logo-696x696px.webp\",\"width\":696,\"height\":696,\"caption\":\"Atami\"},\"image\":{\"@id\":\"https:\\\/\\\/atami.com\\\/es#\\\/schema\\\/logo\\\/image\\\/\"},\"sameAs\":[\"https:\\\/\\\/www.facebook.com\\\/Atami.International\",\"https:\\\/\\\/x.com\\\/AtamiEU\",\"https:\\\/\\\/www.youtube.com\\\/c\\\/AtamiInternational\",\"https:\\\/\\\/www.instagram.com\\\/atami.international\\\/\"],\"description\":\"ATAMI is a premium plant nutrition & substrate brand founded in 1997 with the mission to make exceptional cultivation achievable for everyone. From legacy to license, we offer a wide variety of innovating award-winning products to let cultivators achieve maximum results in taste & yield.\",\"email\":\"info@mginnovations.es\",\"legalName\":\"Atami\",\"numberOfEmployees\":{\"@type\":\"QuantitativeValue\",\"minValue\":\"11\",\"maxValue\":\"50\"}}]}<\/script>\n<!-- \/ Yoast SEO Premium plugin. -->","yoast_head_json":{"title":"Bi Grow Mix: Sustrato org\u00e1nico para un crecimiento saludable de plantas","description":"Bi Grow Mix es un sustrato org\u00e1nico perfecto para un desarrollo \u00f3ptimo de tus plantas. Con nutrientes balanceados, asegura un crecimiento fuerte y saludable. \u00a1Obt\u00e9n el tuyo ahora!","robots":{"index":"index","follow":"follow","max-snippet":"max-snippet:-1","max-image-preview":"max-image-preview:large","max-video-preview":"max-video-preview:-1"},"canonical":"https:\/\/atami.com\/es\/producto\/bi-growmix","og_locale":"es_ES","og_type":"article","og_title":"Bi Grow Mix","og_description":"Bi Grow Mix es un sustrato org\u00e1nico perfecto para un desarrollo \u00f3ptimo de tus plantas. Con nutrientes balanceados, asegura un crecimiento fuerte y saludable. \u00a1Obt\u00e9n el tuyo ahora!","og_url":"https:\/\/atami.com\/es\/producto\/bi-growmix","og_site_name":"Atami","article_publisher":"https:\/\/www.facebook.com\/Atami.International","article_modified_time":"2025-11-10T14:30:22+00:00","og_image":[{"width":1080,"height":1080,"url":"https:\/\/atami.com\/wp-content\/uploads\/2023\/02\/Bi-Grow-Mix-Main-Image.webp","type":"image\/webp"}],"twitter_card":"summary_large_image","twitter_site":"@AtamiEU","twitter_misc":{"Tiempo de lectura":"1 minuto"},"schema":{"@context":"https:\/\/schema.org","@graph":[{"@type":"WebPage","@id":"https:\/\/atami.com\/es\/producto\/bi-growmix","url":"https:\/\/atami.com\/es\/producto\/bi-growmix","name":"Bi Grow Mix: Sustrato org\u00e1nico para un crecimiento saludable de plantas","isPartOf":{"@id":"https:\/\/atami.com\/es#website"},"primaryImageOfPage":{"@id":"https:\/\/atami.com\/es\/producto\/bi-growmix#primaryimage"},"image":{"@id":"https:\/\/atami.com\/es\/producto\/bi-growmix#primaryimage"},"thumbnailUrl":"https:\/\/atami.com\/wp-content\/uploads\/2023\/02\/Bi-Grow-Mix-Main-Image.webp","datePublished":"2023-02-14T09:50:24+00:00","dateModified":"2025-11-10T14:30:22+00:00","description":"Bi Grow Mix es un sustrato org\u00e1nico perfecto para un desarrollo \u00f3ptimo de tus plantas. Con nutrientes balanceados, asegura un crecimiento fuerte y saludable. \u00a1Obt\u00e9n el tuyo ahora!","breadcrumb":{"@id":"https:\/\/atami.com\/es\/producto\/bi-growmix#breadcrumb"},"inLanguage":"es","potentialAction":[{"@type":"ReadAction","target":["https:\/\/atami.com\/es\/producto\/bi-growmix"]}]},{"@type":"ImageObject","inLanguage":"es","@id":"https:\/\/atami.com\/es\/producto\/bi-growmix#primaryimage","url":"https:\/\/atami.com\/wp-content\/uploads\/2023\/02\/Bi-Grow-Mix-Main-Image.webp","contentUrl":"https:\/\/atami.com\/wp-content\/uploads\/2023\/02\/Bi-Grow-Mix-Main-Image.webp","width":1080,"height":1080,"caption":"Bi Grow Mix ofrece un perfil de nutrientes equilibrado, asegurando un desarrollo sano y vigoroso de las plantas."},{"@type":"BreadcrumbList","@id":"https:\/\/atami.com\/es\/producto\/bi-growmix#breadcrumb","itemListElement":[{"@type":"ListItem","position":1,"name":"Home","item":"https:\/\/atami.com\/es"},{"@type":"ListItem","position":2,"name":"Productos","item":"https:\/\/atami.com\/es\/shop"},{"@type":"ListItem","position":3,"name":"Marcas","item":"https:\/\/atami.com\/es\/categoria-producto\/marcas"},{"@type":"ListItem","position":4,"name":"sustratos Atami","item":"https:\/\/atami.com\/es\/categoria-producto\/marcas\/sustratos-atami"},{"@type":"ListItem","position":5,"name":"Bi Grow Mix"}]},{"@type":"WebSite","@id":"https:\/\/atami.com\/es#website","url":"https:\/\/atami.com\/es","name":"Atami","description":"NATURALLY INNOVATING!","publisher":{"@id":"https:\/\/atami.com\/es#organization"},"potentialAction":[{"@type":"SearchAction","target":{"@type":"EntryPoint","urlTemplate":"https:\/\/atami.com\/es?s={search_term_string}"},"query-input":{"@type":"PropertyValueSpecification","valueRequired":true,"valueName":"search_term_string"}}],"inLanguage":"es"},{"@type":"Organization","@id":"https:\/\/atami.com\/es#organization","name":"Atami","url":"https:\/\/atami.com\/es","logo":{"@type":"ImageObject","inLanguage":"es","@id":"https:\/\/atami.com\/es#\/schema\/logo\/image\/","url":"https:\/\/atami.com\/wp-content\/uploads\/2026\/01\/Atami-logo-696x696px.webp","contentUrl":"https:\/\/atami.com\/wp-content\/uploads\/2026\/01\/Atami-logo-696x696px.webp","width":696,"height":696,"caption":"Atami"},"image":{"@id":"https:\/\/atami.com\/es#\/schema\/logo\/image\/"},"sameAs":["https:\/\/www.facebook.com\/Atami.International","https:\/\/x.com\/AtamiEU","https:\/\/www.youtube.com\/c\/AtamiInternational","https:\/\/www.instagram.com\/atami.international\/"],"description":"ATAMI is a premium plant nutrition & substrate brand founded in 1997 with the mission to make exceptional cultivation achievable for everyone. From legacy to license, we offer a wide variety of innovating award-winning products to let cultivators achieve maximum results in taste & yield.","email":"info@mginnovations.es","legalName":"Atami","numberOfEmployees":{"@type":"QuantitativeValue","minValue":"11","maxValue":"50"}}]}},"_links":{"self":[{"href":"https:\/\/atami.com\/es\/wp-json\/wp\/v2\/product\/22402","targetHints":{"allow":["GET"]}}],"collection":[{"href":"https:\/\/atami.com\/es\/wp-json\/wp\/v2\/product"}],"about":[{"href":"https:\/\/atami.com\/es\/wp-json\/wp\/v2\/types\/product"}],"replies":[{"embeddable":true,"href":"https:\/\/atami.com\/es\/wp-json\/wp\/v2\/comments?post=22402"}],"wp:featuredmedia":[{"embeddable":true,"href":"https:\/\/atami.com\/es\/wp-json\/wp\/v2\/media\/25259"}],"wp:attachment":[{"href":"https:\/\/atami.com\/es\/wp-json\/wp\/v2\/media?parent=22402"}],"wp:term":[{"taxonomy":"product_brand","embeddable":true,"href":"https:\/\/atami.com\/es\/wp-json\/wp\/v2\/product_brand?post=22402"},{"taxonomy":"product_cat","embeddable":true,"href":"https:\/\/atami.com\/es\/wp-json\/wp\/v2\/product_cat?post=22402"},{"taxonomy":"product_tag","embeddable":true,"href":"https:\/\/atami.com\/es\/wp-json\/wp\/v2\/product_tag?post=22402"}],"curies":[{"name":"wp","href":"https:\/\/api.w.org\/{rel}","templated":true}]}}