{"id":22400,"date":"2023-02-14T08:22:44","date_gmt":"2023-02-14T08:22:44","guid":{"rendered":"https:\/\/atami.com\/product\/kilomix\/"},"modified":"2025-11-10T16:30:41","modified_gmt":"2025-11-10T14:30:41","slug":"kilomix","status":"publish","type":"product","link":"https:\/\/atami.com\/es\/producto\/kilomix","title":{"rendered":"Kilomix"},"content":{"rendered":"<p>Atami Kilomix contiene, comparado con<span style=\"color: #00ccff;\"> <a style=\"color: #00ccff;\" href=\"https:\/\/atami.com\/es\/producto\/janeco-lightmix\/\">Janeco-Light-Mix<\/a><\/span>, mucha m\u00e1s cantidad de abono. Atami Kilomix constituye por s\u00ed mismo una base perfecta para todo tipo de plantas ya que es rico en nutrientes importantes. El calcio, guano y muchas otras sustancias org\u00e1nicas de gran importancia, forman parte de este sustrato. Por todo ello, Atami Kilomix contiene todo lo que las plantas necesitan, el riesgo de carencias es casi nulo.<\/p>\n<p>&nbsp;<\/p>\n<p>Ya que el equilibrio de los nutrientes ha sido concebido de manera profesional, la liberaci\u00f3n de estos se produce de una forma constante y durante un largo periodo de tiempo. Cualquier planta disfrutar\u00e1 desarroll\u00e1ndose en este sustrato perfectamente enriquecido.<\/p>\n<p>&nbsp;<\/p>\n<p><strong>EC: 2,60 \u2013 2,80<\/strong><\/p>\n<p>&nbsp;<\/p>\n<p><strong>Disponible en 20 L y 50 L<\/strong><\/p>\n","protected":false},"excerpt":{"rendered":"<p>Sustrato de turba abundantemente abonado con perlita<\/p>\n","protected":false},"featured_media":25229,"comment_status":"closed","ping_status":"closed","template":"","meta":{"_acf_changed":false,"iawp_total_views":505},"product_brand":[],"product_cat":[226],"product_tag":[],"class_list":{"0":"post-22400","1":"product","2":"type-product","3":"status-publish","4":"has-post-thumbnail","6":"product_cat-sustratos-atami","8":"first","9":"instock","10":"shipping-taxable","11":"product-type-simple"},"acf":{"short_description":"<p>Atami Kilomix contiene, comparado con<strong> <a href=\"https:\/\/atami.com\/es\/producto\/janeco-lightmix\">Janeco-Light-Mix<\/a><\/strong>, mucha m\u00e1s cantidad de abono. Atami Kilomix constituye por s\u00ed mismo una base perfecta para todo tipo de plantas ya que es rico en nutrientes importantes. El calcio, guano y muchas otras sustancias org\u00e1nicas de gran importancia, forman parte de este sustrato. Por todo ello, Atami Kilomix contiene todo lo que las plantas necesitan, el riesgo de carencias es casi nulo.<\/p><p>&nbsp;<\/p><p>Ya que el equilibrio de los nutrientes ha sido concebido de manera profesional, la liberaci\u00f3n de estos se produce de una forma constante y durante un largo periodo de tiempo. Cualquier planta disfrutar\u00e1 desarroll\u00e1ndose en este sustrato perfectamente enriquecido.<\/p><p>&nbsp;<\/p><p><strong>EC: 2,60 \u2013 2,80<\/strong><\/p>","suitable_for":"","application":"","dosage":"","npk_ratio":"","available_in":"<p>20 L y 50 L<\/p>","icon_1":"","icon_1_text":"","icon_2":195173,"icon_2_text":"","icon_3":"","icon_3_text":"","icon_4":"","icon_4_text":"","video":"https:\/\/youtu.be\/t4J6WebDGWs","second_image":25244,"product_image_page":"","user_manual":"","new_icon_1":"","new_icon_2":"","new_icon_3":"","new_icon_4":"","grow_guides":"","category":"sustrato"},"yoast_head":"<!-- This site is optimized with the Yoast SEO Premium plugin v27.5 (Yoast SEO v27.5) - https:\/\/yoast.com\/product\/yoast-seo-premium-wordpress\/ -->\n<title>Kilomix \u2013 Sustrato premium para un desarrollo robusto de tus plantas<\/title>\n<meta name=\"description\" content=\"Kilomix es el sustrato ideal para un crecimiento fuerte y saludable. Con una mezcla balanceada de nutrientes, asegura una base s\u00f3lida para tus cultivos. \u00a1Obt\u00e9n el mejor rendimiento en cada cosecha con Kilomix!\" \/>\n<meta name=\"robots\" content=\"index, follow, max-snippet:-1, max-image-preview:large, max-video-preview:-1\" \/>\n<link rel=\"canonical\" href=\"https:\/\/atami.com\/es\/producto\/kilomix\" \/>\n<meta property=\"og:locale\" content=\"es_ES\" \/>\n<meta property=\"og:type\" content=\"article\" \/>\n<meta property=\"og:title\" content=\"Kilomix\" \/>\n<meta property=\"og:description\" content=\"Kilomix es el sustrato ideal para un crecimiento fuerte y saludable. Con una mezcla balanceada de nutrientes, asegura una base s\u00f3lida para tus cultivos. \u00a1Obt\u00e9n el mejor rendimiento en cada cosecha con Kilomix!\" \/>\n<meta property=\"og:url\" content=\"https:\/\/atami.com\/es\/producto\/kilomix\" \/>\n<meta property=\"og:site_name\" content=\"Atami\" \/>\n<meta property=\"article:publisher\" content=\"https:\/\/www.facebook.com\/Atami.International\" \/>\n<meta property=\"article:modified_time\" content=\"2025-11-10T14:30:41+00:00\" \/>\n<meta property=\"og:image\" content=\"https:\/\/atami.com\/wp-content\/uploads\/2023\/02\/Kilomix-Main-Image.webp\" \/>\n\t<meta property=\"og:image:width\" content=\"1080\" \/>\n\t<meta property=\"og:image:height\" content=\"1080\" \/>\n\t<meta property=\"og:image:type\" content=\"image\/webp\" \/>\n<meta name=\"twitter:card\" content=\"summary_large_image\" \/>\n<meta name=\"twitter:site\" content=\"@AtamiEU\" \/>\n<meta name=\"twitter:label1\" content=\"Tiempo de lectura\" \/>\n\t<meta name=\"twitter:data1\" content=\"1 minuto\" \/>\n<script type=\"application\/ld+json\" class=\"yoast-schema-graph\">{\"@context\":\"https:\\\/\\\/schema.org\",\"@graph\":[{\"@type\":\"WebPage\",\"@id\":\"https:\\\/\\\/atami.com\\\/es\\\/producto\\\/kilomix\",\"url\":\"https:\\\/\\\/atami.com\\\/es\\\/producto\\\/kilomix\",\"name\":\"Kilomix \u2013 Sustrato premium para un desarrollo robusto de tus plantas\",\"isPartOf\":{\"@id\":\"https:\\\/\\\/atami.com\\\/es#website\"},\"primaryImageOfPage\":{\"@id\":\"https:\\\/\\\/atami.com\\\/es\\\/producto\\\/kilomix#primaryimage\"},\"image\":{\"@id\":\"https:\\\/\\\/atami.com\\\/es\\\/producto\\\/kilomix#primaryimage\"},\"thumbnailUrl\":\"https:\\\/\\\/atami.com\\\/wp-content\\\/uploads\\\/2023\\\/02\\\/Kilomix-Main-Image.webp\",\"datePublished\":\"2023-02-14T08:22:44+00:00\",\"dateModified\":\"2025-11-10T14:30:41+00:00\",\"description\":\"Kilomix es el sustrato ideal para un crecimiento fuerte y saludable. Con una mezcla balanceada de nutrientes, asegura una base s\u00f3lida para tus cultivos. \u00a1Obt\u00e9n el mejor rendimiento en cada cosecha con Kilomix!\",\"breadcrumb\":{\"@id\":\"https:\\\/\\\/atami.com\\\/es\\\/producto\\\/kilomix#breadcrumb\"},\"inLanguage\":\"es\",\"potentialAction\":[{\"@type\":\"ReadAction\",\"target\":[\"https:\\\/\\\/atami.com\\\/es\\\/producto\\\/kilomix\"]}]},{\"@type\":\"ImageObject\",\"inLanguage\":\"es\",\"@id\":\"https:\\\/\\\/atami.com\\\/es\\\/producto\\\/kilomix#primaryimage\",\"url\":\"https:\\\/\\\/atami.com\\\/wp-content\\\/uploads\\\/2023\\\/02\\\/Kilomix-Main-Image.webp\",\"contentUrl\":\"https:\\\/\\\/atami.com\\\/wp-content\\\/uploads\\\/2023\\\/02\\\/Kilomix-Main-Image.webp\",\"width\":1080,\"height\":1080,\"caption\":\"Kilomix proporciona una base rica en nutrientes, lo que garantiza un desarrollo robusto de las plantas y cosechas abundantes.\"},{\"@type\":\"BreadcrumbList\",\"@id\":\"https:\\\/\\\/atami.com\\\/es\\\/producto\\\/kilomix#breadcrumb\",\"itemListElement\":[{\"@type\":\"ListItem\",\"position\":1,\"name\":\"Home\",\"item\":\"https:\\\/\\\/atami.com\\\/es\"},{\"@type\":\"ListItem\",\"position\":2,\"name\":\"Productos\",\"item\":\"https:\\\/\\\/atami.com\\\/es\\\/shop\"},{\"@type\":\"ListItem\",\"position\":3,\"name\":\"Marcas\",\"item\":\"https:\\\/\\\/atami.com\\\/es\\\/categoria-producto\\\/marcas\"},{\"@type\":\"ListItem\",\"position\":4,\"name\":\"sustratos Atami\",\"item\":\"https:\\\/\\\/atami.com\\\/es\\\/categoria-producto\\\/marcas\\\/sustratos-atami\"},{\"@type\":\"ListItem\",\"position\":5,\"name\":\"Kilomix\"}]},{\"@type\":\"WebSite\",\"@id\":\"https:\\\/\\\/atami.com\\\/es#website\",\"url\":\"https:\\\/\\\/atami.com\\\/es\",\"name\":\"Atami\",\"description\":\"NATURALLY INNOVATING!\",\"publisher\":{\"@id\":\"https:\\\/\\\/atami.com\\\/es#organization\"},\"potentialAction\":[{\"@type\":\"SearchAction\",\"target\":{\"@type\":\"EntryPoint\",\"urlTemplate\":\"https:\\\/\\\/atami.com\\\/es?s={search_term_string}\"},\"query-input\":{\"@type\":\"PropertyValueSpecification\",\"valueRequired\":true,\"valueName\":\"search_term_string\"}}],\"inLanguage\":\"es\"},{\"@type\":\"Organization\",\"@id\":\"https:\\\/\\\/atami.com\\\/es#organization\",\"name\":\"Atami\",\"url\":\"https:\\\/\\\/atami.com\\\/es\",\"logo\":{\"@type\":\"ImageObject\",\"inLanguage\":\"es\",\"@id\":\"https:\\\/\\\/atami.com\\\/es#\\\/schema\\\/logo\\\/image\\\/\",\"url\":\"https:\\\/\\\/atami.com\\\/wp-content\\\/uploads\\\/2026\\\/01\\\/Atami-logo-696x696px.webp\",\"contentUrl\":\"https:\\\/\\\/atami.com\\\/wp-content\\\/uploads\\\/2026\\\/01\\\/Atami-logo-696x696px.webp\",\"width\":696,\"height\":696,\"caption\":\"Atami\"},\"image\":{\"@id\":\"https:\\\/\\\/atami.com\\\/es#\\\/schema\\\/logo\\\/image\\\/\"},\"sameAs\":[\"https:\\\/\\\/www.facebook.com\\\/Atami.International\",\"https:\\\/\\\/x.com\\\/AtamiEU\",\"https:\\\/\\\/www.youtube.com\\\/c\\\/AtamiInternational\",\"https:\\\/\\\/www.instagram.com\\\/atami.international\\\/\"],\"description\":\"ATAMI is a premium plant nutrition & substrate brand founded in 1997 with the mission to make exceptional cultivation achievable for everyone. From legacy to license, we offer a wide variety of innovating award-winning products to let cultivators achieve maximum results in taste & yield.\",\"email\":\"info@mginnovations.es\",\"legalName\":\"Atami\",\"numberOfEmployees\":{\"@type\":\"QuantitativeValue\",\"minValue\":\"11\",\"maxValue\":\"50\"}}]}<\/script>\n<!-- \/ Yoast SEO Premium plugin. -->","yoast_head_json":{"title":"Kilomix \u2013 Sustrato premium para un desarrollo robusto de tus plantas","description":"Kilomix es el sustrato ideal para un crecimiento fuerte y saludable. Con una mezcla balanceada de nutrientes, asegura una base s\u00f3lida para tus cultivos. \u00a1Obt\u00e9n el mejor rendimiento en cada cosecha con Kilomix!","robots":{"index":"index","follow":"follow","max-snippet":"max-snippet:-1","max-image-preview":"max-image-preview:large","max-video-preview":"max-video-preview:-1"},"canonical":"https:\/\/atami.com\/es\/producto\/kilomix","og_locale":"es_ES","og_type":"article","og_title":"Kilomix","og_description":"Kilomix es el sustrato ideal para un crecimiento fuerte y saludable. Con una mezcla balanceada de nutrientes, asegura una base s\u00f3lida para tus cultivos. \u00a1Obt\u00e9n el mejor rendimiento en cada cosecha con Kilomix!","og_url":"https:\/\/atami.com\/es\/producto\/kilomix","og_site_name":"Atami","article_publisher":"https:\/\/www.facebook.com\/Atami.International","article_modified_time":"2025-11-10T14:30:41+00:00","og_image":[{"width":1080,"height":1080,"url":"https:\/\/atami.com\/wp-content\/uploads\/2023\/02\/Kilomix-Main-Image.webp","type":"image\/webp"}],"twitter_card":"summary_large_image","twitter_site":"@AtamiEU","twitter_misc":{"Tiempo de lectura":"1 minuto"},"schema":{"@context":"https:\/\/schema.org","@graph":[{"@type":"WebPage","@id":"https:\/\/atami.com\/es\/producto\/kilomix","url":"https:\/\/atami.com\/es\/producto\/kilomix","name":"Kilomix \u2013 Sustrato premium para un desarrollo robusto de tus plantas","isPartOf":{"@id":"https:\/\/atami.com\/es#website"},"primaryImageOfPage":{"@id":"https:\/\/atami.com\/es\/producto\/kilomix#primaryimage"},"image":{"@id":"https:\/\/atami.com\/es\/producto\/kilomix#primaryimage"},"thumbnailUrl":"https:\/\/atami.com\/wp-content\/uploads\/2023\/02\/Kilomix-Main-Image.webp","datePublished":"2023-02-14T08:22:44+00:00","dateModified":"2025-11-10T14:30:41+00:00","description":"Kilomix es el sustrato ideal para un crecimiento fuerte y saludable. Con una mezcla balanceada de nutrientes, asegura una base s\u00f3lida para tus cultivos. \u00a1Obt\u00e9n el mejor rendimiento en cada cosecha con Kilomix!","breadcrumb":{"@id":"https:\/\/atami.com\/es\/producto\/kilomix#breadcrumb"},"inLanguage":"es","potentialAction":[{"@type":"ReadAction","target":["https:\/\/atami.com\/es\/producto\/kilomix"]}]},{"@type":"ImageObject","inLanguage":"es","@id":"https:\/\/atami.com\/es\/producto\/kilomix#primaryimage","url":"https:\/\/atami.com\/wp-content\/uploads\/2023\/02\/Kilomix-Main-Image.webp","contentUrl":"https:\/\/atami.com\/wp-content\/uploads\/2023\/02\/Kilomix-Main-Image.webp","width":1080,"height":1080,"caption":"Kilomix proporciona una base rica en nutrientes, lo que garantiza un desarrollo robusto de las plantas y cosechas abundantes."},{"@type":"BreadcrumbList","@id":"https:\/\/atami.com\/es\/producto\/kilomix#breadcrumb","itemListElement":[{"@type":"ListItem","position":1,"name":"Home","item":"https:\/\/atami.com\/es"},{"@type":"ListItem","position":2,"name":"Productos","item":"https:\/\/atami.com\/es\/shop"},{"@type":"ListItem","position":3,"name":"Marcas","item":"https:\/\/atami.com\/es\/categoria-producto\/marcas"},{"@type":"ListItem","position":4,"name":"sustratos Atami","item":"https:\/\/atami.com\/es\/categoria-producto\/marcas\/sustratos-atami"},{"@type":"ListItem","position":5,"name":"Kilomix"}]},{"@type":"WebSite","@id":"https:\/\/atami.com\/es#website","url":"https:\/\/atami.com\/es","name":"Atami","description":"NATURALLY INNOVATING!","publisher":{"@id":"https:\/\/atami.com\/es#organization"},"potentialAction":[{"@type":"SearchAction","target":{"@type":"EntryPoint","urlTemplate":"https:\/\/atami.com\/es?s={search_term_string}"},"query-input":{"@type":"PropertyValueSpecification","valueRequired":true,"valueName":"search_term_string"}}],"inLanguage":"es"},{"@type":"Organization","@id":"https:\/\/atami.com\/es#organization","name":"Atami","url":"https:\/\/atami.com\/es","logo":{"@type":"ImageObject","inLanguage":"es","@id":"https:\/\/atami.com\/es#\/schema\/logo\/image\/","url":"https:\/\/atami.com\/wp-content\/uploads\/2026\/01\/Atami-logo-696x696px.webp","contentUrl":"https:\/\/atami.com\/wp-content\/uploads\/2026\/01\/Atami-logo-696x696px.webp","width":696,"height":696,"caption":"Atami"},"image":{"@id":"https:\/\/atami.com\/es#\/schema\/logo\/image\/"},"sameAs":["https:\/\/www.facebook.com\/Atami.International","https:\/\/x.com\/AtamiEU","https:\/\/www.youtube.com\/c\/AtamiInternational","https:\/\/www.instagram.com\/atami.international\/"],"description":"ATAMI is a premium plant nutrition & substrate brand founded in 1997 with the mission to make exceptional cultivation achievable for everyone. From legacy to license, we offer a wide variety of innovating award-winning products to let cultivators achieve maximum results in taste & yield.","email":"info@mginnovations.es","legalName":"Atami","numberOfEmployees":{"@type":"QuantitativeValue","minValue":"11","maxValue":"50"}}]}},"_links":{"self":[{"href":"https:\/\/atami.com\/es\/wp-json\/wp\/v2\/product\/22400","targetHints":{"allow":["GET"]}}],"collection":[{"href":"https:\/\/atami.com\/es\/wp-json\/wp\/v2\/product"}],"about":[{"href":"https:\/\/atami.com\/es\/wp-json\/wp\/v2\/types\/product"}],"replies":[{"embeddable":true,"href":"https:\/\/atami.com\/es\/wp-json\/wp\/v2\/comments?post=22400"}],"wp:featuredmedia":[{"embeddable":true,"href":"https:\/\/atami.com\/es\/wp-json\/wp\/v2\/media\/25229"}],"wp:attachment":[{"href":"https:\/\/atami.com\/es\/wp-json\/wp\/v2\/media?parent=22400"}],"wp:term":[{"taxonomy":"product_brand","embeddable":true,"href":"https:\/\/atami.com\/es\/wp-json\/wp\/v2\/product_brand?post=22400"},{"taxonomy":"product_cat","embeddable":true,"href":"https:\/\/atami.com\/es\/wp-json\/wp\/v2\/product_cat?post=22400"},{"taxonomy":"product_tag","embeddable":true,"href":"https:\/\/atami.com\/es\/wp-json\/wp\/v2\/product_tag?post=22400"}],"curies":[{"name":"wp","href":"https:\/\/api.w.org\/{rel}","templated":true}]}}