{"id":22393,"date":"2023-02-13T12:36:42","date_gmt":"2023-02-13T12:36:42","guid":{"rendered":"https:\/\/atami.com\/product\/rokzbastic\/"},"modified":"2025-11-10T15:32:52","modified_gmt":"2025-11-10T13:32:52","slug":"rokzbastic","status":"publish","type":"product","link":"https:\/\/atami.com\/es\/producto\/rokzbastic","title":{"rendered":"Rokzbastic"},"content":{"rendered":"<p><strong>Rokzbastic es el potenciador de floraci\u00f3n ideal para conseguir resultados s\u00f3lidos como una roca. Gracias a su valor PK de 10-20, \u00fanico en comparaci\u00f3n con otros productos l\u00edquidos de floraci\u00f3n del mercado, obtendr\u00e1s flores y frutos m\u00e1s firmes, pesados y compactos.<\/strong><\/p>\n<p>&nbsp;<\/p>\n<p>Rokzbastic tiene una relaci\u00f3n de P:K de 1:2. Esta elevada concentraci\u00f3n de potasio favorece especialmente a las plantas con fases de floraci\u00f3n y maduraci\u00f3n largas. As\u00ed, su valor de PK 10-20 es la clave para producir flores y frutos m\u00e1s densos y firmes. Adem\u00e1s, Rokzbastic est\u00e1 enriquecido con un 1% de hierro y otros elementos esenciales para favorecer muchos procesos vitales de la planta.<\/p>\n<p>&nbsp;<\/p>\n<p>Y al igual que su compa\u00f1ero <a href=\"https:\/\/atami.com\/es\/producto\/bloombastic\/\"><strong>Bloombastic<\/strong><\/a>, Rokzbastic, apenas contiene sustancias lastre (sodio y cloro) en su composici\u00f3n.<\/p>\n<p>&nbsp;<\/p>\n<p><strong>APTO PARA<\/strong><\/p>\n<p>Rokzbastic es un nutriente universal adecuado para diferentes tipos de hortalizas y frutas, y est\u00e1 especialmente desarrollado para satisfacer las necesidades de plantas con largos periodos de floraci\u00f3n y maduraci\u00f3n o elevados requerimientos de potasio, como pimientos, guindillas, c\u00edtricos o tomates.<\/p>\n<p>&nbsp;<\/p>\n<p>Tambi\u00e9n puede utilizarse para plantas ornamentales con flores grandes (por ejemplo, hibiscos, rosas u orqu\u00eddeas). Los cultivadores experimentados pueden medir la dosis necesaria por planta, bas\u00e1ndose en los valores NPK. Adecuado para el cultivo en hidropon\u00eda, coco y tierra, as\u00ed como para sistemas de riego manuales y autom\u00e1ticos.<\/p>\n<p>&nbsp;<\/p>\n<p><strong>APLICACI\u00d3N<\/strong><\/p>\n<p>Aplicar en las \u00faltimas 4 a 6 semanas de floraci\u00f3n durante toda la fase de fructificaci\u00f3n y maduraci\u00f3n junto con los nutrientes b\u00e1sicos. Puede utilizarse en combinaci\u00f3n con <a href=\"https:\/\/atami.com\/es\/producto\/bloombastic\/\"><strong>Bloombastic<\/strong><\/a> para exagerar a\u00fan m\u00e1s el efecto estimulante durante la fase de floraci\u00f3n, aumentar el rendimiento y el peso de la cosecha, as\u00ed como potenciar los sabores y aromas naturales.<\/p>\n<p>&nbsp;<\/p>\n<p>Utilizar justo despu\u00e9s de<strong> <a href=\"https:\/\/atami.com\/es\/producto\/bloombastic\/\">Bloombastic<\/a><\/strong> para maximizar los efectos de ambos productos. Al combinar productos con altos valores de PK, siempre preste atenci\u00f3n al valor de la EC de su soluci\u00f3n nutritiva, ya que existe la posibilidad de sobrefertilizaci\u00f3n.<\/p>\n<p>&nbsp;<\/p>\n<p><strong>DOSIFICACI\u00d3N<\/strong><\/p>\n<p>0,5 \u2013 1 ml por litro de agua. Aumenta el valor de EC en tu soluci\u00f3n nutritiva b\u00e1sica.<\/p>\n<p>&nbsp;<\/p>\n<p><strong>PK 10-20 W\/W<\/strong><\/p>\n<p>&nbsp;<\/p>\n<p><strong>DISPONIBLE EN 50 ML, 100 ML, 325 ML, 1250 ML, 5,5 L, 10 L<\/strong><\/p>\n","protected":false},"excerpt":{"rendered":"<p>Aditivo de acabado de la floraci\u00f3n<\/p>\n","protected":false},"featured_media":202137,"comment_status":"closed","ping_status":"closed","template":"","meta":{"_acf_changed":false,"iawp_total_views":1776},"product_brand":[],"product_cat":[222,217],"product_tag":[],"class_list":{"0":"post-22393","1":"product","2":"type-product","3":"status-publish","4":"has-post-thumbnail","6":"product_cat-aditivos","7":"product_cat-bastics","9":"first","10":"instock","11":"shipping-taxable","12":"product-type-simple"},"acf":{"short_description":"<p><strong>Rokzbastic es el potenciador de floraci\u00f3n ideal para conseguir resultados s\u00f3lidos como una roca. Gracias a su valor PK de 10-20, \u00fanico en comparaci\u00f3n con otros productos l\u00edquidos de floraci\u00f3n del mercado, obtendr\u00e1s flores y frutos m\u00e1s firmes, pesados y compactos.<\/strong><\/p><p>&nbsp;<\/p><p>Rokzbastic tiene una relaci\u00f3n de P:K de 1:2. Esta elevada concentraci\u00f3n de potasio favorece especialmente a las plantas con fases de floraci\u00f3n y maduraci\u00f3n largas. As\u00ed, su valor de PK 10-20 es la clave para producir flores y frutos m\u00e1s densos y firmes. Adem\u00e1s, Rokzbastic est\u00e1 enriquecido con un 1% de hierro y otros elementos esenciales para favorecer muchos procesos vitales de la planta.<\/p><p>&nbsp;<\/p><p>Y al igual que su compa\u00f1ero <a href=\"https:\/\/atami.com\/es\/producto\/bloombastic\"><strong>Bloombastic<\/strong><\/a>, Rokzbastic, apenas contiene sustancias lastre (sodio y cloro) en su composici\u00f3n.<\/p>","suitable_for":"<p>Rokzbastic es un nutriente universal adecuado para diferentes tipos de hortalizas y frutas, y est\u00e1 especialmente desarrollado para satisfacer las necesidades de plantas con largos periodos de floraci\u00f3n y maduraci\u00f3n o elevados requerimientos de potasio, como pimientos, guindillas, c\u00edtricos o tomates.<\/p><p>&nbsp;<\/p><p>Tambi\u00e9n puede utilizarse para plantas ornamentales con flores grandes (por ejemplo, hibiscos, rosas u orqu\u00eddeas). Los cultivadores experimentados pueden medir la dosis necesaria por planta, bas\u00e1ndose en los valores NPK. Adecuado para el cultivo en hidropon\u00eda, coco y tierra, as\u00ed como para sistemas de riego manuales y autom\u00e1ticos.<\/p>","application":"<p>Aplicar en las \u00faltimas 4 a 6 semanas de floraci\u00f3n durante toda la fase de fructificaci\u00f3n y maduraci\u00f3n junto con los nutrientes b\u00e1sicos. Puede utilizarse en combinaci\u00f3n con <a href=\"https:\/\/atami.com\/es\/producto\/bloombastic\"><strong>Bloombastic<\/strong><\/a> para exagerar a\u00fan m\u00e1s el efecto estimulante durante la fase de floraci\u00f3n, aumentar el rendimiento y el peso de la cosecha, as\u00ed como potenciar los sabores y aromas naturales.<\/p><p>&nbsp;<\/p><p>Utilizar justo despu\u00e9s de<strong> <a href=\"https:\/\/atami.com\/es\/producto\/bloombastic\">Bloombastic<\/a><\/strong> para maximizar los efectos de ambos productos. Al combinar productos con altos valores de PK, siempre preste atenci\u00f3n al valor de la EC de su soluci\u00f3n nutritiva, ya que existe la posibilidad de sobrefertilizaci\u00f3n.<\/p>","dosage":"<p>0,5 \u2013 1 ml por litro de agua. Aumenta el valor de EC en tu soluci\u00f3n nutritiva b\u00e1sica.<\/p>","npk_ratio":"<p>PK 10-20 W\/W<\/p>","available_in":"<p>50 ML, 100 ML, 325 ML, 1250 ML, 5,5 L, 10 L<\/p>","icon_1":588,"icon_1_text":"Su PK 10-20 ES \u00daNICO en comparaci\u00f3n con otros productos l\u00edquidos de floraci\u00f3n del mercado","icon_2":21404,"icon_2_text":"\u00a1No importa el medio en el que cultives, Rokzbastic garantiza resultados s\u00f3lidos como una roca! ","icon_3":21419,"icon_3_text":"Su ratio de P:K es 1:2. La proporci\u00f3n de potasio es el doble que la de f\u00f3sforo lo que asegura que tus flores y frutos sean m\u00e1s firmes","icon_4":600,"icon_4_text":"Dosis m\u00ednima, grandes resultados","video":"","second_image":21374,"product_image_page":25184,"user_manual":"","new_icon_1":196798,"new_icon_2":196858,"new_icon_3":196873,"new_icon_4":196843,"grow_guides":"","category":"Aditivo"},"yoast_head":"<!-- This site is optimized with the Yoast SEO Premium plugin v27.5 (Yoast SEO v27.5) - https:\/\/yoast.com\/product\/yoast-seo-premium-wordpress\/ -->\n<title>Rokzbastic de Atami \u2013 M\u00e1xima potencia en la fase de floraci\u00f3n<\/title>\n<meta name=\"description\" content=\"Aumenta el tama\u00f1o y la densidad de tus flores con Rokzbastic de Atami. El aditivo ideal para cultivadores exigentes que buscan cosechas explosivas y de alta calidad.\" \/>\n<meta name=\"robots\" content=\"index, follow, max-snippet:-1, max-image-preview:large, max-video-preview:-1\" \/>\n<link rel=\"canonical\" href=\"https:\/\/atami.com\/es\/producto\/rokzbastic\" \/>\n<meta property=\"og:locale\" content=\"es_ES\" \/>\n<meta property=\"og:type\" content=\"article\" \/>\n<meta property=\"og:title\" content=\"Rokzbastic\" \/>\n<meta property=\"og:description\" content=\"Aumenta el tama\u00f1o y la densidad de tus flores con Rokzbastic de Atami. El aditivo ideal para cultivadores exigentes que buscan cosechas explosivas y de alta calidad.\" \/>\n<meta property=\"og:url\" content=\"https:\/\/atami.com\/es\/producto\/rokzbastic\" \/>\n<meta property=\"og:site_name\" content=\"Atami\" \/>\n<meta property=\"article:publisher\" content=\"https:\/\/www.facebook.com\/Atami.International\" \/>\n<meta property=\"article:modified_time\" content=\"2025-11-10T13:32:52+00:00\" \/>\n<meta property=\"og:image\" content=\"https:\/\/atami.com\/wp-content\/uploads\/2023\/02\/Rokzbastic-product-image.webp\" \/>\n\t<meta property=\"og:image:width\" content=\"1080\" \/>\n\t<meta property=\"og:image:height\" content=\"1080\" \/>\n\t<meta property=\"og:image:type\" content=\"image\/webp\" \/>\n<meta name=\"twitter:card\" content=\"summary_large_image\" \/>\n<meta name=\"twitter:site\" content=\"@AtamiEU\" \/>\n<meta name=\"twitter:label1\" content=\"Tiempo de lectura\" \/>\n\t<meta name=\"twitter:data1\" content=\"2 minutos\" \/>\n<script type=\"application\/ld+json\" class=\"yoast-schema-graph\">{\"@context\":\"https:\\\/\\\/schema.org\",\"@graph\":[{\"@type\":\"WebPage\",\"@id\":\"https:\\\/\\\/atami.com\\\/es\\\/producto\\\/rokzbastic\",\"url\":\"https:\\\/\\\/atami.com\\\/es\\\/producto\\\/rokzbastic\",\"name\":\"Rokzbastic de Atami \u2013 M\u00e1xima potencia en la fase de floraci\u00f3n\",\"isPartOf\":{\"@id\":\"https:\\\/\\\/atami.com\\\/es#website\"},\"primaryImageOfPage\":{\"@id\":\"https:\\\/\\\/atami.com\\\/es\\\/producto\\\/rokzbastic#primaryimage\"},\"image\":{\"@id\":\"https:\\\/\\\/atami.com\\\/es\\\/producto\\\/rokzbastic#primaryimage\"},\"thumbnailUrl\":\"https:\\\/\\\/atami.com\\\/wp-content\\\/uploads\\\/2023\\\/02\\\/Rokzbastic-product-image.webp\",\"datePublished\":\"2023-02-13T12:36:42+00:00\",\"dateModified\":\"2025-11-10T13:32:52+00:00\",\"description\":\"Aumenta el tama\u00f1o y la densidad de tus flores con Rokzbastic de Atami. El aditivo ideal para cultivadores exigentes que buscan cosechas explosivas y de alta calidad.\",\"breadcrumb\":{\"@id\":\"https:\\\/\\\/atami.com\\\/es\\\/producto\\\/rokzbastic#breadcrumb\"},\"inLanguage\":\"es\",\"potentialAction\":[{\"@type\":\"ReadAction\",\"target\":[\"https:\\\/\\\/atami.com\\\/es\\\/producto\\\/rokzbastic\"]}]},{\"@type\":\"ImageObject\",\"inLanguage\":\"es\",\"@id\":\"https:\\\/\\\/atami.com\\\/es\\\/producto\\\/rokzbastic#primaryimage\",\"url\":\"https:\\\/\\\/atami.com\\\/wp-content\\\/uploads\\\/2023\\\/02\\\/Rokzbastic-product-image.webp\",\"contentUrl\":\"https:\\\/\\\/atami.com\\\/wp-content\\\/uploads\\\/2023\\\/02\\\/Rokzbastic-product-image.webp\",\"width\":1080,\"height\":1080,\"caption\":\"Rokzbastic\"},{\"@type\":\"BreadcrumbList\",\"@id\":\"https:\\\/\\\/atami.com\\\/es\\\/producto\\\/rokzbastic#breadcrumb\",\"itemListElement\":[{\"@type\":\"ListItem\",\"position\":1,\"name\":\"Home\",\"item\":\"https:\\\/\\\/atami.com\\\/es\"},{\"@type\":\"ListItem\",\"position\":2,\"name\":\"Productos\",\"item\":\"https:\\\/\\\/atami.com\\\/es\\\/shop\"},{\"@type\":\"ListItem\",\"position\":3,\"name\":\"Marcas\",\"item\":\"https:\\\/\\\/atami.com\\\/es\\\/categoria-producto\\\/marcas\"},{\"@type\":\"ListItem\",\"position\":4,\"name\":\"Bastics\",\"item\":\"https:\\\/\\\/atami.com\\\/es\\\/categoria-producto\\\/marcas\\\/bastics\"},{\"@type\":\"ListItem\",\"position\":5,\"name\":\"Rokzbastic\"}]},{\"@type\":\"WebSite\",\"@id\":\"https:\\\/\\\/atami.com\\\/es#website\",\"url\":\"https:\\\/\\\/atami.com\\\/es\",\"name\":\"Atami\",\"description\":\"NATURALLY INNOVATING!\",\"publisher\":{\"@id\":\"https:\\\/\\\/atami.com\\\/es#organization\"},\"potentialAction\":[{\"@type\":\"SearchAction\",\"target\":{\"@type\":\"EntryPoint\",\"urlTemplate\":\"https:\\\/\\\/atami.com\\\/es?s={search_term_string}\"},\"query-input\":{\"@type\":\"PropertyValueSpecification\",\"valueRequired\":true,\"valueName\":\"search_term_string\"}}],\"inLanguage\":\"es\"},{\"@type\":\"Organization\",\"@id\":\"https:\\\/\\\/atami.com\\\/es#organization\",\"name\":\"Atami\",\"url\":\"https:\\\/\\\/atami.com\\\/es\",\"logo\":{\"@type\":\"ImageObject\",\"inLanguage\":\"es\",\"@id\":\"https:\\\/\\\/atami.com\\\/es#\\\/schema\\\/logo\\\/image\\\/\",\"url\":\"https:\\\/\\\/atami.com\\\/wp-content\\\/uploads\\\/2026\\\/01\\\/Atami-logo-696x696px.webp\",\"contentUrl\":\"https:\\\/\\\/atami.com\\\/wp-content\\\/uploads\\\/2026\\\/01\\\/Atami-logo-696x696px.webp\",\"width\":696,\"height\":696,\"caption\":\"Atami\"},\"image\":{\"@id\":\"https:\\\/\\\/atami.com\\\/es#\\\/schema\\\/logo\\\/image\\\/\"},\"sameAs\":[\"https:\\\/\\\/www.facebook.com\\\/Atami.International\",\"https:\\\/\\\/x.com\\\/AtamiEU\",\"https:\\\/\\\/www.youtube.com\\\/c\\\/AtamiInternational\",\"https:\\\/\\\/www.instagram.com\\\/atami.international\\\/\"],\"description\":\"ATAMI is a premium plant nutrition & substrate brand founded in 1997 with the mission to make exceptional cultivation achievable for everyone. From legacy to license, we offer a wide variety of innovating award-winning products to let cultivators achieve maximum results in taste & yield.\",\"email\":\"info@mginnovations.es\",\"legalName\":\"Atami\",\"numberOfEmployees\":{\"@type\":\"QuantitativeValue\",\"minValue\":\"11\",\"maxValue\":\"50\"}}]}<\/script>\n<!-- \/ Yoast SEO Premium plugin. -->","yoast_head_json":{"title":"Rokzbastic de Atami \u2013 M\u00e1xima potencia en la fase de floraci\u00f3n","description":"Aumenta el tama\u00f1o y la densidad de tus flores con Rokzbastic de Atami. El aditivo ideal para cultivadores exigentes que buscan cosechas explosivas y de alta calidad.","robots":{"index":"index","follow":"follow","max-snippet":"max-snippet:-1","max-image-preview":"max-image-preview:large","max-video-preview":"max-video-preview:-1"},"canonical":"https:\/\/atami.com\/es\/producto\/rokzbastic","og_locale":"es_ES","og_type":"article","og_title":"Rokzbastic","og_description":"Aumenta el tama\u00f1o y la densidad de tus flores con Rokzbastic de Atami. El aditivo ideal para cultivadores exigentes que buscan cosechas explosivas y de alta calidad.","og_url":"https:\/\/atami.com\/es\/producto\/rokzbastic","og_site_name":"Atami","article_publisher":"https:\/\/www.facebook.com\/Atami.International","article_modified_time":"2025-11-10T13:32:52+00:00","og_image":[{"width":1080,"height":1080,"url":"https:\/\/atami.com\/wp-content\/uploads\/2023\/02\/Rokzbastic-product-image.webp","type":"image\/webp"}],"twitter_card":"summary_large_image","twitter_site":"@AtamiEU","twitter_misc":{"Tiempo de lectura":"2 minutos"},"schema":{"@context":"https:\/\/schema.org","@graph":[{"@type":"WebPage","@id":"https:\/\/atami.com\/es\/producto\/rokzbastic","url":"https:\/\/atami.com\/es\/producto\/rokzbastic","name":"Rokzbastic de Atami \u2013 M\u00e1xima potencia en la fase de floraci\u00f3n","isPartOf":{"@id":"https:\/\/atami.com\/es#website"},"primaryImageOfPage":{"@id":"https:\/\/atami.com\/es\/producto\/rokzbastic#primaryimage"},"image":{"@id":"https:\/\/atami.com\/es\/producto\/rokzbastic#primaryimage"},"thumbnailUrl":"https:\/\/atami.com\/wp-content\/uploads\/2023\/02\/Rokzbastic-product-image.webp","datePublished":"2023-02-13T12:36:42+00:00","dateModified":"2025-11-10T13:32:52+00:00","description":"Aumenta el tama\u00f1o y la densidad de tus flores con Rokzbastic de Atami. El aditivo ideal para cultivadores exigentes que buscan cosechas explosivas y de alta calidad.","breadcrumb":{"@id":"https:\/\/atami.com\/es\/producto\/rokzbastic#breadcrumb"},"inLanguage":"es","potentialAction":[{"@type":"ReadAction","target":["https:\/\/atami.com\/es\/producto\/rokzbastic"]}]},{"@type":"ImageObject","inLanguage":"es","@id":"https:\/\/atami.com\/es\/producto\/rokzbastic#primaryimage","url":"https:\/\/atami.com\/wp-content\/uploads\/2023\/02\/Rokzbastic-product-image.webp","contentUrl":"https:\/\/atami.com\/wp-content\/uploads\/2023\/02\/Rokzbastic-product-image.webp","width":1080,"height":1080,"caption":"Rokzbastic"},{"@type":"BreadcrumbList","@id":"https:\/\/atami.com\/es\/producto\/rokzbastic#breadcrumb","itemListElement":[{"@type":"ListItem","position":1,"name":"Home","item":"https:\/\/atami.com\/es"},{"@type":"ListItem","position":2,"name":"Productos","item":"https:\/\/atami.com\/es\/shop"},{"@type":"ListItem","position":3,"name":"Marcas","item":"https:\/\/atami.com\/es\/categoria-producto\/marcas"},{"@type":"ListItem","position":4,"name":"Bastics","item":"https:\/\/atami.com\/es\/categoria-producto\/marcas\/bastics"},{"@type":"ListItem","position":5,"name":"Rokzbastic"}]},{"@type":"WebSite","@id":"https:\/\/atami.com\/es#website","url":"https:\/\/atami.com\/es","name":"Atami","description":"NATURALLY INNOVATING!","publisher":{"@id":"https:\/\/atami.com\/es#organization"},"potentialAction":[{"@type":"SearchAction","target":{"@type":"EntryPoint","urlTemplate":"https:\/\/atami.com\/es?s={search_term_string}"},"query-input":{"@type":"PropertyValueSpecification","valueRequired":true,"valueName":"search_term_string"}}],"inLanguage":"es"},{"@type":"Organization","@id":"https:\/\/atami.com\/es#organization","name":"Atami","url":"https:\/\/atami.com\/es","logo":{"@type":"ImageObject","inLanguage":"es","@id":"https:\/\/atami.com\/es#\/schema\/logo\/image\/","url":"https:\/\/atami.com\/wp-content\/uploads\/2026\/01\/Atami-logo-696x696px.webp","contentUrl":"https:\/\/atami.com\/wp-content\/uploads\/2026\/01\/Atami-logo-696x696px.webp","width":696,"height":696,"caption":"Atami"},"image":{"@id":"https:\/\/atami.com\/es#\/schema\/logo\/image\/"},"sameAs":["https:\/\/www.facebook.com\/Atami.International","https:\/\/x.com\/AtamiEU","https:\/\/www.youtube.com\/c\/AtamiInternational","https:\/\/www.instagram.com\/atami.international\/"],"description":"ATAMI is a premium plant nutrition & substrate brand founded in 1997 with the mission to make exceptional cultivation achievable for everyone. From legacy to license, we offer a wide variety of innovating award-winning products to let cultivators achieve maximum results in taste & yield.","email":"info@mginnovations.es","legalName":"Atami","numberOfEmployees":{"@type":"QuantitativeValue","minValue":"11","maxValue":"50"}}]}},"_links":{"self":[{"href":"https:\/\/atami.com\/es\/wp-json\/wp\/v2\/product\/22393","targetHints":{"allow":["GET"]}}],"collection":[{"href":"https:\/\/atami.com\/es\/wp-json\/wp\/v2\/product"}],"about":[{"href":"https:\/\/atami.com\/es\/wp-json\/wp\/v2\/types\/product"}],"replies":[{"embeddable":true,"href":"https:\/\/atami.com\/es\/wp-json\/wp\/v2\/comments?post=22393"}],"wp:featuredmedia":[{"embeddable":true,"href":"https:\/\/atami.com\/es\/wp-json\/wp\/v2\/media\/202137"}],"wp:attachment":[{"href":"https:\/\/atami.com\/es\/wp-json\/wp\/v2\/media?parent=22393"}],"wp:term":[{"taxonomy":"product_brand","embeddable":true,"href":"https:\/\/atami.com\/es\/wp-json\/wp\/v2\/product_brand?post=22393"},{"taxonomy":"product_cat","embeddable":true,"href":"https:\/\/atami.com\/es\/wp-json\/wp\/v2\/product_cat?post=22393"},{"taxonomy":"product_tag","embeddable":true,"href":"https:\/\/atami.com\/es\/wp-json\/wp\/v2\/product_tag?post=22393"}],"curies":[{"name":"wp","href":"https:\/\/api.w.org\/{rel}","templated":true}]}}