{"id":22219,"date":"2023-02-13T10:47:47","date_gmt":"2023-02-13T10:47:47","guid":{"rendered":"https:\/\/atami.com\/product\/bcuzz-blossom-builder-liquid\/"},"modified":"2025-11-10T14:41:32","modified_gmt":"2025-11-10T12:41:32","slug":"bcuzz-blossom-builder-liquid","status":"publish","type":"product","link":"https:\/\/atami.com\/es\/producto\/bcuzz-blossom-builder-liquid","title":{"rendered":"B\u2019cuzz Blossom Builder Liquid"},"content":{"rendered":"<p><strong>\u00a1B\u2019cuzz Blossom Builder Liquid es un finalizador como ning\u00fan otro! Se sabe com\u00fanmente que a medida que avanza la fase de floraci\u00f3n, aumenta tambi\u00e9n la necesidad de f\u00f3sforo y de potasio de tus plantas.<\/strong><\/p>\n<p>&nbsp;<\/p>\n<p>B\u2019cuzz Blossom Builder Liquid asegura una mejor estructura del fruto y genera flores y frutos grandes, fuertes, saludables, hermosos y perfumados. Debido a la proporci\u00f3n P:K \u00fanica de 18% y 23%, B\u2019cuzz Blossom Builder Liquid satisface todas las necesidades de tu planta. Adem\u00e1s, el mayor nivel de f\u00f3sforo en comparaci\u00f3n con el potasio mejora el endurecimiento del fruto.<\/p>\n<p>&nbsp;<\/p>\n<p><strong>ESPECIALMENTE APTO PARA<\/strong><br \/>\nDiferentes tipos de verduras y frutas como guindillas y ar\u00e1ndanos. Tambi\u00e9n se puede utilizar para plantas ornamentales con flores (por ejemplo, arbusto de las mariposas Buddleja y amaranto). La dosis requerida se puede medir para satisfacer las necesidades de cualquier planta o cultivo.<\/p>\n<p>&nbsp;<\/p>\n<p><strong>USO<\/strong><br \/>\nEste producto dos en uno se puede utilizar como nutrici\u00f3n y estimulante de floraci\u00f3n, lo que da buenos resultados para los cultivadores. Recomendamos usar B\u2019cuzz Blossom Builder Liquid en combinaci\u00f3n con <span style=\"color: #00ccff;\"><a style=\"color: #00ccff;\" href=\"https:\/\/atami.com\/es\/producto\/bcuzz-bloom-stimulator\/\">B\u2019cuzz Bloom Stimulator<\/a><\/span>. B\u2019cuzz Blossom Builder Liquid funciona con sustratos de tierra, de coco e hidro y se puede utilizar en cualquier sistema de irrigaci\u00f3n.<\/p>\n<p>&nbsp;<\/p>\n<p><strong>DOSIS<\/strong><br \/>\n0,25 \u2013 0,5 ml por litro de agua.<\/p>\n<p>&nbsp;<\/p>\n<p><strong>PK 18-23 W\/W<\/strong><\/p>\n<p>&nbsp;<\/p>\n<p><strong>DISPONIBLE EN 50ML, 100 ML, 250 ML, 1L Y 5L<\/strong><\/p>\n","protected":false},"excerpt":{"rendered":"<p>Finalizador de floraci\u00f3n<\/p>\n<p>Aumenta el rendimiento, el tama\u00f1o de los frutos y las propiedades arom\u00e1ticas<\/p>\n","protected":false},"featured_media":202017,"comment_status":"closed","ping_status":"closed","template":"","meta":{"_acf_changed":false,"iawp_total_views":809},"product_brand":[],"product_cat":[224,218],"product_tag":[],"class_list":{"0":"post-22219","1":"product","2":"type-product","3":"status-publish","4":"has-post-thumbnail","6":"product_cat-bcuzz","7":"product_cat-estimulantes","9":"first","10":"instock","11":"shipping-taxable","12":"product-type-simple"},"acf":{"short_description":"<p><strong>\u00a1B\u2019cuzz Blossom Builder Liquid es un finalizador como ning\u00fan otro! Se sabe com\u00fanmente que a medida que avanza la fase de floraci\u00f3n, aumenta tambi\u00e9n la necesidad de f\u00f3sforo y de potasio de tus plantas.<\/strong><\/p><p>&nbsp;<\/p><p>B\u2019cuzz Blossom Builder Liquid asegura una mejor estructura del fruto y genera flores y frutos grandes, fuertes, saludables, hermosos y perfumados. Debido a la proporci\u00f3n P:K \u00fanica de 18% y 23%, B\u2019cuzz Blossom Builder Liquid satisface todas las necesidades de tu planta. Adem\u00e1s, el mayor nivel de f\u00f3sforo en comparaci\u00f3n con el potasio mejora el endurecimiento del fruto.<\/p>","suitable_for":"<p>Diferentes tipos de verduras y frutas como guindillas y ar\u00e1ndanos. Tambi\u00e9n se puede utilizar para plantas ornamentales con flores (por ejemplo, arbusto de las mariposas Buddleja y amaranto). La dosis requerida se puede medir para satisfacer las necesidades de cualquier planta o cultivo.<\/p>","application":"<p>Este producto dos en uno se puede utilizar como nutrici\u00f3n y estimulante de floraci\u00f3n, lo que da buenos resultados para los cultivadores. Recomendamos usar B\u2019cuzz Blossom Builder Liquid en combinaci\u00f3n con <strong><a href=\"https:\/\/atami.com\/es\/producto\/bcuzz-bloom-stimulator\">B\u2019cuzz Bloom Stimulator<\/a><\/strong>. B\u2019cuzz Blossom Builder Liquid funciona con sustratos de tierra, de coco e hidro y se puede utilizar en cualquier sistema de irrigaci\u00f3n.<\/p>","dosage":"<p>0,25 \u2013 0,5 ml por litro de agua.<\/p>","npk_ratio":"<p>PK 18-23 W\/W<\/p>","available_in":"<p>50ML, 100 ML, 250 ML, 1L Y 5L<\/p>","icon_1":191887,"icon_1_text":"AUMENTA EL RENDIMIENTO Y EL TAMA\u00d1O DE LOS FRUTOS","icon_2":191902,"icon_2_text":"PROPORCI\u00d3N DE PK EXCEPCIONAL","icon_3":191917,"icon_3_text":"AUMENTA EL CONTENIDO EN AZ\u00daCARES Y ACEITES ESENCIALES","icon_4":"","icon_4_text":"","video":"https:\/\/youtu.be\/iPBaMIYbKSc","second_image":1262,"product_image_page":25124,"user_manual":"","new_icon_1":"","new_icon_2":"","new_icon_3":"","new_icon_4":"","grow_guides":"","category":"Estimulador"},"yoast_head":"<!-- This site is optimized with the Yoast SEO Premium plugin v27.4 (Yoast SEO v27.4) - https:\/\/yoast.com\/product\/yoast-seo-premium-wordpress\/ -->\n<title>B&#039;cuzz Blossom Builder Liquid | Mejora la Floraci\u00f3n de tus Plantas<\/title>\n<meta name=\"description\" content=\"Descubre c\u00f3mo B\u2019cuzz Blossom Builder Liquid puede llevar tu cultivo al siguiente nivel. M\u00e1s floraci\u00f3n, mayor densidad y resultados visibles en poco tiempo. Ideal para cultivadores exigentes.\" \/>\n<meta name=\"robots\" content=\"index, follow, max-snippet:-1, max-image-preview:large, max-video-preview:-1\" \/>\n<link rel=\"canonical\" href=\"https:\/\/atami.com\/es\/producto\/bcuzz-blossom-builder-liquid\" \/>\n<meta property=\"og:locale\" content=\"es_ES\" \/>\n<meta property=\"og:type\" content=\"article\" \/>\n<meta property=\"og:title\" content=\"B\u2019cuzz Blossom Builder Liquid\" \/>\n<meta property=\"og:description\" content=\"Descubre c\u00f3mo B\u2019cuzz Blossom Builder Liquid puede llevar tu cultivo al siguiente nivel. M\u00e1s floraci\u00f3n, mayor densidad y resultados visibles en poco tiempo. Ideal para cultivadores exigentes.\" \/>\n<meta property=\"og:url\" content=\"https:\/\/atami.com\/es\/producto\/bcuzz-blossom-builder-liquid\" \/>\n<meta property=\"og:site_name\" content=\"Atami\" \/>\n<meta property=\"article:publisher\" content=\"https:\/\/www.facebook.com\/Atami.International\" \/>\n<meta property=\"article:modified_time\" content=\"2025-11-10T12:41:32+00:00\" \/>\n<meta property=\"og:image\" content=\"https:\/\/atami.com\/wp-content\/uploads\/2023\/02\/Bcuzz-Blossom-Builder-Liquid-product-image.webp\" \/>\n\t<meta property=\"og:image:width\" content=\"1080\" \/>\n\t<meta property=\"og:image:height\" content=\"1080\" \/>\n\t<meta property=\"og:image:type\" content=\"image\/webp\" \/>\n<meta name=\"twitter:card\" content=\"summary_large_image\" \/>\n<meta name=\"twitter:site\" content=\"@AtamiEU\" \/>\n<meta name=\"twitter:label1\" content=\"Tiempo de lectura\" \/>\n\t<meta name=\"twitter:data1\" content=\"2 minutos\" \/>\n<script type=\"application\/ld+json\" class=\"yoast-schema-graph\">{\"@context\":\"https:\\\/\\\/schema.org\",\"@graph\":[{\"@type\":\"WebPage\",\"@id\":\"https:\\\/\\\/atami.com\\\/es\\\/producto\\\/bcuzz-blossom-builder-liquid\",\"url\":\"https:\\\/\\\/atami.com\\\/es\\\/producto\\\/bcuzz-blossom-builder-liquid\",\"name\":\"B'cuzz Blossom Builder Liquid | Mejora la Floraci\u00f3n de tus Plantas\",\"isPartOf\":{\"@id\":\"https:\\\/\\\/atami.com\\\/es#website\"},\"primaryImageOfPage\":{\"@id\":\"https:\\\/\\\/atami.com\\\/es\\\/producto\\\/bcuzz-blossom-builder-liquid#primaryimage\"},\"image\":{\"@id\":\"https:\\\/\\\/atami.com\\\/es\\\/producto\\\/bcuzz-blossom-builder-liquid#primaryimage\"},\"thumbnailUrl\":\"https:\\\/\\\/atami.com\\\/wp-content\\\/uploads\\\/2023\\\/02\\\/Bcuzz-Blossom-Builder-Liquid-product-image.webp\",\"datePublished\":\"2023-02-13T10:47:47+00:00\",\"dateModified\":\"2025-11-10T12:41:32+00:00\",\"description\":\"Descubre c\u00f3mo B\u2019cuzz Blossom Builder Liquid puede llevar tu cultivo al siguiente nivel. M\u00e1s floraci\u00f3n, mayor densidad y resultados visibles en poco tiempo. Ideal para cultivadores exigentes.\",\"breadcrumb\":{\"@id\":\"https:\\\/\\\/atami.com\\\/es\\\/producto\\\/bcuzz-blossom-builder-liquid#breadcrumb\"},\"inLanguage\":\"es\",\"potentialAction\":[{\"@type\":\"ReadAction\",\"target\":[\"https:\\\/\\\/atami.com\\\/es\\\/producto\\\/bcuzz-blossom-builder-liquid\"]}]},{\"@type\":\"ImageObject\",\"inLanguage\":\"es\",\"@id\":\"https:\\\/\\\/atami.com\\\/es\\\/producto\\\/bcuzz-blossom-builder-liquid#primaryimage\",\"url\":\"https:\\\/\\\/atami.com\\\/wp-content\\\/uploads\\\/2023\\\/02\\\/Bcuzz-Blossom-Builder-Liquid-product-image.webp\",\"contentUrl\":\"https:\\\/\\\/atami.com\\\/wp-content\\\/uploads\\\/2023\\\/02\\\/Bcuzz-Blossom-Builder-Liquid-product-image.webp\",\"width\":1080,\"height\":1080,\"caption\":\"B'cuzz Blossom Builder Liquid mejora la estructura de la fruta, creando flores y frutos fuertes, saludables y grandes y fragantes.\"},{\"@type\":\"BreadcrumbList\",\"@id\":\"https:\\\/\\\/atami.com\\\/es\\\/producto\\\/bcuzz-blossom-builder-liquid#breadcrumb\",\"itemListElement\":[{\"@type\":\"ListItem\",\"position\":1,\"name\":\"Home\",\"item\":\"https:\\\/\\\/atami.com\\\/es\"},{\"@type\":\"ListItem\",\"position\":2,\"name\":\"Productos\",\"item\":\"https:\\\/\\\/atami.com\\\/es\\\/shop\"},{\"@type\":\"ListItem\",\"position\":3,\"name\":\"B'cuzz\",\"item\":\"https:\\\/\\\/atami.com\\\/es\\\/categoria-producto\\\/marcas\\\/bcuzz\"},{\"@type\":\"ListItem\",\"position\":4,\"name\":\"B\u2019cuzz Blossom Builder Liquid\"}]},{\"@type\":\"WebSite\",\"@id\":\"https:\\\/\\\/atami.com\\\/es#website\",\"url\":\"https:\\\/\\\/atami.com\\\/es\",\"name\":\"Atami\",\"description\":\"NATURALLY INNOVATING!\",\"publisher\":{\"@id\":\"https:\\\/\\\/atami.com\\\/es#organization\"},\"potentialAction\":[{\"@type\":\"SearchAction\",\"target\":{\"@type\":\"EntryPoint\",\"urlTemplate\":\"https:\\\/\\\/atami.com\\\/es?s={search_term_string}\"},\"query-input\":{\"@type\":\"PropertyValueSpecification\",\"valueRequired\":true,\"valueName\":\"search_term_string\"}}],\"inLanguage\":\"es\"},{\"@type\":\"Organization\",\"@id\":\"https:\\\/\\\/atami.com\\\/es#organization\",\"name\":\"Atami\",\"url\":\"https:\\\/\\\/atami.com\\\/es\",\"logo\":{\"@type\":\"ImageObject\",\"inLanguage\":\"es\",\"@id\":\"https:\\\/\\\/atami.com\\\/es#\\\/schema\\\/logo\\\/image\\\/\",\"url\":\"https:\\\/\\\/atami.com\\\/wp-content\\\/uploads\\\/2026\\\/01\\\/Atami-logo-696x696px.webp\",\"contentUrl\":\"https:\\\/\\\/atami.com\\\/wp-content\\\/uploads\\\/2026\\\/01\\\/Atami-logo-696x696px.webp\",\"width\":696,\"height\":696,\"caption\":\"Atami\"},\"image\":{\"@id\":\"https:\\\/\\\/atami.com\\\/es#\\\/schema\\\/logo\\\/image\\\/\"},\"sameAs\":[\"https:\\\/\\\/www.facebook.com\\\/Atami.International\",\"https:\\\/\\\/x.com\\\/AtamiEU\",\"https:\\\/\\\/www.youtube.com\\\/c\\\/AtamiInternational\",\"https:\\\/\\\/www.instagram.com\\\/atami.international\\\/\"],\"description\":\"ATAMI is a premium plant nutrition & substrate brand founded in 1997 with the mission to make exceptional cultivation achievable for everyone. From legacy to license, we offer a wide variety of innovating award-winning products to let cultivators achieve maximum results in taste & yield.\",\"email\":\"info@mginnovations.es\",\"legalName\":\"Atami\",\"numberOfEmployees\":{\"@type\":\"QuantitativeValue\",\"minValue\":\"11\",\"maxValue\":\"50\"}}]}<\/script>\n<!-- \/ Yoast SEO Premium plugin. -->","yoast_head_json":{"title":"B'cuzz Blossom Builder Liquid | Mejora la Floraci\u00f3n de tus Plantas","description":"Descubre c\u00f3mo B\u2019cuzz Blossom Builder Liquid puede llevar tu cultivo al siguiente nivel. M\u00e1s floraci\u00f3n, mayor densidad y resultados visibles en poco tiempo. Ideal para cultivadores exigentes.","robots":{"index":"index","follow":"follow","max-snippet":"max-snippet:-1","max-image-preview":"max-image-preview:large","max-video-preview":"max-video-preview:-1"},"canonical":"https:\/\/atami.com\/es\/producto\/bcuzz-blossom-builder-liquid","og_locale":"es_ES","og_type":"article","og_title":"B\u2019cuzz Blossom Builder Liquid","og_description":"Descubre c\u00f3mo B\u2019cuzz Blossom Builder Liquid puede llevar tu cultivo al siguiente nivel. M\u00e1s floraci\u00f3n, mayor densidad y resultados visibles en poco tiempo. Ideal para cultivadores exigentes.","og_url":"https:\/\/atami.com\/es\/producto\/bcuzz-blossom-builder-liquid","og_site_name":"Atami","article_publisher":"https:\/\/www.facebook.com\/Atami.International","article_modified_time":"2025-11-10T12:41:32+00:00","og_image":[{"width":1080,"height":1080,"url":"https:\/\/atami.com\/wp-content\/uploads\/2023\/02\/Bcuzz-Blossom-Builder-Liquid-product-image.webp","type":"image\/webp"}],"twitter_card":"summary_large_image","twitter_site":"@AtamiEU","twitter_misc":{"Tiempo de lectura":"2 minutos"},"schema":{"@context":"https:\/\/schema.org","@graph":[{"@type":"WebPage","@id":"https:\/\/atami.com\/es\/producto\/bcuzz-blossom-builder-liquid","url":"https:\/\/atami.com\/es\/producto\/bcuzz-blossom-builder-liquid","name":"B'cuzz Blossom Builder Liquid | Mejora la Floraci\u00f3n de tus Plantas","isPartOf":{"@id":"https:\/\/atami.com\/es#website"},"primaryImageOfPage":{"@id":"https:\/\/atami.com\/es\/producto\/bcuzz-blossom-builder-liquid#primaryimage"},"image":{"@id":"https:\/\/atami.com\/es\/producto\/bcuzz-blossom-builder-liquid#primaryimage"},"thumbnailUrl":"https:\/\/atami.com\/wp-content\/uploads\/2023\/02\/Bcuzz-Blossom-Builder-Liquid-product-image.webp","datePublished":"2023-02-13T10:47:47+00:00","dateModified":"2025-11-10T12:41:32+00:00","description":"Descubre c\u00f3mo B\u2019cuzz Blossom Builder Liquid puede llevar tu cultivo al siguiente nivel. M\u00e1s floraci\u00f3n, mayor densidad y resultados visibles en poco tiempo. Ideal para cultivadores exigentes.","breadcrumb":{"@id":"https:\/\/atami.com\/es\/producto\/bcuzz-blossom-builder-liquid#breadcrumb"},"inLanguage":"es","potentialAction":[{"@type":"ReadAction","target":["https:\/\/atami.com\/es\/producto\/bcuzz-blossom-builder-liquid"]}]},{"@type":"ImageObject","inLanguage":"es","@id":"https:\/\/atami.com\/es\/producto\/bcuzz-blossom-builder-liquid#primaryimage","url":"https:\/\/atami.com\/wp-content\/uploads\/2023\/02\/Bcuzz-Blossom-Builder-Liquid-product-image.webp","contentUrl":"https:\/\/atami.com\/wp-content\/uploads\/2023\/02\/Bcuzz-Blossom-Builder-Liquid-product-image.webp","width":1080,"height":1080,"caption":"B'cuzz Blossom Builder Liquid mejora la estructura de la fruta, creando flores y frutos fuertes, saludables y grandes y fragantes."},{"@type":"BreadcrumbList","@id":"https:\/\/atami.com\/es\/producto\/bcuzz-blossom-builder-liquid#breadcrumb","itemListElement":[{"@type":"ListItem","position":1,"name":"Home","item":"https:\/\/atami.com\/es"},{"@type":"ListItem","position":2,"name":"Productos","item":"https:\/\/atami.com\/es\/shop"},{"@type":"ListItem","position":3,"name":"B'cuzz","item":"https:\/\/atami.com\/es\/categoria-producto\/marcas\/bcuzz"},{"@type":"ListItem","position":4,"name":"B\u2019cuzz Blossom Builder Liquid"}]},{"@type":"WebSite","@id":"https:\/\/atami.com\/es#website","url":"https:\/\/atami.com\/es","name":"Atami","description":"NATURALLY INNOVATING!","publisher":{"@id":"https:\/\/atami.com\/es#organization"},"potentialAction":[{"@type":"SearchAction","target":{"@type":"EntryPoint","urlTemplate":"https:\/\/atami.com\/es?s={search_term_string}"},"query-input":{"@type":"PropertyValueSpecification","valueRequired":true,"valueName":"search_term_string"}}],"inLanguage":"es"},{"@type":"Organization","@id":"https:\/\/atami.com\/es#organization","name":"Atami","url":"https:\/\/atami.com\/es","logo":{"@type":"ImageObject","inLanguage":"es","@id":"https:\/\/atami.com\/es#\/schema\/logo\/image\/","url":"https:\/\/atami.com\/wp-content\/uploads\/2026\/01\/Atami-logo-696x696px.webp","contentUrl":"https:\/\/atami.com\/wp-content\/uploads\/2026\/01\/Atami-logo-696x696px.webp","width":696,"height":696,"caption":"Atami"},"image":{"@id":"https:\/\/atami.com\/es#\/schema\/logo\/image\/"},"sameAs":["https:\/\/www.facebook.com\/Atami.International","https:\/\/x.com\/AtamiEU","https:\/\/www.youtube.com\/c\/AtamiInternational","https:\/\/www.instagram.com\/atami.international\/"],"description":"ATAMI is a premium plant nutrition & substrate brand founded in 1997 with the mission to make exceptional cultivation achievable for everyone. From legacy to license, we offer a wide variety of innovating award-winning products to let cultivators achieve maximum results in taste & yield.","email":"info@mginnovations.es","legalName":"Atami","numberOfEmployees":{"@type":"QuantitativeValue","minValue":"11","maxValue":"50"}}]}},"_links":{"self":[{"href":"https:\/\/atami.com\/es\/wp-json\/wp\/v2\/product\/22219","targetHints":{"allow":["GET"]}}],"collection":[{"href":"https:\/\/atami.com\/es\/wp-json\/wp\/v2\/product"}],"about":[{"href":"https:\/\/atami.com\/es\/wp-json\/wp\/v2\/types\/product"}],"replies":[{"embeddable":true,"href":"https:\/\/atami.com\/es\/wp-json\/wp\/v2\/comments?post=22219"}],"wp:featuredmedia":[{"embeddable":true,"href":"https:\/\/atami.com\/es\/wp-json\/wp\/v2\/media\/202017"}],"wp:attachment":[{"href":"https:\/\/atami.com\/es\/wp-json\/wp\/v2\/media?parent=22219"}],"wp:term":[{"taxonomy":"product_brand","embeddable":true,"href":"https:\/\/atami.com\/es\/wp-json\/wp\/v2\/product_brand?post=22219"},{"taxonomy":"product_cat","embeddable":true,"href":"https:\/\/atami.com\/es\/wp-json\/wp\/v2\/product_cat?post=22219"},{"taxonomy":"product_tag","embeddable":true,"href":"https:\/\/atami.com\/es\/wp-json\/wp\/v2\/product_tag?post=22219"}],"curies":[{"name":"wp","href":"https:\/\/api.w.org\/{rel}","templated":true}]}}