{"id":22215,"date":"2023-02-13T10:18:10","date_gmt":"2023-02-13T10:18:10","guid":{"rendered":"https:\/\/atami.com\/product\/bcuzz-bloom-stimulator\/"},"modified":"2025-11-10T14:41:12","modified_gmt":"2025-11-10T12:41:12","slug":"bcuzz-bloom-stimulator","status":"publish","type":"product","link":"https:\/\/atami.com\/es\/producto\/bcuzz-bloom-stimulator","title":{"rendered":"B\u2019cuzz Bloom Stimulator"},"content":{"rendered":"<p><strong>La fase de floraci\u00f3n es un periodo apasionante del ciclo de vida de la planta durante el cual se reduce el crecimiento vegetativo y comienza el desarrollo reproductivo.<\/strong><\/p>\n<p>&nbsp;<\/p>\n<p>B\u2019cuzz Bloom Stimulator se aplica cuando la planta comienza a formar flores, justo antes de entrar en la fase de floraci\u00f3n. B\u2019cuzz Bloom Stimulator iniciar\u00e1 entonces la fase de floraci\u00f3n y la har\u00e1 m\u00e1s intensa y duradera, lo que permitir\u00e1 una producci\u00f3n explosiva de flores densas y compactas y, en consecuencia, de frutos con aromas y sabores excelentes.<\/p>\n<p>&nbsp;<\/p>\n<p><strong>ESPECIALMENTE APTO PARA<\/strong><br \/>\nDiferentes tipos de verduras y frutas como pimientos, guindillas y berenjenas. Tambi\u00e9n se puede utilizar para plantas ornamentales con flores (por ejemplo, Osteospermum). La dosis requerida se puede medir para satisfacer las necesidades de las plantas o de los cultivos.<\/p>\n<p>&nbsp;<\/p>\n<p><strong>USO<\/strong><br \/>\nA partir de la formaci\u00f3n de la flor, a\u00f1adir diariamente al regar la planta. Tiene un \u00f3ptimo efecto cuando se usa en combinaci\u00f3n con los <span style=\"color: #00ccff;\"><a style=\"color: #00ccff;\" href=\"https:\/\/atami.com\/es\/producto\/bcuzz-boosters-uni\/\">B\u2019cuzz Booster Uni.<\/a><\/span> \u00a1B\u2019cuzz Bloom Stimulator es f\u00e1cil de usar! Puedes combinarlo con pr\u00e1cticamente todos los nutrientes b\u00e1sicos ya que casi no tiene valor NPK. Adem\u00e1s, es altamente concentrado con una tasa de diluci\u00f3n de 1:1.000 de soluci\u00f3n nutritiva.<\/p>\n<p>&nbsp;<\/p>\n<p><strong>DOSIS<\/strong><br \/>\n0,5 \u2013 1 ml por litro de agua.<\/p>\n<p>&nbsp;<\/p>\n<p><strong>DISPONIBLE EN 100ML, 500ML, 1L Y 5L.<\/strong><\/p>\n","protected":false},"excerpt":{"rendered":"<p>Estimulante de floraci\u00f3n<\/p>\n<p>Flores y frutos m\u00e1s densos, firmes y numerosos<\/p>\n","protected":false},"featured_media":202002,"comment_status":"closed","ping_status":"closed","template":"","meta":{"_acf_changed":false,"iawp_total_views":886},"product_brand":[],"product_cat":[224,218],"product_tag":[],"class_list":{"0":"post-22215","1":"product","2":"type-product","3":"status-publish","4":"has-post-thumbnail","6":"product_cat-bcuzz","7":"product_cat-estimulantes","9":"first","10":"instock","11":"shipping-taxable","12":"product-type-simple"},"acf":{"short_description":"<p><strong>La fase de floraci\u00f3n es un periodo apasionante del ciclo de vida de la planta durante el cual se reduce el crecimiento vegetativo y comienza el desarrollo reproductivo.<\/strong><\/p><p>&nbsp;<\/p><p>B\u2019cuzz Bloom Stimulator se aplica cuando la planta comienza a formar flores, justo antes de entrar en la fase de floraci\u00f3n. B\u2019cuzz Bloom Stimulator iniciar\u00e1 entonces la fase de floraci\u00f3n y la har\u00e1 m\u00e1s intensa y duradera, lo que permitir\u00e1 una producci\u00f3n explosiva de flores densas y compactas y, en consecuencia, de frutos con aromas y sabores excelentes.<\/p>","suitable_for":"<p>Diferentes tipos de verduras y frutas como pimientos, guindillas y berenjenas. Tambi\u00e9n se puede utilizar para plantas ornamentales con flores (por ejemplo, Osteospermum). La dosis requerida se puede medir para satisfacer las necesidades de las plantas o de los cultivos.<\/p>","application":"<p>A partir de la formaci\u00f3n de la flor, a\u00f1adir diariamente al regar la planta. Tiene un \u00f3ptimo efecto cuando se usa en combinaci\u00f3n con los <strong><a href=\"https:\/\/atami.com\/es\/producto\/bcuzz-boosters-uni\">B\u2019cuzz Booster Uni.<\/a><\/strong> \u00a1B\u2019cuzz Bloom Stimulator es f\u00e1cil de usar! Puedes combinarlo con pr\u00e1cticamente todos los nutrientes b\u00e1sicos ya que casi no tiene valor NPK. Adem\u00e1s, es altamente concentrado con una tasa de diluci\u00f3n de 1:1.000 de soluci\u00f3n nutritiva.<\/p>","dosage":"<p>0,5 \u2013 1 ml por litro de agua.<\/p>","npk_ratio":"","available_in":"<p>100ML, 500ML, 1L Y 5L<\/p>","icon_1":191351,"icon_1_text":"PER\u00cdODO DE FLORACI\u00d3N M\u00c1S LARGO E INTENSO","icon_2":191812,"icon_2_text":"AROMA Y SABOR EXCELENTES","icon_3":191827,"icon_3_text":"F\u00c1CIL DE COMBINAR CON NUTRIENTES B\u00c1SICOS","icon_4":"","icon_4_text":"","video":"https:\/\/youtu.be\/q50D9XoohNI","second_image":1198,"product_image_page":25064,"user_manual":"","new_icon_1":"","new_icon_2":"","new_icon_3":"","new_icon_4":"","grow_guides":"","category":"Estimulador"},"yoast_head":"<!-- This site is optimized with the Yoast SEO Premium plugin v27.4 (Yoast SEO v27.4) - https:\/\/yoast.com\/product\/yoast-seo-premium-wordpress\/ -->\n<title>B\u2019cuzz Bloom Stimulator: Optimiza tu cultivo y maximiza la cosecha<\/title>\n<meta name=\"description\" content=\"Descubre c\u00f3mo el estimulador de floraci\u00f3n Bcuzz de Atami mejora la calidad y cantidad de tus flores. Aumenta la productividad de tus cultivos con este potente fertilizante y obt\u00e9n resultados impresionantes en cada ciclo.\" \/>\n<meta name=\"robots\" content=\"index, follow, max-snippet:-1, max-image-preview:large, max-video-preview:-1\" \/>\n<link rel=\"canonical\" href=\"https:\/\/atami.com\/es\/producto\/bcuzz-bloom-stimulator\" \/>\n<meta property=\"og:locale\" content=\"es_ES\" \/>\n<meta property=\"og:type\" content=\"article\" \/>\n<meta property=\"og:title\" content=\"B\u2019cuzz Bloom Stimulator\" \/>\n<meta property=\"og:description\" content=\"Descubre c\u00f3mo el estimulador de floraci\u00f3n Bcuzz de Atami mejora la calidad y cantidad de tus flores. Aumenta la productividad de tus cultivos con este potente fertilizante y obt\u00e9n resultados impresionantes en cada ciclo.\" \/>\n<meta property=\"og:url\" content=\"https:\/\/atami.com\/es\/producto\/bcuzz-bloom-stimulator\" \/>\n<meta property=\"og:site_name\" content=\"Atami\" \/>\n<meta property=\"article:publisher\" content=\"https:\/\/www.facebook.com\/Atami.International\" \/>\n<meta property=\"article:modified_time\" content=\"2025-11-10T12:41:12+00:00\" \/>\n<meta property=\"og:image\" content=\"https:\/\/atami.com\/wp-content\/uploads\/2023\/02\/Bcuzz-Bloom-Stimulator-product-image.webp\" \/>\n\t<meta property=\"og:image:width\" content=\"1080\" \/>\n\t<meta property=\"og:image:height\" content=\"1080\" \/>\n\t<meta property=\"og:image:type\" content=\"image\/webp\" \/>\n<meta name=\"twitter:card\" content=\"summary_large_image\" \/>\n<meta name=\"twitter:site\" content=\"@AtamiEU\" \/>\n<meta name=\"twitter:label1\" content=\"Tiempo de lectura\" \/>\n\t<meta name=\"twitter:data1\" content=\"2 minutos\" \/>\n<script type=\"application\/ld+json\" class=\"yoast-schema-graph\">{\"@context\":\"https:\\\/\\\/schema.org\",\"@graph\":[{\"@type\":\"WebPage\",\"@id\":\"https:\\\/\\\/atami.com\\\/es\\\/producto\\\/bcuzz-bloom-stimulator\",\"url\":\"https:\\\/\\\/atami.com\\\/es\\\/producto\\\/bcuzz-bloom-stimulator\",\"name\":\"B\u2019cuzz Bloom Stimulator: Optimiza tu cultivo y maximiza la cosecha\",\"isPartOf\":{\"@id\":\"https:\\\/\\\/atami.com\\\/es#website\"},\"primaryImageOfPage\":{\"@id\":\"https:\\\/\\\/atami.com\\\/es\\\/producto\\\/bcuzz-bloom-stimulator#primaryimage\"},\"image\":{\"@id\":\"https:\\\/\\\/atami.com\\\/es\\\/producto\\\/bcuzz-bloom-stimulator#primaryimage\"},\"thumbnailUrl\":\"https:\\\/\\\/atami.com\\\/wp-content\\\/uploads\\\/2023\\\/02\\\/Bcuzz-Bloom-Stimulator-product-image.webp\",\"datePublished\":\"2023-02-13T10:18:10+00:00\",\"dateModified\":\"2025-11-10T12:41:12+00:00\",\"description\":\"Descubre c\u00f3mo el estimulador de floraci\u00f3n Bcuzz de Atami mejora la calidad y cantidad de tus flores. Aumenta la productividad de tus cultivos con este potente fertilizante y obt\u00e9n resultados impresionantes en cada ciclo.\",\"breadcrumb\":{\"@id\":\"https:\\\/\\\/atami.com\\\/es\\\/producto\\\/bcuzz-bloom-stimulator#breadcrumb\"},\"inLanguage\":\"es\",\"potentialAction\":[{\"@type\":\"ReadAction\",\"target\":[\"https:\\\/\\\/atami.com\\\/es\\\/producto\\\/bcuzz-bloom-stimulator\"]}]},{\"@type\":\"ImageObject\",\"inLanguage\":\"es\",\"@id\":\"https:\\\/\\\/atami.com\\\/es\\\/producto\\\/bcuzz-bloom-stimulator#primaryimage\",\"url\":\"https:\\\/\\\/atami.com\\\/wp-content\\\/uploads\\\/2023\\\/02\\\/Bcuzz-Bloom-Stimulator-product-image.webp\",\"contentUrl\":\"https:\\\/\\\/atami.com\\\/wp-content\\\/uploads\\\/2023\\\/02\\\/Bcuzz-Bloom-Stimulator-product-image.webp\",\"width\":1080,\"height\":1080,\"caption\":\"B'cuzz Bloom Stimulator inicia una fase de floraci\u00f3n intensa y prolongada, lo que da como resultado una producci\u00f3n explosiva de flores gruesas y compactas, que finalmente dan lugar a frutos con un sabor y aroma excepcionales.\"},{\"@type\":\"BreadcrumbList\",\"@id\":\"https:\\\/\\\/atami.com\\\/es\\\/producto\\\/bcuzz-bloom-stimulator#breadcrumb\",\"itemListElement\":[{\"@type\":\"ListItem\",\"position\":1,\"name\":\"Home\",\"item\":\"https:\\\/\\\/atami.com\\\/es\"},{\"@type\":\"ListItem\",\"position\":2,\"name\":\"Productos\",\"item\":\"https:\\\/\\\/atami.com\\\/es\\\/shop\"},{\"@type\":\"ListItem\",\"position\":3,\"name\":\"B'cuzz\",\"item\":\"https:\\\/\\\/atami.com\\\/es\\\/categoria-producto\\\/marcas\\\/bcuzz\"},{\"@type\":\"ListItem\",\"position\":4,\"name\":\"B\u2019cuzz Bloom Stimulator\"}]},{\"@type\":\"WebSite\",\"@id\":\"https:\\\/\\\/atami.com\\\/es#website\",\"url\":\"https:\\\/\\\/atami.com\\\/es\",\"name\":\"Atami\",\"description\":\"NATURALLY INNOVATING!\",\"publisher\":{\"@id\":\"https:\\\/\\\/atami.com\\\/es#organization\"},\"potentialAction\":[{\"@type\":\"SearchAction\",\"target\":{\"@type\":\"EntryPoint\",\"urlTemplate\":\"https:\\\/\\\/atami.com\\\/es?s={search_term_string}\"},\"query-input\":{\"@type\":\"PropertyValueSpecification\",\"valueRequired\":true,\"valueName\":\"search_term_string\"}}],\"inLanguage\":\"es\"},{\"@type\":\"Organization\",\"@id\":\"https:\\\/\\\/atami.com\\\/es#organization\",\"name\":\"Atami\",\"url\":\"https:\\\/\\\/atami.com\\\/es\",\"logo\":{\"@type\":\"ImageObject\",\"inLanguage\":\"es\",\"@id\":\"https:\\\/\\\/atami.com\\\/es#\\\/schema\\\/logo\\\/image\\\/\",\"url\":\"https:\\\/\\\/atami.com\\\/wp-content\\\/uploads\\\/2026\\\/01\\\/Atami-logo-696x696px.webp\",\"contentUrl\":\"https:\\\/\\\/atami.com\\\/wp-content\\\/uploads\\\/2026\\\/01\\\/Atami-logo-696x696px.webp\",\"width\":696,\"height\":696,\"caption\":\"Atami\"},\"image\":{\"@id\":\"https:\\\/\\\/atami.com\\\/es#\\\/schema\\\/logo\\\/image\\\/\"},\"sameAs\":[\"https:\\\/\\\/www.facebook.com\\\/Atami.International\",\"https:\\\/\\\/x.com\\\/AtamiEU\",\"https:\\\/\\\/www.youtube.com\\\/c\\\/AtamiInternational\",\"https:\\\/\\\/www.instagram.com\\\/atami.international\\\/\"],\"description\":\"ATAMI is a premium plant nutrition & substrate brand founded in 1997 with the mission to make exceptional cultivation achievable for everyone. From legacy to license, we offer a wide variety of innovating award-winning products to let cultivators achieve maximum results in taste & yield.\",\"email\":\"info@mginnovations.es\",\"legalName\":\"Atami\",\"numberOfEmployees\":{\"@type\":\"QuantitativeValue\",\"minValue\":\"11\",\"maxValue\":\"50\"}}]}<\/script>\n<!-- \/ Yoast SEO Premium plugin. -->","yoast_head_json":{"title":"B\u2019cuzz Bloom Stimulator: Optimiza tu cultivo y maximiza la cosecha","description":"Descubre c\u00f3mo el estimulador de floraci\u00f3n Bcuzz de Atami mejora la calidad y cantidad de tus flores. Aumenta la productividad de tus cultivos con este potente fertilizante y obt\u00e9n resultados impresionantes en cada ciclo.","robots":{"index":"index","follow":"follow","max-snippet":"max-snippet:-1","max-image-preview":"max-image-preview:large","max-video-preview":"max-video-preview:-1"},"canonical":"https:\/\/atami.com\/es\/producto\/bcuzz-bloom-stimulator","og_locale":"es_ES","og_type":"article","og_title":"B\u2019cuzz Bloom Stimulator","og_description":"Descubre c\u00f3mo el estimulador de floraci\u00f3n Bcuzz de Atami mejora la calidad y cantidad de tus flores. Aumenta la productividad de tus cultivos con este potente fertilizante y obt\u00e9n resultados impresionantes en cada ciclo.","og_url":"https:\/\/atami.com\/es\/producto\/bcuzz-bloom-stimulator","og_site_name":"Atami","article_publisher":"https:\/\/www.facebook.com\/Atami.International","article_modified_time":"2025-11-10T12:41:12+00:00","og_image":[{"width":1080,"height":1080,"url":"https:\/\/atami.com\/wp-content\/uploads\/2023\/02\/Bcuzz-Bloom-Stimulator-product-image.webp","type":"image\/webp"}],"twitter_card":"summary_large_image","twitter_site":"@AtamiEU","twitter_misc":{"Tiempo de lectura":"2 minutos"},"schema":{"@context":"https:\/\/schema.org","@graph":[{"@type":"WebPage","@id":"https:\/\/atami.com\/es\/producto\/bcuzz-bloom-stimulator","url":"https:\/\/atami.com\/es\/producto\/bcuzz-bloom-stimulator","name":"B\u2019cuzz Bloom Stimulator: Optimiza tu cultivo y maximiza la cosecha","isPartOf":{"@id":"https:\/\/atami.com\/es#website"},"primaryImageOfPage":{"@id":"https:\/\/atami.com\/es\/producto\/bcuzz-bloom-stimulator#primaryimage"},"image":{"@id":"https:\/\/atami.com\/es\/producto\/bcuzz-bloom-stimulator#primaryimage"},"thumbnailUrl":"https:\/\/atami.com\/wp-content\/uploads\/2023\/02\/Bcuzz-Bloom-Stimulator-product-image.webp","datePublished":"2023-02-13T10:18:10+00:00","dateModified":"2025-11-10T12:41:12+00:00","description":"Descubre c\u00f3mo el estimulador de floraci\u00f3n Bcuzz de Atami mejora la calidad y cantidad de tus flores. Aumenta la productividad de tus cultivos con este potente fertilizante y obt\u00e9n resultados impresionantes en cada ciclo.","breadcrumb":{"@id":"https:\/\/atami.com\/es\/producto\/bcuzz-bloom-stimulator#breadcrumb"},"inLanguage":"es","potentialAction":[{"@type":"ReadAction","target":["https:\/\/atami.com\/es\/producto\/bcuzz-bloom-stimulator"]}]},{"@type":"ImageObject","inLanguage":"es","@id":"https:\/\/atami.com\/es\/producto\/bcuzz-bloom-stimulator#primaryimage","url":"https:\/\/atami.com\/wp-content\/uploads\/2023\/02\/Bcuzz-Bloom-Stimulator-product-image.webp","contentUrl":"https:\/\/atami.com\/wp-content\/uploads\/2023\/02\/Bcuzz-Bloom-Stimulator-product-image.webp","width":1080,"height":1080,"caption":"B'cuzz Bloom Stimulator inicia una fase de floraci\u00f3n intensa y prolongada, lo que da como resultado una producci\u00f3n explosiva de flores gruesas y compactas, que finalmente dan lugar a frutos con un sabor y aroma excepcionales."},{"@type":"BreadcrumbList","@id":"https:\/\/atami.com\/es\/producto\/bcuzz-bloom-stimulator#breadcrumb","itemListElement":[{"@type":"ListItem","position":1,"name":"Home","item":"https:\/\/atami.com\/es"},{"@type":"ListItem","position":2,"name":"Productos","item":"https:\/\/atami.com\/es\/shop"},{"@type":"ListItem","position":3,"name":"B'cuzz","item":"https:\/\/atami.com\/es\/categoria-producto\/marcas\/bcuzz"},{"@type":"ListItem","position":4,"name":"B\u2019cuzz Bloom Stimulator"}]},{"@type":"WebSite","@id":"https:\/\/atami.com\/es#website","url":"https:\/\/atami.com\/es","name":"Atami","description":"NATURALLY INNOVATING!","publisher":{"@id":"https:\/\/atami.com\/es#organization"},"potentialAction":[{"@type":"SearchAction","target":{"@type":"EntryPoint","urlTemplate":"https:\/\/atami.com\/es?s={search_term_string}"},"query-input":{"@type":"PropertyValueSpecification","valueRequired":true,"valueName":"search_term_string"}}],"inLanguage":"es"},{"@type":"Organization","@id":"https:\/\/atami.com\/es#organization","name":"Atami","url":"https:\/\/atami.com\/es","logo":{"@type":"ImageObject","inLanguage":"es","@id":"https:\/\/atami.com\/es#\/schema\/logo\/image\/","url":"https:\/\/atami.com\/wp-content\/uploads\/2026\/01\/Atami-logo-696x696px.webp","contentUrl":"https:\/\/atami.com\/wp-content\/uploads\/2026\/01\/Atami-logo-696x696px.webp","width":696,"height":696,"caption":"Atami"},"image":{"@id":"https:\/\/atami.com\/es#\/schema\/logo\/image\/"},"sameAs":["https:\/\/www.facebook.com\/Atami.International","https:\/\/x.com\/AtamiEU","https:\/\/www.youtube.com\/c\/AtamiInternational","https:\/\/www.instagram.com\/atami.international\/"],"description":"ATAMI is a premium plant nutrition & substrate brand founded in 1997 with the mission to make exceptional cultivation achievable for everyone. From legacy to license, we offer a wide variety of innovating award-winning products to let cultivators achieve maximum results in taste & yield.","email":"info@mginnovations.es","legalName":"Atami","numberOfEmployees":{"@type":"QuantitativeValue","minValue":"11","maxValue":"50"}}]}},"_links":{"self":[{"href":"https:\/\/atami.com\/es\/wp-json\/wp\/v2\/product\/22215","targetHints":{"allow":["GET"]}}],"collection":[{"href":"https:\/\/atami.com\/es\/wp-json\/wp\/v2\/product"}],"about":[{"href":"https:\/\/atami.com\/es\/wp-json\/wp\/v2\/types\/product"}],"replies":[{"embeddable":true,"href":"https:\/\/atami.com\/es\/wp-json\/wp\/v2\/comments?post=22215"}],"wp:featuredmedia":[{"embeddable":true,"href":"https:\/\/atami.com\/es\/wp-json\/wp\/v2\/media\/202002"}],"wp:attachment":[{"href":"https:\/\/atami.com\/es\/wp-json\/wp\/v2\/media?parent=22215"}],"wp:term":[{"taxonomy":"product_brand","embeddable":true,"href":"https:\/\/atami.com\/es\/wp-json\/wp\/v2\/product_brand?post=22215"},{"taxonomy":"product_cat","embeddable":true,"href":"https:\/\/atami.com\/es\/wp-json\/wp\/v2\/product_cat?post=22215"},{"taxonomy":"product_tag","embeddable":true,"href":"https:\/\/atami.com\/es\/wp-json\/wp\/v2\/product_tag?post=22215"}],"curies":[{"name":"wp","href":"https:\/\/api.w.org\/{rel}","templated":true}]}}