{"id":22213,"date":"2023-02-13T10:05:07","date_gmt":"2023-02-13T10:05:07","guid":{"rendered":"https:\/\/atami.com\/product\/bcuzz-root-stimulator\/"},"modified":"2025-11-10T14:40:52","modified_gmt":"2025-11-10T12:40:52","slug":"bcuzz-root-stimulator","status":"publish","type":"product","link":"https:\/\/atami.com\/es\/producto\/bcuzz-root-stimulator","title":{"rendered":"B\u2019cuzz Root Stimulator"},"content":{"rendered":"<p><strong>B\u2019cuzz Root Stimulator asegura la obtenci\u00f3n de ra\u00edces fuertes para una \u00f3ptima absorci\u00f3n y transporte de agua y nutrientes. Cuantas m\u00e1s ra\u00edces, mayor es la conexi\u00f3n que la planta tiene con la tierra para almacenar y\/o transportar todos los nutrientes para el resto de la planta.<\/strong><\/p>\n<p>&nbsp;<\/p>\n<p>Este estimulante radicular universal mejora el desarrollo y el crecimiento de las ra\u00edces y la resistencia de las plantas a los par\u00e1sitos. Las ra\u00edces sanas anclan la planta en el sustrato, permiti\u00e9ndole soportar flores y frutos mucho m\u00e1s grandes en una etapa posterior. B\u2019cuzz Root Stimulator se compone de \u00e1cidos grasos, amino\u00e1cidos, \u00e1cidos h\u00famicos y extractos vegetales.<\/p>\n<p>&nbsp;<\/p>\n<p><strong>ESPECIALMENTE APTO PARA<\/strong><br \/>\nDiferentes tipos de verduras y frutas como patatas y boniato. Tambi\u00e9n se puede utilizar para plantas ornamentales con flores (por ejemplo, crisantemos, tulipanes, muscari). La dosis requerida se puede medir para satisfacer las necesidades de las plantas o de los cultivos.<\/p>\n<p>&nbsp;<\/p>\n<p><strong>USO<\/strong><br \/>\nA\u00f1adir diariamente al regar la planta en las 2 primeras semanas. Ser\u00e1 reemplazado posteriormente por <span style=\"color: #00ccff;\"><a style=\"color: #00ccff;\" href=\"https:\/\/atami.com\/es\/producto\/bcuzz-boosters-uni\/\">B\u2019cuzz Booster<\/a><\/span> (tierra, hidro o coco).<\/p>\n<p>&nbsp;<\/p>\n<p><strong>DOSIS<\/strong><br \/>\n0,5 \u2013 1 ml por litro de agua.<\/p>\n<p>&nbsp;<\/p>\n<p><strong>DISPONIBLE EN 100ML, 250ML, 500ML, 1L Y 5L.<\/strong><\/p>\n","protected":false},"excerpt":{"rendered":"<p>Estimulante de ra\u00edces<\/p>\n<p>Ra\u00edces m\u00e1s fuertes, sanas y abundantes<\/p>\n","protected":false},"featured_media":202062,"comment_status":"open","ping_status":"closed","template":"","meta":{"_acf_changed":false,"iawp_total_views":458},"product_brand":[],"product_cat":[224,218],"product_tag":[],"class_list":{"0":"post-22213","1":"product","2":"type-product","3":"status-publish","4":"has-post-thumbnail","6":"product_cat-bcuzz","7":"product_cat-estimulantes","9":"first","10":"instock","11":"shipping-taxable","12":"product-type-simple"},"acf":{"short_description":"<p><strong>B\u2019cuzz Root Stimulator asegura la obtenci\u00f3n de ra\u00edces fuertes para una \u00f3ptima absorci\u00f3n y transporte de agua y nutrientes. Cuantas m\u00e1s ra\u00edces, mayor es la conexi\u00f3n que la planta tiene con la tierra para almacenar y\/o transportar todos los nutrientes para el resto de la planta.<\/strong><\/p><p>&nbsp;<\/p><p>Este estimulante radicular universal mejora el desarrollo y el crecimiento de las ra\u00edces y la resistencia de las plantas a los par\u00e1sitos. Las ra\u00edces sanas anclan la planta en el sustrato, permiti\u00e9ndole soportar flores y frutos mucho m\u00e1s grandes en una etapa posterior. B\u2019cuzz Root Stimulator se compone de \u00e1cidos grasos, amino\u00e1cidos, \u00e1cidos h\u00famicos y extractos vegetales.<\/p>","suitable_for":"<p>Diferentes tipos de verduras y frutas como patatas y boniato. Tambi\u00e9n se puede utilizar para plantas ornamentales con flores (por ejemplo, crisantemos, tulipanes, muscari). La dosis requerida se puede medir para satisfacer las necesidades de las plantas o de los cultivos.<\/p>","application":"<p>A\u00f1adir diariamente al regar la planta en las 2 primeras semanas. Ser\u00e1 reemplazado posteriormente por <strong><a href=\"https:\/\/atami.com\/es\/producto\/bcuzz-boosters-uni\">B\u2019cuzz Booster<\/a><\/strong> (tierra, hidro o coco).<\/p>","dosage":"<p>0,5 \u2013 1 ml por litro de agua.<\/p>","npk_ratio":"","available_in":"<p>100ML, 250ML, 500ML, 1L Y 5L<\/p>","icon_1":191321,"icon_1_text":"RA\u00cdCES SALUDABLES","icon_2":191336,"icon_2_text":"MEJOR ABSORCI\u00d3N DE NUTRIENTES","icon_3":191797,"icon_3_text":"MEJOR CRECIMIENTO","icon_4":"","icon_4_text":"","video":"https:\/\/youtu.be\/dHOrC3TjZ84","second_image":"","product_image_page":"","user_manual":"","new_icon_1":"","new_icon_2":"","new_icon_3":"","new_icon_4":"","grow_guides":"","category":"Estimulador"},"yoast_head":"<!-- This site is optimized with the Yoast SEO Premium plugin v27.4 (Yoast SEO v27.4) - https:\/\/yoast.com\/product\/yoast-seo-premium-wordpress\/ -->\n<title>B&#039;cuzz Root Stimulator | Estimulante de Ra\u00edces para un Crecimiento Saludable<\/title>\n<meta name=\"description\" content=\"Fomenta el desarrollo de ra\u00edces robustas con B&#039;cuzz Root Stimulator. Este estimulador de ra\u00edces premium asegura un crecimiento \u00f3ptimo y plantas m\u00e1s saludables. \u00a1Descubre m\u00e1s!\" \/>\n<meta name=\"robots\" content=\"index, follow, max-snippet:-1, max-image-preview:large, max-video-preview:-1\" \/>\n<link rel=\"canonical\" href=\"https:\/\/atami.com\/es\/producto\/bcuzz-root-stimulator\" \/>\n<meta property=\"og:locale\" content=\"es_ES\" \/>\n<meta property=\"og:type\" content=\"article\" \/>\n<meta property=\"og:title\" content=\"B\u2019cuzz Root Stimulator\" \/>\n<meta property=\"og:description\" content=\"Fomenta el desarrollo de ra\u00edces robustas con B&#039;cuzz Root Stimulator. Este estimulador de ra\u00edces premium asegura un crecimiento \u00f3ptimo y plantas m\u00e1s saludables. \u00a1Descubre m\u00e1s!\" \/>\n<meta property=\"og:url\" content=\"https:\/\/atami.com\/es\/producto\/bcuzz-root-stimulator\" \/>\n<meta property=\"og:site_name\" content=\"Atami\" \/>\n<meta property=\"article:publisher\" content=\"https:\/\/www.facebook.com\/Atami.International\" \/>\n<meta property=\"article:modified_time\" content=\"2025-11-10T12:40:52+00:00\" \/>\n<meta property=\"og:image\" content=\"https:\/\/atami.com\/wp-content\/uploads\/2023\/02\/Bcuzz-Root-Stimulator-product-image.webp\" \/>\n\t<meta property=\"og:image:width\" content=\"1080\" \/>\n\t<meta property=\"og:image:height\" content=\"1080\" \/>\n\t<meta property=\"og:image:type\" content=\"image\/webp\" \/>\n<meta name=\"twitter:card\" content=\"summary_large_image\" \/>\n<meta name=\"twitter:site\" content=\"@AtamiEU\" \/>\n<meta name=\"twitter:label1\" content=\"Tiempo de lectura\" \/>\n\t<meta name=\"twitter:data1\" content=\"2 minutos\" \/>\n<script type=\"application\/ld+json\" class=\"yoast-schema-graph\">{\"@context\":\"https:\\\/\\\/schema.org\",\"@graph\":[{\"@type\":\"WebPage\",\"@id\":\"https:\\\/\\\/atami.com\\\/es\\\/producto\\\/bcuzz-root-stimulator\",\"url\":\"https:\\\/\\\/atami.com\\\/es\\\/producto\\\/bcuzz-root-stimulator\",\"name\":\"B'cuzz Root Stimulator | Estimulante de Ra\u00edces para un Crecimiento Saludable\",\"isPartOf\":{\"@id\":\"https:\\\/\\\/atami.com\\\/es#website\"},\"primaryImageOfPage\":{\"@id\":\"https:\\\/\\\/atami.com\\\/es\\\/producto\\\/bcuzz-root-stimulator#primaryimage\"},\"image\":{\"@id\":\"https:\\\/\\\/atami.com\\\/es\\\/producto\\\/bcuzz-root-stimulator#primaryimage\"},\"thumbnailUrl\":\"https:\\\/\\\/atami.com\\\/wp-content\\\/uploads\\\/2023\\\/02\\\/Bcuzz-Root-Stimulator-product-image.webp\",\"datePublished\":\"2023-02-13T10:05:07+00:00\",\"dateModified\":\"2025-11-10T12:40:52+00:00\",\"description\":\"Fomenta el desarrollo de ra\u00edces robustas con B'cuzz Root Stimulator. Este estimulador de ra\u00edces premium asegura un crecimiento \u00f3ptimo y plantas m\u00e1s saludables. \u00a1Descubre m\u00e1s!\",\"breadcrumb\":{\"@id\":\"https:\\\/\\\/atami.com\\\/es\\\/producto\\\/bcuzz-root-stimulator#breadcrumb\"},\"inLanguage\":\"es\",\"potentialAction\":[{\"@type\":\"ReadAction\",\"target\":[\"https:\\\/\\\/atami.com\\\/es\\\/producto\\\/bcuzz-root-stimulator\"]}]},{\"@type\":\"ImageObject\",\"inLanguage\":\"es\",\"@id\":\"https:\\\/\\\/atami.com\\\/es\\\/producto\\\/bcuzz-root-stimulator#primaryimage\",\"url\":\"https:\\\/\\\/atami.com\\\/wp-content\\\/uploads\\\/2023\\\/02\\\/Bcuzz-Root-Stimulator-product-image.webp\",\"contentUrl\":\"https:\\\/\\\/atami.com\\\/wp-content\\\/uploads\\\/2023\\\/02\\\/Bcuzz-Root-Stimulator-product-image.webp\",\"width\":1080,\"height\":1080,\"caption\":\"B'cuzz Root Stimulator garantiza ra\u00edces fuertes para una absorci\u00f3n y transporte \u00f3ptimos de agua y nutrientes, mejorando la salud y la resistencia de las plantas.\"},{\"@type\":\"BreadcrumbList\",\"@id\":\"https:\\\/\\\/atami.com\\\/es\\\/producto\\\/bcuzz-root-stimulator#breadcrumb\",\"itemListElement\":[{\"@type\":\"ListItem\",\"position\":1,\"name\":\"Home\",\"item\":\"https:\\\/\\\/atami.com\\\/es\"},{\"@type\":\"ListItem\",\"position\":2,\"name\":\"Productos\",\"item\":\"https:\\\/\\\/atami.com\\\/es\\\/shop\"},{\"@type\":\"ListItem\",\"position\":3,\"name\":\"B'cuzz\",\"item\":\"https:\\\/\\\/atami.com\\\/es\\\/categoria-producto\\\/marcas\\\/bcuzz\"},{\"@type\":\"ListItem\",\"position\":4,\"name\":\"B\u2019cuzz Root Stimulator\"}]},{\"@type\":\"WebSite\",\"@id\":\"https:\\\/\\\/atami.com\\\/es#website\",\"url\":\"https:\\\/\\\/atami.com\\\/es\",\"name\":\"Atami\",\"description\":\"NATURALLY INNOVATING!\",\"publisher\":{\"@id\":\"https:\\\/\\\/atami.com\\\/es#organization\"},\"potentialAction\":[{\"@type\":\"SearchAction\",\"target\":{\"@type\":\"EntryPoint\",\"urlTemplate\":\"https:\\\/\\\/atami.com\\\/es?s={search_term_string}\"},\"query-input\":{\"@type\":\"PropertyValueSpecification\",\"valueRequired\":true,\"valueName\":\"search_term_string\"}}],\"inLanguage\":\"es\"},{\"@type\":\"Organization\",\"@id\":\"https:\\\/\\\/atami.com\\\/es#organization\",\"name\":\"Atami\",\"url\":\"https:\\\/\\\/atami.com\\\/es\",\"logo\":{\"@type\":\"ImageObject\",\"inLanguage\":\"es\",\"@id\":\"https:\\\/\\\/atami.com\\\/es#\\\/schema\\\/logo\\\/image\\\/\",\"url\":\"https:\\\/\\\/atami.com\\\/wp-content\\\/uploads\\\/2026\\\/01\\\/Atami-logo-696x696px.webp\",\"contentUrl\":\"https:\\\/\\\/atami.com\\\/wp-content\\\/uploads\\\/2026\\\/01\\\/Atami-logo-696x696px.webp\",\"width\":696,\"height\":696,\"caption\":\"Atami\"},\"image\":{\"@id\":\"https:\\\/\\\/atami.com\\\/es#\\\/schema\\\/logo\\\/image\\\/\"},\"sameAs\":[\"https:\\\/\\\/www.facebook.com\\\/Atami.International\",\"https:\\\/\\\/x.com\\\/AtamiEU\",\"https:\\\/\\\/www.youtube.com\\\/c\\\/AtamiInternational\",\"https:\\\/\\\/www.instagram.com\\\/atami.international\\\/\"],\"description\":\"ATAMI is a premium plant nutrition & substrate brand founded in 1997 with the mission to make exceptional cultivation achievable for everyone. From legacy to license, we offer a wide variety of innovating award-winning products to let cultivators achieve maximum results in taste & yield.\",\"email\":\"info@mginnovations.es\",\"legalName\":\"Atami\",\"numberOfEmployees\":{\"@type\":\"QuantitativeValue\",\"minValue\":\"11\",\"maxValue\":\"50\"}}]}<\/script>\n<!-- \/ Yoast SEO Premium plugin. -->","yoast_head_json":{"title":"B'cuzz Root Stimulator | Estimulante de Ra\u00edces para un Crecimiento Saludable","description":"Fomenta el desarrollo de ra\u00edces robustas con B'cuzz Root Stimulator. Este estimulador de ra\u00edces premium asegura un crecimiento \u00f3ptimo y plantas m\u00e1s saludables. \u00a1Descubre m\u00e1s!","robots":{"index":"index","follow":"follow","max-snippet":"max-snippet:-1","max-image-preview":"max-image-preview:large","max-video-preview":"max-video-preview:-1"},"canonical":"https:\/\/atami.com\/es\/producto\/bcuzz-root-stimulator","og_locale":"es_ES","og_type":"article","og_title":"B\u2019cuzz Root Stimulator","og_description":"Fomenta el desarrollo de ra\u00edces robustas con B'cuzz Root Stimulator. Este estimulador de ra\u00edces premium asegura un crecimiento \u00f3ptimo y plantas m\u00e1s saludables. \u00a1Descubre m\u00e1s!","og_url":"https:\/\/atami.com\/es\/producto\/bcuzz-root-stimulator","og_site_name":"Atami","article_publisher":"https:\/\/www.facebook.com\/Atami.International","article_modified_time":"2025-11-10T12:40:52+00:00","og_image":[{"width":1080,"height":1080,"url":"https:\/\/atami.com\/wp-content\/uploads\/2023\/02\/Bcuzz-Root-Stimulator-product-image.webp","type":"image\/webp"}],"twitter_card":"summary_large_image","twitter_site":"@AtamiEU","twitter_misc":{"Tiempo de lectura":"2 minutos"},"schema":{"@context":"https:\/\/schema.org","@graph":[{"@type":"WebPage","@id":"https:\/\/atami.com\/es\/producto\/bcuzz-root-stimulator","url":"https:\/\/atami.com\/es\/producto\/bcuzz-root-stimulator","name":"B'cuzz Root Stimulator | Estimulante de Ra\u00edces para un Crecimiento Saludable","isPartOf":{"@id":"https:\/\/atami.com\/es#website"},"primaryImageOfPage":{"@id":"https:\/\/atami.com\/es\/producto\/bcuzz-root-stimulator#primaryimage"},"image":{"@id":"https:\/\/atami.com\/es\/producto\/bcuzz-root-stimulator#primaryimage"},"thumbnailUrl":"https:\/\/atami.com\/wp-content\/uploads\/2023\/02\/Bcuzz-Root-Stimulator-product-image.webp","datePublished":"2023-02-13T10:05:07+00:00","dateModified":"2025-11-10T12:40:52+00:00","description":"Fomenta el desarrollo de ra\u00edces robustas con B'cuzz Root Stimulator. Este estimulador de ra\u00edces premium asegura un crecimiento \u00f3ptimo y plantas m\u00e1s saludables. \u00a1Descubre m\u00e1s!","breadcrumb":{"@id":"https:\/\/atami.com\/es\/producto\/bcuzz-root-stimulator#breadcrumb"},"inLanguage":"es","potentialAction":[{"@type":"ReadAction","target":["https:\/\/atami.com\/es\/producto\/bcuzz-root-stimulator"]}]},{"@type":"ImageObject","inLanguage":"es","@id":"https:\/\/atami.com\/es\/producto\/bcuzz-root-stimulator#primaryimage","url":"https:\/\/atami.com\/wp-content\/uploads\/2023\/02\/Bcuzz-Root-Stimulator-product-image.webp","contentUrl":"https:\/\/atami.com\/wp-content\/uploads\/2023\/02\/Bcuzz-Root-Stimulator-product-image.webp","width":1080,"height":1080,"caption":"B'cuzz Root Stimulator garantiza ra\u00edces fuertes para una absorci\u00f3n y transporte \u00f3ptimos de agua y nutrientes, mejorando la salud y la resistencia de las plantas."},{"@type":"BreadcrumbList","@id":"https:\/\/atami.com\/es\/producto\/bcuzz-root-stimulator#breadcrumb","itemListElement":[{"@type":"ListItem","position":1,"name":"Home","item":"https:\/\/atami.com\/es"},{"@type":"ListItem","position":2,"name":"Productos","item":"https:\/\/atami.com\/es\/shop"},{"@type":"ListItem","position":3,"name":"B'cuzz","item":"https:\/\/atami.com\/es\/categoria-producto\/marcas\/bcuzz"},{"@type":"ListItem","position":4,"name":"B\u2019cuzz Root Stimulator"}]},{"@type":"WebSite","@id":"https:\/\/atami.com\/es#website","url":"https:\/\/atami.com\/es","name":"Atami","description":"NATURALLY INNOVATING!","publisher":{"@id":"https:\/\/atami.com\/es#organization"},"potentialAction":[{"@type":"SearchAction","target":{"@type":"EntryPoint","urlTemplate":"https:\/\/atami.com\/es?s={search_term_string}"},"query-input":{"@type":"PropertyValueSpecification","valueRequired":true,"valueName":"search_term_string"}}],"inLanguage":"es"},{"@type":"Organization","@id":"https:\/\/atami.com\/es#organization","name":"Atami","url":"https:\/\/atami.com\/es","logo":{"@type":"ImageObject","inLanguage":"es","@id":"https:\/\/atami.com\/es#\/schema\/logo\/image\/","url":"https:\/\/atami.com\/wp-content\/uploads\/2026\/01\/Atami-logo-696x696px.webp","contentUrl":"https:\/\/atami.com\/wp-content\/uploads\/2026\/01\/Atami-logo-696x696px.webp","width":696,"height":696,"caption":"Atami"},"image":{"@id":"https:\/\/atami.com\/es#\/schema\/logo\/image\/"},"sameAs":["https:\/\/www.facebook.com\/Atami.International","https:\/\/x.com\/AtamiEU","https:\/\/www.youtube.com\/c\/AtamiInternational","https:\/\/www.instagram.com\/atami.international\/"],"description":"ATAMI is a premium plant nutrition & substrate brand founded in 1997 with the mission to make exceptional cultivation achievable for everyone. From legacy to license, we offer a wide variety of innovating award-winning products to let cultivators achieve maximum results in taste & yield.","email":"info@mginnovations.es","legalName":"Atami","numberOfEmployees":{"@type":"QuantitativeValue","minValue":"11","maxValue":"50"}}]}},"_links":{"self":[{"href":"https:\/\/atami.com\/es\/wp-json\/wp\/v2\/product\/22213","targetHints":{"allow":["GET"]}}],"collection":[{"href":"https:\/\/atami.com\/es\/wp-json\/wp\/v2\/product"}],"about":[{"href":"https:\/\/atami.com\/es\/wp-json\/wp\/v2\/types\/product"}],"replies":[{"embeddable":true,"href":"https:\/\/atami.com\/es\/wp-json\/wp\/v2\/comments?post=22213"}],"wp:featuredmedia":[{"embeddable":true,"href":"https:\/\/atami.com\/es\/wp-json\/wp\/v2\/media\/202062"}],"wp:attachment":[{"href":"https:\/\/atami.com\/es\/wp-json\/wp\/v2\/media?parent=22213"}],"wp:term":[{"taxonomy":"product_brand","embeddable":true,"href":"https:\/\/atami.com\/es\/wp-json\/wp\/v2\/product_brand?post=22213"},{"taxonomy":"product_cat","embeddable":true,"href":"https:\/\/atami.com\/es\/wp-json\/wp\/v2\/product_cat?post=22213"},{"taxonomy":"product_tag","embeddable":true,"href":"https:\/\/atami.com\/es\/wp-json\/wp\/v2\/product_tag?post=22213"}],"curies":[{"name":"wp","href":"https:\/\/api.w.org\/{rel}","templated":true}]}}