{"id":22211,"date":"2023-02-13T08:47:45","date_gmt":"2023-02-13T08:47:45","guid":{"rendered":"https:\/\/atami.com\/product\/bcuzz-silic-boost\/"},"modified":"2025-11-10T14:59:26","modified_gmt":"2025-11-10T12:59:26","slug":"bcuzz-silic-boost","status":"publish","type":"product","link":"https:\/\/atami.com\/es\/producto\/bcuzz-silic-boost","title":{"rendered":"B\u2019CUZZ Silic Boost"},"content":{"rendered":"<p><strong>El silicio (Si) es uno de los elementos m\u00e1s abundantes en la tierra. Sin embargo, en su mayor parte no est\u00e1 disponible para tus plantas. Esto es una pena porque el silicio refuerza tu planta, evitando que est\u00e9 m\u00e1s expuesta a estreses abi\u00f3ticos como el calor o la sequ\u00eda.<\/strong><\/p>\n<p>&nbsp;<\/p>\n<p>B\u2019cuzz Silic Boost es un producto que contiene un silicio estable en una forma disponible para las plantas. Esto lo convierte en un excelente complemento a tu r\u00e9gimen nutricional habitual.<\/p>\n<p>&nbsp;<\/p>\n<p><strong>ESPECIALMENTE APTO PARA<\/strong><br \/>\nDiferentes tipos de verduras, frutas y hierbas como pepinos, tomates, fresas, brotes de girasol, albahaca, etc. La dosis requerida se puede medir para satisfacer las necesidades de las plantas o de los cultivos.<\/p>\n<p>&nbsp;<\/p>\n<p><strong>USO<\/strong><br \/>\nUsar diariamente, desde la fase de crecimiento en adelante, agreg\u00e1ndolo a la soluci\u00f3n nutritiva. Tambi\u00e9n se puede utilizar con sistemas de riego o como pulverizaci\u00f3n foliar.<\/p>\n<p>&nbsp;<\/p>\n<p><strong>DOSIS<\/strong><br \/>\n0,1 ml por litro de agua.<\/p>\n<p>&nbsp;<\/p>\n<p><strong>DISPONIBLE EN 50ML, 100ML, 250ML, 500ML, 1L Y 5L.<\/strong><\/p>\n","protected":false},"excerpt":{"rendered":"<p>Aditivo de silicio estable<\/p>\n<p>Potencia la fuerza de las plantas<\/p>\n","protected":false},"featured_media":202077,"comment_status":"closed","ping_status":"closed","template":"","meta":{"_acf_changed":false,"iawp_total_views":901},"product_brand":[],"product_cat":[224,225],"product_tag":[],"class_list":{"0":"post-22211","1":"product","2":"type-product","3":"status-publish","4":"has-post-thumbnail","6":"product_cat-bcuzz","7":"product_cat-boosters","9":"first","10":"instock","11":"shipping-taxable","12":"product-type-simple"},"acf":{"short_description":"<p><strong>El silicio (Si) es uno de los elementos m\u00e1s abundantes en la tierra. Sin embargo, en su mayor parte no est\u00e1 disponible para tus plantas. Esto es una pena porque el silicio refuerza tu planta, evitando que est\u00e9 m\u00e1s expuesta a estreses abi\u00f3ticos como el calor o la sequ\u00eda.<\/strong><\/p><p>&nbsp;<\/p><p>B\u2019cuzz Silic Boost es un producto que contiene un silicio estable en una forma disponible para las plantas. Esto lo convierte en un excelente complemento a tu r\u00e9gimen nutricional habitual.<\/p>","suitable_for":"<p>Diferentes tipos de verduras, frutas y hierbas como pepinos, tomates, fresas, brotes de girasol, albahaca, etc. La dosis requerida se puede medir para satisfacer las necesidades de las plantas o de los cultivos.<\/p>","application":"<p>Usar diariamente, desde la fase de crecimiento en adelante, agreg\u00e1ndolo a la soluci\u00f3n nutritiva. Tambi\u00e9n se puede utilizar con sistemas de riego o como pulverizaci\u00f3n foliar.<\/p>","dosage":"<p>0,1 ml por litro de agua.<\/p>","npk_ratio":"","available_in":"<p>50ML, 100ML, 250ML, 500ML, 1L Y 5L<\/p>","icon_1":191213,"icon_1_text":"EL SILICIO REFUERZA LA CAPA EXTERIOR DE LAS HOJAS Y DEL TALLO, MEJORANDO LA RESISTENCIA DE LA PLANTA A LAS ENFERMEDADES Y AL ESTR\u00c9S.","icon_2":191228,"icon_2_text":"EL SILICIO PRODUCE UN TALLO M\u00c1S FUERTE Y GRUESO.","icon_3":191258,"icon_3_text":"EL SILICIO REGULA Y MEJORA LA ABSORCI\u00d3N DE NUTRIENTES.","icon_4":"","icon_4_text":"","video":"https:\/\/youtu.be\/05ivgacg5wY","second_image":"","product_image_page":"","user_manual":"","new_icon_1":"","new_icon_2":"","new_icon_3":"","new_icon_4":"","grow_guides":"","category":"Refuerzo"},"yoast_head":"<!-- This site is optimized with the Yoast SEO Premium plugin v27.4 (Yoast SEO v27.4) - https:\/\/yoast.com\/product\/yoast-seo-premium-wordpress\/ -->\n<title>B&#039;cuzz Silic Boost | Potencia el Crecimiento de tus Plantas con Silicio<\/title>\n<meta name=\"description\" content=\"Descubre B&#039;cuzz Silic Boost, el suplemento ideal para fortalecer las plantas, mejorar la resistencia y asegurar un crecimiento saludable. Optimiza la salud de tus cultivos con este producto de alta calidad.\" \/>\n<meta name=\"robots\" content=\"index, follow, max-snippet:-1, max-image-preview:large, max-video-preview:-1\" \/>\n<link rel=\"canonical\" href=\"https:\/\/atami.com\/es\/producto\/bcuzz-silic-boost\" \/>\n<meta property=\"og:locale\" content=\"es_ES\" \/>\n<meta property=\"og:type\" content=\"article\" \/>\n<meta property=\"og:title\" content=\"B\u2019CUZZ Silic Boost\" \/>\n<meta property=\"og:description\" content=\"Descubre B&#039;cuzz Silic Boost, el suplemento ideal para fortalecer las plantas, mejorar la resistencia y asegurar un crecimiento saludable. Optimiza la salud de tus cultivos con este producto de alta calidad.\" \/>\n<meta property=\"og:url\" content=\"https:\/\/atami.com\/es\/producto\/bcuzz-silic-boost\" \/>\n<meta property=\"og:site_name\" content=\"Atami\" \/>\n<meta property=\"article:publisher\" content=\"https:\/\/www.facebook.com\/Atami.International\" \/>\n<meta property=\"article:modified_time\" content=\"2025-11-10T12:59:26+00:00\" \/>\n<meta property=\"og:image\" content=\"https:\/\/atami.com\/wp-content\/uploads\/2023\/02\/Bcuzz-Silic-Boost-product-image.webp\" \/>\n\t<meta property=\"og:image:width\" content=\"1080\" \/>\n\t<meta property=\"og:image:height\" content=\"1080\" \/>\n\t<meta property=\"og:image:type\" content=\"image\/webp\" \/>\n<meta name=\"twitter:card\" content=\"summary_large_image\" \/>\n<meta name=\"twitter:site\" content=\"@AtamiEU\" \/>\n<meta name=\"twitter:label1\" content=\"Tiempo de lectura\" \/>\n\t<meta name=\"twitter:data1\" content=\"1 minuto\" \/>\n<script type=\"application\/ld+json\" class=\"yoast-schema-graph\">{\"@context\":\"https:\\\/\\\/schema.org\",\"@graph\":[{\"@type\":\"WebPage\",\"@id\":\"https:\\\/\\\/atami.com\\\/es\\\/producto\\\/bcuzz-silic-boost\",\"url\":\"https:\\\/\\\/atami.com\\\/es\\\/producto\\\/bcuzz-silic-boost\",\"name\":\"B'cuzz Silic Boost | Potencia el Crecimiento de tus Plantas con Silicio\",\"isPartOf\":{\"@id\":\"https:\\\/\\\/atami.com\\\/es#website\"},\"primaryImageOfPage\":{\"@id\":\"https:\\\/\\\/atami.com\\\/es\\\/producto\\\/bcuzz-silic-boost#primaryimage\"},\"image\":{\"@id\":\"https:\\\/\\\/atami.com\\\/es\\\/producto\\\/bcuzz-silic-boost#primaryimage\"},\"thumbnailUrl\":\"https:\\\/\\\/atami.com\\\/wp-content\\\/uploads\\\/2023\\\/02\\\/Bcuzz-Silic-Boost-product-image.webp\",\"datePublished\":\"2023-02-13T08:47:45+00:00\",\"dateModified\":\"2025-11-10T12:59:26+00:00\",\"description\":\"Descubre B'cuzz Silic Boost, el suplemento ideal para fortalecer las plantas, mejorar la resistencia y asegurar un crecimiento saludable. Optimiza la salud de tus cultivos con este producto de alta calidad.\",\"breadcrumb\":{\"@id\":\"https:\\\/\\\/atami.com\\\/es\\\/producto\\\/bcuzz-silic-boost#breadcrumb\"},\"inLanguage\":\"es\",\"potentialAction\":[{\"@type\":\"ReadAction\",\"target\":[\"https:\\\/\\\/atami.com\\\/es\\\/producto\\\/bcuzz-silic-boost\"]}]},{\"@type\":\"ImageObject\",\"inLanguage\":\"es\",\"@id\":\"https:\\\/\\\/atami.com\\\/es\\\/producto\\\/bcuzz-silic-boost#primaryimage\",\"url\":\"https:\\\/\\\/atami.com\\\/wp-content\\\/uploads\\\/2023\\\/02\\\/Bcuzz-Silic-Boost-product-image.webp\",\"contentUrl\":\"https:\\\/\\\/atami.com\\\/wp-content\\\/uploads\\\/2023\\\/02\\\/Bcuzz-Silic-Boost-product-image.webp\",\"width\":1080,\"height\":1080,\"caption\":\"B'cuzz Silic Boost proporciona silicio disponible para las plantas, reforzando la estructura de las plantas y mejorando la resistencia al calor y la sequ\u00eda.\"},{\"@type\":\"BreadcrumbList\",\"@id\":\"https:\\\/\\\/atami.com\\\/es\\\/producto\\\/bcuzz-silic-boost#breadcrumb\",\"itemListElement\":[{\"@type\":\"ListItem\",\"position\":1,\"name\":\"Home\",\"item\":\"https:\\\/\\\/atami.com\\\/es\"},{\"@type\":\"ListItem\",\"position\":2,\"name\":\"Productos\",\"item\":\"https:\\\/\\\/atami.com\\\/es\\\/shop\"},{\"@type\":\"ListItem\",\"position\":3,\"name\":\"B'cuzz\",\"item\":\"https:\\\/\\\/atami.com\\\/es\\\/categoria-producto\\\/marcas\\\/bcuzz\"},{\"@type\":\"ListItem\",\"position\":4,\"name\":\"B\u2019CUZZ Silic Boost\"}]},{\"@type\":\"WebSite\",\"@id\":\"https:\\\/\\\/atami.com\\\/es#website\",\"url\":\"https:\\\/\\\/atami.com\\\/es\",\"name\":\"Atami\",\"description\":\"NATURALLY INNOVATING!\",\"publisher\":{\"@id\":\"https:\\\/\\\/atami.com\\\/es#organization\"},\"potentialAction\":[{\"@type\":\"SearchAction\",\"target\":{\"@type\":\"EntryPoint\",\"urlTemplate\":\"https:\\\/\\\/atami.com\\\/es?s={search_term_string}\"},\"query-input\":{\"@type\":\"PropertyValueSpecification\",\"valueRequired\":true,\"valueName\":\"search_term_string\"}}],\"inLanguage\":\"es\"},{\"@type\":\"Organization\",\"@id\":\"https:\\\/\\\/atami.com\\\/es#organization\",\"name\":\"Atami\",\"url\":\"https:\\\/\\\/atami.com\\\/es\",\"logo\":{\"@type\":\"ImageObject\",\"inLanguage\":\"es\",\"@id\":\"https:\\\/\\\/atami.com\\\/es#\\\/schema\\\/logo\\\/image\\\/\",\"url\":\"https:\\\/\\\/atami.com\\\/wp-content\\\/uploads\\\/2026\\\/01\\\/Atami-logo-696x696px.webp\",\"contentUrl\":\"https:\\\/\\\/atami.com\\\/wp-content\\\/uploads\\\/2026\\\/01\\\/Atami-logo-696x696px.webp\",\"width\":696,\"height\":696,\"caption\":\"Atami\"},\"image\":{\"@id\":\"https:\\\/\\\/atami.com\\\/es#\\\/schema\\\/logo\\\/image\\\/\"},\"sameAs\":[\"https:\\\/\\\/www.facebook.com\\\/Atami.International\",\"https:\\\/\\\/x.com\\\/AtamiEU\",\"https:\\\/\\\/www.youtube.com\\\/c\\\/AtamiInternational\",\"https:\\\/\\\/www.instagram.com\\\/atami.international\\\/\"],\"description\":\"ATAMI is a premium plant nutrition & substrate brand founded in 1997 with the mission to make exceptional cultivation achievable for everyone. From legacy to license, we offer a wide variety of innovating award-winning products to let cultivators achieve maximum results in taste & yield.\",\"email\":\"info@mginnovations.es\",\"legalName\":\"Atami\",\"numberOfEmployees\":{\"@type\":\"QuantitativeValue\",\"minValue\":\"11\",\"maxValue\":\"50\"}}]}<\/script>\n<!-- \/ Yoast SEO Premium plugin. -->","yoast_head_json":{"title":"B'cuzz Silic Boost | Potencia el Crecimiento de tus Plantas con Silicio","description":"Descubre B'cuzz Silic Boost, el suplemento ideal para fortalecer las plantas, mejorar la resistencia y asegurar un crecimiento saludable. Optimiza la salud de tus cultivos con este producto de alta calidad.","robots":{"index":"index","follow":"follow","max-snippet":"max-snippet:-1","max-image-preview":"max-image-preview:large","max-video-preview":"max-video-preview:-1"},"canonical":"https:\/\/atami.com\/es\/producto\/bcuzz-silic-boost","og_locale":"es_ES","og_type":"article","og_title":"B\u2019CUZZ Silic Boost","og_description":"Descubre B'cuzz Silic Boost, el suplemento ideal para fortalecer las plantas, mejorar la resistencia y asegurar un crecimiento saludable. Optimiza la salud de tus cultivos con este producto de alta calidad.","og_url":"https:\/\/atami.com\/es\/producto\/bcuzz-silic-boost","og_site_name":"Atami","article_publisher":"https:\/\/www.facebook.com\/Atami.International","article_modified_time":"2025-11-10T12:59:26+00:00","og_image":[{"width":1080,"height":1080,"url":"https:\/\/atami.com\/wp-content\/uploads\/2023\/02\/Bcuzz-Silic-Boost-product-image.webp","type":"image\/webp"}],"twitter_card":"summary_large_image","twitter_site":"@AtamiEU","twitter_misc":{"Tiempo de lectura":"1 minuto"},"schema":{"@context":"https:\/\/schema.org","@graph":[{"@type":"WebPage","@id":"https:\/\/atami.com\/es\/producto\/bcuzz-silic-boost","url":"https:\/\/atami.com\/es\/producto\/bcuzz-silic-boost","name":"B'cuzz Silic Boost | Potencia el Crecimiento de tus Plantas con Silicio","isPartOf":{"@id":"https:\/\/atami.com\/es#website"},"primaryImageOfPage":{"@id":"https:\/\/atami.com\/es\/producto\/bcuzz-silic-boost#primaryimage"},"image":{"@id":"https:\/\/atami.com\/es\/producto\/bcuzz-silic-boost#primaryimage"},"thumbnailUrl":"https:\/\/atami.com\/wp-content\/uploads\/2023\/02\/Bcuzz-Silic-Boost-product-image.webp","datePublished":"2023-02-13T08:47:45+00:00","dateModified":"2025-11-10T12:59:26+00:00","description":"Descubre B'cuzz Silic Boost, el suplemento ideal para fortalecer las plantas, mejorar la resistencia y asegurar un crecimiento saludable. Optimiza la salud de tus cultivos con este producto de alta calidad.","breadcrumb":{"@id":"https:\/\/atami.com\/es\/producto\/bcuzz-silic-boost#breadcrumb"},"inLanguage":"es","potentialAction":[{"@type":"ReadAction","target":["https:\/\/atami.com\/es\/producto\/bcuzz-silic-boost"]}]},{"@type":"ImageObject","inLanguage":"es","@id":"https:\/\/atami.com\/es\/producto\/bcuzz-silic-boost#primaryimage","url":"https:\/\/atami.com\/wp-content\/uploads\/2023\/02\/Bcuzz-Silic-Boost-product-image.webp","contentUrl":"https:\/\/atami.com\/wp-content\/uploads\/2023\/02\/Bcuzz-Silic-Boost-product-image.webp","width":1080,"height":1080,"caption":"B'cuzz Silic Boost proporciona silicio disponible para las plantas, reforzando la estructura de las plantas y mejorando la resistencia al calor y la sequ\u00eda."},{"@type":"BreadcrumbList","@id":"https:\/\/atami.com\/es\/producto\/bcuzz-silic-boost#breadcrumb","itemListElement":[{"@type":"ListItem","position":1,"name":"Home","item":"https:\/\/atami.com\/es"},{"@type":"ListItem","position":2,"name":"Productos","item":"https:\/\/atami.com\/es\/shop"},{"@type":"ListItem","position":3,"name":"B'cuzz","item":"https:\/\/atami.com\/es\/categoria-producto\/marcas\/bcuzz"},{"@type":"ListItem","position":4,"name":"B\u2019CUZZ Silic Boost"}]},{"@type":"WebSite","@id":"https:\/\/atami.com\/es#website","url":"https:\/\/atami.com\/es","name":"Atami","description":"NATURALLY INNOVATING!","publisher":{"@id":"https:\/\/atami.com\/es#organization"},"potentialAction":[{"@type":"SearchAction","target":{"@type":"EntryPoint","urlTemplate":"https:\/\/atami.com\/es?s={search_term_string}"},"query-input":{"@type":"PropertyValueSpecification","valueRequired":true,"valueName":"search_term_string"}}],"inLanguage":"es"},{"@type":"Organization","@id":"https:\/\/atami.com\/es#organization","name":"Atami","url":"https:\/\/atami.com\/es","logo":{"@type":"ImageObject","inLanguage":"es","@id":"https:\/\/atami.com\/es#\/schema\/logo\/image\/","url":"https:\/\/atami.com\/wp-content\/uploads\/2026\/01\/Atami-logo-696x696px.webp","contentUrl":"https:\/\/atami.com\/wp-content\/uploads\/2026\/01\/Atami-logo-696x696px.webp","width":696,"height":696,"caption":"Atami"},"image":{"@id":"https:\/\/atami.com\/es#\/schema\/logo\/image\/"},"sameAs":["https:\/\/www.facebook.com\/Atami.International","https:\/\/x.com\/AtamiEU","https:\/\/www.youtube.com\/c\/AtamiInternational","https:\/\/www.instagram.com\/atami.international\/"],"description":"ATAMI is a premium plant nutrition & substrate brand founded in 1997 with the mission to make exceptional cultivation achievable for everyone. From legacy to license, we offer a wide variety of innovating award-winning products to let cultivators achieve maximum results in taste & yield.","email":"info@mginnovations.es","legalName":"Atami","numberOfEmployees":{"@type":"QuantitativeValue","minValue":"11","maxValue":"50"}}]}},"_links":{"self":[{"href":"https:\/\/atami.com\/es\/wp-json\/wp\/v2\/product\/22211","targetHints":{"allow":["GET"]}}],"collection":[{"href":"https:\/\/atami.com\/es\/wp-json\/wp\/v2\/product"}],"about":[{"href":"https:\/\/atami.com\/es\/wp-json\/wp\/v2\/types\/product"}],"replies":[{"embeddable":true,"href":"https:\/\/atami.com\/es\/wp-json\/wp\/v2\/comments?post=22211"}],"wp:featuredmedia":[{"embeddable":true,"href":"https:\/\/atami.com\/es\/wp-json\/wp\/v2\/media\/202077"}],"wp:attachment":[{"href":"https:\/\/atami.com\/es\/wp-json\/wp\/v2\/media?parent=22211"}],"wp:term":[{"taxonomy":"product_brand","embeddable":true,"href":"https:\/\/atami.com\/es\/wp-json\/wp\/v2\/product_brand?post=22211"},{"taxonomy":"product_cat","embeddable":true,"href":"https:\/\/atami.com\/es\/wp-json\/wp\/v2\/product_cat?post=22211"},{"taxonomy":"product_tag","embeddable":true,"href":"https:\/\/atami.com\/es\/wp-json\/wp\/v2\/product_tag?post=22211"}],"curies":[{"name":"wp","href":"https:\/\/api.w.org\/{rel}","templated":true}]}}