{"id":22209,"date":"2023-02-13T08:30:49","date_gmt":"2023-02-13T08:30:49","guid":{"rendered":"https:\/\/atami.com\/product\/bcuzz-boosters-uni\/"},"modified":"2025-11-10T14:59:42","modified_gmt":"2025-11-10T12:59:42","slug":"bcuzz-boosters-uni","status":"publish","type":"product","link":"https:\/\/atami.com\/es\/producto\/bcuzz-boosters-uni","title":{"rendered":"B\u2019CUZZ Boosters Uni"},"content":{"rendered":"<p><strong>Hace m\u00e1s de veinte a\u00f1os comenzamos a desarrollar los B\u2019cuzz Boosters. Los boosters contienen dos componentes importantes: un extracto vegetal natural y una combinaci\u00f3n de nitr\u00f3geno, magnesio y hierro.<\/strong><\/p>\n<p>&nbsp;<\/p>\n<p>El extracto vegetal natural estimula los procesos fisiol\u00f3gicos de las plantas. El cambio de ambiente es un shock para la mayor\u00eda de las plantas y esto afecta su crecimiento. B\u2019cuzz Booster Uni es un refuerzo universal que ayuda a las plantas a pasar a la fase de crecimiento de la forma m\u00e1s suave posible. No hay que subestimar la importancia de la fase de crecimiento ya que afecta en gran medida el rendimiento final.<\/p>\n<p>&nbsp;<\/p>\n<p>El magnesio y el hierro son elementos importantes cuando se trata de producir m\u00e1s clorofila. La clave para una planta sana y fuerte es la mol\u00e9cula de clorofila que absorbe la luz y transforma la energ\u00eda en az\u00facar.<\/p>\n<p>&nbsp;<\/p>\n<p>La energ\u00eda de este az\u00facar es necesaria para realizar la diferenciaci\u00f3n, la divisi\u00f3n y el alargamiento celular.<\/p>\n<h2><span style=\"font-size: 14pt;\"><strong>ESPECIALMENTE APTO PARA<\/strong><\/span><\/h2>\n<p>Diferentes tipos de verduras, frutas y hierbas como lechuga, espinaca, repollo, pepinillos, cilantro, cebollinos, etc. La dosis requerida se puede medir para satisfacer las necesidades de las plantas o de los cultivos.<\/p>\n<h2><span style=\"font-size: 14pt;\"><strong>USO<\/strong><\/span><\/h2>\n<p>Comenzar en la fase de crecimiento y agregar diariamente al regar la planta. Tiene un \u00f3ptimo efecto cuando se usa en combinaci\u00f3n con <span style=\"color: #00ccff;\"><a style=\"color: #00ccff;\" href=\"https:\/\/atami.com\/es\/producto\/bcuzz-bloom-stimulator\/\">B\u2019cuzz Bloom Stimulator<\/a><\/span>. Se puede combinar f\u00e1cilmente B\u2019cuzz Booster Uni con cualquier nutriente b\u00e1sico o aditivo.<\/p>\n<h2><span style=\"font-size: 14pt;\"><strong>DOSIS<\/strong><\/span><\/h2>\n<ul>\n<li>0,1 \u2013 0,5 ml por litro de agua.<\/li>\n<\/ul>\n<p>&nbsp;<\/p>\n<p><strong>DISPONIBLE EN 100ML, 1L Y 5L.<\/strong><\/p>\n","protected":false},"excerpt":{"rendered":"<p>Alivia el estr\u00e9s de las plantas<\/p>\n<p>Ideal para el trasplante de plantas<\/p>\n","protected":false},"featured_media":202092,"comment_status":"closed","ping_status":"closed","template":"","meta":{"_acf_changed":false,"iawp_total_views":404},"product_brand":[],"product_cat":[224,225],"product_tag":[],"class_list":{"0":"post-22209","1":"product","2":"type-product","3":"status-publish","4":"has-post-thumbnail","6":"product_cat-bcuzz","7":"product_cat-boosters","9":"first","10":"instock","11":"shipping-taxable","12":"product-type-simple"},"acf":{"short_description":"<p><strong>Hace m\u00e1s de veinte a\u00f1os comenzamos a desarrollar los B\u2019cuzz Boosters. Los boosters contienen dos componentes importantes: un extracto vegetal natural y una combinaci\u00f3n de nitr\u00f3geno, magnesio y hierro.<\/strong><\/p><p>&nbsp;<\/p><p>El extracto vegetal natural estimula los procesos fisiol\u00f3gicos de las plantas. El cambio de ambiente es un shock para la mayor\u00eda de las plantas y esto afecta su crecimiento. B\u2019cuzz Booster Uni es un refuerzo universal que ayuda a las plantas a pasar a la fase de crecimiento de la forma m\u00e1s suave posible. No hay que subestimar la importancia de la fase de crecimiento ya que afecta en gran medida el rendimiento final.<\/p><p>&nbsp;<\/p><p>El magnesio y el hierro son elementos importantes cuando se trata de producir m\u00e1s clorofila. La clave para una planta sana y fuerte es la mol\u00e9cula de clorofila que absorbe la luz y transforma la energ\u00eda en az\u00facar.<\/p><p>&nbsp;<\/p><p>La energ\u00eda de este az\u00facar es necesaria para realizar la diferenciaci\u00f3n, la divisi\u00f3n y el alargamiento celular.<\/p>","suitable_for":"<p>Diferentes tipos de verduras, frutas y hierbas como lechuga, espinaca, repollo, pepinillos, cilantro, cebollinos, etc. La dosis requerida se puede medir para satisfacer las necesidades de las plantas o de los cultivos.<\/p>","application":"<p>\u00f3ptimo efecto cuando se usa en combinaci\u00f3n con <strong><a href=\"https:\/\/atami.com\/es\/producto\/bcuzz-bloom-stimulator\">B\u2019cuzz Bloom Stimulator<\/a><\/strong>. Se puede combinar f\u00e1cilmente B\u2019cuzz Booster Uni con cualquier nutriente b\u00e1sico o aditivo.<\/p>","dosage":"<p>100ML, 1L Y 5L<\/p>","npk_ratio":"","available_in":"<p>0,1 \u2013 0,5 ml por litro de agua.<\/p>","icon_1":191737,"icon_1_text":"AYUDA A LAS PLANTAS CUANDO SUFREN CAMBIOS AMBIENTALES","icon_2":191752,"icon_2_text":"CONTIENE ELEMENTOS ESENCIALES PARA LA CLOROFILA","icon_3":191767,"icon_3_text":"PUEDE COMBINARSE F\u00c1CILMENTE CON OTROS NUTRIENTES DE TODAS LAS GAMAS DE PRODUCTOS ATAMI. \u00a1CONSULTA LAS GU\u00cdAS DE CULTIVO EN NUESTRA WEB!","icon_4":"","icon_4_text":"","video":"https:\/\/youtu.be\/Sy_KKXTfXmU","second_image":1092,"product_image_page":24158,"user_manual":"","new_icon_1":"","new_icon_2":"","new_icon_3":"","new_icon_4":"","grow_guides":"","category":"Refuerzo"},"yoast_head":"<!-- This site is optimized with the Yoast SEO Premium plugin v27.4 (Yoast SEO v27.4) - https:\/\/yoast.com\/product\/yoast-seo-premium-wordpress\/ -->\n<title>B&#039;cuzz Boosters Uni \u2013 Potencia el Crecimiento y Rendimiento de Tus Plantas<\/title>\n<meta name=\"description\" content=\"Descubre B&#039;cuzz Boosters Uni, el producto ideal para mejorar el crecimiento y rendimiento de tus plantas. Optimiza la floraci\u00f3n y maximiza los resultados con esta potente soluci\u00f3n para tus cultivos.\" \/>\n<meta name=\"robots\" content=\"index, follow, max-snippet:-1, max-image-preview:large, max-video-preview:-1\" \/>\n<link rel=\"canonical\" href=\"https:\/\/atami.com\/es\/producto\/bcuzz-boosters-uni\" \/>\n<meta property=\"og:locale\" content=\"es_ES\" \/>\n<meta property=\"og:type\" content=\"article\" \/>\n<meta property=\"og:title\" content=\"B\u2019CUZZ Boosters Uni\" \/>\n<meta property=\"og:description\" content=\"Descubre B&#039;cuzz Boosters Uni, el producto ideal para mejorar el crecimiento y rendimiento de tus plantas. Optimiza la floraci\u00f3n y maximiza los resultados con esta potente soluci\u00f3n para tus cultivos.\" \/>\n<meta property=\"og:url\" content=\"https:\/\/atami.com\/es\/producto\/bcuzz-boosters-uni\" \/>\n<meta property=\"og:site_name\" content=\"Atami\" \/>\n<meta property=\"article:publisher\" content=\"https:\/\/www.facebook.com\/Atami.International\" \/>\n<meta property=\"article:modified_time\" content=\"2025-11-10T12:59:42+00:00\" \/>\n<meta property=\"og:image\" content=\"https:\/\/atami.com\/wp-content\/uploads\/2023\/02\/Bcuzz-Booster-Uni-product-image.webp\" \/>\n\t<meta property=\"og:image:width\" content=\"1080\" \/>\n\t<meta property=\"og:image:height\" content=\"1080\" \/>\n\t<meta property=\"og:image:type\" content=\"image\/webp\" \/>\n<meta name=\"twitter:card\" content=\"summary_large_image\" \/>\n<meta name=\"twitter:site\" content=\"@AtamiEU\" \/>\n<meta name=\"twitter:label1\" content=\"Tiempo de lectura\" \/>\n\t<meta name=\"twitter:data1\" content=\"2 minutos\" \/>\n<script type=\"application\/ld+json\" class=\"yoast-schema-graph\">{\"@context\":\"https:\\\/\\\/schema.org\",\"@graph\":[{\"@type\":\"WebPage\",\"@id\":\"https:\\\/\\\/atami.com\\\/es\\\/producto\\\/bcuzz-boosters-uni\",\"url\":\"https:\\\/\\\/atami.com\\\/es\\\/producto\\\/bcuzz-boosters-uni\",\"name\":\"B'cuzz Boosters Uni \u2013 Potencia el Crecimiento y Rendimiento de Tus Plantas\",\"isPartOf\":{\"@id\":\"https:\\\/\\\/atami.com\\\/es#website\"},\"primaryImageOfPage\":{\"@id\":\"https:\\\/\\\/atami.com\\\/es\\\/producto\\\/bcuzz-boosters-uni#primaryimage\"},\"image\":{\"@id\":\"https:\\\/\\\/atami.com\\\/es\\\/producto\\\/bcuzz-boosters-uni#primaryimage\"},\"thumbnailUrl\":\"https:\\\/\\\/atami.com\\\/wp-content\\\/uploads\\\/2023\\\/02\\\/Bcuzz-Booster-Uni-product-image.webp\",\"datePublished\":\"2023-02-13T08:30:49+00:00\",\"dateModified\":\"2025-11-10T12:59:42+00:00\",\"description\":\"Descubre B'cuzz Boosters Uni, el producto ideal para mejorar el crecimiento y rendimiento de tus plantas. Optimiza la floraci\u00f3n y maximiza los resultados con esta potente soluci\u00f3n para tus cultivos.\",\"breadcrumb\":{\"@id\":\"https:\\\/\\\/atami.com\\\/es\\\/producto\\\/bcuzz-boosters-uni#breadcrumb\"},\"inLanguage\":\"es\",\"potentialAction\":[{\"@type\":\"ReadAction\",\"target\":[\"https:\\\/\\\/atami.com\\\/es\\\/producto\\\/bcuzz-boosters-uni\"]}]},{\"@type\":\"ImageObject\",\"inLanguage\":\"es\",\"@id\":\"https:\\\/\\\/atami.com\\\/es\\\/producto\\\/bcuzz-boosters-uni#primaryimage\",\"url\":\"https:\\\/\\\/atami.com\\\/wp-content\\\/uploads\\\/2023\\\/02\\\/Bcuzz-Booster-Uni-product-image.webp\",\"contentUrl\":\"https:\\\/\\\/atami.com\\\/wp-content\\\/uploads\\\/2023\\\/02\\\/Bcuzz-Booster-Uni-product-image.webp\",\"width\":1080,\"height\":1080,\"caption\":\"B'cuzz Boosters Uni apoya a las plantas durante los cambios ambientales, promoviendo una transici\u00f3n suave a la fase de crecimiento y estimulando la producci\u00f3n de clorofila para un desarrollo saludable.\"},{\"@type\":\"BreadcrumbList\",\"@id\":\"https:\\\/\\\/atami.com\\\/es\\\/producto\\\/bcuzz-boosters-uni#breadcrumb\",\"itemListElement\":[{\"@type\":\"ListItem\",\"position\":1,\"name\":\"Home\",\"item\":\"https:\\\/\\\/atami.com\\\/es\"},{\"@type\":\"ListItem\",\"position\":2,\"name\":\"Productos\",\"item\":\"https:\\\/\\\/atami.com\\\/es\\\/shop\"},{\"@type\":\"ListItem\",\"position\":3,\"name\":\"B'cuzz\",\"item\":\"https:\\\/\\\/atami.com\\\/es\\\/categoria-producto\\\/marcas\\\/bcuzz\"},{\"@type\":\"ListItem\",\"position\":4,\"name\":\"B\u2019CUZZ Boosters Uni\"}]},{\"@type\":\"WebSite\",\"@id\":\"https:\\\/\\\/atami.com\\\/es#website\",\"url\":\"https:\\\/\\\/atami.com\\\/es\",\"name\":\"Atami\",\"description\":\"NATURALLY INNOVATING!\",\"publisher\":{\"@id\":\"https:\\\/\\\/atami.com\\\/es#organization\"},\"potentialAction\":[{\"@type\":\"SearchAction\",\"target\":{\"@type\":\"EntryPoint\",\"urlTemplate\":\"https:\\\/\\\/atami.com\\\/es?s={search_term_string}\"},\"query-input\":{\"@type\":\"PropertyValueSpecification\",\"valueRequired\":true,\"valueName\":\"search_term_string\"}}],\"inLanguage\":\"es\"},{\"@type\":\"Organization\",\"@id\":\"https:\\\/\\\/atami.com\\\/es#organization\",\"name\":\"Atami\",\"url\":\"https:\\\/\\\/atami.com\\\/es\",\"logo\":{\"@type\":\"ImageObject\",\"inLanguage\":\"es\",\"@id\":\"https:\\\/\\\/atami.com\\\/es#\\\/schema\\\/logo\\\/image\\\/\",\"url\":\"https:\\\/\\\/atami.com\\\/wp-content\\\/uploads\\\/2026\\\/01\\\/Atami-logo-696x696px.webp\",\"contentUrl\":\"https:\\\/\\\/atami.com\\\/wp-content\\\/uploads\\\/2026\\\/01\\\/Atami-logo-696x696px.webp\",\"width\":696,\"height\":696,\"caption\":\"Atami\"},\"image\":{\"@id\":\"https:\\\/\\\/atami.com\\\/es#\\\/schema\\\/logo\\\/image\\\/\"},\"sameAs\":[\"https:\\\/\\\/www.facebook.com\\\/Atami.International\",\"https:\\\/\\\/x.com\\\/AtamiEU\",\"https:\\\/\\\/www.youtube.com\\\/c\\\/AtamiInternational\",\"https:\\\/\\\/www.instagram.com\\\/atami.international\\\/\"],\"description\":\"ATAMI is a premium plant nutrition & substrate brand founded in 1997 with the mission to make exceptional cultivation achievable for everyone. From legacy to license, we offer a wide variety of innovating award-winning products to let cultivators achieve maximum results in taste & yield.\",\"email\":\"info@mginnovations.es\",\"legalName\":\"Atami\",\"numberOfEmployees\":{\"@type\":\"QuantitativeValue\",\"minValue\":\"11\",\"maxValue\":\"50\"}}]}<\/script>\n<!-- \/ Yoast SEO Premium plugin. -->","yoast_head_json":{"title":"B'cuzz Boosters Uni \u2013 Potencia el Crecimiento y Rendimiento de Tus Plantas","description":"Descubre B'cuzz Boosters Uni, el producto ideal para mejorar el crecimiento y rendimiento de tus plantas. Optimiza la floraci\u00f3n y maximiza los resultados con esta potente soluci\u00f3n para tus cultivos.","robots":{"index":"index","follow":"follow","max-snippet":"max-snippet:-1","max-image-preview":"max-image-preview:large","max-video-preview":"max-video-preview:-1"},"canonical":"https:\/\/atami.com\/es\/producto\/bcuzz-boosters-uni","og_locale":"es_ES","og_type":"article","og_title":"B\u2019CUZZ Boosters Uni","og_description":"Descubre B'cuzz Boosters Uni, el producto ideal para mejorar el crecimiento y rendimiento de tus plantas. Optimiza la floraci\u00f3n y maximiza los resultados con esta potente soluci\u00f3n para tus cultivos.","og_url":"https:\/\/atami.com\/es\/producto\/bcuzz-boosters-uni","og_site_name":"Atami","article_publisher":"https:\/\/www.facebook.com\/Atami.International","article_modified_time":"2025-11-10T12:59:42+00:00","og_image":[{"width":1080,"height":1080,"url":"https:\/\/atami.com\/wp-content\/uploads\/2023\/02\/Bcuzz-Booster-Uni-product-image.webp","type":"image\/webp"}],"twitter_card":"summary_large_image","twitter_site":"@AtamiEU","twitter_misc":{"Tiempo de lectura":"2 minutos"},"schema":{"@context":"https:\/\/schema.org","@graph":[{"@type":"WebPage","@id":"https:\/\/atami.com\/es\/producto\/bcuzz-boosters-uni","url":"https:\/\/atami.com\/es\/producto\/bcuzz-boosters-uni","name":"B'cuzz Boosters Uni \u2013 Potencia el Crecimiento y Rendimiento de Tus Plantas","isPartOf":{"@id":"https:\/\/atami.com\/es#website"},"primaryImageOfPage":{"@id":"https:\/\/atami.com\/es\/producto\/bcuzz-boosters-uni#primaryimage"},"image":{"@id":"https:\/\/atami.com\/es\/producto\/bcuzz-boosters-uni#primaryimage"},"thumbnailUrl":"https:\/\/atami.com\/wp-content\/uploads\/2023\/02\/Bcuzz-Booster-Uni-product-image.webp","datePublished":"2023-02-13T08:30:49+00:00","dateModified":"2025-11-10T12:59:42+00:00","description":"Descubre B'cuzz Boosters Uni, el producto ideal para mejorar el crecimiento y rendimiento de tus plantas. Optimiza la floraci\u00f3n y maximiza los resultados con esta potente soluci\u00f3n para tus cultivos.","breadcrumb":{"@id":"https:\/\/atami.com\/es\/producto\/bcuzz-boosters-uni#breadcrumb"},"inLanguage":"es","potentialAction":[{"@type":"ReadAction","target":["https:\/\/atami.com\/es\/producto\/bcuzz-boosters-uni"]}]},{"@type":"ImageObject","inLanguage":"es","@id":"https:\/\/atami.com\/es\/producto\/bcuzz-boosters-uni#primaryimage","url":"https:\/\/atami.com\/wp-content\/uploads\/2023\/02\/Bcuzz-Booster-Uni-product-image.webp","contentUrl":"https:\/\/atami.com\/wp-content\/uploads\/2023\/02\/Bcuzz-Booster-Uni-product-image.webp","width":1080,"height":1080,"caption":"B'cuzz Boosters Uni apoya a las plantas durante los cambios ambientales, promoviendo una transici\u00f3n suave a la fase de crecimiento y estimulando la producci\u00f3n de clorofila para un desarrollo saludable."},{"@type":"BreadcrumbList","@id":"https:\/\/atami.com\/es\/producto\/bcuzz-boosters-uni#breadcrumb","itemListElement":[{"@type":"ListItem","position":1,"name":"Home","item":"https:\/\/atami.com\/es"},{"@type":"ListItem","position":2,"name":"Productos","item":"https:\/\/atami.com\/es\/shop"},{"@type":"ListItem","position":3,"name":"B'cuzz","item":"https:\/\/atami.com\/es\/categoria-producto\/marcas\/bcuzz"},{"@type":"ListItem","position":4,"name":"B\u2019CUZZ Boosters Uni"}]},{"@type":"WebSite","@id":"https:\/\/atami.com\/es#website","url":"https:\/\/atami.com\/es","name":"Atami","description":"NATURALLY INNOVATING!","publisher":{"@id":"https:\/\/atami.com\/es#organization"},"potentialAction":[{"@type":"SearchAction","target":{"@type":"EntryPoint","urlTemplate":"https:\/\/atami.com\/es?s={search_term_string}"},"query-input":{"@type":"PropertyValueSpecification","valueRequired":true,"valueName":"search_term_string"}}],"inLanguage":"es"},{"@type":"Organization","@id":"https:\/\/atami.com\/es#organization","name":"Atami","url":"https:\/\/atami.com\/es","logo":{"@type":"ImageObject","inLanguage":"es","@id":"https:\/\/atami.com\/es#\/schema\/logo\/image\/","url":"https:\/\/atami.com\/wp-content\/uploads\/2026\/01\/Atami-logo-696x696px.webp","contentUrl":"https:\/\/atami.com\/wp-content\/uploads\/2026\/01\/Atami-logo-696x696px.webp","width":696,"height":696,"caption":"Atami"},"image":{"@id":"https:\/\/atami.com\/es#\/schema\/logo\/image\/"},"sameAs":["https:\/\/www.facebook.com\/Atami.International","https:\/\/x.com\/AtamiEU","https:\/\/www.youtube.com\/c\/AtamiInternational","https:\/\/www.instagram.com\/atami.international\/"],"description":"ATAMI is a premium plant nutrition & substrate brand founded in 1997 with the mission to make exceptional cultivation achievable for everyone. From legacy to license, we offer a wide variety of innovating award-winning products to let cultivators achieve maximum results in taste & yield.","email":"info@mginnovations.es","legalName":"Atami","numberOfEmployees":{"@type":"QuantitativeValue","minValue":"11","maxValue":"50"}}]}},"_links":{"self":[{"href":"https:\/\/atami.com\/es\/wp-json\/wp\/v2\/product\/22209","targetHints":{"allow":["GET"]}}],"collection":[{"href":"https:\/\/atami.com\/es\/wp-json\/wp\/v2\/product"}],"about":[{"href":"https:\/\/atami.com\/es\/wp-json\/wp\/v2\/types\/product"}],"replies":[{"embeddable":true,"href":"https:\/\/atami.com\/es\/wp-json\/wp\/v2\/comments?post=22209"}],"wp:featuredmedia":[{"embeddable":true,"href":"https:\/\/atami.com\/es\/wp-json\/wp\/v2\/media\/202092"}],"wp:attachment":[{"href":"https:\/\/atami.com\/es\/wp-json\/wp\/v2\/media?parent=22209"}],"wp:term":[{"taxonomy":"product_brand","embeddable":true,"href":"https:\/\/atami.com\/es\/wp-json\/wp\/v2\/product_brand?post=22209"},{"taxonomy":"product_cat","embeddable":true,"href":"https:\/\/atami.com\/es\/wp-json\/wp\/v2\/product_cat?post=22209"},{"taxonomy":"product_tag","embeddable":true,"href":"https:\/\/atami.com\/es\/wp-json\/wp\/v2\/product_tag?post=22209"}],"curies":[{"name":"wp","href":"https:\/\/api.w.org\/{rel}","templated":true}]}}