{"id":22180,"date":"2023-02-13T08:14:21","date_gmt":"2023-02-13T08:14:21","guid":{"rendered":"https:\/\/atami.com\/product\/bcuzz-premium-plant-powder\/"},"modified":"2025-11-07T17:51:54","modified_gmt":"2025-11-07T15:51:54","slug":"bcuzz-premium-plant-powder","status":"publish","type":"product","link":"https:\/\/atami.com\/es\/producto\/bcuzz-premium-plant-powder","title":{"rendered":"B\u2019cuzz Premium Plant Powder"},"content":{"rendered":"<p><strong>Los B\u2019cuzz Premium Plant Powder est\u00e1n compuestos por nutrientes desarrollados espec\u00edficamente para el cultivo en sustratos de tierra, coco o hidro. Adem\u00e1s del calcio, estos nutrientes en polvo contienen magnesio, el elemento clave en la fotos\u00edntesis. En general, B\u2019cuzz Premium Plant Powder son muy \u00fatiles para reforzar el sustrato y mejorar la condici\u00f3n del cultivo.<\/strong><\/p>\n<p>&nbsp;<\/p>\n<p>Los B\u2019cuzz Premium Plant Powder son f\u00e1ciles de pesar, agregar y disolver en su soluci\u00f3n nutritiva. Estos fertilizantes forman una soluci\u00f3n nutritiva completa y equilibrada que puede ser utilizado durante todo el ciclo de crecimiento. Con el nuevo dise\u00f1o de empaquetado sostenible, la posibilidad de derrame es m\u00ednima y pueden ser almacenados f\u00e1cilmente. Los B\u2019cuzz Premium Plant Powder son muy pr\u00e1cticos y econ\u00f3micos en t\u00e9rminos de transporte, almacenamiento y uso.<\/p>\n<p>&nbsp;<\/p>\n<p><strong>APTO PARA<\/strong><br \/>\nAgregar al sustrato correspondiente.<\/p>\n<p>&nbsp;<\/p>\n<p><strong>USO<\/strong><br \/>\nDisolver la cantidad requerida en la soluci\u00f3n nutritiva<\/p>\n<p>&nbsp;<\/p>\n<p><strong>DOSIS<\/strong><br \/>\n0,5 \u2013 1 g por litro de agua.<br \/>\nCada 0,1 gramo de B\u2019cuzz Premium Plant Powder aumenta el valor de EC de un litro de soluci\u00f3n nutritiva de 0,09 mS\/cm.<\/p>\n<p>&nbsp;<\/p>\n<p><strong>DISPONIBLE EN 1KG.<\/strong><\/p>\n","protected":false},"excerpt":{"rendered":"<p>Pr\u00e1cticos nutrientes minerales quelados para plantas en polvo<\/p>\n","protected":false},"featured_media":24112,"comment_status":"closed","ping_status":"closed","template":"","meta":{"_acf_changed":false,"iawp_total_views":114},"product_brand":[],"product_cat":[224,221],"product_tag":[],"class_list":{"0":"post-22180","1":"product","2":"type-product","3":"status-publish","4":"has-post-thumbnail","6":"product_cat-bcuzz","7":"product_cat-nutrientes-basicos","9":"first","10":"instock","11":"shipping-taxable","12":"product-type-simple"},"acf":{"short_description":"<p><strong>Los B\u2019cuzz Premium Plant Powder est\u00e1n compuestos por nutrientes desarrollados espec\u00edficamente para el cultivo en sustratos de tierra, coco o hidro. Adem\u00e1s del calcio, estos nutrientes en polvo contienen magnesio, el elemento clave en la fotos\u00edntesis. En general, B\u2019cuzz Premium Plant Powder son muy \u00fatiles para reforzar el sustrato y mejorar la condici\u00f3n del cultivo.<\/strong><\/p><p>&nbsp;<\/p><p>Los B\u2019cuzz Premium Plant Powder son f\u00e1ciles de pesar, agregar y disolver en su soluci\u00f3n nutritiva. Estos fertilizantes forman una soluci\u00f3n nutritiva completa y equilibrada que puede ser utilizado durante todo el ciclo de crecimiento. Con el nuevo dise\u00f1o de empaquetado sostenible, la posibilidad de derrame es m\u00ednima y pueden ser almacenados f\u00e1cilmente. Los B\u2019cuzz Premium Plant Powder son muy pr\u00e1cticos y econ\u00f3micos en t\u00e9rminos de transporte, almacenamiento y uso.<\/p>","suitable_for":"<p>Agregar al sustrato correspondiente.<\/p>","application":"<p>Disolver la cantidad requerida en la soluci\u00f3n nutritiva<\/p>","dosage":"<p>0,5 \u2013 1 g por litro de agua.<br \/>Cada 0,1 gramo de B\u2019cuzz Premium Plant Powder aumenta el valor de EC de un litro de soluci\u00f3n nutritiva de 0,09 mS\/cm.<\/p>","npk_ratio":"","available_in":"<p>1 KG<\/p>","icon_1":191692,"icon_1_text":"DIRECTAMENTE ABSORBIBLE","icon_2":191707,"icon_2_text":"SE PUEDE PESAR, AGREGAR Y DISOLVER F\u00c1CILMENTE EN LA SOLUCI\u00d3N NUTRITIVA","icon_3":191722,"icon_3_text":"ESPECIALMENTE DESARROLLADO PARA LOS CULTIVOS EN COCO, HIDRO O TIERRA","icon_4":"","icon_4_text":"","video":"","second_image":24127,"product_image_page":"","user_manual":"","new_icon_1":"","new_icon_2":"","new_icon_3":"","new_icon_4":"","grow_guides":"","category":"Nutriente base"},"yoast_head":"<!-- This site is optimized with the Yoast SEO Premium plugin v27.5 (Yoast SEO v27.5) - https:\/\/yoast.com\/product\/yoast-seo-premium-wordpress\/ -->\n<title>B&#039;cuzz Premium Plant Powder | Fertilizante para un Crecimiento \u00d3ptimo<\/title>\n<meta name=\"description\" content=\"Los B\u2019cuzz Premium Plant Powder est\u00e1n compuestos por nutrientes desarrollados espec\u00edficamente para el cultivo en sustratos de tierra, coco o hidro. Adem\u00e1s del calcio, estos nutrientes en polvo contienen magnesio, el elemento clave en la fotos\u00edntesis. En general, B\u2019cuzz Premium Plant Powder son muy \u00fatiles para reforzar el sustrato y mejorar la condici\u00f3n del cultivo.\" \/>\n<meta name=\"robots\" content=\"index, follow, max-snippet:-1, max-image-preview:large, max-video-preview:-1\" \/>\n<link rel=\"canonical\" href=\"https:\/\/atami.com\/es\/producto\/bcuzz-premium-plant-powder\" \/>\n<meta property=\"og:locale\" content=\"es_ES\" \/>\n<meta property=\"og:type\" content=\"article\" \/>\n<meta property=\"og:title\" content=\"B\u2019cuzz Premium Plant Powder\" \/>\n<meta property=\"og:description\" content=\"Los B\u2019cuzz Premium Plant Powder est\u00e1n compuestos por nutrientes desarrollados espec\u00edficamente para el cultivo en sustratos de tierra, coco o hidro. Adem\u00e1s del calcio, estos nutrientes en polvo contienen magnesio, el elemento clave en la fotos\u00edntesis. En general, B\u2019cuzz Premium Plant Powder son muy \u00fatiles para reforzar el sustrato y mejorar la condici\u00f3n del cultivo.\" \/>\n<meta property=\"og:url\" content=\"https:\/\/atami.com\/es\/producto\/bcuzz-premium-plant-powder\" \/>\n<meta property=\"og:site_name\" content=\"Atami\" \/>\n<meta property=\"article:publisher\" content=\"https:\/\/www.facebook.com\/Atami.International\" \/>\n<meta property=\"article:modified_time\" content=\"2025-11-07T15:51:54+00:00\" \/>\n<meta property=\"og:image\" content=\"https:\/\/atami.com\/wp-content\/uploads\/2023\/02\/Bcuzz-Premium-Plant-Powder-Main-Image.webp\" \/>\n\t<meta property=\"og:image:width\" content=\"1080\" \/>\n\t<meta property=\"og:image:height\" content=\"1080\" \/>\n\t<meta property=\"og:image:type\" content=\"image\/webp\" \/>\n<meta name=\"twitter:card\" content=\"summary_large_image\" \/>\n<meta name=\"twitter:site\" content=\"@AtamiEU\" \/>\n<meta name=\"twitter:label1\" content=\"Tiempo de lectura\" \/>\n\t<meta name=\"twitter:data1\" content=\"1 minuto\" \/>\n<script type=\"application\/ld+json\" class=\"yoast-schema-graph\">{\"@context\":\"https:\\\/\\\/schema.org\",\"@graph\":[{\"@type\":\"WebPage\",\"@id\":\"https:\\\/\\\/atami.com\\\/es\\\/producto\\\/bcuzz-premium-plant-powder\",\"url\":\"https:\\\/\\\/atami.com\\\/es\\\/producto\\\/bcuzz-premium-plant-powder\",\"name\":\"B'cuzz Premium Plant Powder | Fertilizante para un Crecimiento \u00d3ptimo\",\"isPartOf\":{\"@id\":\"https:\\\/\\\/atami.com\\\/es#website\"},\"primaryImageOfPage\":{\"@id\":\"https:\\\/\\\/atami.com\\\/es\\\/producto\\\/bcuzz-premium-plant-powder#primaryimage\"},\"image\":{\"@id\":\"https:\\\/\\\/atami.com\\\/es\\\/producto\\\/bcuzz-premium-plant-powder#primaryimage\"},\"thumbnailUrl\":\"https:\\\/\\\/atami.com\\\/wp-content\\\/uploads\\\/2023\\\/02\\\/Bcuzz-Premium-Plant-Powder-Main-Image.webp\",\"datePublished\":\"2023-02-13T08:14:21+00:00\",\"dateModified\":\"2025-11-07T15:51:54+00:00\",\"description\":\"Los B\u2019cuzz Premium Plant Powder est\u00e1n compuestos por nutrientes desarrollados espec\u00edficamente para el cultivo en sustratos de tierra, coco o hidro. Adem\u00e1s del calcio, estos nutrientes en polvo contienen magnesio, el elemento clave en la fotos\u00edntesis. En general, B\u2019cuzz Premium Plant Powder son muy \u00fatiles para reforzar el sustrato y mejorar la condici\u00f3n del cultivo.\",\"breadcrumb\":{\"@id\":\"https:\\\/\\\/atami.com\\\/es\\\/producto\\\/bcuzz-premium-plant-powder#breadcrumb\"},\"inLanguage\":\"es\",\"potentialAction\":[{\"@type\":\"ReadAction\",\"target\":[\"https:\\\/\\\/atami.com\\\/es\\\/producto\\\/bcuzz-premium-plant-powder\"]}]},{\"@type\":\"ImageObject\",\"inLanguage\":\"es\",\"@id\":\"https:\\\/\\\/atami.com\\\/es\\\/producto\\\/bcuzz-premium-plant-powder#primaryimage\",\"url\":\"https:\\\/\\\/atami.com\\\/wp-content\\\/uploads\\\/2023\\\/02\\\/Bcuzz-Premium-Plant-Powder-Main-Image.webp\",\"contentUrl\":\"https:\\\/\\\/atami.com\\\/wp-content\\\/uploads\\\/2023\\\/02\\\/Bcuzz-Premium-Plant-Powder-Main-Image.webp\",\"width\":1080,\"height\":1080,\"caption\":\"B'cuzz Premium Plant Powder proporciona minerales quelados esenciales, incluidos calcio y magnesio, para aumentar la fertilidad del sustrato y mejorar la salud de los cultivos.\"},{\"@type\":\"BreadcrumbList\",\"@id\":\"https:\\\/\\\/atami.com\\\/es\\\/producto\\\/bcuzz-premium-plant-powder#breadcrumb\",\"itemListElement\":[{\"@type\":\"ListItem\",\"position\":1,\"name\":\"Home\",\"item\":\"https:\\\/\\\/atami.com\\\/es\"},{\"@type\":\"ListItem\",\"position\":2,\"name\":\"Productos\",\"item\":\"https:\\\/\\\/atami.com\\\/es\\\/shop\"},{\"@type\":\"ListItem\",\"position\":3,\"name\":\"B'cuzz\",\"item\":\"https:\\\/\\\/atami.com\\\/es\\\/categoria-producto\\\/marcas\\\/bcuzz\"},{\"@type\":\"ListItem\",\"position\":4,\"name\":\"B\u2019cuzz Premium Plant Powder\"}]},{\"@type\":\"WebSite\",\"@id\":\"https:\\\/\\\/atami.com\\\/es#website\",\"url\":\"https:\\\/\\\/atami.com\\\/es\",\"name\":\"Atami\",\"description\":\"NATURALLY INNOVATING!\",\"publisher\":{\"@id\":\"https:\\\/\\\/atami.com\\\/es#organization\"},\"potentialAction\":[{\"@type\":\"SearchAction\",\"target\":{\"@type\":\"EntryPoint\",\"urlTemplate\":\"https:\\\/\\\/atami.com\\\/es?s={search_term_string}\"},\"query-input\":{\"@type\":\"PropertyValueSpecification\",\"valueRequired\":true,\"valueName\":\"search_term_string\"}}],\"inLanguage\":\"es\"},{\"@type\":\"Organization\",\"@id\":\"https:\\\/\\\/atami.com\\\/es#organization\",\"name\":\"Atami\",\"url\":\"https:\\\/\\\/atami.com\\\/es\",\"logo\":{\"@type\":\"ImageObject\",\"inLanguage\":\"es\",\"@id\":\"https:\\\/\\\/atami.com\\\/es#\\\/schema\\\/logo\\\/image\\\/\",\"url\":\"https:\\\/\\\/atami.com\\\/wp-content\\\/uploads\\\/2026\\\/01\\\/Atami-logo-696x696px.webp\",\"contentUrl\":\"https:\\\/\\\/atami.com\\\/wp-content\\\/uploads\\\/2026\\\/01\\\/Atami-logo-696x696px.webp\",\"width\":696,\"height\":696,\"caption\":\"Atami\"},\"image\":{\"@id\":\"https:\\\/\\\/atami.com\\\/es#\\\/schema\\\/logo\\\/image\\\/\"},\"sameAs\":[\"https:\\\/\\\/www.facebook.com\\\/Atami.International\",\"https:\\\/\\\/x.com\\\/AtamiEU\",\"https:\\\/\\\/www.youtube.com\\\/c\\\/AtamiInternational\",\"https:\\\/\\\/www.instagram.com\\\/atami.international\\\/\"],\"description\":\"ATAMI is a premium plant nutrition & substrate brand founded in 1997 with the mission to make exceptional cultivation achievable for everyone. From legacy to license, we offer a wide variety of innovating award-winning products to let cultivators achieve maximum results in taste & yield.\",\"email\":\"info@mginnovations.es\",\"legalName\":\"Atami\",\"numberOfEmployees\":{\"@type\":\"QuantitativeValue\",\"minValue\":\"11\",\"maxValue\":\"50\"}}]}<\/script>\n<!-- \/ Yoast SEO Premium plugin. -->","yoast_head_json":{"title":"B'cuzz Premium Plant Powder | Fertilizante para un Crecimiento \u00d3ptimo","description":"Los B\u2019cuzz Premium Plant Powder est\u00e1n compuestos por nutrientes desarrollados espec\u00edficamente para el cultivo en sustratos de tierra, coco o hidro. Adem\u00e1s del calcio, estos nutrientes en polvo contienen magnesio, el elemento clave en la fotos\u00edntesis. En general, B\u2019cuzz Premium Plant Powder son muy \u00fatiles para reforzar el sustrato y mejorar la condici\u00f3n del cultivo.","robots":{"index":"index","follow":"follow","max-snippet":"max-snippet:-1","max-image-preview":"max-image-preview:large","max-video-preview":"max-video-preview:-1"},"canonical":"https:\/\/atami.com\/es\/producto\/bcuzz-premium-plant-powder","og_locale":"es_ES","og_type":"article","og_title":"B\u2019cuzz Premium Plant Powder","og_description":"Los B\u2019cuzz Premium Plant Powder est\u00e1n compuestos por nutrientes desarrollados espec\u00edficamente para el cultivo en sustratos de tierra, coco o hidro. Adem\u00e1s del calcio, estos nutrientes en polvo contienen magnesio, el elemento clave en la fotos\u00edntesis. En general, B\u2019cuzz Premium Plant Powder son muy \u00fatiles para reforzar el sustrato y mejorar la condici\u00f3n del cultivo.","og_url":"https:\/\/atami.com\/es\/producto\/bcuzz-premium-plant-powder","og_site_name":"Atami","article_publisher":"https:\/\/www.facebook.com\/Atami.International","article_modified_time":"2025-11-07T15:51:54+00:00","og_image":[{"width":1080,"height":1080,"url":"https:\/\/atami.com\/wp-content\/uploads\/2023\/02\/Bcuzz-Premium-Plant-Powder-Main-Image.webp","type":"image\/webp"}],"twitter_card":"summary_large_image","twitter_site":"@AtamiEU","twitter_misc":{"Tiempo de lectura":"1 minuto"},"schema":{"@context":"https:\/\/schema.org","@graph":[{"@type":"WebPage","@id":"https:\/\/atami.com\/es\/producto\/bcuzz-premium-plant-powder","url":"https:\/\/atami.com\/es\/producto\/bcuzz-premium-plant-powder","name":"B'cuzz Premium Plant Powder | Fertilizante para un Crecimiento \u00d3ptimo","isPartOf":{"@id":"https:\/\/atami.com\/es#website"},"primaryImageOfPage":{"@id":"https:\/\/atami.com\/es\/producto\/bcuzz-premium-plant-powder#primaryimage"},"image":{"@id":"https:\/\/atami.com\/es\/producto\/bcuzz-premium-plant-powder#primaryimage"},"thumbnailUrl":"https:\/\/atami.com\/wp-content\/uploads\/2023\/02\/Bcuzz-Premium-Plant-Powder-Main-Image.webp","datePublished":"2023-02-13T08:14:21+00:00","dateModified":"2025-11-07T15:51:54+00:00","description":"Los B\u2019cuzz Premium Plant Powder est\u00e1n compuestos por nutrientes desarrollados espec\u00edficamente para el cultivo en sustratos de tierra, coco o hidro. Adem\u00e1s del calcio, estos nutrientes en polvo contienen magnesio, el elemento clave en la fotos\u00edntesis. En general, B\u2019cuzz Premium Plant Powder son muy \u00fatiles para reforzar el sustrato y mejorar la condici\u00f3n del cultivo.","breadcrumb":{"@id":"https:\/\/atami.com\/es\/producto\/bcuzz-premium-plant-powder#breadcrumb"},"inLanguage":"es","potentialAction":[{"@type":"ReadAction","target":["https:\/\/atami.com\/es\/producto\/bcuzz-premium-plant-powder"]}]},{"@type":"ImageObject","inLanguage":"es","@id":"https:\/\/atami.com\/es\/producto\/bcuzz-premium-plant-powder#primaryimage","url":"https:\/\/atami.com\/wp-content\/uploads\/2023\/02\/Bcuzz-Premium-Plant-Powder-Main-Image.webp","contentUrl":"https:\/\/atami.com\/wp-content\/uploads\/2023\/02\/Bcuzz-Premium-Plant-Powder-Main-Image.webp","width":1080,"height":1080,"caption":"B'cuzz Premium Plant Powder proporciona minerales quelados esenciales, incluidos calcio y magnesio, para aumentar la fertilidad del sustrato y mejorar la salud de los cultivos."},{"@type":"BreadcrumbList","@id":"https:\/\/atami.com\/es\/producto\/bcuzz-premium-plant-powder#breadcrumb","itemListElement":[{"@type":"ListItem","position":1,"name":"Home","item":"https:\/\/atami.com\/es"},{"@type":"ListItem","position":2,"name":"Productos","item":"https:\/\/atami.com\/es\/shop"},{"@type":"ListItem","position":3,"name":"B'cuzz","item":"https:\/\/atami.com\/es\/categoria-producto\/marcas\/bcuzz"},{"@type":"ListItem","position":4,"name":"B\u2019cuzz Premium Plant Powder"}]},{"@type":"WebSite","@id":"https:\/\/atami.com\/es#website","url":"https:\/\/atami.com\/es","name":"Atami","description":"NATURALLY INNOVATING!","publisher":{"@id":"https:\/\/atami.com\/es#organization"},"potentialAction":[{"@type":"SearchAction","target":{"@type":"EntryPoint","urlTemplate":"https:\/\/atami.com\/es?s={search_term_string}"},"query-input":{"@type":"PropertyValueSpecification","valueRequired":true,"valueName":"search_term_string"}}],"inLanguage":"es"},{"@type":"Organization","@id":"https:\/\/atami.com\/es#organization","name":"Atami","url":"https:\/\/atami.com\/es","logo":{"@type":"ImageObject","inLanguage":"es","@id":"https:\/\/atami.com\/es#\/schema\/logo\/image\/","url":"https:\/\/atami.com\/wp-content\/uploads\/2026\/01\/Atami-logo-696x696px.webp","contentUrl":"https:\/\/atami.com\/wp-content\/uploads\/2026\/01\/Atami-logo-696x696px.webp","width":696,"height":696,"caption":"Atami"},"image":{"@id":"https:\/\/atami.com\/es#\/schema\/logo\/image\/"},"sameAs":["https:\/\/www.facebook.com\/Atami.International","https:\/\/x.com\/AtamiEU","https:\/\/www.youtube.com\/c\/AtamiInternational","https:\/\/www.instagram.com\/atami.international\/"],"description":"ATAMI is a premium plant nutrition & substrate brand founded in 1997 with the mission to make exceptional cultivation achievable for everyone. From legacy to license, we offer a wide variety of innovating award-winning products to let cultivators achieve maximum results in taste & yield.","email":"info@mginnovations.es","legalName":"Atami","numberOfEmployees":{"@type":"QuantitativeValue","minValue":"11","maxValue":"50"}}]}},"_links":{"self":[{"href":"https:\/\/atami.com\/es\/wp-json\/wp\/v2\/product\/22180","targetHints":{"allow":["GET"]}}],"collection":[{"href":"https:\/\/atami.com\/es\/wp-json\/wp\/v2\/product"}],"about":[{"href":"https:\/\/atami.com\/es\/wp-json\/wp\/v2\/types\/product"}],"replies":[{"embeddable":true,"href":"https:\/\/atami.com\/es\/wp-json\/wp\/v2\/comments?post=22180"}],"wp:featuredmedia":[{"embeddable":true,"href":"https:\/\/atami.com\/es\/wp-json\/wp\/v2\/media\/24112"}],"wp:attachment":[{"href":"https:\/\/atami.com\/es\/wp-json\/wp\/v2\/media?parent=22180"}],"wp:term":[{"taxonomy":"product_brand","embeddable":true,"href":"https:\/\/atami.com\/es\/wp-json\/wp\/v2\/product_brand?post=22180"},{"taxonomy":"product_cat","embeddable":true,"href":"https:\/\/atami.com\/es\/wp-json\/wp\/v2\/product_cat?post=22180"},{"taxonomy":"product_tag","embeddable":true,"href":"https:\/\/atami.com\/es\/wp-json\/wp\/v2\/product_tag?post=22180"}],"curies":[{"name":"wp","href":"https:\/\/api.w.org\/{rel}","templated":true}]}}