{"id":22081,"date":"2023-02-13T07:55:42","date_gmt":"2023-02-13T07:55:42","guid":{"rendered":"https:\/\/atami.com\/product\/bcuzz-coco-ab\/"},"modified":"2025-11-07T17:50:56","modified_gmt":"2025-11-07T15:50:56","slug":"bcuzz-coco-ab","status":"publish","type":"product","link":"https:\/\/atami.com\/es\/producto\/bcuzz-coco-ab","title":{"rendered":"B\u2019cuzz Coco A&#038;B"},"content":{"rendered":"<p><strong>B\u2019cuzz Coco A&amp;B son nutrientes b\u00e1sicos universales que proporcionan a la planta joven la nutrici\u00f3n mineral concentrada y espec\u00edfica que necesita para convertirse en una planta fuerte y saludable.<\/strong><\/p>\n<p>&nbsp;<\/p>\n<p>B\u2019cuzz Coco A&amp;B se puede aplicar durante todo el ciclo de crecimiento. Los sustratos de coco son naturalmente ricos en potasio, que es liberado lentamente de la fibra de coco con el tiempo. Sin embargo, la fibra de coco es naturalmente muy pobre en calcio. Por lo tanto, es importante que la nutrici\u00f3n contenga suficiente calcio. Coco A tiene un contenido de calcio de aproximadamente el 4% W\/W, lo que ofrece una cantidad de calcio m\u00e1s que suficiente para nuestros sustratos de alta calidad a base de coco. Coco B contiene principalmente el f\u00f3sforo y los micronutrientes necesarios.<\/p>\n<p>&nbsp;<\/p>\n<p><strong>ESPECIALMENTE APTO PARA<\/strong><br \/>\nDiferentes tipos de verduras, frutas y hierbas como tomates, salvia y albahaca. Tambi\u00e9n se puede utilizar para plantas de interior y en macetas (por ejemplo, alocasia, lavanda). La dosis requerida se puede medir para satisfacer las necesidades de cualquier planta o cultivo.<\/p>\n<p>&nbsp;<\/p>\n<p><strong>USO<\/strong><br \/>\nDebido a que ciertos nutrientes en la soluci\u00f3n reaccionan qu\u00edmicamente entre s\u00ed en altas concentraciones, la nutrici\u00f3n viene en dos botellas separadas, A y B. Los concentrados A y B solo pueden mezclarse entre s\u00ed en combinaci\u00f3n con agua.<\/p>\n<p>&nbsp;<\/p>\n<p><strong>DOSIS<\/strong><br \/>\n1 \u2013 3 ml A y 1 \u2013 3 ml B por litro de agua.<\/p>\n<p>&nbsp;<\/p>\n<p><strong>Coco A: NK 5-5 W\/W<\/strong><br \/>\n<strong>Coco B: PK 4-6 W\/W<\/strong><\/p>\n<p>&nbsp;<\/p>\n<p><strong>DISPONIBLE EN 1L, 5L Y 10L.<\/strong><\/p>\n","protected":false},"excerpt":{"rendered":"<p>Plantas fuertes y sanas<\/p>\n","protected":false},"featured_media":201972,"comment_status":"closed","ping_status":"closed","template":"","meta":{"_acf_changed":false,"iawp_total_views":546},"product_brand":[],"product_cat":[224,221],"product_tag":[],"class_list":{"0":"post-22081","1":"product","2":"type-product","3":"status-publish","4":"has-post-thumbnail","6":"product_cat-bcuzz","7":"product_cat-nutrientes-basicos","9":"first","10":"instock","11":"shipping-taxable","12":"product-type-simple"},"acf":{"short_description":"<p><strong>B\u2019cuzz Coco A&amp;B son nutrientes b\u00e1sicos universales que proporcionan a la planta joven la nutrici\u00f3n mineral concentrada y espec\u00edfica que necesita para convertirse en una planta fuerte y saludable.<\/strong><\/p><p>&nbsp;<\/p><p>B\u2019cuzz Coco A&amp;B se puede aplicar durante todo el ciclo de crecimiento. Los sustratos de coco son naturalmente ricos en potasio, que es liberado lentamente de la fibra de coco con el tiempo. Sin embargo, la fibra de coco es naturalmente muy pobre en calcio. Por lo tanto, es importante que la nutrici\u00f3n contenga suficiente calcio. Coco A tiene un contenido de calcio de aproximadamente el 4% W\/W, lo que ofrece una cantidad de calcio m\u00e1s que suficiente para nuestros sustratos de alta calidad a base de coco. Coco B contiene principalmente el f\u00f3sforo y los micronutrientes necesarios.<\/p>","suitable_for":"<p>Diferentes tipos de verduras, frutas y hierbas como tomates, salvia y albahaca. Tambi\u00e9n se puede utilizar para plantas de interior y en macetas (por ejemplo, alocasia, lavanda). La dosis requerida se puede medir para satisfacer las necesidades de cualquier planta o cultivo.<\/p>","application":"<p>Debido a que ciertos nutrientes en la soluci\u00f3n reaccionan qu\u00edmicamente entre s\u00ed en altas concentraciones, la nutrici\u00f3n viene en dos botellas separadas, A y B. Los concentrados A y B solo pueden mezclarse entre s\u00ed en combinaci\u00f3n con agua.<\/p>","dosage":"<p>1 \u2013 3 ml A y 1 \u2013 3 ml B por litro de agua.<\/p>","npk_ratio":"<p>Coco A: NK 5-5 W\/W<br \/>Coco B: PK 4-6 W\/W<\/p>","available_in":"<p>1L, 5L Y 10L<\/p>","icon_1":191601,"icon_1_text":"PLANTA FUERTE Y SALUDABLE","icon_2":191616,"icon_2_text":"UTIL DURANTE TODO EL CICLO DE CULTIVO","icon_3":191631,"icon_3_text":"PARA SUSTRATOS A BASE DE COCO","icon_4":"","icon_4_text":"","video":"","second_image":972,"product_image_page":24067,"user_manual":"","new_icon_1":"","new_icon_2":"","new_icon_3":"","new_icon_4":"","grow_guides":"","category":"Nutriente base"},"yoast_head":"<!-- This site is optimized with the Yoast SEO Premium plugin v27.5 (Yoast SEO v27.5) - https:\/\/yoast.com\/product\/yoast-seo-premium-wordpress\/ -->\n<title>BCuzz Coco AB | Fertilizante Ideal para Cultivos en Coco<\/title>\n<meta name=\"description\" content=\"Descubre B&#039;cuzz Coco A&amp;B, la soluci\u00f3n ideal para el crecimiento robusto de tus plantas en sustratos de coco. Nutrientes espec\u00edficos para asegurar un desarrollo saludable durante todo el ciclo de cultivo.\" \/>\n<meta name=\"robots\" content=\"index, follow, max-snippet:-1, max-image-preview:large, max-video-preview:-1\" \/>\n<link rel=\"canonical\" href=\"https:\/\/atami.com\/es\/producto\/bcuzz-coco-ab\" \/>\n<meta property=\"og:locale\" content=\"es_ES\" \/>\n<meta property=\"og:type\" content=\"article\" \/>\n<meta property=\"og:title\" content=\"B\u2019cuzz Coco A&amp;B\" \/>\n<meta property=\"og:description\" content=\"Descubre B&#039;cuzz Coco A&amp;B, la soluci\u00f3n ideal para el crecimiento robusto de tus plantas en sustratos de coco. Nutrientes espec\u00edficos para asegurar un desarrollo saludable durante todo el ciclo de cultivo.\" \/>\n<meta property=\"og:url\" content=\"https:\/\/atami.com\/es\/producto\/bcuzz-coco-ab\" \/>\n<meta property=\"og:site_name\" content=\"Atami\" \/>\n<meta property=\"article:publisher\" content=\"https:\/\/www.facebook.com\/Atami.International\" \/>\n<meta property=\"article:modified_time\" content=\"2025-11-07T15:50:56+00:00\" \/>\n<meta property=\"og:image\" content=\"https:\/\/atami.com\/wp-content\/uploads\/2023\/02\/Bcuzz-Coco-AB-product-image.webp\" \/>\n\t<meta property=\"og:image:width\" content=\"1080\" \/>\n\t<meta property=\"og:image:height\" content=\"1080\" \/>\n\t<meta property=\"og:image:type\" content=\"image\/webp\" \/>\n<meta name=\"twitter:card\" content=\"summary_large_image\" \/>\n<meta name=\"twitter:site\" content=\"@AtamiEU\" \/>\n<meta name=\"twitter:label1\" content=\"Tiempo de lectura\" \/>\n\t<meta name=\"twitter:data1\" content=\"2 minutos\" \/>\n<script type=\"application\/ld+json\" class=\"yoast-schema-graph\">{\"@context\":\"https:\\\/\\\/schema.org\",\"@graph\":[{\"@type\":\"WebPage\",\"@id\":\"https:\\\/\\\/atami.com\\\/es\\\/producto\\\/bcuzz-coco-ab\",\"url\":\"https:\\\/\\\/atami.com\\\/es\\\/producto\\\/bcuzz-coco-ab\",\"name\":\"BCuzz Coco AB | Fertilizante Ideal para Cultivos en Coco\",\"isPartOf\":{\"@id\":\"https:\\\/\\\/atami.com\\\/es#website\"},\"primaryImageOfPage\":{\"@id\":\"https:\\\/\\\/atami.com\\\/es\\\/producto\\\/bcuzz-coco-ab#primaryimage\"},\"image\":{\"@id\":\"https:\\\/\\\/atami.com\\\/es\\\/producto\\\/bcuzz-coco-ab#primaryimage\"},\"thumbnailUrl\":\"https:\\\/\\\/atami.com\\\/wp-content\\\/uploads\\\/2023\\\/02\\\/Bcuzz-Coco-AB-product-image.webp\",\"datePublished\":\"2023-02-13T07:55:42+00:00\",\"dateModified\":\"2025-11-07T15:50:56+00:00\",\"description\":\"Descubre B'cuzz Coco A&B, la soluci\u00f3n ideal para el crecimiento robusto de tus plantas en sustratos de coco. Nutrientes espec\u00edficos para asegurar un desarrollo saludable durante todo el ciclo de cultivo.\",\"breadcrumb\":{\"@id\":\"https:\\\/\\\/atami.com\\\/es\\\/producto\\\/bcuzz-coco-ab#breadcrumb\"},\"inLanguage\":\"es\",\"potentialAction\":[{\"@type\":\"ReadAction\",\"target\":[\"https:\\\/\\\/atami.com\\\/es\\\/producto\\\/bcuzz-coco-ab\"]}]},{\"@type\":\"ImageObject\",\"inLanguage\":\"es\",\"@id\":\"https:\\\/\\\/atami.com\\\/es\\\/producto\\\/bcuzz-coco-ab#primaryimage\",\"url\":\"https:\\\/\\\/atami.com\\\/wp-content\\\/uploads\\\/2023\\\/02\\\/Bcuzz-Coco-AB-product-image.webp\",\"contentUrl\":\"https:\\\/\\\/atami.com\\\/wp-content\\\/uploads\\\/2023\\\/02\\\/Bcuzz-Coco-AB-product-image.webp\",\"width\":1080,\"height\":1080,\"caption\":\"B\u2019cuzz Coco A&B aporta minerales esenciales durante todo el ciclo de crecimiento, asegurando un equilibrio biol\u00f3gico y estable en los sustratos de coco.\"},{\"@type\":\"BreadcrumbList\",\"@id\":\"https:\\\/\\\/atami.com\\\/es\\\/producto\\\/bcuzz-coco-ab#breadcrumb\",\"itemListElement\":[{\"@type\":\"ListItem\",\"position\":1,\"name\":\"Home\",\"item\":\"https:\\\/\\\/atami.com\\\/es\"},{\"@type\":\"ListItem\",\"position\":2,\"name\":\"Productos\",\"item\":\"https:\\\/\\\/atami.com\\\/es\\\/shop\"},{\"@type\":\"ListItem\",\"position\":3,\"name\":\"B'cuzz\",\"item\":\"https:\\\/\\\/atami.com\\\/es\\\/categoria-producto\\\/marcas\\\/bcuzz\"},{\"@type\":\"ListItem\",\"position\":4,\"name\":\"B\u2019cuzz Coco A&#038;B\"}]},{\"@type\":\"WebSite\",\"@id\":\"https:\\\/\\\/atami.com\\\/es#website\",\"url\":\"https:\\\/\\\/atami.com\\\/es\",\"name\":\"Atami\",\"description\":\"NATURALLY INNOVATING!\",\"publisher\":{\"@id\":\"https:\\\/\\\/atami.com\\\/es#organization\"},\"potentialAction\":[{\"@type\":\"SearchAction\",\"target\":{\"@type\":\"EntryPoint\",\"urlTemplate\":\"https:\\\/\\\/atami.com\\\/es?s={search_term_string}\"},\"query-input\":{\"@type\":\"PropertyValueSpecification\",\"valueRequired\":true,\"valueName\":\"search_term_string\"}}],\"inLanguage\":\"es\"},{\"@type\":\"Organization\",\"@id\":\"https:\\\/\\\/atami.com\\\/es#organization\",\"name\":\"Atami\",\"url\":\"https:\\\/\\\/atami.com\\\/es\",\"logo\":{\"@type\":\"ImageObject\",\"inLanguage\":\"es\",\"@id\":\"https:\\\/\\\/atami.com\\\/es#\\\/schema\\\/logo\\\/image\\\/\",\"url\":\"https:\\\/\\\/atami.com\\\/wp-content\\\/uploads\\\/2026\\\/01\\\/Atami-logo-696x696px.webp\",\"contentUrl\":\"https:\\\/\\\/atami.com\\\/wp-content\\\/uploads\\\/2026\\\/01\\\/Atami-logo-696x696px.webp\",\"width\":696,\"height\":696,\"caption\":\"Atami\"},\"image\":{\"@id\":\"https:\\\/\\\/atami.com\\\/es#\\\/schema\\\/logo\\\/image\\\/\"},\"sameAs\":[\"https:\\\/\\\/www.facebook.com\\\/Atami.International\",\"https:\\\/\\\/x.com\\\/AtamiEU\",\"https:\\\/\\\/www.youtube.com\\\/c\\\/AtamiInternational\",\"https:\\\/\\\/www.instagram.com\\\/atami.international\\\/\"],\"description\":\"ATAMI is a premium plant nutrition & substrate brand founded in 1997 with the mission to make exceptional cultivation achievable for everyone. From legacy to license, we offer a wide variety of innovating award-winning products to let cultivators achieve maximum results in taste & yield.\",\"email\":\"info@mginnovations.es\",\"legalName\":\"Atami\",\"numberOfEmployees\":{\"@type\":\"QuantitativeValue\",\"minValue\":\"11\",\"maxValue\":\"50\"}}]}<\/script>\n<!-- \/ Yoast SEO Premium plugin. -->","yoast_head_json":{"title":"BCuzz Coco AB | Fertilizante Ideal para Cultivos en Coco","description":"Descubre B'cuzz Coco A&B, la soluci\u00f3n ideal para el crecimiento robusto de tus plantas en sustratos de coco. Nutrientes espec\u00edficos para asegurar un desarrollo saludable durante todo el ciclo de cultivo.","robots":{"index":"index","follow":"follow","max-snippet":"max-snippet:-1","max-image-preview":"max-image-preview:large","max-video-preview":"max-video-preview:-1"},"canonical":"https:\/\/atami.com\/es\/producto\/bcuzz-coco-ab","og_locale":"es_ES","og_type":"article","og_title":"B\u2019cuzz Coco A&B","og_description":"Descubre B'cuzz Coco A&B, la soluci\u00f3n ideal para el crecimiento robusto de tus plantas en sustratos de coco. Nutrientes espec\u00edficos para asegurar un desarrollo saludable durante todo el ciclo de cultivo.","og_url":"https:\/\/atami.com\/es\/producto\/bcuzz-coco-ab","og_site_name":"Atami","article_publisher":"https:\/\/www.facebook.com\/Atami.International","article_modified_time":"2025-11-07T15:50:56+00:00","og_image":[{"width":1080,"height":1080,"url":"https:\/\/atami.com\/wp-content\/uploads\/2023\/02\/Bcuzz-Coco-AB-product-image.webp","type":"image\/webp"}],"twitter_card":"summary_large_image","twitter_site":"@AtamiEU","twitter_misc":{"Tiempo de lectura":"2 minutos"},"schema":{"@context":"https:\/\/schema.org","@graph":[{"@type":"WebPage","@id":"https:\/\/atami.com\/es\/producto\/bcuzz-coco-ab","url":"https:\/\/atami.com\/es\/producto\/bcuzz-coco-ab","name":"BCuzz Coco AB | Fertilizante Ideal para Cultivos en Coco","isPartOf":{"@id":"https:\/\/atami.com\/es#website"},"primaryImageOfPage":{"@id":"https:\/\/atami.com\/es\/producto\/bcuzz-coco-ab#primaryimage"},"image":{"@id":"https:\/\/atami.com\/es\/producto\/bcuzz-coco-ab#primaryimage"},"thumbnailUrl":"https:\/\/atami.com\/wp-content\/uploads\/2023\/02\/Bcuzz-Coco-AB-product-image.webp","datePublished":"2023-02-13T07:55:42+00:00","dateModified":"2025-11-07T15:50:56+00:00","description":"Descubre B'cuzz Coco A&B, la soluci\u00f3n ideal para el crecimiento robusto de tus plantas en sustratos de coco. Nutrientes espec\u00edficos para asegurar un desarrollo saludable durante todo el ciclo de cultivo.","breadcrumb":{"@id":"https:\/\/atami.com\/es\/producto\/bcuzz-coco-ab#breadcrumb"},"inLanguage":"es","potentialAction":[{"@type":"ReadAction","target":["https:\/\/atami.com\/es\/producto\/bcuzz-coco-ab"]}]},{"@type":"ImageObject","inLanguage":"es","@id":"https:\/\/atami.com\/es\/producto\/bcuzz-coco-ab#primaryimage","url":"https:\/\/atami.com\/wp-content\/uploads\/2023\/02\/Bcuzz-Coco-AB-product-image.webp","contentUrl":"https:\/\/atami.com\/wp-content\/uploads\/2023\/02\/Bcuzz-Coco-AB-product-image.webp","width":1080,"height":1080,"caption":"B\u2019cuzz Coco A&B aporta minerales esenciales durante todo el ciclo de crecimiento, asegurando un equilibrio biol\u00f3gico y estable en los sustratos de coco."},{"@type":"BreadcrumbList","@id":"https:\/\/atami.com\/es\/producto\/bcuzz-coco-ab#breadcrumb","itemListElement":[{"@type":"ListItem","position":1,"name":"Home","item":"https:\/\/atami.com\/es"},{"@type":"ListItem","position":2,"name":"Productos","item":"https:\/\/atami.com\/es\/shop"},{"@type":"ListItem","position":3,"name":"B'cuzz","item":"https:\/\/atami.com\/es\/categoria-producto\/marcas\/bcuzz"},{"@type":"ListItem","position":4,"name":"B\u2019cuzz Coco A&#038;B"}]},{"@type":"WebSite","@id":"https:\/\/atami.com\/es#website","url":"https:\/\/atami.com\/es","name":"Atami","description":"NATURALLY INNOVATING!","publisher":{"@id":"https:\/\/atami.com\/es#organization"},"potentialAction":[{"@type":"SearchAction","target":{"@type":"EntryPoint","urlTemplate":"https:\/\/atami.com\/es?s={search_term_string}"},"query-input":{"@type":"PropertyValueSpecification","valueRequired":true,"valueName":"search_term_string"}}],"inLanguage":"es"},{"@type":"Organization","@id":"https:\/\/atami.com\/es#organization","name":"Atami","url":"https:\/\/atami.com\/es","logo":{"@type":"ImageObject","inLanguage":"es","@id":"https:\/\/atami.com\/es#\/schema\/logo\/image\/","url":"https:\/\/atami.com\/wp-content\/uploads\/2026\/01\/Atami-logo-696x696px.webp","contentUrl":"https:\/\/atami.com\/wp-content\/uploads\/2026\/01\/Atami-logo-696x696px.webp","width":696,"height":696,"caption":"Atami"},"image":{"@id":"https:\/\/atami.com\/es#\/schema\/logo\/image\/"},"sameAs":["https:\/\/www.facebook.com\/Atami.International","https:\/\/x.com\/AtamiEU","https:\/\/www.youtube.com\/c\/AtamiInternational","https:\/\/www.instagram.com\/atami.international\/"],"description":"ATAMI is a premium plant nutrition & substrate brand founded in 1997 with the mission to make exceptional cultivation achievable for everyone. From legacy to license, we offer a wide variety of innovating award-winning products to let cultivators achieve maximum results in taste & yield.","email":"info@mginnovations.es","legalName":"Atami","numberOfEmployees":{"@type":"QuantitativeValue","minValue":"11","maxValue":"50"}}]}},"_links":{"self":[{"href":"https:\/\/atami.com\/es\/wp-json\/wp\/v2\/product\/22081","targetHints":{"allow":["GET"]}}],"collection":[{"href":"https:\/\/atami.com\/es\/wp-json\/wp\/v2\/product"}],"about":[{"href":"https:\/\/atami.com\/es\/wp-json\/wp\/v2\/types\/product"}],"replies":[{"embeddable":true,"href":"https:\/\/atami.com\/es\/wp-json\/wp\/v2\/comments?post=22081"}],"wp:featuredmedia":[{"embeddable":true,"href":"https:\/\/atami.com\/es\/wp-json\/wp\/v2\/media\/201972"}],"wp:attachment":[{"href":"https:\/\/atami.com\/es\/wp-json\/wp\/v2\/media?parent=22081"}],"wp:term":[{"taxonomy":"product_brand","embeddable":true,"href":"https:\/\/atami.com\/es\/wp-json\/wp\/v2\/product_brand?post=22081"},{"taxonomy":"product_cat","embeddable":true,"href":"https:\/\/atami.com\/es\/wp-json\/wp\/v2\/product_cat?post=22081"},{"taxonomy":"product_tag","embeddable":true,"href":"https:\/\/atami.com\/es\/wp-json\/wp\/v2\/product_tag?post=22081"}],"curies":[{"name":"wp","href":"https:\/\/api.w.org\/{rel}","templated":true}]}}