{"id":22079,"date":"2023-02-10T15:52:06","date_gmt":"2023-02-10T15:52:06","guid":{"rendered":"https:\/\/atami.com\/product\/bcuzz-hydro-ab\/"},"modified":"2025-11-07T17:51:16","modified_gmt":"2025-11-07T15:51:16","slug":"bcuzz-hydro-ab","status":"publish","type":"product","link":"https:\/\/atami.com\/es\/producto\/bcuzz-hydro-ab","title":{"rendered":"B\u2019cuzz Hydro A&#038;B"},"content":{"rendered":"<p><strong>B\u2019cuzz Hydro A&amp;B son nutrientes b\u00e1sicos universales que proporcionan a la planta joven la nutrici\u00f3n mineral concentrada y espec\u00edfica que necesita para convertirse en una planta fuerte y saludable.<\/strong><\/p>\n<p>&nbsp;<\/p>\n<p>En hidrocultura se utiliza una mayor dosis de nutrientes. Esta es la raz\u00f3n principal de una mayor concentraci\u00f3n de nutrientes en Hydro A&amp;B. El sustrato Hydro Rokz (a base de arlita) apenas retiene nutrientes y estos se eliminan f\u00e1cilmente, por lo que las ra\u00edces no disponen de mucho tiempo para absorber nutrientes adicionales de su entorno. Entonces, para satisfacer las necesidades de la planta, el riego debe realizarse con m\u00e1s frecuencia y con una mayor concentraci\u00f3n de nutrientes, posibilitando tambi\u00e9n la circulaci\u00f3n de la soluci\u00f3n nutritiva que permanecer\u00e1 rica en nutrientes durante un per\u00edodo m\u00e1s largo.<\/p>\n<p>&nbsp;<\/p>\n<p><strong>ESPECIALMENTE APTO PARA<\/strong><br \/>\nDiferentes tipos de verduras, frutas y hierbas como berenjenas, salvia y albahaca. Tambi\u00e9n se puede utilizar para plantas de interior y en macetas (por ejemplo, anturio, lavanda, gerbera). La dosis requerida se puede medir para satisfacer las necesidades de cualquier planta individual o cultivo.<\/p>\n<p>&nbsp;<\/p>\n<p><strong>USO<\/strong><br \/>\nDebido a que ciertos nutrientes en la soluci\u00f3n reaccionan qu\u00edmicamente entre s\u00ed en altas concentraciones, los nutrientes vienen en dos botellas separadas, A y B. Los concentrados A y B solo pueden mezclarse entre s\u00ed en combinaci\u00f3n con agua.<\/p>\n<p>&nbsp;<\/p>\n<p><strong>DOSIS<\/strong><br \/>\n1 \u2013 3 ml A y 1 \u2013 3 ml B por litro de agua.<\/p>\n<p>&nbsp;<\/p>\n<p><strong>Hydro A: NK 5-5 W\/W<\/strong><br \/>\n<strong>Hydro B: PK 4-6 W\/W<\/strong><\/p>\n<p>&nbsp;<\/p>\n<p><strong>DISPONIBLE EN 1L, 5L Y 10L.<\/strong><\/p>\n","protected":false},"excerpt":{"rendered":"<p>Plantas fuertes y sanas<\/p>\n","protected":false},"featured_media":201987,"comment_status":"closed","ping_status":"closed","template":"","meta":{"_acf_changed":false,"iawp_total_views":244},"product_brand":[],"product_cat":[224,221],"product_tag":[],"class_list":{"0":"post-22079","1":"product","2":"type-product","3":"status-publish","4":"has-post-thumbnail","6":"product_cat-bcuzz","7":"product_cat-nutrientes-basicos","9":"first","10":"instock","11":"shipping-taxable","12":"product-type-simple"},"acf":{"short_description":"<p><strong>B\u2019cuzz Hydro A&B son nutrientes b\u00e1sicos universales que proporcionan a la planta joven la nutrici\u00f3n mineral concentrada y espec\u00edfica que necesita para convertirse en una planta fuerte y saludable.<\/strong><\/p><p>\u00a0<\/p><p>En hidrocultura se utiliza una mayor dosis de nutrientes. Esta es la raz\u00f3n principal de una mayor concentraci\u00f3n de nutrientes en Hydro A&B. El sustrato Hydro Rokz (a base de arlita) apenas retiene nutrientes y estos se eliminan f\u00e1cilmente, por lo que las ra\u00edces no disponen de mucho tiempo para absorber nutrientes adicionales de su entorno. Entonces, para satisfacer las necesidades de la planta, el riego debe realizarse con m\u00e1s frecuencia y con una mayor concentraci\u00f3n de nutrientes, posibilitando tambi\u00e9n la circulaci\u00f3n de la soluci\u00f3n nutritiva que permanecer\u00e1 rica en nutrientes durante un per\u00edodo m\u00e1s largo.<\/p>","suitable_for":"Diferentes tipos de verduras, frutas y hierbas como berenjenas, salvia y albahaca. Tambi\u00e9n se puede utilizar para plantas de interior y en macetas (por ejemplo, anturio, lavanda, gerbera). La dosis requerida se puede medir para satisfacer las necesidades de cualquier planta individual o cultivo.","application":"Debido a que ciertos nutrientes en la soluci\u00f3n reaccionan qu\u00edmicamente entre s\u00ed en altas concentraciones, los nutrientes vienen en dos botellas separadas, A y B. Los concentrados A y B solo pueden mezclarse entre s\u00ed en combinaci\u00f3n con agua.","dosage":"1 \u2013 3 ml A y 1 \u2013 3 ml B por litro de agua.","npk_ratio":"Hydro A: NK 5-5 W\/W<br \/>Hydro B: PK 4-6 W\/W","available_in":"1L, 5L Y 10L","icon_1":191556,"icon_1_text":"PLANTA FUERTE Y SALUDABLE","icon_2":191571,"icon_2_text":"\u00daTIL DURANTE TODO EL CICLO DE CULTIVO","icon_3":191586,"icon_3_text":"PARA SISTEMAS HIDROP\u00d3NICOS","icon_4":"","icon_4_text":"","video":"","second_image":791,"product_image_page":24037,"user_manual":"","new_icon_1":"","new_icon_2":"","new_icon_3":"","new_icon_4":"","grow_guides":null,"category":"Nutriente base"},"yoast_head":"<!-- This site is optimized with the Yoast SEO Premium plugin v27.4 (Yoast SEO v27.4) - https:\/\/yoast.com\/product\/yoast-seo-premium-wordpress\/ -->\n<title>B\u2019cuzz Hydro A&amp;B | Plantas fuertes y sanas | Atami<\/title>\n<meta name=\"description\" content=\"B\u2019cuzz Hydro A&amp;B are universal base nutrients that provide the (young) plant with the concentrated and specific mineral nutrition it requires to develop itself into a strong and healthy plant.\" \/>\n<meta name=\"robots\" content=\"index, follow, max-snippet:-1, max-image-preview:large, max-video-preview:-1\" \/>\n<link rel=\"canonical\" href=\"https:\/\/atami.com\/es\/producto\/bcuzz-hydro-ab\" \/>\n<meta property=\"og:locale\" content=\"es_ES\" \/>\n<meta property=\"og:type\" content=\"article\" \/>\n<meta property=\"og:title\" content=\"B\u2019cuzz Hydro A&amp;B\" \/>\n<meta property=\"og:description\" content=\"B\u2019cuzz Hydro A&amp;B are universal base nutrients that provide the (young) plant with the concentrated and specific mineral nutrition it requires to develop itself into a strong and healthy plant.\" \/>\n<meta property=\"og:url\" content=\"https:\/\/atami.com\/es\/producto\/bcuzz-hydro-ab\" \/>\n<meta property=\"og:site_name\" content=\"Atami\" \/>\n<meta property=\"article:publisher\" content=\"https:\/\/www.facebook.com\/Atami.International\" \/>\n<meta property=\"article:modified_time\" content=\"2025-11-07T15:51:16+00:00\" \/>\n<meta property=\"og:image\" content=\"https:\/\/atami.com\/wp-content\/uploads\/2023\/02\/Bcuzz-Hydro-AB-product-image.webp\" \/>\n\t<meta property=\"og:image:width\" content=\"1080\" \/>\n\t<meta property=\"og:image:height\" content=\"1080\" \/>\n\t<meta property=\"og:image:type\" content=\"image\/webp\" \/>\n<meta name=\"twitter:card\" content=\"summary_large_image\" \/>\n<meta name=\"twitter:site\" content=\"@AtamiEU\" \/>\n<meta name=\"twitter:label1\" content=\"Tiempo de lectura\" \/>\n\t<meta name=\"twitter:data1\" content=\"2 minutos\" \/>\n<script type=\"application\/ld+json\" class=\"yoast-schema-graph\">{\"@context\":\"https:\\\/\\\/schema.org\",\"@graph\":[{\"@type\":\"WebPage\",\"@id\":\"https:\\\/\\\/atami.com\\\/es\\\/producto\\\/bcuzz-hydro-ab\",\"url\":\"https:\\\/\\\/atami.com\\\/es\\\/producto\\\/bcuzz-hydro-ab\",\"name\":\"B\u2019cuzz Hydro A&B | Plantas fuertes y sanas | Atami\",\"isPartOf\":{\"@id\":\"https:\\\/\\\/atami.com\\\/es#website\"},\"primaryImageOfPage\":{\"@id\":\"https:\\\/\\\/atami.com\\\/es\\\/producto\\\/bcuzz-hydro-ab#primaryimage\"},\"image\":{\"@id\":\"https:\\\/\\\/atami.com\\\/es\\\/producto\\\/bcuzz-hydro-ab#primaryimage\"},\"thumbnailUrl\":\"https:\\\/\\\/atami.com\\\/wp-content\\\/uploads\\\/2023\\\/02\\\/Bcuzz-Hydro-AB-product-image.webp\",\"datePublished\":\"2023-02-10T15:52:06+00:00\",\"dateModified\":\"2025-11-07T15:51:16+00:00\",\"description\":\"B\u2019cuzz Hydro A&B are universal base nutrients that provide the (young) plant with the concentrated and specific mineral nutrition it requires to develop itself into a strong and healthy plant.\",\"breadcrumb\":{\"@id\":\"https:\\\/\\\/atami.com\\\/es\\\/producto\\\/bcuzz-hydro-ab#breadcrumb\"},\"inLanguage\":\"es\",\"potentialAction\":[{\"@type\":\"ReadAction\",\"target\":[\"https:\\\/\\\/atami.com\\\/es\\\/producto\\\/bcuzz-hydro-ab\"]}]},{\"@type\":\"ImageObject\",\"inLanguage\":\"es\",\"@id\":\"https:\\\/\\\/atami.com\\\/es\\\/producto\\\/bcuzz-hydro-ab#primaryimage\",\"url\":\"https:\\\/\\\/atami.com\\\/wp-content\\\/uploads\\\/2023\\\/02\\\/Bcuzz-Hydro-AB-product-image.webp\",\"contentUrl\":\"https:\\\/\\\/atami.com\\\/wp-content\\\/uploads\\\/2023\\\/02\\\/Bcuzz-Hydro-AB-product-image.webp\",\"width\":1080,\"height\":1080,\"caption\":\"B\u2019cuzz Hydro A&B aporta minerales esenciales durante todo el ciclo de crecimiento, asegurando un equilibrio biol\u00f3gico y estable en los sustratos hidrop\u00f3nicos.\"},{\"@type\":\"BreadcrumbList\",\"@id\":\"https:\\\/\\\/atami.com\\\/es\\\/producto\\\/bcuzz-hydro-ab#breadcrumb\",\"itemListElement\":[{\"@type\":\"ListItem\",\"position\":1,\"name\":\"Home\",\"item\":\"https:\\\/\\\/atami.com\\\/es\"},{\"@type\":\"ListItem\",\"position\":2,\"name\":\"Productos\",\"item\":\"https:\\\/\\\/atami.com\\\/es\\\/shop\"},{\"@type\":\"ListItem\",\"position\":3,\"name\":\"B'cuzz\",\"item\":\"https:\\\/\\\/atami.com\\\/es\\\/categoria-producto\\\/marcas\\\/bcuzz\"},{\"@type\":\"ListItem\",\"position\":4,\"name\":\"B\u2019cuzz Hydro A&#038;B\"}]},{\"@type\":\"WebSite\",\"@id\":\"https:\\\/\\\/atami.com\\\/es#website\",\"url\":\"https:\\\/\\\/atami.com\\\/es\",\"name\":\"Atami\",\"description\":\"NATURALLY INNOVATING!\",\"publisher\":{\"@id\":\"https:\\\/\\\/atami.com\\\/es#organization\"},\"potentialAction\":[{\"@type\":\"SearchAction\",\"target\":{\"@type\":\"EntryPoint\",\"urlTemplate\":\"https:\\\/\\\/atami.com\\\/es?s={search_term_string}\"},\"query-input\":{\"@type\":\"PropertyValueSpecification\",\"valueRequired\":true,\"valueName\":\"search_term_string\"}}],\"inLanguage\":\"es\"},{\"@type\":\"Organization\",\"@id\":\"https:\\\/\\\/atami.com\\\/es#organization\",\"name\":\"Atami\",\"url\":\"https:\\\/\\\/atami.com\\\/es\",\"logo\":{\"@type\":\"ImageObject\",\"inLanguage\":\"es\",\"@id\":\"https:\\\/\\\/atami.com\\\/es#\\\/schema\\\/logo\\\/image\\\/\",\"url\":\"https:\\\/\\\/atami.com\\\/wp-content\\\/uploads\\\/2026\\\/01\\\/Atami-logo-696x696px.webp\",\"contentUrl\":\"https:\\\/\\\/atami.com\\\/wp-content\\\/uploads\\\/2026\\\/01\\\/Atami-logo-696x696px.webp\",\"width\":696,\"height\":696,\"caption\":\"Atami\"},\"image\":{\"@id\":\"https:\\\/\\\/atami.com\\\/es#\\\/schema\\\/logo\\\/image\\\/\"},\"sameAs\":[\"https:\\\/\\\/www.facebook.com\\\/Atami.International\",\"https:\\\/\\\/x.com\\\/AtamiEU\",\"https:\\\/\\\/www.youtube.com\\\/c\\\/AtamiInternational\",\"https:\\\/\\\/www.instagram.com\\\/atami.international\\\/\"],\"description\":\"ATAMI is a premium plant nutrition & substrate brand founded in 1997 with the mission to make exceptional cultivation achievable for everyone. From legacy to license, we offer a wide variety of innovating award-winning products to let cultivators achieve maximum results in taste & yield.\",\"email\":\"info@mginnovations.es\",\"legalName\":\"Atami\",\"numberOfEmployees\":{\"@type\":\"QuantitativeValue\",\"minValue\":\"11\",\"maxValue\":\"50\"}}]}<\/script>\n<!-- \/ Yoast SEO Premium plugin. -->","yoast_head_json":{"title":"B\u2019cuzz Hydro A&B | Plantas fuertes y sanas | Atami","description":"B\u2019cuzz Hydro A&B are universal base nutrients that provide the (young) plant with the concentrated and specific mineral nutrition it requires to develop itself into a strong and healthy plant.","robots":{"index":"index","follow":"follow","max-snippet":"max-snippet:-1","max-image-preview":"max-image-preview:large","max-video-preview":"max-video-preview:-1"},"canonical":"https:\/\/atami.com\/es\/producto\/bcuzz-hydro-ab","og_locale":"es_ES","og_type":"article","og_title":"B\u2019cuzz Hydro A&B","og_description":"B\u2019cuzz Hydro A&B are universal base nutrients that provide the (young) plant with the concentrated and specific mineral nutrition it requires to develop itself into a strong and healthy plant.","og_url":"https:\/\/atami.com\/es\/producto\/bcuzz-hydro-ab","og_site_name":"Atami","article_publisher":"https:\/\/www.facebook.com\/Atami.International","article_modified_time":"2025-11-07T15:51:16+00:00","og_image":[{"width":1080,"height":1080,"url":"https:\/\/atami.com\/wp-content\/uploads\/2023\/02\/Bcuzz-Hydro-AB-product-image.webp","type":"image\/webp"}],"twitter_card":"summary_large_image","twitter_site":"@AtamiEU","twitter_misc":{"Tiempo de lectura":"2 minutos"},"schema":{"@context":"https:\/\/schema.org","@graph":[{"@type":"WebPage","@id":"https:\/\/atami.com\/es\/producto\/bcuzz-hydro-ab","url":"https:\/\/atami.com\/es\/producto\/bcuzz-hydro-ab","name":"B\u2019cuzz Hydro A&B | Plantas fuertes y sanas | Atami","isPartOf":{"@id":"https:\/\/atami.com\/es#website"},"primaryImageOfPage":{"@id":"https:\/\/atami.com\/es\/producto\/bcuzz-hydro-ab#primaryimage"},"image":{"@id":"https:\/\/atami.com\/es\/producto\/bcuzz-hydro-ab#primaryimage"},"thumbnailUrl":"https:\/\/atami.com\/wp-content\/uploads\/2023\/02\/Bcuzz-Hydro-AB-product-image.webp","datePublished":"2023-02-10T15:52:06+00:00","dateModified":"2025-11-07T15:51:16+00:00","description":"B\u2019cuzz Hydro A&B are universal base nutrients that provide the (young) plant with the concentrated and specific mineral nutrition it requires to develop itself into a strong and healthy plant.","breadcrumb":{"@id":"https:\/\/atami.com\/es\/producto\/bcuzz-hydro-ab#breadcrumb"},"inLanguage":"es","potentialAction":[{"@type":"ReadAction","target":["https:\/\/atami.com\/es\/producto\/bcuzz-hydro-ab"]}]},{"@type":"ImageObject","inLanguage":"es","@id":"https:\/\/atami.com\/es\/producto\/bcuzz-hydro-ab#primaryimage","url":"https:\/\/atami.com\/wp-content\/uploads\/2023\/02\/Bcuzz-Hydro-AB-product-image.webp","contentUrl":"https:\/\/atami.com\/wp-content\/uploads\/2023\/02\/Bcuzz-Hydro-AB-product-image.webp","width":1080,"height":1080,"caption":"B\u2019cuzz Hydro A&B aporta minerales esenciales durante todo el ciclo de crecimiento, asegurando un equilibrio biol\u00f3gico y estable en los sustratos hidrop\u00f3nicos."},{"@type":"BreadcrumbList","@id":"https:\/\/atami.com\/es\/producto\/bcuzz-hydro-ab#breadcrumb","itemListElement":[{"@type":"ListItem","position":1,"name":"Home","item":"https:\/\/atami.com\/es"},{"@type":"ListItem","position":2,"name":"Productos","item":"https:\/\/atami.com\/es\/shop"},{"@type":"ListItem","position":3,"name":"B'cuzz","item":"https:\/\/atami.com\/es\/categoria-producto\/marcas\/bcuzz"},{"@type":"ListItem","position":4,"name":"B\u2019cuzz Hydro A&#038;B"}]},{"@type":"WebSite","@id":"https:\/\/atami.com\/es#website","url":"https:\/\/atami.com\/es","name":"Atami","description":"NATURALLY INNOVATING!","publisher":{"@id":"https:\/\/atami.com\/es#organization"},"potentialAction":[{"@type":"SearchAction","target":{"@type":"EntryPoint","urlTemplate":"https:\/\/atami.com\/es?s={search_term_string}"},"query-input":{"@type":"PropertyValueSpecification","valueRequired":true,"valueName":"search_term_string"}}],"inLanguage":"es"},{"@type":"Organization","@id":"https:\/\/atami.com\/es#organization","name":"Atami","url":"https:\/\/atami.com\/es","logo":{"@type":"ImageObject","inLanguage":"es","@id":"https:\/\/atami.com\/es#\/schema\/logo\/image\/","url":"https:\/\/atami.com\/wp-content\/uploads\/2026\/01\/Atami-logo-696x696px.webp","contentUrl":"https:\/\/atami.com\/wp-content\/uploads\/2026\/01\/Atami-logo-696x696px.webp","width":696,"height":696,"caption":"Atami"},"image":{"@id":"https:\/\/atami.com\/es#\/schema\/logo\/image\/"},"sameAs":["https:\/\/www.facebook.com\/Atami.International","https:\/\/x.com\/AtamiEU","https:\/\/www.youtube.com\/c\/AtamiInternational","https:\/\/www.instagram.com\/atami.international\/"],"description":"ATAMI is a premium plant nutrition & substrate brand founded in 1997 with the mission to make exceptional cultivation achievable for everyone. From legacy to license, we offer a wide variety of innovating award-winning products to let cultivators achieve maximum results in taste & yield.","email":"info@mginnovations.es","legalName":"Atami","numberOfEmployees":{"@type":"QuantitativeValue","minValue":"11","maxValue":"50"}}]}},"_links":{"self":[{"href":"https:\/\/atami.com\/es\/wp-json\/wp\/v2\/product\/22079","targetHints":{"allow":["GET"]}}],"collection":[{"href":"https:\/\/atami.com\/es\/wp-json\/wp\/v2\/product"}],"about":[{"href":"https:\/\/atami.com\/es\/wp-json\/wp\/v2\/types\/product"}],"replies":[{"embeddable":true,"href":"https:\/\/atami.com\/es\/wp-json\/wp\/v2\/comments?post=22079"}],"wp:featuredmedia":[{"embeddable":true,"href":"https:\/\/atami.com\/es\/wp-json\/wp\/v2\/media\/201987"}],"wp:attachment":[{"href":"https:\/\/atami.com\/es\/wp-json\/wp\/v2\/media?parent=22079"}],"wp:term":[{"taxonomy":"product_brand","embeddable":true,"href":"https:\/\/atami.com\/es\/wp-json\/wp\/v2\/product_brand?post=22079"},{"taxonomy":"product_cat","embeddable":true,"href":"https:\/\/atami.com\/es\/wp-json\/wp\/v2\/product_cat?post=22079"},{"taxonomy":"product_tag","embeddable":true,"href":"https:\/\/atami.com\/es\/wp-json\/wp\/v2\/product_tag?post=22079"}],"curies":[{"name":"wp","href":"https:\/\/api.w.org\/{rel}","templated":true}]}}