{"id":22075,"date":"2023-02-10T15:07:15","date_gmt":"2023-02-10T15:07:15","guid":{"rendered":"https:\/\/atami.com\/product\/ata-nrg-flavor\/"},"modified":"2025-11-10T15:37:59","modified_gmt":"2025-11-10T13:37:59","slug":"ata-nrg-flavor","status":"publish","type":"product","link":"https:\/\/atami.com\/es\/producto\/ata-nrg-flavor","title":{"rendered":"ATA NRG Flavor"},"content":{"rendered":"<p><strong>Este suplemento de floraci\u00f3n est\u00e1 compuesto por melazas de remolacha y es rico en potasio (K). ATA NRG Flavor estimula la disposici\u00f3n de la planta a florecer y proporciona flores exuberantes.<\/strong><\/p>\n<p>&nbsp;<\/p>\n<p>El potasio contribuye significativamente a un flujo \u00f3ptimo de la savia en la planta. \u00c9ste hace que la planta desarrolle un tronco y unas ramas fuertes, lo que generar\u00e1 una mejor cosecha. A\u00f1adir ATA NRG Flavor a la nutrici\u00f3n habitual de tus plantas tambi\u00e9n tendr\u00e1 un efecto positivo en el sabor y el aroma de tus productos.<\/p>\n<p>&nbsp;<\/p>\n<p><strong>APTO PARA<\/strong><br \/>\nDiferentes tipos de verduras y frutas como pimientos, tomates cherry, fresas, melones, frambuesas, etc.<\/p>\n<p>&nbsp;<\/p>\n<p><strong>USO<\/strong><br \/>\nA\u00f1adir las 2 \u00faltimas semanas de la fase de floraci\u00f3n. ATA NRG Flavor es adecuado para todos los sustratos y es directamente absorbible por la planta. Es un fertilizante ideal para el crecimiento de casi todos los cultivos en sustratos de tierra, hidro o coco. Cuando se utilizan sistemas de riego, ATA NRG Flavor solo se puede administrar manualmente con una regadera. En caso contrario, existe un riesgo de obstrucciones.<\/p>\n<p>&nbsp;<\/p>\n<p><strong>DOSIS<\/strong><br \/>\n0,25 \u2013 1,5 ml por litro de agua.<\/p>\n<p>&nbsp;<\/p>\n<p><strong>K 7 W\/W<\/strong><\/p>\n<p>&nbsp;<\/p>\n<p><strong>DISPONIBLE EN 1L Y 5L.<\/strong><\/p>\n","protected":false},"excerpt":{"rendered":"<p>Potencia el aroma y el sabor<\/p>\n","protected":false},"featured_media":23977,"comment_status":"closed","ping_status":"closed","template":"","meta":{"_acf_changed":false,"iawp_total_views":582},"product_brand":[],"product_cat":[222,223],"product_tag":[],"class_list":{"0":"post-22075","1":"product","2":"type-product","3":"status-publish","4":"has-post-thumbnail","6":"product_cat-aditivos","7":"product_cat-ata-nrg","9":"first","10":"instock","11":"shipping-taxable","12":"product-type-simple"},"acf":{"short_description":"<p><strong>Este suplemento de floraci\u00f3n est\u00e1 compuesto por melazas de remolacha y es rico en potasio (K). ATA NRG Flavor estimula la disposici\u00f3n de la planta a florecer y proporciona flores exuberantes.<\/strong><\/p><p>&nbsp;<\/p><p>El potasio contribuye significativamente a un flujo \u00f3ptimo de la savia en la planta. \u00c9ste hace que la planta desarrolle un tronco y unas ramas fuertes, lo que generar\u00e1 una mejor cosecha. A\u00f1adir ATA NRG Flavor a la nutrici\u00f3n habitual de tus plantas tambi\u00e9n tendr\u00e1 un efecto positivo en el sabor y el aroma de tus productos.<\/p>","suitable_for":"<p>Diferentes tipos de verduras y frutas como pimientos, tomates cherry, fresas, melones, frambuesas, etc.<\/p>","application":"<p>A\u00f1adir las 2 \u00faltimas semanas de la fase de floraci\u00f3n. ATA NRG Flavor es adecuado para todos los sustratos y es directamente absorbible por la planta. Es un fertilizante ideal para el crecimiento de casi todos los cultivos en sustratos de tierra, hidro o coco. Cuando se utilizan sistemas de riego, ATA NRG Flavor solo se puede administrar manualmente con una regadera. En caso contrario, existe un riesgo de obstrucciones.<\/p>","dosage":"<p>0,25 \u2013 1,5 ml por litro de agua.<\/p>","npk_ratio":"<p>K 7 W\/W<\/p>","available_in":"<p>1L Y 5L<\/p>","icon_1":2129,"icon_1_text":"APTO PARA TODOS LOS SUSTRATOS","icon_2":2133,"icon_2_text":"ESTIMULA LA PRODUCCI\u00d3N DE AZ\u00daCARES EN LA FLOR","icon_3":2137,"icon_3_text":"FLORACI\u00d3N EXUBERANTE","icon_4":"","icon_4_text":"","video":"https:\/\/youtu.be\/WfodHCVYJ9o","second_image":2125,"product_image_page":4108,"user_manual":"","new_icon_1":"","new_icon_2":"","new_icon_3":"","new_icon_4":"","grow_guides":"","category":"Aditivo"},"yoast_head":"<!-- This site is optimized with the Yoast SEO Premium plugin v27.5 (Yoast SEO v27.5) - https:\/\/yoast.com\/product\/yoast-seo-premium-wordpress\/ -->\n<title>ATA NRG Flavor \u2013 Mejora el sabor y aroma de tus cultivos<\/title>\n<meta name=\"description\" content=\"Descubre ATA NRG Flavor, el estimulador ideal para mejorar el sabor y aroma de tus plantas. Aumenta la calidad de tus cultivos con este potente producto de Atami. Perfecto para obtener resultados excepcionales en cada cosecha.\" \/>\n<meta name=\"robots\" content=\"index, follow, max-snippet:-1, max-image-preview:large, max-video-preview:-1\" \/>\n<link rel=\"canonical\" href=\"https:\/\/atami.com\/es\/producto\/ata-nrg-flavor\" \/>\n<meta property=\"og:locale\" content=\"es_ES\" \/>\n<meta property=\"og:type\" content=\"article\" \/>\n<meta property=\"og:title\" content=\"ATA NRG Flavor\" \/>\n<meta property=\"og:description\" content=\"Descubre ATA NRG Flavor, el estimulador ideal para mejorar el sabor y aroma de tus plantas. Aumenta la calidad de tus cultivos con este potente producto de Atami. Perfecto para obtener resultados excepcionales en cada cosecha.\" \/>\n<meta property=\"og:url\" content=\"https:\/\/atami.com\/es\/producto\/ata-nrg-flavor\" \/>\n<meta property=\"og:site_name\" content=\"Atami\" \/>\n<meta property=\"article:publisher\" content=\"https:\/\/www.facebook.com\/Atami.International\" \/>\n<meta property=\"article:modified_time\" content=\"2025-11-10T13:37:59+00:00\" \/>\n<meta property=\"og:image\" content=\"https:\/\/atami.com\/wp-content\/uploads\/2023\/02\/ATA-NRG-Flavor-Main-Image.webp\" \/>\n\t<meta property=\"og:image:width\" content=\"1080\" \/>\n\t<meta property=\"og:image:height\" content=\"1080\" \/>\n\t<meta property=\"og:image:type\" content=\"image\/webp\" \/>\n<meta name=\"twitter:card\" content=\"summary_large_image\" \/>\n<meta name=\"twitter:site\" content=\"@AtamiEU\" \/>\n<meta name=\"twitter:label1\" content=\"Tiempo de lectura\" \/>\n\t<meta name=\"twitter:data1\" content=\"2 minutos\" \/>\n<script type=\"application\/ld+json\" class=\"yoast-schema-graph\">{\"@context\":\"https:\\\/\\\/schema.org\",\"@graph\":[{\"@type\":\"WebPage\",\"@id\":\"https:\\\/\\\/atami.com\\\/es\\\/producto\\\/ata-nrg-flavor\",\"url\":\"https:\\\/\\\/atami.com\\\/es\\\/producto\\\/ata-nrg-flavor\",\"name\":\"ATA NRG Flavor \u2013 Mejora el sabor y aroma de tus cultivos\",\"isPartOf\":{\"@id\":\"https:\\\/\\\/atami.com\\\/es#website\"},\"primaryImageOfPage\":{\"@id\":\"https:\\\/\\\/atami.com\\\/es\\\/producto\\\/ata-nrg-flavor#primaryimage\"},\"image\":{\"@id\":\"https:\\\/\\\/atami.com\\\/es\\\/producto\\\/ata-nrg-flavor#primaryimage\"},\"thumbnailUrl\":\"https:\\\/\\\/atami.com\\\/wp-content\\\/uploads\\\/2023\\\/02\\\/ATA-NRG-Flavor-Main-Image.webp\",\"datePublished\":\"2023-02-10T15:07:15+00:00\",\"dateModified\":\"2025-11-10T13:37:59+00:00\",\"description\":\"Descubre ATA NRG Flavor, el estimulador ideal para mejorar el sabor y aroma de tus plantas. Aumenta la calidad de tus cultivos con este potente producto de Atami. Perfecto para obtener resultados excepcionales en cada cosecha.\",\"breadcrumb\":{\"@id\":\"https:\\\/\\\/atami.com\\\/es\\\/producto\\\/ata-nrg-flavor#breadcrumb\"},\"inLanguage\":\"es\",\"potentialAction\":[{\"@type\":\"ReadAction\",\"target\":[\"https:\\\/\\\/atami.com\\\/es\\\/producto\\\/ata-nrg-flavor\"]}]},{\"@type\":\"ImageObject\",\"inLanguage\":\"es\",\"@id\":\"https:\\\/\\\/atami.com\\\/es\\\/producto\\\/ata-nrg-flavor#primaryimage\",\"url\":\"https:\\\/\\\/atami.com\\\/wp-content\\\/uploads\\\/2023\\\/02\\\/ATA-NRG-Flavor-Main-Image.webp\",\"contentUrl\":\"https:\\\/\\\/atami.com\\\/wp-content\\\/uploads\\\/2023\\\/02\\\/ATA-NRG-Flavor-Main-Image.webp\",\"width\":1080,\"height\":1080,\"caption\":\"ATA NRG Flavor potencia la floraci\u00f3n de las plantas y mejora el sabor y aroma de frutas y flores.\"},{\"@type\":\"BreadcrumbList\",\"@id\":\"https:\\\/\\\/atami.com\\\/es\\\/producto\\\/ata-nrg-flavor#breadcrumb\",\"itemListElement\":[{\"@type\":\"ListItem\",\"position\":1,\"name\":\"Home\",\"item\":\"https:\\\/\\\/atami.com\\\/es\"},{\"@type\":\"ListItem\",\"position\":2,\"name\":\"Productos\",\"item\":\"https:\\\/\\\/atami.com\\\/es\\\/shop\"},{\"@type\":\"ListItem\",\"position\":3,\"name\":\"ATA NRG\",\"item\":\"https:\\\/\\\/atami.com\\\/es\\\/categoria-producto\\\/marcas\\\/ata-nrg\"},{\"@type\":\"ListItem\",\"position\":4,\"name\":\"ATA NRG Flavor\"}]},{\"@type\":\"WebSite\",\"@id\":\"https:\\\/\\\/atami.com\\\/es#website\",\"url\":\"https:\\\/\\\/atami.com\\\/es\",\"name\":\"Atami\",\"description\":\"NATURALLY INNOVATING!\",\"publisher\":{\"@id\":\"https:\\\/\\\/atami.com\\\/es#organization\"},\"potentialAction\":[{\"@type\":\"SearchAction\",\"target\":{\"@type\":\"EntryPoint\",\"urlTemplate\":\"https:\\\/\\\/atami.com\\\/es?s={search_term_string}\"},\"query-input\":{\"@type\":\"PropertyValueSpecification\",\"valueRequired\":true,\"valueName\":\"search_term_string\"}}],\"inLanguage\":\"es\"},{\"@type\":\"Organization\",\"@id\":\"https:\\\/\\\/atami.com\\\/es#organization\",\"name\":\"Atami\",\"url\":\"https:\\\/\\\/atami.com\\\/es\",\"logo\":{\"@type\":\"ImageObject\",\"inLanguage\":\"es\",\"@id\":\"https:\\\/\\\/atami.com\\\/es#\\\/schema\\\/logo\\\/image\\\/\",\"url\":\"https:\\\/\\\/atami.com\\\/wp-content\\\/uploads\\\/2026\\\/01\\\/Atami-logo-696x696px.webp\",\"contentUrl\":\"https:\\\/\\\/atami.com\\\/wp-content\\\/uploads\\\/2026\\\/01\\\/Atami-logo-696x696px.webp\",\"width\":696,\"height\":696,\"caption\":\"Atami\"},\"image\":{\"@id\":\"https:\\\/\\\/atami.com\\\/es#\\\/schema\\\/logo\\\/image\\\/\"},\"sameAs\":[\"https:\\\/\\\/www.facebook.com\\\/Atami.International\",\"https:\\\/\\\/x.com\\\/AtamiEU\",\"https:\\\/\\\/www.youtube.com\\\/c\\\/AtamiInternational\",\"https:\\\/\\\/www.instagram.com\\\/atami.international\\\/\"],\"description\":\"ATAMI is a premium plant nutrition & substrate brand founded in 1997 with the mission to make exceptional cultivation achievable for everyone. From legacy to license, we offer a wide variety of innovating award-winning products to let cultivators achieve maximum results in taste & yield.\",\"email\":\"info@mginnovations.es\",\"legalName\":\"Atami\",\"numberOfEmployees\":{\"@type\":\"QuantitativeValue\",\"minValue\":\"11\",\"maxValue\":\"50\"}}]}<\/script>\n<!-- \/ Yoast SEO Premium plugin. -->","yoast_head_json":{"title":"ATA NRG Flavor \u2013 Mejora el sabor y aroma de tus cultivos","description":"Descubre ATA NRG Flavor, el estimulador ideal para mejorar el sabor y aroma de tus plantas. Aumenta la calidad de tus cultivos con este potente producto de Atami. Perfecto para obtener resultados excepcionales en cada cosecha.","robots":{"index":"index","follow":"follow","max-snippet":"max-snippet:-1","max-image-preview":"max-image-preview:large","max-video-preview":"max-video-preview:-1"},"canonical":"https:\/\/atami.com\/es\/producto\/ata-nrg-flavor","og_locale":"es_ES","og_type":"article","og_title":"ATA NRG Flavor","og_description":"Descubre ATA NRG Flavor, el estimulador ideal para mejorar el sabor y aroma de tus plantas. Aumenta la calidad de tus cultivos con este potente producto de Atami. Perfecto para obtener resultados excepcionales en cada cosecha.","og_url":"https:\/\/atami.com\/es\/producto\/ata-nrg-flavor","og_site_name":"Atami","article_publisher":"https:\/\/www.facebook.com\/Atami.International","article_modified_time":"2025-11-10T13:37:59+00:00","og_image":[{"width":1080,"height":1080,"url":"https:\/\/atami.com\/wp-content\/uploads\/2023\/02\/ATA-NRG-Flavor-Main-Image.webp","type":"image\/webp"}],"twitter_card":"summary_large_image","twitter_site":"@AtamiEU","twitter_misc":{"Tiempo de lectura":"2 minutos"},"schema":{"@context":"https:\/\/schema.org","@graph":[{"@type":"WebPage","@id":"https:\/\/atami.com\/es\/producto\/ata-nrg-flavor","url":"https:\/\/atami.com\/es\/producto\/ata-nrg-flavor","name":"ATA NRG Flavor \u2013 Mejora el sabor y aroma de tus cultivos","isPartOf":{"@id":"https:\/\/atami.com\/es#website"},"primaryImageOfPage":{"@id":"https:\/\/atami.com\/es\/producto\/ata-nrg-flavor#primaryimage"},"image":{"@id":"https:\/\/atami.com\/es\/producto\/ata-nrg-flavor#primaryimage"},"thumbnailUrl":"https:\/\/atami.com\/wp-content\/uploads\/2023\/02\/ATA-NRG-Flavor-Main-Image.webp","datePublished":"2023-02-10T15:07:15+00:00","dateModified":"2025-11-10T13:37:59+00:00","description":"Descubre ATA NRG Flavor, el estimulador ideal para mejorar el sabor y aroma de tus plantas. Aumenta la calidad de tus cultivos con este potente producto de Atami. Perfecto para obtener resultados excepcionales en cada cosecha.","breadcrumb":{"@id":"https:\/\/atami.com\/es\/producto\/ata-nrg-flavor#breadcrumb"},"inLanguage":"es","potentialAction":[{"@type":"ReadAction","target":["https:\/\/atami.com\/es\/producto\/ata-nrg-flavor"]}]},{"@type":"ImageObject","inLanguage":"es","@id":"https:\/\/atami.com\/es\/producto\/ata-nrg-flavor#primaryimage","url":"https:\/\/atami.com\/wp-content\/uploads\/2023\/02\/ATA-NRG-Flavor-Main-Image.webp","contentUrl":"https:\/\/atami.com\/wp-content\/uploads\/2023\/02\/ATA-NRG-Flavor-Main-Image.webp","width":1080,"height":1080,"caption":"ATA NRG Flavor potencia la floraci\u00f3n de las plantas y mejora el sabor y aroma de frutas y flores."},{"@type":"BreadcrumbList","@id":"https:\/\/atami.com\/es\/producto\/ata-nrg-flavor#breadcrumb","itemListElement":[{"@type":"ListItem","position":1,"name":"Home","item":"https:\/\/atami.com\/es"},{"@type":"ListItem","position":2,"name":"Productos","item":"https:\/\/atami.com\/es\/shop"},{"@type":"ListItem","position":3,"name":"ATA NRG","item":"https:\/\/atami.com\/es\/categoria-producto\/marcas\/ata-nrg"},{"@type":"ListItem","position":4,"name":"ATA NRG Flavor"}]},{"@type":"WebSite","@id":"https:\/\/atami.com\/es#website","url":"https:\/\/atami.com\/es","name":"Atami","description":"NATURALLY INNOVATING!","publisher":{"@id":"https:\/\/atami.com\/es#organization"},"potentialAction":[{"@type":"SearchAction","target":{"@type":"EntryPoint","urlTemplate":"https:\/\/atami.com\/es?s={search_term_string}"},"query-input":{"@type":"PropertyValueSpecification","valueRequired":true,"valueName":"search_term_string"}}],"inLanguage":"es"},{"@type":"Organization","@id":"https:\/\/atami.com\/es#organization","name":"Atami","url":"https:\/\/atami.com\/es","logo":{"@type":"ImageObject","inLanguage":"es","@id":"https:\/\/atami.com\/es#\/schema\/logo\/image\/","url":"https:\/\/atami.com\/wp-content\/uploads\/2026\/01\/Atami-logo-696x696px.webp","contentUrl":"https:\/\/atami.com\/wp-content\/uploads\/2026\/01\/Atami-logo-696x696px.webp","width":696,"height":696,"caption":"Atami"},"image":{"@id":"https:\/\/atami.com\/es#\/schema\/logo\/image\/"},"sameAs":["https:\/\/www.facebook.com\/Atami.International","https:\/\/x.com\/AtamiEU","https:\/\/www.youtube.com\/c\/AtamiInternational","https:\/\/www.instagram.com\/atami.international\/"],"description":"ATAMI is a premium plant nutrition & substrate brand founded in 1997 with the mission to make exceptional cultivation achievable for everyone. From legacy to license, we offer a wide variety of innovating award-winning products to let cultivators achieve maximum results in taste & yield.","email":"info@mginnovations.es","legalName":"Atami","numberOfEmployees":{"@type":"QuantitativeValue","minValue":"11","maxValue":"50"}}]}},"_links":{"self":[{"href":"https:\/\/atami.com\/es\/wp-json\/wp\/v2\/product\/22075","targetHints":{"allow":["GET"]}}],"collection":[{"href":"https:\/\/atami.com\/es\/wp-json\/wp\/v2\/product"}],"about":[{"href":"https:\/\/atami.com\/es\/wp-json\/wp\/v2\/types\/product"}],"replies":[{"embeddable":true,"href":"https:\/\/atami.com\/es\/wp-json\/wp\/v2\/comments?post=22075"}],"wp:featuredmedia":[{"embeddable":true,"href":"https:\/\/atami.com\/es\/wp-json\/wp\/v2\/media\/23977"}],"wp:attachment":[{"href":"https:\/\/atami.com\/es\/wp-json\/wp\/v2\/media?parent=22075"}],"wp:term":[{"taxonomy":"product_brand","embeddable":true,"href":"https:\/\/atami.com\/es\/wp-json\/wp\/v2\/product_brand?post=22075"},{"taxonomy":"product_cat","embeddable":true,"href":"https:\/\/atami.com\/es\/wp-json\/wp\/v2\/product_cat?post=22075"},{"taxonomy":"product_tag","embeddable":true,"href":"https:\/\/atami.com\/es\/wp-json\/wp\/v2\/product_tag?post=22075"}],"curies":[{"name":"wp","href":"https:\/\/api.w.org\/{rel}","templated":true}]}}