{"id":22069,"date":"2023-02-10T11:02:43","date_gmt":"2023-02-10T11:02:43","guid":{"rendered":"https:\/\/atami.com\/product\/ata-nrg-alga-c\/"},"modified":"2025-11-10T15:38:30","modified_gmt":"2025-11-10T13:38:30","slug":"ata-nrg-alga-c","status":"publish","type":"product","link":"https:\/\/atami.com\/es\/producto\/ata-nrg-alga-c","title":{"rendered":"ATA NRG Alga-C"},"content":{"rendered":"<p><strong>ATA NRG Alga-C es un aditivo que se compone de materiales org\u00e1nicos como diversas algas marinas. Este estimulante l\u00edquido contiene una gran cantidad de amino\u00e1cidos, oligoelementos, vitaminas y hormonas vegetales naturales.<\/strong><\/p>\n<p>&nbsp;<\/p>\n<p>Todos estos componentes ayudan a prevenir el estr\u00e9s de la planta y aseguran que se satisfagan todas sus necesidades. Este aditivo mejora el estado de tu cultivo y reduce dr\u00e1sticamente el riesgo de enfermedades y carencias. \u00a1En resumen, es imprescindible para cultivar plantas saludables!<\/p>\n<p>&nbsp;<\/p>\n<p><strong>ESPECIALMENTE APTO PARA<\/strong><br \/>\nDiferentes tipos de verduras, frutas y hierbas como lechuga, espinaca, repollo, pepinillos, cilantro, cebollinos, etc. La dosis requerida se puede medir para satisfacer las necesidades de cualquier planta o cultivo.<\/p>\n<p>&nbsp;<\/p>\n<p><strong>USO<\/strong><br \/>\nATA NRG Alga-C se puede utilizar a diario durante toda la fase de crecimiento y floraci\u00f3n, a\u00f1adi\u00e9ndolo a tu nutrici\u00f3n habitual. Tambi\u00e9n puede actuar exclusivamente como spray foliar. En ese caso es usado para rociar las hojas.<\/p>\n<p>&nbsp;<\/p>\n<p><strong>DOSIS<\/strong><br \/>\n2 \u2013 5 ml por litro de agua.<br \/>\n1 \u2013 3 ml por litro de agua en pulverizaci\u00f3n foliar.<\/p>\n<p>&nbsp;<\/p>\n<p><strong>DISPONIBLE EN 250ML, 500ML, 1L Y 5L.<\/strong><\/p>\n","protected":false},"excerpt":{"rendered":"<p>ATA NRG Alga-C es un aditivo que se compone de materiales org\u00e1nicos como diversas algas marinas. Este estimulante l\u00edquido contiene una gran cantidad de amino\u00e1cidos, oligoelementos, vitaminas y hormonas vegetales naturales. &nbsp; Todos estos componentes ayudan a prevenir el estr\u00e9s de la planta y aseguran que se satisfagan todas sus necesidades. Este aditivo mejora el [&hellip;]<\/p>\n","protected":false},"featured_media":23962,"comment_status":"closed","ping_status":"closed","template":"","meta":{"_acf_changed":false,"iawp_total_views":269},"product_brand":[],"product_cat":[222,223],"product_tag":[],"class_list":{"0":"post-22069","1":"product","2":"type-product","3":"status-publish","4":"has-post-thumbnail","6":"product_cat-aditivos","7":"product_cat-ata-nrg","9":"first","10":"instock","11":"shipping-taxable","12":"product-type-simple"},"acf":{"short_description":"<p><strong>ATA NRG Alga-C es un aditivo que se compone de materiales org\u00e1nicos como diversas algas marinas. Este estimulante l\u00edquido contiene una gran cantidad de amino\u00e1cidos, oligoelementos, vitaminas y hormonas vegetales naturales.<\/strong><\/p><p>&nbsp;<\/p><p>Todos estos componentes ayudan a prevenir el estr\u00e9s de la planta y aseguran que se satisfagan todas sus necesidades. Este aditivo mejora el estado de tu cultivo y reduce dr\u00e1sticamente el riesgo de enfermedades y carencias. \u00a1En resumen, es imprescindible para cultivar plantas saludables!<\/p>","suitable_for":"<p>Diferentes tipos de verduras, frutas y hierbas como lechuga, espinaca, repollo, pepinillos, cilantro, cebollinos, etc. La dosis requerida se puede medir para satisfacer las necesidades de cualquier planta o cultivo.<\/p>","application":"<p>ATA NRG Alga-C se puede utilizar a diario durante toda la fase de crecimiento y floraci\u00f3n, a\u00f1adi\u00e9ndolo a tu nutrici\u00f3n habitual. Tambi\u00e9n puede actuar exclusivamente como spray foliar. En ese caso es usado para rociar las hojas.<\/p>","dosage":"<p>2 \u2013 5 ml por litro de agua.<br \/>1 \u2013 3 ml por litro de agua en pulverizaci\u00f3n foliar.<\/p>","npk_ratio":"","available_in":"<p>250ML, 500ML, 1L Y 5L<\/p>","icon_1":2094,"icon_1_text":"AYUDA A LA PLANTA CON UNA ABSORBCI\u00d3N EFICIENTE DE NUTRIENTES MEDIANTE QUELACI\u00d3N","icon_2":2098,"icon_2_text":"PREVIENE EL ESTR\u00c9S","icon_3":2102,"icon_3_text":"SE PUEDE UTILIZAR COMO SPRAY FOLIAR","icon_4":"","icon_4_text":"","video":"https:\/\/youtu.be\/dbM3qgsLtN4","second_image":2090,"product_image_page":4104,"user_manual":"","new_icon_1":"","new_icon_2":"","new_icon_3":"","new_icon_4":"","grow_guides":"","category":"Aditivo"},"yoast_head":"<!-- This site is optimized with the Yoast SEO Premium plugin v27.5 (Yoast SEO v27.5) - https:\/\/yoast.com\/product\/yoast-seo-premium-wordpress\/ -->\n<title>ATA NRG Alga-C: el poder natural de las algas para tus plantas<\/title>\n<meta name=\"description\" content=\"Revitaliza tus cultivos con ATA NRG Alga-C, el estimulador de crecimiento 100 % natural a base de extractos de algas. Aumenta la resistencia y vitalidad de tus plantas desde la ra\u00edz.\" \/>\n<meta name=\"robots\" content=\"index, follow, max-snippet:-1, max-image-preview:large, max-video-preview:-1\" \/>\n<link rel=\"canonical\" href=\"https:\/\/atami.com\/es\/producto\/ata-nrg-alga-c\" \/>\n<meta property=\"og:locale\" content=\"es_ES\" \/>\n<meta property=\"og:type\" content=\"article\" \/>\n<meta property=\"og:title\" content=\"ATA NRG Alga-C\" \/>\n<meta property=\"og:description\" content=\"Revitaliza tus cultivos con ATA NRG Alga-C, el estimulador de crecimiento 100 % natural a base de extractos de algas. Aumenta la resistencia y vitalidad de tus plantas desde la ra\u00edz.\" \/>\n<meta property=\"og:url\" content=\"https:\/\/atami.com\/es\/producto\/ata-nrg-alga-c\" \/>\n<meta property=\"og:site_name\" content=\"Atami\" \/>\n<meta property=\"article:publisher\" content=\"https:\/\/www.facebook.com\/Atami.International\" \/>\n<meta property=\"article:modified_time\" content=\"2025-11-10T13:38:30+00:00\" \/>\n<meta property=\"og:image\" content=\"https:\/\/atami.com\/wp-content\/uploads\/2023\/02\/ATA-NRG-Alga-C-Main-Image.webp\" \/>\n\t<meta property=\"og:image:width\" content=\"1080\" \/>\n\t<meta property=\"og:image:height\" content=\"1080\" \/>\n\t<meta property=\"og:image:type\" content=\"image\/webp\" \/>\n<meta name=\"twitter:card\" content=\"summary_large_image\" \/>\n<meta name=\"twitter:site\" content=\"@AtamiEU\" \/>\n<meta name=\"twitter:label1\" content=\"Tiempo de lectura\" \/>\n\t<meta name=\"twitter:data1\" content=\"1 minuto\" \/>\n<script type=\"application\/ld+json\" class=\"yoast-schema-graph\">{\"@context\":\"https:\\\/\\\/schema.org\",\"@graph\":[{\"@type\":\"WebPage\",\"@id\":\"https:\\\/\\\/atami.com\\\/es\\\/producto\\\/ata-nrg-alga-c\",\"url\":\"https:\\\/\\\/atami.com\\\/es\\\/producto\\\/ata-nrg-alga-c\",\"name\":\"ATA NRG Alga-C: el poder natural de las algas para tus plantas\",\"isPartOf\":{\"@id\":\"https:\\\/\\\/atami.com\\\/es#website\"},\"primaryImageOfPage\":{\"@id\":\"https:\\\/\\\/atami.com\\\/es\\\/producto\\\/ata-nrg-alga-c#primaryimage\"},\"image\":{\"@id\":\"https:\\\/\\\/atami.com\\\/es\\\/producto\\\/ata-nrg-alga-c#primaryimage\"},\"thumbnailUrl\":\"https:\\\/\\\/atami.com\\\/wp-content\\\/uploads\\\/2023\\\/02\\\/ATA-NRG-Alga-C-Main-Image.webp\",\"datePublished\":\"2023-02-10T11:02:43+00:00\",\"dateModified\":\"2025-11-10T13:38:30+00:00\",\"description\":\"Revitaliza tus cultivos con ATA NRG Alga-C, el estimulador de crecimiento 100 % natural a base de extractos de algas. Aumenta la resistencia y vitalidad de tus plantas desde la ra\u00edz.\",\"breadcrumb\":{\"@id\":\"https:\\\/\\\/atami.com\\\/es\\\/producto\\\/ata-nrg-alga-c#breadcrumb\"},\"inLanguage\":\"es\",\"potentialAction\":[{\"@type\":\"ReadAction\",\"target\":[\"https:\\\/\\\/atami.com\\\/es\\\/producto\\\/ata-nrg-alga-c\"]}]},{\"@type\":\"ImageObject\",\"inLanguage\":\"es\",\"@id\":\"https:\\\/\\\/atami.com\\\/es\\\/producto\\\/ata-nrg-alga-c#primaryimage\",\"url\":\"https:\\\/\\\/atami.com\\\/wp-content\\\/uploads\\\/2023\\\/02\\\/ATA-NRG-Alga-C-Main-Image.webp\",\"contentUrl\":\"https:\\\/\\\/atami.com\\\/wp-content\\\/uploads\\\/2023\\\/02\\\/ATA-NRG-Alga-C-Main-Image.webp\",\"width\":1080,\"height\":1080,\"caption\":\"ATA NRG Alga-C mejora la salud de las plantas proporcionando nutrientes esenciales y hormonas naturales.\"},{\"@type\":\"BreadcrumbList\",\"@id\":\"https:\\\/\\\/atami.com\\\/es\\\/producto\\\/ata-nrg-alga-c#breadcrumb\",\"itemListElement\":[{\"@type\":\"ListItem\",\"position\":1,\"name\":\"Home\",\"item\":\"https:\\\/\\\/atami.com\\\/es\"},{\"@type\":\"ListItem\",\"position\":2,\"name\":\"Productos\",\"item\":\"https:\\\/\\\/atami.com\\\/es\\\/shop\"},{\"@type\":\"ListItem\",\"position\":3,\"name\":\"ATA NRG\",\"item\":\"https:\\\/\\\/atami.com\\\/es\\\/categoria-producto\\\/marcas\\\/ata-nrg\"},{\"@type\":\"ListItem\",\"position\":4,\"name\":\"ATA NRG Alga-C\"}]},{\"@type\":\"WebSite\",\"@id\":\"https:\\\/\\\/atami.com\\\/es#website\",\"url\":\"https:\\\/\\\/atami.com\\\/es\",\"name\":\"Atami\",\"description\":\"NATURALLY INNOVATING!\",\"publisher\":{\"@id\":\"https:\\\/\\\/atami.com\\\/es#organization\"},\"potentialAction\":[{\"@type\":\"SearchAction\",\"target\":{\"@type\":\"EntryPoint\",\"urlTemplate\":\"https:\\\/\\\/atami.com\\\/es?s={search_term_string}\"},\"query-input\":{\"@type\":\"PropertyValueSpecification\",\"valueRequired\":true,\"valueName\":\"search_term_string\"}}],\"inLanguage\":\"es\"},{\"@type\":\"Organization\",\"@id\":\"https:\\\/\\\/atami.com\\\/es#organization\",\"name\":\"Atami\",\"url\":\"https:\\\/\\\/atami.com\\\/es\",\"logo\":{\"@type\":\"ImageObject\",\"inLanguage\":\"es\",\"@id\":\"https:\\\/\\\/atami.com\\\/es#\\\/schema\\\/logo\\\/image\\\/\",\"url\":\"https:\\\/\\\/atami.com\\\/wp-content\\\/uploads\\\/2026\\\/01\\\/Atami-logo-696x696px.webp\",\"contentUrl\":\"https:\\\/\\\/atami.com\\\/wp-content\\\/uploads\\\/2026\\\/01\\\/Atami-logo-696x696px.webp\",\"width\":696,\"height\":696,\"caption\":\"Atami\"},\"image\":{\"@id\":\"https:\\\/\\\/atami.com\\\/es#\\\/schema\\\/logo\\\/image\\\/\"},\"sameAs\":[\"https:\\\/\\\/www.facebook.com\\\/Atami.International\",\"https:\\\/\\\/x.com\\\/AtamiEU\",\"https:\\\/\\\/www.youtube.com\\\/c\\\/AtamiInternational\",\"https:\\\/\\\/www.instagram.com\\\/atami.international\\\/\"],\"description\":\"ATAMI is a premium plant nutrition & substrate brand founded in 1997 with the mission to make exceptional cultivation achievable for everyone. From legacy to license, we offer a wide variety of innovating award-winning products to let cultivators achieve maximum results in taste & yield.\",\"email\":\"info@mginnovations.es\",\"legalName\":\"Atami\",\"numberOfEmployees\":{\"@type\":\"QuantitativeValue\",\"minValue\":\"11\",\"maxValue\":\"50\"}}]}<\/script>\n<!-- \/ Yoast SEO Premium plugin. -->","yoast_head_json":{"title":"ATA NRG Alga-C: el poder natural de las algas para tus plantas","description":"Revitaliza tus cultivos con ATA NRG Alga-C, el estimulador de crecimiento 100 % natural a base de extractos de algas. Aumenta la resistencia y vitalidad de tus plantas desde la ra\u00edz.","robots":{"index":"index","follow":"follow","max-snippet":"max-snippet:-1","max-image-preview":"max-image-preview:large","max-video-preview":"max-video-preview:-1"},"canonical":"https:\/\/atami.com\/es\/producto\/ata-nrg-alga-c","og_locale":"es_ES","og_type":"article","og_title":"ATA NRG Alga-C","og_description":"Revitaliza tus cultivos con ATA NRG Alga-C, el estimulador de crecimiento 100 % natural a base de extractos de algas. Aumenta la resistencia y vitalidad de tus plantas desde la ra\u00edz.","og_url":"https:\/\/atami.com\/es\/producto\/ata-nrg-alga-c","og_site_name":"Atami","article_publisher":"https:\/\/www.facebook.com\/Atami.International","article_modified_time":"2025-11-10T13:38:30+00:00","og_image":[{"width":1080,"height":1080,"url":"https:\/\/atami.com\/wp-content\/uploads\/2023\/02\/ATA-NRG-Alga-C-Main-Image.webp","type":"image\/webp"}],"twitter_card":"summary_large_image","twitter_site":"@AtamiEU","twitter_misc":{"Tiempo de lectura":"1 minuto"},"schema":{"@context":"https:\/\/schema.org","@graph":[{"@type":"WebPage","@id":"https:\/\/atami.com\/es\/producto\/ata-nrg-alga-c","url":"https:\/\/atami.com\/es\/producto\/ata-nrg-alga-c","name":"ATA NRG Alga-C: el poder natural de las algas para tus plantas","isPartOf":{"@id":"https:\/\/atami.com\/es#website"},"primaryImageOfPage":{"@id":"https:\/\/atami.com\/es\/producto\/ata-nrg-alga-c#primaryimage"},"image":{"@id":"https:\/\/atami.com\/es\/producto\/ata-nrg-alga-c#primaryimage"},"thumbnailUrl":"https:\/\/atami.com\/wp-content\/uploads\/2023\/02\/ATA-NRG-Alga-C-Main-Image.webp","datePublished":"2023-02-10T11:02:43+00:00","dateModified":"2025-11-10T13:38:30+00:00","description":"Revitaliza tus cultivos con ATA NRG Alga-C, el estimulador de crecimiento 100 % natural a base de extractos de algas. Aumenta la resistencia y vitalidad de tus plantas desde la ra\u00edz.","breadcrumb":{"@id":"https:\/\/atami.com\/es\/producto\/ata-nrg-alga-c#breadcrumb"},"inLanguage":"es","potentialAction":[{"@type":"ReadAction","target":["https:\/\/atami.com\/es\/producto\/ata-nrg-alga-c"]}]},{"@type":"ImageObject","inLanguage":"es","@id":"https:\/\/atami.com\/es\/producto\/ata-nrg-alga-c#primaryimage","url":"https:\/\/atami.com\/wp-content\/uploads\/2023\/02\/ATA-NRG-Alga-C-Main-Image.webp","contentUrl":"https:\/\/atami.com\/wp-content\/uploads\/2023\/02\/ATA-NRG-Alga-C-Main-Image.webp","width":1080,"height":1080,"caption":"ATA NRG Alga-C mejora la salud de las plantas proporcionando nutrientes esenciales y hormonas naturales."},{"@type":"BreadcrumbList","@id":"https:\/\/atami.com\/es\/producto\/ata-nrg-alga-c#breadcrumb","itemListElement":[{"@type":"ListItem","position":1,"name":"Home","item":"https:\/\/atami.com\/es"},{"@type":"ListItem","position":2,"name":"Productos","item":"https:\/\/atami.com\/es\/shop"},{"@type":"ListItem","position":3,"name":"ATA NRG","item":"https:\/\/atami.com\/es\/categoria-producto\/marcas\/ata-nrg"},{"@type":"ListItem","position":4,"name":"ATA NRG Alga-C"}]},{"@type":"WebSite","@id":"https:\/\/atami.com\/es#website","url":"https:\/\/atami.com\/es","name":"Atami","description":"NATURALLY INNOVATING!","publisher":{"@id":"https:\/\/atami.com\/es#organization"},"potentialAction":[{"@type":"SearchAction","target":{"@type":"EntryPoint","urlTemplate":"https:\/\/atami.com\/es?s={search_term_string}"},"query-input":{"@type":"PropertyValueSpecification","valueRequired":true,"valueName":"search_term_string"}}],"inLanguage":"es"},{"@type":"Organization","@id":"https:\/\/atami.com\/es#organization","name":"Atami","url":"https:\/\/atami.com\/es","logo":{"@type":"ImageObject","inLanguage":"es","@id":"https:\/\/atami.com\/es#\/schema\/logo\/image\/","url":"https:\/\/atami.com\/wp-content\/uploads\/2026\/01\/Atami-logo-696x696px.webp","contentUrl":"https:\/\/atami.com\/wp-content\/uploads\/2026\/01\/Atami-logo-696x696px.webp","width":696,"height":696,"caption":"Atami"},"image":{"@id":"https:\/\/atami.com\/es#\/schema\/logo\/image\/"},"sameAs":["https:\/\/www.facebook.com\/Atami.International","https:\/\/x.com\/AtamiEU","https:\/\/www.youtube.com\/c\/AtamiInternational","https:\/\/www.instagram.com\/atami.international\/"],"description":"ATAMI is a premium plant nutrition & substrate brand founded in 1997 with the mission to make exceptional cultivation achievable for everyone. From legacy to license, we offer a wide variety of innovating award-winning products to let cultivators achieve maximum results in taste & yield.","email":"info@mginnovations.es","legalName":"Atami","numberOfEmployees":{"@type":"QuantitativeValue","minValue":"11","maxValue":"50"}}]}},"_links":{"self":[{"href":"https:\/\/atami.com\/es\/wp-json\/wp\/v2\/product\/22069","targetHints":{"allow":["GET"]}}],"collection":[{"href":"https:\/\/atami.com\/es\/wp-json\/wp\/v2\/product"}],"about":[{"href":"https:\/\/atami.com\/es\/wp-json\/wp\/v2\/types\/product"}],"replies":[{"embeddable":true,"href":"https:\/\/atami.com\/es\/wp-json\/wp\/v2\/comments?post=22069"}],"wp:featuredmedia":[{"embeddable":true,"href":"https:\/\/atami.com\/es\/wp-json\/wp\/v2\/media\/23962"}],"wp:attachment":[{"href":"https:\/\/atami.com\/es\/wp-json\/wp\/v2\/media?parent=22069"}],"wp:term":[{"taxonomy":"product_brand","embeddable":true,"href":"https:\/\/atami.com\/es\/wp-json\/wp\/v2\/product_brand?post=22069"},{"taxonomy":"product_cat","embeddable":true,"href":"https:\/\/atami.com\/es\/wp-json\/wp\/v2\/product_cat?post=22069"},{"taxonomy":"product_tag","embeddable":true,"href":"https:\/\/atami.com\/es\/wp-json\/wp\/v2\/product_tag?post=22069"}],"curies":[{"name":"wp","href":"https:\/\/api.w.org\/{rel}","templated":true}]}}