{"id":22060,"date":"2023-02-10T08:01:20","date_gmt":"2023-02-10T08:01:20","guid":{"rendered":"https:\/\/atami.com\/product\/ata-nrg-root-c\/"},"modified":"2025-11-10T14:43:29","modified_gmt":"2025-11-10T12:43:29","slug":"ata-nrg-root-c","status":"publish","type":"product","link":"https:\/\/atami.com\/es\/producto\/ata-nrg-root-c","title":{"rendered":"ATA NRG Root-C"},"content":{"rendered":"<p><strong>Un sistema radicular grande y saludable contribuye de manera significativa a un buen desarrollo de la planta. Para que esto sea posible, este estimulante de ra\u00edces asegura un crecimiento r\u00e1pido y vigoroso del sistema radicular y tiene un efecto preventivo contra enfermedades de la tierra como Pythium, Fusarium o los piojos de las ra\u00edces.<\/strong><\/p>\n<p>&nbsp;<\/p>\n<p>Las ra\u00edces se ramificar\u00e1n r\u00e1pidamente y su volumen aumentar\u00e1 considerablemente, brind\u00e1ndole a la planta m\u00e1s agarre y asegurando que la planta aumente de tama\u00f1o sobre el nivel del suelo. Las plantas con un sistema radicular bien desarrollado y bien anclado pueden producir m\u00e1s racimos florales en la etapa final, lo que finalmente generar\u00e1 una mejor cosecha.<\/p>\n<p>&nbsp;<\/p>\n<p><strong>ESPECIALMENTE APTO PARA<\/strong><br \/>\nDiferentes tipos de verduras y frutas como patatas y boniatos. Tambi\u00e9n se puede utilizar para plantas ornamentales con flores (por ejemplo, crisantemos, tulipanes, muscari). La dosis requerida se puede medir para satisfacer las necesidades de cualquier planta o cultivo.<\/p>\n<p>&nbsp;<\/p>\n<p><strong>USO<\/strong><br \/>\nA\u00f1adir diariamente al regar la planta en las 2 primeras semanas. A continuaci\u00f3n, sustituir por <span style=\"color: #00ccff;\"><a style=\"color: #00ccff;\" href=\"https:\/\/atami.com\/es\/producto\/ata-nrg-alga-c\/\">ATA NRG Alga-C<\/a><\/span> para un apoyo contin\u00fao del sistema radicular. \u00a1No apto para sistemas de riego!<\/p>\n<p>&nbsp;<\/p>\n<p><strong>DOSIS<\/strong><br \/>\n1 \u2013 5 ml por litro de agua.<\/p>\n<p>&nbsp;<\/p>\n<p><strong>DISPONIBLE EN 100ML, 250ML, 500ML, 1L Y 5L.<\/strong><\/p>\n","protected":false},"excerpt":{"rendered":"<p>Estimulante de ra\u00edces<\/p>\n","protected":false},"featured_media":23932,"comment_status":"closed","ping_status":"closed","template":"","meta":{"_acf_changed":false,"iawp_total_views":248},"product_brand":[],"product_cat":[223,218],"product_tag":[],"class_list":{"0":"post-22060","1":"product","2":"type-product","3":"status-publish","4":"has-post-thumbnail","6":"product_cat-ata-nrg","7":"product_cat-estimulantes","9":"first","10":"instock","11":"shipping-taxable","12":"product-type-simple"},"acf":{"short_description":"<p><strong>Un sistema radicular grande y saludable contribuye de manera significativa a un buen desarrollo de la planta. Para que esto sea posible, este estimulante de ra\u00edces asegura un crecimiento r\u00e1pido y vigoroso del sistema radicular y tiene un efecto preventivo contra enfermedades de la tierra como Pythium, Fusarium o los piojos de las ra\u00edces.<\/strong><\/p><p>&nbsp;<\/p><p>Las ra\u00edces se ramificar\u00e1n r\u00e1pidamente y su volumen aumentar\u00e1 considerablemente, brind\u00e1ndole a la planta m\u00e1s agarre y asegurando que la planta aumente de tama\u00f1o sobre el nivel del suelo. Las plantas con un sistema radicular bien desarrollado y bien anclado pueden producir m\u00e1s racimos florales en la etapa final, lo que finalmente generar\u00e1 una mejor cosecha.<\/p>","suitable_for":"<p>Diferentes tipos de verduras y frutas como patatas y boniatos. Tambi\u00e9n se puede utilizar para plantas ornamentales con flores (por ejemplo, crisantemos, tulipanes, muscari). La dosis requerida se puede medir para satisfacer las necesidades de cualquier planta o cultivo.<\/p>","application":"<p>A\u00f1adir diariamente al regar la planta en las 2 primeras semanas. A continuaci\u00f3n, sustituir por <strong><a href=\"https:\/\/atami.com\/es\/producto\/ata-nrg-alga-c\">ATA NRG Alga-C<\/a><\/strong> para un apoyo contin\u00fao del sistema radicular. \u00a1No apto para sistemas de riego!<\/p>","dosage":"<p>1 \u2013 5 ml por litro de agua.<\/p>","npk_ratio":"","available_in":"<p>100ML, 250ML, 500ML, 1L Y 5L<\/p>","icon_1":2020,"icon_1_text":"SISTEMA RADICULAR SALUDABLE","icon_2":2024,"icon_2_text":"MEJOR ABSORBCI\u00d3N DE LOS NUTRIENTES","icon_3":2028,"icon_3_text":"PREVIENE LAS ENFERMEDADES DE LAS RA\u00cdCES","icon_4":"","icon_4_text":"","video":"https:\/\/youtu.be\/s1-t156F6cw","second_image":2016,"product_image_page":4096,"user_manual":"","new_icon_1":"","new_icon_2":"","new_icon_3":"","new_icon_4":"","grow_guides":"","category":"Estimulador"},"yoast_head":"<!-- This site is optimized with the Yoast SEO Premium plugin v27.4 (Yoast SEO v27.4) - https:\/\/yoast.com\/product\/yoast-seo-premium-wordpress\/ -->\n<title>ATA NRG Root-C \u2013 Estimula el crecimiento de las ra\u00edces para plantas fuertes<\/title>\n<meta name=\"description\" content=\"ATA NRG Root-C es el estimulante perfecto para un desarrollo radicular saludable. Mejora la absorci\u00f3n de nutrientes y favorece el crecimiento robusto de tus plantas. \u00a1Compra ATA NRG Root-C ahora y potencia tus cultivos!\" \/>\n<meta name=\"robots\" content=\"index, follow, max-snippet:-1, max-image-preview:large, max-video-preview:-1\" \/>\n<link rel=\"canonical\" href=\"https:\/\/atami.com\/es\/producto\/ata-nrg-root-c\" \/>\n<meta property=\"og:locale\" content=\"es_ES\" \/>\n<meta property=\"og:type\" content=\"article\" \/>\n<meta property=\"og:title\" content=\"ATA NRG Root-C\" \/>\n<meta property=\"og:description\" content=\"ATA NRG Root-C es el estimulante perfecto para un desarrollo radicular saludable. Mejora la absorci\u00f3n de nutrientes y favorece el crecimiento robusto de tus plantas. \u00a1Compra ATA NRG Root-C ahora y potencia tus cultivos!\" \/>\n<meta property=\"og:url\" content=\"https:\/\/atami.com\/es\/producto\/ata-nrg-root-c\" \/>\n<meta property=\"og:site_name\" content=\"Atami\" \/>\n<meta property=\"article:publisher\" content=\"https:\/\/www.facebook.com\/Atami.International\" \/>\n<meta property=\"article:modified_time\" content=\"2025-11-10T12:43:29+00:00\" \/>\n<meta property=\"og:image\" content=\"https:\/\/atami.com\/wp-content\/uploads\/2023\/02\/ATA-NRG-Root-C-Main-Image.webp\" \/>\n\t<meta property=\"og:image:width\" content=\"1080\" \/>\n\t<meta property=\"og:image:height\" content=\"1080\" \/>\n\t<meta property=\"og:image:type\" content=\"image\/webp\" \/>\n<meta name=\"twitter:card\" content=\"summary_large_image\" \/>\n<meta name=\"twitter:site\" content=\"@AtamiEU\" \/>\n<meta name=\"twitter:label1\" content=\"Tiempo de lectura\" \/>\n\t<meta name=\"twitter:data1\" content=\"2 minutos\" \/>\n<script type=\"application\/ld+json\" class=\"yoast-schema-graph\">{\"@context\":\"https:\\\/\\\/schema.org\",\"@graph\":[{\"@type\":\"WebPage\",\"@id\":\"https:\\\/\\\/atami.com\\\/es\\\/producto\\\/ata-nrg-root-c\",\"url\":\"https:\\\/\\\/atami.com\\\/es\\\/producto\\\/ata-nrg-root-c\",\"name\":\"ATA NRG Root-C \u2013 Estimula el crecimiento de las ra\u00edces para plantas fuertes\",\"isPartOf\":{\"@id\":\"https:\\\/\\\/atami.com\\\/es#website\"},\"primaryImageOfPage\":{\"@id\":\"https:\\\/\\\/atami.com\\\/es\\\/producto\\\/ata-nrg-root-c#primaryimage\"},\"image\":{\"@id\":\"https:\\\/\\\/atami.com\\\/es\\\/producto\\\/ata-nrg-root-c#primaryimage\"},\"thumbnailUrl\":\"https:\\\/\\\/atami.com\\\/wp-content\\\/uploads\\\/2023\\\/02\\\/ATA-NRG-Root-C-Main-Image.webp\",\"datePublished\":\"2023-02-10T08:01:20+00:00\",\"dateModified\":\"2025-11-10T12:43:29+00:00\",\"description\":\"ATA NRG Root-C es el estimulante perfecto para un desarrollo radicular saludable. Mejora la absorci\u00f3n de nutrientes y favorece el crecimiento robusto de tus plantas. \u00a1Compra ATA NRG Root-C ahora y potencia tus cultivos!\",\"breadcrumb\":{\"@id\":\"https:\\\/\\\/atami.com\\\/es\\\/producto\\\/ata-nrg-root-c#breadcrumb\"},\"inLanguage\":\"es\",\"potentialAction\":[{\"@type\":\"ReadAction\",\"target\":[\"https:\\\/\\\/atami.com\\\/es\\\/producto\\\/ata-nrg-root-c\"]}]},{\"@type\":\"ImageObject\",\"inLanguage\":\"es\",\"@id\":\"https:\\\/\\\/atami.com\\\/es\\\/producto\\\/ata-nrg-root-c#primaryimage\",\"url\":\"https:\\\/\\\/atami.com\\\/wp-content\\\/uploads\\\/2023\\\/02\\\/ATA-NRG-Root-C-Main-Image.webp\",\"contentUrl\":\"https:\\\/\\\/atami.com\\\/wp-content\\\/uploads\\\/2023\\\/02\\\/ATA-NRG-Root-C-Main-Image.webp\",\"width\":1080,\"height\":1080,\"caption\":\"ATA NRG Root-C promueve un crecimiento r\u00e1pido y vigoroso de las ra\u00edces, mejorando la estabilidad de las plantas y la absorci\u00f3n de nutrientes.\"},{\"@type\":\"BreadcrumbList\",\"@id\":\"https:\\\/\\\/atami.com\\\/es\\\/producto\\\/ata-nrg-root-c#breadcrumb\",\"itemListElement\":[{\"@type\":\"ListItem\",\"position\":1,\"name\":\"Home\",\"item\":\"https:\\\/\\\/atami.com\\\/es\"},{\"@type\":\"ListItem\",\"position\":2,\"name\":\"Productos\",\"item\":\"https:\\\/\\\/atami.com\\\/es\\\/shop\"},{\"@type\":\"ListItem\",\"position\":3,\"name\":\"ATA NRG\",\"item\":\"https:\\\/\\\/atami.com\\\/es\\\/categoria-producto\\\/marcas\\\/ata-nrg\"},{\"@type\":\"ListItem\",\"position\":4,\"name\":\"ATA NRG Root-C\"}]},{\"@type\":\"WebSite\",\"@id\":\"https:\\\/\\\/atami.com\\\/es#website\",\"url\":\"https:\\\/\\\/atami.com\\\/es\",\"name\":\"Atami\",\"description\":\"NATURALLY INNOVATING!\",\"publisher\":{\"@id\":\"https:\\\/\\\/atami.com\\\/es#organization\"},\"potentialAction\":[{\"@type\":\"SearchAction\",\"target\":{\"@type\":\"EntryPoint\",\"urlTemplate\":\"https:\\\/\\\/atami.com\\\/es?s={search_term_string}\"},\"query-input\":{\"@type\":\"PropertyValueSpecification\",\"valueRequired\":true,\"valueName\":\"search_term_string\"}}],\"inLanguage\":\"es\"},{\"@type\":\"Organization\",\"@id\":\"https:\\\/\\\/atami.com\\\/es#organization\",\"name\":\"Atami\",\"url\":\"https:\\\/\\\/atami.com\\\/es\",\"logo\":{\"@type\":\"ImageObject\",\"inLanguage\":\"es\",\"@id\":\"https:\\\/\\\/atami.com\\\/es#\\\/schema\\\/logo\\\/image\\\/\",\"url\":\"https:\\\/\\\/atami.com\\\/wp-content\\\/uploads\\\/2026\\\/01\\\/Atami-logo-696x696px.webp\",\"contentUrl\":\"https:\\\/\\\/atami.com\\\/wp-content\\\/uploads\\\/2026\\\/01\\\/Atami-logo-696x696px.webp\",\"width\":696,\"height\":696,\"caption\":\"Atami\"},\"image\":{\"@id\":\"https:\\\/\\\/atami.com\\\/es#\\\/schema\\\/logo\\\/image\\\/\"},\"sameAs\":[\"https:\\\/\\\/www.facebook.com\\\/Atami.International\",\"https:\\\/\\\/x.com\\\/AtamiEU\",\"https:\\\/\\\/www.youtube.com\\\/c\\\/AtamiInternational\",\"https:\\\/\\\/www.instagram.com\\\/atami.international\\\/\"],\"description\":\"ATAMI is a premium plant nutrition & substrate brand founded in 1997 with the mission to make exceptional cultivation achievable for everyone. From legacy to license, we offer a wide variety of innovating award-winning products to let cultivators achieve maximum results in taste & yield.\",\"email\":\"info@mginnovations.es\",\"legalName\":\"Atami\",\"numberOfEmployees\":{\"@type\":\"QuantitativeValue\",\"minValue\":\"11\",\"maxValue\":\"50\"}}]}<\/script>\n<!-- \/ Yoast SEO Premium plugin. -->","yoast_head_json":{"title":"ATA NRG Root-C \u2013 Estimula el crecimiento de las ra\u00edces para plantas fuertes","description":"ATA NRG Root-C es el estimulante perfecto para un desarrollo radicular saludable. Mejora la absorci\u00f3n de nutrientes y favorece el crecimiento robusto de tus plantas. \u00a1Compra ATA NRG Root-C ahora y potencia tus cultivos!","robots":{"index":"index","follow":"follow","max-snippet":"max-snippet:-1","max-image-preview":"max-image-preview:large","max-video-preview":"max-video-preview:-1"},"canonical":"https:\/\/atami.com\/es\/producto\/ata-nrg-root-c","og_locale":"es_ES","og_type":"article","og_title":"ATA NRG Root-C","og_description":"ATA NRG Root-C es el estimulante perfecto para un desarrollo radicular saludable. Mejora la absorci\u00f3n de nutrientes y favorece el crecimiento robusto de tus plantas. \u00a1Compra ATA NRG Root-C ahora y potencia tus cultivos!","og_url":"https:\/\/atami.com\/es\/producto\/ata-nrg-root-c","og_site_name":"Atami","article_publisher":"https:\/\/www.facebook.com\/Atami.International","article_modified_time":"2025-11-10T12:43:29+00:00","og_image":[{"width":1080,"height":1080,"url":"https:\/\/atami.com\/wp-content\/uploads\/2023\/02\/ATA-NRG-Root-C-Main-Image.webp","type":"image\/webp"}],"twitter_card":"summary_large_image","twitter_site":"@AtamiEU","twitter_misc":{"Tiempo de lectura":"2 minutos"},"schema":{"@context":"https:\/\/schema.org","@graph":[{"@type":"WebPage","@id":"https:\/\/atami.com\/es\/producto\/ata-nrg-root-c","url":"https:\/\/atami.com\/es\/producto\/ata-nrg-root-c","name":"ATA NRG Root-C \u2013 Estimula el crecimiento de las ra\u00edces para plantas fuertes","isPartOf":{"@id":"https:\/\/atami.com\/es#website"},"primaryImageOfPage":{"@id":"https:\/\/atami.com\/es\/producto\/ata-nrg-root-c#primaryimage"},"image":{"@id":"https:\/\/atami.com\/es\/producto\/ata-nrg-root-c#primaryimage"},"thumbnailUrl":"https:\/\/atami.com\/wp-content\/uploads\/2023\/02\/ATA-NRG-Root-C-Main-Image.webp","datePublished":"2023-02-10T08:01:20+00:00","dateModified":"2025-11-10T12:43:29+00:00","description":"ATA NRG Root-C es el estimulante perfecto para un desarrollo radicular saludable. Mejora la absorci\u00f3n de nutrientes y favorece el crecimiento robusto de tus plantas. \u00a1Compra ATA NRG Root-C ahora y potencia tus cultivos!","breadcrumb":{"@id":"https:\/\/atami.com\/es\/producto\/ata-nrg-root-c#breadcrumb"},"inLanguage":"es","potentialAction":[{"@type":"ReadAction","target":["https:\/\/atami.com\/es\/producto\/ata-nrg-root-c"]}]},{"@type":"ImageObject","inLanguage":"es","@id":"https:\/\/atami.com\/es\/producto\/ata-nrg-root-c#primaryimage","url":"https:\/\/atami.com\/wp-content\/uploads\/2023\/02\/ATA-NRG-Root-C-Main-Image.webp","contentUrl":"https:\/\/atami.com\/wp-content\/uploads\/2023\/02\/ATA-NRG-Root-C-Main-Image.webp","width":1080,"height":1080,"caption":"ATA NRG Root-C promueve un crecimiento r\u00e1pido y vigoroso de las ra\u00edces, mejorando la estabilidad de las plantas y la absorci\u00f3n de nutrientes."},{"@type":"BreadcrumbList","@id":"https:\/\/atami.com\/es\/producto\/ata-nrg-root-c#breadcrumb","itemListElement":[{"@type":"ListItem","position":1,"name":"Home","item":"https:\/\/atami.com\/es"},{"@type":"ListItem","position":2,"name":"Productos","item":"https:\/\/atami.com\/es\/shop"},{"@type":"ListItem","position":3,"name":"ATA NRG","item":"https:\/\/atami.com\/es\/categoria-producto\/marcas\/ata-nrg"},{"@type":"ListItem","position":4,"name":"ATA NRG Root-C"}]},{"@type":"WebSite","@id":"https:\/\/atami.com\/es#website","url":"https:\/\/atami.com\/es","name":"Atami","description":"NATURALLY INNOVATING!","publisher":{"@id":"https:\/\/atami.com\/es#organization"},"potentialAction":[{"@type":"SearchAction","target":{"@type":"EntryPoint","urlTemplate":"https:\/\/atami.com\/es?s={search_term_string}"},"query-input":{"@type":"PropertyValueSpecification","valueRequired":true,"valueName":"search_term_string"}}],"inLanguage":"es"},{"@type":"Organization","@id":"https:\/\/atami.com\/es#organization","name":"Atami","url":"https:\/\/atami.com\/es","logo":{"@type":"ImageObject","inLanguage":"es","@id":"https:\/\/atami.com\/es#\/schema\/logo\/image\/","url":"https:\/\/atami.com\/wp-content\/uploads\/2026\/01\/Atami-logo-696x696px.webp","contentUrl":"https:\/\/atami.com\/wp-content\/uploads\/2026\/01\/Atami-logo-696x696px.webp","width":696,"height":696,"caption":"Atami"},"image":{"@id":"https:\/\/atami.com\/es#\/schema\/logo\/image\/"},"sameAs":["https:\/\/www.facebook.com\/Atami.International","https:\/\/x.com\/AtamiEU","https:\/\/www.youtube.com\/c\/AtamiInternational","https:\/\/www.instagram.com\/atami.international\/"],"description":"ATAMI is a premium plant nutrition & substrate brand founded in 1997 with the mission to make exceptional cultivation achievable for everyone. From legacy to license, we offer a wide variety of innovating award-winning products to let cultivators achieve maximum results in taste & yield.","email":"info@mginnovations.es","legalName":"Atami","numberOfEmployees":{"@type":"QuantitativeValue","minValue":"11","maxValue":"50"}}]}},"_links":{"self":[{"href":"https:\/\/atami.com\/es\/wp-json\/wp\/v2\/product\/22060","targetHints":{"allow":["GET"]}}],"collection":[{"href":"https:\/\/atami.com\/es\/wp-json\/wp\/v2\/product"}],"about":[{"href":"https:\/\/atami.com\/es\/wp-json\/wp\/v2\/types\/product"}],"replies":[{"embeddable":true,"href":"https:\/\/atami.com\/es\/wp-json\/wp\/v2\/comments?post=22060"}],"wp:featuredmedia":[{"embeddable":true,"href":"https:\/\/atami.com\/es\/wp-json\/wp\/v2\/media\/23932"}],"wp:attachment":[{"href":"https:\/\/atami.com\/es\/wp-json\/wp\/v2\/media?parent=22060"}],"wp:term":[{"taxonomy":"product_brand","embeddable":true,"href":"https:\/\/atami.com\/es\/wp-json\/wp\/v2\/product_brand?post=22060"},{"taxonomy":"product_cat","embeddable":true,"href":"https:\/\/atami.com\/es\/wp-json\/wp\/v2\/product_cat?post=22060"},{"taxonomy":"product_tag","embeddable":true,"href":"https:\/\/atami.com\/es\/wp-json\/wp\/v2\/product_tag?post=22060"}],"curies":[{"name":"wp","href":"https:\/\/api.w.org\/{rel}","templated":true}]}}