{"id":22056,"date":"2023-02-10T07:45:16","date_gmt":"2023-02-10T07:45:16","guid":{"rendered":"https:\/\/atami.com\/product\/ata-nrg-upgrade\/"},"modified":"2025-11-07T17:55:29","modified_gmt":"2025-11-07T15:55:29","slug":"ata-nrg-upgrade","status":"publish","type":"product","link":"https:\/\/atami.com\/es\/producto\/ata-nrg-upgrade","title":{"rendered":"ATA NRG Upgrade"},"content":{"rendered":"<p><strong>ATA NRG Upgrade es un fertilizante para el cultivador ecol\u00f3gico que se produce a partir del fosfato de roca y de ingredientes de origen vegetal. ATA NRG Upgrade es rico en nitr\u00f3geno org\u00e1nico para favorecer el crecimiento de la planta.<\/strong><\/p>\n<p>&nbsp;<\/p>\n<p>Los nutrientes org\u00e1nicos en ATA NRG Upgrade no est\u00e1n inmediatamente al alcance de la planta, dependiendo de los organismos de la tierra para su liberaci\u00f3n. Este proceso asegura la disponibilidad de nutrientes a largo plazo, siempre que tu planta los requiera.<\/p>\n<p>&nbsp;<\/p>\n<p><strong>ESPECIALMENTE APTO PARA<\/strong><br \/>\nDiferentes tipos de verduras, frutas y hierbas como manzana y frambuesa. Tambi\u00e9n se puede utilizar para plantas de interior y en macetas (por ejemplo, alocasia). La dosis requerida se puede medir para satisfacer las necesidades de cualquier planta o cultivo.<\/p>\n<p>&nbsp;<\/p>\n<p><strong>DOSIS\/USO<\/strong><br \/>\nFertilizaci\u00f3n b\u00e1sica: Mezclar de 3 \u2013 6 g por litro de sustrato<br \/>\nFertilizaci\u00f3n adicional: Espolvorear de 2 \u2013 4 g por litro de sustrato<br \/>\nPreparaci\u00f3n sustrato para propagaci\u00f3n: 1 \u2013 2 g por litro de sustrato<\/p>\n<p>&nbsp;<\/p>\n<p><strong>NPK 6-3-4 W\/W<\/strong><\/p>\n<p>&nbsp;<\/p>\n<p><strong>DISPONIBLE EN 600gr., 3Kg y 6 Kg.<\/strong><\/p>\n","protected":false},"excerpt":{"rendered":"<p>Fertilizante s\u00f3lido<\/p>\n<p>Potenciador de sustrato<\/p>\n","protected":false},"featured_media":23917,"comment_status":"closed","ping_status":"closed","template":"","meta":{"_acf_changed":false,"iawp_total_views":297},"product_brand":[],"product_cat":[223,221],"product_tag":[],"class_list":{"0":"post-22056","1":"product","2":"type-product","3":"status-publish","4":"has-post-thumbnail","6":"product_cat-ata-nrg","7":"product_cat-nutrientes-basicos","9":"first","10":"instock","11":"shipping-taxable","12":"product-type-simple"},"acf":{"short_description":"<p><strong>ATA NRG Upgrade es un fertilizante para el cultivador ecol\u00f3gico que se produce a partir del fosfato de roca y de ingredientes de origen vegetal. ATA NRG Upgrade es rico en nitr\u00f3geno org\u00e1nico para favorecer el crecimiento de la planta.<\/strong><\/p><p>&nbsp;<\/p><p>Los nutrientes org\u00e1nicos en ATA NRG Upgrade no est\u00e1n inmediatamente al alcance de la planta, dependiendo de los organismos de la tierra para su liberaci\u00f3n. Este proceso asegura la disponibilidad de nutrientes a largo plazo, siempre que tu planta los requiera.<\/p>","suitable_for":"<p>Diferentes tipos de verduras, frutas y hierbas como manzana y frambuesa. Tambi\u00e9n se puede utilizar para plantas de interior y en macetas (por ejemplo, alocasia). La dosis requerida se puede medir para satisfacer las necesidades de cualquier planta o cultivo.<\/p>","application":"<p>Fertilizaci\u00f3n b\u00e1sica: Mezclar de 3 \u2013 6 g por litro de sustrato<br \/>Fertilizaci\u00f3n adicional: Espolvorear de 2 \u2013 4 g por litro de sustrato<br \/>Preparaci\u00f3n sustrato para propagaci\u00f3n: 1 \u2013 2 g por litro de sustrato<\/p>","dosage":"<p>Fertilizaci\u00f3n b\u00e1sica: Mezclar de 3 \u2013 6 g por litro de sustrato<br \/>Fertilizaci\u00f3n adicional: Espolvorear de 2 \u2013 4 g por litro de sustrato<br \/>Preparaci\u00f3n sustrato para propagaci\u00f3n: 1 \u2013 2 g por litro de sustrato<\/p>","npk_ratio":"<p>NPK 6-3-4 W\/W<\/p>","available_in":"<p>600gr., 3Kg y 6 Kg.<\/p>","icon_1":1985,"icon_1_text":"NUTRICI\u00d3N DISPONIBLE GRADUALMENTE","icon_2":1989,"icon_2_text":"COLONIZACI\u00d3N DE LAS RA\u00cdCES POR BACTERIAS BACILLUS","icon_3":1993,"icon_3_text":"\u00a1UN FERTILIZANTE PARA EL CULTIVADOR ECOL\u00d3GICO QUE QUIERE MEJORAR SU SUSTRATO!","icon_4":"","icon_4_text":"","video":"https:\/\/youtu.be\/PZBaiQjBcDY","second_image":2837,"product_image_page":4092,"user_manual":"","new_icon_1":"","new_icon_2":"","new_icon_3":"","new_icon_4":"","grow_guides":"","category":"Nutriente base"},"yoast_head":"<!-- This site is optimized with the Yoast SEO Premium plugin v27.4 (Yoast SEO v27.4) - https:\/\/yoast.com\/product\/yoast-seo-premium-wordpress\/ -->\n<title>ATA NRG Upgrade | Fertilizante Org\u00e1nico de Liberaci\u00f3n Lenta<\/title>\n<meta name=\"description\" content=\"\u00bfBuscas un fertilizante org\u00e1nico de acci\u00f3n prolongada? ATA NRG Upgrade mejora la salud del suelo y proporciona nutrientes esenciales a tus plantas durante semanas. \u00a1Ideal para cultivo sostenible y plantas fuertes!\" \/>\n<meta name=\"robots\" content=\"index, follow, max-snippet:-1, max-image-preview:large, max-video-preview:-1\" \/>\n<link rel=\"canonical\" href=\"https:\/\/atami.com\/es\/producto\/ata-nrg-upgrade\" \/>\n<meta property=\"og:locale\" content=\"es_ES\" \/>\n<meta property=\"og:type\" content=\"article\" \/>\n<meta property=\"og:title\" content=\"ATA NRG Upgrade\" \/>\n<meta property=\"og:description\" content=\"\u00bfBuscas un fertilizante org\u00e1nico de acci\u00f3n prolongada? ATA NRG Upgrade mejora la salud del suelo y proporciona nutrientes esenciales a tus plantas durante semanas. \u00a1Ideal para cultivo sostenible y plantas fuertes!\" \/>\n<meta property=\"og:url\" content=\"https:\/\/atami.com\/es\/producto\/ata-nrg-upgrade\" \/>\n<meta property=\"og:site_name\" content=\"Atami\" \/>\n<meta property=\"article:publisher\" content=\"https:\/\/www.facebook.com\/Atami.International\" \/>\n<meta property=\"article:modified_time\" content=\"2025-11-07T15:55:29+00:00\" \/>\n<meta property=\"og:image\" content=\"https:\/\/atami.com\/wp-content\/uploads\/2023\/02\/ATA-NRG-Upgrade-Main-Image.webp\" \/>\n\t<meta property=\"og:image:width\" content=\"1080\" \/>\n\t<meta property=\"og:image:height\" content=\"1080\" \/>\n\t<meta property=\"og:image:type\" content=\"image\/webp\" \/>\n<meta name=\"twitter:card\" content=\"summary_large_image\" \/>\n<meta name=\"twitter:site\" content=\"@AtamiEU\" \/>\n<meta name=\"twitter:label1\" content=\"Tiempo de lectura\" \/>\n\t<meta name=\"twitter:data1\" content=\"1 minuto\" \/>\n<script type=\"application\/ld+json\" class=\"yoast-schema-graph\">{\"@context\":\"https:\\\/\\\/schema.org\",\"@graph\":[{\"@type\":\"WebPage\",\"@id\":\"https:\\\/\\\/atami.com\\\/es\\\/producto\\\/ata-nrg-upgrade\",\"url\":\"https:\\\/\\\/atami.com\\\/es\\\/producto\\\/ata-nrg-upgrade\",\"name\":\"ATA NRG Upgrade | Fertilizante Org\u00e1nico de Liberaci\u00f3n Lenta\",\"isPartOf\":{\"@id\":\"https:\\\/\\\/atami.com\\\/es#website\"},\"primaryImageOfPage\":{\"@id\":\"https:\\\/\\\/atami.com\\\/es\\\/producto\\\/ata-nrg-upgrade#primaryimage\"},\"image\":{\"@id\":\"https:\\\/\\\/atami.com\\\/es\\\/producto\\\/ata-nrg-upgrade#primaryimage\"},\"thumbnailUrl\":\"https:\\\/\\\/atami.com\\\/wp-content\\\/uploads\\\/2023\\\/02\\\/ATA-NRG-Upgrade-Main-Image.webp\",\"datePublished\":\"2023-02-10T07:45:16+00:00\",\"dateModified\":\"2025-11-07T15:55:29+00:00\",\"description\":\"\u00bfBuscas un fertilizante org\u00e1nico de acci\u00f3n prolongada? ATA NRG Upgrade mejora la salud del suelo y proporciona nutrientes esenciales a tus plantas durante semanas. \u00a1Ideal para cultivo sostenible y plantas fuertes!\",\"breadcrumb\":{\"@id\":\"https:\\\/\\\/atami.com\\\/es\\\/producto\\\/ata-nrg-upgrade#breadcrumb\"},\"inLanguage\":\"es\",\"potentialAction\":[{\"@type\":\"ReadAction\",\"target\":[\"https:\\\/\\\/atami.com\\\/es\\\/producto\\\/ata-nrg-upgrade\"]}]},{\"@type\":\"ImageObject\",\"inLanguage\":\"es\",\"@id\":\"https:\\\/\\\/atami.com\\\/es\\\/producto\\\/ata-nrg-upgrade#primaryimage\",\"url\":\"https:\\\/\\\/atami.com\\\/wp-content\\\/uploads\\\/2023\\\/02\\\/ATA-NRG-Upgrade-Main-Image.webp\",\"contentUrl\":\"https:\\\/\\\/atami.com\\\/wp-content\\\/uploads\\\/2023\\\/02\\\/ATA-NRG-Upgrade-Main-Image.webp\",\"width\":1080,\"height\":1080,\"caption\":\"ATA NRG Upgrade enriquece su sustrato con nutrientes esenciales, promoviendo un desarrollo robusto de las plantas.\"},{\"@type\":\"BreadcrumbList\",\"@id\":\"https:\\\/\\\/atami.com\\\/es\\\/producto\\\/ata-nrg-upgrade#breadcrumb\",\"itemListElement\":[{\"@type\":\"ListItem\",\"position\":1,\"name\":\"Home\",\"item\":\"https:\\\/\\\/atami.com\\\/es\"},{\"@type\":\"ListItem\",\"position\":2,\"name\":\"Productos\",\"item\":\"https:\\\/\\\/atami.com\\\/es\\\/shop\"},{\"@type\":\"ListItem\",\"position\":3,\"name\":\"ATA NRG\",\"item\":\"https:\\\/\\\/atami.com\\\/es\\\/categoria-producto\\\/marcas\\\/ata-nrg\"},{\"@type\":\"ListItem\",\"position\":4,\"name\":\"ATA NRG Upgrade\"}]},{\"@type\":\"WebSite\",\"@id\":\"https:\\\/\\\/atami.com\\\/es#website\",\"url\":\"https:\\\/\\\/atami.com\\\/es\",\"name\":\"Atami\",\"description\":\"NATURALLY INNOVATING!\",\"publisher\":{\"@id\":\"https:\\\/\\\/atami.com\\\/es#organization\"},\"potentialAction\":[{\"@type\":\"SearchAction\",\"target\":{\"@type\":\"EntryPoint\",\"urlTemplate\":\"https:\\\/\\\/atami.com\\\/es?s={search_term_string}\"},\"query-input\":{\"@type\":\"PropertyValueSpecification\",\"valueRequired\":true,\"valueName\":\"search_term_string\"}}],\"inLanguage\":\"es\"},{\"@type\":\"Organization\",\"@id\":\"https:\\\/\\\/atami.com\\\/es#organization\",\"name\":\"Atami\",\"url\":\"https:\\\/\\\/atami.com\\\/es\",\"logo\":{\"@type\":\"ImageObject\",\"inLanguage\":\"es\",\"@id\":\"https:\\\/\\\/atami.com\\\/es#\\\/schema\\\/logo\\\/image\\\/\",\"url\":\"https:\\\/\\\/atami.com\\\/wp-content\\\/uploads\\\/2026\\\/01\\\/Atami-logo-696x696px.webp\",\"contentUrl\":\"https:\\\/\\\/atami.com\\\/wp-content\\\/uploads\\\/2026\\\/01\\\/Atami-logo-696x696px.webp\",\"width\":696,\"height\":696,\"caption\":\"Atami\"},\"image\":{\"@id\":\"https:\\\/\\\/atami.com\\\/es#\\\/schema\\\/logo\\\/image\\\/\"},\"sameAs\":[\"https:\\\/\\\/www.facebook.com\\\/Atami.International\",\"https:\\\/\\\/x.com\\\/AtamiEU\",\"https:\\\/\\\/www.youtube.com\\\/c\\\/AtamiInternational\",\"https:\\\/\\\/www.instagram.com\\\/atami.international\\\/\"],\"description\":\"ATAMI is a premium plant nutrition & substrate brand founded in 1997 with the mission to make exceptional cultivation achievable for everyone. From legacy to license, we offer a wide variety of innovating award-winning products to let cultivators achieve maximum results in taste & yield.\",\"email\":\"info@mginnovations.es\",\"legalName\":\"Atami\",\"numberOfEmployees\":{\"@type\":\"QuantitativeValue\",\"minValue\":\"11\",\"maxValue\":\"50\"}}]}<\/script>\n<!-- \/ Yoast SEO Premium plugin. -->","yoast_head_json":{"title":"ATA NRG Upgrade | Fertilizante Org\u00e1nico de Liberaci\u00f3n Lenta","description":"\u00bfBuscas un fertilizante org\u00e1nico de acci\u00f3n prolongada? ATA NRG Upgrade mejora la salud del suelo y proporciona nutrientes esenciales a tus plantas durante semanas. \u00a1Ideal para cultivo sostenible y plantas fuertes!","robots":{"index":"index","follow":"follow","max-snippet":"max-snippet:-1","max-image-preview":"max-image-preview:large","max-video-preview":"max-video-preview:-1"},"canonical":"https:\/\/atami.com\/es\/producto\/ata-nrg-upgrade","og_locale":"es_ES","og_type":"article","og_title":"ATA NRG Upgrade","og_description":"\u00bfBuscas un fertilizante org\u00e1nico de acci\u00f3n prolongada? ATA NRG Upgrade mejora la salud del suelo y proporciona nutrientes esenciales a tus plantas durante semanas. \u00a1Ideal para cultivo sostenible y plantas fuertes!","og_url":"https:\/\/atami.com\/es\/producto\/ata-nrg-upgrade","og_site_name":"Atami","article_publisher":"https:\/\/www.facebook.com\/Atami.International","article_modified_time":"2025-11-07T15:55:29+00:00","og_image":[{"width":1080,"height":1080,"url":"https:\/\/atami.com\/wp-content\/uploads\/2023\/02\/ATA-NRG-Upgrade-Main-Image.webp","type":"image\/webp"}],"twitter_card":"summary_large_image","twitter_site":"@AtamiEU","twitter_misc":{"Tiempo de lectura":"1 minuto"},"schema":{"@context":"https:\/\/schema.org","@graph":[{"@type":"WebPage","@id":"https:\/\/atami.com\/es\/producto\/ata-nrg-upgrade","url":"https:\/\/atami.com\/es\/producto\/ata-nrg-upgrade","name":"ATA NRG Upgrade | Fertilizante Org\u00e1nico de Liberaci\u00f3n Lenta","isPartOf":{"@id":"https:\/\/atami.com\/es#website"},"primaryImageOfPage":{"@id":"https:\/\/atami.com\/es\/producto\/ata-nrg-upgrade#primaryimage"},"image":{"@id":"https:\/\/atami.com\/es\/producto\/ata-nrg-upgrade#primaryimage"},"thumbnailUrl":"https:\/\/atami.com\/wp-content\/uploads\/2023\/02\/ATA-NRG-Upgrade-Main-Image.webp","datePublished":"2023-02-10T07:45:16+00:00","dateModified":"2025-11-07T15:55:29+00:00","description":"\u00bfBuscas un fertilizante org\u00e1nico de acci\u00f3n prolongada? ATA NRG Upgrade mejora la salud del suelo y proporciona nutrientes esenciales a tus plantas durante semanas. \u00a1Ideal para cultivo sostenible y plantas fuertes!","breadcrumb":{"@id":"https:\/\/atami.com\/es\/producto\/ata-nrg-upgrade#breadcrumb"},"inLanguage":"es","potentialAction":[{"@type":"ReadAction","target":["https:\/\/atami.com\/es\/producto\/ata-nrg-upgrade"]}]},{"@type":"ImageObject","inLanguage":"es","@id":"https:\/\/atami.com\/es\/producto\/ata-nrg-upgrade#primaryimage","url":"https:\/\/atami.com\/wp-content\/uploads\/2023\/02\/ATA-NRG-Upgrade-Main-Image.webp","contentUrl":"https:\/\/atami.com\/wp-content\/uploads\/2023\/02\/ATA-NRG-Upgrade-Main-Image.webp","width":1080,"height":1080,"caption":"ATA NRG Upgrade enriquece su sustrato con nutrientes esenciales, promoviendo un desarrollo robusto de las plantas."},{"@type":"BreadcrumbList","@id":"https:\/\/atami.com\/es\/producto\/ata-nrg-upgrade#breadcrumb","itemListElement":[{"@type":"ListItem","position":1,"name":"Home","item":"https:\/\/atami.com\/es"},{"@type":"ListItem","position":2,"name":"Productos","item":"https:\/\/atami.com\/es\/shop"},{"@type":"ListItem","position":3,"name":"ATA NRG","item":"https:\/\/atami.com\/es\/categoria-producto\/marcas\/ata-nrg"},{"@type":"ListItem","position":4,"name":"ATA NRG Upgrade"}]},{"@type":"WebSite","@id":"https:\/\/atami.com\/es#website","url":"https:\/\/atami.com\/es","name":"Atami","description":"NATURALLY INNOVATING!","publisher":{"@id":"https:\/\/atami.com\/es#organization"},"potentialAction":[{"@type":"SearchAction","target":{"@type":"EntryPoint","urlTemplate":"https:\/\/atami.com\/es?s={search_term_string}"},"query-input":{"@type":"PropertyValueSpecification","valueRequired":true,"valueName":"search_term_string"}}],"inLanguage":"es"},{"@type":"Organization","@id":"https:\/\/atami.com\/es#organization","name":"Atami","url":"https:\/\/atami.com\/es","logo":{"@type":"ImageObject","inLanguage":"es","@id":"https:\/\/atami.com\/es#\/schema\/logo\/image\/","url":"https:\/\/atami.com\/wp-content\/uploads\/2026\/01\/Atami-logo-696x696px.webp","contentUrl":"https:\/\/atami.com\/wp-content\/uploads\/2026\/01\/Atami-logo-696x696px.webp","width":696,"height":696,"caption":"Atami"},"image":{"@id":"https:\/\/atami.com\/es#\/schema\/logo\/image\/"},"sameAs":["https:\/\/www.facebook.com\/Atami.International","https:\/\/x.com\/AtamiEU","https:\/\/www.youtube.com\/c\/AtamiInternational","https:\/\/www.instagram.com\/atami.international\/"],"description":"ATAMI is a premium plant nutrition & substrate brand founded in 1997 with the mission to make exceptional cultivation achievable for everyone. From legacy to license, we offer a wide variety of innovating award-winning products to let cultivators achieve maximum results in taste & yield.","email":"info@mginnovations.es","legalName":"Atami","numberOfEmployees":{"@type":"QuantitativeValue","minValue":"11","maxValue":"50"}}]}},"_links":{"self":[{"href":"https:\/\/atami.com\/es\/wp-json\/wp\/v2\/product\/22056","targetHints":{"allow":["GET"]}}],"collection":[{"href":"https:\/\/atami.com\/es\/wp-json\/wp\/v2\/product"}],"about":[{"href":"https:\/\/atami.com\/es\/wp-json\/wp\/v2\/types\/product"}],"replies":[{"embeddable":true,"href":"https:\/\/atami.com\/es\/wp-json\/wp\/v2\/comments?post=22056"}],"wp:featuredmedia":[{"embeddable":true,"href":"https:\/\/atami.com\/es\/wp-json\/wp\/v2\/media\/23917"}],"wp:attachment":[{"href":"https:\/\/atami.com\/es\/wp-json\/wp\/v2\/media?parent=22056"}],"wp:term":[{"taxonomy":"product_brand","embeddable":true,"href":"https:\/\/atami.com\/es\/wp-json\/wp\/v2\/product_brand?post=22056"},{"taxonomy":"product_cat","embeddable":true,"href":"https:\/\/atami.com\/es\/wp-json\/wp\/v2\/product_cat?post=22056"},{"taxonomy":"product_tag","embeddable":true,"href":"https:\/\/atami.com\/es\/wp-json\/wp\/v2\/product_tag?post=22056"}],"curies":[{"name":"wp","href":"https:\/\/api.w.org\/{rel}","templated":true}]}}