{"id":22051,"date":"2023-02-09T15:14:15","date_gmt":"2023-02-09T15:14:15","guid":{"rendered":"https:\/\/atami.com\/product\/ata-nrg-bloom-c\/"},"modified":"2025-11-07T17:55:06","modified_gmt":"2025-11-07T15:55:06","slug":"ata-nrg-bloom-c","status":"publish","type":"product","link":"https:\/\/atami.com\/es\/producto\/ata-nrg-bloom-c","title":{"rendered":"ATA NRG Bloom-C"},"content":{"rendered":"<p><strong>ATA NRG Bloom-C es un fertilizante org\u00e1nico-mineral l\u00edquido desarrollado especialmente para el per\u00edodo de floraci\u00f3n de la planta. ATA NRG Bloom-C es una gran nutrici\u00f3n para la formaci\u00f3n de flores y\/o de frutos debido a la proporci\u00f3n equilibrada de f\u00f3sforo y potasio.<\/strong><\/p>\n<p>&nbsp;<\/p>\n<p>Otros ingredientes importantes son los extractos de algas y de plantas marinas, enriquecidos con una gran cantidad de amino\u00e1cidos, oligoelementos, vitaminas, enzimas y hormonas vegetales. \u00a1Toda esta abundancia nutricional concentrada hace que ATA NRG Bloom-C sea imprescindible para todas las plantas en la fase de floraci\u00f3n!<\/p>\n<p>&nbsp;<\/p>\n<p><strong>ESPECIALMENTE APTO PARA<\/strong><br \/>\nDiferentes tipos de verduras y frutas como pimientos, guindillas, ar\u00e1ndanos. Tambi\u00e9n se puede utilizar para plantas ornamentales con flores (por ejemplo, begonia, arbusto de las mariposas).<\/p>\n<p>&nbsp;<\/p>\n<p><strong>USO<\/strong><br \/>\nA\u00f1adir desde el per\u00edodo de formaci\u00f3n de flores\/frutos. S\u00f3lo se puede combinar con calcio cuando el producto est\u00e1 disuelto. Utilizar ATA NRG Bloom-C para obtener un resultado \u00f3ptimo en combinaci\u00f3n con <span style=\"color: #00ccff;\"><a style=\"color: #00ccff;\" href=\"https:\/\/atami.com\/es\/producto\/ata-nrg-growth-c\/\">ATA NRG Growth-C<\/a><\/span>, <span style=\"color: #00ccff;\"><a style=\"color: #00ccff;\" href=\"https:\/\/atami.com\/es\/producto\/ata-nrg-flavor\/\">ATA NRG Flavor<\/a><\/span>,<span style=\"color: #00ccff;\"> <a style=\"color: #00ccff;\" href=\"https:\/\/atami.com\/es\/producto\/kilomix\/\">Atami Kilomix<\/a><\/span> y<span style=\"color: #00ccff;\"> <a style=\"color: #00ccff;\" href=\"https:\/\/atami.com\/es\/producto\/worm-delight\/\">Atami Worm Delight<\/a><\/span> (humus de lombriz). \u00a1No apto para sistemas de riego!<\/p>\n<p>&nbsp;<\/p>\n<p><strong>DOSIS<\/strong><br \/>\n1 \u2013 3 ml por litro de agua.<\/p>\n<p>&nbsp;<\/p>\n<p><strong>PK 17-13 W\/W<\/strong><\/p>\n<p>&nbsp;<\/p>\n<p><strong>DISPONIBLE EN 500ML, 1L Y 5L.<\/strong><\/p>\n","protected":false},"excerpt":{"rendered":"<p>Fase de floraci\u00f3n<\/p>\n","protected":false},"featured_media":23902,"comment_status":"closed","ping_status":"closed","template":"","meta":{"_acf_changed":false,"iawp_total_views":510},"product_brand":[],"product_cat":[223,221],"product_tag":[],"class_list":{"0":"post-22051","1":"product","2":"type-product","3":"status-publish","4":"has-post-thumbnail","6":"product_cat-ata-nrg","7":"product_cat-nutrientes-basicos","9":"first","10":"instock","11":"shipping-taxable","12":"product-type-simple"},"acf":{"short_description":"<p><strong>ATA NRG Bloom-C es un fertilizante org\u00e1nico-mineral l\u00edquido desarrollado especialmente para el per\u00edodo de floraci\u00f3n de la planta. ATA NRG Bloom-C es una gran nutrici\u00f3n para la formaci\u00f3n de flores y\/o de frutos debido a la proporci\u00f3n equilibrada de f\u00f3sforo y potasio.<\/strong><\/p><p>&nbsp;<\/p><p>Otros ingredientes importantes son los extractos de algas y de plantas marinas, enriquecidos con una gran cantidad de amino\u00e1cidos, oligoelementos, vitaminas, enzimas y hormonas vegetales. \u00a1Toda esta abundancia nutricional concentrada hace que ATA NRG Bloom-C sea imprescindible para todas las plantas en la fase de floraci\u00f3n!<\/p>","suitable_for":"<p>Diferentes tipos de verduras y frutas como pimientos, guindillas, ar\u00e1ndanos. Tambi\u00e9n se puede utilizar para plantas ornamentales con flores (por ejemplo, begonia, arbusto de las mariposas).<\/p>","application":"<p>A\u00f1adir desde el per\u00edodo de formaci\u00f3n de flores\/frutos. S\u00f3lo se puede combinar con calcio cuando el producto est\u00e1 disuelto. Utilizar ATA NRG Bloom-C para obtener un resultado \u00f3ptimo en combinaci\u00f3n con <strong><a href=\"https:\/\/atami.com\/es\/producto\/ata-nrg-growth-c\">ATA NRG Growth-C<\/a><\/strong>, <strong><a href=\"https:\/\/atami.com\/es\/producto\/ata-nrg-flavor\">ATA NRG Flavor<\/a><\/strong>,<strong> <a href=\"https:\/\/atami.com\/es\/producto\/kilomix\">Atami Kilomix<\/a><\/strong> y<strong> <a href=\"https:\/\/atami.com\/es\/producto\/worm-delight\">Atami Worm Delight<\/a><\/strong> (humus de lombriz). \u00a1No apto para sistemas de riego!<\/p>","dosage":"<p>1 \u2013 3 ml por litro de agua.<\/p>","npk_ratio":"<p>PK 17-13 W\/W<\/p>","available_in":"<p>500ML, 1L Y 5L<\/p>","icon_1":1951,"icon_1_text":"GRAN AUMENTO DEL RENDIMIENTO","icon_2":1955,"icon_2_text":"ALTAMENTE CONCENTRADO","icon_3":1959,"icon_3_text":"EFECTO POSITIVO SOBRE EL DESARROLLO GLOBAL DE LA PLANTA","icon_4":"","icon_4_text":"","video":"https:\/\/youtu.be\/PlJNaFOBX9g","second_image":1947,"product_image_page":18917,"user_manual":"","new_icon_1":"","new_icon_2":"","new_icon_3":"","new_icon_4":"","grow_guides":"","category":"Nutriente base"},"yoast_head":"<!-- This site is optimized with the Yoast SEO Premium plugin v27.5 (Yoast SEO v27.5) - https:\/\/yoast.com\/product\/yoast-seo-premium-wordpress\/ -->\n<title>ATA NRG Bloom-C | Potencia la Floraci\u00f3n con Nutrientes Org\u00e1nicos<\/title>\n<meta name=\"description\" content=\"Descubre ATA NRG Bloom-C, el estimulador perfecto para una floraci\u00f3n abundante y de alta calidad. Optimiza la nutrici\u00f3n de tus plantas y mejora tus cosechas. \u00a1Haz crecer flores vibrantes!\" \/>\n<meta name=\"robots\" content=\"index, follow, max-snippet:-1, max-image-preview:large, max-video-preview:-1\" \/>\n<link rel=\"canonical\" href=\"https:\/\/atami.com\/es\/producto\/ata-nrg-bloom-c\" \/>\n<meta property=\"og:locale\" content=\"es_ES\" \/>\n<meta property=\"og:type\" content=\"article\" \/>\n<meta property=\"og:title\" content=\"ATA NRG Bloom-C\" \/>\n<meta property=\"og:description\" content=\"Descubre ATA NRG Bloom-C, el estimulador perfecto para una floraci\u00f3n abundante y de alta calidad. Optimiza la nutrici\u00f3n de tus plantas y mejora tus cosechas. \u00a1Haz crecer flores vibrantes!\" \/>\n<meta property=\"og:url\" content=\"https:\/\/atami.com\/es\/producto\/ata-nrg-bloom-c\" \/>\n<meta property=\"og:site_name\" content=\"Atami\" \/>\n<meta property=\"article:publisher\" content=\"https:\/\/www.facebook.com\/Atami.International\" \/>\n<meta property=\"article:modified_time\" content=\"2025-11-07T15:55:06+00:00\" \/>\n<meta property=\"og:image\" content=\"https:\/\/atami.com\/wp-content\/uploads\/2023\/02\/ATA-NRG-Bloom-C-Main-Image.webp\" \/>\n\t<meta property=\"og:image:width\" content=\"1080\" \/>\n\t<meta property=\"og:image:height\" content=\"1080\" \/>\n\t<meta property=\"og:image:type\" content=\"image\/webp\" \/>\n<meta name=\"twitter:card\" content=\"summary_large_image\" \/>\n<meta name=\"twitter:site\" content=\"@AtamiEU\" \/>\n<meta name=\"twitter:label1\" content=\"Tiempo de lectura\" \/>\n\t<meta name=\"twitter:data1\" content=\"2 minutos\" \/>\n<script type=\"application\/ld+json\" class=\"yoast-schema-graph\">{\"@context\":\"https:\\\/\\\/schema.org\",\"@graph\":[{\"@type\":\"WebPage\",\"@id\":\"https:\\\/\\\/atami.com\\\/es\\\/producto\\\/ata-nrg-bloom-c\",\"url\":\"https:\\\/\\\/atami.com\\\/es\\\/producto\\\/ata-nrg-bloom-c\",\"name\":\"ATA NRG Bloom-C | Potencia la Floraci\u00f3n con Nutrientes Org\u00e1nicos\",\"isPartOf\":{\"@id\":\"https:\\\/\\\/atami.com\\\/es#website\"},\"primaryImageOfPage\":{\"@id\":\"https:\\\/\\\/atami.com\\\/es\\\/producto\\\/ata-nrg-bloom-c#primaryimage\"},\"image\":{\"@id\":\"https:\\\/\\\/atami.com\\\/es\\\/producto\\\/ata-nrg-bloom-c#primaryimage\"},\"thumbnailUrl\":\"https:\\\/\\\/atami.com\\\/wp-content\\\/uploads\\\/2023\\\/02\\\/ATA-NRG-Bloom-C-Main-Image.webp\",\"datePublished\":\"2023-02-09T15:14:15+00:00\",\"dateModified\":\"2025-11-07T15:55:06+00:00\",\"description\":\"Descubre ATA NRG Bloom-C, el estimulador perfecto para una floraci\u00f3n abundante y de alta calidad. Optimiza la nutrici\u00f3n de tus plantas y mejora tus cosechas. \u00a1Haz crecer flores vibrantes!\",\"breadcrumb\":{\"@id\":\"https:\\\/\\\/atami.com\\\/es\\\/producto\\\/ata-nrg-bloom-c#breadcrumb\"},\"inLanguage\":\"es\",\"potentialAction\":[{\"@type\":\"ReadAction\",\"target\":[\"https:\\\/\\\/atami.com\\\/es\\\/producto\\\/ata-nrg-bloom-c\"]}]},{\"@type\":\"ImageObject\",\"inLanguage\":\"es\",\"@id\":\"https:\\\/\\\/atami.com\\\/es\\\/producto\\\/ata-nrg-bloom-c#primaryimage\",\"url\":\"https:\\\/\\\/atami.com\\\/wp-content\\\/uploads\\\/2023\\\/02\\\/ATA-NRG-Bloom-C-Main-Image.webp\",\"contentUrl\":\"https:\\\/\\\/atami.com\\\/wp-content\\\/uploads\\\/2023\\\/02\\\/ATA-NRG-Bloom-C-Main-Image.webp\",\"width\":1080,\"height\":1080,\"caption\":\"ATA NRG Bloom-C ofrece una proporci\u00f3n equilibrada de potasio y f\u00f3sforo, lo que promueve un desarrollo robusto de flores y frutos.\"},{\"@type\":\"BreadcrumbList\",\"@id\":\"https:\\\/\\\/atami.com\\\/es\\\/producto\\\/ata-nrg-bloom-c#breadcrumb\",\"itemListElement\":[{\"@type\":\"ListItem\",\"position\":1,\"name\":\"Home\",\"item\":\"https:\\\/\\\/atami.com\\\/es\"},{\"@type\":\"ListItem\",\"position\":2,\"name\":\"Productos\",\"item\":\"https:\\\/\\\/atami.com\\\/es\\\/shop\"},{\"@type\":\"ListItem\",\"position\":3,\"name\":\"ATA NRG\",\"item\":\"https:\\\/\\\/atami.com\\\/es\\\/categoria-producto\\\/marcas\\\/ata-nrg\"},{\"@type\":\"ListItem\",\"position\":4,\"name\":\"ATA NRG Bloom-C\"}]},{\"@type\":\"WebSite\",\"@id\":\"https:\\\/\\\/atami.com\\\/es#website\",\"url\":\"https:\\\/\\\/atami.com\\\/es\",\"name\":\"Atami\",\"description\":\"NATURALLY INNOVATING!\",\"publisher\":{\"@id\":\"https:\\\/\\\/atami.com\\\/es#organization\"},\"potentialAction\":[{\"@type\":\"SearchAction\",\"target\":{\"@type\":\"EntryPoint\",\"urlTemplate\":\"https:\\\/\\\/atami.com\\\/es?s={search_term_string}\"},\"query-input\":{\"@type\":\"PropertyValueSpecification\",\"valueRequired\":true,\"valueName\":\"search_term_string\"}}],\"inLanguage\":\"es\"},{\"@type\":\"Organization\",\"@id\":\"https:\\\/\\\/atami.com\\\/es#organization\",\"name\":\"Atami\",\"url\":\"https:\\\/\\\/atami.com\\\/es\",\"logo\":{\"@type\":\"ImageObject\",\"inLanguage\":\"es\",\"@id\":\"https:\\\/\\\/atami.com\\\/es#\\\/schema\\\/logo\\\/image\\\/\",\"url\":\"https:\\\/\\\/atami.com\\\/wp-content\\\/uploads\\\/2026\\\/01\\\/Atami-logo-696x696px.webp\",\"contentUrl\":\"https:\\\/\\\/atami.com\\\/wp-content\\\/uploads\\\/2026\\\/01\\\/Atami-logo-696x696px.webp\",\"width\":696,\"height\":696,\"caption\":\"Atami\"},\"image\":{\"@id\":\"https:\\\/\\\/atami.com\\\/es#\\\/schema\\\/logo\\\/image\\\/\"},\"sameAs\":[\"https:\\\/\\\/www.facebook.com\\\/Atami.International\",\"https:\\\/\\\/x.com\\\/AtamiEU\",\"https:\\\/\\\/www.youtube.com\\\/c\\\/AtamiInternational\",\"https:\\\/\\\/www.instagram.com\\\/atami.international\\\/\"],\"description\":\"ATAMI is a premium plant nutrition & substrate brand founded in 1997 with the mission to make exceptional cultivation achievable for everyone. From legacy to license, we offer a wide variety of innovating award-winning products to let cultivators achieve maximum results in taste & yield.\",\"email\":\"info@mginnovations.es\",\"legalName\":\"Atami\",\"numberOfEmployees\":{\"@type\":\"QuantitativeValue\",\"minValue\":\"11\",\"maxValue\":\"50\"}}]}<\/script>\n<!-- \/ Yoast SEO Premium plugin. -->","yoast_head_json":{"title":"ATA NRG Bloom-C | Potencia la Floraci\u00f3n con Nutrientes Org\u00e1nicos","description":"Descubre ATA NRG Bloom-C, el estimulador perfecto para una floraci\u00f3n abundante y de alta calidad. Optimiza la nutrici\u00f3n de tus plantas y mejora tus cosechas. \u00a1Haz crecer flores vibrantes!","robots":{"index":"index","follow":"follow","max-snippet":"max-snippet:-1","max-image-preview":"max-image-preview:large","max-video-preview":"max-video-preview:-1"},"canonical":"https:\/\/atami.com\/es\/producto\/ata-nrg-bloom-c","og_locale":"es_ES","og_type":"article","og_title":"ATA NRG Bloom-C","og_description":"Descubre ATA NRG Bloom-C, el estimulador perfecto para una floraci\u00f3n abundante y de alta calidad. Optimiza la nutrici\u00f3n de tus plantas y mejora tus cosechas. \u00a1Haz crecer flores vibrantes!","og_url":"https:\/\/atami.com\/es\/producto\/ata-nrg-bloom-c","og_site_name":"Atami","article_publisher":"https:\/\/www.facebook.com\/Atami.International","article_modified_time":"2025-11-07T15:55:06+00:00","og_image":[{"width":1080,"height":1080,"url":"https:\/\/atami.com\/wp-content\/uploads\/2023\/02\/ATA-NRG-Bloom-C-Main-Image.webp","type":"image\/webp"}],"twitter_card":"summary_large_image","twitter_site":"@AtamiEU","twitter_misc":{"Tiempo de lectura":"2 minutos"},"schema":{"@context":"https:\/\/schema.org","@graph":[{"@type":"WebPage","@id":"https:\/\/atami.com\/es\/producto\/ata-nrg-bloom-c","url":"https:\/\/atami.com\/es\/producto\/ata-nrg-bloom-c","name":"ATA NRG Bloom-C | Potencia la Floraci\u00f3n con Nutrientes Org\u00e1nicos","isPartOf":{"@id":"https:\/\/atami.com\/es#website"},"primaryImageOfPage":{"@id":"https:\/\/atami.com\/es\/producto\/ata-nrg-bloom-c#primaryimage"},"image":{"@id":"https:\/\/atami.com\/es\/producto\/ata-nrg-bloom-c#primaryimage"},"thumbnailUrl":"https:\/\/atami.com\/wp-content\/uploads\/2023\/02\/ATA-NRG-Bloom-C-Main-Image.webp","datePublished":"2023-02-09T15:14:15+00:00","dateModified":"2025-11-07T15:55:06+00:00","description":"Descubre ATA NRG Bloom-C, el estimulador perfecto para una floraci\u00f3n abundante y de alta calidad. Optimiza la nutrici\u00f3n de tus plantas y mejora tus cosechas. \u00a1Haz crecer flores vibrantes!","breadcrumb":{"@id":"https:\/\/atami.com\/es\/producto\/ata-nrg-bloom-c#breadcrumb"},"inLanguage":"es","potentialAction":[{"@type":"ReadAction","target":["https:\/\/atami.com\/es\/producto\/ata-nrg-bloom-c"]}]},{"@type":"ImageObject","inLanguage":"es","@id":"https:\/\/atami.com\/es\/producto\/ata-nrg-bloom-c#primaryimage","url":"https:\/\/atami.com\/wp-content\/uploads\/2023\/02\/ATA-NRG-Bloom-C-Main-Image.webp","contentUrl":"https:\/\/atami.com\/wp-content\/uploads\/2023\/02\/ATA-NRG-Bloom-C-Main-Image.webp","width":1080,"height":1080,"caption":"ATA NRG Bloom-C ofrece una proporci\u00f3n equilibrada de potasio y f\u00f3sforo, lo que promueve un desarrollo robusto de flores y frutos."},{"@type":"BreadcrumbList","@id":"https:\/\/atami.com\/es\/producto\/ata-nrg-bloom-c#breadcrumb","itemListElement":[{"@type":"ListItem","position":1,"name":"Home","item":"https:\/\/atami.com\/es"},{"@type":"ListItem","position":2,"name":"Productos","item":"https:\/\/atami.com\/es\/shop"},{"@type":"ListItem","position":3,"name":"ATA NRG","item":"https:\/\/atami.com\/es\/categoria-producto\/marcas\/ata-nrg"},{"@type":"ListItem","position":4,"name":"ATA NRG Bloom-C"}]},{"@type":"WebSite","@id":"https:\/\/atami.com\/es#website","url":"https:\/\/atami.com\/es","name":"Atami","description":"NATURALLY INNOVATING!","publisher":{"@id":"https:\/\/atami.com\/es#organization"},"potentialAction":[{"@type":"SearchAction","target":{"@type":"EntryPoint","urlTemplate":"https:\/\/atami.com\/es?s={search_term_string}"},"query-input":{"@type":"PropertyValueSpecification","valueRequired":true,"valueName":"search_term_string"}}],"inLanguage":"es"},{"@type":"Organization","@id":"https:\/\/atami.com\/es#organization","name":"Atami","url":"https:\/\/atami.com\/es","logo":{"@type":"ImageObject","inLanguage":"es","@id":"https:\/\/atami.com\/es#\/schema\/logo\/image\/","url":"https:\/\/atami.com\/wp-content\/uploads\/2026\/01\/Atami-logo-696x696px.webp","contentUrl":"https:\/\/atami.com\/wp-content\/uploads\/2026\/01\/Atami-logo-696x696px.webp","width":696,"height":696,"caption":"Atami"},"image":{"@id":"https:\/\/atami.com\/es#\/schema\/logo\/image\/"},"sameAs":["https:\/\/www.facebook.com\/Atami.International","https:\/\/x.com\/AtamiEU","https:\/\/www.youtube.com\/c\/AtamiInternational","https:\/\/www.instagram.com\/atami.international\/"],"description":"ATAMI is a premium plant nutrition & substrate brand founded in 1997 with the mission to make exceptional cultivation achievable for everyone. From legacy to license, we offer a wide variety of innovating award-winning products to let cultivators achieve maximum results in taste & yield.","email":"info@mginnovations.es","legalName":"Atami","numberOfEmployees":{"@type":"QuantitativeValue","minValue":"11","maxValue":"50"}}]}},"_links":{"self":[{"href":"https:\/\/atami.com\/es\/wp-json\/wp\/v2\/product\/22051","targetHints":{"allow":["GET"]}}],"collection":[{"href":"https:\/\/atami.com\/es\/wp-json\/wp\/v2\/product"}],"about":[{"href":"https:\/\/atami.com\/es\/wp-json\/wp\/v2\/types\/product"}],"replies":[{"embeddable":true,"href":"https:\/\/atami.com\/es\/wp-json\/wp\/v2\/comments?post=22051"}],"wp:featuredmedia":[{"embeddable":true,"href":"https:\/\/atami.com\/es\/wp-json\/wp\/v2\/media\/23902"}],"wp:attachment":[{"href":"https:\/\/atami.com\/es\/wp-json\/wp\/v2\/media?parent=22051"}],"wp:term":[{"taxonomy":"product_brand","embeddable":true,"href":"https:\/\/atami.com\/es\/wp-json\/wp\/v2\/product_brand?post=22051"},{"taxonomy":"product_cat","embeddable":true,"href":"https:\/\/atami.com\/es\/wp-json\/wp\/v2\/product_cat?post=22051"},{"taxonomy":"product_tag","embeddable":true,"href":"https:\/\/atami.com\/es\/wp-json\/wp\/v2\/product_tag?post=22051"}],"curies":[{"name":"wp","href":"https:\/\/api.w.org\/{rel}","templated":true}]}}