{"id":22048,"date":"2023-02-09T12:23:23","date_gmt":"2023-02-09T12:23:23","guid":{"rendered":"https:\/\/atami.com\/product\/ata-nrg-growth-c\/"},"modified":"2025-11-07T17:54:41","modified_gmt":"2025-11-07T15:54:41","slug":"ata-nrg-growth-c","status":"publish","type":"product","link":"https:\/\/atami.com\/es\/producto\/ata-nrg-growth-c","title":{"rendered":"ATA NRG Growth-C"},"content":{"rendered":"<p><strong>Para el cultivador comprometido con el medio ambiente, este Booster es el complemento perfecto para optimizar el per\u00edodo de crecimiento y formar una planta fuerte y resistente.<\/strong><\/p>\n<p>&nbsp;<\/p>\n<p>A medida que el cultivo ecol\u00f3gico ha ganado popularidad, se ha desarrollado este fertilizante org\u00e1nico-mineral l\u00edquido. Tiene un efecto especialmente beneficioso sobre el desarrollo general de la planta y asegura un crecimiento robusto del tallo principal y de las ramas laterales.<\/p>\n<p>&nbsp;<\/p>\n<p><strong>ESPECIALMENTE APTO PARA<\/strong><br \/>\nDiferentes tipos de verduras, frutas y hierbas como lechuga, espinaca, repollo, pepinillos, cilantro, cebollinos, etc. La dosis requerida se puede medir para satisfacer las necesidades de las plantas individuales o de los cultivos.<\/p>\n<p>&nbsp;<\/p>\n<p><strong>USO<\/strong><br \/>\nA\u00f1adido a la soluci\u00f3n nutritiva o como spray foliar para prevenir o reparar deficiencias. Aplicable durante la fase de crecimiento y de floraci\u00f3n del cultivo. Apto para todos los sustratos y medios. \u00a1No apto para sistemas de riego!<\/p>\n<p>&nbsp;<\/p>\n<p><strong>DOSIS<\/strong><br \/>\nNutriente: 1 \u2013 5 ml por litro de agua.<br \/>\nSpray: 1 \u2013 3 ml por litro de agua (bajo las hojas de la planta).<\/p>\n<p>&nbsp;<\/p>\n<p><strong>NPK 2-3-5 W\/W<\/strong><\/p>\n<p>&nbsp;<\/p>\n<p><strong>DISPONIBLE EN 500ML, 1<\/strong><strong>L Y 5L.<\/strong><\/p>\n","protected":false},"excerpt":{"rendered":"<p>Fase de crecimiento<\/p>\n","protected":false},"featured_media":23887,"comment_status":"closed","ping_status":"closed","template":"","meta":{"_acf_changed":false,"iawp_total_views":457},"product_brand":[],"product_cat":[223,221],"product_tag":[],"class_list":{"0":"post-22048","1":"product","2":"type-product","3":"status-publish","4":"has-post-thumbnail","6":"product_cat-ata-nrg","7":"product_cat-nutrientes-basicos","9":"first","10":"instock","11":"shipping-taxable","12":"product-type-simple"},"acf":{"short_description":"<p><strong>Para el cultivador comprometido con el medio ambiente, este Booster es el complemento perfecto para optimizar el per\u00edodo de crecimiento y formar una planta fuerte y resistente.<\/strong><\/p><p>&nbsp;<\/p><p>A medida que el cultivo ecol\u00f3gico ha ganado popularidad, se ha desarrollado este fertilizante org\u00e1nico-mineral l\u00edquido. Tiene un efecto especialmente beneficioso sobre el desarrollo general de la planta y asegura un crecimiento robusto del tallo principal y de las ramas laterales.<\/p>","suitable_for":"<p>Diferentes tipos de verduras, frutas y hierbas como lechuga, espinaca, repollo, pepinillos, cilantro, cebollinos, etc. La dosis requerida se puede medir para satisfacer las necesidades de las plantas individuales o de los cultivos.<\/p>","application":"<p>A\u00f1adido a la soluci\u00f3n nutritiva o como spray foliar para prevenir o reparar deficiencias. Aplicable durante la fase de crecimiento y de floraci\u00f3n del cultivo. Apto para todos los sustratos y medios. \u00a1No apto para sistemas de riego!<\/p>","dosage":"<p>Nutriente: 1 \u2013 5 ml por litro de agua.<br \/>Spray: 1 \u2013 3 ml por litro de agua (bajo las hojas de la planta).<\/p>","npk_ratio":"<p>NPK 2-3-5 W\/W<\/p>","available_in":"<p>500ML, 1L Y 5L<\/p>","icon_1":1916,"icon_1_text":"GRAN AUMENTO DEL RENDIMIENTO","icon_2":1920,"icon_2_text":"ALTAMENTE CONCENTRADO","icon_3":1924,"icon_3_text":"APOYA A LOS MICROORGANISMOS EN LA TIERRA","icon_4":"","icon_4_text":"","video":"https:\/\/youtu.be\/dbp9_W1nRG8","second_image":4278,"product_image_page":4083,"user_manual":"","new_icon_1":"","new_icon_2":"","new_icon_3":"","new_icon_4":"","grow_guides":"","category":"Nutriente base"},"yoast_head":"<!-- This site is optimized with the Yoast SEO Premium plugin v27.5 (Yoast SEO v27.5) - https:\/\/yoast.com\/product\/yoast-seo-premium-wordpress\/ -->\n<title>ATA NRG Growth-C: Fertilizante ideal para un crecimiento r\u00e1pido y saludable<\/title>\n<meta name=\"description\" content=\"Potencia el crecimiento de tus plantas con ATA NRG Growth-C, un fertilizante especializado para un desarrollo vigoroso y saludable. Ideal para cultivos r\u00e1pidos y efectivos.\" \/>\n<meta name=\"robots\" content=\"index, follow, max-snippet:-1, max-image-preview:large, max-video-preview:-1\" \/>\n<link rel=\"canonical\" href=\"https:\/\/atami.com\/es\/producto\/ata-nrg-growth-c\" \/>\n<meta property=\"og:locale\" content=\"es_ES\" \/>\n<meta property=\"og:type\" content=\"article\" \/>\n<meta property=\"og:title\" content=\"ATA NRG Growth-C\" \/>\n<meta property=\"og:description\" content=\"Potencia el crecimiento de tus plantas con ATA NRG Growth-C, un fertilizante especializado para un desarrollo vigoroso y saludable. Ideal para cultivos r\u00e1pidos y efectivos.\" \/>\n<meta property=\"og:url\" content=\"https:\/\/atami.com\/es\/producto\/ata-nrg-growth-c\" \/>\n<meta property=\"og:site_name\" content=\"Atami\" \/>\n<meta property=\"article:publisher\" content=\"https:\/\/www.facebook.com\/Atami.International\" \/>\n<meta property=\"article:modified_time\" content=\"2025-11-07T15:54:41+00:00\" \/>\n<meta property=\"og:image\" content=\"https:\/\/atami.com\/wp-content\/uploads\/2023\/02\/ATA-NRG-Growth-C-Main-Image.webp\" \/>\n\t<meta property=\"og:image:width\" content=\"1080\" \/>\n\t<meta property=\"og:image:height\" content=\"1080\" \/>\n\t<meta property=\"og:image:type\" content=\"image\/webp\" \/>\n<meta name=\"twitter:card\" content=\"summary_large_image\" \/>\n<meta name=\"twitter:site\" content=\"@AtamiEU\" \/>\n<meta name=\"twitter:label1\" content=\"Tiempo de lectura\" \/>\n\t<meta name=\"twitter:data1\" content=\"1 minuto\" \/>\n<script type=\"application\/ld+json\" class=\"yoast-schema-graph\">{\"@context\":\"https:\\\/\\\/schema.org\",\"@graph\":[{\"@type\":\"WebPage\",\"@id\":\"https:\\\/\\\/atami.com\\\/es\\\/producto\\\/ata-nrg-growth-c\",\"url\":\"https:\\\/\\\/atami.com\\\/es\\\/producto\\\/ata-nrg-growth-c\",\"name\":\"ATA NRG Growth-C: Fertilizante ideal para un crecimiento r\u00e1pido y saludable\",\"isPartOf\":{\"@id\":\"https:\\\/\\\/atami.com\\\/es#website\"},\"primaryImageOfPage\":{\"@id\":\"https:\\\/\\\/atami.com\\\/es\\\/producto\\\/ata-nrg-growth-c#primaryimage\"},\"image\":{\"@id\":\"https:\\\/\\\/atami.com\\\/es\\\/producto\\\/ata-nrg-growth-c#primaryimage\"},\"thumbnailUrl\":\"https:\\\/\\\/atami.com\\\/wp-content\\\/uploads\\\/2023\\\/02\\\/ATA-NRG-Growth-C-Main-Image.webp\",\"datePublished\":\"2023-02-09T12:23:23+00:00\",\"dateModified\":\"2025-11-07T15:54:41+00:00\",\"description\":\"Potencia el crecimiento de tus plantas con ATA NRG Growth-C, un fertilizante especializado para un desarrollo vigoroso y saludable. Ideal para cultivos r\u00e1pidos y efectivos.\",\"breadcrumb\":{\"@id\":\"https:\\\/\\\/atami.com\\\/es\\\/producto\\\/ata-nrg-growth-c#breadcrumb\"},\"inLanguage\":\"es\",\"potentialAction\":[{\"@type\":\"ReadAction\",\"target\":[\"https:\\\/\\\/atami.com\\\/es\\\/producto\\\/ata-nrg-growth-c\"]}]},{\"@type\":\"ImageObject\",\"inLanguage\":\"es\",\"@id\":\"https:\\\/\\\/atami.com\\\/es\\\/producto\\\/ata-nrg-growth-c#primaryimage\",\"url\":\"https:\\\/\\\/atami.com\\\/wp-content\\\/uploads\\\/2023\\\/02\\\/ATA-NRG-Growth-C-Main-Image.webp\",\"contentUrl\":\"https:\\\/\\\/atami.com\\\/wp-content\\\/uploads\\\/2023\\\/02\\\/ATA-NRG-Growth-C-Main-Image.webp\",\"width\":1080,\"height\":1080,\"caption\":\"ATA NRG Growth-C promueve un desarrollo de plantas fuerte y robusto, mejorando el crecimiento de tallos y ramas.\"},{\"@type\":\"BreadcrumbList\",\"@id\":\"https:\\\/\\\/atami.com\\\/es\\\/producto\\\/ata-nrg-growth-c#breadcrumb\",\"itemListElement\":[{\"@type\":\"ListItem\",\"position\":1,\"name\":\"Home\",\"item\":\"https:\\\/\\\/atami.com\\\/es\"},{\"@type\":\"ListItem\",\"position\":2,\"name\":\"Productos\",\"item\":\"https:\\\/\\\/atami.com\\\/es\\\/shop\"},{\"@type\":\"ListItem\",\"position\":3,\"name\":\"ATA NRG\",\"item\":\"https:\\\/\\\/atami.com\\\/es\\\/categoria-producto\\\/marcas\\\/ata-nrg\"},{\"@type\":\"ListItem\",\"position\":4,\"name\":\"ATA NRG Growth-C\"}]},{\"@type\":\"WebSite\",\"@id\":\"https:\\\/\\\/atami.com\\\/es#website\",\"url\":\"https:\\\/\\\/atami.com\\\/es\",\"name\":\"Atami\",\"description\":\"NATURALLY INNOVATING!\",\"publisher\":{\"@id\":\"https:\\\/\\\/atami.com\\\/es#organization\"},\"potentialAction\":[{\"@type\":\"SearchAction\",\"target\":{\"@type\":\"EntryPoint\",\"urlTemplate\":\"https:\\\/\\\/atami.com\\\/es?s={search_term_string}\"},\"query-input\":{\"@type\":\"PropertyValueSpecification\",\"valueRequired\":true,\"valueName\":\"search_term_string\"}}],\"inLanguage\":\"es\"},{\"@type\":\"Organization\",\"@id\":\"https:\\\/\\\/atami.com\\\/es#organization\",\"name\":\"Atami\",\"url\":\"https:\\\/\\\/atami.com\\\/es\",\"logo\":{\"@type\":\"ImageObject\",\"inLanguage\":\"es\",\"@id\":\"https:\\\/\\\/atami.com\\\/es#\\\/schema\\\/logo\\\/image\\\/\",\"url\":\"https:\\\/\\\/atami.com\\\/wp-content\\\/uploads\\\/2026\\\/01\\\/Atami-logo-696x696px.webp\",\"contentUrl\":\"https:\\\/\\\/atami.com\\\/wp-content\\\/uploads\\\/2026\\\/01\\\/Atami-logo-696x696px.webp\",\"width\":696,\"height\":696,\"caption\":\"Atami\"},\"image\":{\"@id\":\"https:\\\/\\\/atami.com\\\/es#\\\/schema\\\/logo\\\/image\\\/\"},\"sameAs\":[\"https:\\\/\\\/www.facebook.com\\\/Atami.International\",\"https:\\\/\\\/x.com\\\/AtamiEU\",\"https:\\\/\\\/www.youtube.com\\\/c\\\/AtamiInternational\",\"https:\\\/\\\/www.instagram.com\\\/atami.international\\\/\"],\"description\":\"ATAMI is a premium plant nutrition & substrate brand founded in 1997 with the mission to make exceptional cultivation achievable for everyone. From legacy to license, we offer a wide variety of innovating award-winning products to let cultivators achieve maximum results in taste & yield.\",\"email\":\"info@mginnovations.es\",\"legalName\":\"Atami\",\"numberOfEmployees\":{\"@type\":\"QuantitativeValue\",\"minValue\":\"11\",\"maxValue\":\"50\"}}]}<\/script>\n<!-- \/ Yoast SEO Premium plugin. -->","yoast_head_json":{"title":"ATA NRG Growth-C: Fertilizante ideal para un crecimiento r\u00e1pido y saludable","description":"Potencia el crecimiento de tus plantas con ATA NRG Growth-C, un fertilizante especializado para un desarrollo vigoroso y saludable. Ideal para cultivos r\u00e1pidos y efectivos.","robots":{"index":"index","follow":"follow","max-snippet":"max-snippet:-1","max-image-preview":"max-image-preview:large","max-video-preview":"max-video-preview:-1"},"canonical":"https:\/\/atami.com\/es\/producto\/ata-nrg-growth-c","og_locale":"es_ES","og_type":"article","og_title":"ATA NRG Growth-C","og_description":"Potencia el crecimiento de tus plantas con ATA NRG Growth-C, un fertilizante especializado para un desarrollo vigoroso y saludable. Ideal para cultivos r\u00e1pidos y efectivos.","og_url":"https:\/\/atami.com\/es\/producto\/ata-nrg-growth-c","og_site_name":"Atami","article_publisher":"https:\/\/www.facebook.com\/Atami.International","article_modified_time":"2025-11-07T15:54:41+00:00","og_image":[{"width":1080,"height":1080,"url":"https:\/\/atami.com\/wp-content\/uploads\/2023\/02\/ATA-NRG-Growth-C-Main-Image.webp","type":"image\/webp"}],"twitter_card":"summary_large_image","twitter_site":"@AtamiEU","twitter_misc":{"Tiempo de lectura":"1 minuto"},"schema":{"@context":"https:\/\/schema.org","@graph":[{"@type":"WebPage","@id":"https:\/\/atami.com\/es\/producto\/ata-nrg-growth-c","url":"https:\/\/atami.com\/es\/producto\/ata-nrg-growth-c","name":"ATA NRG Growth-C: Fertilizante ideal para un crecimiento r\u00e1pido y saludable","isPartOf":{"@id":"https:\/\/atami.com\/es#website"},"primaryImageOfPage":{"@id":"https:\/\/atami.com\/es\/producto\/ata-nrg-growth-c#primaryimage"},"image":{"@id":"https:\/\/atami.com\/es\/producto\/ata-nrg-growth-c#primaryimage"},"thumbnailUrl":"https:\/\/atami.com\/wp-content\/uploads\/2023\/02\/ATA-NRG-Growth-C-Main-Image.webp","datePublished":"2023-02-09T12:23:23+00:00","dateModified":"2025-11-07T15:54:41+00:00","description":"Potencia el crecimiento de tus plantas con ATA NRG Growth-C, un fertilizante especializado para un desarrollo vigoroso y saludable. Ideal para cultivos r\u00e1pidos y efectivos.","breadcrumb":{"@id":"https:\/\/atami.com\/es\/producto\/ata-nrg-growth-c#breadcrumb"},"inLanguage":"es","potentialAction":[{"@type":"ReadAction","target":["https:\/\/atami.com\/es\/producto\/ata-nrg-growth-c"]}]},{"@type":"ImageObject","inLanguage":"es","@id":"https:\/\/atami.com\/es\/producto\/ata-nrg-growth-c#primaryimage","url":"https:\/\/atami.com\/wp-content\/uploads\/2023\/02\/ATA-NRG-Growth-C-Main-Image.webp","contentUrl":"https:\/\/atami.com\/wp-content\/uploads\/2023\/02\/ATA-NRG-Growth-C-Main-Image.webp","width":1080,"height":1080,"caption":"ATA NRG Growth-C promueve un desarrollo de plantas fuerte y robusto, mejorando el crecimiento de tallos y ramas."},{"@type":"BreadcrumbList","@id":"https:\/\/atami.com\/es\/producto\/ata-nrg-growth-c#breadcrumb","itemListElement":[{"@type":"ListItem","position":1,"name":"Home","item":"https:\/\/atami.com\/es"},{"@type":"ListItem","position":2,"name":"Productos","item":"https:\/\/atami.com\/es\/shop"},{"@type":"ListItem","position":3,"name":"ATA NRG","item":"https:\/\/atami.com\/es\/categoria-producto\/marcas\/ata-nrg"},{"@type":"ListItem","position":4,"name":"ATA NRG Growth-C"}]},{"@type":"WebSite","@id":"https:\/\/atami.com\/es#website","url":"https:\/\/atami.com\/es","name":"Atami","description":"NATURALLY INNOVATING!","publisher":{"@id":"https:\/\/atami.com\/es#organization"},"potentialAction":[{"@type":"SearchAction","target":{"@type":"EntryPoint","urlTemplate":"https:\/\/atami.com\/es?s={search_term_string}"},"query-input":{"@type":"PropertyValueSpecification","valueRequired":true,"valueName":"search_term_string"}}],"inLanguage":"es"},{"@type":"Organization","@id":"https:\/\/atami.com\/es#organization","name":"Atami","url":"https:\/\/atami.com\/es","logo":{"@type":"ImageObject","inLanguage":"es","@id":"https:\/\/atami.com\/es#\/schema\/logo\/image\/","url":"https:\/\/atami.com\/wp-content\/uploads\/2026\/01\/Atami-logo-696x696px.webp","contentUrl":"https:\/\/atami.com\/wp-content\/uploads\/2026\/01\/Atami-logo-696x696px.webp","width":696,"height":696,"caption":"Atami"},"image":{"@id":"https:\/\/atami.com\/es#\/schema\/logo\/image\/"},"sameAs":["https:\/\/www.facebook.com\/Atami.International","https:\/\/x.com\/AtamiEU","https:\/\/www.youtube.com\/c\/AtamiInternational","https:\/\/www.instagram.com\/atami.international\/"],"description":"ATAMI is a premium plant nutrition & substrate brand founded in 1997 with the mission to make exceptional cultivation achievable for everyone. From legacy to license, we offer a wide variety of innovating award-winning products to let cultivators achieve maximum results in taste & yield.","email":"info@mginnovations.es","legalName":"Atami","numberOfEmployees":{"@type":"QuantitativeValue","minValue":"11","maxValue":"50"}}]}},"_links":{"self":[{"href":"https:\/\/atami.com\/es\/wp-json\/wp\/v2\/product\/22048","targetHints":{"allow":["GET"]}}],"collection":[{"href":"https:\/\/atami.com\/es\/wp-json\/wp\/v2\/product"}],"about":[{"href":"https:\/\/atami.com\/es\/wp-json\/wp\/v2\/types\/product"}],"replies":[{"embeddable":true,"href":"https:\/\/atami.com\/es\/wp-json\/wp\/v2\/comments?post=22048"}],"wp:featuredmedia":[{"embeddable":true,"href":"https:\/\/atami.com\/es\/wp-json\/wp\/v2\/media\/23887"}],"wp:attachment":[{"href":"https:\/\/atami.com\/es\/wp-json\/wp\/v2\/media?parent=22048"}],"wp:term":[{"taxonomy":"product_brand","embeddable":true,"href":"https:\/\/atami.com\/es\/wp-json\/wp\/v2\/product_brand?post=22048"},{"taxonomy":"product_cat","embeddable":true,"href":"https:\/\/atami.com\/es\/wp-json\/wp\/v2\/product_cat?post=22048"},{"taxonomy":"product_tag","embeddable":true,"href":"https:\/\/atami.com\/es\/wp-json\/wp\/v2\/product_tag?post=22048"}],"curies":[{"name":"wp","href":"https:\/\/api.w.org\/{rel}","templated":true}]}}